{"id":464,"date":"2021-04-14T09:47:12","date_gmt":"2021-04-14T08:47:12","guid":{"rendered":"https:\/\/cozyanddozy.com\/fr\/product\/water-resistant-tipi-tent-outdoor-tipi-green-grass\/"},"modified":"2025-01-29T22:27:16","modified_gmt":"2025-01-29T21:27:16","slug":"tente-tipi-exterieure-tente-impermeable-a-leau-green-grass","status":"publish","type":"product","link":"https:\/\/cozyanddozy.com\/fr\/produit\/tente-tipi-exterieure-tente-impermeable-a-leau-green-grass\/","title":{"rendered":"Tipi enfant ext\u00e9rieure, tente imperm\u00e9able \u00e0 l&#8217;eau Green Grass"},"content":{"rendered":"<h3>Tente tipi imperm\u00e9able pour jouer. Tipi de jardin de Cozy &amp; Dozy.<\/h3>\n<p>La tente de jardin est fabriqu\u00e9e en tissu PREMIUM imperm\u00e9able, gr\u00e2ce auquel elle n&#8217;absorbe pas l&#8217;eau et convient pour jouer dans la cour. La tente ext\u00e9rieure est facile \u00e0 nettoyer. La tente tipi pour enfants a quatre c\u00f4t\u00e9s et un sol r\u00e9sistant \u00e0 l&#8217;eau cousu ainsi que deux fen\u00eatres qui s&#8217;ouvrent avec un store,\u00a0drapeaux d\u00e9coratifset une poche pour les jouets.<\/p>\n<p>Le cottage tipi a un ensemble de b\u00e2tons de pin pli\u00e9s. Tous les \u00e9l\u00e9ments en tissu sont lavables en machine. Une tente pour enfants est facile \u00e0 replier et ne prend pas beaucoup de place.<\/p>\n<p>Tous les mod\u00e8les sont con\u00e7us par nos soins et nous vous garantissons l\u2019obtention d\u2019un produit unique et de la meilleure qualit\u00e9. Les tentes tipi indiennes sont cr\u00e9\u00e9es \u00e0 l&#8217;aide de m\u00e9thodes artisanales, \u00e0 partir de tissus sans danger pour les enfants d&#8217;Europe et poss\u00e9dant le certificat de qualit\u00e9.<\/p>\n<h3>L&#8217;ensemble de jardin de Cozy &amp; Dozy comprend:<\/h3>\n<ul>\n<li><strong>tipi<\/strong> (couleurs au choix: rose clair, gris chaud)<\/li>\n<li><strong>4 flags<\/strong><\/li>\n<li><strong>Stabilisateur<\/strong>\u00a0(emp\u00eache le cadre de bouger)<\/li>\n<li>4 b\u00e2tons en bois de pin naturel (cadre)<\/li>\n<\/ul>\n","protected":false},"excerpt":{"rendered":"<p>Tente tipi pour jouer dans la cour. Tipi en tissu imperm\u00e9able dans un ensemble avec une guirlande, des b\u00e2tons et un stabilisateur. Une tente de jeu avec deux fen\u00eatres et une poche pour les petits jouets.<\/p>\n","protected":false},"featured_media":465,"comment_status":"open","ping_status":"closed","template":"","meta":[],"product_brand":[],"product_cat":[16],"product_tag":[24],"class_list":{"0":"post-464","1":"product","2":"type-product","3":"status-publish","4":"has-post-thumbnail","6":"product_cat-tentes-tipi","7":"product_tag-pla","9":"first","10":"instock","11":"sale","12":"product-type-simple"},"yoast_head":"<!-- This site is optimized with the Yoast SEO Premium plugin v21.9 (Yoast SEO v27.0) - https:\/\/yoast.com\/product\/yoast-seo-premium-wordpress\/ -->\n<title>Tipi enfant ext\u00e9rieure, tente imperm\u00e9able \u00e0 l&#039;eau Green Grass - Cozy &amp; Dozy<\/title>\n<meta name=\"description\" content=\"Tente tipi pour jouer dans la cour. Tipi en tissu imperm\u00e9able dans un ensemble avec une guirlande, des b\u00e2tons et un stabilisateur\" \/>\n<meta name=\"robots\" content=\"index, follow, max-snippet:-1, max-image-preview:large, max-video-preview:-1\" \/>\n<link rel=\"canonical\" href=\"https:\/\/cozyanddozy.com\/fr\/produit\/tente-tipi-exterieure-tente-impermeable-a-leau-green-grass\/\" \/>\n<meta property=\"og:locale\" content=\"fr_FR\" \/>\n<meta property=\"og:type\" content=\"article\" \/>\n<meta property=\"og:title\" content=\"Tipi enfant ext\u00e9rieure, tente imperm\u00e9able \u00e0 l&#039;eau Green Grass\" \/>\n<meta property=\"og:description\" content=\"Tente tipi pour jouer dans la cour. Tipi en tissu imperm\u00e9able dans un ensemble avec une guirlande, des b\u00e2tons et un stabilisateur\" \/>\n<meta property=\"og:url\" content=\"https:\/\/cozyanddozy.com\/fr\/produit\/tente-tipi-exterieure-tente-impermeable-a-leau-green-grass\/\" \/>\n<meta property=\"og:site_name\" content=\"Cozy &amp; Dozy\" \/>\n<meta property=\"article:publisher\" content=\"https:\/\/www.facebook.com\/cozyanddozyshop\" \/>\n<meta property=\"article:modified_time\" content=\"2025-01-29T21:27:16+00:00\" \/>\n<meta property=\"og:image\" content=\"https:\/\/cozyanddozy.com\/fr\/wp-content\/uploads\/2023\/02\/kids_tipi_tent_Garden_Green_s1.jpg\" \/>\n\t<meta property=\"og:image:width\" content=\"1200\" \/>\n\t<meta property=\"og:image:height\" content=\"1200\" \/>\n\t<meta property=\"og:image:type\" content=\"image\/jpeg\" \/>\n<meta name=\"twitter:card\" content=\"summary_large_image\" \/>\n<meta name=\"twitter:label1\" content=\"Prix\" \/>\n\t<meta name=\"twitter:data1\" content=\"89,00&nbsp;&euro;\" \/>\n\t<meta name=\"twitter:label2\" content=\"Disponibilit\u00e9\" \/>\n\t<meta name=\"twitter:data2\" content=\"En stock\" \/>\n<script type=\"application\/ld+json\" class=\"yoast-schema-graph\">{\"@context\":\"https:\/\/schema.org\",\"@graph\":[{\"@type\":\"WebPage\",\"@id\":\"https:\/\/cozyanddozy.com\/fr\/produit\/tente-tipi-exterieure-tente-impermeable-a-leau-green-grass\/\",\"url\":\"https:\/\/cozyanddozy.com\/fr\/produit\/tente-tipi-exterieure-tente-impermeable-a-leau-green-grass\/\",\"name\":\"Tipi enfant ext\u00e9rieure, tente imperm\u00e9able \u00e0 l'eau Green Grass - Cozy & Dozy\",\"isPartOf\":{\"@id\":\"https:\/\/cozyanddozy.com\/fr\/#website\"},\"primaryImageOfPage\":{\"@id\":\"https:\/\/cozyanddozy.com\/fr\/produit\/tente-tipi-exterieure-tente-impermeable-a-leau-green-grass\/#primaryimage\"},\"image\":{\"@id\":\"https:\/\/cozyanddozy.com\/fr\/produit\/tente-tipi-exterieure-tente-impermeable-a-leau-green-grass\/#primaryimage\"},\"thumbnailUrl\":\"https:\/\/cozyanddozy.com\/fr\/wp-content\/uploads\/2023\/02\/kids_tipi_tent_Garden_Green_s1.jpg\",\"datePublished\":\"2021-04-14T08:47:12+00:00\",\"dateModified\":\"2025-01-29T21:27:16+00:00\",\"description\":\"Tente tipi pour jouer dans la cour. Tipi en tissu imperm\u00e9able dans un ensemble avec une guirlande, des b\u00e2tons et un stabilisateur\",\"breadcrumb\":{\"@id\":\"https:\/\/cozyanddozy.com\/fr\/produit\/tente-tipi-exterieure-tente-impermeable-a-leau-green-grass\/#breadcrumb\"},\"inLanguage\":\"fr-FR\",\"potentialAction\":[{\"@type\":\"ReadAction\",\"target\":[\"https:\/\/cozyanddozy.com\/fr\/produit\/tente-tipi-exterieure-tente-impermeable-a-leau-green-grass\/\"]}]},{\"@type\":\"ImageObject\",\"inLanguage\":\"fr-FR\",\"@id\":\"https:\/\/cozyanddozy.com\/fr\/produit\/tente-tipi-exterieure-tente-impermeable-a-leau-green-grass\/#primaryimage\",\"url\":\"https:\/\/cozyanddozy.com\/fr\/wp-content\/uploads\/2023\/02\/kids_tipi_tent_Garden_Green_s1.jpg\",\"contentUrl\":\"https:\/\/cozyanddozy.com\/fr\/wp-content\/uploads\/2023\/02\/kids_tipi_tent_Garden_Green_s1.jpg\",\"width\":1200,\"height\":1200,\"caption\":\"kids_tipi_tent_Garden_Green_s1\"},{\"@type\":\"BreadcrumbList\",\"@id\":\"https:\/\/cozyanddozy.com\/fr\/produit\/tente-tipi-exterieure-tente-impermeable-a-leau-green-grass\/#breadcrumb\",\"itemListElement\":[{\"@type\":\"ListItem\",\"position\":1,\"name\":\"Home\",\"item\":\"https:\/\/cozyanddozy.com\/fr\/\"},{\"@type\":\"ListItem\",\"position\":2,\"name\":\"Boutique\",\"item\":\"https:\/\/cozyanddozy.com\/fr\/boutique\/\"},{\"@type\":\"ListItem\",\"position\":3,\"name\":\"Tipi enfant ext\u00e9rieure, tente imperm\u00e9able \u00e0 l&#8217;eau Green Grass\"}]},{\"@type\":\"WebSite\",\"@id\":\"https:\/\/cozyanddozy.com\/fr\/#website\",\"url\":\"https:\/\/cozyanddozy.com\/fr\/\",\"name\":\"Cozy & Dozy\",\"description\":\"\",\"publisher\":{\"@id\":\"https:\/\/cozyanddozy.com\/fr\/#organization\"},\"alternateName\":\"Cozy and Dozy\",\"potentialAction\":[{\"@type\":\"SearchAction\",\"target\":{\"@type\":\"EntryPoint\",\"urlTemplate\":\"https:\/\/cozyanddozy.com\/fr\/?s={search_term_string}\"},\"query-input\":{\"@type\":\"PropertyValueSpecification\",\"valueRequired\":true,\"valueName\":\"search_term_string\"}}],\"inLanguage\":\"fr-FR\"},{\"@type\":\"Organization\",\"@id\":\"https:\/\/cozyanddozy.com\/fr\/#organization\",\"name\":\"Cozy & Dozy\",\"url\":\"https:\/\/cozyanddozy.com\/fr\/\",\"logo\":{\"@type\":\"ImageObject\",\"inLanguage\":\"fr-FR\",\"@id\":\"https:\/\/cozyanddozy.com\/fr\/#\/schema\/logo\/image\/\",\"url\":\"https:\/\/cozyanddozy.com\/fr\/wp-content\/uploads\/2023\/02\/cozyanddozy_logo_b.png\",\"contentUrl\":\"https:\/\/cozyanddozy.com\/fr\/wp-content\/uploads\/2023\/02\/cozyanddozy_logo_b.png\",\"width\":314,\"height\":85,\"caption\":\"Cozy & Dozy\"},\"image\":{\"@id\":\"https:\/\/cozyanddozy.com\/fr\/#\/schema\/logo\/image\/\"},\"sameAs\":[\"https:\/\/www.facebook.com\/cozyanddozyshop\",\"https:\/\/www.instagram.com\/cozyanddozy\/\"]}]}<\/script>\n<meta property=\"product:price:amount\" content=\"89.00\" \/>\n<meta property=\"product:price:currency\" content=\"EUR\" \/>\n<meta property=\"og:availability\" content=\"instock\" \/>\n<meta property=\"product:availability\" content=\"instock\" \/>\n<meta property=\"product:retailer_item_id\" content=\"5902701495077\" \/>\n<meta property=\"product:condition\" content=\"new\" \/>\n<!-- \/ Yoast SEO Premium plugin. -->","yoast_head_json":{"title":"Tipi enfant ext\u00e9rieure, tente imperm\u00e9able \u00e0 l'eau Green Grass - Cozy & Dozy","description":"Tente tipi pour jouer dans la cour. Tipi en tissu imperm\u00e9able dans un ensemble avec une guirlande, des b\u00e2tons et un stabilisateur","robots":{"index":"index","follow":"follow","max-snippet":"max-snippet:-1","max-image-preview":"max-image-preview:large","max-video-preview":"max-video-preview:-1"},"canonical":"https:\/\/cozyanddozy.com\/fr\/produit\/tente-tipi-exterieure-tente-impermeable-a-leau-green-grass\/","og_locale":"fr_FR","og_type":"article","og_title":"Tipi enfant ext\u00e9rieure, tente imperm\u00e9able \u00e0 l'eau Green Grass","og_description":"Tente tipi pour jouer dans la cour. Tipi en tissu imperm\u00e9able dans un ensemble avec une guirlande, des b\u00e2tons et un stabilisateur","og_url":"https:\/\/cozyanddozy.com\/fr\/produit\/tente-tipi-exterieure-tente-impermeable-a-leau-green-grass\/","og_site_name":"Cozy &amp; Dozy","article_publisher":"https:\/\/www.facebook.com\/cozyanddozyshop","article_modified_time":"2025-01-29T21:27:16+00:00","og_image":[{"width":1200,"height":1200,"url":"https:\/\/cozyanddozy.com\/fr\/wp-content\/uploads\/2023\/02\/kids_tipi_tent_Garden_Green_s1.jpg","type":"image\/jpeg"}],"twitter_card":"summary_large_image","twitter_misc":{"Prix":"89,00&nbsp;&euro;","Disponibilit\u00e9":"En stock"},"schema":{"@context":"https:\/\/schema.org","@graph":[{"@type":"WebPage","@id":"https:\/\/cozyanddozy.com\/fr\/produit\/tente-tipi-exterieure-tente-impermeable-a-leau-green-grass\/","url":"https:\/\/cozyanddozy.com\/fr\/produit\/tente-tipi-exterieure-tente-impermeable-a-leau-green-grass\/","name":"Tipi enfant ext\u00e9rieure, tente imperm\u00e9able \u00e0 l'eau Green Grass - Cozy & Dozy","isPartOf":{"@id":"https:\/\/cozyanddozy.com\/fr\/#website"},"primaryImageOfPage":{"@id":"https:\/\/cozyanddozy.com\/fr\/produit\/tente-tipi-exterieure-tente-impermeable-a-leau-green-grass\/#primaryimage"},"image":{"@id":"https:\/\/cozyanddozy.com\/fr\/produit\/tente-tipi-exterieure-tente-impermeable-a-leau-green-grass\/#primaryimage"},"thumbnailUrl":"https:\/\/cozyanddozy.com\/fr\/wp-content\/uploads\/2023\/02\/kids_tipi_tent_Garden_Green_s1.jpg","datePublished":"2021-04-14T08:47:12+00:00","dateModified":"2025-01-29T21:27:16+00:00","description":"Tente tipi pour jouer dans la cour. Tipi en tissu imperm\u00e9able dans un ensemble avec une guirlande, des b\u00e2tons et un stabilisateur","breadcrumb":{"@id":"https:\/\/cozyanddozy.com\/fr\/produit\/tente-tipi-exterieure-tente-impermeable-a-leau-green-grass\/#breadcrumb"},"inLanguage":"fr-FR","potentialAction":[{"@type":"ReadAction","target":["https:\/\/cozyanddozy.com\/fr\/produit\/tente-tipi-exterieure-tente-impermeable-a-leau-green-grass\/"]}]},{"@type":"ImageObject","inLanguage":"fr-FR","@id":"https:\/\/cozyanddozy.com\/fr\/produit\/tente-tipi-exterieure-tente-impermeable-a-leau-green-grass\/#primaryimage","url":"https:\/\/cozyanddozy.com\/fr\/wp-content\/uploads\/2023\/02\/kids_tipi_tent_Garden_Green_s1.jpg","contentUrl":"https:\/\/cozyanddozy.com\/fr\/wp-content\/uploads\/2023\/02\/kids_tipi_tent_Garden_Green_s1.jpg","width":1200,"height":1200,"caption":"kids_tipi_tent_Garden_Green_s1"},{"@type":"BreadcrumbList","@id":"https:\/\/cozyanddozy.com\/fr\/produit\/tente-tipi-exterieure-tente-impermeable-a-leau-green-grass\/#breadcrumb","itemListElement":[{"@type":"ListItem","position":1,"name":"Home","item":"https:\/\/cozyanddozy.com\/fr\/"},{"@type":"ListItem","position":2,"name":"Boutique","item":"https:\/\/cozyanddozy.com\/fr\/boutique\/"},{"@type":"ListItem","position":3,"name":"Tipi enfant ext\u00e9rieure, tente imperm\u00e9able \u00e0 l&#8217;eau Green Grass"}]},{"@type":"WebSite","@id":"https:\/\/cozyanddozy.com\/fr\/#website","url":"https:\/\/cozyanddozy.com\/fr\/","name":"Cozy & Dozy","description":"","publisher":{"@id":"https:\/\/cozyanddozy.com\/fr\/#organization"},"alternateName":"Cozy and Dozy","potentialAction":[{"@type":"SearchAction","target":{"@type":"EntryPoint","urlTemplate":"https:\/\/cozyanddozy.com\/fr\/?s={search_term_string}"},"query-input":{"@type":"PropertyValueSpecification","valueRequired":true,"valueName":"search_term_string"}}],"inLanguage":"fr-FR"},{"@type":"Organization","@id":"https:\/\/cozyanddozy.com\/fr\/#organization","name":"Cozy & Dozy","url":"https:\/\/cozyanddozy.com\/fr\/","logo":{"@type":"ImageObject","inLanguage":"fr-FR","@id":"https:\/\/cozyanddozy.com\/fr\/#\/schema\/logo\/image\/","url":"https:\/\/cozyanddozy.com\/fr\/wp-content\/uploads\/2023\/02\/cozyanddozy_logo_b.png","contentUrl":"https:\/\/cozyanddozy.com\/fr\/wp-content\/uploads\/2023\/02\/cozyanddozy_logo_b.png","width":314,"height":85,"caption":"Cozy & Dozy"},"image":{"@id":"https:\/\/cozyanddozy.com\/fr\/#\/schema\/logo\/image\/"},"sameAs":["https:\/\/www.facebook.com\/cozyanddozyshop","https:\/\/www.instagram.com\/cozyanddozy\/"]}]},"product_price_amount":"89.00","product_price_currency":"EUR","og_availability":"instock","product_availability":"instock","product_retailer_item_id":"5902701495077","product_condition":"new"},"_links":{"self":[{"href":"https:\/\/cozyanddozy.com\/fr\/wp-json\/wp\/v2\/product\/464","targetHints":{"allow":["GET"]}}],"collection":[{"href":"https:\/\/cozyanddozy.com\/fr\/wp-json\/wp\/v2\/product"}],"about":[{"href":"https:\/\/cozyanddozy.com\/fr\/wp-json\/wp\/v2\/types\/product"}],"replies":[{"embeddable":true,"href":"https:\/\/cozyanddozy.com\/fr\/wp-json\/wp\/v2\/comments?post=464"}],"wp:featuredmedia":[{"embeddable":true,"href":"https:\/\/cozyanddozy.com\/fr\/wp-json\/wp\/v2\/media\/465"}],"wp:attachment":[{"href":"https:\/\/cozyanddozy.com\/fr\/wp-json\/wp\/v2\/media?parent=464"}],"wp:term":[{"taxonomy":"product_brand","embeddable":true,"href":"https:\/\/cozyanddozy.com\/fr\/wp-json\/wp\/v2\/product_brand?post=464"},{"taxonomy":"product_cat","embeddable":true,"href":"https:\/\/cozyanddozy.com\/fr\/wp-json\/wp\/v2\/product_cat?post=464"},{"taxonomy":"product_tag","embeddable":true,"href":"https:\/\/cozyanddozy.com\/fr\/wp-json\/wp\/v2\/product_tag?post=464"}],"curies":[{"name":"wp","href":"https:\/\/api.w.org\/{rel}","templated":true}]}}