{"id":448,"date":"2020-10-21T18:36:04","date_gmt":"2020-10-21T17:36:04","guid":{"rendered":"https:\/\/cozyanddozy.com\/fr\/product\/childrens-teepee-tent-with-pillows-and-mat-sage\/"},"modified":"2025-01-29T22:27:48","modified_gmt":"2025-01-29T21:27:48","slug":"tente-tipi-avec-tapis-et-oreillers-teepee-sage","status":"publish","type":"product","link":"https:\/\/cozyanddozy.com\/fr\/produit\/tente-tipi-avec-tapis-et-oreillers-teepee-sage\/","title":{"rendered":"Tente tipi avec tapis et oreillers, Teepee Sage"},"content":{"rendered":"<p><strong>La tente de jeu Teepee de la s\u00e9rie Sage est un endroit confortable pour jouer \u00e0 la maison. Le tipi indien de Cozyshop est une garantie de grand plaisir et de la meilleure qualit\u00e9.<\/strong><\/p>\n<p><strong>Wigwam de la s\u00e9rie Sage est une grande tente de 110 \u00d7 110 cm avec une poche et une fen\u00eatre, en coton premium r\u00e9sistant. L&#8217;entr\u00e9e de la tente est d\u00e9cor\u00e9e de pompons noirs.<\/strong><\/p>\n<p>L&#8217;ensemble tipi comprend:<\/p>\n<ul>\n<li>tente tipi<\/li>\n<li>tapis de jeu (couleur gris fonc\u00e9)<\/li>\n<li>deux oreillers, en forme d&#8217;\u00e9toile avec pompon noir<\/li>\n<li>4 b\u00e2tons de pin pliants + 4 connecteurs m\u00e9talliques<\/li>\n<li>instruction<\/li>\n<li>stabilisateur<\/li>\n<\/ul>\n","protected":false},"excerpt":{"rendered":"<p>Tente tipi en toile solide Premium, d\u00e9cor\u00e9e de pompons noirs, dans un ensemble avec deux oreillers et un tapis doux. Stabilisateur inclus.<\/p>\n","protected":false},"featured_media":449,"comment_status":"open","ping_status":"closed","template":"","meta":[],"product_brand":[],"product_cat":[16],"product_tag":[],"class_list":{"0":"post-448","1":"product","2":"type-product","3":"status-publish","4":"has-post-thumbnail","6":"product_cat-tentes-tipi","8":"first","9":"instock","10":"sale","11":"product-type-simple"},"yoast_head":"<!-- This site is optimized with the Yoast SEO Premium plugin v21.9 (Yoast SEO v27.0) - https:\/\/yoast.com\/product\/yoast-seo-premium-wordpress\/ -->\n<title>Tente tipi avec tapis et oreillers, Teepee Sage - Cozy &amp; Dozy<\/title>\n<meta name=\"description\" content=\"Tente tipi en toile solide Premium, d\u00e9cor\u00e9e de pompons noirs, dans un ensemble avec deux oreillers et un tapis doux. Stabilisateur inclus.\" \/>\n<meta name=\"robots\" content=\"index, follow, max-snippet:-1, max-image-preview:large, max-video-preview:-1\" \/>\n<link rel=\"canonical\" href=\"https:\/\/cozyanddozy.com\/fr\/produit\/tente-tipi-avec-tapis-et-oreillers-teepee-sage\/\" \/>\n<meta property=\"og:locale\" content=\"fr_FR\" \/>\n<meta property=\"og:type\" content=\"article\" \/>\n<meta property=\"og:title\" content=\"Tente tipi avec tapis et oreillers, Teepee Sage\" \/>\n<meta property=\"og:description\" content=\"Tente tipi en toile solide Premium, d\u00e9cor\u00e9e de pompons noirs, dans un ensemble avec deux oreillers et un tapis doux. Stabilisateur inclus.\" \/>\n<meta property=\"og:url\" content=\"https:\/\/cozyanddozy.com\/fr\/produit\/tente-tipi-avec-tapis-et-oreillers-teepee-sage\/\" \/>\n<meta property=\"og:site_name\" content=\"Cozy &amp; Dozy\" \/>\n<meta property=\"article:publisher\" content=\"https:\/\/www.facebook.com\/cozyanddozyshop\" \/>\n<meta property=\"article:modified_time\" content=\"2025-01-29T21:27:48+00:00\" \/>\n<meta property=\"og:image\" content=\"https:\/\/cozyanddozy.com\/fr\/wp-content\/uploads\/2023\/02\/pp-1125.jpg\" \/>\n\t<meta property=\"og:image:width\" content=\"1200\" \/>\n\t<meta property=\"og:image:height\" content=\"1200\" \/>\n\t<meta property=\"og:image:type\" content=\"image\/jpeg\" \/>\n<meta name=\"twitter:card\" content=\"summary_large_image\" \/>\n<meta name=\"twitter:label1\" content=\"Prix\" \/>\n\t<meta name=\"twitter:data1\" content=\"139,00&nbsp;&euro;\" \/>\n\t<meta name=\"twitter:label2\" content=\"Disponibilit\u00e9\" \/>\n\t<meta name=\"twitter:data2\" content=\"En stock\" \/>\n<script type=\"application\/ld+json\" class=\"yoast-schema-graph\">{\"@context\":\"https:\/\/schema.org\",\"@graph\":[{\"@type\":\"WebPage\",\"@id\":\"https:\/\/cozyanddozy.com\/fr\/produit\/tente-tipi-avec-tapis-et-oreillers-teepee-sage\/\",\"url\":\"https:\/\/cozyanddozy.com\/fr\/produit\/tente-tipi-avec-tapis-et-oreillers-teepee-sage\/\",\"name\":\"Tente tipi avec tapis et oreillers, Teepee Sage - Cozy & Dozy\",\"isPartOf\":{\"@id\":\"https:\/\/cozyanddozy.com\/fr\/#website\"},\"primaryImageOfPage\":{\"@id\":\"https:\/\/cozyanddozy.com\/fr\/produit\/tente-tipi-avec-tapis-et-oreillers-teepee-sage\/#primaryimage\"},\"image\":{\"@id\":\"https:\/\/cozyanddozy.com\/fr\/produit\/tente-tipi-avec-tapis-et-oreillers-teepee-sage\/#primaryimage\"},\"thumbnailUrl\":\"https:\/\/cozyanddozy.com\/fr\/wp-content\/uploads\/2023\/02\/pp-1125.jpg\",\"datePublished\":\"2020-10-21T17:36:04+00:00\",\"dateModified\":\"2025-01-29T21:27:48+00:00\",\"description\":\"Tente tipi en toile solide Premium, d\u00e9cor\u00e9e de pompons noirs, dans un ensemble avec deux oreillers et un tapis doux. Stabilisateur inclus.\",\"breadcrumb\":{\"@id\":\"https:\/\/cozyanddozy.com\/fr\/produit\/tente-tipi-avec-tapis-et-oreillers-teepee-sage\/#breadcrumb\"},\"inLanguage\":\"fr-FR\",\"potentialAction\":[{\"@type\":\"ReadAction\",\"target\":[\"https:\/\/cozyanddozy.com\/fr\/produit\/tente-tipi-avec-tapis-et-oreillers-teepee-sage\/\"]}]},{\"@type\":\"ImageObject\",\"inLanguage\":\"fr-FR\",\"@id\":\"https:\/\/cozyanddozy.com\/fr\/produit\/tente-tipi-avec-tapis-et-oreillers-teepee-sage\/#primaryimage\",\"url\":\"https:\/\/cozyanddozy.com\/fr\/wp-content\/uploads\/2023\/02\/pp-1125.jpg\",\"contentUrl\":\"https:\/\/cozyanddozy.com\/fr\/wp-content\/uploads\/2023\/02\/pp-1125.jpg\",\"width\":1200,\"height\":1200},{\"@type\":\"BreadcrumbList\",\"@id\":\"https:\/\/cozyanddozy.com\/fr\/produit\/tente-tipi-avec-tapis-et-oreillers-teepee-sage\/#breadcrumb\",\"itemListElement\":[{\"@type\":\"ListItem\",\"position\":1,\"name\":\"Home\",\"item\":\"https:\/\/cozyanddozy.com\/fr\/\"},{\"@type\":\"ListItem\",\"position\":2,\"name\":\"Boutique\",\"item\":\"https:\/\/cozyanddozy.com\/fr\/boutique\/\"},{\"@type\":\"ListItem\",\"position\":3,\"name\":\"Tente tipi avec tapis et oreillers, Teepee Sage\"}]},{\"@type\":\"WebSite\",\"@id\":\"https:\/\/cozyanddozy.com\/fr\/#website\",\"url\":\"https:\/\/cozyanddozy.com\/fr\/\",\"name\":\"Cozy & Dozy\",\"description\":\"\",\"publisher\":{\"@id\":\"https:\/\/cozyanddozy.com\/fr\/#organization\"},\"alternateName\":\"Cozy and Dozy\",\"potentialAction\":[{\"@type\":\"SearchAction\",\"target\":{\"@type\":\"EntryPoint\",\"urlTemplate\":\"https:\/\/cozyanddozy.com\/fr\/?s={search_term_string}\"},\"query-input\":{\"@type\":\"PropertyValueSpecification\",\"valueRequired\":true,\"valueName\":\"search_term_string\"}}],\"inLanguage\":\"fr-FR\"},{\"@type\":\"Organization\",\"@id\":\"https:\/\/cozyanddozy.com\/fr\/#organization\",\"name\":\"Cozy & Dozy\",\"url\":\"https:\/\/cozyanddozy.com\/fr\/\",\"logo\":{\"@type\":\"ImageObject\",\"inLanguage\":\"fr-FR\",\"@id\":\"https:\/\/cozyanddozy.com\/fr\/#\/schema\/logo\/image\/\",\"url\":\"https:\/\/cozyanddozy.com\/fr\/wp-content\/uploads\/2023\/02\/cozyanddozy_logo_b.png\",\"contentUrl\":\"https:\/\/cozyanddozy.com\/fr\/wp-content\/uploads\/2023\/02\/cozyanddozy_logo_b.png\",\"width\":314,\"height\":85,\"caption\":\"Cozy & Dozy\"},\"image\":{\"@id\":\"https:\/\/cozyanddozy.com\/fr\/#\/schema\/logo\/image\/\"},\"sameAs\":[\"https:\/\/www.facebook.com\/cozyanddozyshop\",\"https:\/\/www.instagram.com\/cozyanddozy\/\"]}]}<\/script>\n<meta property=\"product:price:amount\" content=\"139.00\" \/>\n<meta property=\"product:price:currency\" content=\"EUR\" \/>\n<meta property=\"og:availability\" content=\"instock\" \/>\n<meta property=\"product:availability\" content=\"instock\" \/>\n<meta property=\"product:retailer_item_id\" content=\"5902701495251\" \/>\n<meta property=\"product:condition\" content=\"new\" \/>\n<!-- \/ Yoast SEO Premium plugin. -->","yoast_head_json":{"title":"Tente tipi avec tapis et oreillers, Teepee Sage - Cozy & Dozy","description":"Tente tipi en toile solide Premium, d\u00e9cor\u00e9e de pompons noirs, dans un ensemble avec deux oreillers et un tapis doux. Stabilisateur inclus.","robots":{"index":"index","follow":"follow","max-snippet":"max-snippet:-1","max-image-preview":"max-image-preview:large","max-video-preview":"max-video-preview:-1"},"canonical":"https:\/\/cozyanddozy.com\/fr\/produit\/tente-tipi-avec-tapis-et-oreillers-teepee-sage\/","og_locale":"fr_FR","og_type":"article","og_title":"Tente tipi avec tapis et oreillers, Teepee Sage","og_description":"Tente tipi en toile solide Premium, d\u00e9cor\u00e9e de pompons noirs, dans un ensemble avec deux oreillers et un tapis doux. Stabilisateur inclus.","og_url":"https:\/\/cozyanddozy.com\/fr\/produit\/tente-tipi-avec-tapis-et-oreillers-teepee-sage\/","og_site_name":"Cozy &amp; Dozy","article_publisher":"https:\/\/www.facebook.com\/cozyanddozyshop","article_modified_time":"2025-01-29T21:27:48+00:00","og_image":[{"width":1200,"height":1200,"url":"https:\/\/cozyanddozy.com\/fr\/wp-content\/uploads\/2023\/02\/pp-1125.jpg","type":"image\/jpeg"}],"twitter_card":"summary_large_image","twitter_misc":{"Prix":"139,00&nbsp;&euro;","Disponibilit\u00e9":"En stock"},"schema":{"@context":"https:\/\/schema.org","@graph":[{"@type":"WebPage","@id":"https:\/\/cozyanddozy.com\/fr\/produit\/tente-tipi-avec-tapis-et-oreillers-teepee-sage\/","url":"https:\/\/cozyanddozy.com\/fr\/produit\/tente-tipi-avec-tapis-et-oreillers-teepee-sage\/","name":"Tente tipi avec tapis et oreillers, Teepee Sage - Cozy & Dozy","isPartOf":{"@id":"https:\/\/cozyanddozy.com\/fr\/#website"},"primaryImageOfPage":{"@id":"https:\/\/cozyanddozy.com\/fr\/produit\/tente-tipi-avec-tapis-et-oreillers-teepee-sage\/#primaryimage"},"image":{"@id":"https:\/\/cozyanddozy.com\/fr\/produit\/tente-tipi-avec-tapis-et-oreillers-teepee-sage\/#primaryimage"},"thumbnailUrl":"https:\/\/cozyanddozy.com\/fr\/wp-content\/uploads\/2023\/02\/pp-1125.jpg","datePublished":"2020-10-21T17:36:04+00:00","dateModified":"2025-01-29T21:27:48+00:00","description":"Tente tipi en toile solide Premium, d\u00e9cor\u00e9e de pompons noirs, dans un ensemble avec deux oreillers et un tapis doux. Stabilisateur inclus.","breadcrumb":{"@id":"https:\/\/cozyanddozy.com\/fr\/produit\/tente-tipi-avec-tapis-et-oreillers-teepee-sage\/#breadcrumb"},"inLanguage":"fr-FR","potentialAction":[{"@type":"ReadAction","target":["https:\/\/cozyanddozy.com\/fr\/produit\/tente-tipi-avec-tapis-et-oreillers-teepee-sage\/"]}]},{"@type":"ImageObject","inLanguage":"fr-FR","@id":"https:\/\/cozyanddozy.com\/fr\/produit\/tente-tipi-avec-tapis-et-oreillers-teepee-sage\/#primaryimage","url":"https:\/\/cozyanddozy.com\/fr\/wp-content\/uploads\/2023\/02\/pp-1125.jpg","contentUrl":"https:\/\/cozyanddozy.com\/fr\/wp-content\/uploads\/2023\/02\/pp-1125.jpg","width":1200,"height":1200},{"@type":"BreadcrumbList","@id":"https:\/\/cozyanddozy.com\/fr\/produit\/tente-tipi-avec-tapis-et-oreillers-teepee-sage\/#breadcrumb","itemListElement":[{"@type":"ListItem","position":1,"name":"Home","item":"https:\/\/cozyanddozy.com\/fr\/"},{"@type":"ListItem","position":2,"name":"Boutique","item":"https:\/\/cozyanddozy.com\/fr\/boutique\/"},{"@type":"ListItem","position":3,"name":"Tente tipi avec tapis et oreillers, Teepee Sage"}]},{"@type":"WebSite","@id":"https:\/\/cozyanddozy.com\/fr\/#website","url":"https:\/\/cozyanddozy.com\/fr\/","name":"Cozy & Dozy","description":"","publisher":{"@id":"https:\/\/cozyanddozy.com\/fr\/#organization"},"alternateName":"Cozy and Dozy","potentialAction":[{"@type":"SearchAction","target":{"@type":"EntryPoint","urlTemplate":"https:\/\/cozyanddozy.com\/fr\/?s={search_term_string}"},"query-input":{"@type":"PropertyValueSpecification","valueRequired":true,"valueName":"search_term_string"}}],"inLanguage":"fr-FR"},{"@type":"Organization","@id":"https:\/\/cozyanddozy.com\/fr\/#organization","name":"Cozy & Dozy","url":"https:\/\/cozyanddozy.com\/fr\/","logo":{"@type":"ImageObject","inLanguage":"fr-FR","@id":"https:\/\/cozyanddozy.com\/fr\/#\/schema\/logo\/image\/","url":"https:\/\/cozyanddozy.com\/fr\/wp-content\/uploads\/2023\/02\/cozyanddozy_logo_b.png","contentUrl":"https:\/\/cozyanddozy.com\/fr\/wp-content\/uploads\/2023\/02\/cozyanddozy_logo_b.png","width":314,"height":85,"caption":"Cozy & Dozy"},"image":{"@id":"https:\/\/cozyanddozy.com\/fr\/#\/schema\/logo\/image\/"},"sameAs":["https:\/\/www.facebook.com\/cozyanddozyshop","https:\/\/www.instagram.com\/cozyanddozy\/"]}]},"product_price_amount":"139.00","product_price_currency":"EUR","og_availability":"instock","product_availability":"instock","product_retailer_item_id":"5902701495251","product_condition":"new"},"_links":{"self":[{"href":"https:\/\/cozyanddozy.com\/fr\/wp-json\/wp\/v2\/product\/448","targetHints":{"allow":["GET"]}}],"collection":[{"href":"https:\/\/cozyanddozy.com\/fr\/wp-json\/wp\/v2\/product"}],"about":[{"href":"https:\/\/cozyanddozy.com\/fr\/wp-json\/wp\/v2\/types\/product"}],"replies":[{"embeddable":true,"href":"https:\/\/cozyanddozy.com\/fr\/wp-json\/wp\/v2\/comments?post=448"}],"wp:featuredmedia":[{"embeddable":true,"href":"https:\/\/cozyanddozy.com\/fr\/wp-json\/wp\/v2\/media\/449"}],"wp:attachment":[{"href":"https:\/\/cozyanddozy.com\/fr\/wp-json\/wp\/v2\/media?parent=448"}],"wp:term":[{"taxonomy":"product_brand","embeddable":true,"href":"https:\/\/cozyanddozy.com\/fr\/wp-json\/wp\/v2\/product_brand?post=448"},{"taxonomy":"product_cat","embeddable":true,"href":"https:\/\/cozyanddozy.com\/fr\/wp-json\/wp\/v2\/product_cat?post=448"},{"taxonomy":"product_tag","embeddable":true,"href":"https:\/\/cozyanddozy.com\/fr\/wp-json\/wp\/v2\/product_tag?post=448"}],"curies":[{"name":"wp","href":"https:\/\/api.w.org\/{rel}","templated":true}]}}