{"id":415,"date":"2018-04-10T09:05:46","date_gmt":"2018-04-10T08:05:46","guid":{"rendered":"https:\/\/cozyanddozy.com\/fr\/product\/white-tipi-tent-with-tassel-tipi-white-boho\/"},"modified":"2025-01-29T22:28:39","modified_gmt":"2025-01-29T21:28:39","slug":"tente-tipi-avec-pompon-boho-white-chambre-denfant","status":"publish","type":"product","link":"https:\/\/cozyanddozy.com\/fr\/produit\/tente-tipi-avec-pompon-boho-white-chambre-denfant\/","title":{"rendered":"Tipi enfant chambre avec pompon Boho White"},"content":{"rendered":"<p><img decoding=\"async\" class=\"alignright\" src=\"https:\/\/cozyanddozy.com\/wp-content\/uploads\/2023\/02\/pp-1389.jpg\" alt=\"boho tipi\" width=\"600\" \/><br \/>\nLa tente tipi color\u00e9e avec des franges cousues est une d\u00e9coration \u00e0 la mode d\u2019une chambre d\u2019enfant. La tipi tente de jeu a quatre c\u00f4t\u00e9s, une fen\u00eatre s\u2019ouvrant avec un store \u00e0 rouleau et une pochette pour jouets. La\u00a0<strong>tente pour enfants est fabriqu\u00e9e en coton PREMIUM<\/strong>. Chaque tipi Cozy &amp; Dozy est notre design, nous essayons de rendre chaque tente unique et en ligne avec les tendances actuelles.<\/p>\n<p>Le tipi color\u00e9 de Boho est un style joyeux et insouciant. La tente tipi pour enfants pour la chambre est \u00e9quip\u00e9e d\u2019un tapis souple, et de b\u00e2tons de pin pliants.\u00a0Toutes les pi\u00e8ces de tissu peuvent \u00eatre lav\u00e9es en machine \u00e0 laver.\u00a0La tente pour enfants est facile \u00e0 monter et ne prend pas beaucoup de place.<\/p>\n<p>Les tentes tipi indiennes sont fabriqu\u00e9es \u00e0 la main, fabriqu\u00e9es avec des tissus sans danger pour les enfants d\u2019Europe et certifi\u00e9es de qualit\u00e9.\u00a0<strong>Tous les mod\u00e8les sont con\u00e7us par nous et nous garantissons que vous obtenez un produit unique et la meilleure qualit\u00e9.<\/strong><\/p>\n<h3>Tipi pour enfants Boho White,tente tipi avec pompon de Cozy &amp; Dozy est inclus :<\/h3>\n<ul>\n<li><strong>Tente de tipi<\/strong><\/li>\n<li><strong>Tapis<\/strong><\/li>\n<li><strong>Stabilisateur<\/strong>\u00a0(emp\u00eache le cadre de bouger)<\/li>\n<li>4 poteaux en bois de pin v\u00e9ritable (cadre).<\/li>\n<\/ul>\n<p>Tipi peut \u00e9galement \u00eatre achet\u00e9 sans tapis.<\/p>\n","protected":false},"excerpt":{"rendered":"<p>La tente tipi color\u00e9e avec des franges cousues est une d\u00e9coration \u00e0 la mode d&#8217;une chambre d&#8217;enfant. La tipi tente de jeu a quatre c\u00f4t\u00e9s, une fen\u00eatre s&#8217;ouvrant avec un store \u00e0 rouleau et une pochette pour jouets.<\/p>\n","protected":false},"featured_media":417,"comment_status":"open","ping_status":"closed","template":"","meta":[],"product_brand":[],"product_cat":[16],"product_tag":[24],"class_list":{"0":"post-415","1":"product","2":"type-product","3":"status-publish","4":"has-post-thumbnail","6":"product_cat-tentes-tipi","7":"product_tag-pla","8":"pa_model-boho","10":"first","11":"instock","12":"sale","13":"product-type-simple"},"yoast_head":"<!-- This site is optimized with the Yoast SEO Premium plugin v21.9 (Yoast SEO v27.0) - https:\/\/yoast.com\/product\/yoast-seo-premium-wordpress\/ -->\n<title>Tipi enfant chambre avec pompon Boho White - Cozy &amp; Dozy<\/title>\n<meta name=\"description\" content=\"La tente tipi color\u00e9e avec des franges cousues est une d\u00e9coration \u00e0 la mode d&#039;une chambre d&#039;enfant. La tipi tente de jeu a quatre c\u00f4t\u00e9s, une fen\u00eatre s&#039;ouvrant avec un store \u00e0 rouleau et une pochette pour jouets.\" \/>\n<meta name=\"robots\" content=\"index, follow, max-snippet:-1, max-image-preview:large, max-video-preview:-1\" \/>\n<link rel=\"canonical\" href=\"https:\/\/cozyanddozy.com\/fr\/produit\/tente-tipi-avec-pompon-boho-white-chambre-denfant\/\" \/>\n<meta property=\"og:locale\" content=\"fr_FR\" \/>\n<meta property=\"og:type\" content=\"article\" \/>\n<meta property=\"og:title\" content=\"Tipi enfant chambre avec pompon Boho White\" \/>\n<meta property=\"og:description\" content=\"La tente tipi color\u00e9e avec des franges cousues est une d\u00e9coration \u00e0 la mode d&#039;une chambre d&#039;enfant. La tipi tente de jeu a quatre c\u00f4t\u00e9s, une fen\u00eatre s&#039;ouvrant avec un store \u00e0 rouleau et une pochette pour jouets.\" \/>\n<meta property=\"og:url\" content=\"https:\/\/cozyanddozy.com\/fr\/produit\/tente-tipi-avec-pompon-boho-white-chambre-denfant\/\" \/>\n<meta property=\"og:site_name\" content=\"Cozy &amp; Dozy\" \/>\n<meta property=\"article:publisher\" content=\"https:\/\/www.facebook.com\/cozyanddozyshop\" \/>\n<meta property=\"article:modified_time\" content=\"2025-01-29T21:28:39+00:00\" \/>\n<meta property=\"og:image\" content=\"https:\/\/cozyanddozy.com\/fr\/wp-content\/uploads\/2023\/02\/kids_tipi_tent_boho_s1_po-1.jpg\" \/>\n\t<meta property=\"og:image:width\" content=\"1200\" \/>\n\t<meta property=\"og:image:height\" content=\"1200\" \/>\n\t<meta property=\"og:image:type\" content=\"image\/jpeg\" \/>\n<meta name=\"twitter:card\" content=\"summary_large_image\" \/>\n<meta name=\"twitter:label1\" content=\"Prix\" \/>\n\t<meta name=\"twitter:data1\" content=\"109,00&nbsp;&euro;\" \/>\n\t<meta name=\"twitter:label2\" content=\"Disponibilit\u00e9\" \/>\n\t<meta name=\"twitter:data2\" content=\"En stock\" \/>\n<script type=\"application\/ld+json\" class=\"yoast-schema-graph\">{\"@context\":\"https:\/\/schema.org\",\"@graph\":[{\"@type\":\"WebPage\",\"@id\":\"https:\/\/cozyanddozy.com\/fr\/produit\/tente-tipi-avec-pompon-boho-white-chambre-denfant\/\",\"url\":\"https:\/\/cozyanddozy.com\/fr\/produit\/tente-tipi-avec-pompon-boho-white-chambre-denfant\/\",\"name\":\"Tipi enfant chambre avec pompon Boho White - Cozy & Dozy\",\"isPartOf\":{\"@id\":\"https:\/\/cozyanddozy.com\/fr\/#website\"},\"primaryImageOfPage\":{\"@id\":\"https:\/\/cozyanddozy.com\/fr\/produit\/tente-tipi-avec-pompon-boho-white-chambre-denfant\/#primaryimage\"},\"image\":{\"@id\":\"https:\/\/cozyanddozy.com\/fr\/produit\/tente-tipi-avec-pompon-boho-white-chambre-denfant\/#primaryimage\"},\"thumbnailUrl\":\"https:\/\/cozyanddozy.com\/fr\/wp-content\/uploads\/2023\/02\/kids_tipi_tent_boho_s1_po-1.jpg\",\"datePublished\":\"2018-04-10T08:05:46+00:00\",\"dateModified\":\"2025-01-29T21:28:39+00:00\",\"description\":\"La tente tipi color\u00e9e avec des franges cousues est une d\u00e9coration \u00e0 la mode d'une chambre d'enfant. La tipi tente de jeu a quatre c\u00f4t\u00e9s, une fen\u00eatre s'ouvrant avec un store \u00e0 rouleau et une pochette pour jouets.\",\"breadcrumb\":{\"@id\":\"https:\/\/cozyanddozy.com\/fr\/produit\/tente-tipi-avec-pompon-boho-white-chambre-denfant\/#breadcrumb\"},\"inLanguage\":\"fr-FR\",\"potentialAction\":[{\"@type\":\"ReadAction\",\"target\":[\"https:\/\/cozyanddozy.com\/fr\/produit\/tente-tipi-avec-pompon-boho-white-chambre-denfant\/\"]}]},{\"@type\":\"ImageObject\",\"inLanguage\":\"fr-FR\",\"@id\":\"https:\/\/cozyanddozy.com\/fr\/produit\/tente-tipi-avec-pompon-boho-white-chambre-denfant\/#primaryimage\",\"url\":\"https:\/\/cozyanddozy.com\/fr\/wp-content\/uploads\/2023\/02\/kids_tipi_tent_boho_s1_po-1.jpg\",\"contentUrl\":\"https:\/\/cozyanddozy.com\/fr\/wp-content\/uploads\/2023\/02\/kids_tipi_tent_boho_s1_po-1.jpg\",\"width\":1200,\"height\":1200,\"caption\":\"kids tipi tent boho\"},{\"@type\":\"BreadcrumbList\",\"@id\":\"https:\/\/cozyanddozy.com\/fr\/produit\/tente-tipi-avec-pompon-boho-white-chambre-denfant\/#breadcrumb\",\"itemListElement\":[{\"@type\":\"ListItem\",\"position\":1,\"name\":\"Home\",\"item\":\"https:\/\/cozyanddozy.com\/fr\/\"},{\"@type\":\"ListItem\",\"position\":2,\"name\":\"Boutique\",\"item\":\"https:\/\/cozyanddozy.com\/fr\/boutique\/\"},{\"@type\":\"ListItem\",\"position\":3,\"name\":\"Tipi enfant chambre avec pompon Boho White\"}]},{\"@type\":\"WebSite\",\"@id\":\"https:\/\/cozyanddozy.com\/fr\/#website\",\"url\":\"https:\/\/cozyanddozy.com\/fr\/\",\"name\":\"Cozy & Dozy\",\"description\":\"\",\"publisher\":{\"@id\":\"https:\/\/cozyanddozy.com\/fr\/#organization\"},\"alternateName\":\"Cozy and Dozy\",\"potentialAction\":[{\"@type\":\"SearchAction\",\"target\":{\"@type\":\"EntryPoint\",\"urlTemplate\":\"https:\/\/cozyanddozy.com\/fr\/?s={search_term_string}\"},\"query-input\":{\"@type\":\"PropertyValueSpecification\",\"valueRequired\":true,\"valueName\":\"search_term_string\"}}],\"inLanguage\":\"fr-FR\"},{\"@type\":\"Organization\",\"@id\":\"https:\/\/cozyanddozy.com\/fr\/#organization\",\"name\":\"Cozy & Dozy\",\"url\":\"https:\/\/cozyanddozy.com\/fr\/\",\"logo\":{\"@type\":\"ImageObject\",\"inLanguage\":\"fr-FR\",\"@id\":\"https:\/\/cozyanddozy.com\/fr\/#\/schema\/logo\/image\/\",\"url\":\"https:\/\/cozyanddozy.com\/fr\/wp-content\/uploads\/2023\/02\/cozyanddozy_logo_b.png\",\"contentUrl\":\"https:\/\/cozyanddozy.com\/fr\/wp-content\/uploads\/2023\/02\/cozyanddozy_logo_b.png\",\"width\":314,\"height\":85,\"caption\":\"Cozy & Dozy\"},\"image\":{\"@id\":\"https:\/\/cozyanddozy.com\/fr\/#\/schema\/logo\/image\/\"},\"sameAs\":[\"https:\/\/www.facebook.com\/cozyanddozyshop\",\"https:\/\/www.instagram.com\/cozyanddozy\/\"]}]}<\/script>\n<meta property=\"product:price:amount\" content=\"109.00\" \/>\n<meta property=\"product:price:currency\" content=\"EUR\" \/>\n<meta property=\"og:availability\" content=\"instock\" \/>\n<meta property=\"product:availability\" content=\"instock\" \/>\n<meta property=\"product:retailer_item_id\" content=\"5902701495831\" \/>\n<meta property=\"product:condition\" content=\"new\" \/>\n<!-- \/ Yoast SEO Premium plugin. -->","yoast_head_json":{"title":"Tipi enfant chambre avec pompon Boho White - Cozy & Dozy","description":"La tente tipi color\u00e9e avec des franges cousues est une d\u00e9coration \u00e0 la mode d'une chambre d'enfant. La tipi tente de jeu a quatre c\u00f4t\u00e9s, une fen\u00eatre s'ouvrant avec un store \u00e0 rouleau et une pochette pour jouets.","robots":{"index":"index","follow":"follow","max-snippet":"max-snippet:-1","max-image-preview":"max-image-preview:large","max-video-preview":"max-video-preview:-1"},"canonical":"https:\/\/cozyanddozy.com\/fr\/produit\/tente-tipi-avec-pompon-boho-white-chambre-denfant\/","og_locale":"fr_FR","og_type":"article","og_title":"Tipi enfant chambre avec pompon Boho White","og_description":"La tente tipi color\u00e9e avec des franges cousues est une d\u00e9coration \u00e0 la mode d'une chambre d'enfant. La tipi tente de jeu a quatre c\u00f4t\u00e9s, une fen\u00eatre s'ouvrant avec un store \u00e0 rouleau et une pochette pour jouets.","og_url":"https:\/\/cozyanddozy.com\/fr\/produit\/tente-tipi-avec-pompon-boho-white-chambre-denfant\/","og_site_name":"Cozy &amp; Dozy","article_publisher":"https:\/\/www.facebook.com\/cozyanddozyshop","article_modified_time":"2025-01-29T21:28:39+00:00","og_image":[{"width":1200,"height":1200,"url":"https:\/\/cozyanddozy.com\/fr\/wp-content\/uploads\/2023\/02\/kids_tipi_tent_boho_s1_po-1.jpg","type":"image\/jpeg"}],"twitter_card":"summary_large_image","twitter_misc":{"Prix":"109,00&nbsp;&euro;","Disponibilit\u00e9":"En stock"},"schema":{"@context":"https:\/\/schema.org","@graph":[{"@type":"WebPage","@id":"https:\/\/cozyanddozy.com\/fr\/produit\/tente-tipi-avec-pompon-boho-white-chambre-denfant\/","url":"https:\/\/cozyanddozy.com\/fr\/produit\/tente-tipi-avec-pompon-boho-white-chambre-denfant\/","name":"Tipi enfant chambre avec pompon Boho White - Cozy & Dozy","isPartOf":{"@id":"https:\/\/cozyanddozy.com\/fr\/#website"},"primaryImageOfPage":{"@id":"https:\/\/cozyanddozy.com\/fr\/produit\/tente-tipi-avec-pompon-boho-white-chambre-denfant\/#primaryimage"},"image":{"@id":"https:\/\/cozyanddozy.com\/fr\/produit\/tente-tipi-avec-pompon-boho-white-chambre-denfant\/#primaryimage"},"thumbnailUrl":"https:\/\/cozyanddozy.com\/fr\/wp-content\/uploads\/2023\/02\/kids_tipi_tent_boho_s1_po-1.jpg","datePublished":"2018-04-10T08:05:46+00:00","dateModified":"2025-01-29T21:28:39+00:00","description":"La tente tipi color\u00e9e avec des franges cousues est une d\u00e9coration \u00e0 la mode d'une chambre d'enfant. La tipi tente de jeu a quatre c\u00f4t\u00e9s, une fen\u00eatre s'ouvrant avec un store \u00e0 rouleau et une pochette pour jouets.","breadcrumb":{"@id":"https:\/\/cozyanddozy.com\/fr\/produit\/tente-tipi-avec-pompon-boho-white-chambre-denfant\/#breadcrumb"},"inLanguage":"fr-FR","potentialAction":[{"@type":"ReadAction","target":["https:\/\/cozyanddozy.com\/fr\/produit\/tente-tipi-avec-pompon-boho-white-chambre-denfant\/"]}]},{"@type":"ImageObject","inLanguage":"fr-FR","@id":"https:\/\/cozyanddozy.com\/fr\/produit\/tente-tipi-avec-pompon-boho-white-chambre-denfant\/#primaryimage","url":"https:\/\/cozyanddozy.com\/fr\/wp-content\/uploads\/2023\/02\/kids_tipi_tent_boho_s1_po-1.jpg","contentUrl":"https:\/\/cozyanddozy.com\/fr\/wp-content\/uploads\/2023\/02\/kids_tipi_tent_boho_s1_po-1.jpg","width":1200,"height":1200,"caption":"kids tipi tent boho"},{"@type":"BreadcrumbList","@id":"https:\/\/cozyanddozy.com\/fr\/produit\/tente-tipi-avec-pompon-boho-white-chambre-denfant\/#breadcrumb","itemListElement":[{"@type":"ListItem","position":1,"name":"Home","item":"https:\/\/cozyanddozy.com\/fr\/"},{"@type":"ListItem","position":2,"name":"Boutique","item":"https:\/\/cozyanddozy.com\/fr\/boutique\/"},{"@type":"ListItem","position":3,"name":"Tipi enfant chambre avec pompon Boho White"}]},{"@type":"WebSite","@id":"https:\/\/cozyanddozy.com\/fr\/#website","url":"https:\/\/cozyanddozy.com\/fr\/","name":"Cozy & Dozy","description":"","publisher":{"@id":"https:\/\/cozyanddozy.com\/fr\/#organization"},"alternateName":"Cozy and Dozy","potentialAction":[{"@type":"SearchAction","target":{"@type":"EntryPoint","urlTemplate":"https:\/\/cozyanddozy.com\/fr\/?s={search_term_string}"},"query-input":{"@type":"PropertyValueSpecification","valueRequired":true,"valueName":"search_term_string"}}],"inLanguage":"fr-FR"},{"@type":"Organization","@id":"https:\/\/cozyanddozy.com\/fr\/#organization","name":"Cozy & Dozy","url":"https:\/\/cozyanddozy.com\/fr\/","logo":{"@type":"ImageObject","inLanguage":"fr-FR","@id":"https:\/\/cozyanddozy.com\/fr\/#\/schema\/logo\/image\/","url":"https:\/\/cozyanddozy.com\/fr\/wp-content\/uploads\/2023\/02\/cozyanddozy_logo_b.png","contentUrl":"https:\/\/cozyanddozy.com\/fr\/wp-content\/uploads\/2023\/02\/cozyanddozy_logo_b.png","width":314,"height":85,"caption":"Cozy & Dozy"},"image":{"@id":"https:\/\/cozyanddozy.com\/fr\/#\/schema\/logo\/image\/"},"sameAs":["https:\/\/www.facebook.com\/cozyanddozyshop","https:\/\/www.instagram.com\/cozyanddozy\/"]}]},"product_price_amount":"109.00","product_price_currency":"EUR","og_availability":"instock","product_availability":"instock","product_retailer_item_id":"5902701495831","product_condition":"new"},"_links":{"self":[{"href":"https:\/\/cozyanddozy.com\/fr\/wp-json\/wp\/v2\/product\/415","targetHints":{"allow":["GET"]}}],"collection":[{"href":"https:\/\/cozyanddozy.com\/fr\/wp-json\/wp\/v2\/product"}],"about":[{"href":"https:\/\/cozyanddozy.com\/fr\/wp-json\/wp\/v2\/types\/product"}],"replies":[{"embeddable":true,"href":"https:\/\/cozyanddozy.com\/fr\/wp-json\/wp\/v2\/comments?post=415"}],"wp:featuredmedia":[{"embeddable":true,"href":"https:\/\/cozyanddozy.com\/fr\/wp-json\/wp\/v2\/media\/417"}],"wp:attachment":[{"href":"https:\/\/cozyanddozy.com\/fr\/wp-json\/wp\/v2\/media?parent=415"}],"wp:term":[{"taxonomy":"product_brand","embeddable":true,"href":"https:\/\/cozyanddozy.com\/fr\/wp-json\/wp\/v2\/product_brand?post=415"},{"taxonomy":"product_cat","embeddable":true,"href":"https:\/\/cozyanddozy.com\/fr\/wp-json\/wp\/v2\/product_cat?post=415"},{"taxonomy":"product_tag","embeddable":true,"href":"https:\/\/cozyanddozy.com\/fr\/wp-json\/wp\/v2\/product_tag?post=415"}],"curies":[{"name":"wp","href":"https:\/\/api.w.org\/{rel}","templated":true}]}}