{"id":4131,"date":"2025-04-25T07:44:45","date_gmt":"2025-04-25T06:44:45","guid":{"rendered":"https:\/\/cozyanddozy.com\/?post_type=product&#038;p=3621"},"modified":"2025-04-25T08:54:51","modified_gmt":"2025-04-25T06:54:51","slug":"sac-scolaire-sac-a-dos-en-toile-dark-green","status":"publish","type":"product","link":"https:\/\/cozyanddozy.com\/fr\/produit\/sac-scolaire-sac-a-dos-en-toile-dark-green\/","title":{"rendered":"Sac scolaire, sac \u00e0 dos en toile \u2013 Dark Green"},"content":{"rendered":"<p class=\"p1\"><b>Sac \u00e0 dos \u00e0 cordon imperm\u00e9able SURV pour enfants<br \/>\nParfait pour l&#8217;\u00e9cole, l&#8217;EPS, les sorties et les activit\u00e9s extrascolaires<\/b><\/p>\n<p class=\"p2\">Vous cherchez un sac \u00e0 dos \u00e0 cordon confortable et pratique pour votre enfant ?<br \/>\nCe sac de sport l\u00e9ger et imperm\u00e9able de SURV est la solution id\u00e9ale au quotidien pour l&#8217;\u00e9cole, les cours de sport, la natation, les sorties d&#8217;une journ\u00e9e et les clubs apr\u00e8s l&#8217;\u00e9cole.<\/p>\n<p class=\"p2\">\u00a0Pourquoi les parents l&#8217;adorent :<\/p>\n<ul class=\"ul1\">\n<li class=\"li2\">\u00a0Tissu imperm\u00e9able \u2013 prot\u00e8ge le contenu de la pluie et de la salet\u00e9.<\/li>\n<li class=\"li2\">\u00a0Poche zipp\u00e9e sur le bas \u2013 id\u00e9ale pour des chaussures de rechange, des tongs ou une serviette.<\/li>\n<li class=\"li2\">\u00a0Poche zipp\u00e9e avant \u2013 acc\u00e8s facile \u00e0 votre t\u00e9l\u00e9phone ou \u00e0 votre carte d&#8217;identit\u00e9 sans enlever le sac \u2013 parfait pour le v\u00e9lo !<\/li>\n<li class=\"li2\">\u00a0Porte-bouteille interne avec \u00e9lastique \u2013 maintient votre bouteille d&#8217;eau droite et en s\u00e9curit\u00e9.<\/li>\n<li class=\"li2\">\u00a0Poche int\u00e9rieure zipp\u00e9e \u2013 endroit s\u00fbr pour le portefeuille, la carte d&#8217;identit\u00e9 ou les petits objets de valeur.<\/li>\n<li class=\"li2\">\u00a0Bretelles ajustables et souples \u2013 pas de cordes emm\u00eal\u00e9es ! Confortable et enti\u00e8rement ajustable \u00e0 la taille de votre enfant.<\/li>\n<li class=\"li2\">\u00a0Poign\u00e9e \u2013 facile \u00e0 accrocher dans un casier ou sur une chaise.<\/li>\n<li class=\"li2\">\u00a0Bande r\u00e9fl\u00e9chissante de s\u00e9curit\u00e9 \u2013 pour une meilleure visibilit\u00e9 apr\u00e8s la tomb\u00e9e de la nuit.<\/li>\n<li class=\"li2\">\u00a0Lavable en machine \u2013 facile \u00e0 garder propre !<\/li>\n<\/ul>\n<p class=\"p2\">\u00a0Disponible en deux tailles :<\/p>\n<ul class=\"ul1\">\n<li class=\"li2\">S (40 x 38 cm) \u2013 convient aux enfants de 4 \u00e0 9 ans<\/li>\n<li class=\"li2\">M (45 x 40 cm) \u2013 parfait pour les enfants de 10 ans et plus et les adultes<\/li>\n<\/ul>\n<p class=\"p2\">Fait main en Pologne \u00e0 partir de tissu polyester durable de 180g\/m\u00b2<br \/>\nProduction europ\u00e9enne, \u00e9cologique et s\u00fbre pour les enfants<br \/>\nMarque : SURV<\/p>\n<p class=\"p2\">Que ce soit pour l&#8217;\u00e9cole, le sport ou les aventures du week-end, le sac \u00e0 dos \u00e0 cordon pour enfants SURV est votre choix incontournable pour allier style et fonctionnalit\u00e9.<br \/>\nUn indispensable pour toutes les listes de fournitures scolaires !<\/p>\n<p class=\"p2\">SURV (est une marque s\u0153ur de Cozy &amp; Dozy \u2013 con\u00e7ue pour les aventures quotidiennes, les activit\u00e9s scolaires et les enfants actifs. Plus d&#8217;articles sur <a href=\"http:\/\/www.survband.com\/\"><span class=\"s2\">www.survband.com<\/span><\/a>)<\/p>\n<p class=\"p2\">Que ce soit pour l&#8217;\u00e9cole, le sport ou les aventures du week-end, le sac \u00e0 dos \u00e0 cordon pour enfants SURV est votre choix incontournable pour allier style et fonctionnalit\u00e9.<br \/>\nUn indispensable pour toutes les listes de fournitures scolaires !<\/p>\n","protected":false},"excerpt":{"rendered":"<p>Ce sac de sport l\u00e9ger et imperm\u00e9able de SURV est la solution id\u00e9ale au quotidien pour l&#8217;\u00e9cole, les cours de sport, la natation, les sorties d&#8217;une journ\u00e9e et les clubs apr\u00e8s l&#8217;\u00e9cole.<\/p>\n","protected":false},"featured_media":4108,"comment_status":"open","ping_status":"closed","template":"","meta":[],"product_brand":[],"product_cat":[87],"product_tag":[],"class_list":{"0":"post-4131","1":"product","2":"type-product","3":"status-publish","4":"has-post-thumbnail","6":"product_cat-sacs-a-dos","8":"first","9":"instock","10":"shipping-taxable","11":"product-type-variable"},"yoast_head":"<!-- This site is optimized with the Yoast SEO Premium plugin v21.9 (Yoast SEO v27.0) - https:\/\/yoast.com\/product\/yoast-seo-premium-wordpress\/ -->\n<title>Sac scolaire, sac \u00e0 dos en toile \u2013 Dark Green - Cozy &amp; Dozy<\/title>\n<meta name=\"description\" content=\"Ce sac de sport l\u00e9ger et imperm\u00e9able de SURV est la solution id\u00e9ale au quotidien pour l&#039;\u00e9cole, les cours de sport, la natation, les sorties d&#039;une journ\u00e9e et les clubs apr\u00e8s l&#039;\u00e9cole.\" \/>\n<meta name=\"robots\" content=\"index, follow, max-snippet:-1, max-image-preview:large, max-video-preview:-1\" \/>\n<link rel=\"canonical\" href=\"https:\/\/cozyanddozy.com\/fr\/produit\/sac-scolaire-sac-a-dos-en-toile-dark-green\/\" \/>\n<meta property=\"og:locale\" content=\"fr_FR\" \/>\n<meta property=\"og:type\" content=\"article\" \/>\n<meta property=\"og:title\" content=\"Sac scolaire, sac \u00e0 dos en toile \u2013 Dark Green\" \/>\n<meta property=\"og:description\" content=\"Ce sac de sport l\u00e9ger et imperm\u00e9able de SURV est la solution id\u00e9ale au quotidien pour l&#039;\u00e9cole, les cours de sport, la natation, les sorties d&#039;une journ\u00e9e et les clubs apr\u00e8s l&#039;\u00e9cole.\" \/>\n<meta property=\"og:url\" content=\"https:\/\/cozyanddozy.com\/fr\/produit\/sac-scolaire-sac-a-dos-en-toile-dark-green\/\" \/>\n<meta property=\"og:site_name\" content=\"Cozy &amp; Dozy\" \/>\n<meta property=\"article:publisher\" content=\"https:\/\/www.facebook.com\/cozyanddozyshop\" \/>\n<meta property=\"article:modified_time\" content=\"2025-04-25T06:54:51+00:00\" \/>\n<meta property=\"og:image\" content=\"https:\/\/cozyanddozy.com\/fr\/wp-content\/uploads\/2025\/04\/grass-backpack.jpeg\" \/>\n\t<meta property=\"og:image:width\" content=\"1418\" \/>\n\t<meta property=\"og:image:height\" content=\"2048\" \/>\n\t<meta property=\"og:image:type\" content=\"image\/jpeg\" \/>\n<meta name=\"twitter:card\" content=\"summary_large_image\" \/>\n<meta name=\"twitter:label1\" content=\"Disponibilit\u00e9\" \/>\n\t<meta name=\"twitter:data1\" content=\"En stock\" \/>\n<script type=\"application\/ld+json\" class=\"yoast-schema-graph\">{\"@context\":\"https:\/\/schema.org\",\"@graph\":[{\"@type\":\"WebPage\",\"@id\":\"https:\/\/cozyanddozy.com\/fr\/produit\/sac-scolaire-sac-a-dos-en-toile-dark-green\/\",\"url\":\"https:\/\/cozyanddozy.com\/fr\/produit\/sac-scolaire-sac-a-dos-en-toile-dark-green\/\",\"name\":\"Sac scolaire, sac \u00e0 dos en toile \u2013 Dark Green - Cozy & Dozy\",\"isPartOf\":{\"@id\":\"https:\/\/cozyanddozy.com\/fr\/#website\"},\"primaryImageOfPage\":{\"@id\":\"https:\/\/cozyanddozy.com\/fr\/produit\/sac-scolaire-sac-a-dos-en-toile-dark-green\/#primaryimage\"},\"image\":{\"@id\":\"https:\/\/cozyanddozy.com\/fr\/produit\/sac-scolaire-sac-a-dos-en-toile-dark-green\/#primaryimage\"},\"thumbnailUrl\":\"https:\/\/cozyanddozy.com\/fr\/wp-content\/uploads\/2025\/04\/grass-backpack.jpeg\",\"datePublished\":\"2025-04-25T06:44:45+00:00\",\"dateModified\":\"2025-04-25T06:54:51+00:00\",\"description\":\"Ce sac de sport l\u00e9ger et imperm\u00e9able de SURV est la solution id\u00e9ale au quotidien pour l'\u00e9cole, les cours de sport, la natation, les sorties d'une journ\u00e9e et les clubs apr\u00e8s l'\u00e9cole.\",\"breadcrumb\":{\"@id\":\"https:\/\/cozyanddozy.com\/fr\/produit\/sac-scolaire-sac-a-dos-en-toile-dark-green\/#breadcrumb\"},\"inLanguage\":\"fr-FR\",\"potentialAction\":[{\"@type\":\"ReadAction\",\"target\":[\"https:\/\/cozyanddozy.com\/fr\/produit\/sac-scolaire-sac-a-dos-en-toile-dark-green\/\"]}]},{\"@type\":\"ImageObject\",\"inLanguage\":\"fr-FR\",\"@id\":\"https:\/\/cozyanddozy.com\/fr\/produit\/sac-scolaire-sac-a-dos-en-toile-dark-green\/#primaryimage\",\"url\":\"https:\/\/cozyanddozy.com\/fr\/wp-content\/uploads\/2025\/04\/grass-backpack.jpeg\",\"contentUrl\":\"https:\/\/cozyanddozy.com\/fr\/wp-content\/uploads\/2025\/04\/grass-backpack.jpeg\",\"width\":1418,\"height\":2048},{\"@type\":\"BreadcrumbList\",\"@id\":\"https:\/\/cozyanddozy.com\/fr\/produit\/sac-scolaire-sac-a-dos-en-toile-dark-green\/#breadcrumb\",\"itemListElement\":[{\"@type\":\"ListItem\",\"position\":1,\"name\":\"Home\",\"item\":\"https:\/\/cozyanddozy.com\/fr\/\"},{\"@type\":\"ListItem\",\"position\":2,\"name\":\"Boutique\",\"item\":\"https:\/\/cozyanddozy.com\/fr\/boutique\/\"},{\"@type\":\"ListItem\",\"position\":3,\"name\":\"Sac scolaire, sac \u00e0 dos en toile \u2013 Dark Green\"}]},{\"@type\":\"WebSite\",\"@id\":\"https:\/\/cozyanddozy.com\/fr\/#website\",\"url\":\"https:\/\/cozyanddozy.com\/fr\/\",\"name\":\"Cozy & Dozy\",\"description\":\"\",\"publisher\":{\"@id\":\"https:\/\/cozyanddozy.com\/fr\/#organization\"},\"alternateName\":\"Cozy and Dozy\",\"potentialAction\":[{\"@type\":\"SearchAction\",\"target\":{\"@type\":\"EntryPoint\",\"urlTemplate\":\"https:\/\/cozyanddozy.com\/fr\/?s={search_term_string}\"},\"query-input\":{\"@type\":\"PropertyValueSpecification\",\"valueRequired\":true,\"valueName\":\"search_term_string\"}}],\"inLanguage\":\"fr-FR\"},{\"@type\":\"Organization\",\"@id\":\"https:\/\/cozyanddozy.com\/fr\/#organization\",\"name\":\"Cozy & Dozy\",\"url\":\"https:\/\/cozyanddozy.com\/fr\/\",\"logo\":{\"@type\":\"ImageObject\",\"inLanguage\":\"fr-FR\",\"@id\":\"https:\/\/cozyanddozy.com\/fr\/#\/schema\/logo\/image\/\",\"url\":\"https:\/\/cozyanddozy.com\/fr\/wp-content\/uploads\/2023\/02\/cozyanddozy_logo_b.png\",\"contentUrl\":\"https:\/\/cozyanddozy.com\/fr\/wp-content\/uploads\/2023\/02\/cozyanddozy_logo_b.png\",\"width\":314,\"height\":85,\"caption\":\"Cozy & Dozy\"},\"image\":{\"@id\":\"https:\/\/cozyanddozy.com\/fr\/#\/schema\/logo\/image\/\"},\"sameAs\":[\"https:\/\/www.facebook.com\/cozyanddozyshop\",\"https:\/\/www.instagram.com\/cozyanddozy\/\"]}]}<\/script>\n<meta property=\"og:availability\" content=\"instock\" \/>\n<meta property=\"product:availability\" content=\"instock\" \/>\n<meta property=\"product:retailer_item_id\" content=\"backpackDGREEN\" \/>\n<meta property=\"product:condition\" content=\"new\" \/>\n<!-- \/ Yoast SEO Premium plugin. -->","yoast_head_json":{"title":"Sac scolaire, sac \u00e0 dos en toile \u2013 Dark Green - Cozy & Dozy","description":"Ce sac de sport l\u00e9ger et imperm\u00e9able de SURV est la solution id\u00e9ale au quotidien pour l'\u00e9cole, les cours de sport, la natation, les sorties d'une journ\u00e9e et les clubs apr\u00e8s l'\u00e9cole.","robots":{"index":"index","follow":"follow","max-snippet":"max-snippet:-1","max-image-preview":"max-image-preview:large","max-video-preview":"max-video-preview:-1"},"canonical":"https:\/\/cozyanddozy.com\/fr\/produit\/sac-scolaire-sac-a-dos-en-toile-dark-green\/","og_locale":"fr_FR","og_type":"article","og_title":"Sac scolaire, sac \u00e0 dos en toile \u2013 Dark Green","og_description":"Ce sac de sport l\u00e9ger et imperm\u00e9able de SURV est la solution id\u00e9ale au quotidien pour l'\u00e9cole, les cours de sport, la natation, les sorties d'une journ\u00e9e et les clubs apr\u00e8s l'\u00e9cole.","og_url":"https:\/\/cozyanddozy.com\/fr\/produit\/sac-scolaire-sac-a-dos-en-toile-dark-green\/","og_site_name":"Cozy &amp; Dozy","article_publisher":"https:\/\/www.facebook.com\/cozyanddozyshop","article_modified_time":"2025-04-25T06:54:51+00:00","og_image":[{"width":1418,"height":2048,"url":"https:\/\/cozyanddozy.com\/fr\/wp-content\/uploads\/2025\/04\/grass-backpack.jpeg","type":"image\/jpeg"}],"twitter_card":"summary_large_image","twitter_misc":{"Disponibilit\u00e9":"En stock"},"schema":{"@context":"https:\/\/schema.org","@graph":[{"@type":"WebPage","@id":"https:\/\/cozyanddozy.com\/fr\/produit\/sac-scolaire-sac-a-dos-en-toile-dark-green\/","url":"https:\/\/cozyanddozy.com\/fr\/produit\/sac-scolaire-sac-a-dos-en-toile-dark-green\/","name":"Sac scolaire, sac \u00e0 dos en toile \u2013 Dark Green - Cozy & Dozy","isPartOf":{"@id":"https:\/\/cozyanddozy.com\/fr\/#website"},"primaryImageOfPage":{"@id":"https:\/\/cozyanddozy.com\/fr\/produit\/sac-scolaire-sac-a-dos-en-toile-dark-green\/#primaryimage"},"image":{"@id":"https:\/\/cozyanddozy.com\/fr\/produit\/sac-scolaire-sac-a-dos-en-toile-dark-green\/#primaryimage"},"thumbnailUrl":"https:\/\/cozyanddozy.com\/fr\/wp-content\/uploads\/2025\/04\/grass-backpack.jpeg","datePublished":"2025-04-25T06:44:45+00:00","dateModified":"2025-04-25T06:54:51+00:00","description":"Ce sac de sport l\u00e9ger et imperm\u00e9able de SURV est la solution id\u00e9ale au quotidien pour l'\u00e9cole, les cours de sport, la natation, les sorties d'une journ\u00e9e et les clubs apr\u00e8s l'\u00e9cole.","breadcrumb":{"@id":"https:\/\/cozyanddozy.com\/fr\/produit\/sac-scolaire-sac-a-dos-en-toile-dark-green\/#breadcrumb"},"inLanguage":"fr-FR","potentialAction":[{"@type":"ReadAction","target":["https:\/\/cozyanddozy.com\/fr\/produit\/sac-scolaire-sac-a-dos-en-toile-dark-green\/"]}]},{"@type":"ImageObject","inLanguage":"fr-FR","@id":"https:\/\/cozyanddozy.com\/fr\/produit\/sac-scolaire-sac-a-dos-en-toile-dark-green\/#primaryimage","url":"https:\/\/cozyanddozy.com\/fr\/wp-content\/uploads\/2025\/04\/grass-backpack.jpeg","contentUrl":"https:\/\/cozyanddozy.com\/fr\/wp-content\/uploads\/2025\/04\/grass-backpack.jpeg","width":1418,"height":2048},{"@type":"BreadcrumbList","@id":"https:\/\/cozyanddozy.com\/fr\/produit\/sac-scolaire-sac-a-dos-en-toile-dark-green\/#breadcrumb","itemListElement":[{"@type":"ListItem","position":1,"name":"Home","item":"https:\/\/cozyanddozy.com\/fr\/"},{"@type":"ListItem","position":2,"name":"Boutique","item":"https:\/\/cozyanddozy.com\/fr\/boutique\/"},{"@type":"ListItem","position":3,"name":"Sac scolaire, sac \u00e0 dos en toile \u2013 Dark Green"}]},{"@type":"WebSite","@id":"https:\/\/cozyanddozy.com\/fr\/#website","url":"https:\/\/cozyanddozy.com\/fr\/","name":"Cozy & Dozy","description":"","publisher":{"@id":"https:\/\/cozyanddozy.com\/fr\/#organization"},"alternateName":"Cozy and Dozy","potentialAction":[{"@type":"SearchAction","target":{"@type":"EntryPoint","urlTemplate":"https:\/\/cozyanddozy.com\/fr\/?s={search_term_string}"},"query-input":{"@type":"PropertyValueSpecification","valueRequired":true,"valueName":"search_term_string"}}],"inLanguage":"fr-FR"},{"@type":"Organization","@id":"https:\/\/cozyanddozy.com\/fr\/#organization","name":"Cozy & Dozy","url":"https:\/\/cozyanddozy.com\/fr\/","logo":{"@type":"ImageObject","inLanguage":"fr-FR","@id":"https:\/\/cozyanddozy.com\/fr\/#\/schema\/logo\/image\/","url":"https:\/\/cozyanddozy.com\/fr\/wp-content\/uploads\/2023\/02\/cozyanddozy_logo_b.png","contentUrl":"https:\/\/cozyanddozy.com\/fr\/wp-content\/uploads\/2023\/02\/cozyanddozy_logo_b.png","width":314,"height":85,"caption":"Cozy & Dozy"},"image":{"@id":"https:\/\/cozyanddozy.com\/fr\/#\/schema\/logo\/image\/"},"sameAs":["https:\/\/www.facebook.com\/cozyanddozyshop","https:\/\/www.instagram.com\/cozyanddozy\/"]}]},"og_availability":"instock","product_availability":"instock","product_retailer_item_id":"backpackDGREEN","product_condition":"new"},"_links":{"self":[{"href":"https:\/\/cozyanddozy.com\/fr\/wp-json\/wp\/v2\/product\/4131","targetHints":{"allow":["GET"]}}],"collection":[{"href":"https:\/\/cozyanddozy.com\/fr\/wp-json\/wp\/v2\/product"}],"about":[{"href":"https:\/\/cozyanddozy.com\/fr\/wp-json\/wp\/v2\/types\/product"}],"replies":[{"embeddable":true,"href":"https:\/\/cozyanddozy.com\/fr\/wp-json\/wp\/v2\/comments?post=4131"}],"wp:featuredmedia":[{"embeddable":true,"href":"https:\/\/cozyanddozy.com\/fr\/wp-json\/wp\/v2\/media\/4108"}],"wp:attachment":[{"href":"https:\/\/cozyanddozy.com\/fr\/wp-json\/wp\/v2\/media?parent=4131"}],"wp:term":[{"taxonomy":"product_brand","embeddable":true,"href":"https:\/\/cozyanddozy.com\/fr\/wp-json\/wp\/v2\/product_brand?post=4131"},{"taxonomy":"product_cat","embeddable":true,"href":"https:\/\/cozyanddozy.com\/fr\/wp-json\/wp\/v2\/product_cat?post=4131"},{"taxonomy":"product_tag","embeddable":true,"href":"https:\/\/cozyanddozy.com\/fr\/wp-json\/wp\/v2\/product_tag?post=4131"}],"curies":[{"name":"wp","href":"https:\/\/api.w.org\/{rel}","templated":true}]}}