{"id":413,"date":"2017-10-31T12:09:31","date_gmt":"2017-10-31T12:09:31","guid":{"rendered":"https:\/\/cozyanddozy.com\/fr\/product\/tipi-stripes-teepee-in-stripes-pattern\/"},"modified":"2025-01-29T22:28:47","modified_gmt":"2025-01-29T21:28:47","slug":"tipi-indien-tente-pour-garcon-stripes","status":"publish","type":"product","link":"https:\/\/cozyanddozy.com\/fr\/produit\/tipi-indien-tente-pour-garcon-stripes\/","title":{"rendered":"Tipi indien, tente pour gar\u00e7on Stripes"},"content":{"rendered":"<p>Tipi Indian est un endroit inhabituel pour s&#8217;amuser en plein air et \u00e0 la maison. La tente tipi pour les enfants est un bon endroit pour se reposer et un coin lecture. Tipi pour les enfants est une caract\u00e9ristique \u00e0 la mode de la d\u00e9coration des chambres d&#8217;enfants.<\/p>\n<p>La tente Tipi Stripes est faite de toile solide et de coton \u00e0 rayures noires et blanches. L&#8217;entr\u00e9e du lodge est d\u00e9cor\u00e9e de ruban noir. La tente pour le b\u00e9b\u00e9 a une poche pour les jouets et une fen\u00eatre avec un volet roulant, tous les tissus peuvent \u00eatre lav\u00e9s dans la machine \u00e0 laver. La tente est facile \u00e0 plier et ne prend pas beaucoup de place.<\/p>\n<p>Les tipi indiens sont fabriqu\u00e9s en utilisant des m\u00e9thodes artisanales, \u00e0 partir de tissus de s\u00e9curit\u00e9 pour enfants d&#8217;Europe et de qualit\u00e9 certifi\u00e9e. Tous les mod\u00e8les sont con\u00e7us par nous et nous vous garantissons que vous obtenez un produit unique et la meilleure qualit\u00e9.<\/p>\n<p>Un ensemble de tipis avec un tapis, des oreillers et une guirlande est disponible ici :<\/p>\n<h3>Le tipi Stripes de Cozy &amp; Dozy comprend:<\/h3>\n<ul>\n<li>tipi tente<\/li>\n<li>stabilizer<\/li>\n<li>4 poteaux en pin naturel (ch\u00e2ssis).<\/li>\n<\/ul>\n<p>&nbsp;<\/p>\n","protected":false},"excerpt":{"rendered":"<p>Tipi Indian est un endroit inhabituel pour s&#8217;amuser en plein air et \u00e0 la maison. La tente tipi pour les enfants est un bon endroit pour se reposer et un coin lecture.<\/p>\n","protected":false},"featured_media":407,"comment_status":"open","ping_status":"closed","template":"","meta":[],"product_brand":[],"product_cat":[16],"product_tag":[],"class_list":{"0":"post-413","1":"product","2":"type-product","3":"status-publish","4":"has-post-thumbnail","6":"product_cat-tentes-tipi","8":"first","9":"instock","10":"sale","11":"product-type-simple"},"yoast_head":"<!-- This site is optimized with the Yoast SEO Premium plugin v21.9 (Yoast SEO v27.0) - https:\/\/yoast.com\/product\/yoast-seo-premium-wordpress\/ -->\n<title>Tipi indien, tente pour gar\u00e7on Stripes - Cozy &amp; Dozy<\/title>\n<meta name=\"description\" content=\"Tipi Indian est un endroit inhabituel pour s&#039;amuser en plein air et \u00e0 la maison. La tente tipi pour les enfants est un bon endroit pour se reposer et un coin lecture.\" \/>\n<meta name=\"robots\" content=\"index, follow, max-snippet:-1, max-image-preview:large, max-video-preview:-1\" \/>\n<link rel=\"canonical\" href=\"https:\/\/cozyanddozy.com\/fr\/produit\/tipi-indien-tente-pour-garcon-stripes\/\" \/>\n<meta property=\"og:locale\" content=\"fr_FR\" \/>\n<meta property=\"og:type\" content=\"article\" \/>\n<meta property=\"og:title\" content=\"Tipi indien, tente pour gar\u00e7on Stripes\" \/>\n<meta property=\"og:description\" content=\"Tipi Indian est un endroit inhabituel pour s&#039;amuser en plein air et \u00e0 la maison. La tente tipi pour les enfants est un bon endroit pour se reposer et un coin lecture.\" \/>\n<meta property=\"og:url\" content=\"https:\/\/cozyanddozy.com\/fr\/produit\/tipi-indien-tente-pour-garcon-stripes\/\" \/>\n<meta property=\"og:site_name\" content=\"Cozy &amp; Dozy\" \/>\n<meta property=\"article:publisher\" content=\"https:\/\/www.facebook.com\/cozyanddozyshop\" \/>\n<meta property=\"article:modified_time\" content=\"2025-01-29T21:28:47+00:00\" \/>\n<meta property=\"og:image\" content=\"https:\/\/cozyanddozy.com\/fr\/wp-content\/uploads\/2023\/02\/pp-1243.jpg\" \/>\n\t<meta property=\"og:image:width\" content=\"1200\" \/>\n\t<meta property=\"og:image:height\" content=\"1200\" \/>\n\t<meta property=\"og:image:type\" content=\"image\/jpeg\" \/>\n<meta name=\"twitter:card\" content=\"summary_large_image\" \/>\n<meta name=\"twitter:label1\" content=\"Prix\" \/>\n\t<meta name=\"twitter:data1\" content=\"79,00&nbsp;&euro;\" \/>\n\t<meta name=\"twitter:label2\" content=\"Disponibilit\u00e9\" \/>\n\t<meta name=\"twitter:data2\" content=\"En stock\" \/>\n<script type=\"application\/ld+json\" class=\"yoast-schema-graph\">{\"@context\":\"https:\/\/schema.org\",\"@graph\":[{\"@type\":\"WebPage\",\"@id\":\"https:\/\/cozyanddozy.com\/fr\/produit\/tipi-indien-tente-pour-garcon-stripes\/\",\"url\":\"https:\/\/cozyanddozy.com\/fr\/produit\/tipi-indien-tente-pour-garcon-stripes\/\",\"name\":\"Tipi indien, tente pour gar\u00e7on Stripes - Cozy &amp; Dozy\",\"isPartOf\":{\"@id\":\"https:\/\/cozyanddozy.com\/fr\/#website\"},\"primaryImageOfPage\":{\"@id\":\"https:\/\/cozyanddozy.com\/fr\/produit\/tipi-indien-tente-pour-garcon-stripes\/#primaryimage\"},\"image\":{\"@id\":\"https:\/\/cozyanddozy.com\/fr\/produit\/tipi-indien-tente-pour-garcon-stripes\/#primaryimage\"},\"thumbnailUrl\":\"https:\/\/cozyanddozy.com\/fr\/wp-content\/uploads\/2023\/02\/pp-1243.jpg\",\"datePublished\":\"2017-10-31T12:09:31+00:00\",\"dateModified\":\"2025-01-29T21:28:47+00:00\",\"description\":\"Tipi Indian est un endroit inhabituel pour s'amuser en plein air et \u00e0 la maison. La tente tipi pour les enfants est un bon endroit pour se reposer et un coin lecture.\",\"breadcrumb\":{\"@id\":\"https:\/\/cozyanddozy.com\/fr\/produit\/tipi-indien-tente-pour-garcon-stripes\/#breadcrumb\"},\"inLanguage\":\"fr-FR\",\"potentialAction\":[{\"@type\":\"ReadAction\",\"target\":[\"https:\/\/cozyanddozy.com\/fr\/produit\/tipi-indien-tente-pour-garcon-stripes\/\"]}]},{\"@type\":\"ImageObject\",\"inLanguage\":\"fr-FR\",\"@id\":\"https:\/\/cozyanddozy.com\/fr\/produit\/tipi-indien-tente-pour-garcon-stripes\/#primaryimage\",\"url\":\"https:\/\/cozyanddozy.com\/fr\/wp-content\/uploads\/2023\/02\/pp-1243.jpg\",\"contentUrl\":\"https:\/\/cozyanddozy.com\/fr\/wp-content\/uploads\/2023\/02\/pp-1243.jpg\",\"width\":1200,\"height\":1200},{\"@type\":\"BreadcrumbList\",\"@id\":\"https:\/\/cozyanddozy.com\/fr\/produit\/tipi-indien-tente-pour-garcon-stripes\/#breadcrumb\",\"itemListElement\":[{\"@type\":\"ListItem\",\"position\":1,\"name\":\"Home\",\"item\":\"https:\/\/cozyanddozy.com\/fr\/\"},{\"@type\":\"ListItem\",\"position\":2,\"name\":\"Boutique\",\"item\":\"https:\/\/cozyanddozy.com\/fr\/boutique\/\"},{\"@type\":\"ListItem\",\"position\":3,\"name\":\"Tipi indien, tente pour gar\u00e7on Stripes\"}]},{\"@type\":\"WebSite\",\"@id\":\"https:\/\/cozyanddozy.com\/fr\/#website\",\"url\":\"https:\/\/cozyanddozy.com\/fr\/\",\"name\":\"Cozy & Dozy\",\"description\":\"\",\"publisher\":{\"@id\":\"https:\/\/cozyanddozy.com\/fr\/#organization\"},\"alternateName\":\"Cozy and Dozy\",\"potentialAction\":[{\"@type\":\"SearchAction\",\"target\":{\"@type\":\"EntryPoint\",\"urlTemplate\":\"https:\/\/cozyanddozy.com\/fr\/?s={search_term_string}\"},\"query-input\":{\"@type\":\"PropertyValueSpecification\",\"valueRequired\":true,\"valueName\":\"search_term_string\"}}],\"inLanguage\":\"fr-FR\"},{\"@type\":\"Organization\",\"@id\":\"https:\/\/cozyanddozy.com\/fr\/#organization\",\"name\":\"Cozy & Dozy\",\"url\":\"https:\/\/cozyanddozy.com\/fr\/\",\"logo\":{\"@type\":\"ImageObject\",\"inLanguage\":\"fr-FR\",\"@id\":\"https:\/\/cozyanddozy.com\/fr\/#\/schema\/logo\/image\/\",\"url\":\"https:\/\/cozyanddozy.com\/fr\/wp-content\/uploads\/2023\/02\/cozyanddozy_logo_b.png\",\"contentUrl\":\"https:\/\/cozyanddozy.com\/fr\/wp-content\/uploads\/2023\/02\/cozyanddozy_logo_b.png\",\"width\":314,\"height\":85,\"caption\":\"Cozy & Dozy\"},\"image\":{\"@id\":\"https:\/\/cozyanddozy.com\/fr\/#\/schema\/logo\/image\/\"},\"sameAs\":[\"https:\/\/www.facebook.com\/cozyanddozyshop\",\"https:\/\/www.instagram.com\/cozyanddozy\/\"]}]}<\/script>\n<meta property=\"product:price:amount\" content=\"79.00\" \/>\n<meta property=\"product:price:currency\" content=\"EUR\" \/>\n<meta property=\"og:availability\" content=\"instock\" \/>\n<meta property=\"product:availability\" content=\"instock\" \/>\n<meta property=\"product:retailer_item_id\" content=\"5902701490591\" \/>\n<meta property=\"product:condition\" content=\"new\" \/>\n<!-- \/ Yoast SEO Premium plugin. -->","yoast_head_json":{"title":"Tipi indien, tente pour gar\u00e7on Stripes - Cozy &amp; Dozy","description":"Tipi Indian est un endroit inhabituel pour s'amuser en plein air et \u00e0 la maison. La tente tipi pour les enfants est un bon endroit pour se reposer et un coin lecture.","robots":{"index":"index","follow":"follow","max-snippet":"max-snippet:-1","max-image-preview":"max-image-preview:large","max-video-preview":"max-video-preview:-1"},"canonical":"https:\/\/cozyanddozy.com\/fr\/produit\/tipi-indien-tente-pour-garcon-stripes\/","og_locale":"fr_FR","og_type":"article","og_title":"Tipi indien, tente pour gar\u00e7on Stripes","og_description":"Tipi Indian est un endroit inhabituel pour s'amuser en plein air et \u00e0 la maison. La tente tipi pour les enfants est un bon endroit pour se reposer et un coin lecture.","og_url":"https:\/\/cozyanddozy.com\/fr\/produit\/tipi-indien-tente-pour-garcon-stripes\/","og_site_name":"Cozy &amp; Dozy","article_publisher":"https:\/\/www.facebook.com\/cozyanddozyshop","article_modified_time":"2025-01-29T21:28:47+00:00","og_image":[{"width":1200,"height":1200,"url":"https:\/\/cozyanddozy.com\/fr\/wp-content\/uploads\/2023\/02\/pp-1243.jpg","type":"image\/jpeg"}],"twitter_card":"summary_large_image","twitter_misc":{"Prix":"79,00&nbsp;&euro;","Disponibilit\u00e9":"En stock"},"schema":{"@context":"https:\/\/schema.org","@graph":[{"@type":"WebPage","@id":"https:\/\/cozyanddozy.com\/fr\/produit\/tipi-indien-tente-pour-garcon-stripes\/","url":"https:\/\/cozyanddozy.com\/fr\/produit\/tipi-indien-tente-pour-garcon-stripes\/","name":"Tipi indien, tente pour gar\u00e7on Stripes - Cozy &amp; Dozy","isPartOf":{"@id":"https:\/\/cozyanddozy.com\/fr\/#website"},"primaryImageOfPage":{"@id":"https:\/\/cozyanddozy.com\/fr\/produit\/tipi-indien-tente-pour-garcon-stripes\/#primaryimage"},"image":{"@id":"https:\/\/cozyanddozy.com\/fr\/produit\/tipi-indien-tente-pour-garcon-stripes\/#primaryimage"},"thumbnailUrl":"https:\/\/cozyanddozy.com\/fr\/wp-content\/uploads\/2023\/02\/pp-1243.jpg","datePublished":"2017-10-31T12:09:31+00:00","dateModified":"2025-01-29T21:28:47+00:00","description":"Tipi Indian est un endroit inhabituel pour s'amuser en plein air et \u00e0 la maison. La tente tipi pour les enfants est un bon endroit pour se reposer et un coin lecture.","breadcrumb":{"@id":"https:\/\/cozyanddozy.com\/fr\/produit\/tipi-indien-tente-pour-garcon-stripes\/#breadcrumb"},"inLanguage":"fr-FR","potentialAction":[{"@type":"ReadAction","target":["https:\/\/cozyanddozy.com\/fr\/produit\/tipi-indien-tente-pour-garcon-stripes\/"]}]},{"@type":"ImageObject","inLanguage":"fr-FR","@id":"https:\/\/cozyanddozy.com\/fr\/produit\/tipi-indien-tente-pour-garcon-stripes\/#primaryimage","url":"https:\/\/cozyanddozy.com\/fr\/wp-content\/uploads\/2023\/02\/pp-1243.jpg","contentUrl":"https:\/\/cozyanddozy.com\/fr\/wp-content\/uploads\/2023\/02\/pp-1243.jpg","width":1200,"height":1200},{"@type":"BreadcrumbList","@id":"https:\/\/cozyanddozy.com\/fr\/produit\/tipi-indien-tente-pour-garcon-stripes\/#breadcrumb","itemListElement":[{"@type":"ListItem","position":1,"name":"Home","item":"https:\/\/cozyanddozy.com\/fr\/"},{"@type":"ListItem","position":2,"name":"Boutique","item":"https:\/\/cozyanddozy.com\/fr\/boutique\/"},{"@type":"ListItem","position":3,"name":"Tipi indien, tente pour gar\u00e7on Stripes"}]},{"@type":"WebSite","@id":"https:\/\/cozyanddozy.com\/fr\/#website","url":"https:\/\/cozyanddozy.com\/fr\/","name":"Cozy & Dozy","description":"","publisher":{"@id":"https:\/\/cozyanddozy.com\/fr\/#organization"},"alternateName":"Cozy and Dozy","potentialAction":[{"@type":"SearchAction","target":{"@type":"EntryPoint","urlTemplate":"https:\/\/cozyanddozy.com\/fr\/?s={search_term_string}"},"query-input":{"@type":"PropertyValueSpecification","valueRequired":true,"valueName":"search_term_string"}}],"inLanguage":"fr-FR"},{"@type":"Organization","@id":"https:\/\/cozyanddozy.com\/fr\/#organization","name":"Cozy & Dozy","url":"https:\/\/cozyanddozy.com\/fr\/","logo":{"@type":"ImageObject","inLanguage":"fr-FR","@id":"https:\/\/cozyanddozy.com\/fr\/#\/schema\/logo\/image\/","url":"https:\/\/cozyanddozy.com\/fr\/wp-content\/uploads\/2023\/02\/cozyanddozy_logo_b.png","contentUrl":"https:\/\/cozyanddozy.com\/fr\/wp-content\/uploads\/2023\/02\/cozyanddozy_logo_b.png","width":314,"height":85,"caption":"Cozy & Dozy"},"image":{"@id":"https:\/\/cozyanddozy.com\/fr\/#\/schema\/logo\/image\/"},"sameAs":["https:\/\/www.facebook.com\/cozyanddozyshop","https:\/\/www.instagram.com\/cozyanddozy\/"]}]},"product_price_amount":"79.00","product_price_currency":"EUR","og_availability":"instock","product_availability":"instock","product_retailer_item_id":"5902701490591","product_condition":"new"},"_links":{"self":[{"href":"https:\/\/cozyanddozy.com\/fr\/wp-json\/wp\/v2\/product\/413","targetHints":{"allow":["GET"]}}],"collection":[{"href":"https:\/\/cozyanddozy.com\/fr\/wp-json\/wp\/v2\/product"}],"about":[{"href":"https:\/\/cozyanddozy.com\/fr\/wp-json\/wp\/v2\/types\/product"}],"replies":[{"embeddable":true,"href":"https:\/\/cozyanddozy.com\/fr\/wp-json\/wp\/v2\/comments?post=413"}],"wp:featuredmedia":[{"embeddable":true,"href":"https:\/\/cozyanddozy.com\/fr\/wp-json\/wp\/v2\/media\/407"}],"wp:attachment":[{"href":"https:\/\/cozyanddozy.com\/fr\/wp-json\/wp\/v2\/media?parent=413"}],"wp:term":[{"taxonomy":"product_brand","embeddable":true,"href":"https:\/\/cozyanddozy.com\/fr\/wp-json\/wp\/v2\/product_brand?post=413"},{"taxonomy":"product_cat","embeddable":true,"href":"https:\/\/cozyanddozy.com\/fr\/wp-json\/wp\/v2\/product_cat?post=413"},{"taxonomy":"product_tag","embeddable":true,"href":"https:\/\/cozyanddozy.com\/fr\/wp-json\/wp\/v2\/product_tag?post=413"}],"curies":[{"name":"wp","href":"https:\/\/api.w.org\/{rel}","templated":true}]}}