{"id":3950,"date":"2025-02-13T21:59:05","date_gmt":"2025-02-13T21:59:05","guid":{"rendered":"https:\/\/cozyanddozy.com\/?post_type=product&#038;p=3430"},"modified":"2025-02-13T23:08:35","modified_gmt":"2025-02-13T22:08:35","slug":"pouf-patchwork-brown-sage","status":"publish","type":"product","link":"https:\/\/cozyanddozy.com\/fr\/produit\/pouf-patchwork-brown-sage\/","title":{"rendered":"Pouf Patchwork Brown &#038; Sage"},"content":{"rendered":"<p class=\"p1\"><b>Coussin de Sol Rond \u2013 Pouf Patchwork Brown &amp; Sage<\/b><\/p>\n<p class=\"p2\">Le pouf patchwork en velours est un accessoire \u00e9l\u00e9gant et fonctionnel pour la chambre d&#8217;enfant. Sa combinaison de couleurs marron et vert sauge en fait un choix parfait pour une chambre de fille ou de gar\u00e7on. Confectionn\u00e9 en velours doux et de haute qualit\u00e9, il garantit un confort exceptionnel et une s\u00e9curit\u00e9 totale pour les enfants.<\/p>\n<p class=\"p2\">Gr\u00e2ce \u00e0 son rembourrage hypoallerg\u00e9nique, le pouf patchwork offre une assise moelleuse et agr\u00e9able. Sa housse amovible avec fermeture \u00e9clair permet un entretien facile et un lavage en machine. Ce n&#8217;est pas seulement un coussin de sol, mais aussi un \u00e9l\u00e9ment d\u00e9coratif raffin\u00e9 qui apporte chaleur et \u00e9l\u00e9gance \u00e0 tout int\u00e9rieur.<\/p>\n<p class=\"p2\">Le pouf Brown &amp; Sage est parfait pour un coin jeu, une chambre d&#8217;enfant ou m\u00eame comme si\u00e8ge d&#8217;appoint dans le salon. Con\u00e7u et fabriqu\u00e9 \u00e0 la main par Cozy&amp;Dozy \u2013 une garantie de qualit\u00e9 sup\u00e9rieure et d\u2019attention aux d\u00e9tails.<\/p>\n<p class=\"p2\">\u2705 <b>Caract\u00e9ristiques:<\/b><\/p>\n<ul class=\"ul1\">\n<li class=\"li2\">Dimensions: env. 70 \u00d7 10 cm (+\/- 2,5 cm)<\/li>\n<li class=\"li2\">Rembourrage: Mousse hypoallerg\u00e9nique et fibres de silicone<\/li>\n<li class=\"li2\">Mati\u00e8re: Velours \u2013 certifi\u00e9 CE<\/li>\n<\/ul>\n","protected":false},"excerpt":{"rendered":"<p>Pufa Brown&amp;Sage sprawdzi si\u0119 idealnie w k\u0105ciku zabaw, pokoju dzieci\u0119cym, a nawet jako dodatkowe siedzisko w salonie. Zaprojektowana i wykonana w naszej pracowni Cozy&amp;Dozy \u2013 gwarancja najwy\u017cszej jako\u015bci i dba\u0142o\u015bci o detale.<\/p>\n","protected":false},"featured_media":3944,"comment_status":"open","ping_status":"closed","template":"","meta":[],"product_brand":[],"product_cat":[17],"product_tag":[],"class_list":{"0":"post-3950","1":"product","2":"type-product","3":"status-publish","4":"has-post-thumbnail","6":"product_cat-coussins-et-poufs","8":"first","9":"instock","10":"shipping-taxable","11":"product-type-simple"},"yoast_head":"<!-- This site is optimized with the Yoast SEO Premium plugin v21.9 (Yoast SEO v27.0) - https:\/\/yoast.com\/product\/yoast-seo-premium-wordpress\/ -->\n<title>Pouf Patchwork Brown &amp; Sage - Cozy &amp; Dozy<\/title>\n<meta name=\"description\" content=\"Pufa Brown&amp;Sage sprawdzi si\u0119 idealnie w k\u0105ciku zabaw, pokoju dzieci\u0119cym, a nawet jako dodatkowe siedzisko w salonie. Zaprojektowana i wykonana w naszej pracowni Cozy&amp;Dozy \u2013 gwarancja najwy\u017cszej jako\u015bci i dba\u0142o\u015bci o detale.\" \/>\n<meta name=\"robots\" content=\"index, follow, max-snippet:-1, max-image-preview:large, max-video-preview:-1\" \/>\n<link rel=\"canonical\" href=\"https:\/\/cozyanddozy.com\/fr\/produit\/pouf-patchwork-brown-sage\/\" \/>\n<meta property=\"og:locale\" content=\"fr_FR\" \/>\n<meta property=\"og:type\" content=\"article\" \/>\n<meta property=\"og:title\" content=\"Pouf Patchwork Brown &amp; Sage\" \/>\n<meta property=\"og:description\" content=\"Pufa Brown&amp;Sage sprawdzi si\u0119 idealnie w k\u0105ciku zabaw, pokoju dzieci\u0119cym, a nawet jako dodatkowe siedzisko w salonie. Zaprojektowana i wykonana w naszej pracowni Cozy&amp;Dozy \u2013 gwarancja najwy\u017cszej jako\u015bci i dba\u0142o\u015bci o detale.\" \/>\n<meta property=\"og:url\" content=\"https:\/\/cozyanddozy.com\/fr\/produit\/pouf-patchwork-brown-sage\/\" \/>\n<meta property=\"og:site_name\" content=\"Cozy &amp; Dozy\" \/>\n<meta property=\"article:publisher\" content=\"https:\/\/www.facebook.com\/cozyanddozyshop\" \/>\n<meta property=\"article:modified_time\" content=\"2025-02-13T22:08:35+00:00\" \/>\n<meta property=\"og:image\" content=\"https:\/\/cozyanddozy.com\/fr\/wp-content\/uploads\/2025\/02\/IMG_2192-2-scaled.jpeg\" \/>\n\t<meta property=\"og:image:width\" content=\"2560\" \/>\n\t<meta property=\"og:image:height\" content=\"2560\" \/>\n\t<meta property=\"og:image:type\" content=\"image\/jpeg\" \/>\n<meta name=\"twitter:card\" content=\"summary_large_image\" \/>\n<meta name=\"twitter:label1\" content=\"Prix\" \/>\n\t<meta name=\"twitter:data1\" content=\"69,00&nbsp;&euro;\" \/>\n\t<meta name=\"twitter:label2\" content=\"Disponibilit\u00e9\" \/>\n\t<meta name=\"twitter:data2\" content=\"En stock\" \/>\n<script type=\"application\/ld+json\" class=\"yoast-schema-graph\">{\"@context\":\"https:\/\/schema.org\",\"@graph\":[{\"@type\":\"WebPage\",\"@id\":\"https:\/\/cozyanddozy.com\/fr\/produit\/pouf-patchwork-brown-sage\/\",\"url\":\"https:\/\/cozyanddozy.com\/fr\/produit\/pouf-patchwork-brown-sage\/\",\"name\":\"Pouf Patchwork Brown & Sage - Cozy & Dozy\",\"isPartOf\":{\"@id\":\"https:\/\/cozyanddozy.com\/fr\/#website\"},\"primaryImageOfPage\":{\"@id\":\"https:\/\/cozyanddozy.com\/fr\/produit\/pouf-patchwork-brown-sage\/#primaryimage\"},\"image\":{\"@id\":\"https:\/\/cozyanddozy.com\/fr\/produit\/pouf-patchwork-brown-sage\/#primaryimage\"},\"thumbnailUrl\":\"https:\/\/cozyanddozy.com\/fr\/wp-content\/uploads\/2025\/02\/IMG_2192-2-scaled.jpeg\",\"datePublished\":\"2025-02-13T21:59:05+00:00\",\"dateModified\":\"2025-02-13T22:08:35+00:00\",\"description\":\"Pufa Brown&Sage sprawdzi si\u0119 idealnie w k\u0105ciku zabaw, pokoju dzieci\u0119cym, a nawet jako dodatkowe siedzisko w salonie. Zaprojektowana i wykonana w naszej pracowni Cozy&Dozy \u2013 gwarancja najwy\u017cszej jako\u015bci i dba\u0142o\u015bci o detale.\",\"breadcrumb\":{\"@id\":\"https:\/\/cozyanddozy.com\/fr\/produit\/pouf-patchwork-brown-sage\/#breadcrumb\"},\"inLanguage\":\"fr-FR\",\"potentialAction\":[{\"@type\":\"ReadAction\",\"target\":[\"https:\/\/cozyanddozy.com\/fr\/produit\/pouf-patchwork-brown-sage\/\"]}]},{\"@type\":\"ImageObject\",\"inLanguage\":\"fr-FR\",\"@id\":\"https:\/\/cozyanddozy.com\/fr\/produit\/pouf-patchwork-brown-sage\/#primaryimage\",\"url\":\"https:\/\/cozyanddozy.com\/fr\/wp-content\/uploads\/2025\/02\/IMG_2192-2-scaled.jpeg\",\"contentUrl\":\"https:\/\/cozyanddozy.com\/fr\/wp-content\/uploads\/2025\/02\/IMG_2192-2-scaled.jpeg\",\"width\":2560,\"height\":2560},{\"@type\":\"BreadcrumbList\",\"@id\":\"https:\/\/cozyanddozy.com\/fr\/produit\/pouf-patchwork-brown-sage\/#breadcrumb\",\"itemListElement\":[{\"@type\":\"ListItem\",\"position\":1,\"name\":\"Home\",\"item\":\"https:\/\/cozyanddozy.com\/fr\/\"},{\"@type\":\"ListItem\",\"position\":2,\"name\":\"Boutique\",\"item\":\"https:\/\/cozyanddozy.com\/fr\/boutique\/\"},{\"@type\":\"ListItem\",\"position\":3,\"name\":\"Pouf Patchwork Brown &#038; Sage\"}]},{\"@type\":\"WebSite\",\"@id\":\"https:\/\/cozyanddozy.com\/fr\/#website\",\"url\":\"https:\/\/cozyanddozy.com\/fr\/\",\"name\":\"Cozy & Dozy\",\"description\":\"\",\"publisher\":{\"@id\":\"https:\/\/cozyanddozy.com\/fr\/#organization\"},\"alternateName\":\"Cozy and Dozy\",\"potentialAction\":[{\"@type\":\"SearchAction\",\"target\":{\"@type\":\"EntryPoint\",\"urlTemplate\":\"https:\/\/cozyanddozy.com\/fr\/?s={search_term_string}\"},\"query-input\":{\"@type\":\"PropertyValueSpecification\",\"valueRequired\":true,\"valueName\":\"search_term_string\"}}],\"inLanguage\":\"fr-FR\"},{\"@type\":\"Organization\",\"@id\":\"https:\/\/cozyanddozy.com\/fr\/#organization\",\"name\":\"Cozy & Dozy\",\"url\":\"https:\/\/cozyanddozy.com\/fr\/\",\"logo\":{\"@type\":\"ImageObject\",\"inLanguage\":\"fr-FR\",\"@id\":\"https:\/\/cozyanddozy.com\/fr\/#\/schema\/logo\/image\/\",\"url\":\"https:\/\/cozyanddozy.com\/fr\/wp-content\/uploads\/2023\/02\/cozyanddozy_logo_b.png\",\"contentUrl\":\"https:\/\/cozyanddozy.com\/fr\/wp-content\/uploads\/2023\/02\/cozyanddozy_logo_b.png\",\"width\":314,\"height\":85,\"caption\":\"Cozy & Dozy\"},\"image\":{\"@id\":\"https:\/\/cozyanddozy.com\/fr\/#\/schema\/logo\/image\/\"},\"sameAs\":[\"https:\/\/www.facebook.com\/cozyanddozyshop\",\"https:\/\/www.instagram.com\/cozyanddozy\/\"]}]}<\/script>\n<meta property=\"product:price:amount\" content=\"69.00\" \/>\n<meta property=\"product:price:currency\" content=\"EUR\" \/>\n<meta property=\"og:availability\" content=\"instock\" \/>\n<meta property=\"product:availability\" content=\"instock\" \/>\n<meta property=\"product:retailer_item_id\" content=\"5902701498139\" \/>\n<meta property=\"product:condition\" content=\"new\" \/>\n<!-- \/ Yoast SEO Premium plugin. -->","yoast_head_json":{"title":"Pouf Patchwork Brown & Sage - Cozy & Dozy","description":"Pufa Brown&Sage sprawdzi si\u0119 idealnie w k\u0105ciku zabaw, pokoju dzieci\u0119cym, a nawet jako dodatkowe siedzisko w salonie. Zaprojektowana i wykonana w naszej pracowni Cozy&Dozy \u2013 gwarancja najwy\u017cszej jako\u015bci i dba\u0142o\u015bci o detale.","robots":{"index":"index","follow":"follow","max-snippet":"max-snippet:-1","max-image-preview":"max-image-preview:large","max-video-preview":"max-video-preview:-1"},"canonical":"https:\/\/cozyanddozy.com\/fr\/produit\/pouf-patchwork-brown-sage\/","og_locale":"fr_FR","og_type":"article","og_title":"Pouf Patchwork Brown & Sage","og_description":"Pufa Brown&Sage sprawdzi si\u0119 idealnie w k\u0105ciku zabaw, pokoju dzieci\u0119cym, a nawet jako dodatkowe siedzisko w salonie. Zaprojektowana i wykonana w naszej pracowni Cozy&Dozy \u2013 gwarancja najwy\u017cszej jako\u015bci i dba\u0142o\u015bci o detale.","og_url":"https:\/\/cozyanddozy.com\/fr\/produit\/pouf-patchwork-brown-sage\/","og_site_name":"Cozy &amp; Dozy","article_publisher":"https:\/\/www.facebook.com\/cozyanddozyshop","article_modified_time":"2025-02-13T22:08:35+00:00","og_image":[{"width":2560,"height":2560,"url":"https:\/\/cozyanddozy.com\/fr\/wp-content\/uploads\/2025\/02\/IMG_2192-2-scaled.jpeg","type":"image\/jpeg"}],"twitter_card":"summary_large_image","twitter_misc":{"Prix":"69,00&nbsp;&euro;","Disponibilit\u00e9":"En stock"},"schema":{"@context":"https:\/\/schema.org","@graph":[{"@type":"WebPage","@id":"https:\/\/cozyanddozy.com\/fr\/produit\/pouf-patchwork-brown-sage\/","url":"https:\/\/cozyanddozy.com\/fr\/produit\/pouf-patchwork-brown-sage\/","name":"Pouf Patchwork Brown & Sage - Cozy & Dozy","isPartOf":{"@id":"https:\/\/cozyanddozy.com\/fr\/#website"},"primaryImageOfPage":{"@id":"https:\/\/cozyanddozy.com\/fr\/produit\/pouf-patchwork-brown-sage\/#primaryimage"},"image":{"@id":"https:\/\/cozyanddozy.com\/fr\/produit\/pouf-patchwork-brown-sage\/#primaryimage"},"thumbnailUrl":"https:\/\/cozyanddozy.com\/fr\/wp-content\/uploads\/2025\/02\/IMG_2192-2-scaled.jpeg","datePublished":"2025-02-13T21:59:05+00:00","dateModified":"2025-02-13T22:08:35+00:00","description":"Pufa Brown&Sage sprawdzi si\u0119 idealnie w k\u0105ciku zabaw, pokoju dzieci\u0119cym, a nawet jako dodatkowe siedzisko w salonie. Zaprojektowana i wykonana w naszej pracowni Cozy&Dozy \u2013 gwarancja najwy\u017cszej jako\u015bci i dba\u0142o\u015bci o detale.","breadcrumb":{"@id":"https:\/\/cozyanddozy.com\/fr\/produit\/pouf-patchwork-brown-sage\/#breadcrumb"},"inLanguage":"fr-FR","potentialAction":[{"@type":"ReadAction","target":["https:\/\/cozyanddozy.com\/fr\/produit\/pouf-patchwork-brown-sage\/"]}]},{"@type":"ImageObject","inLanguage":"fr-FR","@id":"https:\/\/cozyanddozy.com\/fr\/produit\/pouf-patchwork-brown-sage\/#primaryimage","url":"https:\/\/cozyanddozy.com\/fr\/wp-content\/uploads\/2025\/02\/IMG_2192-2-scaled.jpeg","contentUrl":"https:\/\/cozyanddozy.com\/fr\/wp-content\/uploads\/2025\/02\/IMG_2192-2-scaled.jpeg","width":2560,"height":2560},{"@type":"BreadcrumbList","@id":"https:\/\/cozyanddozy.com\/fr\/produit\/pouf-patchwork-brown-sage\/#breadcrumb","itemListElement":[{"@type":"ListItem","position":1,"name":"Home","item":"https:\/\/cozyanddozy.com\/fr\/"},{"@type":"ListItem","position":2,"name":"Boutique","item":"https:\/\/cozyanddozy.com\/fr\/boutique\/"},{"@type":"ListItem","position":3,"name":"Pouf Patchwork Brown &#038; Sage"}]},{"@type":"WebSite","@id":"https:\/\/cozyanddozy.com\/fr\/#website","url":"https:\/\/cozyanddozy.com\/fr\/","name":"Cozy & Dozy","description":"","publisher":{"@id":"https:\/\/cozyanddozy.com\/fr\/#organization"},"alternateName":"Cozy and Dozy","potentialAction":[{"@type":"SearchAction","target":{"@type":"EntryPoint","urlTemplate":"https:\/\/cozyanddozy.com\/fr\/?s={search_term_string}"},"query-input":{"@type":"PropertyValueSpecification","valueRequired":true,"valueName":"search_term_string"}}],"inLanguage":"fr-FR"},{"@type":"Organization","@id":"https:\/\/cozyanddozy.com\/fr\/#organization","name":"Cozy & Dozy","url":"https:\/\/cozyanddozy.com\/fr\/","logo":{"@type":"ImageObject","inLanguage":"fr-FR","@id":"https:\/\/cozyanddozy.com\/fr\/#\/schema\/logo\/image\/","url":"https:\/\/cozyanddozy.com\/fr\/wp-content\/uploads\/2023\/02\/cozyanddozy_logo_b.png","contentUrl":"https:\/\/cozyanddozy.com\/fr\/wp-content\/uploads\/2023\/02\/cozyanddozy_logo_b.png","width":314,"height":85,"caption":"Cozy & Dozy"},"image":{"@id":"https:\/\/cozyanddozy.com\/fr\/#\/schema\/logo\/image\/"},"sameAs":["https:\/\/www.facebook.com\/cozyanddozyshop","https:\/\/www.instagram.com\/cozyanddozy\/"]}]},"product_price_amount":"69.00","product_price_currency":"EUR","og_availability":"instock","product_availability":"instock","product_retailer_item_id":"5902701498139","product_condition":"new"},"_links":{"self":[{"href":"https:\/\/cozyanddozy.com\/fr\/wp-json\/wp\/v2\/product\/3950","targetHints":{"allow":["GET"]}}],"collection":[{"href":"https:\/\/cozyanddozy.com\/fr\/wp-json\/wp\/v2\/product"}],"about":[{"href":"https:\/\/cozyanddozy.com\/fr\/wp-json\/wp\/v2\/types\/product"}],"replies":[{"embeddable":true,"href":"https:\/\/cozyanddozy.com\/fr\/wp-json\/wp\/v2\/comments?post=3950"}],"wp:featuredmedia":[{"embeddable":true,"href":"https:\/\/cozyanddozy.com\/fr\/wp-json\/wp\/v2\/media\/3944"}],"wp:attachment":[{"href":"https:\/\/cozyanddozy.com\/fr\/wp-json\/wp\/v2\/media?parent=3950"}],"wp:term":[{"taxonomy":"product_brand","embeddable":true,"href":"https:\/\/cozyanddozy.com\/fr\/wp-json\/wp\/v2\/product_brand?post=3950"},{"taxonomy":"product_cat","embeddable":true,"href":"https:\/\/cozyanddozy.com\/fr\/wp-json\/wp\/v2\/product_cat?post=3950"},{"taxonomy":"product_tag","embeddable":true,"href":"https:\/\/cozyanddozy.com\/fr\/wp-json\/wp\/v2\/product_tag?post=3950"}],"curies":[{"name":"wp","href":"https:\/\/api.w.org\/{rel}","templated":true}]}}