{"id":3934,"date":"2025-02-10T20:22:51","date_gmt":"2025-02-10T20:22:51","guid":{"rendered":"https:\/\/cozyanddozy.com\/?post_type=product&#038;p=3426"},"modified":"2025-02-10T21:46:07","modified_gmt":"2025-02-10T20:46:07","slug":"coussin-frill-heart-love-coussin-decoratif-en-velours-rouge-en-forme-de-coeur","status":"publish","type":"product","link":"https:\/\/cozyanddozy.com\/fr\/produit\/coussin-frill-heart-love-coussin-decoratif-en-velours-rouge-en-forme-de-coeur\/","title":{"rendered":"Coussin Frill Heart, LOVE coussin d\u00e9coratif en velours rouge en forme de c\u0153ur"},"content":{"rendered":"<p class=\"p1\"><b>Coussin Frill Heart \u2013 D\u00e9coration Romantique et Cadeau Parfait pour la Saint-Valentin\u00a0<\/b><\/p>\n<p class=\"p1\">Vous cherchez un cadeau unique pour la Saint-Valentin ? Le <b>coussin Frill Heart<\/b> est le choix id\u00e9al pour tous ceux qui aiment les <b>d\u00e9corations \u00e9l\u00e9gantes et confortables<\/b> ! Fabriqu\u00e9 en <b>velours doux<\/b>, il est \u00e0 la fois d\u00e9licat et raffin\u00e9. Avec sa <b>taille de 45&#215;45 cm<\/b>, il s\u2019int\u00e8gre parfaitement dans une chambre, un salon ou une chambre de fille.<\/p>\n<p class=\"p1\">Sa <b>couleur rouge classique<\/b>, associ\u00e9e \u00e0 un <b>joli volant d\u00e9coratif<\/b>, conf\u00e8re au coussin une touche romantique et \u00e9l\u00e9gante. Son <b>grand design en forme de c\u0153ur<\/b> en fait non seulement un bel accessoire de d\u00e9coration, mais aussi <b>un cadeau id\u00e9al pour un \u00eatre cher<\/b> \u2013 parfait pour <b>la Saint-Valentin, un anniversaire ou toute autre occasion sp\u00e9ciale<\/b>.<\/p>\n<p class=\"p1\">Faisant partie de la <b>collection LOVE<\/b>, ce coussin apporte chaleur et romantisme \u00e0 n&#8217;importe quel int\u00e9rieur. Offrez \u00e0 quelqu&#8217;un une touche d&#8217;amour sous sa plus belle forme !<\/p>\n<p class=\"p1\"><b>Commandez maintenant et offrez un cadeau sp\u00e9cial \u00e0 un \u00eatre cher !<\/b><\/p>\n<p class=\"p1\"><b>Description :<\/b><\/p>\n<ul class=\"ul1\">\n<li class=\"li1\"><b>Taille :<\/b> 45 cm x 45 cm<\/li>\n<li class=\"li1\"><b>Fabriqu\u00e9 en velours doux et haut de gamme<\/b>, confortable et respectueux de la peau, <b>certifi\u00e9 CE, tissus europ\u00e9ens s\u00fbrs pour les enfants<\/b><\/li>\n<li class=\"li1\"><b>Entretien facile :<\/b> lavable en machine \u00e0 <b>40 degr\u00e9s<\/b>, essorage \u00e0 <b>800 tours\/minute<\/b>, ne pas nettoyer \u00e0 sec, ne pas utiliser d\u2019eau de Javel. Apr\u00e8s lavage, <b>secouez-le pour r\u00e9partir le rembourrage, et s\u00e9chez \u00e0 plat<\/b>.<\/li>\n<li class=\"li1\"><b>Rembourrage du coussin :<\/b> <b>billes de silicone, anti-allerg\u00e9nique<\/b>. De plus, la <b>laine de silicone cousue \u00e0 l&#8217;int\u00e9rieur<\/b> emp\u00eache le rembourrage de s&#8217;agglutiner.<\/li>\n<li class=\"li1\"><b>Fabriqu\u00e9 par Cozy&amp;Dozy<\/b>, r\u00e9put\u00e9 pour sa qualit\u00e9 et sa s\u00e9curit\u00e9 \u2013 tous les mat\u00e9riaux sont <b>certifi\u00e9s et sans danger pour les enfants<\/b>.<\/li>\n<\/ul>\n","protected":false},"excerpt":{"rendered":"<p class=\"p1\">Vous cherchez un cadeau unique pour la Saint-Valentin ? Le <b>coussin Frill Heart<\/b> est le choix id\u00e9al pour tous ceux qui aiment les <b>d\u00e9corations \u00e9l\u00e9gantes et confortables<\/b> !<\/p>\n<p class=\"p1\">\n","protected":false},"featured_media":3911,"comment_status":"open","ping_status":"closed","template":"","meta":[],"product_brand":[],"product_cat":[17],"product_tag":[],"class_list":{"0":"post-3934","1":"product","2":"type-product","3":"status-publish","4":"has-post-thumbnail","6":"product_cat-coussins-et-poufs","8":"first","9":"instock","10":"shipping-taxable","11":"product-type-simple"},"yoast_head":"<!-- This site is optimized with the Yoast SEO Premium plugin v21.9 (Yoast SEO v27.0) - https:\/\/yoast.com\/product\/yoast-seo-premium-wordpress\/ -->\n<title>Coussin Frill Heart, LOVE coussin d\u00e9coratif en velours rouge en forme de c\u0153ur - Cozy &amp; Dozy<\/title>\n<meta name=\"description\" content=\"Vous cherchez un cadeau unique pour la Saint-Valentin ? Le coussin Frill Heart est le choix id\u00e9al pour tous ceux qui aiment les d\u00e9corations \u00e9l\u00e9gantes et confortables !\" \/>\n<meta name=\"robots\" content=\"index, follow, max-snippet:-1, max-image-preview:large, max-video-preview:-1\" \/>\n<link rel=\"canonical\" href=\"https:\/\/cozyanddozy.com\/fr\/produit\/coussin-frill-heart-love-coussin-decoratif-en-velours-rouge-en-forme-de-coeur\/\" \/>\n<meta property=\"og:locale\" content=\"fr_FR\" \/>\n<meta property=\"og:type\" content=\"article\" \/>\n<meta property=\"og:title\" content=\"Coussin Frill Heart, LOVE coussin d\u00e9coratif en velours rouge en forme de c\u0153ur\" \/>\n<meta property=\"og:description\" content=\"Vous cherchez un cadeau unique pour la Saint-Valentin ? Le coussin Frill Heart est le choix id\u00e9al pour tous ceux qui aiment les d\u00e9corations \u00e9l\u00e9gantes et confortables !\" \/>\n<meta property=\"og:url\" content=\"https:\/\/cozyanddozy.com\/fr\/produit\/coussin-frill-heart-love-coussin-decoratif-en-velours-rouge-en-forme-de-coeur\/\" \/>\n<meta property=\"og:site_name\" content=\"Cozy &amp; Dozy\" \/>\n<meta property=\"article:publisher\" content=\"https:\/\/www.facebook.com\/cozyanddozyshop\" \/>\n<meta property=\"article:modified_time\" content=\"2025-02-10T20:46:07+00:00\" \/>\n<meta property=\"og:image\" content=\"https:\/\/cozyanddozy.com\/fr\/wp-content\/uploads\/2025\/02\/image00018-scaled.jpeg\" \/>\n\t<meta property=\"og:image:width\" content=\"2560\" \/>\n\t<meta property=\"og:image:height\" content=\"2560\" \/>\n\t<meta property=\"og:image:type\" content=\"image\/jpeg\" \/>\n<meta name=\"twitter:card\" content=\"summary_large_image\" \/>\n<meta name=\"twitter:label1\" content=\"Prix\" \/>\n\t<meta name=\"twitter:data1\" content=\"39,00&nbsp;&euro;\" \/>\n\t<meta name=\"twitter:label2\" content=\"Disponibilit\u00e9\" \/>\n\t<meta name=\"twitter:data2\" content=\"En stock\" \/>\n<script type=\"application\/ld+json\" class=\"yoast-schema-graph\">{\"@context\":\"https:\/\/schema.org\",\"@graph\":[{\"@type\":\"WebPage\",\"@id\":\"https:\/\/cozyanddozy.com\/fr\/produit\/coussin-frill-heart-love-coussin-decoratif-en-velours-rouge-en-forme-de-coeur\/\",\"url\":\"https:\/\/cozyanddozy.com\/fr\/produit\/coussin-frill-heart-love-coussin-decoratif-en-velours-rouge-en-forme-de-coeur\/\",\"name\":\"Coussin Frill Heart, LOVE coussin d\u00e9coratif en velours rouge en forme de c\u0153ur - Cozy & Dozy\",\"isPartOf\":{\"@id\":\"https:\/\/cozyanddozy.com\/fr\/#website\"},\"primaryImageOfPage\":{\"@id\":\"https:\/\/cozyanddozy.com\/fr\/produit\/coussin-frill-heart-love-coussin-decoratif-en-velours-rouge-en-forme-de-coeur\/#primaryimage\"},\"image\":{\"@id\":\"https:\/\/cozyanddozy.com\/fr\/produit\/coussin-frill-heart-love-coussin-decoratif-en-velours-rouge-en-forme-de-coeur\/#primaryimage\"},\"thumbnailUrl\":\"https:\/\/cozyanddozy.com\/fr\/wp-content\/uploads\/2025\/02\/image00018-scaled.jpeg\",\"datePublished\":\"2025-02-10T20:22:51+00:00\",\"dateModified\":\"2025-02-10T20:46:07+00:00\",\"description\":\"Vous cherchez un cadeau unique pour la Saint-Valentin ? Le coussin Frill Heart est le choix id\u00e9al pour tous ceux qui aiment les d\u00e9corations \u00e9l\u00e9gantes et confortables !\",\"breadcrumb\":{\"@id\":\"https:\/\/cozyanddozy.com\/fr\/produit\/coussin-frill-heart-love-coussin-decoratif-en-velours-rouge-en-forme-de-coeur\/#breadcrumb\"},\"inLanguage\":\"fr-FR\",\"potentialAction\":[{\"@type\":\"ReadAction\",\"target\":[\"https:\/\/cozyanddozy.com\/fr\/produit\/coussin-frill-heart-love-coussin-decoratif-en-velours-rouge-en-forme-de-coeur\/\"]}]},{\"@type\":\"ImageObject\",\"inLanguage\":\"fr-FR\",\"@id\":\"https:\/\/cozyanddozy.com\/fr\/produit\/coussin-frill-heart-love-coussin-decoratif-en-velours-rouge-en-forme-de-coeur\/#primaryimage\",\"url\":\"https:\/\/cozyanddozy.com\/fr\/wp-content\/uploads\/2025\/02\/image00018-scaled.jpeg\",\"contentUrl\":\"https:\/\/cozyanddozy.com\/fr\/wp-content\/uploads\/2025\/02\/image00018-scaled.jpeg\",\"width\":2560,\"height\":2560},{\"@type\":\"BreadcrumbList\",\"@id\":\"https:\/\/cozyanddozy.com\/fr\/produit\/coussin-frill-heart-love-coussin-decoratif-en-velours-rouge-en-forme-de-coeur\/#breadcrumb\",\"itemListElement\":[{\"@type\":\"ListItem\",\"position\":1,\"name\":\"Home\",\"item\":\"https:\/\/cozyanddozy.com\/fr\/\"},{\"@type\":\"ListItem\",\"position\":2,\"name\":\"Boutique\",\"item\":\"https:\/\/cozyanddozy.com\/fr\/boutique\/\"},{\"@type\":\"ListItem\",\"position\":3,\"name\":\"Coussin Frill Heart, LOVE coussin d\u00e9coratif en velours rouge en forme de c\u0153ur\"}]},{\"@type\":\"WebSite\",\"@id\":\"https:\/\/cozyanddozy.com\/fr\/#website\",\"url\":\"https:\/\/cozyanddozy.com\/fr\/\",\"name\":\"Cozy & Dozy\",\"description\":\"\",\"publisher\":{\"@id\":\"https:\/\/cozyanddozy.com\/fr\/#organization\"},\"alternateName\":\"Cozy and Dozy\",\"potentialAction\":[{\"@type\":\"SearchAction\",\"target\":{\"@type\":\"EntryPoint\",\"urlTemplate\":\"https:\/\/cozyanddozy.com\/fr\/?s={search_term_string}\"},\"query-input\":{\"@type\":\"PropertyValueSpecification\",\"valueRequired\":true,\"valueName\":\"search_term_string\"}}],\"inLanguage\":\"fr-FR\"},{\"@type\":\"Organization\",\"@id\":\"https:\/\/cozyanddozy.com\/fr\/#organization\",\"name\":\"Cozy & Dozy\",\"url\":\"https:\/\/cozyanddozy.com\/fr\/\",\"logo\":{\"@type\":\"ImageObject\",\"inLanguage\":\"fr-FR\",\"@id\":\"https:\/\/cozyanddozy.com\/fr\/#\/schema\/logo\/image\/\",\"url\":\"https:\/\/cozyanddozy.com\/fr\/wp-content\/uploads\/2023\/02\/cozyanddozy_logo_b.png\",\"contentUrl\":\"https:\/\/cozyanddozy.com\/fr\/wp-content\/uploads\/2023\/02\/cozyanddozy_logo_b.png\",\"width\":314,\"height\":85,\"caption\":\"Cozy & Dozy\"},\"image\":{\"@id\":\"https:\/\/cozyanddozy.com\/fr\/#\/schema\/logo\/image\/\"},\"sameAs\":[\"https:\/\/www.facebook.com\/cozyanddozyshop\",\"https:\/\/www.instagram.com\/cozyanddozy\/\"]}]}<\/script>\n<meta property=\"product:price:amount\" content=\"39.00\" \/>\n<meta property=\"product:price:currency\" content=\"EUR\" \/>\n<meta property=\"og:availability\" content=\"instock\" \/>\n<meta property=\"product:availability\" content=\"instock\" \/>\n<meta property=\"product:retailer_item_id\" content=\"5902701498108\" \/>\n<meta property=\"product:condition\" content=\"new\" \/>\n<!-- \/ Yoast SEO Premium plugin. -->","yoast_head_json":{"title":"Coussin Frill Heart, LOVE coussin d\u00e9coratif en velours rouge en forme de c\u0153ur - Cozy & Dozy","description":"Vous cherchez un cadeau unique pour la Saint-Valentin ? Le coussin Frill Heart est le choix id\u00e9al pour tous ceux qui aiment les d\u00e9corations \u00e9l\u00e9gantes et confortables !","robots":{"index":"index","follow":"follow","max-snippet":"max-snippet:-1","max-image-preview":"max-image-preview:large","max-video-preview":"max-video-preview:-1"},"canonical":"https:\/\/cozyanddozy.com\/fr\/produit\/coussin-frill-heart-love-coussin-decoratif-en-velours-rouge-en-forme-de-coeur\/","og_locale":"fr_FR","og_type":"article","og_title":"Coussin Frill Heart, LOVE coussin d\u00e9coratif en velours rouge en forme de c\u0153ur","og_description":"Vous cherchez un cadeau unique pour la Saint-Valentin ? Le coussin Frill Heart est le choix id\u00e9al pour tous ceux qui aiment les d\u00e9corations \u00e9l\u00e9gantes et confortables !","og_url":"https:\/\/cozyanddozy.com\/fr\/produit\/coussin-frill-heart-love-coussin-decoratif-en-velours-rouge-en-forme-de-coeur\/","og_site_name":"Cozy &amp; Dozy","article_publisher":"https:\/\/www.facebook.com\/cozyanddozyshop","article_modified_time":"2025-02-10T20:46:07+00:00","og_image":[{"width":2560,"height":2560,"url":"https:\/\/cozyanddozy.com\/fr\/wp-content\/uploads\/2025\/02\/image00018-scaled.jpeg","type":"image\/jpeg"}],"twitter_card":"summary_large_image","twitter_misc":{"Prix":"39,00&nbsp;&euro;","Disponibilit\u00e9":"En stock"},"schema":{"@context":"https:\/\/schema.org","@graph":[{"@type":"WebPage","@id":"https:\/\/cozyanddozy.com\/fr\/produit\/coussin-frill-heart-love-coussin-decoratif-en-velours-rouge-en-forme-de-coeur\/","url":"https:\/\/cozyanddozy.com\/fr\/produit\/coussin-frill-heart-love-coussin-decoratif-en-velours-rouge-en-forme-de-coeur\/","name":"Coussin Frill Heart, LOVE coussin d\u00e9coratif en velours rouge en forme de c\u0153ur - Cozy & Dozy","isPartOf":{"@id":"https:\/\/cozyanddozy.com\/fr\/#website"},"primaryImageOfPage":{"@id":"https:\/\/cozyanddozy.com\/fr\/produit\/coussin-frill-heart-love-coussin-decoratif-en-velours-rouge-en-forme-de-coeur\/#primaryimage"},"image":{"@id":"https:\/\/cozyanddozy.com\/fr\/produit\/coussin-frill-heart-love-coussin-decoratif-en-velours-rouge-en-forme-de-coeur\/#primaryimage"},"thumbnailUrl":"https:\/\/cozyanddozy.com\/fr\/wp-content\/uploads\/2025\/02\/image00018-scaled.jpeg","datePublished":"2025-02-10T20:22:51+00:00","dateModified":"2025-02-10T20:46:07+00:00","description":"Vous cherchez un cadeau unique pour la Saint-Valentin ? Le coussin Frill Heart est le choix id\u00e9al pour tous ceux qui aiment les d\u00e9corations \u00e9l\u00e9gantes et confortables !","breadcrumb":{"@id":"https:\/\/cozyanddozy.com\/fr\/produit\/coussin-frill-heart-love-coussin-decoratif-en-velours-rouge-en-forme-de-coeur\/#breadcrumb"},"inLanguage":"fr-FR","potentialAction":[{"@type":"ReadAction","target":["https:\/\/cozyanddozy.com\/fr\/produit\/coussin-frill-heart-love-coussin-decoratif-en-velours-rouge-en-forme-de-coeur\/"]}]},{"@type":"ImageObject","inLanguage":"fr-FR","@id":"https:\/\/cozyanddozy.com\/fr\/produit\/coussin-frill-heart-love-coussin-decoratif-en-velours-rouge-en-forme-de-coeur\/#primaryimage","url":"https:\/\/cozyanddozy.com\/fr\/wp-content\/uploads\/2025\/02\/image00018-scaled.jpeg","contentUrl":"https:\/\/cozyanddozy.com\/fr\/wp-content\/uploads\/2025\/02\/image00018-scaled.jpeg","width":2560,"height":2560},{"@type":"BreadcrumbList","@id":"https:\/\/cozyanddozy.com\/fr\/produit\/coussin-frill-heart-love-coussin-decoratif-en-velours-rouge-en-forme-de-coeur\/#breadcrumb","itemListElement":[{"@type":"ListItem","position":1,"name":"Home","item":"https:\/\/cozyanddozy.com\/fr\/"},{"@type":"ListItem","position":2,"name":"Boutique","item":"https:\/\/cozyanddozy.com\/fr\/boutique\/"},{"@type":"ListItem","position":3,"name":"Coussin Frill Heart, LOVE coussin d\u00e9coratif en velours rouge en forme de c\u0153ur"}]},{"@type":"WebSite","@id":"https:\/\/cozyanddozy.com\/fr\/#website","url":"https:\/\/cozyanddozy.com\/fr\/","name":"Cozy & Dozy","description":"","publisher":{"@id":"https:\/\/cozyanddozy.com\/fr\/#organization"},"alternateName":"Cozy and Dozy","potentialAction":[{"@type":"SearchAction","target":{"@type":"EntryPoint","urlTemplate":"https:\/\/cozyanddozy.com\/fr\/?s={search_term_string}"},"query-input":{"@type":"PropertyValueSpecification","valueRequired":true,"valueName":"search_term_string"}}],"inLanguage":"fr-FR"},{"@type":"Organization","@id":"https:\/\/cozyanddozy.com\/fr\/#organization","name":"Cozy & Dozy","url":"https:\/\/cozyanddozy.com\/fr\/","logo":{"@type":"ImageObject","inLanguage":"fr-FR","@id":"https:\/\/cozyanddozy.com\/fr\/#\/schema\/logo\/image\/","url":"https:\/\/cozyanddozy.com\/fr\/wp-content\/uploads\/2023\/02\/cozyanddozy_logo_b.png","contentUrl":"https:\/\/cozyanddozy.com\/fr\/wp-content\/uploads\/2023\/02\/cozyanddozy_logo_b.png","width":314,"height":85,"caption":"Cozy & Dozy"},"image":{"@id":"https:\/\/cozyanddozy.com\/fr\/#\/schema\/logo\/image\/"},"sameAs":["https:\/\/www.facebook.com\/cozyanddozyshop","https:\/\/www.instagram.com\/cozyanddozy\/"]}]},"product_price_amount":"39.00","product_price_currency":"EUR","og_availability":"instock","product_availability":"instock","product_retailer_item_id":"5902701498108","product_condition":"new"},"_links":{"self":[{"href":"https:\/\/cozyanddozy.com\/fr\/wp-json\/wp\/v2\/product\/3934","targetHints":{"allow":["GET"]}}],"collection":[{"href":"https:\/\/cozyanddozy.com\/fr\/wp-json\/wp\/v2\/product"}],"about":[{"href":"https:\/\/cozyanddozy.com\/fr\/wp-json\/wp\/v2\/types\/product"}],"replies":[{"embeddable":true,"href":"https:\/\/cozyanddozy.com\/fr\/wp-json\/wp\/v2\/comments?post=3934"}],"wp:featuredmedia":[{"embeddable":true,"href":"https:\/\/cozyanddozy.com\/fr\/wp-json\/wp\/v2\/media\/3911"}],"wp:attachment":[{"href":"https:\/\/cozyanddozy.com\/fr\/wp-json\/wp\/v2\/media?parent=3934"}],"wp:term":[{"taxonomy":"product_brand","embeddable":true,"href":"https:\/\/cozyanddozy.com\/fr\/wp-json\/wp\/v2\/product_brand?post=3934"},{"taxonomy":"product_cat","embeddable":true,"href":"https:\/\/cozyanddozy.com\/fr\/wp-json\/wp\/v2\/product_cat?post=3934"},{"taxonomy":"product_tag","embeddable":true,"href":"https:\/\/cozyanddozy.com\/fr\/wp-json\/wp\/v2\/product_tag?post=3934"}],"curies":[{"name":"wp","href":"https:\/\/api.w.org\/{rel}","templated":true}]}}