{"id":3932,"date":"2025-02-10T19:45:50","date_gmt":"2025-02-10T19:45:50","guid":{"rendered":"https:\/\/cozyanddozy.com\/?post_type=product&#038;p=3425"},"modified":"2025-03-01T17:13:46","modified_gmt":"2025-03-01T16:13:46","slug":"coussin-decoratif-lettre-love-letter-red","status":"publish","type":"product","link":"https:\/\/cozyanddozy.com\/fr\/produit\/coussin-decoratif-lettre-love-letter-red\/","title":{"rendered":"Coussin d\u00e9coratif Lettre \u2013 Love Letter Red"},"content":{"rendered":"<p class=\"p1\"><b>Coussin Love Letter \u2013 Le Cadeau Parfait pour la Saint-Valentin\u00a0<\/b><\/p>\n<p class=\"p2\">Vous cherchez un cadeau unique pour la Saint-Valentin ?\u00a0<b>Le coussin Love Letter<\/b>\u00a0est le choix id\u00e9al ! Fabriqu\u00e9 en velours ultra-doux, il offre un confort exceptionnel et une apparence \u00e9l\u00e9gante. Avec ses dimensions\u00a0<b>40\u00d760 cm<\/b>, il constitue une belle d\u00e9coration pour une chambre, un salon ou une chambre de fille.<\/p>\n<p class=\"p2\">Dans une\u00a0<b>teinte beige clair<\/b>, ce coussin charmant est d\u00e9licatement orn\u00e9 d\u2019un\u00a0<b>c\u0153ur rouge tendre<\/b>, lui conf\u00e9rant une touche romantique. C\u2019est non seulement un\u00a0<b>accessoire de d\u00e9coration \u00e9l\u00e9gant<\/b>, mais aussi\u00a0<b>un cadeau parfait pour une personne ch\u00e8re<\/b>\u00a0\u2013 id\u00e9al pour la Saint-Valentin, un anniversaire ou toute autre occasion sp\u00e9ciale.<\/p>\n<p class=\"p2\">Faisant partie de la collection\u00a0<b>LOVE<\/b>, ce coussin apporte\u00a0<b>chaleur et douceur<\/b>\u00a0\u00e0 votre int\u00e9rieur, cr\u00e9ant une ambiance cosy et romantique.\u00a0<b>Offrez un cadeau raffin\u00e9 et attentionn\u00e9 \u00e0 quelqu\u2019un de sp\u00e9cial !<\/b><\/p>\n<p class=\"p2\"><b>Commandez d\u00e8s maintenant et faites sourire votre \u00eatre cher !<\/b><\/p>\n<p class=\"p1\"><b>Description du produit :<\/b><\/p>\n<ul>\n<li class=\"p2\"><b>Dimensions<\/b>\u00a0: 40\u00d760 cm<\/li>\n<li class=\"p2\"><b>Mat\u00e9riau<\/b>\u00a0:\u00a0Fabriqu\u00e9 en\u00a0<b>velours de haute qualit\u00e9, doux et agr\u00e9able pour la peau<\/b>, certifi\u00e9 CE et\u00a0<b>sans danger pour les enfants<\/b>\u00a0(tissus conformes aux normes europ\u00e9ennes).<\/li>\n<li class=\"p2\"><b>Entretien facile<\/b>\u00a0:\u00a0Lavable en machine \u00e0\u00a0<b>40\u00b0C,\u00a0<\/b>\u00a0Essorage :\u00a0<b>800 tours\/min,\u00a0<\/b>Ne pas nettoyer \u00e0 sec, ne pas blanchir,\u00a0 Apr\u00e8s lavage, secouer l\u00e9g\u00e8rement pour bien r\u00e9partir le rembourrage, s\u00e9cher \u00e0 plat<\/li>\n<li class=\"p2\"><b>Garnissage du coussin<\/b>\u00a0:\u00a0Fibre de silicone hypoallerg\u00e9nique, Une couche suppl\u00e9mentaire de ouate en silicone emp\u00eache le rembourrage de s\u2019agglom\u00e9rer<\/li>\n<\/ul>\n<p class=\"p2\"><b>Con\u00e7u et fabriqu\u00e9 par Cozy&amp;Dozy<\/b>\u00a0\u2013 une marque reconnue pour sa haute qualit\u00e9 et sa s\u00e9curit\u00e9. Tous les mat\u00e9riaux sont\u00a0<b>certifi\u00e9s et 100% s\u00fbrs pour les enfants<\/b>.<\/p>\n","protected":false},"excerpt":{"rendered":"<p>Faisant partie de la collection\u00a0<b>LOVE<\/b>, ce coussin apporte\u00a0<b>chaleur et douceur<\/b>\u00a0\u00e0 votre int\u00e9rieur, cr\u00e9ant une ambiance cosy et romantique.\u00a0<b>Offrez un cadeau raffin\u00e9 et attentionn\u00e9 \u00e0 quelqu\u2019un de sp\u00e9cial !<\/b><\/p>\n","protected":false},"featured_media":3960,"comment_status":"open","ping_status":"closed","template":"","meta":[],"product_brand":[],"product_cat":[17],"product_tag":[],"class_list":{"0":"post-3932","1":"product","2":"type-product","3":"status-publish","4":"has-post-thumbnail","6":"product_cat-coussins-et-poufs","8":"first","9":"instock","10":"shipping-taxable","11":"product-type-simple"},"yoast_head":"<!-- This site is optimized with the Yoast SEO Premium plugin v21.9 (Yoast SEO v27.0) - https:\/\/yoast.com\/product\/yoast-seo-premium-wordpress\/ -->\n<title>Coussin d\u00e9coratif Lettre \u2013 Love Letter Red - Cozy &amp; Dozy<\/title>\n<meta name=\"description\" content=\"Faisant partie de la collection\u00a0LOVE, ce coussin apporte\u00a0chaleur et douceur\u00a0\u00e0 votre int\u00e9rieur, cr\u00e9ant une ambiance cosy et romantique.\u00a0Offrez un cadeau raffin\u00e9 et attentionn\u00e9 \u00e0 quelqu\u2019un de sp\u00e9cial !\" \/>\n<meta name=\"robots\" content=\"index, follow, max-snippet:-1, max-image-preview:large, max-video-preview:-1\" \/>\n<link rel=\"canonical\" href=\"https:\/\/cozyanddozy.com\/fr\/produit\/coussin-decoratif-lettre-love-letter-red\/\" \/>\n<meta property=\"og:locale\" content=\"fr_FR\" \/>\n<meta property=\"og:type\" content=\"article\" \/>\n<meta property=\"og:title\" content=\"Coussin d\u00e9coratif Lettre \u2013 Love Letter Red\" \/>\n<meta property=\"og:description\" content=\"Faisant partie de la collection\u00a0LOVE, ce coussin apporte\u00a0chaleur et douceur\u00a0\u00e0 votre int\u00e9rieur, cr\u00e9ant une ambiance cosy et romantique.\u00a0Offrez un cadeau raffin\u00e9 et attentionn\u00e9 \u00e0 quelqu\u2019un de sp\u00e9cial !\" \/>\n<meta property=\"og:url\" content=\"https:\/\/cozyanddozy.com\/fr\/produit\/coussin-decoratif-lettre-love-letter-red\/\" \/>\n<meta property=\"og:site_name\" content=\"Cozy &amp; Dozy\" \/>\n<meta property=\"article:publisher\" content=\"https:\/\/www.facebook.com\/cozyanddozyshop\" \/>\n<meta property=\"article:modified_time\" content=\"2025-03-01T16:13:46+00:00\" \/>\n<meta property=\"og:image\" content=\"https:\/\/cozyanddozy.com\/fr\/wp-content\/uploads\/2025\/02\/love-letter-pillow-red-heart.jpeg\" \/>\n\t<meta property=\"og:image:width\" content=\"1200\" \/>\n\t<meta property=\"og:image:height\" content=\"1200\" \/>\n\t<meta property=\"og:image:type\" content=\"image\/jpeg\" \/>\n<meta name=\"twitter:card\" content=\"summary_large_image\" \/>\n<meta name=\"twitter:label1\" content=\"Prix\" \/>\n\t<meta name=\"twitter:data1\" content=\"39,00&nbsp;&euro;\" \/>\n\t<meta name=\"twitter:label2\" content=\"Disponibilit\u00e9\" \/>\n\t<meta name=\"twitter:data2\" content=\"En stock\" \/>\n<script type=\"application\/ld+json\" class=\"yoast-schema-graph\">{\"@context\":\"https:\/\/schema.org\",\"@graph\":[{\"@type\":\"WebPage\",\"@id\":\"https:\/\/cozyanddozy.com\/fr\/produit\/coussin-decoratif-lettre-love-letter-red\/\",\"url\":\"https:\/\/cozyanddozy.com\/fr\/produit\/coussin-decoratif-lettre-love-letter-red\/\",\"name\":\"Coussin d\u00e9coratif Lettre \u2013 Love Letter Red - Cozy & Dozy\",\"isPartOf\":{\"@id\":\"https:\/\/cozyanddozy.com\/fr\/#website\"},\"primaryImageOfPage\":{\"@id\":\"https:\/\/cozyanddozy.com\/fr\/produit\/coussin-decoratif-lettre-love-letter-red\/#primaryimage\"},\"image\":{\"@id\":\"https:\/\/cozyanddozy.com\/fr\/produit\/coussin-decoratif-lettre-love-letter-red\/#primaryimage\"},\"thumbnailUrl\":\"https:\/\/cozyanddozy.com\/fr\/wp-content\/uploads\/2025\/02\/love-letter-pillow-red-heart.jpeg\",\"datePublished\":\"2025-02-10T19:45:50+00:00\",\"dateModified\":\"2025-03-01T16:13:46+00:00\",\"description\":\"Faisant partie de la collection\u00a0LOVE, ce coussin apporte\u00a0chaleur et douceur\u00a0\u00e0 votre int\u00e9rieur, cr\u00e9ant une ambiance cosy et romantique.\u00a0Offrez un cadeau raffin\u00e9 et attentionn\u00e9 \u00e0 quelqu\u2019un de sp\u00e9cial !\",\"breadcrumb\":{\"@id\":\"https:\/\/cozyanddozy.com\/fr\/produit\/coussin-decoratif-lettre-love-letter-red\/#breadcrumb\"},\"inLanguage\":\"fr-FR\",\"potentialAction\":[{\"@type\":\"ReadAction\",\"target\":[\"https:\/\/cozyanddozy.com\/fr\/produit\/coussin-decoratif-lettre-love-letter-red\/\"]}]},{\"@type\":\"ImageObject\",\"inLanguage\":\"fr-FR\",\"@id\":\"https:\/\/cozyanddozy.com\/fr\/produit\/coussin-decoratif-lettre-love-letter-red\/#primaryimage\",\"url\":\"https:\/\/cozyanddozy.com\/fr\/wp-content\/uploads\/2025\/02\/love-letter-pillow-red-heart.jpeg\",\"contentUrl\":\"https:\/\/cozyanddozy.com\/fr\/wp-content\/uploads\/2025\/02\/love-letter-pillow-red-heart.jpeg\",\"width\":1200,\"height\":1200},{\"@type\":\"BreadcrumbList\",\"@id\":\"https:\/\/cozyanddozy.com\/fr\/produit\/coussin-decoratif-lettre-love-letter-red\/#breadcrumb\",\"itemListElement\":[{\"@type\":\"ListItem\",\"position\":1,\"name\":\"Home\",\"item\":\"https:\/\/cozyanddozy.com\/fr\/\"},{\"@type\":\"ListItem\",\"position\":2,\"name\":\"Boutique\",\"item\":\"https:\/\/cozyanddozy.com\/fr\/boutique\/\"},{\"@type\":\"ListItem\",\"position\":3,\"name\":\"Coussin d\u00e9coratif Lettre \u2013 Love Letter Red\"}]},{\"@type\":\"WebSite\",\"@id\":\"https:\/\/cozyanddozy.com\/fr\/#website\",\"url\":\"https:\/\/cozyanddozy.com\/fr\/\",\"name\":\"Cozy & Dozy\",\"description\":\"\",\"publisher\":{\"@id\":\"https:\/\/cozyanddozy.com\/fr\/#organization\"},\"alternateName\":\"Cozy and Dozy\",\"potentialAction\":[{\"@type\":\"SearchAction\",\"target\":{\"@type\":\"EntryPoint\",\"urlTemplate\":\"https:\/\/cozyanddozy.com\/fr\/?s={search_term_string}\"},\"query-input\":{\"@type\":\"PropertyValueSpecification\",\"valueRequired\":true,\"valueName\":\"search_term_string\"}}],\"inLanguage\":\"fr-FR\"},{\"@type\":\"Organization\",\"@id\":\"https:\/\/cozyanddozy.com\/fr\/#organization\",\"name\":\"Cozy & Dozy\",\"url\":\"https:\/\/cozyanddozy.com\/fr\/\",\"logo\":{\"@type\":\"ImageObject\",\"inLanguage\":\"fr-FR\",\"@id\":\"https:\/\/cozyanddozy.com\/fr\/#\/schema\/logo\/image\/\",\"url\":\"https:\/\/cozyanddozy.com\/fr\/wp-content\/uploads\/2023\/02\/cozyanddozy_logo_b.png\",\"contentUrl\":\"https:\/\/cozyanddozy.com\/fr\/wp-content\/uploads\/2023\/02\/cozyanddozy_logo_b.png\",\"width\":314,\"height\":85,\"caption\":\"Cozy & Dozy\"},\"image\":{\"@id\":\"https:\/\/cozyanddozy.com\/fr\/#\/schema\/logo\/image\/\"},\"sameAs\":[\"https:\/\/www.facebook.com\/cozyanddozyshop\",\"https:\/\/www.instagram.com\/cozyanddozy\/\"]}]}<\/script>\n<meta property=\"product:price:amount\" content=\"39.00\" \/>\n<meta property=\"product:price:currency\" content=\"EUR\" \/>\n<meta property=\"og:availability\" content=\"instock\" \/>\n<meta property=\"product:availability\" content=\"instock\" \/>\n<meta property=\"product:condition\" content=\"new\" \/>\n<!-- \/ Yoast SEO Premium plugin. -->","yoast_head_json":{"title":"Coussin d\u00e9coratif Lettre \u2013 Love Letter Red - Cozy & Dozy","description":"Faisant partie de la collection\u00a0LOVE, ce coussin apporte\u00a0chaleur et douceur\u00a0\u00e0 votre int\u00e9rieur, cr\u00e9ant une ambiance cosy et romantique.\u00a0Offrez un cadeau raffin\u00e9 et attentionn\u00e9 \u00e0 quelqu\u2019un de sp\u00e9cial !","robots":{"index":"index","follow":"follow","max-snippet":"max-snippet:-1","max-image-preview":"max-image-preview:large","max-video-preview":"max-video-preview:-1"},"canonical":"https:\/\/cozyanddozy.com\/fr\/produit\/coussin-decoratif-lettre-love-letter-red\/","og_locale":"fr_FR","og_type":"article","og_title":"Coussin d\u00e9coratif Lettre \u2013 Love Letter Red","og_description":"Faisant partie de la collection\u00a0LOVE, ce coussin apporte\u00a0chaleur et douceur\u00a0\u00e0 votre int\u00e9rieur, cr\u00e9ant une ambiance cosy et romantique.\u00a0Offrez un cadeau raffin\u00e9 et attentionn\u00e9 \u00e0 quelqu\u2019un de sp\u00e9cial !","og_url":"https:\/\/cozyanddozy.com\/fr\/produit\/coussin-decoratif-lettre-love-letter-red\/","og_site_name":"Cozy &amp; Dozy","article_publisher":"https:\/\/www.facebook.com\/cozyanddozyshop","article_modified_time":"2025-03-01T16:13:46+00:00","og_image":[{"width":1200,"height":1200,"url":"https:\/\/cozyanddozy.com\/fr\/wp-content\/uploads\/2025\/02\/love-letter-pillow-red-heart.jpeg","type":"image\/jpeg"}],"twitter_card":"summary_large_image","twitter_misc":{"Prix":"39,00&nbsp;&euro;","Disponibilit\u00e9":"En stock"},"schema":{"@context":"https:\/\/schema.org","@graph":[{"@type":"WebPage","@id":"https:\/\/cozyanddozy.com\/fr\/produit\/coussin-decoratif-lettre-love-letter-red\/","url":"https:\/\/cozyanddozy.com\/fr\/produit\/coussin-decoratif-lettre-love-letter-red\/","name":"Coussin d\u00e9coratif Lettre \u2013 Love Letter Red - Cozy & Dozy","isPartOf":{"@id":"https:\/\/cozyanddozy.com\/fr\/#website"},"primaryImageOfPage":{"@id":"https:\/\/cozyanddozy.com\/fr\/produit\/coussin-decoratif-lettre-love-letter-red\/#primaryimage"},"image":{"@id":"https:\/\/cozyanddozy.com\/fr\/produit\/coussin-decoratif-lettre-love-letter-red\/#primaryimage"},"thumbnailUrl":"https:\/\/cozyanddozy.com\/fr\/wp-content\/uploads\/2025\/02\/love-letter-pillow-red-heart.jpeg","datePublished":"2025-02-10T19:45:50+00:00","dateModified":"2025-03-01T16:13:46+00:00","description":"Faisant partie de la collection\u00a0LOVE, ce coussin apporte\u00a0chaleur et douceur\u00a0\u00e0 votre int\u00e9rieur, cr\u00e9ant une ambiance cosy et romantique.\u00a0Offrez un cadeau raffin\u00e9 et attentionn\u00e9 \u00e0 quelqu\u2019un de sp\u00e9cial !","breadcrumb":{"@id":"https:\/\/cozyanddozy.com\/fr\/produit\/coussin-decoratif-lettre-love-letter-red\/#breadcrumb"},"inLanguage":"fr-FR","potentialAction":[{"@type":"ReadAction","target":["https:\/\/cozyanddozy.com\/fr\/produit\/coussin-decoratif-lettre-love-letter-red\/"]}]},{"@type":"ImageObject","inLanguage":"fr-FR","@id":"https:\/\/cozyanddozy.com\/fr\/produit\/coussin-decoratif-lettre-love-letter-red\/#primaryimage","url":"https:\/\/cozyanddozy.com\/fr\/wp-content\/uploads\/2025\/02\/love-letter-pillow-red-heart.jpeg","contentUrl":"https:\/\/cozyanddozy.com\/fr\/wp-content\/uploads\/2025\/02\/love-letter-pillow-red-heart.jpeg","width":1200,"height":1200},{"@type":"BreadcrumbList","@id":"https:\/\/cozyanddozy.com\/fr\/produit\/coussin-decoratif-lettre-love-letter-red\/#breadcrumb","itemListElement":[{"@type":"ListItem","position":1,"name":"Home","item":"https:\/\/cozyanddozy.com\/fr\/"},{"@type":"ListItem","position":2,"name":"Boutique","item":"https:\/\/cozyanddozy.com\/fr\/boutique\/"},{"@type":"ListItem","position":3,"name":"Coussin d\u00e9coratif Lettre \u2013 Love Letter Red"}]},{"@type":"WebSite","@id":"https:\/\/cozyanddozy.com\/fr\/#website","url":"https:\/\/cozyanddozy.com\/fr\/","name":"Cozy & Dozy","description":"","publisher":{"@id":"https:\/\/cozyanddozy.com\/fr\/#organization"},"alternateName":"Cozy and Dozy","potentialAction":[{"@type":"SearchAction","target":{"@type":"EntryPoint","urlTemplate":"https:\/\/cozyanddozy.com\/fr\/?s={search_term_string}"},"query-input":{"@type":"PropertyValueSpecification","valueRequired":true,"valueName":"search_term_string"}}],"inLanguage":"fr-FR"},{"@type":"Organization","@id":"https:\/\/cozyanddozy.com\/fr\/#organization","name":"Cozy & Dozy","url":"https:\/\/cozyanddozy.com\/fr\/","logo":{"@type":"ImageObject","inLanguage":"fr-FR","@id":"https:\/\/cozyanddozy.com\/fr\/#\/schema\/logo\/image\/","url":"https:\/\/cozyanddozy.com\/fr\/wp-content\/uploads\/2023\/02\/cozyanddozy_logo_b.png","contentUrl":"https:\/\/cozyanddozy.com\/fr\/wp-content\/uploads\/2023\/02\/cozyanddozy_logo_b.png","width":314,"height":85,"caption":"Cozy & Dozy"},"image":{"@id":"https:\/\/cozyanddozy.com\/fr\/#\/schema\/logo\/image\/"},"sameAs":["https:\/\/www.facebook.com\/cozyanddozyshop","https:\/\/www.instagram.com\/cozyanddozy\/"]}]},"product_price_amount":"39.00","product_price_currency":"EUR","og_availability":"instock","product_availability":"instock","product_condition":"new"},"_links":{"self":[{"href":"https:\/\/cozyanddozy.com\/fr\/wp-json\/wp\/v2\/product\/3932","targetHints":{"allow":["GET"]}}],"collection":[{"href":"https:\/\/cozyanddozy.com\/fr\/wp-json\/wp\/v2\/product"}],"about":[{"href":"https:\/\/cozyanddozy.com\/fr\/wp-json\/wp\/v2\/types\/product"}],"replies":[{"embeddable":true,"href":"https:\/\/cozyanddozy.com\/fr\/wp-json\/wp\/v2\/comments?post=3932"}],"wp:featuredmedia":[{"embeddable":true,"href":"https:\/\/cozyanddozy.com\/fr\/wp-json\/wp\/v2\/media\/3960"}],"wp:attachment":[{"href":"https:\/\/cozyanddozy.com\/fr\/wp-json\/wp\/v2\/media?parent=3932"}],"wp:term":[{"taxonomy":"product_brand","embeddable":true,"href":"https:\/\/cozyanddozy.com\/fr\/wp-json\/wp\/v2\/product_brand?post=3932"},{"taxonomy":"product_cat","embeddable":true,"href":"https:\/\/cozyanddozy.com\/fr\/wp-json\/wp\/v2\/product_cat?post=3932"},{"taxonomy":"product_tag","embeddable":true,"href":"https:\/\/cozyanddozy.com\/fr\/wp-json\/wp\/v2\/product_tag?post=3932"}],"curies":[{"name":"wp","href":"https:\/\/api.w.org\/{rel}","templated":true}]}}