{"id":389,"date":"2017-10-20T09:09:00","date_gmt":"2017-10-20T08:09:00","guid":{"rendered":"https:\/\/cozyanddozy.com\/fr\/product\/tipi-tent-etno-tipi-in-aztec-pattern-4-el\/"},"modified":"2024-01-23T11:51:49","modified_gmt":"2024-01-23T10:51:49","slug":"tente-tipi-indien-tente-pour-garcon-etno-4el","status":"publish","type":"product","link":"https:\/\/cozyanddozy.com\/fr\/produit\/tente-tipi-indien-tente-pour-garcon-etno-4el\/","title":{"rendered":"Tente tipi indien, tente pour gar\u00e7on Etno 4el."},"content":{"rendered":"<p><img decoding=\"async\" class=\"alignright wp-image-41428\" src=\"https:\/\/cozyanddozy.com\/fr\/wp-content\/uploads\/2021\/11\/pp-1410.jpg\" alt=\"tipi tent\" width=\"600\" height=\"600\" \/><\/p>\n<p>Etno Tipi tente est un endroit unique pour jouer en plein air et \u00e0 la maison. Une tente pour enfants est un bon endroit pour lire des livres et un lieu de d\u00e9tente. Tipi est un \u00e9l\u00e9ment de design tendance d\u2019une chambre d\u2019enfant.<\/p>\n<p>La tente indienne est faite d\u2019une toile solide et de coton aux motifs azt\u00e8ques color\u00e9s. L\u2019entr\u00e9e du wigwam est orn\u00e9e d\u2019une ceinture turquoise \u00e0 pompons. En outre, il y a coussin avec des pompes et un matelas chaud. La tente est \u00e9quip\u00e9e d\u2019une poche pour les jouets et d\u2019un volet roulant \u00e0 enroulement, toutes les parties en tissu peuvent \u00eatre lav\u00e9es en machine \u00e0 laver. La tente enfant se replie facilement et ne prend pas beaucoup de place.<\/p>\n<p>Les tipis indiens sont fabriqu\u00e9s selon la m\u00e9thode artisanale, fabriqu\u00e9s \u00e0 partir de tissus s\u00fbrs pour les enfants d\u2019origine europ\u00e9enne et de qualit\u00e9 certifi\u00e9e.\u00a0<strong>Tous les mod\u00e8les sont con\u00e7us par nos soins et nous vous garantissons un produit unique de la meilleure qualit\u00e9.<\/strong><\/p>\n<h3>Le set de tipi-pi\u00e8ces Cozy &amp; Dozy ETNO comprend les accessoires suivants:<\/h3>\n<ul>\n<li><strong>Tipi tente<\/strong><\/li>\n<li><strong>mat<\/strong>\u00a0doux en couleur menthe<\/li>\n<li><strong>Stabilisateur<\/strong>\u00a0(emp\u00eache le cadre de bouger)<\/li>\n<li>4 poteaux en pin naturel (ch\u00e2ssis).<\/li>\n<\/ul>\n<p>Wigwam peut \u00e9galement \u00eatre achet\u00e9 sans tapis ni oreillers.<\/p>\n","protected":false},"excerpt":{"rendered":"<p>La tente indienne est faite d&#8217;une toile solide et de coton aux motifs azt\u00e8ques color\u00e9s.\u00a0L&#8217;entr\u00e9e du wigwam est orn\u00e9e d&#8217;une ceinture turquoise \u00e0 pompons.<\/p>\n","protected":false},"featured_media":391,"comment_status":"open","ping_status":"closed","template":"","meta":[],"product_brand":[],"product_cat":[16],"product_tag":[24],"class_list":{"0":"post-389","1":"product","2":"type-product","3":"status-publish","4":"has-post-thumbnail","6":"product_cat-tentes-tipi","7":"product_tag-pla","8":"pa_model-indian","10":"first","11":"outofstock","12":"sale","13":"product-type-simple"},"yoast_head":"<!-- This site is optimized with the Yoast SEO Premium plugin v21.9 (Yoast SEO v27.0) - https:\/\/yoast.com\/product\/yoast-seo-premium-wordpress\/ -->\n<title>Tente tipi indien, tente pour gar\u00e7on Etno 4el. - Cozy &amp; Dozy<\/title>\n<meta name=\"description\" content=\"La tente indienne est faite d&#039;une toile solide et de coton aux motifs azt\u00e8ques color\u00e9s.\u00a0L&#039;entr\u00e9e du wigwam est orn\u00e9e d&#039;une ceinture turquoise \u00e0 pompons.\" \/>\n<meta name=\"robots\" content=\"index, follow, max-snippet:-1, max-image-preview:large, max-video-preview:-1\" \/>\n<link rel=\"canonical\" href=\"https:\/\/cozyanddozy.com\/fr\/produit\/tente-tipi-indien-tente-pour-garcon-etno-4el\/\" \/>\n<meta property=\"og:locale\" content=\"fr_FR\" \/>\n<meta property=\"og:type\" content=\"article\" \/>\n<meta property=\"og:title\" content=\"Tente tipi indien, tente pour gar\u00e7on Etno 4el.\" \/>\n<meta property=\"og:description\" content=\"La tente indienne est faite d&#039;une toile solide et de coton aux motifs azt\u00e8ques color\u00e9s.\u00a0L&#039;entr\u00e9e du wigwam est orn\u00e9e d&#039;une ceinture turquoise \u00e0 pompons.\" \/>\n<meta property=\"og:url\" content=\"https:\/\/cozyanddozy.com\/fr\/produit\/tente-tipi-indien-tente-pour-garcon-etno-4el\/\" \/>\n<meta property=\"og:site_name\" content=\"Cozy &amp; Dozy\" \/>\n<meta property=\"article:publisher\" content=\"https:\/\/www.facebook.com\/cozyanddozyshop\" \/>\n<meta property=\"article:modified_time\" content=\"2024-01-23T10:51:49+00:00\" \/>\n<meta property=\"og:image\" content=\"https:\/\/cozyanddozy.com\/fr\/wp-content\/uploads\/2023\/02\/tipi_tent_etno_set_f9.jpg\" \/>\n\t<meta property=\"og:image:width\" content=\"1200\" \/>\n\t<meta property=\"og:image:height\" content=\"1200\" \/>\n\t<meta property=\"og:image:type\" content=\"image\/jpeg\" \/>\n<meta name=\"twitter:card\" content=\"summary_large_image\" \/>\n<meta name=\"twitter:label1\" content=\"Prix\" \/>\n\t<meta name=\"twitter:data1\" content=\"125,10&nbsp;&euro;\" \/>\n\t<meta name=\"twitter:label2\" content=\"Disponibilit\u00e9\" \/>\n\t<meta name=\"twitter:data2\" content=\"Rupture de stock\" \/>\n<script type=\"application\/ld+json\" class=\"yoast-schema-graph\">{\"@context\":\"https:\/\/schema.org\",\"@graph\":[{\"@type\":\"WebPage\",\"@id\":\"https:\/\/cozyanddozy.com\/fr\/produit\/tente-tipi-indien-tente-pour-garcon-etno-4el\/\",\"url\":\"https:\/\/cozyanddozy.com\/fr\/produit\/tente-tipi-indien-tente-pour-garcon-etno-4el\/\",\"name\":\"Tente tipi indien, tente pour gar\u00e7on Etno 4el. - Cozy & Dozy\",\"isPartOf\":{\"@id\":\"https:\/\/cozyanddozy.com\/fr\/#website\"},\"primaryImageOfPage\":{\"@id\":\"https:\/\/cozyanddozy.com\/fr\/produit\/tente-tipi-indien-tente-pour-garcon-etno-4el\/#primaryimage\"},\"image\":{\"@id\":\"https:\/\/cozyanddozy.com\/fr\/produit\/tente-tipi-indien-tente-pour-garcon-etno-4el\/#primaryimage\"},\"thumbnailUrl\":\"https:\/\/cozyanddozy.com\/fr\/wp-content\/uploads\/2023\/02\/tipi_tent_etno_set_f9.jpg\",\"datePublished\":\"2017-10-20T08:09:00+00:00\",\"dateModified\":\"2024-01-23T10:51:49+00:00\",\"description\":\"La tente indienne est faite d'une toile solide et de coton aux motifs azt\u00e8ques color\u00e9s.\u00a0L'entr\u00e9e du wigwam est orn\u00e9e d'une ceinture turquoise \u00e0 pompons.\",\"breadcrumb\":{\"@id\":\"https:\/\/cozyanddozy.com\/fr\/produit\/tente-tipi-indien-tente-pour-garcon-etno-4el\/#breadcrumb\"},\"inLanguage\":\"fr-FR\",\"potentialAction\":[{\"@type\":\"ReadAction\",\"target\":[\"https:\/\/cozyanddozy.com\/fr\/produit\/tente-tipi-indien-tente-pour-garcon-etno-4el\/\"]}]},{\"@type\":\"ImageObject\",\"inLanguage\":\"fr-FR\",\"@id\":\"https:\/\/cozyanddozy.com\/fr\/produit\/tente-tipi-indien-tente-pour-garcon-etno-4el\/#primaryimage\",\"url\":\"https:\/\/cozyanddozy.com\/fr\/wp-content\/uploads\/2023\/02\/tipi_tent_etno_set_f9.jpg\",\"contentUrl\":\"https:\/\/cozyanddozy.com\/fr\/wp-content\/uploads\/2023\/02\/tipi_tent_etno_set_f9.jpg\",\"width\":1200,\"height\":1200,\"caption\":\"tipi tent indian\"},{\"@type\":\"BreadcrumbList\",\"@id\":\"https:\/\/cozyanddozy.com\/fr\/produit\/tente-tipi-indien-tente-pour-garcon-etno-4el\/#breadcrumb\",\"itemListElement\":[{\"@type\":\"ListItem\",\"position\":1,\"name\":\"Home\",\"item\":\"https:\/\/cozyanddozy.com\/fr\/\"},{\"@type\":\"ListItem\",\"position\":2,\"name\":\"Boutique\",\"item\":\"https:\/\/cozyanddozy.com\/fr\/boutique\/\"},{\"@type\":\"ListItem\",\"position\":3,\"name\":\"Tente tipi indien, tente pour gar\u00e7on Etno 4el.\"}]},{\"@type\":\"WebSite\",\"@id\":\"https:\/\/cozyanddozy.com\/fr\/#website\",\"url\":\"https:\/\/cozyanddozy.com\/fr\/\",\"name\":\"Cozy & Dozy\",\"description\":\"\",\"publisher\":{\"@id\":\"https:\/\/cozyanddozy.com\/fr\/#organization\"},\"alternateName\":\"Cozy and Dozy\",\"potentialAction\":[{\"@type\":\"SearchAction\",\"target\":{\"@type\":\"EntryPoint\",\"urlTemplate\":\"https:\/\/cozyanddozy.com\/fr\/?s={search_term_string}\"},\"query-input\":{\"@type\":\"PropertyValueSpecification\",\"valueRequired\":true,\"valueName\":\"search_term_string\"}}],\"inLanguage\":\"fr-FR\"},{\"@type\":\"Organization\",\"@id\":\"https:\/\/cozyanddozy.com\/fr\/#organization\",\"name\":\"Cozy & Dozy\",\"url\":\"https:\/\/cozyanddozy.com\/fr\/\",\"logo\":{\"@type\":\"ImageObject\",\"inLanguage\":\"fr-FR\",\"@id\":\"https:\/\/cozyanddozy.com\/fr\/#\/schema\/logo\/image\/\",\"url\":\"https:\/\/cozyanddozy.com\/fr\/wp-content\/uploads\/2023\/02\/cozyanddozy_logo_b.png\",\"contentUrl\":\"https:\/\/cozyanddozy.com\/fr\/wp-content\/uploads\/2023\/02\/cozyanddozy_logo_b.png\",\"width\":314,\"height\":85,\"caption\":\"Cozy & Dozy\"},\"image\":{\"@id\":\"https:\/\/cozyanddozy.com\/fr\/#\/schema\/logo\/image\/\"},\"sameAs\":[\"https:\/\/www.facebook.com\/cozyanddozyshop\",\"https:\/\/www.instagram.com\/cozyanddozy\/\"]}]}<\/script>\n<meta property=\"product:price:amount\" content=\"125.10\" \/>\n<meta property=\"product:price:currency\" content=\"EUR\" \/>\n<meta property=\"og:availability\" content=\"out of stock\" \/>\n<meta property=\"product:availability\" content=\"out of stock\" \/>\n<meta property=\"product:retailer_item_id\" content=\"5902701492557\" \/>\n<meta property=\"product:condition\" content=\"new\" \/>\n<!-- \/ Yoast SEO Premium plugin. -->","yoast_head_json":{"title":"Tente tipi indien, tente pour gar\u00e7on Etno 4el. - Cozy & Dozy","description":"La tente indienne est faite d'une toile solide et de coton aux motifs azt\u00e8ques color\u00e9s.\u00a0L'entr\u00e9e du wigwam est orn\u00e9e d'une ceinture turquoise \u00e0 pompons.","robots":{"index":"index","follow":"follow","max-snippet":"max-snippet:-1","max-image-preview":"max-image-preview:large","max-video-preview":"max-video-preview:-1"},"canonical":"https:\/\/cozyanddozy.com\/fr\/produit\/tente-tipi-indien-tente-pour-garcon-etno-4el\/","og_locale":"fr_FR","og_type":"article","og_title":"Tente tipi indien, tente pour gar\u00e7on Etno 4el.","og_description":"La tente indienne est faite d'une toile solide et de coton aux motifs azt\u00e8ques color\u00e9s.\u00a0L'entr\u00e9e du wigwam est orn\u00e9e d'une ceinture turquoise \u00e0 pompons.","og_url":"https:\/\/cozyanddozy.com\/fr\/produit\/tente-tipi-indien-tente-pour-garcon-etno-4el\/","og_site_name":"Cozy &amp; Dozy","article_publisher":"https:\/\/www.facebook.com\/cozyanddozyshop","article_modified_time":"2024-01-23T10:51:49+00:00","og_image":[{"width":1200,"height":1200,"url":"https:\/\/cozyanddozy.com\/fr\/wp-content\/uploads\/2023\/02\/tipi_tent_etno_set_f9.jpg","type":"image\/jpeg"}],"twitter_card":"summary_large_image","twitter_misc":{"Prix":"125,10&nbsp;&euro;","Disponibilit\u00e9":"Rupture de stock"},"schema":{"@context":"https:\/\/schema.org","@graph":[{"@type":"WebPage","@id":"https:\/\/cozyanddozy.com\/fr\/produit\/tente-tipi-indien-tente-pour-garcon-etno-4el\/","url":"https:\/\/cozyanddozy.com\/fr\/produit\/tente-tipi-indien-tente-pour-garcon-etno-4el\/","name":"Tente tipi indien, tente pour gar\u00e7on Etno 4el. - Cozy & Dozy","isPartOf":{"@id":"https:\/\/cozyanddozy.com\/fr\/#website"},"primaryImageOfPage":{"@id":"https:\/\/cozyanddozy.com\/fr\/produit\/tente-tipi-indien-tente-pour-garcon-etno-4el\/#primaryimage"},"image":{"@id":"https:\/\/cozyanddozy.com\/fr\/produit\/tente-tipi-indien-tente-pour-garcon-etno-4el\/#primaryimage"},"thumbnailUrl":"https:\/\/cozyanddozy.com\/fr\/wp-content\/uploads\/2023\/02\/tipi_tent_etno_set_f9.jpg","datePublished":"2017-10-20T08:09:00+00:00","dateModified":"2024-01-23T10:51:49+00:00","description":"La tente indienne est faite d'une toile solide et de coton aux motifs azt\u00e8ques color\u00e9s.\u00a0L'entr\u00e9e du wigwam est orn\u00e9e d'une ceinture turquoise \u00e0 pompons.","breadcrumb":{"@id":"https:\/\/cozyanddozy.com\/fr\/produit\/tente-tipi-indien-tente-pour-garcon-etno-4el\/#breadcrumb"},"inLanguage":"fr-FR","potentialAction":[{"@type":"ReadAction","target":["https:\/\/cozyanddozy.com\/fr\/produit\/tente-tipi-indien-tente-pour-garcon-etno-4el\/"]}]},{"@type":"ImageObject","inLanguage":"fr-FR","@id":"https:\/\/cozyanddozy.com\/fr\/produit\/tente-tipi-indien-tente-pour-garcon-etno-4el\/#primaryimage","url":"https:\/\/cozyanddozy.com\/fr\/wp-content\/uploads\/2023\/02\/tipi_tent_etno_set_f9.jpg","contentUrl":"https:\/\/cozyanddozy.com\/fr\/wp-content\/uploads\/2023\/02\/tipi_tent_etno_set_f9.jpg","width":1200,"height":1200,"caption":"tipi tent indian"},{"@type":"BreadcrumbList","@id":"https:\/\/cozyanddozy.com\/fr\/produit\/tente-tipi-indien-tente-pour-garcon-etno-4el\/#breadcrumb","itemListElement":[{"@type":"ListItem","position":1,"name":"Home","item":"https:\/\/cozyanddozy.com\/fr\/"},{"@type":"ListItem","position":2,"name":"Boutique","item":"https:\/\/cozyanddozy.com\/fr\/boutique\/"},{"@type":"ListItem","position":3,"name":"Tente tipi indien, tente pour gar\u00e7on Etno 4el."}]},{"@type":"WebSite","@id":"https:\/\/cozyanddozy.com\/fr\/#website","url":"https:\/\/cozyanddozy.com\/fr\/","name":"Cozy & Dozy","description":"","publisher":{"@id":"https:\/\/cozyanddozy.com\/fr\/#organization"},"alternateName":"Cozy and Dozy","potentialAction":[{"@type":"SearchAction","target":{"@type":"EntryPoint","urlTemplate":"https:\/\/cozyanddozy.com\/fr\/?s={search_term_string}"},"query-input":{"@type":"PropertyValueSpecification","valueRequired":true,"valueName":"search_term_string"}}],"inLanguage":"fr-FR"},{"@type":"Organization","@id":"https:\/\/cozyanddozy.com\/fr\/#organization","name":"Cozy & Dozy","url":"https:\/\/cozyanddozy.com\/fr\/","logo":{"@type":"ImageObject","inLanguage":"fr-FR","@id":"https:\/\/cozyanddozy.com\/fr\/#\/schema\/logo\/image\/","url":"https:\/\/cozyanddozy.com\/fr\/wp-content\/uploads\/2023\/02\/cozyanddozy_logo_b.png","contentUrl":"https:\/\/cozyanddozy.com\/fr\/wp-content\/uploads\/2023\/02\/cozyanddozy_logo_b.png","width":314,"height":85,"caption":"Cozy & Dozy"},"image":{"@id":"https:\/\/cozyanddozy.com\/fr\/#\/schema\/logo\/image\/"},"sameAs":["https:\/\/www.facebook.com\/cozyanddozyshop","https:\/\/www.instagram.com\/cozyanddozy\/"]}]},"product_price_amount":"125.10","product_price_currency":"EUR","og_availability":"out of stock","product_availability":"out of stock","product_retailer_item_id":"5902701492557","product_condition":"new"},"_links":{"self":[{"href":"https:\/\/cozyanddozy.com\/fr\/wp-json\/wp\/v2\/product\/389","targetHints":{"allow":["GET"]}}],"collection":[{"href":"https:\/\/cozyanddozy.com\/fr\/wp-json\/wp\/v2\/product"}],"about":[{"href":"https:\/\/cozyanddozy.com\/fr\/wp-json\/wp\/v2\/types\/product"}],"replies":[{"embeddable":true,"href":"https:\/\/cozyanddozy.com\/fr\/wp-json\/wp\/v2\/comments?post=389"}],"wp:featuredmedia":[{"embeddable":true,"href":"https:\/\/cozyanddozy.com\/fr\/wp-json\/wp\/v2\/media\/391"}],"wp:attachment":[{"href":"https:\/\/cozyanddozy.com\/fr\/wp-json\/wp\/v2\/media?parent=389"}],"wp:term":[{"taxonomy":"product_brand","embeddable":true,"href":"https:\/\/cozyanddozy.com\/fr\/wp-json\/wp\/v2\/product_brand?post=389"},{"taxonomy":"product_cat","embeddable":true,"href":"https:\/\/cozyanddozy.com\/fr\/wp-json\/wp\/v2\/product_cat?post=389"},{"taxonomy":"product_tag","embeddable":true,"href":"https:\/\/cozyanddozy.com\/fr\/wp-json\/wp\/v2\/product_tag?post=389"}],"curies":[{"name":"wp","href":"https:\/\/api.w.org\/{rel}","templated":true}]}}