{"id":383,"date":"2017-08-13T13:37:55","date_gmt":"2017-08-13T12:37:55","guid":{"rendered":"https:\/\/cozyanddozy.com\/fr\/product\/kids-teepee-tent-etno-play-tent-for-kidsroom\/"},"modified":"2025-01-29T22:30:03","modified_gmt":"2025-01-29T21:30:03","slug":"idienne-tente-tipi-pour-enfants-etno","status":"publish","type":"product","link":"https:\/\/cozyanddozy.com\/fr\/produit\/idienne-tente-tipi-pour-enfants-etno\/","title":{"rendered":"Idienne Tente tipi pour enfants Etno"},"content":{"rendered":"<h3>Tente tipi pour enfants Etno<\/h3>\n<p><b>Une simple wigwam tente Indienne<\/b><span style=\"font-weight: 400;\"> par Cozy &amp; Dozy est un refuge ludique pour tous les petits explorateurs. <\/span><span style=\"font-weight: 400;\">La toile beige est finie avec <\/span><b>coton \u00e0 motifs indiens<\/b><span style=\"font-weight: 400;\"> et l&#8217;<\/span><b>entr\u00e9e est d\u00e9cor\u00e9e de ruban turquoise avec des pompons<\/b><span style=\"font-weight: 400;\">. La tente teepee pour enfant avec un design indien traditionnel est une excellente id\u00e9e pour une chambre d&#8217;enfant, \u00e0 la fois pour gar\u00e7on et fille. Elle est \u00e9galement utile lorsque les enfants jouent dans l&#8217;arri\u00e8re-cour &#8211; comme une cabane textile confortable <\/span><b>dans un jardin ou sur une plage<\/b><span style=\"font-weight: 400;\">.<\/span><span style=\"font-weight: 400;\"><br \/>\n<\/span><\/p>\n<p><span style=\"font-weight: 400;\">La tente de jeu est faite de coton naturel, exceptionnellement respirant et r\u00e9sistant aux d\u00e9chirures. Il donne une nuance agr\u00e9able, prot\u00e8ge du vent pendant les activit\u00e9s de plein air et cr\u00e9e une cachette calme et confortable pour votre enfant et ses petits tr\u00e9sors. La petite fen\u00eatre pratique avec le store \u00e0 rouleaux am\u00e9liore la circulation de l&#8217;air, de sorte qu&#8217;il n&#8217;y a jamais trop chaud \u00e0 l&#8217;int\u00e9rieur.<\/span><span style=\"font-weight: 400;\"><br \/>\n<\/span><span style=\"font-weight: 400;\">Le tipi de notre enfant est \u00e0 <\/span><b>100% fait \u00e0 la main<\/b><span style=\"font-weight: 400;\">, cousu avec une attention particuli\u00e8re aux d\u00e9tails. Chaque tente est unique. Vous pouvez \u00eatre s\u00fbr que vous donnez \u00e0 votre enfant l&#8217;objet de <\/span><b>la meilleure qualit\u00e9<\/b><span style=\"font-weight: 400;\">.<\/span><\/p>\n<h3><span style=\"font-weight: 400;\">L&#8217;\u00e9quipement de la tente Etno indienne pour enfants par Cozy &amp; Dozy comprend:<\/span><\/h3>\n<ul>\n<li><span style=\"font-weight: 400;\">\u00a0tente tipi<\/span><\/li>\n<li><span style=\"font-weight: 400;\">4 poteaux de pin<\/span><\/li>\n<li><span style=\"font-weight: 400;\">stabilizer<\/span><\/li>\n<\/ul>\n","protected":false},"excerpt":{"rendered":"<p>Une simple wigwam tente Indienne par Cozyshop est un refuge ludique pour tous les petits explorateurs<\/p>\n","protected":false},"featured_media":384,"comment_status":"open","ping_status":"closed","template":"","meta":[],"product_brand":[],"product_cat":[16],"product_tag":[],"class_list":{"0":"post-383","1":"product","2":"type-product","3":"status-publish","4":"has-post-thumbnail","6":"product_cat-tentes-tipi","8":"first","9":"outofstock","10":"sale","11":"product-type-simple"},"yoast_head":"<!-- This site is optimized with the Yoast SEO Premium plugin v21.9 (Yoast SEO v27.0) - https:\/\/yoast.com\/product\/yoast-seo-premium-wordpress\/ -->\n<title>Idienne Tente tipi pour enfants Etno - Cozy &amp; Dozy<\/title>\n<meta name=\"description\" content=\"Une simple wigwam tente Indienne par Cozyshop est un refuge ludique pour tous les petits explorateurs\" \/>\n<meta name=\"robots\" content=\"index, follow, max-snippet:-1, max-image-preview:large, max-video-preview:-1\" \/>\n<link rel=\"canonical\" href=\"https:\/\/cozyanddozy.com\/fr\/produit\/idienne-tente-tipi-pour-enfants-etno\/\" \/>\n<meta property=\"og:locale\" content=\"fr_FR\" \/>\n<meta property=\"og:type\" content=\"article\" \/>\n<meta property=\"og:title\" content=\"Idienne Tente tipi pour enfants Etno\" \/>\n<meta property=\"og:description\" content=\"Une simple wigwam tente Indienne par Cozyshop est un refuge ludique pour tous les petits explorateurs\" \/>\n<meta property=\"og:url\" content=\"https:\/\/cozyanddozy.com\/fr\/produit\/idienne-tente-tipi-pour-enfants-etno\/\" \/>\n<meta property=\"og:site_name\" content=\"Cozy &amp; Dozy\" \/>\n<meta property=\"article:publisher\" content=\"https:\/\/www.facebook.com\/cozyanddozyshop\" \/>\n<meta property=\"article:modified_time\" content=\"2025-01-29T21:30:03+00:00\" \/>\n<meta property=\"og:image\" content=\"https:\/\/cozyanddozy.com\/fr\/wp-content\/uploads\/2023\/02\/pp-1408.jpg\" \/>\n\t<meta property=\"og:image:width\" content=\"1200\" \/>\n\t<meta property=\"og:image:height\" content=\"1200\" \/>\n\t<meta property=\"og:image:type\" content=\"image\/jpeg\" \/>\n<meta name=\"twitter:card\" content=\"summary_large_image\" \/>\n<meta name=\"twitter:label1\" content=\"Prix\" \/>\n\t<meta name=\"twitter:data1\" content=\"89,10&nbsp;&euro;\" \/>\n\t<meta name=\"twitter:label2\" content=\"Disponibilit\u00e9\" \/>\n\t<meta name=\"twitter:data2\" content=\"Rupture de stock\" \/>\n<script type=\"application\/ld+json\" class=\"yoast-schema-graph\">{\"@context\":\"https:\/\/schema.org\",\"@graph\":[{\"@type\":\"WebPage\",\"@id\":\"https:\/\/cozyanddozy.com\/fr\/produit\/idienne-tente-tipi-pour-enfants-etno\/\",\"url\":\"https:\/\/cozyanddozy.com\/fr\/produit\/idienne-tente-tipi-pour-enfants-etno\/\",\"name\":\"Idienne Tente tipi pour enfants Etno - Cozy & Dozy\",\"isPartOf\":{\"@id\":\"https:\/\/cozyanddozy.com\/fr\/#website\"},\"primaryImageOfPage\":{\"@id\":\"https:\/\/cozyanddozy.com\/fr\/produit\/idienne-tente-tipi-pour-enfants-etno\/#primaryimage\"},\"image\":{\"@id\":\"https:\/\/cozyanddozy.com\/fr\/produit\/idienne-tente-tipi-pour-enfants-etno\/#primaryimage\"},\"thumbnailUrl\":\"https:\/\/cozyanddozy.com\/fr\/wp-content\/uploads\/2023\/02\/pp-1408.jpg\",\"datePublished\":\"2017-08-13T12:37:55+00:00\",\"dateModified\":\"2025-01-29T21:30:03+00:00\",\"description\":\"Une simple wigwam tente Indienne par Cozyshop est un refuge ludique pour tous les petits explorateurs\",\"breadcrumb\":{\"@id\":\"https:\/\/cozyanddozy.com\/fr\/produit\/idienne-tente-tipi-pour-enfants-etno\/#breadcrumb\"},\"inLanguage\":\"fr-FR\",\"potentialAction\":[{\"@type\":\"ReadAction\",\"target\":[\"https:\/\/cozyanddozy.com\/fr\/produit\/idienne-tente-tipi-pour-enfants-etno\/\"]}]},{\"@type\":\"ImageObject\",\"inLanguage\":\"fr-FR\",\"@id\":\"https:\/\/cozyanddozy.com\/fr\/produit\/idienne-tente-tipi-pour-enfants-etno\/#primaryimage\",\"url\":\"https:\/\/cozyanddozy.com\/fr\/wp-content\/uploads\/2023\/02\/pp-1408.jpg\",\"contentUrl\":\"https:\/\/cozyanddozy.com\/fr\/wp-content\/uploads\/2023\/02\/pp-1408.jpg\",\"width\":1200,\"height\":1200},{\"@type\":\"BreadcrumbList\",\"@id\":\"https:\/\/cozyanddozy.com\/fr\/produit\/idienne-tente-tipi-pour-enfants-etno\/#breadcrumb\",\"itemListElement\":[{\"@type\":\"ListItem\",\"position\":1,\"name\":\"Home\",\"item\":\"https:\/\/cozyanddozy.com\/fr\/\"},{\"@type\":\"ListItem\",\"position\":2,\"name\":\"Boutique\",\"item\":\"https:\/\/cozyanddozy.com\/fr\/boutique\/\"},{\"@type\":\"ListItem\",\"position\":3,\"name\":\"Idienne Tente tipi pour enfants Etno\"}]},{\"@type\":\"WebSite\",\"@id\":\"https:\/\/cozyanddozy.com\/fr\/#website\",\"url\":\"https:\/\/cozyanddozy.com\/fr\/\",\"name\":\"Cozy & Dozy\",\"description\":\"\",\"publisher\":{\"@id\":\"https:\/\/cozyanddozy.com\/fr\/#organization\"},\"alternateName\":\"Cozy and Dozy\",\"potentialAction\":[{\"@type\":\"SearchAction\",\"target\":{\"@type\":\"EntryPoint\",\"urlTemplate\":\"https:\/\/cozyanddozy.com\/fr\/?s={search_term_string}\"},\"query-input\":{\"@type\":\"PropertyValueSpecification\",\"valueRequired\":true,\"valueName\":\"search_term_string\"}}],\"inLanguage\":\"fr-FR\"},{\"@type\":\"Organization\",\"@id\":\"https:\/\/cozyanddozy.com\/fr\/#organization\",\"name\":\"Cozy & Dozy\",\"url\":\"https:\/\/cozyanddozy.com\/fr\/\",\"logo\":{\"@type\":\"ImageObject\",\"inLanguage\":\"fr-FR\",\"@id\":\"https:\/\/cozyanddozy.com\/fr\/#\/schema\/logo\/image\/\",\"url\":\"https:\/\/cozyanddozy.com\/fr\/wp-content\/uploads\/2023\/02\/cozyanddozy_logo_b.png\",\"contentUrl\":\"https:\/\/cozyanddozy.com\/fr\/wp-content\/uploads\/2023\/02\/cozyanddozy_logo_b.png\",\"width\":314,\"height\":85,\"caption\":\"Cozy & Dozy\"},\"image\":{\"@id\":\"https:\/\/cozyanddozy.com\/fr\/#\/schema\/logo\/image\/\"},\"sameAs\":[\"https:\/\/www.facebook.com\/cozyanddozyshop\",\"https:\/\/www.instagram.com\/cozyanddozy\/\"]}]}<\/script>\n<meta property=\"product:price:amount\" content=\"89.10\" \/>\n<meta property=\"product:price:currency\" content=\"EUR\" \/>\n<meta property=\"og:availability\" content=\"out of stock\" \/>\n<meta property=\"product:availability\" content=\"out of stock\" \/>\n<meta property=\"product:retailer_item_id\" content=\"5902701490638\" \/>\n<meta property=\"product:condition\" content=\"new\" \/>\n<!-- \/ Yoast SEO Premium plugin. -->","yoast_head_json":{"title":"Idienne Tente tipi pour enfants Etno - Cozy & Dozy","description":"Une simple wigwam tente Indienne par Cozyshop est un refuge ludique pour tous les petits explorateurs","robots":{"index":"index","follow":"follow","max-snippet":"max-snippet:-1","max-image-preview":"max-image-preview:large","max-video-preview":"max-video-preview:-1"},"canonical":"https:\/\/cozyanddozy.com\/fr\/produit\/idienne-tente-tipi-pour-enfants-etno\/","og_locale":"fr_FR","og_type":"article","og_title":"Idienne Tente tipi pour enfants Etno","og_description":"Une simple wigwam tente Indienne par Cozyshop est un refuge ludique pour tous les petits explorateurs","og_url":"https:\/\/cozyanddozy.com\/fr\/produit\/idienne-tente-tipi-pour-enfants-etno\/","og_site_name":"Cozy &amp; Dozy","article_publisher":"https:\/\/www.facebook.com\/cozyanddozyshop","article_modified_time":"2025-01-29T21:30:03+00:00","og_image":[{"width":1200,"height":1200,"url":"https:\/\/cozyanddozy.com\/fr\/wp-content\/uploads\/2023\/02\/pp-1408.jpg","type":"image\/jpeg"}],"twitter_card":"summary_large_image","twitter_misc":{"Prix":"89,10&nbsp;&euro;","Disponibilit\u00e9":"Rupture de stock"},"schema":{"@context":"https:\/\/schema.org","@graph":[{"@type":"WebPage","@id":"https:\/\/cozyanddozy.com\/fr\/produit\/idienne-tente-tipi-pour-enfants-etno\/","url":"https:\/\/cozyanddozy.com\/fr\/produit\/idienne-tente-tipi-pour-enfants-etno\/","name":"Idienne Tente tipi pour enfants Etno - Cozy & Dozy","isPartOf":{"@id":"https:\/\/cozyanddozy.com\/fr\/#website"},"primaryImageOfPage":{"@id":"https:\/\/cozyanddozy.com\/fr\/produit\/idienne-tente-tipi-pour-enfants-etno\/#primaryimage"},"image":{"@id":"https:\/\/cozyanddozy.com\/fr\/produit\/idienne-tente-tipi-pour-enfants-etno\/#primaryimage"},"thumbnailUrl":"https:\/\/cozyanddozy.com\/fr\/wp-content\/uploads\/2023\/02\/pp-1408.jpg","datePublished":"2017-08-13T12:37:55+00:00","dateModified":"2025-01-29T21:30:03+00:00","description":"Une simple wigwam tente Indienne par Cozyshop est un refuge ludique pour tous les petits explorateurs","breadcrumb":{"@id":"https:\/\/cozyanddozy.com\/fr\/produit\/idienne-tente-tipi-pour-enfants-etno\/#breadcrumb"},"inLanguage":"fr-FR","potentialAction":[{"@type":"ReadAction","target":["https:\/\/cozyanddozy.com\/fr\/produit\/idienne-tente-tipi-pour-enfants-etno\/"]}]},{"@type":"ImageObject","inLanguage":"fr-FR","@id":"https:\/\/cozyanddozy.com\/fr\/produit\/idienne-tente-tipi-pour-enfants-etno\/#primaryimage","url":"https:\/\/cozyanddozy.com\/fr\/wp-content\/uploads\/2023\/02\/pp-1408.jpg","contentUrl":"https:\/\/cozyanddozy.com\/fr\/wp-content\/uploads\/2023\/02\/pp-1408.jpg","width":1200,"height":1200},{"@type":"BreadcrumbList","@id":"https:\/\/cozyanddozy.com\/fr\/produit\/idienne-tente-tipi-pour-enfants-etno\/#breadcrumb","itemListElement":[{"@type":"ListItem","position":1,"name":"Home","item":"https:\/\/cozyanddozy.com\/fr\/"},{"@type":"ListItem","position":2,"name":"Boutique","item":"https:\/\/cozyanddozy.com\/fr\/boutique\/"},{"@type":"ListItem","position":3,"name":"Idienne Tente tipi pour enfants Etno"}]},{"@type":"WebSite","@id":"https:\/\/cozyanddozy.com\/fr\/#website","url":"https:\/\/cozyanddozy.com\/fr\/","name":"Cozy & Dozy","description":"","publisher":{"@id":"https:\/\/cozyanddozy.com\/fr\/#organization"},"alternateName":"Cozy and Dozy","potentialAction":[{"@type":"SearchAction","target":{"@type":"EntryPoint","urlTemplate":"https:\/\/cozyanddozy.com\/fr\/?s={search_term_string}"},"query-input":{"@type":"PropertyValueSpecification","valueRequired":true,"valueName":"search_term_string"}}],"inLanguage":"fr-FR"},{"@type":"Organization","@id":"https:\/\/cozyanddozy.com\/fr\/#organization","name":"Cozy & Dozy","url":"https:\/\/cozyanddozy.com\/fr\/","logo":{"@type":"ImageObject","inLanguage":"fr-FR","@id":"https:\/\/cozyanddozy.com\/fr\/#\/schema\/logo\/image\/","url":"https:\/\/cozyanddozy.com\/fr\/wp-content\/uploads\/2023\/02\/cozyanddozy_logo_b.png","contentUrl":"https:\/\/cozyanddozy.com\/fr\/wp-content\/uploads\/2023\/02\/cozyanddozy_logo_b.png","width":314,"height":85,"caption":"Cozy & Dozy"},"image":{"@id":"https:\/\/cozyanddozy.com\/fr\/#\/schema\/logo\/image\/"},"sameAs":["https:\/\/www.facebook.com\/cozyanddozyshop","https:\/\/www.instagram.com\/cozyanddozy\/"]}]},"product_price_amount":"89.10","product_price_currency":"EUR","og_availability":"out of stock","product_availability":"out of stock","product_retailer_item_id":"5902701490638","product_condition":"new"},"_links":{"self":[{"href":"https:\/\/cozyanddozy.com\/fr\/wp-json\/wp\/v2\/product\/383","targetHints":{"allow":["GET"]}}],"collection":[{"href":"https:\/\/cozyanddozy.com\/fr\/wp-json\/wp\/v2\/product"}],"about":[{"href":"https:\/\/cozyanddozy.com\/fr\/wp-json\/wp\/v2\/types\/product"}],"replies":[{"embeddable":true,"href":"https:\/\/cozyanddozy.com\/fr\/wp-json\/wp\/v2\/comments?post=383"}],"wp:featuredmedia":[{"embeddable":true,"href":"https:\/\/cozyanddozy.com\/fr\/wp-json\/wp\/v2\/media\/384"}],"wp:attachment":[{"href":"https:\/\/cozyanddozy.com\/fr\/wp-json\/wp\/v2\/media?parent=383"}],"wp:term":[{"taxonomy":"product_brand","embeddable":true,"href":"https:\/\/cozyanddozy.com\/fr\/wp-json\/wp\/v2\/product_brand?post=383"},{"taxonomy":"product_cat","embeddable":true,"href":"https:\/\/cozyanddozy.com\/fr\/wp-json\/wp\/v2\/product_cat?post=383"},{"taxonomy":"product_tag","embeddable":true,"href":"https:\/\/cozyanddozy.com\/fr\/wp-json\/wp\/v2\/product_tag?post=383"}],"curies":[{"name":"wp","href":"https:\/\/api.w.org\/{rel}","templated":true}]}}