{"id":3827,"date":"2024-11-12T15:21:46","date_gmt":"2024-11-12T15:21:46","guid":{"rendered":"https:\/\/cozyanddozy.com\/?post_type=product&#038;p=3305"},"modified":"2025-01-29T21:45:58","modified_gmt":"2025-01-29T20:45:58","slug":"coussin-decoratif-de-noel-sweet-christmas-tree","status":"publish","type":"product","link":"https:\/\/cozyanddozy.com\/fr\/produit\/coussin-decoratif-de-noel-sweet-christmas-tree\/","title":{"rendered":"Coussin d\u00e9coratif de No\u00ebl Sweet Christmas Tree"},"content":{"rendered":"<h3><strong>Ce coussin festif en forme de sapin de No\u00ebl ajoutera \u00e0 coup s\u00fbr du charme et de la gaiet\u00e9 \u00e0 votre d\u00e9coration de No\u00ebl\u00a0!<\/strong><\/h3>\n<p>Fabriqu\u00e9 en velours doux et coton aux couleurs classiques des f\u00eates de fin d&#8217;ann\u00e9e : rouge, vert et blanc, il cr\u00e9e une atmosph\u00e8re chaleureuse dans n&#8217;importe quelle pi\u00e8ce. Le tissu en velours ajoute une touche d&#8217;\u00e9l\u00e9gance et le rend vraiment unique.<\/p>\n<p>Coussin douillet parfait pour les enfants pendant la p\u00e9riode des f\u00eates, c&#8217;est \u00e0 la fois une d\u00e9coration et un coussin confortable. Apportez la magie de No\u00ebl dans votre maison et cr\u00e9ez cette atmosph\u00e8re sp\u00e9ciale qui n&#8217;arrive qu&#8217;une fois par an\u00a0!<\/p>\n<p>TISSUS\u00a0:<\/p>\n<p>Le coussin est rempli de boules antiallergiques. Tissu en coton et VELOURS.<\/p>\n<p>Sp\u00e9cification\u00a0:<\/p>\n<p>&#8211; Dimensions\u00a0: environ 40 \u00d7 10 cm (+\/- 2,5 cm)<\/p>\n<p>&#8211; Remplissage mousse antiallergique et boule<\/p>\n<p>&#8211; Tissu : coton, velours velours \u2013 CE<\/p>\n<p>M\u00e9thode d&#8217;entretien :<\/p>\n<p>&#8211; Ne pas repasser<\/p>\n<p>&#8211; Lavable en machine \u00e0 40 degr\u00e9s, essorage \u2013 800 tours<\/p>\n<p>&#8211; Ne pas nettoyer \u00e0 sec<\/p>\n<p>&#8211; Ne pas blanchir<\/p>\n<p>Con\u00e7u et cousu en Pologne par Cozy &amp; Dozy<\/p>\n<p>&nbsp;<\/p>\n","protected":false},"excerpt":{"rendered":"<p>Faites entrer la magie de No\u00ebl dans votre maison et cr\u00e9ez cette atmosph\u00e8re sp\u00e9ciale qui n&#8217;arrive qu&#8217;une fois par an !<\/p>\n","protected":false},"featured_media":3800,"comment_status":"open","ping_status":"closed","template":"","meta":[],"product_brand":[],"product_cat":[17,73],"product_tag":[],"class_list":{"0":"post-3827","1":"product","2":"type-product","3":"status-publish","4":"has-post-thumbnail","6":"product_cat-coussins-et-poufs","7":"product_cat-noel","9":"first","10":"instock","11":"sale","12":"shipping-taxable","13":"product-type-simple"},"yoast_head":"<!-- This site is optimized with the Yoast SEO Premium plugin v21.9 (Yoast SEO v27.0) - https:\/\/yoast.com\/product\/yoast-seo-premium-wordpress\/ -->\n<title>Coussin d\u00e9coratif de No\u00ebl Sweet Christmas Tree - Cozy &amp; Dozy<\/title>\n<meta name=\"robots\" content=\"index, follow, max-snippet:-1, max-image-preview:large, max-video-preview:-1\" \/>\n<link rel=\"canonical\" href=\"https:\/\/cozyanddozy.com\/fr\/produit\/coussin-decoratif-de-noel-sweet-christmas-tree\/\" \/>\n<meta property=\"og:locale\" content=\"fr_FR\" \/>\n<meta property=\"og:type\" content=\"article\" \/>\n<meta property=\"og:title\" content=\"Coussin d\u00e9coratif de No\u00ebl Sweet Christmas Tree\" \/>\n<meta property=\"og:description\" content=\"Faites entrer la magie de No\u00ebl dans votre maison et cr\u00e9ez cette atmosph\u00e8re sp\u00e9ciale qui n&#039;arrive qu&#039;une fois par an !\" \/>\n<meta property=\"og:url\" content=\"https:\/\/cozyanddozy.com\/fr\/produit\/coussin-decoratif-de-noel-sweet-christmas-tree\/\" \/>\n<meta property=\"og:site_name\" content=\"Cozy &amp; Dozy\" \/>\n<meta property=\"article:publisher\" content=\"https:\/\/www.facebook.com\/cozyanddozyshop\" \/>\n<meta property=\"article:modified_time\" content=\"2025-01-29T20:45:58+00:00\" \/>\n<meta property=\"og:image\" content=\"https:\/\/cozyanddozy.com\/fr\/wp-content\/uploads\/2024\/11\/little-christmas-tree-pillow-scaled.jpeg\" \/>\n\t<meta property=\"og:image:width\" content=\"2560\" \/>\n\t<meta property=\"og:image:height\" content=\"2560\" \/>\n\t<meta property=\"og:image:type\" content=\"image\/jpeg\" \/>\n<meta name=\"twitter:card\" content=\"summary_large_image\" \/>\n<meta name=\"twitter:label1\" content=\"Prix\" \/>\n\t<meta name=\"twitter:data1\" content=\"24,00&nbsp;&euro;\" \/>\n\t<meta name=\"twitter:label2\" content=\"Disponibilit\u00e9\" \/>\n\t<meta name=\"twitter:data2\" content=\"En stock\" \/>\n<script type=\"application\/ld+json\" class=\"yoast-schema-graph\">{\"@context\":\"https:\/\/schema.org\",\"@graph\":[{\"@type\":\"WebPage\",\"@id\":\"https:\/\/cozyanddozy.com\/fr\/produit\/coussin-decoratif-de-noel-sweet-christmas-tree\/\",\"url\":\"https:\/\/cozyanddozy.com\/fr\/produit\/coussin-decoratif-de-noel-sweet-christmas-tree\/\",\"name\":\"Coussin d\u00e9coratif de No\u00ebl Sweet Christmas Tree - Cozy & Dozy\",\"isPartOf\":{\"@id\":\"https:\/\/cozyanddozy.com\/fr\/#website\"},\"primaryImageOfPage\":{\"@id\":\"https:\/\/cozyanddozy.com\/fr\/produit\/coussin-decoratif-de-noel-sweet-christmas-tree\/#primaryimage\"},\"image\":{\"@id\":\"https:\/\/cozyanddozy.com\/fr\/produit\/coussin-decoratif-de-noel-sweet-christmas-tree\/#primaryimage\"},\"thumbnailUrl\":\"https:\/\/cozyanddozy.com\/fr\/wp-content\/uploads\/2024\/11\/little-christmas-tree-pillow-scaled.jpeg\",\"datePublished\":\"2024-11-12T15:21:46+00:00\",\"dateModified\":\"2025-01-29T20:45:58+00:00\",\"breadcrumb\":{\"@id\":\"https:\/\/cozyanddozy.com\/fr\/produit\/coussin-decoratif-de-noel-sweet-christmas-tree\/#breadcrumb\"},\"inLanguage\":\"fr-FR\",\"potentialAction\":[{\"@type\":\"ReadAction\",\"target\":[\"https:\/\/cozyanddozy.com\/fr\/produit\/coussin-decoratif-de-noel-sweet-christmas-tree\/\"]}]},{\"@type\":\"ImageObject\",\"inLanguage\":\"fr-FR\",\"@id\":\"https:\/\/cozyanddozy.com\/fr\/produit\/coussin-decoratif-de-noel-sweet-christmas-tree\/#primaryimage\",\"url\":\"https:\/\/cozyanddozy.com\/fr\/wp-content\/uploads\/2024\/11\/little-christmas-tree-pillow-scaled.jpeg\",\"contentUrl\":\"https:\/\/cozyanddozy.com\/fr\/wp-content\/uploads\/2024\/11\/little-christmas-tree-pillow-scaled.jpeg\",\"width\":2560,\"height\":2560},{\"@type\":\"BreadcrumbList\",\"@id\":\"https:\/\/cozyanddozy.com\/fr\/produit\/coussin-decoratif-de-noel-sweet-christmas-tree\/#breadcrumb\",\"itemListElement\":[{\"@type\":\"ListItem\",\"position\":1,\"name\":\"Home\",\"item\":\"https:\/\/cozyanddozy.com\/fr\/\"},{\"@type\":\"ListItem\",\"position\":2,\"name\":\"Boutique\",\"item\":\"https:\/\/cozyanddozy.com\/fr\/boutique\/\"},{\"@type\":\"ListItem\",\"position\":3,\"name\":\"Coussin d\u00e9coratif de No\u00ebl Sweet Christmas Tree\"}]},{\"@type\":\"WebSite\",\"@id\":\"https:\/\/cozyanddozy.com\/fr\/#website\",\"url\":\"https:\/\/cozyanddozy.com\/fr\/\",\"name\":\"Cozy & Dozy\",\"description\":\"\",\"publisher\":{\"@id\":\"https:\/\/cozyanddozy.com\/fr\/#organization\"},\"alternateName\":\"Cozy and Dozy\",\"potentialAction\":[{\"@type\":\"SearchAction\",\"target\":{\"@type\":\"EntryPoint\",\"urlTemplate\":\"https:\/\/cozyanddozy.com\/fr\/?s={search_term_string}\"},\"query-input\":{\"@type\":\"PropertyValueSpecification\",\"valueRequired\":true,\"valueName\":\"search_term_string\"}}],\"inLanguage\":\"fr-FR\"},{\"@type\":\"Organization\",\"@id\":\"https:\/\/cozyanddozy.com\/fr\/#organization\",\"name\":\"Cozy & Dozy\",\"url\":\"https:\/\/cozyanddozy.com\/fr\/\",\"logo\":{\"@type\":\"ImageObject\",\"inLanguage\":\"fr-FR\",\"@id\":\"https:\/\/cozyanddozy.com\/fr\/#\/schema\/logo\/image\/\",\"url\":\"https:\/\/cozyanddozy.com\/fr\/wp-content\/uploads\/2023\/02\/cozyanddozy_logo_b.png\",\"contentUrl\":\"https:\/\/cozyanddozy.com\/fr\/wp-content\/uploads\/2023\/02\/cozyanddozy_logo_b.png\",\"width\":314,\"height\":85,\"caption\":\"Cozy & Dozy\"},\"image\":{\"@id\":\"https:\/\/cozyanddozy.com\/fr\/#\/schema\/logo\/image\/\"},\"sameAs\":[\"https:\/\/www.facebook.com\/cozyanddozyshop\",\"https:\/\/www.instagram.com\/cozyanddozy\/\"]}]}<\/script>\n<meta property=\"product:price:amount\" content=\"24.00\" \/>\n<meta property=\"product:price:currency\" content=\"EUR\" \/>\n<meta property=\"og:availability\" content=\"instock\" \/>\n<meta property=\"product:availability\" content=\"instock\" \/>\n<meta property=\"product:retailer_item_id\" content=\"5902701497965\" \/>\n<meta property=\"product:condition\" content=\"new\" \/>\n<!-- \/ Yoast SEO Premium plugin. -->","yoast_head_json":{"title":"Coussin d\u00e9coratif de No\u00ebl Sweet Christmas Tree - Cozy & Dozy","robots":{"index":"index","follow":"follow","max-snippet":"max-snippet:-1","max-image-preview":"max-image-preview:large","max-video-preview":"max-video-preview:-1"},"canonical":"https:\/\/cozyanddozy.com\/fr\/produit\/coussin-decoratif-de-noel-sweet-christmas-tree\/","og_locale":"fr_FR","og_type":"article","og_title":"Coussin d\u00e9coratif de No\u00ebl Sweet Christmas Tree","og_description":"Faites entrer la magie de No\u00ebl dans votre maison et cr\u00e9ez cette atmosph\u00e8re sp\u00e9ciale qui n'arrive qu'une fois par an !","og_url":"https:\/\/cozyanddozy.com\/fr\/produit\/coussin-decoratif-de-noel-sweet-christmas-tree\/","og_site_name":"Cozy &amp; Dozy","article_publisher":"https:\/\/www.facebook.com\/cozyanddozyshop","article_modified_time":"2025-01-29T20:45:58+00:00","og_image":[{"width":2560,"height":2560,"url":"https:\/\/cozyanddozy.com\/fr\/wp-content\/uploads\/2024\/11\/little-christmas-tree-pillow-scaled.jpeg","type":"image\/jpeg"}],"twitter_card":"summary_large_image","twitter_misc":{"Prix":"24,00&nbsp;&euro;","Disponibilit\u00e9":"En stock"},"schema":{"@context":"https:\/\/schema.org","@graph":[{"@type":"WebPage","@id":"https:\/\/cozyanddozy.com\/fr\/produit\/coussin-decoratif-de-noel-sweet-christmas-tree\/","url":"https:\/\/cozyanddozy.com\/fr\/produit\/coussin-decoratif-de-noel-sweet-christmas-tree\/","name":"Coussin d\u00e9coratif de No\u00ebl Sweet Christmas Tree - Cozy & Dozy","isPartOf":{"@id":"https:\/\/cozyanddozy.com\/fr\/#website"},"primaryImageOfPage":{"@id":"https:\/\/cozyanddozy.com\/fr\/produit\/coussin-decoratif-de-noel-sweet-christmas-tree\/#primaryimage"},"image":{"@id":"https:\/\/cozyanddozy.com\/fr\/produit\/coussin-decoratif-de-noel-sweet-christmas-tree\/#primaryimage"},"thumbnailUrl":"https:\/\/cozyanddozy.com\/fr\/wp-content\/uploads\/2024\/11\/little-christmas-tree-pillow-scaled.jpeg","datePublished":"2024-11-12T15:21:46+00:00","dateModified":"2025-01-29T20:45:58+00:00","breadcrumb":{"@id":"https:\/\/cozyanddozy.com\/fr\/produit\/coussin-decoratif-de-noel-sweet-christmas-tree\/#breadcrumb"},"inLanguage":"fr-FR","potentialAction":[{"@type":"ReadAction","target":["https:\/\/cozyanddozy.com\/fr\/produit\/coussin-decoratif-de-noel-sweet-christmas-tree\/"]}]},{"@type":"ImageObject","inLanguage":"fr-FR","@id":"https:\/\/cozyanddozy.com\/fr\/produit\/coussin-decoratif-de-noel-sweet-christmas-tree\/#primaryimage","url":"https:\/\/cozyanddozy.com\/fr\/wp-content\/uploads\/2024\/11\/little-christmas-tree-pillow-scaled.jpeg","contentUrl":"https:\/\/cozyanddozy.com\/fr\/wp-content\/uploads\/2024\/11\/little-christmas-tree-pillow-scaled.jpeg","width":2560,"height":2560},{"@type":"BreadcrumbList","@id":"https:\/\/cozyanddozy.com\/fr\/produit\/coussin-decoratif-de-noel-sweet-christmas-tree\/#breadcrumb","itemListElement":[{"@type":"ListItem","position":1,"name":"Home","item":"https:\/\/cozyanddozy.com\/fr\/"},{"@type":"ListItem","position":2,"name":"Boutique","item":"https:\/\/cozyanddozy.com\/fr\/boutique\/"},{"@type":"ListItem","position":3,"name":"Coussin d\u00e9coratif de No\u00ebl Sweet Christmas Tree"}]},{"@type":"WebSite","@id":"https:\/\/cozyanddozy.com\/fr\/#website","url":"https:\/\/cozyanddozy.com\/fr\/","name":"Cozy & Dozy","description":"","publisher":{"@id":"https:\/\/cozyanddozy.com\/fr\/#organization"},"alternateName":"Cozy and Dozy","potentialAction":[{"@type":"SearchAction","target":{"@type":"EntryPoint","urlTemplate":"https:\/\/cozyanddozy.com\/fr\/?s={search_term_string}"},"query-input":{"@type":"PropertyValueSpecification","valueRequired":true,"valueName":"search_term_string"}}],"inLanguage":"fr-FR"},{"@type":"Organization","@id":"https:\/\/cozyanddozy.com\/fr\/#organization","name":"Cozy & Dozy","url":"https:\/\/cozyanddozy.com\/fr\/","logo":{"@type":"ImageObject","inLanguage":"fr-FR","@id":"https:\/\/cozyanddozy.com\/fr\/#\/schema\/logo\/image\/","url":"https:\/\/cozyanddozy.com\/fr\/wp-content\/uploads\/2023\/02\/cozyanddozy_logo_b.png","contentUrl":"https:\/\/cozyanddozy.com\/fr\/wp-content\/uploads\/2023\/02\/cozyanddozy_logo_b.png","width":314,"height":85,"caption":"Cozy & Dozy"},"image":{"@id":"https:\/\/cozyanddozy.com\/fr\/#\/schema\/logo\/image\/"},"sameAs":["https:\/\/www.facebook.com\/cozyanddozyshop","https:\/\/www.instagram.com\/cozyanddozy\/"]}]},"product_price_amount":"24.00","product_price_currency":"EUR","og_availability":"instock","product_availability":"instock","product_retailer_item_id":"5902701497965","product_condition":"new"},"_links":{"self":[{"href":"https:\/\/cozyanddozy.com\/fr\/wp-json\/wp\/v2\/product\/3827","targetHints":{"allow":["GET"]}}],"collection":[{"href":"https:\/\/cozyanddozy.com\/fr\/wp-json\/wp\/v2\/product"}],"about":[{"href":"https:\/\/cozyanddozy.com\/fr\/wp-json\/wp\/v2\/types\/product"}],"replies":[{"embeddable":true,"href":"https:\/\/cozyanddozy.com\/fr\/wp-json\/wp\/v2\/comments?post=3827"}],"wp:featuredmedia":[{"embeddable":true,"href":"https:\/\/cozyanddozy.com\/fr\/wp-json\/wp\/v2\/media\/3800"}],"wp:attachment":[{"href":"https:\/\/cozyanddozy.com\/fr\/wp-json\/wp\/v2\/media?parent=3827"}],"wp:term":[{"taxonomy":"product_brand","embeddable":true,"href":"https:\/\/cozyanddozy.com\/fr\/wp-json\/wp\/v2\/product_brand?post=3827"},{"taxonomy":"product_cat","embeddable":true,"href":"https:\/\/cozyanddozy.com\/fr\/wp-json\/wp\/v2\/product_cat?post=3827"},{"taxonomy":"product_tag","embeddable":true,"href":"https:\/\/cozyanddozy.com\/fr\/wp-json\/wp\/v2\/product_tag?post=3827"}],"curies":[{"name":"wp","href":"https:\/\/api.w.org\/{rel}","templated":true}]}}