{"id":3821,"date":"2024-11-13T08:12:17","date_gmt":"2024-11-13T08:12:17","guid":{"rendered":"https:\/\/cozyanddozy.com\/?post_type=product&#038;p=3313"},"modified":"2024-11-17T16:17:08","modified_gmt":"2024-11-17T15:17:08","slug":"coussin-caramella-marrone-caramello","status":"publish","type":"product","link":"https:\/\/cozyanddozy.com\/fr\/produit\/coussin-caramella-marrone-caramello\/","title":{"rendered":"Coussin caramella marrone caramello"},"content":{"rendered":"<p>Coussin en velours doux au caramel &#8211; cr\u00e9e une atmosph\u00e8re chaleureuse dans n&#8217;importe quelle pi\u00e8ce.<\/p>\n<p>Le tissu en velours ajoute une touche d&#8217;\u00e9l\u00e9gance, tandis que la forme ronde et le motif ludique d&#8217;inspiration vintage le rendent vraiment unique. Parfait pour les adultes et les enfants pendant la p\u00e9riode des f\u00eates, c&#8217;est \u00e0 la fois une d\u00e9coration et un coussin confortable. Apportez la magie de No\u00ebl dans votre maison et cr\u00e9ez cette atmosph\u00e8re sp\u00e9ciale qui n&#8217;arrive qu&#8217;une fois par an !<\/p>\n<p>Coussin disponible en marron fonc\u00e9 et beige.<\/p>\n<p>TISSUS :<\/p>\n<p>Le coussin est rempli de mousse antiallergique. Tissu VELOURS fabriqu\u00e9.<\/p>\n<p>Sp\u00e9cifications :<\/p>\n<p>&#8211; Dimensions : environ 60 \u00d7 10 cm (+\/- 2,5 cm)<\/p>\n<p>&#8211; Remplissage en mousse antiallergique et boule<\/p>\n<p>&#8211; Tissu : Velours velours &#8211; CE<\/p>\n<p>M\u00e9thode d&#8217;entretien :<\/p>\n<p>&#8211; Ne pas repasser<\/p>\n<p>&#8211; Lavable en machine \u00e0 40 degr\u00e9s, essorage &#8211; 800 tours<\/p>\n<p>&#8211; Ne pas nettoyer \u00e0 sec<\/p>\n<p>&#8211; Ne pas blanchir<\/p>\n<p>Con\u00e7u et cousu en Pologne par Cozy &amp; Dozy<\/p>\n","protected":false},"excerpt":{"rendered":"<p>Ajoutez une touche d&#8217;\u00e9l\u00e9gance et de chaleur \u00e0 votre int\u00e9rieur. Fabriqu\u00e9 \u00e0 partir d&#8217;un tissu en velours doux de haute qualit\u00e9, ce coussin d\u00e9coratif est parfait pour ajouter une touche de couleur \u00e0 n&#8217;importe quel espace.<\/p>\n","protected":false},"featured_media":3795,"comment_status":"open","ping_status":"closed","template":"","meta":[],"product_brand":[],"product_cat":[17,73],"product_tag":[],"class_list":{"0":"post-3821","1":"product","2":"type-product","3":"status-publish","4":"has-post-thumbnail","6":"product_cat-coussins-et-poufs","7":"product_cat-noel","8":"pa_color-beige","9":"pa_color-brown","11":"first","12":"instock","13":"shipping-taxable","14":"product-type-simple"},"yoast_head":"<!-- This site is optimized with the Yoast SEO Premium plugin v21.9 (Yoast SEO v27.0) - https:\/\/yoast.com\/product\/yoast-seo-premium-wordpress\/ -->\n<title>Coussin caramella marrone caramello - Cozy &amp; Dozy<\/title>\n<meta name=\"robots\" content=\"index, follow, max-snippet:-1, max-image-preview:large, max-video-preview:-1\" \/>\n<link rel=\"canonical\" href=\"https:\/\/cozyanddozy.com\/fr\/produit\/coussin-caramella-marrone-caramello\/\" \/>\n<meta property=\"og:locale\" content=\"fr_FR\" \/>\n<meta property=\"og:type\" content=\"article\" \/>\n<meta property=\"og:title\" content=\"Coussin caramella marrone caramello\" \/>\n<meta property=\"og:description\" content=\"Ajoutez une touche d&#039;\u00e9l\u00e9gance et de chaleur \u00e0 votre int\u00e9rieur. Fabriqu\u00e9 \u00e0 partir d&#039;un tissu en velours doux de haute qualit\u00e9, ce coussin d\u00e9coratif est parfait pour ajouter une touche de couleur \u00e0 n&#039;importe quel espace.\" \/>\n<meta property=\"og:url\" content=\"https:\/\/cozyanddozy.com\/fr\/produit\/coussin-caramella-marrone-caramello\/\" \/>\n<meta property=\"og:site_name\" content=\"Cozy &amp; Dozy\" \/>\n<meta property=\"article:publisher\" content=\"https:\/\/www.facebook.com\/cozyanddozyshop\" \/>\n<meta property=\"article:modified_time\" content=\"2024-11-17T15:17:08+00:00\" \/>\n<meta property=\"og:image\" content=\"https:\/\/cozyanddozy.com\/fr\/wp-content\/uploads\/2024\/11\/caramel-candy-pillows.jpg\" \/>\n\t<meta property=\"og:image:width\" content=\"1200\" \/>\n\t<meta property=\"og:image:height\" content=\"1167\" \/>\n\t<meta property=\"og:image:type\" content=\"image\/jpeg\" \/>\n<meta name=\"twitter:card\" content=\"summary_large_image\" \/>\n<meta name=\"twitter:label1\" content=\"Prix\" \/>\n\t<meta name=\"twitter:data1\" content=\"39,00&nbsp;&euro;\" \/>\n\t<meta name=\"twitter:label2\" content=\"Disponibilit\u00e9\" \/>\n\t<meta name=\"twitter:data2\" content=\"En stock\" \/>\n<script type=\"application\/ld+json\" class=\"yoast-schema-graph\">{\"@context\":\"https:\/\/schema.org\",\"@graph\":[{\"@type\":\"WebPage\",\"@id\":\"https:\/\/cozyanddozy.com\/fr\/produit\/coussin-caramella-marrone-caramello\/\",\"url\":\"https:\/\/cozyanddozy.com\/fr\/produit\/coussin-caramella-marrone-caramello\/\",\"name\":\"Coussin caramella marrone caramello - Cozy & Dozy\",\"isPartOf\":{\"@id\":\"https:\/\/cozyanddozy.com\/fr\/#website\"},\"primaryImageOfPage\":{\"@id\":\"https:\/\/cozyanddozy.com\/fr\/produit\/coussin-caramella-marrone-caramello\/#primaryimage\"},\"image\":{\"@id\":\"https:\/\/cozyanddozy.com\/fr\/produit\/coussin-caramella-marrone-caramello\/#primaryimage\"},\"thumbnailUrl\":\"https:\/\/cozyanddozy.com\/fr\/wp-content\/uploads\/2024\/11\/caramel-candy-pillows.jpg\",\"datePublished\":\"2024-11-13T08:12:17+00:00\",\"dateModified\":\"2024-11-17T15:17:08+00:00\",\"breadcrumb\":{\"@id\":\"https:\/\/cozyanddozy.com\/fr\/produit\/coussin-caramella-marrone-caramello\/#breadcrumb\"},\"inLanguage\":\"fr-FR\",\"potentialAction\":[{\"@type\":\"ReadAction\",\"target\":[\"https:\/\/cozyanddozy.com\/fr\/produit\/coussin-caramella-marrone-caramello\/\"]}]},{\"@type\":\"ImageObject\",\"inLanguage\":\"fr-FR\",\"@id\":\"https:\/\/cozyanddozy.com\/fr\/produit\/coussin-caramella-marrone-caramello\/#primaryimage\",\"url\":\"https:\/\/cozyanddozy.com\/fr\/wp-content\/uploads\/2024\/11\/caramel-candy-pillows.jpg\",\"contentUrl\":\"https:\/\/cozyanddozy.com\/fr\/wp-content\/uploads\/2024\/11\/caramel-candy-pillows.jpg\",\"width\":1200,\"height\":1167},{\"@type\":\"BreadcrumbList\",\"@id\":\"https:\/\/cozyanddozy.com\/fr\/produit\/coussin-caramella-marrone-caramello\/#breadcrumb\",\"itemListElement\":[{\"@type\":\"ListItem\",\"position\":1,\"name\":\"Home\",\"item\":\"https:\/\/cozyanddozy.com\/fr\/\"},{\"@type\":\"ListItem\",\"position\":2,\"name\":\"Boutique\",\"item\":\"https:\/\/cozyanddozy.com\/fr\/boutique\/\"},{\"@type\":\"ListItem\",\"position\":3,\"name\":\"Coussin caramella marrone caramello\"}]},{\"@type\":\"WebSite\",\"@id\":\"https:\/\/cozyanddozy.com\/fr\/#website\",\"url\":\"https:\/\/cozyanddozy.com\/fr\/\",\"name\":\"Cozy & Dozy\",\"description\":\"\",\"publisher\":{\"@id\":\"https:\/\/cozyanddozy.com\/fr\/#organization\"},\"alternateName\":\"Cozy and Dozy\",\"potentialAction\":[{\"@type\":\"SearchAction\",\"target\":{\"@type\":\"EntryPoint\",\"urlTemplate\":\"https:\/\/cozyanddozy.com\/fr\/?s={search_term_string}\"},\"query-input\":{\"@type\":\"PropertyValueSpecification\",\"valueRequired\":true,\"valueName\":\"search_term_string\"}}],\"inLanguage\":\"fr-FR\"},{\"@type\":\"Organization\",\"@id\":\"https:\/\/cozyanddozy.com\/fr\/#organization\",\"name\":\"Cozy & Dozy\",\"url\":\"https:\/\/cozyanddozy.com\/fr\/\",\"logo\":{\"@type\":\"ImageObject\",\"inLanguage\":\"fr-FR\",\"@id\":\"https:\/\/cozyanddozy.com\/fr\/#\/schema\/logo\/image\/\",\"url\":\"https:\/\/cozyanddozy.com\/fr\/wp-content\/uploads\/2023\/02\/cozyanddozy_logo_b.png\",\"contentUrl\":\"https:\/\/cozyanddozy.com\/fr\/wp-content\/uploads\/2023\/02\/cozyanddozy_logo_b.png\",\"width\":314,\"height\":85,\"caption\":\"Cozy & Dozy\"},\"image\":{\"@id\":\"https:\/\/cozyanddozy.com\/fr\/#\/schema\/logo\/image\/\"},\"sameAs\":[\"https:\/\/www.facebook.com\/cozyanddozyshop\",\"https:\/\/www.instagram.com\/cozyanddozy\/\"]}]}<\/script>\n<meta property=\"product:price:amount\" content=\"39.00\" \/>\n<meta property=\"product:price:currency\" content=\"EUR\" \/>\n<meta property=\"og:availability\" content=\"instock\" \/>\n<meta property=\"product:availability\" content=\"instock\" \/>\n<meta property=\"product:retailer_item_id\" content=\"5902701497996\" \/>\n<meta property=\"product:condition\" content=\"new\" \/>\n<!-- \/ Yoast SEO Premium plugin. -->","yoast_head_json":{"title":"Coussin caramella marrone caramello - Cozy & Dozy","robots":{"index":"index","follow":"follow","max-snippet":"max-snippet:-1","max-image-preview":"max-image-preview:large","max-video-preview":"max-video-preview:-1"},"canonical":"https:\/\/cozyanddozy.com\/fr\/produit\/coussin-caramella-marrone-caramello\/","og_locale":"fr_FR","og_type":"article","og_title":"Coussin caramella marrone caramello","og_description":"Ajoutez une touche d'\u00e9l\u00e9gance et de chaleur \u00e0 votre int\u00e9rieur. Fabriqu\u00e9 \u00e0 partir d'un tissu en velours doux de haute qualit\u00e9, ce coussin d\u00e9coratif est parfait pour ajouter une touche de couleur \u00e0 n'importe quel espace.","og_url":"https:\/\/cozyanddozy.com\/fr\/produit\/coussin-caramella-marrone-caramello\/","og_site_name":"Cozy &amp; Dozy","article_publisher":"https:\/\/www.facebook.com\/cozyanddozyshop","article_modified_time":"2024-11-17T15:17:08+00:00","og_image":[{"width":1200,"height":1167,"url":"https:\/\/cozyanddozy.com\/fr\/wp-content\/uploads\/2024\/11\/caramel-candy-pillows.jpg","type":"image\/jpeg"}],"twitter_card":"summary_large_image","twitter_misc":{"Prix":"39,00&nbsp;&euro;","Disponibilit\u00e9":"En stock"},"schema":{"@context":"https:\/\/schema.org","@graph":[{"@type":"WebPage","@id":"https:\/\/cozyanddozy.com\/fr\/produit\/coussin-caramella-marrone-caramello\/","url":"https:\/\/cozyanddozy.com\/fr\/produit\/coussin-caramella-marrone-caramello\/","name":"Coussin caramella marrone caramello - Cozy & Dozy","isPartOf":{"@id":"https:\/\/cozyanddozy.com\/fr\/#website"},"primaryImageOfPage":{"@id":"https:\/\/cozyanddozy.com\/fr\/produit\/coussin-caramella-marrone-caramello\/#primaryimage"},"image":{"@id":"https:\/\/cozyanddozy.com\/fr\/produit\/coussin-caramella-marrone-caramello\/#primaryimage"},"thumbnailUrl":"https:\/\/cozyanddozy.com\/fr\/wp-content\/uploads\/2024\/11\/caramel-candy-pillows.jpg","datePublished":"2024-11-13T08:12:17+00:00","dateModified":"2024-11-17T15:17:08+00:00","breadcrumb":{"@id":"https:\/\/cozyanddozy.com\/fr\/produit\/coussin-caramella-marrone-caramello\/#breadcrumb"},"inLanguage":"fr-FR","potentialAction":[{"@type":"ReadAction","target":["https:\/\/cozyanddozy.com\/fr\/produit\/coussin-caramella-marrone-caramello\/"]}]},{"@type":"ImageObject","inLanguage":"fr-FR","@id":"https:\/\/cozyanddozy.com\/fr\/produit\/coussin-caramella-marrone-caramello\/#primaryimage","url":"https:\/\/cozyanddozy.com\/fr\/wp-content\/uploads\/2024\/11\/caramel-candy-pillows.jpg","contentUrl":"https:\/\/cozyanddozy.com\/fr\/wp-content\/uploads\/2024\/11\/caramel-candy-pillows.jpg","width":1200,"height":1167},{"@type":"BreadcrumbList","@id":"https:\/\/cozyanddozy.com\/fr\/produit\/coussin-caramella-marrone-caramello\/#breadcrumb","itemListElement":[{"@type":"ListItem","position":1,"name":"Home","item":"https:\/\/cozyanddozy.com\/fr\/"},{"@type":"ListItem","position":2,"name":"Boutique","item":"https:\/\/cozyanddozy.com\/fr\/boutique\/"},{"@type":"ListItem","position":3,"name":"Coussin caramella marrone caramello"}]},{"@type":"WebSite","@id":"https:\/\/cozyanddozy.com\/fr\/#website","url":"https:\/\/cozyanddozy.com\/fr\/","name":"Cozy & Dozy","description":"","publisher":{"@id":"https:\/\/cozyanddozy.com\/fr\/#organization"},"alternateName":"Cozy and Dozy","potentialAction":[{"@type":"SearchAction","target":{"@type":"EntryPoint","urlTemplate":"https:\/\/cozyanddozy.com\/fr\/?s={search_term_string}"},"query-input":{"@type":"PropertyValueSpecification","valueRequired":true,"valueName":"search_term_string"}}],"inLanguage":"fr-FR"},{"@type":"Organization","@id":"https:\/\/cozyanddozy.com\/fr\/#organization","name":"Cozy & Dozy","url":"https:\/\/cozyanddozy.com\/fr\/","logo":{"@type":"ImageObject","inLanguage":"fr-FR","@id":"https:\/\/cozyanddozy.com\/fr\/#\/schema\/logo\/image\/","url":"https:\/\/cozyanddozy.com\/fr\/wp-content\/uploads\/2023\/02\/cozyanddozy_logo_b.png","contentUrl":"https:\/\/cozyanddozy.com\/fr\/wp-content\/uploads\/2023\/02\/cozyanddozy_logo_b.png","width":314,"height":85,"caption":"Cozy & Dozy"},"image":{"@id":"https:\/\/cozyanddozy.com\/fr\/#\/schema\/logo\/image\/"},"sameAs":["https:\/\/www.facebook.com\/cozyanddozyshop","https:\/\/www.instagram.com\/cozyanddozy\/"]}]},"product_price_amount":"39.00","product_price_currency":"EUR","og_availability":"instock","product_availability":"instock","product_retailer_item_id":"5902701497996","product_condition":"new"},"_links":{"self":[{"href":"https:\/\/cozyanddozy.com\/fr\/wp-json\/wp\/v2\/product\/3821","targetHints":{"allow":["GET"]}}],"collection":[{"href":"https:\/\/cozyanddozy.com\/fr\/wp-json\/wp\/v2\/product"}],"about":[{"href":"https:\/\/cozyanddozy.com\/fr\/wp-json\/wp\/v2\/types\/product"}],"replies":[{"embeddable":true,"href":"https:\/\/cozyanddozy.com\/fr\/wp-json\/wp\/v2\/comments?post=3821"}],"wp:featuredmedia":[{"embeddable":true,"href":"https:\/\/cozyanddozy.com\/fr\/wp-json\/wp\/v2\/media\/3795"}],"wp:attachment":[{"href":"https:\/\/cozyanddozy.com\/fr\/wp-json\/wp\/v2\/media?parent=3821"}],"wp:term":[{"taxonomy":"product_brand","embeddable":true,"href":"https:\/\/cozyanddozy.com\/fr\/wp-json\/wp\/v2\/product_brand?post=3821"},{"taxonomy":"product_cat","embeddable":true,"href":"https:\/\/cozyanddozy.com\/fr\/wp-json\/wp\/v2\/product_cat?post=3821"},{"taxonomy":"product_tag","embeddable":true,"href":"https:\/\/cozyanddozy.com\/fr\/wp-json\/wp\/v2\/product_tag?post=3821"}],"curies":[{"name":"wp","href":"https:\/\/api.w.org\/{rel}","templated":true}]}}