{"id":3817,"date":"2024-11-13T09:08:57","date_gmt":"2024-11-13T09:08:57","guid":{"rendered":"https:\/\/cozyanddozy.com\/?post_type=product&#038;p=3318"},"modified":"2024-11-17T15:49:42","modified_gmt":"2024-11-17T14:49:42","slug":"guirlande-de-noel-guirlande-de-fanions-en-velours-chaine-de-decoration-de-noel-165-cm","status":"publish","type":"product","link":"https:\/\/cozyanddozy.com\/fr\/produit\/guirlande-de-noel-guirlande-de-fanions-en-velours-chaine-de-decoration-de-noel-165-cm\/","title":{"rendered":"Guirlande de No\u00ebl, guirlande de fanions en velours, cha\u00eene de d\u00e9coration de No\u00ebl 165 cm"},"content":{"rendered":"<h3><strong>Transformez votre d\u00e9coration de No\u00ebl avec cette luxueuse guirlande de No\u00ebl fabriqu\u00e9e en velours de haute qualit\u00e9 dans des couleurs festives classiques : blanc, vert et rouge.<\/strong><\/h3>\n<p>D&#8217;une longueur de 165 cm), cette guirlande de No\u00ebl est la d\u00e9coration de No\u00ebl parfaite pour ajouter une touche chaleureuse et \u00e9l\u00e9gante \u00e0 n&#8217;importe quel espace. Drapez-la sur le manteau de votre chemin\u00e9e, posez-la sur une \u00e9tag\u00e8re ou utilisez-la comme un bel accent pour une pr\u00e9sentation de cadeaux sous votre sapin de No\u00ebl.<\/p>\n<p>La texture douce et moelleuse du mat\u00e9riau en velours ajoute une touche sophistiqu\u00e9e \u00e0 tout d\u00e9cor de f\u00eate, ce qui le rend id\u00e9al pour les th\u00e8mes de No\u00ebl modernes et traditionnels. Que vous d\u00e9coriez un salon confortable ou que vous cr\u00e9iez la sc\u00e8ne de vacances parfaite dans une entr\u00e9e, cette guirlande festive apporte une touche de charme intemporel.<\/p>\n<p>D\u00e9tails du produit\u00a0:<\/p>\n<p>Longueur\u00a0: 165\u00a0cm<\/p>\n<p>Mat\u00e9riau\u00a0: velours de haute qualit\u00e9 en blanc, vert et rouge<\/p>\n<p>Parfait pour\u00a0: d\u00e9coration de chemin\u00e9e de No\u00ebl, d\u00e9coration d&#8217;\u00e9tag\u00e8re de No\u00ebl, d\u00e9coration murale ou espace de cadeaux de No\u00ebl<\/p>\n<p>Ajoutez une touche de chaleur et d&#8217;\u00e9l\u00e9gance festive \u00e0 votre maison avec cette magnifique guirlande de No\u00ebl en velours. Cette d\u00e9coration faite \u00e0 la main est un bel ajout \u00e0 votre collection saisonni\u00e8re ou un cadeau de No\u00ebl attentionn\u00e9 pour les amis et la famille qui appr\u00e9cient la d\u00e9coration festive.<\/p>\n","protected":false},"excerpt":{"rendered":"<p>Ajoutez une touche de chaleur et d&#8217;\u00e9l\u00e9gance festive \u00e0 votre maison avec cette magnifique guirlande de No\u00ebl en velours. Cette d\u00e9coration faite \u00e0 la main est un bel ajout \u00e0 votre collection saisonni\u00e8re ou un cadeau de No\u00ebl attentionn\u00e9 pour les amis et la famille qui appr\u00e9cient la d\u00e9coration festive.<\/p>\n","protected":false},"featured_media":3798,"comment_status":"open","ping_status":"closed","template":"","meta":[],"product_brand":[],"product_cat":[19,73],"product_tag":[],"class_list":{"0":"post-3817","1":"product","2":"type-product","3":"status-publish","4":"has-post-thumbnail","6":"product_cat-accessories","7":"product_cat-noel","9":"first","10":"instock","11":"shipping-taxable","12":"product-type-simple"},"yoast_head":"<!-- This site is optimized with the Yoast SEO Premium plugin v21.9 (Yoast SEO v27.0) - https:\/\/yoast.com\/product\/yoast-seo-premium-wordpress\/ -->\n<title>Guirlande de No\u00ebl, guirlande de fanions en velours, cha\u00eene de d\u00e9coration de No\u00ebl 165 cm - Cozy &amp; Dozy<\/title>\n<meta name=\"robots\" content=\"index, follow, max-snippet:-1, max-image-preview:large, max-video-preview:-1\" \/>\n<link rel=\"canonical\" href=\"https:\/\/cozyanddozy.com\/fr\/produit\/guirlande-de-noel-guirlande-de-fanions-en-velours-chaine-de-decoration-de-noel-165-cm\/\" \/>\n<meta property=\"og:locale\" content=\"fr_FR\" \/>\n<meta property=\"og:type\" content=\"article\" \/>\n<meta property=\"og:title\" content=\"Guirlande de No\u00ebl, guirlande de fanions en velours, cha\u00eene de d\u00e9coration de No\u00ebl 165 cm\" \/>\n<meta property=\"og:description\" content=\"Ajoutez une touche de chaleur et d&#039;\u00e9l\u00e9gance festive \u00e0 votre maison avec cette magnifique guirlande de No\u00ebl en velours. Cette d\u00e9coration faite \u00e0 la main est un bel ajout \u00e0 votre collection saisonni\u00e8re ou un cadeau de No\u00ebl attentionn\u00e9 pour les amis et la famille qui appr\u00e9cient la d\u00e9coration festive.\" \/>\n<meta property=\"og:url\" content=\"https:\/\/cozyanddozy.com\/fr\/produit\/guirlande-de-noel-guirlande-de-fanions-en-velours-chaine-de-decoration-de-noel-165-cm\/\" \/>\n<meta property=\"og:site_name\" content=\"Cozy &amp; Dozy\" \/>\n<meta property=\"article:publisher\" content=\"https:\/\/www.facebook.com\/cozyanddozyshop\" \/>\n<meta property=\"article:modified_time\" content=\"2024-11-17T14:49:42+00:00\" \/>\n<meta property=\"og:image\" content=\"https:\/\/cozyanddozy.com\/fr\/wp-content\/uploads\/2024\/11\/garland-velvet.jpg\" \/>\n\t<meta property=\"og:image:width\" content=\"1200\" \/>\n\t<meta property=\"og:image:height\" content=\"1250\" \/>\n\t<meta property=\"og:image:type\" content=\"image\/jpeg\" \/>\n<meta name=\"twitter:card\" content=\"summary_large_image\" \/>\n<meta name=\"twitter:label1\" content=\"Prix\" \/>\n\t<meta name=\"twitter:data1\" content=\"19,00&nbsp;&euro;\" \/>\n\t<meta name=\"twitter:label2\" content=\"Disponibilit\u00e9\" \/>\n\t<meta name=\"twitter:data2\" content=\"En stock\" \/>\n<script type=\"application\/ld+json\" class=\"yoast-schema-graph\">{\"@context\":\"https:\/\/schema.org\",\"@graph\":[{\"@type\":\"WebPage\",\"@id\":\"https:\/\/cozyanddozy.com\/fr\/produit\/guirlande-de-noel-guirlande-de-fanions-en-velours-chaine-de-decoration-de-noel-165-cm\/\",\"url\":\"https:\/\/cozyanddozy.com\/fr\/produit\/guirlande-de-noel-guirlande-de-fanions-en-velours-chaine-de-decoration-de-noel-165-cm\/\",\"name\":\"Guirlande de No\u00ebl, guirlande de fanions en velours, cha\u00eene de d\u00e9coration de No\u00ebl 165 cm - Cozy & Dozy\",\"isPartOf\":{\"@id\":\"https:\/\/cozyanddozy.com\/fr\/#website\"},\"primaryImageOfPage\":{\"@id\":\"https:\/\/cozyanddozy.com\/fr\/produit\/guirlande-de-noel-guirlande-de-fanions-en-velours-chaine-de-decoration-de-noel-165-cm\/#primaryimage\"},\"image\":{\"@id\":\"https:\/\/cozyanddozy.com\/fr\/produit\/guirlande-de-noel-guirlande-de-fanions-en-velours-chaine-de-decoration-de-noel-165-cm\/#primaryimage\"},\"thumbnailUrl\":\"https:\/\/cozyanddozy.com\/fr\/wp-content\/uploads\/2024\/11\/garland-velvet.jpg\",\"datePublished\":\"2024-11-13T09:08:57+00:00\",\"dateModified\":\"2024-11-17T14:49:42+00:00\",\"breadcrumb\":{\"@id\":\"https:\/\/cozyanddozy.com\/fr\/produit\/guirlande-de-noel-guirlande-de-fanions-en-velours-chaine-de-decoration-de-noel-165-cm\/#breadcrumb\"},\"inLanguage\":\"fr-FR\",\"potentialAction\":[{\"@type\":\"ReadAction\",\"target\":[\"https:\/\/cozyanddozy.com\/fr\/produit\/guirlande-de-noel-guirlande-de-fanions-en-velours-chaine-de-decoration-de-noel-165-cm\/\"]}]},{\"@type\":\"ImageObject\",\"inLanguage\":\"fr-FR\",\"@id\":\"https:\/\/cozyanddozy.com\/fr\/produit\/guirlande-de-noel-guirlande-de-fanions-en-velours-chaine-de-decoration-de-noel-165-cm\/#primaryimage\",\"url\":\"https:\/\/cozyanddozy.com\/fr\/wp-content\/uploads\/2024\/11\/garland-velvet.jpg\",\"contentUrl\":\"https:\/\/cozyanddozy.com\/fr\/wp-content\/uploads\/2024\/11\/garland-velvet.jpg\",\"width\":1200,\"height\":1250},{\"@type\":\"BreadcrumbList\",\"@id\":\"https:\/\/cozyanddozy.com\/fr\/produit\/guirlande-de-noel-guirlande-de-fanions-en-velours-chaine-de-decoration-de-noel-165-cm\/#breadcrumb\",\"itemListElement\":[{\"@type\":\"ListItem\",\"position\":1,\"name\":\"Home\",\"item\":\"https:\/\/cozyanddozy.com\/fr\/\"},{\"@type\":\"ListItem\",\"position\":2,\"name\":\"Boutique\",\"item\":\"https:\/\/cozyanddozy.com\/fr\/boutique\/\"},{\"@type\":\"ListItem\",\"position\":3,\"name\":\"Guirlande de No\u00ebl, guirlande de fanions en velours, cha\u00eene de d\u00e9coration de No\u00ebl 165 cm\"}]},{\"@type\":\"WebSite\",\"@id\":\"https:\/\/cozyanddozy.com\/fr\/#website\",\"url\":\"https:\/\/cozyanddozy.com\/fr\/\",\"name\":\"Cozy & Dozy\",\"description\":\"\",\"publisher\":{\"@id\":\"https:\/\/cozyanddozy.com\/fr\/#organization\"},\"alternateName\":\"Cozy and Dozy\",\"potentialAction\":[{\"@type\":\"SearchAction\",\"target\":{\"@type\":\"EntryPoint\",\"urlTemplate\":\"https:\/\/cozyanddozy.com\/fr\/?s={search_term_string}\"},\"query-input\":{\"@type\":\"PropertyValueSpecification\",\"valueRequired\":true,\"valueName\":\"search_term_string\"}}],\"inLanguage\":\"fr-FR\"},{\"@type\":\"Organization\",\"@id\":\"https:\/\/cozyanddozy.com\/fr\/#organization\",\"name\":\"Cozy & Dozy\",\"url\":\"https:\/\/cozyanddozy.com\/fr\/\",\"logo\":{\"@type\":\"ImageObject\",\"inLanguage\":\"fr-FR\",\"@id\":\"https:\/\/cozyanddozy.com\/fr\/#\/schema\/logo\/image\/\",\"url\":\"https:\/\/cozyanddozy.com\/fr\/wp-content\/uploads\/2023\/02\/cozyanddozy_logo_b.png\",\"contentUrl\":\"https:\/\/cozyanddozy.com\/fr\/wp-content\/uploads\/2023\/02\/cozyanddozy_logo_b.png\",\"width\":314,\"height\":85,\"caption\":\"Cozy & Dozy\"},\"image\":{\"@id\":\"https:\/\/cozyanddozy.com\/fr\/#\/schema\/logo\/image\/\"},\"sameAs\":[\"https:\/\/www.facebook.com\/cozyanddozyshop\",\"https:\/\/www.instagram.com\/cozyanddozy\/\"]}]}<\/script>\n<meta property=\"product:price:amount\" content=\"19.00\" \/>\n<meta property=\"product:price:currency\" content=\"EUR\" \/>\n<meta property=\"og:availability\" content=\"instock\" \/>\n<meta property=\"product:availability\" content=\"instock\" \/>\n<meta property=\"product:condition\" content=\"new\" \/>\n<!-- \/ Yoast SEO Premium plugin. -->","yoast_head_json":{"title":"Guirlande de No\u00ebl, guirlande de fanions en velours, cha\u00eene de d\u00e9coration de No\u00ebl 165 cm - Cozy & Dozy","robots":{"index":"index","follow":"follow","max-snippet":"max-snippet:-1","max-image-preview":"max-image-preview:large","max-video-preview":"max-video-preview:-1"},"canonical":"https:\/\/cozyanddozy.com\/fr\/produit\/guirlande-de-noel-guirlande-de-fanions-en-velours-chaine-de-decoration-de-noel-165-cm\/","og_locale":"fr_FR","og_type":"article","og_title":"Guirlande de No\u00ebl, guirlande de fanions en velours, cha\u00eene de d\u00e9coration de No\u00ebl 165 cm","og_description":"Ajoutez une touche de chaleur et d'\u00e9l\u00e9gance festive \u00e0 votre maison avec cette magnifique guirlande de No\u00ebl en velours. Cette d\u00e9coration faite \u00e0 la main est un bel ajout \u00e0 votre collection saisonni\u00e8re ou un cadeau de No\u00ebl attentionn\u00e9 pour les amis et la famille qui appr\u00e9cient la d\u00e9coration festive.","og_url":"https:\/\/cozyanddozy.com\/fr\/produit\/guirlande-de-noel-guirlande-de-fanions-en-velours-chaine-de-decoration-de-noel-165-cm\/","og_site_name":"Cozy &amp; Dozy","article_publisher":"https:\/\/www.facebook.com\/cozyanddozyshop","article_modified_time":"2024-11-17T14:49:42+00:00","og_image":[{"width":1200,"height":1250,"url":"https:\/\/cozyanddozy.com\/fr\/wp-content\/uploads\/2024\/11\/garland-velvet.jpg","type":"image\/jpeg"}],"twitter_card":"summary_large_image","twitter_misc":{"Prix":"19,00&nbsp;&euro;","Disponibilit\u00e9":"En stock"},"schema":{"@context":"https:\/\/schema.org","@graph":[{"@type":"WebPage","@id":"https:\/\/cozyanddozy.com\/fr\/produit\/guirlande-de-noel-guirlande-de-fanions-en-velours-chaine-de-decoration-de-noel-165-cm\/","url":"https:\/\/cozyanddozy.com\/fr\/produit\/guirlande-de-noel-guirlande-de-fanions-en-velours-chaine-de-decoration-de-noel-165-cm\/","name":"Guirlande de No\u00ebl, guirlande de fanions en velours, cha\u00eene de d\u00e9coration de No\u00ebl 165 cm - Cozy & Dozy","isPartOf":{"@id":"https:\/\/cozyanddozy.com\/fr\/#website"},"primaryImageOfPage":{"@id":"https:\/\/cozyanddozy.com\/fr\/produit\/guirlande-de-noel-guirlande-de-fanions-en-velours-chaine-de-decoration-de-noel-165-cm\/#primaryimage"},"image":{"@id":"https:\/\/cozyanddozy.com\/fr\/produit\/guirlande-de-noel-guirlande-de-fanions-en-velours-chaine-de-decoration-de-noel-165-cm\/#primaryimage"},"thumbnailUrl":"https:\/\/cozyanddozy.com\/fr\/wp-content\/uploads\/2024\/11\/garland-velvet.jpg","datePublished":"2024-11-13T09:08:57+00:00","dateModified":"2024-11-17T14:49:42+00:00","breadcrumb":{"@id":"https:\/\/cozyanddozy.com\/fr\/produit\/guirlande-de-noel-guirlande-de-fanions-en-velours-chaine-de-decoration-de-noel-165-cm\/#breadcrumb"},"inLanguage":"fr-FR","potentialAction":[{"@type":"ReadAction","target":["https:\/\/cozyanddozy.com\/fr\/produit\/guirlande-de-noel-guirlande-de-fanions-en-velours-chaine-de-decoration-de-noel-165-cm\/"]}]},{"@type":"ImageObject","inLanguage":"fr-FR","@id":"https:\/\/cozyanddozy.com\/fr\/produit\/guirlande-de-noel-guirlande-de-fanions-en-velours-chaine-de-decoration-de-noel-165-cm\/#primaryimage","url":"https:\/\/cozyanddozy.com\/fr\/wp-content\/uploads\/2024\/11\/garland-velvet.jpg","contentUrl":"https:\/\/cozyanddozy.com\/fr\/wp-content\/uploads\/2024\/11\/garland-velvet.jpg","width":1200,"height":1250},{"@type":"BreadcrumbList","@id":"https:\/\/cozyanddozy.com\/fr\/produit\/guirlande-de-noel-guirlande-de-fanions-en-velours-chaine-de-decoration-de-noel-165-cm\/#breadcrumb","itemListElement":[{"@type":"ListItem","position":1,"name":"Home","item":"https:\/\/cozyanddozy.com\/fr\/"},{"@type":"ListItem","position":2,"name":"Boutique","item":"https:\/\/cozyanddozy.com\/fr\/boutique\/"},{"@type":"ListItem","position":3,"name":"Guirlande de No\u00ebl, guirlande de fanions en velours, cha\u00eene de d\u00e9coration de No\u00ebl 165 cm"}]},{"@type":"WebSite","@id":"https:\/\/cozyanddozy.com\/fr\/#website","url":"https:\/\/cozyanddozy.com\/fr\/","name":"Cozy & Dozy","description":"","publisher":{"@id":"https:\/\/cozyanddozy.com\/fr\/#organization"},"alternateName":"Cozy and Dozy","potentialAction":[{"@type":"SearchAction","target":{"@type":"EntryPoint","urlTemplate":"https:\/\/cozyanddozy.com\/fr\/?s={search_term_string}"},"query-input":{"@type":"PropertyValueSpecification","valueRequired":true,"valueName":"search_term_string"}}],"inLanguage":"fr-FR"},{"@type":"Organization","@id":"https:\/\/cozyanddozy.com\/fr\/#organization","name":"Cozy & Dozy","url":"https:\/\/cozyanddozy.com\/fr\/","logo":{"@type":"ImageObject","inLanguage":"fr-FR","@id":"https:\/\/cozyanddozy.com\/fr\/#\/schema\/logo\/image\/","url":"https:\/\/cozyanddozy.com\/fr\/wp-content\/uploads\/2023\/02\/cozyanddozy_logo_b.png","contentUrl":"https:\/\/cozyanddozy.com\/fr\/wp-content\/uploads\/2023\/02\/cozyanddozy_logo_b.png","width":314,"height":85,"caption":"Cozy & Dozy"},"image":{"@id":"https:\/\/cozyanddozy.com\/fr\/#\/schema\/logo\/image\/"},"sameAs":["https:\/\/www.facebook.com\/cozyanddozyshop","https:\/\/www.instagram.com\/cozyanddozy\/"]}]},"product_price_amount":"19.00","product_price_currency":"EUR","og_availability":"instock","product_availability":"instock","product_condition":"new"},"_links":{"self":[{"href":"https:\/\/cozyanddozy.com\/fr\/wp-json\/wp\/v2\/product\/3817","targetHints":{"allow":["GET"]}}],"collection":[{"href":"https:\/\/cozyanddozy.com\/fr\/wp-json\/wp\/v2\/product"}],"about":[{"href":"https:\/\/cozyanddozy.com\/fr\/wp-json\/wp\/v2\/types\/product"}],"replies":[{"embeddable":true,"href":"https:\/\/cozyanddozy.com\/fr\/wp-json\/wp\/v2\/comments?post=3817"}],"wp:featuredmedia":[{"embeddable":true,"href":"https:\/\/cozyanddozy.com\/fr\/wp-json\/wp\/v2\/media\/3798"}],"wp:attachment":[{"href":"https:\/\/cozyanddozy.com\/fr\/wp-json\/wp\/v2\/media?parent=3817"}],"wp:term":[{"taxonomy":"product_brand","embeddable":true,"href":"https:\/\/cozyanddozy.com\/fr\/wp-json\/wp\/v2\/product_brand?post=3817"},{"taxonomy":"product_cat","embeddable":true,"href":"https:\/\/cozyanddozy.com\/fr\/wp-json\/wp\/v2\/product_cat?post=3817"},{"taxonomy":"product_tag","embeddable":true,"href":"https:\/\/cozyanddozy.com\/fr\/wp-json\/wp\/v2\/product_tag?post=3817"}],"curies":[{"name":"wp","href":"https:\/\/api.w.org\/{rel}","templated":true}]}}