{"id":3811,"date":"2024-11-16T17:54:06","date_gmt":"2024-11-16T17:54:06","guid":{"rendered":"https:\/\/cozyanddozy.com\/?post_type=product&#038;p=3325"},"modified":"2025-01-29T21:45:01","modified_gmt":"2025-01-29T20:45:01","slug":"coussin-de-sol-patchwork-teddy-velvet-patchwork-brown-pouf","status":"publish","type":"product","link":"https:\/\/cozyanddozy.com\/fr\/produit\/coussin-de-sol-patchwork-teddy-velvet-patchwork-brown-pouf\/","title":{"rendered":"Coussin de sol patchwork Teddy Velvet Patchwork- Brown pouf"},"content":{"rendered":"<h3><strong>Coussin de sol patchwork Teddy Velvet<\/strong><\/h3>\n<p>Le pouf d\u00e9coratif marron pour enfant est un grand si\u00e8ge confortable parfait pour les jeux quotidiens et le repos.<\/p>\n<p>Le pouf est rempli de mousse antiallergique.<\/p>\n<p>Le coussin de sol marron est dot\u00e9 d&#8217;une fermeture \u00e9clair, ce qui le rend facile \u00e0 laver.<\/p>\n<p>Un pouf color\u00e9 est une belle d\u00e9coration pour la chambre d&#8217;un enfant et un endroit pr\u00e9f\u00e9r\u00e9 pour jouer.<\/p>\n<p>Le coussin de sol Teddy est le pouf parfait pour la chambre d&#8217;un adolescent.<\/p>\n<p>Teddy VELVET \u2013 coussin patchwork dans les couleurs suivantes : marron fonc\u00e9, cannelle, marron clair, beige.<\/p>\n<p>Sp\u00e9cifications :<\/p>\n<ul>\n<li>Dimensions : environ 70 \u00d7 10 cm (+\/- 2,5 cm)<\/li>\n<li><span style=\"color: #555555;\">Remplissage mousse antiallergique et boule<\/span><\/li>\n<li><span style=\"color: #555555;\">Tissu : velours velours \u2013 CE<\/span><\/li>\n<\/ul>\n<p>Dans la collection Velvet, vous trouverez d&#8217;autres couleurs et tailles de poufs, ainsi que des tentes tipi, des guirlandes, des tapis et des coussins.<\/p>\n<p>M\u00e9thode d&#8217;entretien :<\/p>\n<ul>\n<li>Ne pas repasser<\/li>\n<li><span style=\"color: #555555;\">Lavable en machine \u00e0 40 degr\u00e9s, essorage \u2013 800 tours<\/span><\/li>\n<li><span style=\"color: #555555;\">Ne pas nettoyer \u00e0 sec<\/span><\/li>\n<li><span style=\"color: #555555;\">Ne pas blanchir<\/span><\/li>\n<\/ul>\n<p>Con\u00e7u et cousu en Pologne par Cozy &amp; Dozy<\/p>\n","protected":false},"excerpt":{"rendered":"<p>Le pouf d\u00e9coratif marron pour enfant est un grand si\u00e8ge confortable parfait pour les jeux quotidiens et le repos.\u00a0 Dimensions: approx. 70 \u00d7 10 cm (+\/- 2.5 cm)<\/p>\n","protected":false},"featured_media":3810,"comment_status":"open","ping_status":"closed","template":"","meta":[],"product_brand":[],"product_cat":[17,73],"product_tag":[],"class_list":{"0":"post-3811","1":"product","2":"type-product","3":"status-publish","4":"has-post-thumbnail","6":"product_cat-coussins-et-poufs","7":"product_cat-noel","9":"first","10":"instock","11":"sale","12":"shipping-taxable","13":"product-type-simple"},"yoast_head":"<!-- This site is optimized with the Yoast SEO Premium plugin v21.9 (Yoast SEO v27.0) - https:\/\/yoast.com\/product\/yoast-seo-premium-wordpress\/ -->\n<title>Coussin de sol patchwork Teddy Velvet Patchwork- Brown pouf - Cozy &amp; Dozy<\/title>\n<meta name=\"robots\" content=\"index, follow, max-snippet:-1, max-image-preview:large, max-video-preview:-1\" \/>\n<link rel=\"canonical\" href=\"https:\/\/cozyanddozy.com\/fr\/produit\/coussin-de-sol-patchwork-teddy-velvet-patchwork-brown-pouf\/\" \/>\n<meta property=\"og:locale\" content=\"fr_FR\" \/>\n<meta property=\"og:type\" content=\"article\" \/>\n<meta property=\"og:title\" content=\"Coussin de sol patchwork Teddy Velvet Patchwork- Brown pouf\" \/>\n<meta property=\"og:description\" content=\"Le pouf d\u00e9coratif marron pour enfant est un grand si\u00e8ge confortable parfait pour les jeux quotidiens et le repos.\u00a0 Dimensions: approx. 70 \u00d7 10 cm (+\/- 2.5 cm)\" \/>\n<meta property=\"og:url\" content=\"https:\/\/cozyanddozy.com\/fr\/produit\/coussin-de-sol-patchwork-teddy-velvet-patchwork-brown-pouf\/\" \/>\n<meta property=\"og:site_name\" content=\"Cozy &amp; Dozy\" \/>\n<meta property=\"article:publisher\" content=\"https:\/\/www.facebook.com\/cozyanddozyshop\" \/>\n<meta property=\"article:modified_time\" content=\"2025-01-29T20:45:01+00:00\" \/>\n<meta property=\"og:image\" content=\"https:\/\/cozyanddozy.com\/fr\/wp-content\/uploads\/2024\/11\/floor-pouf-teddy.jpeg\" \/>\n\t<meta property=\"og:image:width\" content=\"1200\" \/>\n\t<meta property=\"og:image:height\" content=\"1179\" \/>\n\t<meta property=\"og:image:type\" content=\"image\/jpeg\" \/>\n<meta name=\"twitter:card\" content=\"summary_large_image\" \/>\n<meta name=\"twitter:label1\" content=\"Prix\" \/>\n\t<meta name=\"twitter:data1\" content=\"49,00&nbsp;&euro;\" \/>\n\t<meta name=\"twitter:label2\" content=\"Disponibilit\u00e9\" \/>\n\t<meta name=\"twitter:data2\" content=\"En stock\" \/>\n<script type=\"application\/ld+json\" class=\"yoast-schema-graph\">{\"@context\":\"https:\/\/schema.org\",\"@graph\":[{\"@type\":\"WebPage\",\"@id\":\"https:\/\/cozyanddozy.com\/fr\/produit\/coussin-de-sol-patchwork-teddy-velvet-patchwork-brown-pouf\/\",\"url\":\"https:\/\/cozyanddozy.com\/fr\/produit\/coussin-de-sol-patchwork-teddy-velvet-patchwork-brown-pouf\/\",\"name\":\"Coussin de sol patchwork Teddy Velvet Patchwork- Brown pouf - Cozy & Dozy\",\"isPartOf\":{\"@id\":\"https:\/\/cozyanddozy.com\/fr\/#website\"},\"primaryImageOfPage\":{\"@id\":\"https:\/\/cozyanddozy.com\/fr\/produit\/coussin-de-sol-patchwork-teddy-velvet-patchwork-brown-pouf\/#primaryimage\"},\"image\":{\"@id\":\"https:\/\/cozyanddozy.com\/fr\/produit\/coussin-de-sol-patchwork-teddy-velvet-patchwork-brown-pouf\/#primaryimage\"},\"thumbnailUrl\":\"https:\/\/cozyanddozy.com\/fr\/wp-content\/uploads\/2024\/11\/floor-pouf-teddy.jpeg\",\"datePublished\":\"2024-11-16T17:54:06+00:00\",\"dateModified\":\"2025-01-29T20:45:01+00:00\",\"breadcrumb\":{\"@id\":\"https:\/\/cozyanddozy.com\/fr\/produit\/coussin-de-sol-patchwork-teddy-velvet-patchwork-brown-pouf\/#breadcrumb\"},\"inLanguage\":\"fr-FR\",\"potentialAction\":[{\"@type\":\"ReadAction\",\"target\":[\"https:\/\/cozyanddozy.com\/fr\/produit\/coussin-de-sol-patchwork-teddy-velvet-patchwork-brown-pouf\/\"]}]},{\"@type\":\"ImageObject\",\"inLanguage\":\"fr-FR\",\"@id\":\"https:\/\/cozyanddozy.com\/fr\/produit\/coussin-de-sol-patchwork-teddy-velvet-patchwork-brown-pouf\/#primaryimage\",\"url\":\"https:\/\/cozyanddozy.com\/fr\/wp-content\/uploads\/2024\/11\/floor-pouf-teddy.jpeg\",\"contentUrl\":\"https:\/\/cozyanddozy.com\/fr\/wp-content\/uploads\/2024\/11\/floor-pouf-teddy.jpeg\",\"width\":1200,\"height\":1179},{\"@type\":\"BreadcrumbList\",\"@id\":\"https:\/\/cozyanddozy.com\/fr\/produit\/coussin-de-sol-patchwork-teddy-velvet-patchwork-brown-pouf\/#breadcrumb\",\"itemListElement\":[{\"@type\":\"ListItem\",\"position\":1,\"name\":\"Home\",\"item\":\"https:\/\/cozyanddozy.com\/fr\/\"},{\"@type\":\"ListItem\",\"position\":2,\"name\":\"Boutique\",\"item\":\"https:\/\/cozyanddozy.com\/fr\/boutique\/\"},{\"@type\":\"ListItem\",\"position\":3,\"name\":\"Coussin de sol patchwork Teddy Velvet Patchwork- Brown pouf\"}]},{\"@type\":\"WebSite\",\"@id\":\"https:\/\/cozyanddozy.com\/fr\/#website\",\"url\":\"https:\/\/cozyanddozy.com\/fr\/\",\"name\":\"Cozy & Dozy\",\"description\":\"\",\"publisher\":{\"@id\":\"https:\/\/cozyanddozy.com\/fr\/#organization\"},\"alternateName\":\"Cozy and Dozy\",\"potentialAction\":[{\"@type\":\"SearchAction\",\"target\":{\"@type\":\"EntryPoint\",\"urlTemplate\":\"https:\/\/cozyanddozy.com\/fr\/?s={search_term_string}\"},\"query-input\":{\"@type\":\"PropertyValueSpecification\",\"valueRequired\":true,\"valueName\":\"search_term_string\"}}],\"inLanguage\":\"fr-FR\"},{\"@type\":\"Organization\",\"@id\":\"https:\/\/cozyanddozy.com\/fr\/#organization\",\"name\":\"Cozy & Dozy\",\"url\":\"https:\/\/cozyanddozy.com\/fr\/\",\"logo\":{\"@type\":\"ImageObject\",\"inLanguage\":\"fr-FR\",\"@id\":\"https:\/\/cozyanddozy.com\/fr\/#\/schema\/logo\/image\/\",\"url\":\"https:\/\/cozyanddozy.com\/fr\/wp-content\/uploads\/2023\/02\/cozyanddozy_logo_b.png\",\"contentUrl\":\"https:\/\/cozyanddozy.com\/fr\/wp-content\/uploads\/2023\/02\/cozyanddozy_logo_b.png\",\"width\":314,\"height\":85,\"caption\":\"Cozy & Dozy\"},\"image\":{\"@id\":\"https:\/\/cozyanddozy.com\/fr\/#\/schema\/logo\/image\/\"},\"sameAs\":[\"https:\/\/www.facebook.com\/cozyanddozyshop\",\"https:\/\/www.instagram.com\/cozyanddozy\/\"]}]}<\/script>\n<meta property=\"product:price:amount\" content=\"49.00\" \/>\n<meta property=\"product:price:currency\" content=\"EUR\" \/>\n<meta property=\"og:availability\" content=\"instock\" \/>\n<meta property=\"product:availability\" content=\"instock\" \/>\n<meta property=\"product:retailer_item_id\" content=\"5902701498016\" \/>\n<meta property=\"product:condition\" content=\"new\" \/>\n<!-- \/ Yoast SEO Premium plugin. -->","yoast_head_json":{"title":"Coussin de sol patchwork Teddy Velvet Patchwork- Brown pouf - Cozy & Dozy","robots":{"index":"index","follow":"follow","max-snippet":"max-snippet:-1","max-image-preview":"max-image-preview:large","max-video-preview":"max-video-preview:-1"},"canonical":"https:\/\/cozyanddozy.com\/fr\/produit\/coussin-de-sol-patchwork-teddy-velvet-patchwork-brown-pouf\/","og_locale":"fr_FR","og_type":"article","og_title":"Coussin de sol patchwork Teddy Velvet Patchwork- Brown pouf","og_description":"Le pouf d\u00e9coratif marron pour enfant est un grand si\u00e8ge confortable parfait pour les jeux quotidiens et le repos.\u00a0 Dimensions: approx. 70 \u00d7 10 cm (+\/- 2.5 cm)","og_url":"https:\/\/cozyanddozy.com\/fr\/produit\/coussin-de-sol-patchwork-teddy-velvet-patchwork-brown-pouf\/","og_site_name":"Cozy &amp; Dozy","article_publisher":"https:\/\/www.facebook.com\/cozyanddozyshop","article_modified_time":"2025-01-29T20:45:01+00:00","og_image":[{"width":1200,"height":1179,"url":"https:\/\/cozyanddozy.com\/fr\/wp-content\/uploads\/2024\/11\/floor-pouf-teddy.jpeg","type":"image\/jpeg"}],"twitter_card":"summary_large_image","twitter_misc":{"Prix":"49,00&nbsp;&euro;","Disponibilit\u00e9":"En stock"},"schema":{"@context":"https:\/\/schema.org","@graph":[{"@type":"WebPage","@id":"https:\/\/cozyanddozy.com\/fr\/produit\/coussin-de-sol-patchwork-teddy-velvet-patchwork-brown-pouf\/","url":"https:\/\/cozyanddozy.com\/fr\/produit\/coussin-de-sol-patchwork-teddy-velvet-patchwork-brown-pouf\/","name":"Coussin de sol patchwork Teddy Velvet Patchwork- Brown pouf - Cozy & Dozy","isPartOf":{"@id":"https:\/\/cozyanddozy.com\/fr\/#website"},"primaryImageOfPage":{"@id":"https:\/\/cozyanddozy.com\/fr\/produit\/coussin-de-sol-patchwork-teddy-velvet-patchwork-brown-pouf\/#primaryimage"},"image":{"@id":"https:\/\/cozyanddozy.com\/fr\/produit\/coussin-de-sol-patchwork-teddy-velvet-patchwork-brown-pouf\/#primaryimage"},"thumbnailUrl":"https:\/\/cozyanddozy.com\/fr\/wp-content\/uploads\/2024\/11\/floor-pouf-teddy.jpeg","datePublished":"2024-11-16T17:54:06+00:00","dateModified":"2025-01-29T20:45:01+00:00","breadcrumb":{"@id":"https:\/\/cozyanddozy.com\/fr\/produit\/coussin-de-sol-patchwork-teddy-velvet-patchwork-brown-pouf\/#breadcrumb"},"inLanguage":"fr-FR","potentialAction":[{"@type":"ReadAction","target":["https:\/\/cozyanddozy.com\/fr\/produit\/coussin-de-sol-patchwork-teddy-velvet-patchwork-brown-pouf\/"]}]},{"@type":"ImageObject","inLanguage":"fr-FR","@id":"https:\/\/cozyanddozy.com\/fr\/produit\/coussin-de-sol-patchwork-teddy-velvet-patchwork-brown-pouf\/#primaryimage","url":"https:\/\/cozyanddozy.com\/fr\/wp-content\/uploads\/2024\/11\/floor-pouf-teddy.jpeg","contentUrl":"https:\/\/cozyanddozy.com\/fr\/wp-content\/uploads\/2024\/11\/floor-pouf-teddy.jpeg","width":1200,"height":1179},{"@type":"BreadcrumbList","@id":"https:\/\/cozyanddozy.com\/fr\/produit\/coussin-de-sol-patchwork-teddy-velvet-patchwork-brown-pouf\/#breadcrumb","itemListElement":[{"@type":"ListItem","position":1,"name":"Home","item":"https:\/\/cozyanddozy.com\/fr\/"},{"@type":"ListItem","position":2,"name":"Boutique","item":"https:\/\/cozyanddozy.com\/fr\/boutique\/"},{"@type":"ListItem","position":3,"name":"Coussin de sol patchwork Teddy Velvet Patchwork- Brown pouf"}]},{"@type":"WebSite","@id":"https:\/\/cozyanddozy.com\/fr\/#website","url":"https:\/\/cozyanddozy.com\/fr\/","name":"Cozy & Dozy","description":"","publisher":{"@id":"https:\/\/cozyanddozy.com\/fr\/#organization"},"alternateName":"Cozy and Dozy","potentialAction":[{"@type":"SearchAction","target":{"@type":"EntryPoint","urlTemplate":"https:\/\/cozyanddozy.com\/fr\/?s={search_term_string}"},"query-input":{"@type":"PropertyValueSpecification","valueRequired":true,"valueName":"search_term_string"}}],"inLanguage":"fr-FR"},{"@type":"Organization","@id":"https:\/\/cozyanddozy.com\/fr\/#organization","name":"Cozy & Dozy","url":"https:\/\/cozyanddozy.com\/fr\/","logo":{"@type":"ImageObject","inLanguage":"fr-FR","@id":"https:\/\/cozyanddozy.com\/fr\/#\/schema\/logo\/image\/","url":"https:\/\/cozyanddozy.com\/fr\/wp-content\/uploads\/2023\/02\/cozyanddozy_logo_b.png","contentUrl":"https:\/\/cozyanddozy.com\/fr\/wp-content\/uploads\/2023\/02\/cozyanddozy_logo_b.png","width":314,"height":85,"caption":"Cozy & Dozy"},"image":{"@id":"https:\/\/cozyanddozy.com\/fr\/#\/schema\/logo\/image\/"},"sameAs":["https:\/\/www.facebook.com\/cozyanddozyshop","https:\/\/www.instagram.com\/cozyanddozy\/"]}]},"product_price_amount":"49.00","product_price_currency":"EUR","og_availability":"instock","product_availability":"instock","product_retailer_item_id":"5902701498016","product_condition":"new"},"_links":{"self":[{"href":"https:\/\/cozyanddozy.com\/fr\/wp-json\/wp\/v2\/product\/3811","targetHints":{"allow":["GET"]}}],"collection":[{"href":"https:\/\/cozyanddozy.com\/fr\/wp-json\/wp\/v2\/product"}],"about":[{"href":"https:\/\/cozyanddozy.com\/fr\/wp-json\/wp\/v2\/types\/product"}],"replies":[{"embeddable":true,"href":"https:\/\/cozyanddozy.com\/fr\/wp-json\/wp\/v2\/comments?post=3811"}],"wp:featuredmedia":[{"embeddable":true,"href":"https:\/\/cozyanddozy.com\/fr\/wp-json\/wp\/v2\/media\/3810"}],"wp:attachment":[{"href":"https:\/\/cozyanddozy.com\/fr\/wp-json\/wp\/v2\/media?parent=3811"}],"wp:term":[{"taxonomy":"product_brand","embeddable":true,"href":"https:\/\/cozyanddozy.com\/fr\/wp-json\/wp\/v2\/product_brand?post=3811"},{"taxonomy":"product_cat","embeddable":true,"href":"https:\/\/cozyanddozy.com\/fr\/wp-json\/wp\/v2\/product_cat?post=3811"},{"taxonomy":"product_tag","embeddable":true,"href":"https:\/\/cozyanddozy.com\/fr\/wp-json\/wp\/v2\/product_tag?post=3811"}],"curies":[{"name":"wp","href":"https:\/\/api.w.org\/{rel}","templated":true}]}}