{"id":376,"date":"2017-08-03T15:54:56","date_gmt":"2017-08-03T14:54:56","guid":{"rendered":"https:\/\/cozyanddozy.com\/fr\/product\/kids-tipi-tent-aztec-6-pcs-set\/"},"modified":"2025-01-29T22:30:18","modified_gmt":"2025-01-29T21:30:18","slug":"tente-tipi-aztec-pour-enfants-ensemble-de-6-pieces","status":"publish","type":"product","link":"https:\/\/cozyanddozy.com\/fr\/produit\/tente-tipi-aztec-pour-enfants-ensemble-de-6-pieces\/","title":{"rendered":"Tente tipi Aztec pour enfants, ensemble de 6 pi\u00e8ces"},"content":{"rendered":"<p><img decoding=\"async\" class=\"alignright size-large\" src=\"https:\/\/cozyanddozy.com\/fr\/wp-content\/uploads\/2023\/02\/pp-1497.jpg\" alt=\"tipi mexican\" width=\"530\" height=\"800\" \/><\/p>\n<p><span style=\"font-weight: 400;\">Magnifique ensemble de tente de jeu tipi Aztec\u00a0<\/span><b>fait \u00e0 la main<\/b><span style=\"font-weight: 400;\"> par Cozy &amp; Dozy est un espace id\u00e9al pour les enfants \u00e0 jouer et \u00e0 se d\u00e9tendre. C&#8217;est un adorable <\/span><b>cadeau pour gar\u00e7on<\/b>.<\/p>\n<p><span style=\"font-weight: 400;\">Le wigwam est fait de toile beige douce et de <\/span><b>tissu \u00e0 motifs azt\u00e8ques<\/b><span style=\"font-weight: 400;\">. L&#8217;entr\u00e9e est finie avec <\/span><b>un ruban de franges<\/b><span style=\"font-weight: 400;\"> brunes. Le tapis gris et confortable est d\u00e9cor\u00e9 d&#8217;un motif \u00a0de cactus. Deux jolis oreillers, choisis au hasard, sont adapt\u00e9s en couleur et en texture \u00e0 l&#8217;int\u00e9gralit\u00e9. La tente tipi avec des motifs azt\u00e8ques ethniques et une belle couleur turquoise est parfaite, en particulier pour la salle \u00e0 th\u00e8me d&#8217;aventure. Cette tente est \u00e9galement excellente <\/span><b>pour les enfants qui aiment \u00eatre dehors<\/b><span style=\"font-weight: 400;\">.<\/span><\/p>\n<p><span style=\"font-weight: 400;\">Le tipi est fait de coton naturel r\u00e9sistant, qui r\u00e9sistera aux ann\u00e9es de jeu. Il peut \u00eatre utilis\u00e9 comme bouclier de vent et de soleil pendant les jeux dans la cour. Le tapis est extr\u00eamement confortable pour s&#8217;asseoir et deux oreillers super mignons rendront une sieste quotidienne plus agr\u00e9able. La petite fen\u00eatre est tellement amusante, en particulier lorsque votre enfant aime jouer \u00e0 cache-cache.<\/span><\/p>\n<p><span style=\"font-weight: 400;\">Nos <\/span><b>tentes de jeu<\/b><span style=\"font-weight: 400;\"> sont faites \u00e0 la main, car nous croyons que les petits d\u00e9tails font la diff\u00e9rence. Chaque teepee est unique. Vous pouvez \u00eatre s\u00fbr de recevoir un <\/span><b>tipi de qualit\u00e9 sup\u00e9rieure<\/b><span style=\"font-weight: 400;\">.<\/span><\/p>\n<h3>L&#8217;\u00e9quipement de la tente Aztec pour enfants par Cozy &amp; Dozy comprend:<\/h3>\n<ul>\n<li style=\"font-weight: 400;\"><span style=\"font-weight: 400;\">tente tipi<\/span><\/li>\n<li style=\"font-weight: 400;\"><span style=\"font-weight: 400;\">4 poteaux de pin naturel<\/span><\/li>\n<li style=\"font-weight: 400;\"><span style=\"font-weight: 400;\">stabilisateur pour b\u00e2tons<\/span><\/li>\n<li style=\"font-weight: 400;\"><span style=\"font-weight: 400;\">tapis<\/span><\/li>\n<li style=\"font-weight: 400;\"><span style=\"font-weight: 400;\">2 oreillers (choisis au hasard mais toujours dans la couleur de l&#8217;ensemble).<\/span><\/li>\n<\/ul>\n<p><span style=\"font-weight: 400;\">Vous pouvez \u00e9galement acheter ce type de tente sans tapis et oreillers.<\/span><\/p>\n","protected":false},"excerpt":{"rendered":"<p>Le wigwam est fait de toile beige douce et de tissu \u00e0 motifs azt\u00e8ques. L&#8217;entr\u00e9e est finie avec un ruban de franges brunes. Le tapis gris et confortable est d\u00e9cor\u00e9 d&#8217;un motif \u00a0de cactus.<\/p>\n","protected":false},"featured_media":377,"comment_status":"open","ping_status":"closed","template":"","meta":[],"product_brand":[],"product_cat":[16],"product_tag":[],"class_list":{"0":"post-376","1":"product","2":"type-product","3":"status-publish","4":"has-post-thumbnail","6":"product_cat-tentes-tipi","8":"first","9":"outofstock","10":"sale","11":"product-type-simple"},"yoast_head":"<!-- This site is optimized with the Yoast SEO Premium plugin v21.9 (Yoast SEO v27.0) - https:\/\/yoast.com\/product\/yoast-seo-premium-wordpress\/ -->\n<title>Tente tipi Aztec pour enfants, ensemble de 6 pi\u00e8ces - Cozy &amp; Dozy<\/title>\n<meta name=\"description\" content=\"Le tipi est fait de toile beige douce et de tissu \u00e0 motifs azt\u00e8ques. L&#039;entr\u00e9e est finie avec un ruban de franges brunes. Le tapis gris et confortable est d\u00e9cor\u00e9 d&#039;un motif \u00a0de cactus.\" \/>\n<meta name=\"robots\" content=\"index, follow, max-snippet:-1, max-image-preview:large, max-video-preview:-1\" \/>\n<link rel=\"canonical\" href=\"https:\/\/cozyanddozy.com\/fr\/produit\/tente-tipi-aztec-pour-enfants-ensemble-de-6-pieces\/\" \/>\n<meta property=\"og:locale\" content=\"fr_FR\" \/>\n<meta property=\"og:type\" content=\"article\" \/>\n<meta property=\"og:title\" content=\"Tente tipi Aztec pour enfants, ensemble de 6 pi\u00e8ces\" \/>\n<meta property=\"og:description\" content=\"Le tipi est fait de toile beige douce et de tissu \u00e0 motifs azt\u00e8ques. L&#039;entr\u00e9e est finie avec un ruban de franges brunes. Le tapis gris et confortable est d\u00e9cor\u00e9 d&#039;un motif \u00a0de cactus.\" \/>\n<meta property=\"og:url\" content=\"https:\/\/cozyanddozy.com\/fr\/produit\/tente-tipi-aztec-pour-enfants-ensemble-de-6-pieces\/\" \/>\n<meta property=\"og:site_name\" content=\"Cozy &amp; Dozy\" \/>\n<meta property=\"article:publisher\" content=\"https:\/\/www.facebook.com\/cozyanddozyshop\" \/>\n<meta property=\"article:modified_time\" content=\"2025-01-29T21:30:18+00:00\" \/>\n<meta property=\"og:image\" content=\"https:\/\/cozyanddozy.com\/fr\/wp-content\/uploads\/2023\/02\/pp-1497.jpg\" \/>\n\t<meta property=\"og:image:width\" content=\"1200\" \/>\n\t<meta property=\"og:image:height\" content=\"1200\" \/>\n\t<meta property=\"og:image:type\" content=\"image\/jpeg\" \/>\n<meta name=\"twitter:card\" content=\"summary_large_image\" \/>\n<meta name=\"twitter:label1\" content=\"Prix\" \/>\n\t<meta name=\"twitter:data1\" content=\"141,30&nbsp;&euro;\" \/>\n\t<meta name=\"twitter:label2\" content=\"Disponibilit\u00e9\" \/>\n\t<meta name=\"twitter:data2\" content=\"Rupture de stock\" \/>\n<script type=\"application\/ld+json\" class=\"yoast-schema-graph\">{\"@context\":\"https:\/\/schema.org\",\"@graph\":[{\"@type\":\"WebPage\",\"@id\":\"https:\/\/cozyanddozy.com\/fr\/produit\/tente-tipi-aztec-pour-enfants-ensemble-de-6-pieces\/\",\"url\":\"https:\/\/cozyanddozy.com\/fr\/produit\/tente-tipi-aztec-pour-enfants-ensemble-de-6-pieces\/\",\"name\":\"Tente tipi Aztec pour enfants, ensemble de 6 pi\u00e8ces - Cozy &amp; Dozy\",\"isPartOf\":{\"@id\":\"https:\/\/cozyanddozy.com\/fr\/#website\"},\"primaryImageOfPage\":{\"@id\":\"https:\/\/cozyanddozy.com\/fr\/produit\/tente-tipi-aztec-pour-enfants-ensemble-de-6-pieces\/#primaryimage\"},\"image\":{\"@id\":\"https:\/\/cozyanddozy.com\/fr\/produit\/tente-tipi-aztec-pour-enfants-ensemble-de-6-pieces\/#primaryimage\"},\"thumbnailUrl\":\"https:\/\/cozyanddozy.com\/fr\/wp-content\/uploads\/2023\/02\/pp-1497.jpg\",\"datePublished\":\"2017-08-03T14:54:56+00:00\",\"dateModified\":\"2025-01-29T21:30:18+00:00\",\"description\":\"Le tipi est fait de toile beige douce et de tissu \u00e0 motifs azt\u00e8ques. L'entr\u00e9e est finie avec un ruban de franges brunes. Le tapis gris et confortable est d\u00e9cor\u00e9 d'un motif \u00a0de cactus.\",\"breadcrumb\":{\"@id\":\"https:\/\/cozyanddozy.com\/fr\/produit\/tente-tipi-aztec-pour-enfants-ensemble-de-6-pieces\/#breadcrumb\"},\"inLanguage\":\"fr-FR\",\"potentialAction\":[{\"@type\":\"ReadAction\",\"target\":[\"https:\/\/cozyanddozy.com\/fr\/produit\/tente-tipi-aztec-pour-enfants-ensemble-de-6-pieces\/\"]}]},{\"@type\":\"ImageObject\",\"inLanguage\":\"fr-FR\",\"@id\":\"https:\/\/cozyanddozy.com\/fr\/produit\/tente-tipi-aztec-pour-enfants-ensemble-de-6-pieces\/#primaryimage\",\"url\":\"https:\/\/cozyanddozy.com\/fr\/wp-content\/uploads\/2023\/02\/pp-1497.jpg\",\"contentUrl\":\"https:\/\/cozyanddozy.com\/fr\/wp-content\/uploads\/2023\/02\/pp-1497.jpg\",\"width\":1200,\"height\":1200},{\"@type\":\"BreadcrumbList\",\"@id\":\"https:\/\/cozyanddozy.com\/fr\/produit\/tente-tipi-aztec-pour-enfants-ensemble-de-6-pieces\/#breadcrumb\",\"itemListElement\":[{\"@type\":\"ListItem\",\"position\":1,\"name\":\"Home\",\"item\":\"https:\/\/cozyanddozy.com\/fr\/\"},{\"@type\":\"ListItem\",\"position\":2,\"name\":\"Boutique\",\"item\":\"https:\/\/cozyanddozy.com\/fr\/boutique\/\"},{\"@type\":\"ListItem\",\"position\":3,\"name\":\"Tente tipi Aztec pour enfants, ensemble de 6 pi\u00e8ces\"}]},{\"@type\":\"WebSite\",\"@id\":\"https:\/\/cozyanddozy.com\/fr\/#website\",\"url\":\"https:\/\/cozyanddozy.com\/fr\/\",\"name\":\"Cozy & Dozy\",\"description\":\"\",\"publisher\":{\"@id\":\"https:\/\/cozyanddozy.com\/fr\/#organization\"},\"alternateName\":\"Cozy and Dozy\",\"potentialAction\":[{\"@type\":\"SearchAction\",\"target\":{\"@type\":\"EntryPoint\",\"urlTemplate\":\"https:\/\/cozyanddozy.com\/fr\/?s={search_term_string}\"},\"query-input\":{\"@type\":\"PropertyValueSpecification\",\"valueRequired\":true,\"valueName\":\"search_term_string\"}}],\"inLanguage\":\"fr-FR\"},{\"@type\":\"Organization\",\"@id\":\"https:\/\/cozyanddozy.com\/fr\/#organization\",\"name\":\"Cozy & Dozy\",\"url\":\"https:\/\/cozyanddozy.com\/fr\/\",\"logo\":{\"@type\":\"ImageObject\",\"inLanguage\":\"fr-FR\",\"@id\":\"https:\/\/cozyanddozy.com\/fr\/#\/schema\/logo\/image\/\",\"url\":\"https:\/\/cozyanddozy.com\/fr\/wp-content\/uploads\/2023\/02\/cozyanddozy_logo_b.png\",\"contentUrl\":\"https:\/\/cozyanddozy.com\/fr\/wp-content\/uploads\/2023\/02\/cozyanddozy_logo_b.png\",\"width\":314,\"height\":85,\"caption\":\"Cozy & Dozy\"},\"image\":{\"@id\":\"https:\/\/cozyanddozy.com\/fr\/#\/schema\/logo\/image\/\"},\"sameAs\":[\"https:\/\/www.facebook.com\/cozyanddozyshop\",\"https:\/\/www.instagram.com\/cozyanddozy\/\"]}]}<\/script>\n<meta property=\"product:price:amount\" content=\"141.30\" \/>\n<meta property=\"product:price:currency\" content=\"EUR\" \/>\n<meta property=\"og:availability\" content=\"out of stock\" \/>\n<meta property=\"product:availability\" content=\"out of stock\" \/>\n<meta property=\"product:retailer_item_id\" content=\"5902701492564\" \/>\n<meta property=\"product:condition\" content=\"new\" \/>\n<!-- \/ Yoast SEO Premium plugin. -->","yoast_head_json":{"title":"Tente tipi Aztec pour enfants, ensemble de 6 pi\u00e8ces - Cozy &amp; Dozy","description":"Le tipi est fait de toile beige douce et de tissu \u00e0 motifs azt\u00e8ques. L'entr\u00e9e est finie avec un ruban de franges brunes. Le tapis gris et confortable est d\u00e9cor\u00e9 d'un motif \u00a0de cactus.","robots":{"index":"index","follow":"follow","max-snippet":"max-snippet:-1","max-image-preview":"max-image-preview:large","max-video-preview":"max-video-preview:-1"},"canonical":"https:\/\/cozyanddozy.com\/fr\/produit\/tente-tipi-aztec-pour-enfants-ensemble-de-6-pieces\/","og_locale":"fr_FR","og_type":"article","og_title":"Tente tipi Aztec pour enfants, ensemble de 6 pi\u00e8ces","og_description":"Le tipi est fait de toile beige douce et de tissu \u00e0 motifs azt\u00e8ques. L'entr\u00e9e est finie avec un ruban de franges brunes. Le tapis gris et confortable est d\u00e9cor\u00e9 d'un motif \u00a0de cactus.","og_url":"https:\/\/cozyanddozy.com\/fr\/produit\/tente-tipi-aztec-pour-enfants-ensemble-de-6-pieces\/","og_site_name":"Cozy &amp; Dozy","article_publisher":"https:\/\/www.facebook.com\/cozyanddozyshop","article_modified_time":"2025-01-29T21:30:18+00:00","og_image":[{"width":1200,"height":1200,"url":"https:\/\/cozyanddozy.com\/fr\/wp-content\/uploads\/2023\/02\/pp-1497.jpg","type":"image\/jpeg"}],"twitter_card":"summary_large_image","twitter_misc":{"Prix":"141,30&nbsp;&euro;","Disponibilit\u00e9":"Rupture de stock"},"schema":{"@context":"https:\/\/schema.org","@graph":[{"@type":"WebPage","@id":"https:\/\/cozyanddozy.com\/fr\/produit\/tente-tipi-aztec-pour-enfants-ensemble-de-6-pieces\/","url":"https:\/\/cozyanddozy.com\/fr\/produit\/tente-tipi-aztec-pour-enfants-ensemble-de-6-pieces\/","name":"Tente tipi Aztec pour enfants, ensemble de 6 pi\u00e8ces - Cozy &amp; Dozy","isPartOf":{"@id":"https:\/\/cozyanddozy.com\/fr\/#website"},"primaryImageOfPage":{"@id":"https:\/\/cozyanddozy.com\/fr\/produit\/tente-tipi-aztec-pour-enfants-ensemble-de-6-pieces\/#primaryimage"},"image":{"@id":"https:\/\/cozyanddozy.com\/fr\/produit\/tente-tipi-aztec-pour-enfants-ensemble-de-6-pieces\/#primaryimage"},"thumbnailUrl":"https:\/\/cozyanddozy.com\/fr\/wp-content\/uploads\/2023\/02\/pp-1497.jpg","datePublished":"2017-08-03T14:54:56+00:00","dateModified":"2025-01-29T21:30:18+00:00","description":"Le tipi est fait de toile beige douce et de tissu \u00e0 motifs azt\u00e8ques. L'entr\u00e9e est finie avec un ruban de franges brunes. Le tapis gris et confortable est d\u00e9cor\u00e9 d'un motif \u00a0de cactus.","breadcrumb":{"@id":"https:\/\/cozyanddozy.com\/fr\/produit\/tente-tipi-aztec-pour-enfants-ensemble-de-6-pieces\/#breadcrumb"},"inLanguage":"fr-FR","potentialAction":[{"@type":"ReadAction","target":["https:\/\/cozyanddozy.com\/fr\/produit\/tente-tipi-aztec-pour-enfants-ensemble-de-6-pieces\/"]}]},{"@type":"ImageObject","inLanguage":"fr-FR","@id":"https:\/\/cozyanddozy.com\/fr\/produit\/tente-tipi-aztec-pour-enfants-ensemble-de-6-pieces\/#primaryimage","url":"https:\/\/cozyanddozy.com\/fr\/wp-content\/uploads\/2023\/02\/pp-1497.jpg","contentUrl":"https:\/\/cozyanddozy.com\/fr\/wp-content\/uploads\/2023\/02\/pp-1497.jpg","width":1200,"height":1200},{"@type":"BreadcrumbList","@id":"https:\/\/cozyanddozy.com\/fr\/produit\/tente-tipi-aztec-pour-enfants-ensemble-de-6-pieces\/#breadcrumb","itemListElement":[{"@type":"ListItem","position":1,"name":"Home","item":"https:\/\/cozyanddozy.com\/fr\/"},{"@type":"ListItem","position":2,"name":"Boutique","item":"https:\/\/cozyanddozy.com\/fr\/boutique\/"},{"@type":"ListItem","position":3,"name":"Tente tipi Aztec pour enfants, ensemble de 6 pi\u00e8ces"}]},{"@type":"WebSite","@id":"https:\/\/cozyanddozy.com\/fr\/#website","url":"https:\/\/cozyanddozy.com\/fr\/","name":"Cozy & Dozy","description":"","publisher":{"@id":"https:\/\/cozyanddozy.com\/fr\/#organization"},"alternateName":"Cozy and Dozy","potentialAction":[{"@type":"SearchAction","target":{"@type":"EntryPoint","urlTemplate":"https:\/\/cozyanddozy.com\/fr\/?s={search_term_string}"},"query-input":{"@type":"PropertyValueSpecification","valueRequired":true,"valueName":"search_term_string"}}],"inLanguage":"fr-FR"},{"@type":"Organization","@id":"https:\/\/cozyanddozy.com\/fr\/#organization","name":"Cozy & Dozy","url":"https:\/\/cozyanddozy.com\/fr\/","logo":{"@type":"ImageObject","inLanguage":"fr-FR","@id":"https:\/\/cozyanddozy.com\/fr\/#\/schema\/logo\/image\/","url":"https:\/\/cozyanddozy.com\/fr\/wp-content\/uploads\/2023\/02\/cozyanddozy_logo_b.png","contentUrl":"https:\/\/cozyanddozy.com\/fr\/wp-content\/uploads\/2023\/02\/cozyanddozy_logo_b.png","width":314,"height":85,"caption":"Cozy & Dozy"},"image":{"@id":"https:\/\/cozyanddozy.com\/fr\/#\/schema\/logo\/image\/"},"sameAs":["https:\/\/www.facebook.com\/cozyanddozyshop","https:\/\/www.instagram.com\/cozyanddozy\/"]}]},"product_price_amount":"141.30","product_price_currency":"EUR","og_availability":"out of stock","product_availability":"out of stock","product_retailer_item_id":"5902701492564","product_condition":"new"},"_links":{"self":[{"href":"https:\/\/cozyanddozy.com\/fr\/wp-json\/wp\/v2\/product\/376","targetHints":{"allow":["GET"]}}],"collection":[{"href":"https:\/\/cozyanddozy.com\/fr\/wp-json\/wp\/v2\/product"}],"about":[{"href":"https:\/\/cozyanddozy.com\/fr\/wp-json\/wp\/v2\/types\/product"}],"replies":[{"embeddable":true,"href":"https:\/\/cozyanddozy.com\/fr\/wp-json\/wp\/v2\/comments?post=376"}],"wp:featuredmedia":[{"embeddable":true,"href":"https:\/\/cozyanddozy.com\/fr\/wp-json\/wp\/v2\/media\/377"}],"wp:attachment":[{"href":"https:\/\/cozyanddozy.com\/fr\/wp-json\/wp\/v2\/media?parent=376"}],"wp:term":[{"taxonomy":"product_brand","embeddable":true,"href":"https:\/\/cozyanddozy.com\/fr\/wp-json\/wp\/v2\/product_brand?post=376"},{"taxonomy":"product_cat","embeddable":true,"href":"https:\/\/cozyanddozy.com\/fr\/wp-json\/wp\/v2\/product_cat?post=376"},{"taxonomy":"product_tag","embeddable":true,"href":"https:\/\/cozyanddozy.com\/fr\/wp-json\/wp\/v2\/product_tag?post=376"}],"curies":[{"name":"wp","href":"https:\/\/api.w.org\/{rel}","templated":true}]}}