{"id":374,"date":"2017-08-03T13:16:40","date_gmt":"2017-08-03T12:16:40","guid":{"rendered":"https:\/\/cozyanddozy.com\/fr\/product\/kids-teepee-tent-aztec\/"},"modified":"2024-01-23T11:51:50","modified_gmt":"2024-01-23T10:51:50","slug":"tipi-tente-pour-enfant-aztec","status":"publish","type":"product","link":"https:\/\/cozyanddozy.com\/fr\/produit\/tipi-tente-pour-enfant-aztec\/","title":{"rendered":"Tipi tente pour enfant Aztec"},"content":{"rendered":"<p>Tipi tente pour les enfants indiens avec les mod\u00e8les azt\u00e8ques<\/p>\n<p>La tente d&#8217;enfants mexicaine faite \u00e0 la main de Cozy &amp; Dozy est un endroit id\u00e9al pour les petits aventuriers et les voyageurs. La toile de coton de couleur naturelle \u00e9tait recouverte d&#8217;un tissu turquoise \u00e0 motif g\u00e9om\u00e9trique sur le dessus et l&#8217;entr\u00e9e \u00e9tait orn\u00e9e d&#8217;un ruban avec des franges indiennes de couleur brune. Ces blagues d&#8217;enfants \u00e0 motifs plaisanteront particuli\u00e8rement aux gar\u00e7ons et fonctionneront aussi bien dans la chambre d&#8217;enfant que dans la cour.<\/p>\n<p>La toile wigwam robuste est un tissu de coton naturel et respirant. Tipi prot\u00e9gera contre le vent et le soleil tout en jouant \u00e0 l&#8217;ext\u00e9rieur et offrira une cachette confortable pour l&#8217;enfant, pouvant accueillir facilement ses jouets et ses livres pr\u00e9f\u00e9r\u00e9s.\u00a0La fen\u00eatre ouvrante soutient en outre le flux d&#8217;air, de sorte qu&#8217;il ne fasse pas trop chaud \u00e0 l&#8217;int\u00e9rieur.<\/p>\n<p>Nos pointes sont enti\u00e8rement faites \u00e0 la main, avec le plus grand soin et le plus grand soin du d\u00e9tail. Chaque exemplaire est unique. C&#8217;est pourquoi vous \u00eates confiant de donner \u00e0 votre enfant un produit de la plus haute qualit\u00e9.<\/p>\n<h3>Le kit de conseils Aztec de Cozy &amp; Dozy comprend les articles suivants:<\/h3>\n<ul>\n<li>tipi tente<\/li>\n<li>4 poteaux en bois de pin naturel (cadre)<\/li>\n<li>stabilizer<\/li>\n<\/ul>\n<h3>Dimensions:<\/h3>\n<ul>\n<li>Hauteur du tippee apr\u00e8s d\u00e9pliage: 150 cm<\/li>\n<li>Hauteur du tapi apr\u00e8s pliage: 170 cm<\/li>\n<li>Surface du tipi: env. 110\u00d7110 cm<\/li>\n<\/ul>\n<p><strong>La tente a 2-3 enfants.<\/strong> Il peut \u00eatre facilement pli\u00e9 et rang\u00e9 dans un sac sp\u00e9cial avec poign\u00e9e, qui fait partie int\u00e9grante de l&#8217;ensemble.<\/p>\n<h3>Composition:<\/h3>\n<ul>\n<li>100% coton.<\/li>\n<li>Il a re\u00e7u le certificat et le certificat CE.<\/li>\n<\/ul>\n<p>Les tissus dont nous cousons nos tentes proviennent d&#8217;Europe et sont certifi\u00e9s et homologu\u00e9s pour la s\u00e9curit\u00e9 des enfants.\u00a0 Tipi a \u00e9t\u00e9 produit en Pologne.<\/p>\n<h3>Attention:<\/h3>\n<ul>\n<li>Lavable en machine \u00e0 40 degr\u00e9s, centrifugation &#8211; 800 tours.<\/li>\n<li>Ne pas laver chimiquement<\/li>\n<li>Ne pas javelliser<\/li>\n<\/ul>\n<p>D\u00e9lai de livraison: 1-2 jours ouvrables + d\u00e9lai de livraison.<\/p>\n<p>Nous nous ferons un plaisir de coudre le tipi sp\u00e9cialement pour vous &#8211; selon votre id\u00e9e. \u00c9crivez-nous pour en savoir plus.<\/p>\n<p>Traduit avec www.DeepL.com\/Translator<\/p>\n","protected":false},"excerpt":{"rendered":"<p>Maison de tipi indienne de style azt\u00e8que pour enfants.<\/p>\n","protected":false},"featured_media":375,"comment_status":"open","ping_status":"closed","template":"","meta":[],"product_brand":[],"product_cat":[16],"product_tag":[],"class_list":{"0":"post-374","1":"product","2":"type-product","3":"status-publish","4":"has-post-thumbnail","6":"product_cat-tentes-tipi","8":"first","9":"instock","10":"sale","11":"product-type-simple"},"yoast_head":"<!-- This site is optimized with the Yoast SEO Premium plugin v21.9 (Yoast SEO v27.0) - https:\/\/yoast.com\/product\/yoast-seo-premium-wordpress\/ -->\n<title>Tipi tente pour enfant Aztec - Cozy &amp; Dozy<\/title>\n<meta name=\"description\" content=\"Maison de tipi indienne de style azt\u00e8que pour enfants.\" \/>\n<meta name=\"robots\" content=\"index, follow, max-snippet:-1, max-image-preview:large, max-video-preview:-1\" \/>\n<link rel=\"canonical\" href=\"https:\/\/cozyanddozy.com\/fr\/produit\/tipi-tente-pour-enfant-aztec\/\" \/>\n<meta property=\"og:locale\" content=\"fr_FR\" \/>\n<meta property=\"og:type\" content=\"article\" \/>\n<meta property=\"og:title\" content=\"Tipi tente pour enfant Aztec\" \/>\n<meta property=\"og:description\" content=\"Maison de tipi indienne de style azt\u00e8que pour enfants.\" \/>\n<meta property=\"og:url\" content=\"https:\/\/cozyanddozy.com\/fr\/produit\/tipi-tente-pour-enfant-aztec\/\" \/>\n<meta property=\"og:site_name\" content=\"Cozy &amp; Dozy\" \/>\n<meta property=\"article:publisher\" content=\"https:\/\/www.facebook.com\/cozyanddozyshop\" \/>\n<meta property=\"article:modified_time\" content=\"2024-01-23T10:51:50+00:00\" \/>\n<meta property=\"og:image\" content=\"https:\/\/cozyanddozy.com\/fr\/wp-content\/uploads\/2023\/02\/pp-1494.jpg\" \/>\n\t<meta property=\"og:image:width\" content=\"1200\" \/>\n\t<meta property=\"og:image:height\" content=\"1200\" \/>\n\t<meta property=\"og:image:type\" content=\"image\/jpeg\" \/>\n<meta name=\"twitter:card\" content=\"summary_large_image\" \/>\n<meta name=\"twitter:label1\" content=\"Prix\" \/>\n\t<meta name=\"twitter:data1\" content=\"85,50&nbsp;&euro;\" \/>\n\t<meta name=\"twitter:label2\" content=\"Disponibilit\u00e9\" \/>\n\t<meta name=\"twitter:data2\" content=\"En stock\" \/>\n<script type=\"application\/ld+json\" class=\"yoast-schema-graph\">{\"@context\":\"https:\/\/schema.org\",\"@graph\":[{\"@type\":\"WebPage\",\"@id\":\"https:\/\/cozyanddozy.com\/fr\/produit\/tipi-tente-pour-enfant-aztec\/\",\"url\":\"https:\/\/cozyanddozy.com\/fr\/produit\/tipi-tente-pour-enfant-aztec\/\",\"name\":\"Tipi tente pour enfant Aztec - Cozy & Dozy\",\"isPartOf\":{\"@id\":\"https:\/\/cozyanddozy.com\/fr\/#website\"},\"primaryImageOfPage\":{\"@id\":\"https:\/\/cozyanddozy.com\/fr\/produit\/tipi-tente-pour-enfant-aztec\/#primaryimage\"},\"image\":{\"@id\":\"https:\/\/cozyanddozy.com\/fr\/produit\/tipi-tente-pour-enfant-aztec\/#primaryimage\"},\"thumbnailUrl\":\"https:\/\/cozyanddozy.com\/fr\/wp-content\/uploads\/2023\/02\/pp-1494.jpg\",\"datePublished\":\"2017-08-03T12:16:40+00:00\",\"dateModified\":\"2024-01-23T10:51:50+00:00\",\"description\":\"Maison de tipi indienne de style azt\u00e8que pour enfants.\",\"breadcrumb\":{\"@id\":\"https:\/\/cozyanddozy.com\/fr\/produit\/tipi-tente-pour-enfant-aztec\/#breadcrumb\"},\"inLanguage\":\"fr-FR\",\"potentialAction\":[{\"@type\":\"ReadAction\",\"target\":[\"https:\/\/cozyanddozy.com\/fr\/produit\/tipi-tente-pour-enfant-aztec\/\"]}]},{\"@type\":\"ImageObject\",\"inLanguage\":\"fr-FR\",\"@id\":\"https:\/\/cozyanddozy.com\/fr\/produit\/tipi-tente-pour-enfant-aztec\/#primaryimage\",\"url\":\"https:\/\/cozyanddozy.com\/fr\/wp-content\/uploads\/2023\/02\/pp-1494.jpg\",\"contentUrl\":\"https:\/\/cozyanddozy.com\/fr\/wp-content\/uploads\/2023\/02\/pp-1494.jpg\",\"width\":1200,\"height\":1200},{\"@type\":\"BreadcrumbList\",\"@id\":\"https:\/\/cozyanddozy.com\/fr\/produit\/tipi-tente-pour-enfant-aztec\/#breadcrumb\",\"itemListElement\":[{\"@type\":\"ListItem\",\"position\":1,\"name\":\"Home\",\"item\":\"https:\/\/cozyanddozy.com\/fr\/\"},{\"@type\":\"ListItem\",\"position\":2,\"name\":\"Boutique\",\"item\":\"https:\/\/cozyanddozy.com\/fr\/boutique\/\"},{\"@type\":\"ListItem\",\"position\":3,\"name\":\"Tipi tente pour enfant Aztec\"}]},{\"@type\":\"WebSite\",\"@id\":\"https:\/\/cozyanddozy.com\/fr\/#website\",\"url\":\"https:\/\/cozyanddozy.com\/fr\/\",\"name\":\"Cozy & Dozy\",\"description\":\"\",\"publisher\":{\"@id\":\"https:\/\/cozyanddozy.com\/fr\/#organization\"},\"alternateName\":\"Cozy and Dozy\",\"potentialAction\":[{\"@type\":\"SearchAction\",\"target\":{\"@type\":\"EntryPoint\",\"urlTemplate\":\"https:\/\/cozyanddozy.com\/fr\/?s={search_term_string}\"},\"query-input\":{\"@type\":\"PropertyValueSpecification\",\"valueRequired\":true,\"valueName\":\"search_term_string\"}}],\"inLanguage\":\"fr-FR\"},{\"@type\":\"Organization\",\"@id\":\"https:\/\/cozyanddozy.com\/fr\/#organization\",\"name\":\"Cozy & Dozy\",\"url\":\"https:\/\/cozyanddozy.com\/fr\/\",\"logo\":{\"@type\":\"ImageObject\",\"inLanguage\":\"fr-FR\",\"@id\":\"https:\/\/cozyanddozy.com\/fr\/#\/schema\/logo\/image\/\",\"url\":\"https:\/\/cozyanddozy.com\/fr\/wp-content\/uploads\/2023\/02\/cozyanddozy_logo_b.png\",\"contentUrl\":\"https:\/\/cozyanddozy.com\/fr\/wp-content\/uploads\/2023\/02\/cozyanddozy_logo_b.png\",\"width\":314,\"height\":85,\"caption\":\"Cozy & Dozy\"},\"image\":{\"@id\":\"https:\/\/cozyanddozy.com\/fr\/#\/schema\/logo\/image\/\"},\"sameAs\":[\"https:\/\/www.facebook.com\/cozyanddozyshop\",\"https:\/\/www.instagram.com\/cozyanddozy\/\"]}]}<\/script>\n<meta property=\"product:price:amount\" content=\"85.50\" \/>\n<meta property=\"product:price:currency\" content=\"EUR\" \/>\n<meta property=\"og:availability\" content=\"instock\" \/>\n<meta property=\"product:availability\" content=\"instock\" \/>\n<meta property=\"product:retailer_item_id\" content=\"5902701492892\" \/>\n<meta property=\"product:condition\" content=\"new\" \/>\n<!-- \/ Yoast SEO Premium plugin. -->","yoast_head_json":{"title":"Tipi tente pour enfant Aztec - Cozy & Dozy","description":"Maison de tipi indienne de style azt\u00e8que pour enfants.","robots":{"index":"index","follow":"follow","max-snippet":"max-snippet:-1","max-image-preview":"max-image-preview:large","max-video-preview":"max-video-preview:-1"},"canonical":"https:\/\/cozyanddozy.com\/fr\/produit\/tipi-tente-pour-enfant-aztec\/","og_locale":"fr_FR","og_type":"article","og_title":"Tipi tente pour enfant Aztec","og_description":"Maison de tipi indienne de style azt\u00e8que pour enfants.","og_url":"https:\/\/cozyanddozy.com\/fr\/produit\/tipi-tente-pour-enfant-aztec\/","og_site_name":"Cozy &amp; Dozy","article_publisher":"https:\/\/www.facebook.com\/cozyanddozyshop","article_modified_time":"2024-01-23T10:51:50+00:00","og_image":[{"width":1200,"height":1200,"url":"https:\/\/cozyanddozy.com\/fr\/wp-content\/uploads\/2023\/02\/pp-1494.jpg","type":"image\/jpeg"}],"twitter_card":"summary_large_image","twitter_misc":{"Prix":"85,50&nbsp;&euro;","Disponibilit\u00e9":"En stock"},"schema":{"@context":"https:\/\/schema.org","@graph":[{"@type":"WebPage","@id":"https:\/\/cozyanddozy.com\/fr\/produit\/tipi-tente-pour-enfant-aztec\/","url":"https:\/\/cozyanddozy.com\/fr\/produit\/tipi-tente-pour-enfant-aztec\/","name":"Tipi tente pour enfant Aztec - Cozy & Dozy","isPartOf":{"@id":"https:\/\/cozyanddozy.com\/fr\/#website"},"primaryImageOfPage":{"@id":"https:\/\/cozyanddozy.com\/fr\/produit\/tipi-tente-pour-enfant-aztec\/#primaryimage"},"image":{"@id":"https:\/\/cozyanddozy.com\/fr\/produit\/tipi-tente-pour-enfant-aztec\/#primaryimage"},"thumbnailUrl":"https:\/\/cozyanddozy.com\/fr\/wp-content\/uploads\/2023\/02\/pp-1494.jpg","datePublished":"2017-08-03T12:16:40+00:00","dateModified":"2024-01-23T10:51:50+00:00","description":"Maison de tipi indienne de style azt\u00e8que pour enfants.","breadcrumb":{"@id":"https:\/\/cozyanddozy.com\/fr\/produit\/tipi-tente-pour-enfant-aztec\/#breadcrumb"},"inLanguage":"fr-FR","potentialAction":[{"@type":"ReadAction","target":["https:\/\/cozyanddozy.com\/fr\/produit\/tipi-tente-pour-enfant-aztec\/"]}]},{"@type":"ImageObject","inLanguage":"fr-FR","@id":"https:\/\/cozyanddozy.com\/fr\/produit\/tipi-tente-pour-enfant-aztec\/#primaryimage","url":"https:\/\/cozyanddozy.com\/fr\/wp-content\/uploads\/2023\/02\/pp-1494.jpg","contentUrl":"https:\/\/cozyanddozy.com\/fr\/wp-content\/uploads\/2023\/02\/pp-1494.jpg","width":1200,"height":1200},{"@type":"BreadcrumbList","@id":"https:\/\/cozyanddozy.com\/fr\/produit\/tipi-tente-pour-enfant-aztec\/#breadcrumb","itemListElement":[{"@type":"ListItem","position":1,"name":"Home","item":"https:\/\/cozyanddozy.com\/fr\/"},{"@type":"ListItem","position":2,"name":"Boutique","item":"https:\/\/cozyanddozy.com\/fr\/boutique\/"},{"@type":"ListItem","position":3,"name":"Tipi tente pour enfant Aztec"}]},{"@type":"WebSite","@id":"https:\/\/cozyanddozy.com\/fr\/#website","url":"https:\/\/cozyanddozy.com\/fr\/","name":"Cozy & Dozy","description":"","publisher":{"@id":"https:\/\/cozyanddozy.com\/fr\/#organization"},"alternateName":"Cozy and Dozy","potentialAction":[{"@type":"SearchAction","target":{"@type":"EntryPoint","urlTemplate":"https:\/\/cozyanddozy.com\/fr\/?s={search_term_string}"},"query-input":{"@type":"PropertyValueSpecification","valueRequired":true,"valueName":"search_term_string"}}],"inLanguage":"fr-FR"},{"@type":"Organization","@id":"https:\/\/cozyanddozy.com\/fr\/#organization","name":"Cozy & Dozy","url":"https:\/\/cozyanddozy.com\/fr\/","logo":{"@type":"ImageObject","inLanguage":"fr-FR","@id":"https:\/\/cozyanddozy.com\/fr\/#\/schema\/logo\/image\/","url":"https:\/\/cozyanddozy.com\/fr\/wp-content\/uploads\/2023\/02\/cozyanddozy_logo_b.png","contentUrl":"https:\/\/cozyanddozy.com\/fr\/wp-content\/uploads\/2023\/02\/cozyanddozy_logo_b.png","width":314,"height":85,"caption":"Cozy & Dozy"},"image":{"@id":"https:\/\/cozyanddozy.com\/fr\/#\/schema\/logo\/image\/"},"sameAs":["https:\/\/www.facebook.com\/cozyanddozyshop","https:\/\/www.instagram.com\/cozyanddozy\/"]}]},"product_price_amount":"85.50","product_price_currency":"EUR","og_availability":"instock","product_availability":"instock","product_retailer_item_id":"5902701492892","product_condition":"new"},"_links":{"self":[{"href":"https:\/\/cozyanddozy.com\/fr\/wp-json\/wp\/v2\/product\/374","targetHints":{"allow":["GET"]}}],"collection":[{"href":"https:\/\/cozyanddozy.com\/fr\/wp-json\/wp\/v2\/product"}],"about":[{"href":"https:\/\/cozyanddozy.com\/fr\/wp-json\/wp\/v2\/types\/product"}],"replies":[{"embeddable":true,"href":"https:\/\/cozyanddozy.com\/fr\/wp-json\/wp\/v2\/comments?post=374"}],"wp:featuredmedia":[{"embeddable":true,"href":"https:\/\/cozyanddozy.com\/fr\/wp-json\/wp\/v2\/media\/375"}],"wp:attachment":[{"href":"https:\/\/cozyanddozy.com\/fr\/wp-json\/wp\/v2\/media?parent=374"}],"wp:term":[{"taxonomy":"product_brand","embeddable":true,"href":"https:\/\/cozyanddozy.com\/fr\/wp-json\/wp\/v2\/product_brand?post=374"},{"taxonomy":"product_cat","embeddable":true,"href":"https:\/\/cozyanddozy.com\/fr\/wp-json\/wp\/v2\/product_cat?post=374"},{"taxonomy":"product_tag","embeddable":true,"href":"https:\/\/cozyanddozy.com\/fr\/wp-json\/wp\/v2\/product_tag?post=374"}],"curies":[{"name":"wp","href":"https:\/\/api.w.org\/{rel}","templated":true}]}}