{"id":3687,"date":"2024-10-11T12:56:10","date_gmt":"2024-10-11T11:56:10","guid":{"rendered":"https:\/\/cozyanddozy.com\/?post_type=product&#038;p=3128"},"modified":"2025-01-29T21:46:27","modified_gmt":"2025-01-29T20:46:27","slug":"coussin-de-sol-coussin-patchwork-bonbons-de-noel-christmas-candy","status":"publish","type":"product","link":"https:\/\/cozyanddozy.com\/fr\/produit\/coussin-de-sol-coussin-patchwork-bonbons-de-noel-christmas-candy\/","title":{"rendered":"Coussin de sol, coussin patchwork Bonbons de No\u00ebl, Christmas Candy"},"content":{"rendered":"<p><img decoding=\"async\" class=\"alignnone size-medium wp-image-3787 alignright\" src=\"https:\/\/cozyanddozy.com\/fr\/wp-content\/uploads\/2024\/10\/christmas-patchwork-pouf-400x400.jpg\" alt=\"\" width=\"400\" height=\"400\" srcset=\"https:\/\/cozyanddozy.com\/fr\/wp-content\/uploads\/2024\/10\/christmas-patchwork-pouf-400x400.jpg 400w, https:\/\/cozyanddozy.com\/fr\/wp-content\/uploads\/2024\/10\/christmas-patchwork-pouf-1200x1200.jpg 1200w, https:\/\/cozyanddozy.com\/fr\/wp-content\/uploads\/2024\/10\/christmas-patchwork-pouf-150x150.jpg 150w, https:\/\/cozyanddozy.com\/fr\/wp-content\/uploads\/2024\/10\/christmas-patchwork-pouf-768x768.jpg 768w, https:\/\/cozyanddozy.com\/fr\/wp-content\/uploads\/2024\/10\/christmas-patchwork-pouf-1536x1536.jpg 1536w, https:\/\/cozyanddozy.com\/fr\/wp-content\/uploads\/2024\/10\/christmas-patchwork-pouf-2048x2048.jpg 2048w, https:\/\/cozyanddozy.com\/fr\/wp-content\/uploads\/2024\/10\/christmas-patchwork-pouf-470x470.jpg 470w, https:\/\/cozyanddozy.com\/fr\/wp-content\/uploads\/2024\/10\/christmas-patchwork-pouf-800x800.jpg 800w, https:\/\/cozyanddozy.com\/fr\/wp-content\/uploads\/2024\/10\/christmas-patchwork-pouf-100x100.jpg 100w\" sizes=\"(max-width: 400px) 100vw, 400px\" \/><\/p>\n<p><strong>Apportez la magie de No\u00ebl chez vous et cr\u00e9ez cette ambiance particuli\u00e8re qui n&#8217;arrive qu&#8217;une fois par an !<\/strong><\/p>\n<p>Ce pouf festif, rappelant un bonbon de No\u00ebl, ajoutera \u00e0 coup s\u00fbr du charme et du plaisir \u00e0 votre d\u00e9coration de vacances\u00a0!<\/p>\n<p>Fabriqu\u00e9 en velours doux aux couleurs classiques des f\u00eates de fin d&#8217;ann\u00e9e, vert, rouge et blanc, il cr\u00e9e une atmosph\u00e8re chaleureuse dans n&#8217;importe quelle pi\u00e8ce. La bordure dor\u00e9e ajoute une touche d&#8217;\u00e9l\u00e9gance, tandis que la forme ronde et le motif ludique d&#8217;inspiration vintage le rendent vraiment unique. Parfait pour que les enfants puissent s&#8217;asseoir et jouer pendant la p\u00e9riode des f\u00eates, c&#8217;est \u00e0 la fois une d\u00e9coration et un si\u00e8ge confortable. Apportez la magie de No\u00ebl dans votre maison et cr\u00e9ez cette atmosph\u00e8re sp\u00e9ciale qui n&#8217;arrive qu&#8217;une fois par an\u00a0!<\/p>\n<p>TISSUS\u00a0:<\/p>\n<p>Le pouf est rempli de mousse antiallergique. Tissu VELOURS fabriqu\u00e9.<\/p>\n<p>Le coussin de sol pastel a une fermeture \u00e9clair, ce qui le rend facile \u00e0 laver.<\/p>\n<p>Sp\u00e9cifications\u00a0:<\/p>\n<p>&#8211; Dimensions\u00a0: env. 70 \u00d7 10 cm (+\/- 2,5 cm)<\/p>\n<p>&#8211; Remplissage mousse antiallergique et boule<\/p>\n<p>&#8211; Tissu : Velours velours \u2013 CE<\/p>\n<p>M\u00e9thode d&#8217;entretien :<\/p>\n<p>&#8211; Ne pas repasser<\/p>\n<p>&#8211; Lavable en machine \u00e0 40 degr\u00e9s, essorage \u2013 800 tours<\/p>\n<p>&#8211; Ne pas nettoyer \u00e0 sec<\/p>\n<p>&#8211; Ne pas blanchir<\/p>\n<p>Con\u00e7u et cousu en Pologne par Cozy &amp; Dozy<\/p>\n","protected":false},"excerpt":{"rendered":"<p>Apportez la magie de No\u00ebl chez vous et cr\u00e9ez cette ambiance particuli\u00e8re qui n&#8217;arrive qu&#8217;une fois par an !<\/p>\n","protected":false},"featured_media":3786,"comment_status":"open","ping_status":"closed","template":"","meta":[],"product_brand":[],"product_cat":[17,73],"product_tag":[],"class_list":{"0":"post-3687","1":"product","2":"type-product","3":"status-publish","4":"has-post-thumbnail","6":"product_cat-coussins-et-poufs","7":"product_cat-noel","9":"first","10":"instock","11":"sale","12":"product-type-simple"},"yoast_head":"<!-- This site is optimized with the Yoast SEO Premium plugin v21.9 (Yoast SEO v27.0) - https:\/\/yoast.com\/product\/yoast-seo-premium-wordpress\/ -->\n<title>Coussin de sol, coussin patchwork Bonbons de No\u00ebl, Christmas Candy - Cozy &amp; Dozy<\/title>\n<meta name=\"description\" content=\"Grey decorative pouffe for a child is a large, cozy seat perfect for everyday games and rest.\" \/>\n<meta name=\"robots\" content=\"index, follow, max-snippet:-1, max-image-preview:large, max-video-preview:-1\" \/>\n<link rel=\"canonical\" href=\"https:\/\/cozyanddozy.com\/fr\/produit\/coussin-de-sol-coussin-patchwork-bonbons-de-noel-christmas-candy\/\" \/>\n<meta property=\"og:locale\" content=\"fr_FR\" \/>\n<meta property=\"og:type\" content=\"article\" \/>\n<meta property=\"og:title\" content=\"Coussin de sol, coussin patchwork Bonbons de No\u00ebl, Christmas Candy\" \/>\n<meta property=\"og:description\" content=\"Grey decorative pouffe for a child is a large, cozy seat perfect for everyday games and rest.\" \/>\n<meta property=\"og:url\" content=\"https:\/\/cozyanddozy.com\/fr\/produit\/coussin-de-sol-coussin-patchwork-bonbons-de-noel-christmas-candy\/\" \/>\n<meta property=\"og:site_name\" content=\"Cozy &amp; Dozy\" \/>\n<meta property=\"article:publisher\" content=\"https:\/\/www.facebook.com\/cozyanddozyshop\" \/>\n<meta property=\"article:modified_time\" content=\"2025-01-29T20:46:27+00:00\" \/>\n<meta property=\"og:image\" content=\"https:\/\/cozyanddozy.com\/fr\/wp-content\/uploads\/2024\/10\/christmas-pillows-collection-cozy-dozy-scaled.jpg\" \/>\n\t<meta property=\"og:image:width\" content=\"2560\" \/>\n\t<meta property=\"og:image:height\" content=\"2560\" \/>\n\t<meta property=\"og:image:type\" content=\"image\/jpeg\" \/>\n<meta name=\"twitter:card\" content=\"summary_large_image\" \/>\n<meta name=\"twitter:label1\" content=\"Prix\" \/>\n\t<meta name=\"twitter:data1\" content=\"49,00&nbsp;&euro;\" \/>\n\t<meta name=\"twitter:label2\" content=\"Disponibilit\u00e9\" \/>\n\t<meta name=\"twitter:data2\" content=\"En stock\" \/>\n<script type=\"application\/ld+json\" class=\"yoast-schema-graph\">{\"@context\":\"https:\/\/schema.org\",\"@graph\":[{\"@type\":\"WebPage\",\"@id\":\"https:\/\/cozyanddozy.com\/fr\/produit\/coussin-de-sol-coussin-patchwork-bonbons-de-noel-christmas-candy\/\",\"url\":\"https:\/\/cozyanddozy.com\/fr\/produit\/coussin-de-sol-coussin-patchwork-bonbons-de-noel-christmas-candy\/\",\"name\":\"Coussin de sol, coussin patchwork Bonbons de No\u00ebl, Christmas Candy - Cozy & Dozy\",\"isPartOf\":{\"@id\":\"https:\/\/cozyanddozy.com\/fr\/#website\"},\"primaryImageOfPage\":{\"@id\":\"https:\/\/cozyanddozy.com\/fr\/produit\/coussin-de-sol-coussin-patchwork-bonbons-de-noel-christmas-candy\/#primaryimage\"},\"image\":{\"@id\":\"https:\/\/cozyanddozy.com\/fr\/produit\/coussin-de-sol-coussin-patchwork-bonbons-de-noel-christmas-candy\/#primaryimage\"},\"thumbnailUrl\":\"https:\/\/cozyanddozy.com\/fr\/wp-content\/uploads\/2024\/10\/christmas-pillows-collection-cozy-dozy-scaled.jpg\",\"datePublished\":\"2024-10-11T11:56:10+00:00\",\"dateModified\":\"2025-01-29T20:46:27+00:00\",\"description\":\"Grey decorative pouffe for a child is a large, cozy seat perfect for everyday games and rest.\",\"breadcrumb\":{\"@id\":\"https:\/\/cozyanddozy.com\/fr\/produit\/coussin-de-sol-coussin-patchwork-bonbons-de-noel-christmas-candy\/#breadcrumb\"},\"inLanguage\":\"fr-FR\",\"potentialAction\":[{\"@type\":\"ReadAction\",\"target\":[\"https:\/\/cozyanddozy.com\/fr\/produit\/coussin-de-sol-coussin-patchwork-bonbons-de-noel-christmas-candy\/\"]}]},{\"@type\":\"ImageObject\",\"inLanguage\":\"fr-FR\",\"@id\":\"https:\/\/cozyanddozy.com\/fr\/produit\/coussin-de-sol-coussin-patchwork-bonbons-de-noel-christmas-candy\/#primaryimage\",\"url\":\"https:\/\/cozyanddozy.com\/fr\/wp-content\/uploads\/2024\/10\/christmas-pillows-collection-cozy-dozy-scaled.jpg\",\"contentUrl\":\"https:\/\/cozyanddozy.com\/fr\/wp-content\/uploads\/2024\/10\/christmas-pillows-collection-cozy-dozy-scaled.jpg\",\"width\":2560,\"height\":2560},{\"@type\":\"BreadcrumbList\",\"@id\":\"https:\/\/cozyanddozy.com\/fr\/produit\/coussin-de-sol-coussin-patchwork-bonbons-de-noel-christmas-candy\/#breadcrumb\",\"itemListElement\":[{\"@type\":\"ListItem\",\"position\":1,\"name\":\"Home\",\"item\":\"https:\/\/cozyanddozy.com\/fr\/\"},{\"@type\":\"ListItem\",\"position\":2,\"name\":\"Boutique\",\"item\":\"https:\/\/cozyanddozy.com\/fr\/boutique\/\"},{\"@type\":\"ListItem\",\"position\":3,\"name\":\"Coussin de sol, coussin patchwork Bonbons de No\u00ebl, Christmas Candy\"}]},{\"@type\":\"WebSite\",\"@id\":\"https:\/\/cozyanddozy.com\/fr\/#website\",\"url\":\"https:\/\/cozyanddozy.com\/fr\/\",\"name\":\"Cozy & Dozy\",\"description\":\"\",\"publisher\":{\"@id\":\"https:\/\/cozyanddozy.com\/fr\/#organization\"},\"alternateName\":\"Cozy and Dozy\",\"potentialAction\":[{\"@type\":\"SearchAction\",\"target\":{\"@type\":\"EntryPoint\",\"urlTemplate\":\"https:\/\/cozyanddozy.com\/fr\/?s={search_term_string}\"},\"query-input\":{\"@type\":\"PropertyValueSpecification\",\"valueRequired\":true,\"valueName\":\"search_term_string\"}}],\"inLanguage\":\"fr-FR\"},{\"@type\":\"Organization\",\"@id\":\"https:\/\/cozyanddozy.com\/fr\/#organization\",\"name\":\"Cozy & Dozy\",\"url\":\"https:\/\/cozyanddozy.com\/fr\/\",\"logo\":{\"@type\":\"ImageObject\",\"inLanguage\":\"fr-FR\",\"@id\":\"https:\/\/cozyanddozy.com\/fr\/#\/schema\/logo\/image\/\",\"url\":\"https:\/\/cozyanddozy.com\/fr\/wp-content\/uploads\/2023\/02\/cozyanddozy_logo_b.png\",\"contentUrl\":\"https:\/\/cozyanddozy.com\/fr\/wp-content\/uploads\/2023\/02\/cozyanddozy_logo_b.png\",\"width\":314,\"height\":85,\"caption\":\"Cozy & Dozy\"},\"image\":{\"@id\":\"https:\/\/cozyanddozy.com\/fr\/#\/schema\/logo\/image\/\"},\"sameAs\":[\"https:\/\/www.facebook.com\/cozyanddozyshop\",\"https:\/\/www.instagram.com\/cozyanddozy\/\"]}]}<\/script>\n<meta property=\"product:price:amount\" content=\"49.00\" \/>\n<meta property=\"product:price:currency\" content=\"EUR\" \/>\n<meta property=\"og:availability\" content=\"instock\" \/>\n<meta property=\"product:availability\" content=\"instock\" \/>\n<meta property=\"product:retailer_item_id\" content=\"5902701496081-1-1-1\" \/>\n<meta property=\"product:condition\" content=\"new\" \/>\n<!-- \/ Yoast SEO Premium plugin. -->","yoast_head_json":{"title":"Coussin de sol, coussin patchwork Bonbons de No\u00ebl, Christmas Candy - Cozy & Dozy","description":"Grey decorative pouffe for a child is a large, cozy seat perfect for everyday games and rest.","robots":{"index":"index","follow":"follow","max-snippet":"max-snippet:-1","max-image-preview":"max-image-preview:large","max-video-preview":"max-video-preview:-1"},"canonical":"https:\/\/cozyanddozy.com\/fr\/produit\/coussin-de-sol-coussin-patchwork-bonbons-de-noel-christmas-candy\/","og_locale":"fr_FR","og_type":"article","og_title":"Coussin de sol, coussin patchwork Bonbons de No\u00ebl, Christmas Candy","og_description":"Grey decorative pouffe for a child is a large, cozy seat perfect for everyday games and rest.","og_url":"https:\/\/cozyanddozy.com\/fr\/produit\/coussin-de-sol-coussin-patchwork-bonbons-de-noel-christmas-candy\/","og_site_name":"Cozy &amp; Dozy","article_publisher":"https:\/\/www.facebook.com\/cozyanddozyshop","article_modified_time":"2025-01-29T20:46:27+00:00","og_image":[{"width":2560,"height":2560,"url":"https:\/\/cozyanddozy.com\/fr\/wp-content\/uploads\/2024\/10\/christmas-pillows-collection-cozy-dozy-scaled.jpg","type":"image\/jpeg"}],"twitter_card":"summary_large_image","twitter_misc":{"Prix":"49,00&nbsp;&euro;","Disponibilit\u00e9":"En stock"},"schema":{"@context":"https:\/\/schema.org","@graph":[{"@type":"WebPage","@id":"https:\/\/cozyanddozy.com\/fr\/produit\/coussin-de-sol-coussin-patchwork-bonbons-de-noel-christmas-candy\/","url":"https:\/\/cozyanddozy.com\/fr\/produit\/coussin-de-sol-coussin-patchwork-bonbons-de-noel-christmas-candy\/","name":"Coussin de sol, coussin patchwork Bonbons de No\u00ebl, Christmas Candy - Cozy & Dozy","isPartOf":{"@id":"https:\/\/cozyanddozy.com\/fr\/#website"},"primaryImageOfPage":{"@id":"https:\/\/cozyanddozy.com\/fr\/produit\/coussin-de-sol-coussin-patchwork-bonbons-de-noel-christmas-candy\/#primaryimage"},"image":{"@id":"https:\/\/cozyanddozy.com\/fr\/produit\/coussin-de-sol-coussin-patchwork-bonbons-de-noel-christmas-candy\/#primaryimage"},"thumbnailUrl":"https:\/\/cozyanddozy.com\/fr\/wp-content\/uploads\/2024\/10\/christmas-pillows-collection-cozy-dozy-scaled.jpg","datePublished":"2024-10-11T11:56:10+00:00","dateModified":"2025-01-29T20:46:27+00:00","description":"Grey decorative pouffe for a child is a large, cozy seat perfect for everyday games and rest.","breadcrumb":{"@id":"https:\/\/cozyanddozy.com\/fr\/produit\/coussin-de-sol-coussin-patchwork-bonbons-de-noel-christmas-candy\/#breadcrumb"},"inLanguage":"fr-FR","potentialAction":[{"@type":"ReadAction","target":["https:\/\/cozyanddozy.com\/fr\/produit\/coussin-de-sol-coussin-patchwork-bonbons-de-noel-christmas-candy\/"]}]},{"@type":"ImageObject","inLanguage":"fr-FR","@id":"https:\/\/cozyanddozy.com\/fr\/produit\/coussin-de-sol-coussin-patchwork-bonbons-de-noel-christmas-candy\/#primaryimage","url":"https:\/\/cozyanddozy.com\/fr\/wp-content\/uploads\/2024\/10\/christmas-pillows-collection-cozy-dozy-scaled.jpg","contentUrl":"https:\/\/cozyanddozy.com\/fr\/wp-content\/uploads\/2024\/10\/christmas-pillows-collection-cozy-dozy-scaled.jpg","width":2560,"height":2560},{"@type":"BreadcrumbList","@id":"https:\/\/cozyanddozy.com\/fr\/produit\/coussin-de-sol-coussin-patchwork-bonbons-de-noel-christmas-candy\/#breadcrumb","itemListElement":[{"@type":"ListItem","position":1,"name":"Home","item":"https:\/\/cozyanddozy.com\/fr\/"},{"@type":"ListItem","position":2,"name":"Boutique","item":"https:\/\/cozyanddozy.com\/fr\/boutique\/"},{"@type":"ListItem","position":3,"name":"Coussin de sol, coussin patchwork Bonbons de No\u00ebl, Christmas Candy"}]},{"@type":"WebSite","@id":"https:\/\/cozyanddozy.com\/fr\/#website","url":"https:\/\/cozyanddozy.com\/fr\/","name":"Cozy & Dozy","description":"","publisher":{"@id":"https:\/\/cozyanddozy.com\/fr\/#organization"},"alternateName":"Cozy and Dozy","potentialAction":[{"@type":"SearchAction","target":{"@type":"EntryPoint","urlTemplate":"https:\/\/cozyanddozy.com\/fr\/?s={search_term_string}"},"query-input":{"@type":"PropertyValueSpecification","valueRequired":true,"valueName":"search_term_string"}}],"inLanguage":"fr-FR"},{"@type":"Organization","@id":"https:\/\/cozyanddozy.com\/fr\/#organization","name":"Cozy & Dozy","url":"https:\/\/cozyanddozy.com\/fr\/","logo":{"@type":"ImageObject","inLanguage":"fr-FR","@id":"https:\/\/cozyanddozy.com\/fr\/#\/schema\/logo\/image\/","url":"https:\/\/cozyanddozy.com\/fr\/wp-content\/uploads\/2023\/02\/cozyanddozy_logo_b.png","contentUrl":"https:\/\/cozyanddozy.com\/fr\/wp-content\/uploads\/2023\/02\/cozyanddozy_logo_b.png","width":314,"height":85,"caption":"Cozy & Dozy"},"image":{"@id":"https:\/\/cozyanddozy.com\/fr\/#\/schema\/logo\/image\/"},"sameAs":["https:\/\/www.facebook.com\/cozyanddozyshop","https:\/\/www.instagram.com\/cozyanddozy\/"]}]},"product_price_amount":"49.00","product_price_currency":"EUR","og_availability":"instock","product_availability":"instock","product_retailer_item_id":"5902701496081-1-1-1","product_condition":"new"},"_links":{"self":[{"href":"https:\/\/cozyanddozy.com\/fr\/wp-json\/wp\/v2\/product\/3687","targetHints":{"allow":["GET"]}}],"collection":[{"href":"https:\/\/cozyanddozy.com\/fr\/wp-json\/wp\/v2\/product"}],"about":[{"href":"https:\/\/cozyanddozy.com\/fr\/wp-json\/wp\/v2\/types\/product"}],"replies":[{"embeddable":true,"href":"https:\/\/cozyanddozy.com\/fr\/wp-json\/wp\/v2\/comments?post=3687"}],"wp:featuredmedia":[{"embeddable":true,"href":"https:\/\/cozyanddozy.com\/fr\/wp-json\/wp\/v2\/media\/3786"}],"wp:attachment":[{"href":"https:\/\/cozyanddozy.com\/fr\/wp-json\/wp\/v2\/media?parent=3687"}],"wp:term":[{"taxonomy":"product_brand","embeddable":true,"href":"https:\/\/cozyanddozy.com\/fr\/wp-json\/wp\/v2\/product_brand?post=3687"},{"taxonomy":"product_cat","embeddable":true,"href":"https:\/\/cozyanddozy.com\/fr\/wp-json\/wp\/v2\/product_cat?post=3687"},{"taxonomy":"product_tag","embeddable":true,"href":"https:\/\/cozyanddozy.com\/fr\/wp-json\/wp\/v2\/product_tag?post=3687"}],"curies":[{"name":"wp","href":"https:\/\/api.w.org\/{rel}","templated":true}]}}