{"id":363,"date":"2017-08-03T09:12:49","date_gmt":"2017-08-03T08:12:49","guid":{"rendered":"https:\/\/cozyanddozy.com\/fr\/product\/kids-tipi-tent-honey-bee-6-pcs-set\/"},"modified":"2025-01-29T22:30:38","modified_gmt":"2025-01-29T21:30:38","slug":"tente-tipi-pour-enfant-honey-set-avec-un-tapis-et-des-oreillers","status":"publish","type":"product","link":"https:\/\/cozyanddozy.com\/fr\/produit\/tente-tipi-pour-enfant-honey-set-avec-un-tapis-et-des-oreillers\/","title":{"rendered":"Tipi enfant Honey, set avec un tapis et des oreillers"},"content":{"rendered":"<p><img decoding=\"async\" class=\"alignright size-large wp-image-16452\" src=\"https:\/\/cozyanddozy.com\/pl\/wp-content\/uploads\/2023\/02\/pp-1315.jpg\" alt=\"tipi honey set\" width=\"600\" height=\"600\" \/><\/p>\n<p>Tipi pour les enfants \u00e0 motif g\u00e9om\u00e9trique de la s\u00e9rie Honey.\u00a0Comprend un tapis et deux oreillers.<\/p>\n<p>Un ensemble avec un tipi indien pour la chambre d\u2019enfants de la s\u00e9rie Honey par Cozy rappelle avec ses couleurs jaune et noire une abeille \u00e0 rayures. La tente repr\u00e9sente un endroit s\u00fbr et tranquille pour jouer.<\/p>\n<p>La toile de coton beige a \u00e9t\u00e9 contrast\u00e9e avec un tissu noir et finie avec des accents en couleur de miel. L\u2019entr\u00e9e \u00e9tait d\u00e9cor\u00e9e de ruban avec des pompons. Le kit comprend \u00e9galement 2 oreillers doux \u00e0 motifs g\u00e9om\u00e9triques et un tapis rembourr\u00e9 en couleur de miel. Ces couleurs contrastantes du tipi indien pour enfants sont excellentes pour la chambre d\u2019un gar\u00e7on. Le wigwam deviendra vite une cachette favorite pendant les jeux aussi bien dans la chambre d\u2019enfant que dans la cour.<\/p>\n<p><b>Cette tente faite \u00e0 la main est en coton naturel<\/b>, qui offre une excellente circulation d\u2019air et une protection s\u00fbre contre le soleil et le vent lors de jeux en plein air. Le tapis de jeu est rempli d\u2019ouate de silicone anti allergique, qui\u00a0<b>isole efficacement du froid<\/b>. Les oreillers de m\u00eame style vous donneront encore plus de joie et seront pr\u00e9cieux pendant la sieste d\u2019apr\u00e8s-midi dans la tente. Ce mod\u00e8le du\u00a0<b>tipi pour enfants<\/b>\u00a0a \u00e9galement deux poches int\u00e9rieures pour les bibelots et une\u00a0<b>fen\u00eatre avec des volets roulants<\/b>.<\/p>\n<p>Notre tipi pour enfants est soigneusement\u00a0<b>fait \u00e0 la main<\/b>. Gr\u00e2ce \u00e0 cela, chaque pi\u00e8ce est unique et vous pouvez \u00eatre certain que vous obtenez un\u00a0<b>produit haut de gamme<\/b>.<\/p>\n<h2>L\u2019ensemble de tipi pour enfants s\u00e9rie Honey par Cozy &amp; Dozy comprend:<\/h2>\n<ul>\n<li><strong>Tipi enfant<\/strong><\/li>\n<li><strong>Stabilisateur<\/strong>\u00a0(emp\u00eache le cadre de bouger)<\/li>\n<li>4 poteaux de pin naturel (cadre)<\/li>\n<li><strong>2 oreillers<\/strong><\/li>\n<li><strong>tapis<\/strong>\u00a0(qui n\u2019est pas int\u00e9gr\u00e9 \u00e0 la tente)<\/li>\n<\/ul>\n","protected":false},"excerpt":{"rendered":"<p>Tipi pour les enfants \u00e0 motif g\u00e9om\u00e9trique de la s\u00e9rie Honey. Parfait pour un gar\u00e7on. Comprend un tapis et deux oreillers.<\/p>\n","protected":false},"featured_media":364,"comment_status":"open","ping_status":"closed","template":"","meta":[],"product_brand":[],"product_cat":[16],"product_tag":[24],"class_list":{"0":"post-363","1":"product","2":"type-product","3":"status-publish","4":"has-post-thumbnail","6":"product_cat-tentes-tipi","7":"product_tag-pla","8":"pa_model-honey","10":"first","11":"instock","12":"sale","13":"product-type-simple"},"yoast_head":"<!-- This site is optimized with the Yoast SEO Premium plugin v21.9 (Yoast SEO v27.0) - https:\/\/yoast.com\/product\/yoast-seo-premium-wordpress\/ -->\n<title>Tipi enfant Honey, set avec un tapis et des oreillers - Cozy &amp; Dozy<\/title>\n<meta name=\"description\" content=\"Tipi pour les enfants \u00e0 motif g\u00e9om\u00e9trique de la s\u00e9rie Honey. Parfait pour un gar\u00e7on. Comprend un tapis et deux oreillers.\" \/>\n<meta name=\"robots\" content=\"index, follow, max-snippet:-1, max-image-preview:large, max-video-preview:-1\" \/>\n<link rel=\"canonical\" href=\"https:\/\/cozyanddozy.com\/fr\/produit\/tente-tipi-pour-enfant-honey-set-avec-un-tapis-et-des-oreillers\/\" \/>\n<meta property=\"og:locale\" content=\"fr_FR\" \/>\n<meta property=\"og:type\" content=\"article\" \/>\n<meta property=\"og:title\" content=\"Tipi enfant Honey, set avec un tapis et des oreillers\" \/>\n<meta property=\"og:description\" content=\"Tipi pour les enfants \u00e0 motif g\u00e9om\u00e9trique de la s\u00e9rie Honey. Parfait pour un gar\u00e7on. Comprend un tapis et deux oreillers.\" \/>\n<meta property=\"og:url\" content=\"https:\/\/cozyanddozy.com\/fr\/produit\/tente-tipi-pour-enfant-honey-set-avec-un-tapis-et-des-oreillers\/\" \/>\n<meta property=\"og:site_name\" content=\"Cozy &amp; Dozy\" \/>\n<meta property=\"article:publisher\" content=\"https:\/\/www.facebook.com\/cozyanddozyshop\" \/>\n<meta property=\"article:modified_time\" content=\"2025-01-29T21:30:38+00:00\" \/>\n<meta property=\"og:image\" content=\"https:\/\/cozyanddozy.com\/fr\/wp-content\/uploads\/2023\/02\/kids_tipi_tent_honey_s1_f9.jpg\" \/>\n\t<meta property=\"og:image:width\" content=\"1200\" \/>\n\t<meta property=\"og:image:height\" content=\"1200\" \/>\n\t<meta property=\"og:image:type\" content=\"image\/jpeg\" \/>\n<meta name=\"twitter:card\" content=\"summary_large_image\" \/>\n<meta name=\"twitter:label1\" content=\"Prix\" \/>\n\t<meta name=\"twitter:data1\" content=\"139,00&nbsp;&euro;\" \/>\n\t<meta name=\"twitter:label2\" content=\"Disponibilit\u00e9\" \/>\n\t<meta name=\"twitter:data2\" content=\"En stock\" \/>\n<script type=\"application\/ld+json\" class=\"yoast-schema-graph\">{\"@context\":\"https:\/\/schema.org\",\"@graph\":[{\"@type\":\"WebPage\",\"@id\":\"https:\/\/cozyanddozy.com\/fr\/produit\/tente-tipi-pour-enfant-honey-set-avec-un-tapis-et-des-oreillers\/\",\"url\":\"https:\/\/cozyanddozy.com\/fr\/produit\/tente-tipi-pour-enfant-honey-set-avec-un-tapis-et-des-oreillers\/\",\"name\":\"Tipi enfant Honey, set avec un tapis et des oreillers - Cozy & Dozy\",\"isPartOf\":{\"@id\":\"https:\/\/cozyanddozy.com\/fr\/#website\"},\"primaryImageOfPage\":{\"@id\":\"https:\/\/cozyanddozy.com\/fr\/produit\/tente-tipi-pour-enfant-honey-set-avec-un-tapis-et-des-oreillers\/#primaryimage\"},\"image\":{\"@id\":\"https:\/\/cozyanddozy.com\/fr\/produit\/tente-tipi-pour-enfant-honey-set-avec-un-tapis-et-des-oreillers\/#primaryimage\"},\"thumbnailUrl\":\"https:\/\/cozyanddozy.com\/fr\/wp-content\/uploads\/2023\/02\/kids_tipi_tent_honey_s1_f9.jpg\",\"datePublished\":\"2017-08-03T08:12:49+00:00\",\"dateModified\":\"2025-01-29T21:30:38+00:00\",\"description\":\"Tipi pour les enfants \u00e0 motif g\u00e9om\u00e9trique de la s\u00e9rie Honey. Parfait pour un gar\u00e7on. Comprend un tapis et deux oreillers.\",\"breadcrumb\":{\"@id\":\"https:\/\/cozyanddozy.com\/fr\/produit\/tente-tipi-pour-enfant-honey-set-avec-un-tapis-et-des-oreillers\/#breadcrumb\"},\"inLanguage\":\"fr-FR\",\"potentialAction\":[{\"@type\":\"ReadAction\",\"target\":[\"https:\/\/cozyanddozy.com\/fr\/produit\/tente-tipi-pour-enfant-honey-set-avec-un-tapis-et-des-oreillers\/\"]}]},{\"@type\":\"ImageObject\",\"inLanguage\":\"fr-FR\",\"@id\":\"https:\/\/cozyanddozy.com\/fr\/produit\/tente-tipi-pour-enfant-honey-set-avec-un-tapis-et-des-oreillers\/#primaryimage\",\"url\":\"https:\/\/cozyanddozy.com\/fr\/wp-content\/uploads\/2023\/02\/kids_tipi_tent_honey_s1_f9.jpg\",\"contentUrl\":\"https:\/\/cozyanddozy.com\/fr\/wp-content\/uploads\/2023\/02\/kids_tipi_tent_honey_s1_f9.jpg\",\"width\":1200,\"height\":1200,\"caption\":\"kids tipi tent honey\"},{\"@type\":\"BreadcrumbList\",\"@id\":\"https:\/\/cozyanddozy.com\/fr\/produit\/tente-tipi-pour-enfant-honey-set-avec-un-tapis-et-des-oreillers\/#breadcrumb\",\"itemListElement\":[{\"@type\":\"ListItem\",\"position\":1,\"name\":\"Home\",\"item\":\"https:\/\/cozyanddozy.com\/fr\/\"},{\"@type\":\"ListItem\",\"position\":2,\"name\":\"Boutique\",\"item\":\"https:\/\/cozyanddozy.com\/fr\/boutique\/\"},{\"@type\":\"ListItem\",\"position\":3,\"name\":\"Tipi enfant Honey, set avec un tapis et des oreillers\"}]},{\"@type\":\"WebSite\",\"@id\":\"https:\/\/cozyanddozy.com\/fr\/#website\",\"url\":\"https:\/\/cozyanddozy.com\/fr\/\",\"name\":\"Cozy & Dozy\",\"description\":\"\",\"publisher\":{\"@id\":\"https:\/\/cozyanddozy.com\/fr\/#organization\"},\"alternateName\":\"Cozy and Dozy\",\"potentialAction\":[{\"@type\":\"SearchAction\",\"target\":{\"@type\":\"EntryPoint\",\"urlTemplate\":\"https:\/\/cozyanddozy.com\/fr\/?s={search_term_string}\"},\"query-input\":{\"@type\":\"PropertyValueSpecification\",\"valueRequired\":true,\"valueName\":\"search_term_string\"}}],\"inLanguage\":\"fr-FR\"},{\"@type\":\"Organization\",\"@id\":\"https:\/\/cozyanddozy.com\/fr\/#organization\",\"name\":\"Cozy & Dozy\",\"url\":\"https:\/\/cozyanddozy.com\/fr\/\",\"logo\":{\"@type\":\"ImageObject\",\"inLanguage\":\"fr-FR\",\"@id\":\"https:\/\/cozyanddozy.com\/fr\/#\/schema\/logo\/image\/\",\"url\":\"https:\/\/cozyanddozy.com\/fr\/wp-content\/uploads\/2023\/02\/cozyanddozy_logo_b.png\",\"contentUrl\":\"https:\/\/cozyanddozy.com\/fr\/wp-content\/uploads\/2023\/02\/cozyanddozy_logo_b.png\",\"width\":314,\"height\":85,\"caption\":\"Cozy & Dozy\"},\"image\":{\"@id\":\"https:\/\/cozyanddozy.com\/fr\/#\/schema\/logo\/image\/\"},\"sameAs\":[\"https:\/\/www.facebook.com\/cozyanddozyshop\",\"https:\/\/www.instagram.com\/cozyanddozy\/\"]}]}<\/script>\n<meta property=\"product:price:amount\" content=\"139.00\" \/>\n<meta property=\"product:price:currency\" content=\"EUR\" \/>\n<meta property=\"og:availability\" content=\"instock\" \/>\n<meta property=\"product:availability\" content=\"instock\" \/>\n<meta property=\"product:retailer_item_id\" content=\"5902701495817\" \/>\n<meta property=\"product:condition\" content=\"new\" \/>\n<!-- \/ Yoast SEO Premium plugin. -->","yoast_head_json":{"title":"Tipi enfant Honey, set avec un tapis et des oreillers - Cozy & Dozy","description":"Tipi pour les enfants \u00e0 motif g\u00e9om\u00e9trique de la s\u00e9rie Honey. Parfait pour un gar\u00e7on. Comprend un tapis et deux oreillers.","robots":{"index":"index","follow":"follow","max-snippet":"max-snippet:-1","max-image-preview":"max-image-preview:large","max-video-preview":"max-video-preview:-1"},"canonical":"https:\/\/cozyanddozy.com\/fr\/produit\/tente-tipi-pour-enfant-honey-set-avec-un-tapis-et-des-oreillers\/","og_locale":"fr_FR","og_type":"article","og_title":"Tipi enfant Honey, set avec un tapis et des oreillers","og_description":"Tipi pour les enfants \u00e0 motif g\u00e9om\u00e9trique de la s\u00e9rie Honey. Parfait pour un gar\u00e7on. Comprend un tapis et deux oreillers.","og_url":"https:\/\/cozyanddozy.com\/fr\/produit\/tente-tipi-pour-enfant-honey-set-avec-un-tapis-et-des-oreillers\/","og_site_name":"Cozy &amp; Dozy","article_publisher":"https:\/\/www.facebook.com\/cozyanddozyshop","article_modified_time":"2025-01-29T21:30:38+00:00","og_image":[{"width":1200,"height":1200,"url":"https:\/\/cozyanddozy.com\/fr\/wp-content\/uploads\/2023\/02\/kids_tipi_tent_honey_s1_f9.jpg","type":"image\/jpeg"}],"twitter_card":"summary_large_image","twitter_misc":{"Prix":"139,00&nbsp;&euro;","Disponibilit\u00e9":"En stock"},"schema":{"@context":"https:\/\/schema.org","@graph":[{"@type":"WebPage","@id":"https:\/\/cozyanddozy.com\/fr\/produit\/tente-tipi-pour-enfant-honey-set-avec-un-tapis-et-des-oreillers\/","url":"https:\/\/cozyanddozy.com\/fr\/produit\/tente-tipi-pour-enfant-honey-set-avec-un-tapis-et-des-oreillers\/","name":"Tipi enfant Honey, set avec un tapis et des oreillers - Cozy & Dozy","isPartOf":{"@id":"https:\/\/cozyanddozy.com\/fr\/#website"},"primaryImageOfPage":{"@id":"https:\/\/cozyanddozy.com\/fr\/produit\/tente-tipi-pour-enfant-honey-set-avec-un-tapis-et-des-oreillers\/#primaryimage"},"image":{"@id":"https:\/\/cozyanddozy.com\/fr\/produit\/tente-tipi-pour-enfant-honey-set-avec-un-tapis-et-des-oreillers\/#primaryimage"},"thumbnailUrl":"https:\/\/cozyanddozy.com\/fr\/wp-content\/uploads\/2023\/02\/kids_tipi_tent_honey_s1_f9.jpg","datePublished":"2017-08-03T08:12:49+00:00","dateModified":"2025-01-29T21:30:38+00:00","description":"Tipi pour les enfants \u00e0 motif g\u00e9om\u00e9trique de la s\u00e9rie Honey. Parfait pour un gar\u00e7on. Comprend un tapis et deux oreillers.","breadcrumb":{"@id":"https:\/\/cozyanddozy.com\/fr\/produit\/tente-tipi-pour-enfant-honey-set-avec-un-tapis-et-des-oreillers\/#breadcrumb"},"inLanguage":"fr-FR","potentialAction":[{"@type":"ReadAction","target":["https:\/\/cozyanddozy.com\/fr\/produit\/tente-tipi-pour-enfant-honey-set-avec-un-tapis-et-des-oreillers\/"]}]},{"@type":"ImageObject","inLanguage":"fr-FR","@id":"https:\/\/cozyanddozy.com\/fr\/produit\/tente-tipi-pour-enfant-honey-set-avec-un-tapis-et-des-oreillers\/#primaryimage","url":"https:\/\/cozyanddozy.com\/fr\/wp-content\/uploads\/2023\/02\/kids_tipi_tent_honey_s1_f9.jpg","contentUrl":"https:\/\/cozyanddozy.com\/fr\/wp-content\/uploads\/2023\/02\/kids_tipi_tent_honey_s1_f9.jpg","width":1200,"height":1200,"caption":"kids tipi tent honey"},{"@type":"BreadcrumbList","@id":"https:\/\/cozyanddozy.com\/fr\/produit\/tente-tipi-pour-enfant-honey-set-avec-un-tapis-et-des-oreillers\/#breadcrumb","itemListElement":[{"@type":"ListItem","position":1,"name":"Home","item":"https:\/\/cozyanddozy.com\/fr\/"},{"@type":"ListItem","position":2,"name":"Boutique","item":"https:\/\/cozyanddozy.com\/fr\/boutique\/"},{"@type":"ListItem","position":3,"name":"Tipi enfant Honey, set avec un tapis et des oreillers"}]},{"@type":"WebSite","@id":"https:\/\/cozyanddozy.com\/fr\/#website","url":"https:\/\/cozyanddozy.com\/fr\/","name":"Cozy & Dozy","description":"","publisher":{"@id":"https:\/\/cozyanddozy.com\/fr\/#organization"},"alternateName":"Cozy and Dozy","potentialAction":[{"@type":"SearchAction","target":{"@type":"EntryPoint","urlTemplate":"https:\/\/cozyanddozy.com\/fr\/?s={search_term_string}"},"query-input":{"@type":"PropertyValueSpecification","valueRequired":true,"valueName":"search_term_string"}}],"inLanguage":"fr-FR"},{"@type":"Organization","@id":"https:\/\/cozyanddozy.com\/fr\/#organization","name":"Cozy & Dozy","url":"https:\/\/cozyanddozy.com\/fr\/","logo":{"@type":"ImageObject","inLanguage":"fr-FR","@id":"https:\/\/cozyanddozy.com\/fr\/#\/schema\/logo\/image\/","url":"https:\/\/cozyanddozy.com\/fr\/wp-content\/uploads\/2023\/02\/cozyanddozy_logo_b.png","contentUrl":"https:\/\/cozyanddozy.com\/fr\/wp-content\/uploads\/2023\/02\/cozyanddozy_logo_b.png","width":314,"height":85,"caption":"Cozy & Dozy"},"image":{"@id":"https:\/\/cozyanddozy.com\/fr\/#\/schema\/logo\/image\/"},"sameAs":["https:\/\/www.facebook.com\/cozyanddozyshop","https:\/\/www.instagram.com\/cozyanddozy\/"]}]},"product_price_amount":"139.00","product_price_currency":"EUR","og_availability":"instock","product_availability":"instock","product_retailer_item_id":"5902701495817","product_condition":"new"},"_links":{"self":[{"href":"https:\/\/cozyanddozy.com\/fr\/wp-json\/wp\/v2\/product\/363","targetHints":{"allow":["GET"]}}],"collection":[{"href":"https:\/\/cozyanddozy.com\/fr\/wp-json\/wp\/v2\/product"}],"about":[{"href":"https:\/\/cozyanddozy.com\/fr\/wp-json\/wp\/v2\/types\/product"}],"replies":[{"embeddable":true,"href":"https:\/\/cozyanddozy.com\/fr\/wp-json\/wp\/v2\/comments?post=363"}],"wp:featuredmedia":[{"embeddable":true,"href":"https:\/\/cozyanddozy.com\/fr\/wp-json\/wp\/v2\/media\/364"}],"wp:attachment":[{"href":"https:\/\/cozyanddozy.com\/fr\/wp-json\/wp\/v2\/media?parent=363"}],"wp:term":[{"taxonomy":"product_brand","embeddable":true,"href":"https:\/\/cozyanddozy.com\/fr\/wp-json\/wp\/v2\/product_brand?post=363"},{"taxonomy":"product_cat","embeddable":true,"href":"https:\/\/cozyanddozy.com\/fr\/wp-json\/wp\/v2\/product_cat?post=363"},{"taxonomy":"product_tag","embeddable":true,"href":"https:\/\/cozyanddozy.com\/fr\/wp-json\/wp\/v2\/product_tag?post=363"}],"curies":[{"name":"wp","href":"https:\/\/api.w.org\/{rel}","templated":true}]}}