{"id":3563,"date":"2024-07-02T21:48:08","date_gmt":"2024-07-02T20:48:08","guid":{"rendered":"https:\/\/cozyanddozy.com\/?post_type=product&#038;p=3001"},"modified":"2025-01-29T21:47:36","modified_gmt":"2025-01-29T20:47:36","slug":"coussin-hippocampe-bleu-blue-seahorse","status":"publish","type":"product","link":"https:\/\/cozyanddozy.com\/fr\/produit\/coussin-hippocampe-bleu-blue-seahorse\/","title":{"rendered":"Coussin hippocampe bleu &#8211; blue Seahorse"},"content":{"rendered":"<h3><strong>Mettez en valeur la d\u00e9coration de la chambre de votre enfant et offrez-leur un ami extraordinaire &#8211; le coussin hippocampe!<\/strong><\/h3>\n<p><strong>Le coussin pour enfants en forme d&#8217;hippocampe<\/strong> n&#8217;est pas seulement un a<strong>ccessoire confortable pour la chambre,<\/strong> mais surtout un compagnon parfait pour le jeu.<\/p>\n<p><strong>Ce grand coussin de 70&#215;60 cm est fabriqu\u00e9 en velours doux et en tissu d\u00e9coratif avec une structure brillante, ajoutant du charme.<\/strong><\/p>\n<p>Ce n&#8217;est pas seulement un \u00e9l\u00e9ment d\u00e9coratif, mais aussi un compagnon id\u00e9al pour les c\u00e2lins pendant le jeu quotidien. Con\u00e7u en pensant \u00e0 la s\u00e9curit\u00e9 de l&#8217;enfant, le coussin est fabriqu\u00e9 \u00e0 partir de tissus europ\u00e9ens. Le rembourrage doux et tactile offre confort et commodit\u00e9 pendant le jeu et le repos. Sa taille en fait un coussin parfait pour les c\u00e2lins, et le motif adorable d&#8217;hippocampe encourage le jeu cr\u00e9atif quotidien. Le coussin hippocampe ne sera pas seulement un excellent ajout \u00e0 la chambre d&#8217;un enfant, mais aussi un compagnon dans les aventures quotidiennes. Il est facile \u00e0 entretenir car il peut \u00eatre lav\u00e9 en machine sans probl\u00e8me. Le meilleur, il est con\u00e7u et fabriqu\u00e9 en Pologne par la marque Cozy&amp;Dozy, garantissant la plus haute qualit\u00e9 et des mat\u00e9riaux s\u00fbrs. Il apporte non seulement une atmosph\u00e8re confortable, mais aussi de la joie et de la couleur au jeu quotidien d&#8217;un enfant.<\/p>\n<p>Description du coussin:<\/p>\n<ul>\n<li>couleur bleue<\/li>\n<li>dimensions: 70&#215;60 cm<\/li>\n<li>rembourrage hypoallerg\u00e9nique<\/li>\n<li>fabriqu\u00e9 en velours 100% PES, tissu certifi\u00e9 produit<\/li>\n<li>certifi\u00e9 CE con\u00e7u et cousu par Cozy&amp;Dozy en Pologne.<\/li>\n<\/ul>\n<p>Nos produits sont certifi\u00e9s CE, vous pouvez donc les donner \u00e0 votre enfant sans souci.<\/p>\n<p>M\u00e9thode de soin:<\/p>\n<ul>\n<li>Laver \u00e0 40\u00b0 &#8211; programme d\u00e9licat<\/li>\n<li>Ne pas repasser ni nettoyer \u00e0 sec<\/li>\n<li>Ne pas chlorer<\/li>\n<\/ul>\n<p>La s\u00e9curit\u00e9 des enfants est notre priorit\u00e9 absolue, c&#8217;est pourquoi la guirlande et le coussin sont fabriqu\u00e9s \u00e0 100% en velours de la plus haute qualit\u00e9.<\/p>\n<p>Nos produits sont certifi\u00e9s CE, vous pouvez donc les donner \u00e0 votre enfant sans souci.<\/p>\n","protected":false},"excerpt":{"rendered":"<p>Un grand coussin d\u00e9coratif doux en forme d&#8217;hippocampe.<\/p>\n","protected":false},"featured_media":3549,"comment_status":"open","ping_status":"closed","template":"","meta":[],"product_brand":[],"product_cat":[17],"product_tag":[],"class_list":{"0":"post-3563","1":"product","2":"type-product","3":"status-publish","4":"has-post-thumbnail","6":"product_cat-coussins-et-poufs","8":"first","9":"instock","10":"sale","11":"shipping-taxable","12":"product-type-simple"},"yoast_head":"<!-- This site is optimized with the Yoast SEO Premium plugin v21.9 (Yoast SEO v27.0) - https:\/\/yoast.com\/product\/yoast-seo-premium-wordpress\/ -->\n<title>Coussin hippocampe bleu - blue Seahorse - Cozy &amp; Dozy<\/title>\n<meta name=\"description\" content=\"Un grand coussin d\u00e9coratif doux en forme d&#039;hippocampe.\" \/>\n<meta name=\"robots\" content=\"index, follow, max-snippet:-1, max-image-preview:large, max-video-preview:-1\" \/>\n<link rel=\"canonical\" href=\"https:\/\/cozyanddozy.com\/fr\/produit\/coussin-hippocampe-bleu-blue-seahorse\/\" \/>\n<meta property=\"og:locale\" content=\"fr_FR\" \/>\n<meta property=\"og:type\" content=\"article\" \/>\n<meta property=\"og:title\" content=\"Coussin hippocampe bleu - blue Seahorse\" \/>\n<meta property=\"og:description\" content=\"Un grand coussin d\u00e9coratif doux en forme d&#039;hippocampe.\" \/>\n<meta property=\"og:url\" content=\"https:\/\/cozyanddozy.com\/fr\/produit\/coussin-hippocampe-bleu-blue-seahorse\/\" \/>\n<meta property=\"og:site_name\" content=\"Cozy &amp; Dozy\" \/>\n<meta property=\"article:publisher\" content=\"https:\/\/www.facebook.com\/cozyanddozyshop\" \/>\n<meta property=\"article:modified_time\" content=\"2025-01-29T20:47:36+00:00\" \/>\n<meta property=\"og:image\" content=\"https:\/\/cozyanddozy.com\/fr\/wp-content\/uploads\/2024\/07\/pillow-cozy-dozy-seahorse.jpeg\" \/>\n\t<meta property=\"og:image:width\" content=\"1200\" \/>\n\t<meta property=\"og:image:height\" content=\"1206\" \/>\n\t<meta property=\"og:image:type\" content=\"image\/jpeg\" \/>\n<meta name=\"twitter:card\" content=\"summary_large_image\" \/>\n<meta name=\"twitter:label1\" content=\"Prix\" \/>\n\t<meta name=\"twitter:data1\" content=\"29,00&nbsp;&euro;\" \/>\n\t<meta name=\"twitter:label2\" content=\"Disponibilit\u00e9\" \/>\n\t<meta name=\"twitter:data2\" content=\"En stock\" \/>\n<script type=\"application\/ld+json\" class=\"yoast-schema-graph\">{\"@context\":\"https:\/\/schema.org\",\"@graph\":[{\"@type\":\"WebPage\",\"@id\":\"https:\/\/cozyanddozy.com\/fr\/produit\/coussin-hippocampe-bleu-blue-seahorse\/\",\"url\":\"https:\/\/cozyanddozy.com\/fr\/produit\/coussin-hippocampe-bleu-blue-seahorse\/\",\"name\":\"Coussin hippocampe bleu - blue Seahorse - Cozy & Dozy\",\"isPartOf\":{\"@id\":\"https:\/\/cozyanddozy.com\/fr\/#website\"},\"primaryImageOfPage\":{\"@id\":\"https:\/\/cozyanddozy.com\/fr\/produit\/coussin-hippocampe-bleu-blue-seahorse\/#primaryimage\"},\"image\":{\"@id\":\"https:\/\/cozyanddozy.com\/fr\/produit\/coussin-hippocampe-bleu-blue-seahorse\/#primaryimage\"},\"thumbnailUrl\":\"https:\/\/cozyanddozy.com\/fr\/wp-content\/uploads\/2024\/07\/pillow-cozy-dozy-seahorse.jpeg\",\"datePublished\":\"2024-07-02T20:48:08+00:00\",\"dateModified\":\"2025-01-29T20:47:36+00:00\",\"description\":\"Un grand coussin d\u00e9coratif doux en forme d'hippocampe.\",\"breadcrumb\":{\"@id\":\"https:\/\/cozyanddozy.com\/fr\/produit\/coussin-hippocampe-bleu-blue-seahorse\/#breadcrumb\"},\"inLanguage\":\"fr-FR\",\"potentialAction\":[{\"@type\":\"ReadAction\",\"target\":[\"https:\/\/cozyanddozy.com\/fr\/produit\/coussin-hippocampe-bleu-blue-seahorse\/\"]}]},{\"@type\":\"ImageObject\",\"inLanguage\":\"fr-FR\",\"@id\":\"https:\/\/cozyanddozy.com\/fr\/produit\/coussin-hippocampe-bleu-blue-seahorse\/#primaryimage\",\"url\":\"https:\/\/cozyanddozy.com\/fr\/wp-content\/uploads\/2024\/07\/pillow-cozy-dozy-seahorse.jpeg\",\"contentUrl\":\"https:\/\/cozyanddozy.com\/fr\/wp-content\/uploads\/2024\/07\/pillow-cozy-dozy-seahorse.jpeg\",\"width\":1200,\"height\":1206},{\"@type\":\"BreadcrumbList\",\"@id\":\"https:\/\/cozyanddozy.com\/fr\/produit\/coussin-hippocampe-bleu-blue-seahorse\/#breadcrumb\",\"itemListElement\":[{\"@type\":\"ListItem\",\"position\":1,\"name\":\"Home\",\"item\":\"https:\/\/cozyanddozy.com\/fr\/\"},{\"@type\":\"ListItem\",\"position\":2,\"name\":\"Boutique\",\"item\":\"https:\/\/cozyanddozy.com\/fr\/boutique\/\"},{\"@type\":\"ListItem\",\"position\":3,\"name\":\"Coussin hippocampe bleu &#8211; blue Seahorse\"}]},{\"@type\":\"WebSite\",\"@id\":\"https:\/\/cozyanddozy.com\/fr\/#website\",\"url\":\"https:\/\/cozyanddozy.com\/fr\/\",\"name\":\"Cozy & Dozy\",\"description\":\"\",\"publisher\":{\"@id\":\"https:\/\/cozyanddozy.com\/fr\/#organization\"},\"alternateName\":\"Cozy and Dozy\",\"potentialAction\":[{\"@type\":\"SearchAction\",\"target\":{\"@type\":\"EntryPoint\",\"urlTemplate\":\"https:\/\/cozyanddozy.com\/fr\/?s={search_term_string}\"},\"query-input\":{\"@type\":\"PropertyValueSpecification\",\"valueRequired\":true,\"valueName\":\"search_term_string\"}}],\"inLanguage\":\"fr-FR\"},{\"@type\":\"Organization\",\"@id\":\"https:\/\/cozyanddozy.com\/fr\/#organization\",\"name\":\"Cozy & Dozy\",\"url\":\"https:\/\/cozyanddozy.com\/fr\/\",\"logo\":{\"@type\":\"ImageObject\",\"inLanguage\":\"fr-FR\",\"@id\":\"https:\/\/cozyanddozy.com\/fr\/#\/schema\/logo\/image\/\",\"url\":\"https:\/\/cozyanddozy.com\/fr\/wp-content\/uploads\/2023\/02\/cozyanddozy_logo_b.png\",\"contentUrl\":\"https:\/\/cozyanddozy.com\/fr\/wp-content\/uploads\/2023\/02\/cozyanddozy_logo_b.png\",\"width\":314,\"height\":85,\"caption\":\"Cozy & Dozy\"},\"image\":{\"@id\":\"https:\/\/cozyanddozy.com\/fr\/#\/schema\/logo\/image\/\"},\"sameAs\":[\"https:\/\/www.facebook.com\/cozyanddozyshop\",\"https:\/\/www.instagram.com\/cozyanddozy\/\"]}]}<\/script>\n<meta property=\"product:price:amount\" content=\"29.00\" \/>\n<meta property=\"product:price:currency\" content=\"EUR\" \/>\n<meta property=\"og:availability\" content=\"instock\" \/>\n<meta property=\"product:availability\" content=\"instock\" \/>\n<meta property=\"product:retailer_item_id\" content=\"5902701497835\" \/>\n<meta property=\"product:condition\" content=\"new\" \/>\n<!-- \/ Yoast SEO Premium plugin. -->","yoast_head_json":{"title":"Coussin hippocampe bleu - blue Seahorse - Cozy & Dozy","description":"Un grand coussin d\u00e9coratif doux en forme d'hippocampe.","robots":{"index":"index","follow":"follow","max-snippet":"max-snippet:-1","max-image-preview":"max-image-preview:large","max-video-preview":"max-video-preview:-1"},"canonical":"https:\/\/cozyanddozy.com\/fr\/produit\/coussin-hippocampe-bleu-blue-seahorse\/","og_locale":"fr_FR","og_type":"article","og_title":"Coussin hippocampe bleu - blue Seahorse","og_description":"Un grand coussin d\u00e9coratif doux en forme d'hippocampe.","og_url":"https:\/\/cozyanddozy.com\/fr\/produit\/coussin-hippocampe-bleu-blue-seahorse\/","og_site_name":"Cozy &amp; Dozy","article_publisher":"https:\/\/www.facebook.com\/cozyanddozyshop","article_modified_time":"2025-01-29T20:47:36+00:00","og_image":[{"width":1200,"height":1206,"url":"https:\/\/cozyanddozy.com\/fr\/wp-content\/uploads\/2024\/07\/pillow-cozy-dozy-seahorse.jpeg","type":"image\/jpeg"}],"twitter_card":"summary_large_image","twitter_misc":{"Prix":"29,00&nbsp;&euro;","Disponibilit\u00e9":"En stock"},"schema":{"@context":"https:\/\/schema.org","@graph":[{"@type":"WebPage","@id":"https:\/\/cozyanddozy.com\/fr\/produit\/coussin-hippocampe-bleu-blue-seahorse\/","url":"https:\/\/cozyanddozy.com\/fr\/produit\/coussin-hippocampe-bleu-blue-seahorse\/","name":"Coussin hippocampe bleu - blue Seahorse - Cozy & Dozy","isPartOf":{"@id":"https:\/\/cozyanddozy.com\/fr\/#website"},"primaryImageOfPage":{"@id":"https:\/\/cozyanddozy.com\/fr\/produit\/coussin-hippocampe-bleu-blue-seahorse\/#primaryimage"},"image":{"@id":"https:\/\/cozyanddozy.com\/fr\/produit\/coussin-hippocampe-bleu-blue-seahorse\/#primaryimage"},"thumbnailUrl":"https:\/\/cozyanddozy.com\/fr\/wp-content\/uploads\/2024\/07\/pillow-cozy-dozy-seahorse.jpeg","datePublished":"2024-07-02T20:48:08+00:00","dateModified":"2025-01-29T20:47:36+00:00","description":"Un grand coussin d\u00e9coratif doux en forme d'hippocampe.","breadcrumb":{"@id":"https:\/\/cozyanddozy.com\/fr\/produit\/coussin-hippocampe-bleu-blue-seahorse\/#breadcrumb"},"inLanguage":"fr-FR","potentialAction":[{"@type":"ReadAction","target":["https:\/\/cozyanddozy.com\/fr\/produit\/coussin-hippocampe-bleu-blue-seahorse\/"]}]},{"@type":"ImageObject","inLanguage":"fr-FR","@id":"https:\/\/cozyanddozy.com\/fr\/produit\/coussin-hippocampe-bleu-blue-seahorse\/#primaryimage","url":"https:\/\/cozyanddozy.com\/fr\/wp-content\/uploads\/2024\/07\/pillow-cozy-dozy-seahorse.jpeg","contentUrl":"https:\/\/cozyanddozy.com\/fr\/wp-content\/uploads\/2024\/07\/pillow-cozy-dozy-seahorse.jpeg","width":1200,"height":1206},{"@type":"BreadcrumbList","@id":"https:\/\/cozyanddozy.com\/fr\/produit\/coussin-hippocampe-bleu-blue-seahorse\/#breadcrumb","itemListElement":[{"@type":"ListItem","position":1,"name":"Home","item":"https:\/\/cozyanddozy.com\/fr\/"},{"@type":"ListItem","position":2,"name":"Boutique","item":"https:\/\/cozyanddozy.com\/fr\/boutique\/"},{"@type":"ListItem","position":3,"name":"Coussin hippocampe bleu &#8211; blue Seahorse"}]},{"@type":"WebSite","@id":"https:\/\/cozyanddozy.com\/fr\/#website","url":"https:\/\/cozyanddozy.com\/fr\/","name":"Cozy & Dozy","description":"","publisher":{"@id":"https:\/\/cozyanddozy.com\/fr\/#organization"},"alternateName":"Cozy and Dozy","potentialAction":[{"@type":"SearchAction","target":{"@type":"EntryPoint","urlTemplate":"https:\/\/cozyanddozy.com\/fr\/?s={search_term_string}"},"query-input":{"@type":"PropertyValueSpecification","valueRequired":true,"valueName":"search_term_string"}}],"inLanguage":"fr-FR"},{"@type":"Organization","@id":"https:\/\/cozyanddozy.com\/fr\/#organization","name":"Cozy & Dozy","url":"https:\/\/cozyanddozy.com\/fr\/","logo":{"@type":"ImageObject","inLanguage":"fr-FR","@id":"https:\/\/cozyanddozy.com\/fr\/#\/schema\/logo\/image\/","url":"https:\/\/cozyanddozy.com\/fr\/wp-content\/uploads\/2023\/02\/cozyanddozy_logo_b.png","contentUrl":"https:\/\/cozyanddozy.com\/fr\/wp-content\/uploads\/2023\/02\/cozyanddozy_logo_b.png","width":314,"height":85,"caption":"Cozy & Dozy"},"image":{"@id":"https:\/\/cozyanddozy.com\/fr\/#\/schema\/logo\/image\/"},"sameAs":["https:\/\/www.facebook.com\/cozyanddozyshop","https:\/\/www.instagram.com\/cozyanddozy\/"]}]},"product_price_amount":"29.00","product_price_currency":"EUR","og_availability":"instock","product_availability":"instock","product_retailer_item_id":"5902701497835","product_condition":"new"},"_links":{"self":[{"href":"https:\/\/cozyanddozy.com\/fr\/wp-json\/wp\/v2\/product\/3563","targetHints":{"allow":["GET"]}}],"collection":[{"href":"https:\/\/cozyanddozy.com\/fr\/wp-json\/wp\/v2\/product"}],"about":[{"href":"https:\/\/cozyanddozy.com\/fr\/wp-json\/wp\/v2\/types\/product"}],"replies":[{"embeddable":true,"href":"https:\/\/cozyanddozy.com\/fr\/wp-json\/wp\/v2\/comments?post=3563"}],"wp:featuredmedia":[{"embeddable":true,"href":"https:\/\/cozyanddozy.com\/fr\/wp-json\/wp\/v2\/media\/3549"}],"wp:attachment":[{"href":"https:\/\/cozyanddozy.com\/fr\/wp-json\/wp\/v2\/media?parent=3563"}],"wp:term":[{"taxonomy":"product_brand","embeddable":true,"href":"https:\/\/cozyanddozy.com\/fr\/wp-json\/wp\/v2\/product_brand?post=3563"},{"taxonomy":"product_cat","embeddable":true,"href":"https:\/\/cozyanddozy.com\/fr\/wp-json\/wp\/v2\/product_cat?post=3563"},{"taxonomy":"product_tag","embeddable":true,"href":"https:\/\/cozyanddozy.com\/fr\/wp-json\/wp\/v2\/product_tag?post=3563"}],"curies":[{"name":"wp","href":"https:\/\/api.w.org\/{rel}","templated":true}]}}