{"id":353,"date":"2017-07-31T17:11:19","date_gmt":"2017-07-31T16:11:19","guid":{"rendered":"https:\/\/cozyanddozy.com\/fr\/product\/tipi-kids-tent-teepee-indian\/"},"modified":"2025-01-29T22:31:01","modified_gmt":"2025-01-29T21:31:01","slug":"tente-tipi-indien-pour-garcon-de-la-serie-indian","status":"publish","type":"product","link":"https:\/\/cozyanddozy.com\/fr\/produit\/tente-tipi-indien-pour-garcon-de-la-serie-indian\/","title":{"rendered":"Tente tipi indien pour gar\u00e7on de la s\u00e9rie Indian"},"content":{"rendered":"<h3>Tente tipi indien pour gar\u00e7on de la s\u00e9rie\u00a0Indian<\/h3>\n<p><span style=\"font-weight: 400;\">Tipi pour enfants \u00e0 motifs azt\u00e8ques de la s\u00e9rie Indian. Parfait tente pour un <\/span><span style=\"font-weight: 400;\">gar\u00e7on. <\/span><b>Le<\/b> <b>tipi indien folklorique pour enfants de la s\u00e9rie Indian par Cozy &amp; Dozy<\/b><span style=\"font-weight: 400;\">\u00a0est un coin de jeu extraordinaire pour les petits amateurs d&#8217;aventure. <\/span><\/p>\n<p><span style=\"font-weight: 400;\">La toile de coton en couleur de sable a \u00e9t\u00e9 finie avec <\/span><b>un tissu color\u00e9 \u00e0 motifs <\/b><span style=\"font-weight: 400;\">azt\u00e8ques. Les accents noirs rajoutent du caract\u00e8re gr\u00e2ce aux rubans et petits pompons d\u00e9corant l&#8217;entr\u00e9e. Ce <\/span><b>tipi<\/b><span style=\"font-weight: 400;\"> ethnique original <\/span><b>pour enfants<\/b><span style=\"font-weight: 400;\"> plaira particuli\u00e8rement aux gar\u00e7ons. <\/span><\/p>\n<p><span style=\"font-weight: 400;\">La \u00a0tente textile fabriqu\u00e9e de vraie coton, offre une perm\u00e9abilit\u00e9 \u00e0 l&#8217;air id\u00e9ale, est anti-allerg\u00e9nique et lavable dans la machine \u00e0 laver. Le tipi pour enfants peut \u00eatre utilis\u00e9 \u00e0 la fois, <\/span><b>dans la maison et dans la cour<\/b><span style=\"font-weight: 400;\">, o\u00f9 il deviendra rapidement une cachette favorite du vent et du soleil. Une <\/span><b>fen\u00eatre d\u00e9corative<\/b><span style=\"font-weight: 400;\"> offre encore plus d&#8217;amusement, et des <\/span><b>poches int\u00e9rieures<\/b><span style=\"font-weight: 400;\"> pour les petits tr\u00e9sors aideront \u00e0 garder l&#8217;ordre dans le tipi. <\/span><\/p>\n<p><span style=\"font-weight: 400;\">Pour la meilleure performance, nos tentes sont <\/span><b>fabriqu\u00e9es<\/b> <b>\u00e0 la main<\/b><span style=\"font-weight: 400;\">, avec attention aux moindres d\u00e9tails. Gr\u00e2ce \u00e0 cela, chaque tipi est raffin\u00e9 et solidement cousu, et vous b\u00e9n\u00e9ficiez de <\/span><b>la plus haute qualit\u00e9 du produit<\/b><span style=\"font-weight: 400;\">.<\/span> <span style=\"font-weight: 400;\"><br \/>\n<\/span><\/p>\n<h3><span style=\"font-weight: 400;\">L&#8217;\u00e9quipement de la tente pour gar\u00e7on Indian par Cozy &amp; dozy comprend:<\/span><span style=\"font-weight: 400;\"><br \/>\n<\/span><\/h3>\n<ul>\n<li><span style=\"font-weight: 400;\">tente tipi<\/span><\/li>\n<li><span style=\"font-weight: 400;\">4 poteaux de pin (cadre)<\/span><\/li>\n<li><span style=\"font-weight: 400;\">stabilizer<\/span><\/li>\n<\/ul>\n<h3><span style=\"font-weight: 400;\">Dimensions:<\/span><\/h3>\n<ul>\n<li><span style=\"font-weight: 400;\">Hauteur (avec poteaux pli\u00e9s) 150 cm<\/span><\/li>\n<li><span style=\"font-weight: 400;\">Hauteur (avec poteaux): 170 cm<\/span><\/li>\n<li><span style=\"font-weight: 400;\">Surface du sol: env. 110 \u00d7 110 cm<\/span><\/li>\n<\/ul>\n<p><span style=\"font-weight: 400;\">La tente peut accueillir jusqu&#8217;\u00e0 3 enfants. Le Teepee peut \u00eatre facilement pli\u00e9 et stock\u00e9 dans un sac en coton avec une poign\u00e9e qui fait partie de l&#8217;ensemble.<\/span><span style=\"font-weight: 400;\"><br \/>\n<\/span><\/p>\n<h3><span style=\"font-weight: 400;\">Composition:<\/span><\/h3>\n<ul>\n<li><span style=\"font-weight: 400;\">100% Coton et marque CE<\/span><\/li>\n<\/ul>\n<p><span style=\"font-weight: 400;\">Toutes les tentes tipi sont fabriqu\u00e9s uniquement avec des tissus d&#8217;<\/span><b>origine europ\u00e9enne<\/b><span style=\"font-weight: 400;\">, donc elles sont <\/span><b>compl\u00e8tement s\u00fbrs pour les enfants<\/b><span style=\"font-weight: 400;\"> et ont les approbations, les certificats et les attestations appropri\u00e9s. La tente a \u00e9t\u00e9 fabriqu\u00e9e en Pologne.<\/span><span style=\"font-weight: 400;\"><br \/>\n<\/span><\/p>\n<h3><span style=\"font-weight: 400;\">M\u00e9thode de soins:<\/span><span style=\"font-weight: 400;\"><br \/>\n<\/span><\/h3>\n<ul>\n<li><span style=\"font-weight: 400;\">Lavage en machine \u00e0 40 \u00b0 C, essorage &#8211; 800 tr \/ min<\/span><\/li>\n<li><span style=\"font-weight: 400;\">Ne pas javelliser<\/span><\/li>\n<li><span style=\"font-weight: 400;\">Ne pas nettoyer \u00e0 sec<\/span><\/li>\n<\/ul>\n<p><span style=\"font-weight: 400;\">D\u00e9lai de livraison: 1-2 jours ouvrables + exp\u00e9dition.<\/span><span style=\"font-weight: 400;\"><br \/>\n<\/span><span style=\"font-weight: 400;\">Nous serons heureux de vous faire une tente sur mesure et de r\u00e9aliser votre id\u00e9e. Contactez-nous pour en savoir plus.<\/span><\/p>\n","protected":false},"excerpt":{"rendered":"<p>Tipi indien pour enfants \u00e0 motifs azt\u00e8ques de la s\u00e9rie Indian. Parfait pour un <b>\u00a0<\/b>gar\u00e7on.<\/p>\n","protected":false},"featured_media":354,"comment_status":"open","ping_status":"closed","template":"","meta":[],"product_brand":[],"product_cat":[16],"product_tag":[],"class_list":{"0":"post-353","1":"product","2":"type-product","3":"status-publish","4":"has-post-thumbnail","6":"product_cat-tentes-tipi","8":"first","9":"instock","10":"sale","11":"product-type-simple"},"yoast_head":"<!-- This site is optimized with the Yoast SEO Premium plugin v21.9 (Yoast SEO v27.0) - https:\/\/yoast.com\/product\/yoast-seo-premium-wordpress\/ -->\n<title>Tente tipi indien pour gar\u00e7on de la s\u00e9rie Indian - Cozy &amp; Dozy<\/title>\n<meta name=\"description\" content=\"Tipi indien pour enfants \u00e0 motifs azt\u00e8ques de la s\u00e9rie Indian. Parfait pour un \u00a0gar\u00e7on.\" \/>\n<meta name=\"robots\" content=\"index, follow, max-snippet:-1, max-image-preview:large, max-video-preview:-1\" \/>\n<link rel=\"canonical\" href=\"https:\/\/cozyanddozy.com\/fr\/produit\/tente-tipi-indien-pour-garcon-de-la-serie-indian\/\" \/>\n<meta property=\"og:locale\" content=\"fr_FR\" \/>\n<meta property=\"og:type\" content=\"article\" \/>\n<meta property=\"og:title\" content=\"Tente tipi indien pour gar\u00e7on de la s\u00e9rie Indian\" \/>\n<meta property=\"og:description\" content=\"Tipi indien pour enfants \u00e0 motifs azt\u00e8ques de la s\u00e9rie Indian. Parfait pour un \u00a0gar\u00e7on.\" \/>\n<meta property=\"og:url\" content=\"https:\/\/cozyanddozy.com\/fr\/produit\/tente-tipi-indien-pour-garcon-de-la-serie-indian\/\" \/>\n<meta property=\"og:site_name\" content=\"Cozy &amp; Dozy\" \/>\n<meta property=\"article:publisher\" content=\"https:\/\/www.facebook.com\/cozyanddozyshop\" \/>\n<meta property=\"article:modified_time\" content=\"2025-01-29T21:31:01+00:00\" \/>\n<meta property=\"og:image\" content=\"https:\/\/cozyanddozy.com\/fr\/wp-content\/uploads\/2023\/02\/pp-1499.jpg\" \/>\n\t<meta property=\"og:image:width\" content=\"1200\" \/>\n\t<meta property=\"og:image:height\" content=\"1200\" \/>\n\t<meta property=\"og:image:type\" content=\"image\/jpeg\" \/>\n<meta name=\"twitter:card\" content=\"summary_large_image\" \/>\n<meta name=\"twitter:label1\" content=\"Prix\" \/>\n\t<meta name=\"twitter:data1\" content=\"79,00&nbsp;&euro;\" \/>\n\t<meta name=\"twitter:label2\" content=\"Disponibilit\u00e9\" \/>\n\t<meta name=\"twitter:data2\" content=\"En stock\" \/>\n<script type=\"application\/ld+json\" class=\"yoast-schema-graph\">{\"@context\":\"https:\/\/schema.org\",\"@graph\":[{\"@type\":\"WebPage\",\"@id\":\"https:\/\/cozyanddozy.com\/fr\/produit\/tente-tipi-indien-pour-garcon-de-la-serie-indian\/\",\"url\":\"https:\/\/cozyanddozy.com\/fr\/produit\/tente-tipi-indien-pour-garcon-de-la-serie-indian\/\",\"name\":\"Tente tipi indien pour gar\u00e7on de la s\u00e9rie Indian - Cozy & Dozy\",\"isPartOf\":{\"@id\":\"https:\/\/cozyanddozy.com\/fr\/#website\"},\"primaryImageOfPage\":{\"@id\":\"https:\/\/cozyanddozy.com\/fr\/produit\/tente-tipi-indien-pour-garcon-de-la-serie-indian\/#primaryimage\"},\"image\":{\"@id\":\"https:\/\/cozyanddozy.com\/fr\/produit\/tente-tipi-indien-pour-garcon-de-la-serie-indian\/#primaryimage\"},\"thumbnailUrl\":\"https:\/\/cozyanddozy.com\/fr\/wp-content\/uploads\/2023\/02\/pp-1499.jpg\",\"datePublished\":\"2017-07-31T16:11:19+00:00\",\"dateModified\":\"2025-01-29T21:31:01+00:00\",\"description\":\"Tipi indien pour enfants \u00e0 motifs azt\u00e8ques de la s\u00e9rie Indian. Parfait pour un \u00a0gar\u00e7on.\",\"breadcrumb\":{\"@id\":\"https:\/\/cozyanddozy.com\/fr\/produit\/tente-tipi-indien-pour-garcon-de-la-serie-indian\/#breadcrumb\"},\"inLanguage\":\"fr-FR\",\"potentialAction\":[{\"@type\":\"ReadAction\",\"target\":[\"https:\/\/cozyanddozy.com\/fr\/produit\/tente-tipi-indien-pour-garcon-de-la-serie-indian\/\"]}]},{\"@type\":\"ImageObject\",\"inLanguage\":\"fr-FR\",\"@id\":\"https:\/\/cozyanddozy.com\/fr\/produit\/tente-tipi-indien-pour-garcon-de-la-serie-indian\/#primaryimage\",\"url\":\"https:\/\/cozyanddozy.com\/fr\/wp-content\/uploads\/2023\/02\/pp-1499.jpg\",\"contentUrl\":\"https:\/\/cozyanddozy.com\/fr\/wp-content\/uploads\/2023\/02\/pp-1499.jpg\",\"width\":1200,\"height\":1200},{\"@type\":\"BreadcrumbList\",\"@id\":\"https:\/\/cozyanddozy.com\/fr\/produit\/tente-tipi-indien-pour-garcon-de-la-serie-indian\/#breadcrumb\",\"itemListElement\":[{\"@type\":\"ListItem\",\"position\":1,\"name\":\"Home\",\"item\":\"https:\/\/cozyanddozy.com\/fr\/\"},{\"@type\":\"ListItem\",\"position\":2,\"name\":\"Boutique\",\"item\":\"https:\/\/cozyanddozy.com\/fr\/boutique\/\"},{\"@type\":\"ListItem\",\"position\":3,\"name\":\"Tente tipi indien pour gar\u00e7on de la s\u00e9rie Indian\"}]},{\"@type\":\"WebSite\",\"@id\":\"https:\/\/cozyanddozy.com\/fr\/#website\",\"url\":\"https:\/\/cozyanddozy.com\/fr\/\",\"name\":\"Cozy & Dozy\",\"description\":\"\",\"publisher\":{\"@id\":\"https:\/\/cozyanddozy.com\/fr\/#organization\"},\"alternateName\":\"Cozy and Dozy\",\"potentialAction\":[{\"@type\":\"SearchAction\",\"target\":{\"@type\":\"EntryPoint\",\"urlTemplate\":\"https:\/\/cozyanddozy.com\/fr\/?s={search_term_string}\"},\"query-input\":{\"@type\":\"PropertyValueSpecification\",\"valueRequired\":true,\"valueName\":\"search_term_string\"}}],\"inLanguage\":\"fr-FR\"},{\"@type\":\"Organization\",\"@id\":\"https:\/\/cozyanddozy.com\/fr\/#organization\",\"name\":\"Cozy & Dozy\",\"url\":\"https:\/\/cozyanddozy.com\/fr\/\",\"logo\":{\"@type\":\"ImageObject\",\"inLanguage\":\"fr-FR\",\"@id\":\"https:\/\/cozyanddozy.com\/fr\/#\/schema\/logo\/image\/\",\"url\":\"https:\/\/cozyanddozy.com\/fr\/wp-content\/uploads\/2023\/02\/cozyanddozy_logo_b.png\",\"contentUrl\":\"https:\/\/cozyanddozy.com\/fr\/wp-content\/uploads\/2023\/02\/cozyanddozy_logo_b.png\",\"width\":314,\"height\":85,\"caption\":\"Cozy & Dozy\"},\"image\":{\"@id\":\"https:\/\/cozyanddozy.com\/fr\/#\/schema\/logo\/image\/\"},\"sameAs\":[\"https:\/\/www.facebook.com\/cozyanddozyshop\",\"https:\/\/www.instagram.com\/cozyanddozy\/\"]}]}<\/script>\n<meta property=\"product:price:amount\" content=\"79.00\" \/>\n<meta property=\"product:price:currency\" content=\"EUR\" \/>\n<meta property=\"og:availability\" content=\"instock\" \/>\n<meta property=\"product:availability\" content=\"instock\" \/>\n<meta property=\"product:retailer_item_id\" content=\"5902701495183\" \/>\n<meta property=\"product:condition\" content=\"new\" \/>\n<!-- \/ Yoast SEO Premium plugin. -->","yoast_head_json":{"title":"Tente tipi indien pour gar\u00e7on de la s\u00e9rie Indian - Cozy & Dozy","description":"Tipi indien pour enfants \u00e0 motifs azt\u00e8ques de la s\u00e9rie Indian. Parfait pour un \u00a0gar\u00e7on.","robots":{"index":"index","follow":"follow","max-snippet":"max-snippet:-1","max-image-preview":"max-image-preview:large","max-video-preview":"max-video-preview:-1"},"canonical":"https:\/\/cozyanddozy.com\/fr\/produit\/tente-tipi-indien-pour-garcon-de-la-serie-indian\/","og_locale":"fr_FR","og_type":"article","og_title":"Tente tipi indien pour gar\u00e7on de la s\u00e9rie Indian","og_description":"Tipi indien pour enfants \u00e0 motifs azt\u00e8ques de la s\u00e9rie Indian. Parfait pour un \u00a0gar\u00e7on.","og_url":"https:\/\/cozyanddozy.com\/fr\/produit\/tente-tipi-indien-pour-garcon-de-la-serie-indian\/","og_site_name":"Cozy &amp; Dozy","article_publisher":"https:\/\/www.facebook.com\/cozyanddozyshop","article_modified_time":"2025-01-29T21:31:01+00:00","og_image":[{"width":1200,"height":1200,"url":"https:\/\/cozyanddozy.com\/fr\/wp-content\/uploads\/2023\/02\/pp-1499.jpg","type":"image\/jpeg"}],"twitter_card":"summary_large_image","twitter_misc":{"Prix":"79,00&nbsp;&euro;","Disponibilit\u00e9":"En stock"},"schema":{"@context":"https:\/\/schema.org","@graph":[{"@type":"WebPage","@id":"https:\/\/cozyanddozy.com\/fr\/produit\/tente-tipi-indien-pour-garcon-de-la-serie-indian\/","url":"https:\/\/cozyanddozy.com\/fr\/produit\/tente-tipi-indien-pour-garcon-de-la-serie-indian\/","name":"Tente tipi indien pour gar\u00e7on de la s\u00e9rie Indian - Cozy & Dozy","isPartOf":{"@id":"https:\/\/cozyanddozy.com\/fr\/#website"},"primaryImageOfPage":{"@id":"https:\/\/cozyanddozy.com\/fr\/produit\/tente-tipi-indien-pour-garcon-de-la-serie-indian\/#primaryimage"},"image":{"@id":"https:\/\/cozyanddozy.com\/fr\/produit\/tente-tipi-indien-pour-garcon-de-la-serie-indian\/#primaryimage"},"thumbnailUrl":"https:\/\/cozyanddozy.com\/fr\/wp-content\/uploads\/2023\/02\/pp-1499.jpg","datePublished":"2017-07-31T16:11:19+00:00","dateModified":"2025-01-29T21:31:01+00:00","description":"Tipi indien pour enfants \u00e0 motifs azt\u00e8ques de la s\u00e9rie Indian. Parfait pour un \u00a0gar\u00e7on.","breadcrumb":{"@id":"https:\/\/cozyanddozy.com\/fr\/produit\/tente-tipi-indien-pour-garcon-de-la-serie-indian\/#breadcrumb"},"inLanguage":"fr-FR","potentialAction":[{"@type":"ReadAction","target":["https:\/\/cozyanddozy.com\/fr\/produit\/tente-tipi-indien-pour-garcon-de-la-serie-indian\/"]}]},{"@type":"ImageObject","inLanguage":"fr-FR","@id":"https:\/\/cozyanddozy.com\/fr\/produit\/tente-tipi-indien-pour-garcon-de-la-serie-indian\/#primaryimage","url":"https:\/\/cozyanddozy.com\/fr\/wp-content\/uploads\/2023\/02\/pp-1499.jpg","contentUrl":"https:\/\/cozyanddozy.com\/fr\/wp-content\/uploads\/2023\/02\/pp-1499.jpg","width":1200,"height":1200},{"@type":"BreadcrumbList","@id":"https:\/\/cozyanddozy.com\/fr\/produit\/tente-tipi-indien-pour-garcon-de-la-serie-indian\/#breadcrumb","itemListElement":[{"@type":"ListItem","position":1,"name":"Home","item":"https:\/\/cozyanddozy.com\/fr\/"},{"@type":"ListItem","position":2,"name":"Boutique","item":"https:\/\/cozyanddozy.com\/fr\/boutique\/"},{"@type":"ListItem","position":3,"name":"Tente tipi indien pour gar\u00e7on de la s\u00e9rie Indian"}]},{"@type":"WebSite","@id":"https:\/\/cozyanddozy.com\/fr\/#website","url":"https:\/\/cozyanddozy.com\/fr\/","name":"Cozy & Dozy","description":"","publisher":{"@id":"https:\/\/cozyanddozy.com\/fr\/#organization"},"alternateName":"Cozy and Dozy","potentialAction":[{"@type":"SearchAction","target":{"@type":"EntryPoint","urlTemplate":"https:\/\/cozyanddozy.com\/fr\/?s={search_term_string}"},"query-input":{"@type":"PropertyValueSpecification","valueRequired":true,"valueName":"search_term_string"}}],"inLanguage":"fr-FR"},{"@type":"Organization","@id":"https:\/\/cozyanddozy.com\/fr\/#organization","name":"Cozy & Dozy","url":"https:\/\/cozyanddozy.com\/fr\/","logo":{"@type":"ImageObject","inLanguage":"fr-FR","@id":"https:\/\/cozyanddozy.com\/fr\/#\/schema\/logo\/image\/","url":"https:\/\/cozyanddozy.com\/fr\/wp-content\/uploads\/2023\/02\/cozyanddozy_logo_b.png","contentUrl":"https:\/\/cozyanddozy.com\/fr\/wp-content\/uploads\/2023\/02\/cozyanddozy_logo_b.png","width":314,"height":85,"caption":"Cozy & Dozy"},"image":{"@id":"https:\/\/cozyanddozy.com\/fr\/#\/schema\/logo\/image\/"},"sameAs":["https:\/\/www.facebook.com\/cozyanddozyshop","https:\/\/www.instagram.com\/cozyanddozy\/"]}]},"product_price_amount":"79.00","product_price_currency":"EUR","og_availability":"instock","product_availability":"instock","product_retailer_item_id":"5902701495183","product_condition":"new"},"_links":{"self":[{"href":"https:\/\/cozyanddozy.com\/fr\/wp-json\/wp\/v2\/product\/353","targetHints":{"allow":["GET"]}}],"collection":[{"href":"https:\/\/cozyanddozy.com\/fr\/wp-json\/wp\/v2\/product"}],"about":[{"href":"https:\/\/cozyanddozy.com\/fr\/wp-json\/wp\/v2\/types\/product"}],"replies":[{"embeddable":true,"href":"https:\/\/cozyanddozy.com\/fr\/wp-json\/wp\/v2\/comments?post=353"}],"wp:featuredmedia":[{"embeddable":true,"href":"https:\/\/cozyanddozy.com\/fr\/wp-json\/wp\/v2\/media\/354"}],"wp:attachment":[{"href":"https:\/\/cozyanddozy.com\/fr\/wp-json\/wp\/v2\/media?parent=353"}],"wp:term":[{"taxonomy":"product_brand","embeddable":true,"href":"https:\/\/cozyanddozy.com\/fr\/wp-json\/wp\/v2\/product_brand?post=353"},{"taxonomy":"product_cat","embeddable":true,"href":"https:\/\/cozyanddozy.com\/fr\/wp-json\/wp\/v2\/product_cat?post=353"},{"taxonomy":"product_tag","embeddable":true,"href":"https:\/\/cozyanddozy.com\/fr\/wp-json\/wp\/v2\/product_tag?post=353"}],"curies":[{"name":"wp","href":"https:\/\/api.w.org\/{rel}","templated":true}]}}