{"id":3509,"date":"2024-05-29T13:09:53","date_gmt":"2024-05-29T12:09:53","guid":{"rendered":"https:\/\/cozyanddozy.com\/?post_type=product&#038;p=2986"},"modified":"2025-01-29T21:48:16","modified_gmt":"2025-01-29T20:48:16","slug":"oreiller-patte-coussin-chocolat","status":"publish","type":"product","link":"https:\/\/cozyanddozy.com\/fr\/produit\/oreiller-patte-coussin-chocolat\/","title":{"rendered":"Oreiller patte &#8211; coussin chocolat"},"content":{"rendered":"<h3><img decoding=\"async\" class=\"alignnone wp-image-3507 alignright\" src=\"https:\/\/cozyanddozy.com\/fr\/wp-content\/uploads\/2024\/05\/chocolate-teddy-bear-pillow-400x400.jpeg\" alt=\"\" width=\"458\" height=\"458\" srcset=\"https:\/\/cozyanddozy.com\/fr\/wp-content\/uploads\/2024\/05\/chocolate-teddy-bear-pillow-400x400.jpeg 400w, https:\/\/cozyanddozy.com\/fr\/wp-content\/uploads\/2024\/05\/chocolate-teddy-bear-pillow-1200x1200.jpeg 1200w, https:\/\/cozyanddozy.com\/fr\/wp-content\/uploads\/2024\/05\/chocolate-teddy-bear-pillow-150x150.jpeg 150w, https:\/\/cozyanddozy.com\/fr\/wp-content\/uploads\/2024\/05\/chocolate-teddy-bear-pillow-768x768.jpeg 768w, https:\/\/cozyanddozy.com\/fr\/wp-content\/uploads\/2024\/05\/chocolate-teddy-bear-pillow-1536x1536.jpeg 1536w, https:\/\/cozyanddozy.com\/fr\/wp-content\/uploads\/2024\/05\/chocolate-teddy-bear-pillow-470x470.jpeg 470w, https:\/\/cozyanddozy.com\/fr\/wp-content\/uploads\/2024\/05\/chocolate-teddy-bear-pillow-800x800.jpeg 800w, https:\/\/cozyanddozy.com\/fr\/wp-content\/uploads\/2024\/05\/chocolate-teddy-bear-pillow-100x100.jpeg 100w, https:\/\/cozyanddozy.com\/fr\/wp-content\/uploads\/2024\/05\/chocolate-teddy-bear-pillow.jpeg 1545w\" sizes=\"(max-width: 458px) 100vw, 458px\" \/><\/h3>\n<h3><strong>Un oreiller de la collection Teddy, un grand coussin c\u00e2lin pour enfant r\u00e9alis\u00e9 par Cozy&amp;Dozy<\/strong><\/h3>\n<h3><strong>Un oreiller douillet en forme de patte d&#8217;ours, en velours chocolat doux.<\/strong><\/h3>\n<div>Un grand oreiller, parfait pour se blottir, dormir, jouer et comme compagnon de voyage.<\/div>\n<div><\/div>\n<div>Qui n&#8217;aime pas les oreillers moelleux, surtout lorsqu&#8217;ils sont faits de beau velours color\u00e9.<\/div>\n<div><\/div>\n<div>La collection d&#8217;oreillers Sweet Teddy comprend 2 couleurs : marron fonc\u00e9 et marron.<\/div>\n<div><\/div>\n<div>Vous pouvez choisir une guirlande, un tapis de jeu, un tipi ou une courtepointe assortis.<\/div>\n<div><\/div>\n<div>Dimensions:<\/div>\n<div><\/div>\n<ul>\n<li>50x60cm<\/li>\n<\/ul>\n<div>Tissu:<\/div>\n<ul>\n<li>100% velours (100% PES)<\/li>\n<li>remplissage isolant en silicone antiallergique<\/li>\n<\/ul>\n<div><\/div>\n<div>M\u00e9thode d&#8217;entretien :<\/div>\n<ul>\n<li>Lavage \u00e0 40\u00b0 &#8211; programme d\u00e9licat<\/li>\n<li>Ne pas nettoyer \u00e0 sec<\/li>\n<li>Ne pas chlorer<\/li>\n<\/ul>\n<div><\/div>\n<div>La s\u00e9curit\u00e9 des enfants est la chose la plus importante pour nous, c&#8217;est pourquoi la guirlande et l&#8217;oreiller sont compos\u00e9s \u00e0 100 % de velours de la plus haute qualit\u00e9.<\/div>\n<div>Nos produits sont certifi\u00e9s CE, vous pouvez donc les offrir \u00e0 votre enfant sans aucun souci.<\/div>\n<div><\/div>\n<div><strong>Tous nos produits ont \u00e9t\u00e9 con\u00e7us et fabriqu\u00e9s par Cozy&amp;Dozy<\/strong><\/div>\n","protected":false},"excerpt":{"rendered":"<p>Un grand oreiller PAW marron en velours doux. Une peluche pour enfant de la collection Teddy.<\/p>\n","protected":false},"featured_media":3508,"comment_status":"open","ping_status":"closed","template":"","meta":[],"product_brand":[],"product_cat":[17],"product_tag":[],"class_list":{"0":"post-3509","1":"product","2":"type-product","3":"status-publish","4":"has-post-thumbnail","6":"product_cat-coussins-et-poufs","8":"first","9":"instock","10":"sale","11":"shipping-taxable","12":"product-type-simple"},"yoast_head":"<!-- This site is optimized with the Yoast SEO Premium plugin v21.9 (Yoast SEO v27.0) - https:\/\/yoast.com\/product\/yoast-seo-premium-wordpress\/ -->\n<title>Oreiller patte - coussin chocolat - Cozy &amp; Dozy<\/title>\n<meta name=\"description\" content=\"A large , brown PAW pillow made of soft velvet. A cuddly toy for a child from the Teddy collection.Un grand oreiller PAW marron en velours doux. Une peluche pour enfant de la collection Teddy.\" \/>\n<meta name=\"robots\" content=\"index, follow, max-snippet:-1, max-image-preview:large, max-video-preview:-1\" \/>\n<link rel=\"canonical\" href=\"https:\/\/cozyanddozy.com\/fr\/produit\/oreiller-patte-coussin-chocolat\/\" \/>\n<meta property=\"og:locale\" content=\"fr_FR\" \/>\n<meta property=\"og:type\" content=\"article\" \/>\n<meta property=\"og:title\" content=\"Oreiller patte - coussin chocolat\" \/>\n<meta property=\"og:description\" content=\"A large , brown PAW pillow made of soft velvet. A cuddly toy for a child from the Teddy collection.Un grand oreiller PAW marron en velours doux. Une peluche pour enfant de la collection Teddy.\" \/>\n<meta property=\"og:url\" content=\"https:\/\/cozyanddozy.com\/fr\/produit\/oreiller-patte-coussin-chocolat\/\" \/>\n<meta property=\"og:site_name\" content=\"Cozy &amp; Dozy\" \/>\n<meta property=\"article:publisher\" content=\"https:\/\/www.facebook.com\/cozyanddozyshop\" \/>\n<meta property=\"article:modified_time\" content=\"2025-01-29T20:48:16+00:00\" \/>\n<meta property=\"og:image\" content=\"https:\/\/cozyanddozy.com\/fr\/wp-content\/uploads\/2024\/05\/chocolate-teddy-bear-pillow-1.jpeg\" \/>\n\t<meta property=\"og:image:width\" content=\"857\" \/>\n\t<meta property=\"og:image:height\" content=\"857\" \/>\n\t<meta property=\"og:image:type\" content=\"image\/jpeg\" \/>\n<meta name=\"twitter:card\" content=\"summary_large_image\" \/>\n<meta name=\"twitter:label1\" content=\"Prix\" \/>\n\t<meta name=\"twitter:data1\" content=\"29,00&nbsp;&euro;\" \/>\n\t<meta name=\"twitter:label2\" content=\"Disponibilit\u00e9\" \/>\n\t<meta name=\"twitter:data2\" content=\"En stock\" \/>\n<script type=\"application\/ld+json\" class=\"yoast-schema-graph\">{\"@context\":\"https:\/\/schema.org\",\"@graph\":[{\"@type\":\"WebPage\",\"@id\":\"https:\/\/cozyanddozy.com\/fr\/produit\/oreiller-patte-coussin-chocolat\/\",\"url\":\"https:\/\/cozyanddozy.com\/fr\/produit\/oreiller-patte-coussin-chocolat\/\",\"name\":\"Oreiller patte - coussin chocolat - Cozy & Dozy\",\"isPartOf\":{\"@id\":\"https:\/\/cozyanddozy.com\/fr\/#website\"},\"primaryImageOfPage\":{\"@id\":\"https:\/\/cozyanddozy.com\/fr\/produit\/oreiller-patte-coussin-chocolat\/#primaryimage\"},\"image\":{\"@id\":\"https:\/\/cozyanddozy.com\/fr\/produit\/oreiller-patte-coussin-chocolat\/#primaryimage\"},\"thumbnailUrl\":\"https:\/\/cozyanddozy.com\/fr\/wp-content\/uploads\/2024\/05\/chocolate-teddy-bear-pillow-1.jpeg\",\"datePublished\":\"2024-05-29T12:09:53+00:00\",\"dateModified\":\"2025-01-29T20:48:16+00:00\",\"description\":\"A large , brown PAW pillow made of soft velvet. A cuddly toy for a child from the Teddy collection.Un grand oreiller PAW marron en velours doux. Une peluche pour enfant de la collection Teddy.\",\"breadcrumb\":{\"@id\":\"https:\/\/cozyanddozy.com\/fr\/produit\/oreiller-patte-coussin-chocolat\/#breadcrumb\"},\"inLanguage\":\"fr-FR\",\"potentialAction\":[{\"@type\":\"ReadAction\",\"target\":[\"https:\/\/cozyanddozy.com\/fr\/produit\/oreiller-patte-coussin-chocolat\/\"]}]},{\"@type\":\"ImageObject\",\"inLanguage\":\"fr-FR\",\"@id\":\"https:\/\/cozyanddozy.com\/fr\/produit\/oreiller-patte-coussin-chocolat\/#primaryimage\",\"url\":\"https:\/\/cozyanddozy.com\/fr\/wp-content\/uploads\/2024\/05\/chocolate-teddy-bear-pillow-1.jpeg\",\"contentUrl\":\"https:\/\/cozyanddozy.com\/fr\/wp-content\/uploads\/2024\/05\/chocolate-teddy-bear-pillow-1.jpeg\",\"width\":857,\"height\":857},{\"@type\":\"BreadcrumbList\",\"@id\":\"https:\/\/cozyanddozy.com\/fr\/produit\/oreiller-patte-coussin-chocolat\/#breadcrumb\",\"itemListElement\":[{\"@type\":\"ListItem\",\"position\":1,\"name\":\"Home\",\"item\":\"https:\/\/cozyanddozy.com\/fr\/\"},{\"@type\":\"ListItem\",\"position\":2,\"name\":\"Boutique\",\"item\":\"https:\/\/cozyanddozy.com\/fr\/boutique\/\"},{\"@type\":\"ListItem\",\"position\":3,\"name\":\"Oreiller patte &#8211; coussin chocolat\"}]},{\"@type\":\"WebSite\",\"@id\":\"https:\/\/cozyanddozy.com\/fr\/#website\",\"url\":\"https:\/\/cozyanddozy.com\/fr\/\",\"name\":\"Cozy & Dozy\",\"description\":\"\",\"publisher\":{\"@id\":\"https:\/\/cozyanddozy.com\/fr\/#organization\"},\"alternateName\":\"Cozy and Dozy\",\"potentialAction\":[{\"@type\":\"SearchAction\",\"target\":{\"@type\":\"EntryPoint\",\"urlTemplate\":\"https:\/\/cozyanddozy.com\/fr\/?s={search_term_string}\"},\"query-input\":{\"@type\":\"PropertyValueSpecification\",\"valueRequired\":true,\"valueName\":\"search_term_string\"}}],\"inLanguage\":\"fr-FR\"},{\"@type\":\"Organization\",\"@id\":\"https:\/\/cozyanddozy.com\/fr\/#organization\",\"name\":\"Cozy & Dozy\",\"url\":\"https:\/\/cozyanddozy.com\/fr\/\",\"logo\":{\"@type\":\"ImageObject\",\"inLanguage\":\"fr-FR\",\"@id\":\"https:\/\/cozyanddozy.com\/fr\/#\/schema\/logo\/image\/\",\"url\":\"https:\/\/cozyanddozy.com\/fr\/wp-content\/uploads\/2023\/02\/cozyanddozy_logo_b.png\",\"contentUrl\":\"https:\/\/cozyanddozy.com\/fr\/wp-content\/uploads\/2023\/02\/cozyanddozy_logo_b.png\",\"width\":314,\"height\":85,\"caption\":\"Cozy & Dozy\"},\"image\":{\"@id\":\"https:\/\/cozyanddozy.com\/fr\/#\/schema\/logo\/image\/\"},\"sameAs\":[\"https:\/\/www.facebook.com\/cozyanddozyshop\",\"https:\/\/www.instagram.com\/cozyanddozy\/\"]}]}<\/script>\n<meta property=\"product:price:amount\" content=\"29.00\" \/>\n<meta property=\"product:price:currency\" content=\"EUR\" \/>\n<meta property=\"og:availability\" content=\"instock\" \/>\n<meta property=\"product:availability\" content=\"instock\" \/>\n<meta property=\"product:retailer_item_id\" content=\"5902701497804\" \/>\n<meta property=\"product:condition\" content=\"new\" \/>\n<!-- \/ Yoast SEO Premium plugin. -->","yoast_head_json":{"title":"Oreiller patte - coussin chocolat - Cozy & Dozy","description":"A large , brown PAW pillow made of soft velvet. A cuddly toy for a child from the Teddy collection.Un grand oreiller PAW marron en velours doux. Une peluche pour enfant de la collection Teddy.","robots":{"index":"index","follow":"follow","max-snippet":"max-snippet:-1","max-image-preview":"max-image-preview:large","max-video-preview":"max-video-preview:-1"},"canonical":"https:\/\/cozyanddozy.com\/fr\/produit\/oreiller-patte-coussin-chocolat\/","og_locale":"fr_FR","og_type":"article","og_title":"Oreiller patte - coussin chocolat","og_description":"A large , brown PAW pillow made of soft velvet. A cuddly toy for a child from the Teddy collection.Un grand oreiller PAW marron en velours doux. Une peluche pour enfant de la collection Teddy.","og_url":"https:\/\/cozyanddozy.com\/fr\/produit\/oreiller-patte-coussin-chocolat\/","og_site_name":"Cozy &amp; Dozy","article_publisher":"https:\/\/www.facebook.com\/cozyanddozyshop","article_modified_time":"2025-01-29T20:48:16+00:00","og_image":[{"width":857,"height":857,"url":"https:\/\/cozyanddozy.com\/fr\/wp-content\/uploads\/2024\/05\/chocolate-teddy-bear-pillow-1.jpeg","type":"image\/jpeg"}],"twitter_card":"summary_large_image","twitter_misc":{"Prix":"29,00&nbsp;&euro;","Disponibilit\u00e9":"En stock"},"schema":{"@context":"https:\/\/schema.org","@graph":[{"@type":"WebPage","@id":"https:\/\/cozyanddozy.com\/fr\/produit\/oreiller-patte-coussin-chocolat\/","url":"https:\/\/cozyanddozy.com\/fr\/produit\/oreiller-patte-coussin-chocolat\/","name":"Oreiller patte - coussin chocolat - Cozy & Dozy","isPartOf":{"@id":"https:\/\/cozyanddozy.com\/fr\/#website"},"primaryImageOfPage":{"@id":"https:\/\/cozyanddozy.com\/fr\/produit\/oreiller-patte-coussin-chocolat\/#primaryimage"},"image":{"@id":"https:\/\/cozyanddozy.com\/fr\/produit\/oreiller-patte-coussin-chocolat\/#primaryimage"},"thumbnailUrl":"https:\/\/cozyanddozy.com\/fr\/wp-content\/uploads\/2024\/05\/chocolate-teddy-bear-pillow-1.jpeg","datePublished":"2024-05-29T12:09:53+00:00","dateModified":"2025-01-29T20:48:16+00:00","description":"A large , brown PAW pillow made of soft velvet. A cuddly toy for a child from the Teddy collection.Un grand oreiller PAW marron en velours doux. Une peluche pour enfant de la collection Teddy.","breadcrumb":{"@id":"https:\/\/cozyanddozy.com\/fr\/produit\/oreiller-patte-coussin-chocolat\/#breadcrumb"},"inLanguage":"fr-FR","potentialAction":[{"@type":"ReadAction","target":["https:\/\/cozyanddozy.com\/fr\/produit\/oreiller-patte-coussin-chocolat\/"]}]},{"@type":"ImageObject","inLanguage":"fr-FR","@id":"https:\/\/cozyanddozy.com\/fr\/produit\/oreiller-patte-coussin-chocolat\/#primaryimage","url":"https:\/\/cozyanddozy.com\/fr\/wp-content\/uploads\/2024\/05\/chocolate-teddy-bear-pillow-1.jpeg","contentUrl":"https:\/\/cozyanddozy.com\/fr\/wp-content\/uploads\/2024\/05\/chocolate-teddy-bear-pillow-1.jpeg","width":857,"height":857},{"@type":"BreadcrumbList","@id":"https:\/\/cozyanddozy.com\/fr\/produit\/oreiller-patte-coussin-chocolat\/#breadcrumb","itemListElement":[{"@type":"ListItem","position":1,"name":"Home","item":"https:\/\/cozyanddozy.com\/fr\/"},{"@type":"ListItem","position":2,"name":"Boutique","item":"https:\/\/cozyanddozy.com\/fr\/boutique\/"},{"@type":"ListItem","position":3,"name":"Oreiller patte &#8211; coussin chocolat"}]},{"@type":"WebSite","@id":"https:\/\/cozyanddozy.com\/fr\/#website","url":"https:\/\/cozyanddozy.com\/fr\/","name":"Cozy & Dozy","description":"","publisher":{"@id":"https:\/\/cozyanddozy.com\/fr\/#organization"},"alternateName":"Cozy and Dozy","potentialAction":[{"@type":"SearchAction","target":{"@type":"EntryPoint","urlTemplate":"https:\/\/cozyanddozy.com\/fr\/?s={search_term_string}"},"query-input":{"@type":"PropertyValueSpecification","valueRequired":true,"valueName":"search_term_string"}}],"inLanguage":"fr-FR"},{"@type":"Organization","@id":"https:\/\/cozyanddozy.com\/fr\/#organization","name":"Cozy & Dozy","url":"https:\/\/cozyanddozy.com\/fr\/","logo":{"@type":"ImageObject","inLanguage":"fr-FR","@id":"https:\/\/cozyanddozy.com\/fr\/#\/schema\/logo\/image\/","url":"https:\/\/cozyanddozy.com\/fr\/wp-content\/uploads\/2023\/02\/cozyanddozy_logo_b.png","contentUrl":"https:\/\/cozyanddozy.com\/fr\/wp-content\/uploads\/2023\/02\/cozyanddozy_logo_b.png","width":314,"height":85,"caption":"Cozy & Dozy"},"image":{"@id":"https:\/\/cozyanddozy.com\/fr\/#\/schema\/logo\/image\/"},"sameAs":["https:\/\/www.facebook.com\/cozyanddozyshop","https:\/\/www.instagram.com\/cozyanddozy\/"]}]},"product_price_amount":"29.00","product_price_currency":"EUR","og_availability":"instock","product_availability":"instock","product_retailer_item_id":"5902701497804","product_condition":"new"},"_links":{"self":[{"href":"https:\/\/cozyanddozy.com\/fr\/wp-json\/wp\/v2\/product\/3509","targetHints":{"allow":["GET"]}}],"collection":[{"href":"https:\/\/cozyanddozy.com\/fr\/wp-json\/wp\/v2\/product"}],"about":[{"href":"https:\/\/cozyanddozy.com\/fr\/wp-json\/wp\/v2\/types\/product"}],"replies":[{"embeddable":true,"href":"https:\/\/cozyanddozy.com\/fr\/wp-json\/wp\/v2\/comments?post=3509"}],"wp:featuredmedia":[{"embeddable":true,"href":"https:\/\/cozyanddozy.com\/fr\/wp-json\/wp\/v2\/media\/3508"}],"wp:attachment":[{"href":"https:\/\/cozyanddozy.com\/fr\/wp-json\/wp\/v2\/media?parent=3509"}],"wp:term":[{"taxonomy":"product_brand","embeddable":true,"href":"https:\/\/cozyanddozy.com\/fr\/wp-json\/wp\/v2\/product_brand?post=3509"},{"taxonomy":"product_cat","embeddable":true,"href":"https:\/\/cozyanddozy.com\/fr\/wp-json\/wp\/v2\/product_cat?post=3509"},{"taxonomy":"product_tag","embeddable":true,"href":"https:\/\/cozyanddozy.com\/fr\/wp-json\/wp\/v2\/product_tag?post=3509"}],"curies":[{"name":"wp","href":"https:\/\/api.w.org\/{rel}","templated":true}]}}