{"id":3504,"date":"2024-05-29T11:20:28","date_gmt":"2024-05-29T10:20:28","guid":{"rendered":"https:\/\/cozyanddozy.com\/?post_type=product&#038;p=2985"},"modified":"2025-01-29T21:48:23","modified_gmt":"2025-01-29T20:48:23","slug":"oreiller-pour-pattes-coussin-marron-fonce","status":"publish","type":"product","link":"https:\/\/cozyanddozy.com\/fr\/produit\/oreiller-pour-pattes-coussin-marron-fonce\/","title":{"rendered":"Oreiller pour pattes &#8211; coussin marron fonc\u00e9"},"content":{"rendered":"<p><img decoding=\"async\" class=\"alignnone size-medium wp-image-2703 alignright\" src=\"https:\/\/cozyanddozy.com\/wp-content\/uploads\/2024\/03\/poduszka-lapka-brazowa-400x400.jpg\" alt=\"\" width=\"400\" height=\"400\" \/><\/p>\n<h3>Un oreiller de la collection Teddy, un grand coussin c\u00e2lin pour enfant r\u00e9alis\u00e9 par Cozy&amp;Dozy<br \/>\nUn oreiller douillet en forme de patte d&#8217;ours, en velours doux marron fonc\u00e9.<\/h3>\n<p>Un grand oreiller, parfait pour se blottir, dormir, jouer et comme compagnon de voyage.<\/p>\n<p>Qui n&#8217;aime pas les oreillers moelleux, surtout lorsqu&#8217;ils sont faits de beau velours color\u00e9.<\/p>\n<p><strong>La collection de coussins Sweet Paw comprend 2 couleurs : marron fonc\u00e9 et marron.<\/strong><\/p>\n<p>Vous pouvez choisir une guirlande, un tapis de jeu, un tipi ou une courtepointe assortis.<\/p>\n<div>\n<p><span style=\"color: #1c1d1d;\"><span style=\"font-family: Roboto, sans-serif;\"><span style=\"font-size: medium;\">Dimensions:<\/span><\/span><\/span><\/p>\n<ul>\n<li><span style=\"color: #1c1d1d;\"><span style=\"font-family: Roboto, sans-serif;\"><span style=\"font-size: medium;\">50\u00d760 cm<\/span><\/span><\/span><\/li>\n<\/ul>\n<p><span style=\"color: #1c1d1d;\"><span style=\"font-family: Roboto, sans-serif;\"><span style=\"font-size: medium;\">Tissu:<\/span><\/span><\/span><\/p>\n<ul>\n<li><span style=\"color: #1c1d1d;\"><span style=\"font-family: Roboto, sans-serif;\"><span style=\"font-size: medium;\">100% velours (100% PES)<\/span><\/span><\/span><\/li>\n<li><span style=\"color: #1c1d1d;\"><span style=\"font-family: Roboto, sans-serif;\"><span style=\"font-size: medium;\">remplissage isolant en silicone antiallergique<\/span><\/span><\/span><\/li>\n<\/ul>\n<p><span style=\"color: #1c1d1d;\"><span style=\"font-family: Roboto, sans-serif;\"><span style=\"font-size: medium;\">M\u00e9thode d\u2019entretien :<\/span><\/span><\/span><\/p>\n<ul>\n<li><span style=\"color: #1c1d1d;\"><span style=\"font-family: Roboto, sans-serif;\"><span style=\"font-size: medium;\">Lavage \u00e0 40\u00b0 \u2013 programme d\u00e9licat<\/span><\/span><\/span><\/li>\n<li><span style=\"color: #1c1d1d;\"><span style=\"font-family: Roboto, sans-serif;\"><span style=\"font-size: medium;\">Ne pas nettoyer \u00e0 sec<\/span><\/span><\/span><\/li>\n<li><span style=\"color: #1c1d1d;\"><span style=\"font-family: Roboto, sans-serif;\"><span style=\"font-size: medium;\">Ne pas chlorer<\/span><\/span><\/span><\/li>\n<\/ul>\n<p><span style=\"color: #1c1d1d;\"><span style=\"font-family: Roboto, sans-serif;\"><span style=\"font-size: medium;\">La s\u00e9curit\u00e9 des enfants est la chose la plus importante pour nous, c\u2019est pourquoi la guirlande et l\u2019oreiller sont compos\u00e9s \u00e0 100 % de velours de la plus haute qualit\u00e9.<\/span><\/span><\/span><\/p>\n<p><strong><span style=\"color: #1c1d1d;\"><span style=\"font-family: Roboto, sans-serif;\"><span style=\"font-size: medium;\">Nos produits sont certifi\u00e9s CE, vous pouvez donc les offrir \u00e0 votre enfant sans aucun souci.<\/span><\/span><\/span><\/strong><\/p>\n<p><strong><span style=\"color: #1c1d1d;\"><span style=\"font-family: Roboto, sans-serif;\"><span style=\"font-size: medium;\">Tous nos produits ont \u00e9t\u00e9 con\u00e7us et fabriqu\u00e9s par Cozy&amp;Dozy.<\/span><\/span><\/span><\/strong><\/p>\n<\/div>\n<div><strong>\u200b<\/strong><\/div>\n","protected":false},"excerpt":{"rendered":"<p>Un grand oreiller PAW marron en velours doux. Une peluche pour enfant de la collection Teddy.<\/p>\n","protected":false},"featured_media":3487,"comment_status":"open","ping_status":"closed","template":"","meta":[],"product_brand":[],"product_cat":[17],"product_tag":[],"class_list":{"0":"post-3504","1":"product","2":"type-product","3":"status-publish","4":"has-post-thumbnail","6":"product_cat-coussins-et-poufs","8":"first","9":"instock","10":"sale","11":"shipping-taxable","12":"product-type-simple"},"yoast_head":"<!-- This site is optimized with the Yoast SEO Premium plugin v21.9 (Yoast SEO v27.0) - https:\/\/yoast.com\/product\/yoast-seo-premium-wordpress\/ -->\n<title>Oreiller pour pattes - coussin marron fonc\u00e9 - Cozy &amp; Dozy<\/title>\n<meta name=\"description\" content=\"Un grand oreiller PAW marron en velours doux. Une peluche pour enfant de la collection Teddy.\" \/>\n<meta name=\"robots\" content=\"index, follow, max-snippet:-1, max-image-preview:large, max-video-preview:-1\" \/>\n<link rel=\"canonical\" href=\"https:\/\/cozyanddozy.com\/fr\/produit\/oreiller-pour-pattes-coussin-marron-fonce\/\" \/>\n<meta property=\"og:locale\" content=\"fr_FR\" \/>\n<meta property=\"og:type\" content=\"article\" \/>\n<meta property=\"og:title\" content=\"Oreiller pour pattes - coussin marron fonc\u00e9\" \/>\n<meta property=\"og:description\" content=\"Un grand oreiller PAW marron en velours doux. Une peluche pour enfant de la collection Teddy.\" \/>\n<meta property=\"og:url\" content=\"https:\/\/cozyanddozy.com\/fr\/produit\/oreiller-pour-pattes-coussin-marron-fonce\/\" \/>\n<meta property=\"og:site_name\" content=\"Cozy &amp; Dozy\" \/>\n<meta property=\"article:publisher\" content=\"https:\/\/www.facebook.com\/cozyanddozyshop\" \/>\n<meta property=\"article:modified_time\" content=\"2025-01-29T20:48:23+00:00\" \/>\n<meta property=\"og:image\" content=\"https:\/\/cozyanddozy.com\/fr\/wp-content\/uploads\/2024\/05\/paw-pillow-brown.jpeg\" \/>\n\t<meta property=\"og:image:width\" content=\"2307\" \/>\n\t<meta property=\"og:image:height\" content=\"2307\" \/>\n\t<meta property=\"og:image:type\" content=\"image\/jpeg\" \/>\n<meta name=\"twitter:card\" content=\"summary_large_image\" \/>\n<meta name=\"twitter:label1\" content=\"Prix\" \/>\n\t<meta name=\"twitter:data1\" content=\"29,00&nbsp;&euro;\" \/>\n\t<meta name=\"twitter:label2\" content=\"Disponibilit\u00e9\" \/>\n\t<meta name=\"twitter:data2\" content=\"En stock\" \/>\n<script type=\"application\/ld+json\" class=\"yoast-schema-graph\">{\"@context\":\"https:\/\/schema.org\",\"@graph\":[{\"@type\":\"WebPage\",\"@id\":\"https:\/\/cozyanddozy.com\/fr\/produit\/oreiller-pour-pattes-coussin-marron-fonce\/\",\"url\":\"https:\/\/cozyanddozy.com\/fr\/produit\/oreiller-pour-pattes-coussin-marron-fonce\/\",\"name\":\"Oreiller pour pattes - coussin marron fonc\u00e9 - Cozy & Dozy\",\"isPartOf\":{\"@id\":\"https:\/\/cozyanddozy.com\/fr\/#website\"},\"primaryImageOfPage\":{\"@id\":\"https:\/\/cozyanddozy.com\/fr\/produit\/oreiller-pour-pattes-coussin-marron-fonce\/#primaryimage\"},\"image\":{\"@id\":\"https:\/\/cozyanddozy.com\/fr\/produit\/oreiller-pour-pattes-coussin-marron-fonce\/#primaryimage\"},\"thumbnailUrl\":\"https:\/\/cozyanddozy.com\/fr\/wp-content\/uploads\/2024\/05\/paw-pillow-brown.jpeg\",\"datePublished\":\"2024-05-29T10:20:28+00:00\",\"dateModified\":\"2025-01-29T20:48:23+00:00\",\"description\":\"Un grand oreiller PAW marron en velours doux. Une peluche pour enfant de la collection Teddy.\",\"breadcrumb\":{\"@id\":\"https:\/\/cozyanddozy.com\/fr\/produit\/oreiller-pour-pattes-coussin-marron-fonce\/#breadcrumb\"},\"inLanguage\":\"fr-FR\",\"potentialAction\":[{\"@type\":\"ReadAction\",\"target\":[\"https:\/\/cozyanddozy.com\/fr\/produit\/oreiller-pour-pattes-coussin-marron-fonce\/\"]}]},{\"@type\":\"ImageObject\",\"inLanguage\":\"fr-FR\",\"@id\":\"https:\/\/cozyanddozy.com\/fr\/produit\/oreiller-pour-pattes-coussin-marron-fonce\/#primaryimage\",\"url\":\"https:\/\/cozyanddozy.com\/fr\/wp-content\/uploads\/2024\/05\/paw-pillow-brown.jpeg\",\"contentUrl\":\"https:\/\/cozyanddozy.com\/fr\/wp-content\/uploads\/2024\/05\/paw-pillow-brown.jpeg\",\"width\":2307,\"height\":2307},{\"@type\":\"BreadcrumbList\",\"@id\":\"https:\/\/cozyanddozy.com\/fr\/produit\/oreiller-pour-pattes-coussin-marron-fonce\/#breadcrumb\",\"itemListElement\":[{\"@type\":\"ListItem\",\"position\":1,\"name\":\"Home\",\"item\":\"https:\/\/cozyanddozy.com\/fr\/\"},{\"@type\":\"ListItem\",\"position\":2,\"name\":\"Boutique\",\"item\":\"https:\/\/cozyanddozy.com\/fr\/boutique\/\"},{\"@type\":\"ListItem\",\"position\":3,\"name\":\"Oreiller pour pattes &#8211; coussin marron fonc\u00e9\"}]},{\"@type\":\"WebSite\",\"@id\":\"https:\/\/cozyanddozy.com\/fr\/#website\",\"url\":\"https:\/\/cozyanddozy.com\/fr\/\",\"name\":\"Cozy & Dozy\",\"description\":\"\",\"publisher\":{\"@id\":\"https:\/\/cozyanddozy.com\/fr\/#organization\"},\"alternateName\":\"Cozy and Dozy\",\"potentialAction\":[{\"@type\":\"SearchAction\",\"target\":{\"@type\":\"EntryPoint\",\"urlTemplate\":\"https:\/\/cozyanddozy.com\/fr\/?s={search_term_string}\"},\"query-input\":{\"@type\":\"PropertyValueSpecification\",\"valueRequired\":true,\"valueName\":\"search_term_string\"}}],\"inLanguage\":\"fr-FR\"},{\"@type\":\"Organization\",\"@id\":\"https:\/\/cozyanddozy.com\/fr\/#organization\",\"name\":\"Cozy & Dozy\",\"url\":\"https:\/\/cozyanddozy.com\/fr\/\",\"logo\":{\"@type\":\"ImageObject\",\"inLanguage\":\"fr-FR\",\"@id\":\"https:\/\/cozyanddozy.com\/fr\/#\/schema\/logo\/image\/\",\"url\":\"https:\/\/cozyanddozy.com\/fr\/wp-content\/uploads\/2023\/02\/cozyanddozy_logo_b.png\",\"contentUrl\":\"https:\/\/cozyanddozy.com\/fr\/wp-content\/uploads\/2023\/02\/cozyanddozy_logo_b.png\",\"width\":314,\"height\":85,\"caption\":\"Cozy & Dozy\"},\"image\":{\"@id\":\"https:\/\/cozyanddozy.com\/fr\/#\/schema\/logo\/image\/\"},\"sameAs\":[\"https:\/\/www.facebook.com\/cozyanddozyshop\",\"https:\/\/www.instagram.com\/cozyanddozy\/\"]}]}<\/script>\n<meta property=\"product:price:amount\" content=\"29.00\" \/>\n<meta property=\"product:price:currency\" content=\"EUR\" \/>\n<meta property=\"og:availability\" content=\"instock\" \/>\n<meta property=\"product:availability\" content=\"instock\" \/>\n<meta property=\"product:retailer_item_id\" content=\"5902701497798\" \/>\n<meta property=\"product:condition\" content=\"new\" \/>\n<!-- \/ Yoast SEO Premium plugin. -->","yoast_head_json":{"title":"Oreiller pour pattes - coussin marron fonc\u00e9 - Cozy & Dozy","description":"Un grand oreiller PAW marron en velours doux. Une peluche pour enfant de la collection Teddy.","robots":{"index":"index","follow":"follow","max-snippet":"max-snippet:-1","max-image-preview":"max-image-preview:large","max-video-preview":"max-video-preview:-1"},"canonical":"https:\/\/cozyanddozy.com\/fr\/produit\/oreiller-pour-pattes-coussin-marron-fonce\/","og_locale":"fr_FR","og_type":"article","og_title":"Oreiller pour pattes - coussin marron fonc\u00e9","og_description":"Un grand oreiller PAW marron en velours doux. Une peluche pour enfant de la collection Teddy.","og_url":"https:\/\/cozyanddozy.com\/fr\/produit\/oreiller-pour-pattes-coussin-marron-fonce\/","og_site_name":"Cozy &amp; Dozy","article_publisher":"https:\/\/www.facebook.com\/cozyanddozyshop","article_modified_time":"2025-01-29T20:48:23+00:00","og_image":[{"width":2307,"height":2307,"url":"https:\/\/cozyanddozy.com\/fr\/wp-content\/uploads\/2024\/05\/paw-pillow-brown.jpeg","type":"image\/jpeg"}],"twitter_card":"summary_large_image","twitter_misc":{"Prix":"29,00&nbsp;&euro;","Disponibilit\u00e9":"En stock"},"schema":{"@context":"https:\/\/schema.org","@graph":[{"@type":"WebPage","@id":"https:\/\/cozyanddozy.com\/fr\/produit\/oreiller-pour-pattes-coussin-marron-fonce\/","url":"https:\/\/cozyanddozy.com\/fr\/produit\/oreiller-pour-pattes-coussin-marron-fonce\/","name":"Oreiller pour pattes - coussin marron fonc\u00e9 - Cozy & Dozy","isPartOf":{"@id":"https:\/\/cozyanddozy.com\/fr\/#website"},"primaryImageOfPage":{"@id":"https:\/\/cozyanddozy.com\/fr\/produit\/oreiller-pour-pattes-coussin-marron-fonce\/#primaryimage"},"image":{"@id":"https:\/\/cozyanddozy.com\/fr\/produit\/oreiller-pour-pattes-coussin-marron-fonce\/#primaryimage"},"thumbnailUrl":"https:\/\/cozyanddozy.com\/fr\/wp-content\/uploads\/2024\/05\/paw-pillow-brown.jpeg","datePublished":"2024-05-29T10:20:28+00:00","dateModified":"2025-01-29T20:48:23+00:00","description":"Un grand oreiller PAW marron en velours doux. Une peluche pour enfant de la collection Teddy.","breadcrumb":{"@id":"https:\/\/cozyanddozy.com\/fr\/produit\/oreiller-pour-pattes-coussin-marron-fonce\/#breadcrumb"},"inLanguage":"fr-FR","potentialAction":[{"@type":"ReadAction","target":["https:\/\/cozyanddozy.com\/fr\/produit\/oreiller-pour-pattes-coussin-marron-fonce\/"]}]},{"@type":"ImageObject","inLanguage":"fr-FR","@id":"https:\/\/cozyanddozy.com\/fr\/produit\/oreiller-pour-pattes-coussin-marron-fonce\/#primaryimage","url":"https:\/\/cozyanddozy.com\/fr\/wp-content\/uploads\/2024\/05\/paw-pillow-brown.jpeg","contentUrl":"https:\/\/cozyanddozy.com\/fr\/wp-content\/uploads\/2024\/05\/paw-pillow-brown.jpeg","width":2307,"height":2307},{"@type":"BreadcrumbList","@id":"https:\/\/cozyanddozy.com\/fr\/produit\/oreiller-pour-pattes-coussin-marron-fonce\/#breadcrumb","itemListElement":[{"@type":"ListItem","position":1,"name":"Home","item":"https:\/\/cozyanddozy.com\/fr\/"},{"@type":"ListItem","position":2,"name":"Boutique","item":"https:\/\/cozyanddozy.com\/fr\/boutique\/"},{"@type":"ListItem","position":3,"name":"Oreiller pour pattes &#8211; coussin marron fonc\u00e9"}]},{"@type":"WebSite","@id":"https:\/\/cozyanddozy.com\/fr\/#website","url":"https:\/\/cozyanddozy.com\/fr\/","name":"Cozy & Dozy","description":"","publisher":{"@id":"https:\/\/cozyanddozy.com\/fr\/#organization"},"alternateName":"Cozy and Dozy","potentialAction":[{"@type":"SearchAction","target":{"@type":"EntryPoint","urlTemplate":"https:\/\/cozyanddozy.com\/fr\/?s={search_term_string}"},"query-input":{"@type":"PropertyValueSpecification","valueRequired":true,"valueName":"search_term_string"}}],"inLanguage":"fr-FR"},{"@type":"Organization","@id":"https:\/\/cozyanddozy.com\/fr\/#organization","name":"Cozy & Dozy","url":"https:\/\/cozyanddozy.com\/fr\/","logo":{"@type":"ImageObject","inLanguage":"fr-FR","@id":"https:\/\/cozyanddozy.com\/fr\/#\/schema\/logo\/image\/","url":"https:\/\/cozyanddozy.com\/fr\/wp-content\/uploads\/2023\/02\/cozyanddozy_logo_b.png","contentUrl":"https:\/\/cozyanddozy.com\/fr\/wp-content\/uploads\/2023\/02\/cozyanddozy_logo_b.png","width":314,"height":85,"caption":"Cozy & Dozy"},"image":{"@id":"https:\/\/cozyanddozy.com\/fr\/#\/schema\/logo\/image\/"},"sameAs":["https:\/\/www.facebook.com\/cozyanddozyshop","https:\/\/www.instagram.com\/cozyanddozy\/"]}]},"product_price_amount":"29.00","product_price_currency":"EUR","og_availability":"instock","product_availability":"instock","product_retailer_item_id":"5902701497798","product_condition":"new"},"_links":{"self":[{"href":"https:\/\/cozyanddozy.com\/fr\/wp-json\/wp\/v2\/product\/3504","targetHints":{"allow":["GET"]}}],"collection":[{"href":"https:\/\/cozyanddozy.com\/fr\/wp-json\/wp\/v2\/product"}],"about":[{"href":"https:\/\/cozyanddozy.com\/fr\/wp-json\/wp\/v2\/types\/product"}],"replies":[{"embeddable":true,"href":"https:\/\/cozyanddozy.com\/fr\/wp-json\/wp\/v2\/comments?post=3504"}],"wp:featuredmedia":[{"embeddable":true,"href":"https:\/\/cozyanddozy.com\/fr\/wp-json\/wp\/v2\/media\/3487"}],"wp:attachment":[{"href":"https:\/\/cozyanddozy.com\/fr\/wp-json\/wp\/v2\/media?parent=3504"}],"wp:term":[{"taxonomy":"product_brand","embeddable":true,"href":"https:\/\/cozyanddozy.com\/fr\/wp-json\/wp\/v2\/product_brand?post=3504"},{"taxonomy":"product_cat","embeddable":true,"href":"https:\/\/cozyanddozy.com\/fr\/wp-json\/wp\/v2\/product_cat?post=3504"},{"taxonomy":"product_tag","embeddable":true,"href":"https:\/\/cozyanddozy.com\/fr\/wp-json\/wp\/v2\/product_tag?post=3504"}],"curies":[{"name":"wp","href":"https:\/\/api.w.org\/{rel}","templated":true}]}}