{"id":3333,"date":"2024-03-29T18:34:51","date_gmt":"2024-03-29T18:34:51","guid":{"rendered":"https:\/\/cozyanddozy.com\/?post_type=product&#038;p=2820"},"modified":"2025-01-29T21:49:32","modified_gmt":"2025-01-29T20:49:32","slug":"daisy-oreiller-de-fleur-coussin-de-marguerite-blanche","status":"publish","type":"product","link":"https:\/\/cozyanddozy.com\/fr\/produit\/daisy-oreiller-de-fleur-coussin-de-marguerite-blanche\/","title":{"rendered":"Daisy Oreiller de fleur, coussin de marguerite blanche"},"content":{"rendered":"<h3><img decoding=\"async\" class=\"alignnone size-medium wp-image-1590 alignright\" src=\"https:\/\/cozyanddozy.com\/wp-content\/uploads\/2023\/05\/flower-daisy-pillows-scaled-1-400x400.jpg\" alt=\"\" width=\"400\" height=\"400\" \/><\/h3>\n<h3><strong>Oreiller de fleur de marguerite, coussin de marguerite blanche<\/strong><\/h3>\n<div><strong>Coussin en velours Fleur Blanche Marguerite<\/strong><\/div>\n<div><strong>De quoi ne pouvons-nous pas imaginer le printemps sans ? Bien s\u00fbr, sans marguerites belles et uniques.<\/strong><\/div>\n<div><\/div>\n<div><strong>Et c\u2019est mieux quand les marguerites sont des oreillers doux et agr\u00e9ables au toucher ! L&#8217;oreiller Daisy est une d\u00e9coration \u00e9l\u00e9gante du salon.<\/strong><\/div>\n<div><\/div>\n<div><strong>Le coussin fleuri en velours peut \u00eatre un charmant \u00e9l\u00e9ment d\u00e9coratif du berceau ou du canap\u00e9. La collection Daisy est un bel ajout \u00e0 n&#8217;importe quelle pi\u00e8ce.<\/strong><\/div>\n<div><\/div>\n<div>L&#8217;oreiller fleuri comme tous les coussins Cosy Dozy est fabriqu\u00e9 en tissu velours de haute qualit\u00e9, facile \u00e0 nettoyer, \u00e0 laver.<\/div>\n<div><\/div>\n<div>Vous ne pouvez pas garder vos mains sur l\u2019oreiller de Daisy ! Il est r\u00e9alis\u00e9 en velours tr\u00e8s doux. Ce mat\u00e9riau rend l\u2019utilisation de l\u2019oreiller extr\u00eamement agr\u00e9able. Votre enfant adorera s\u00fbrement le c\u00e2liner et l&#8217;emmener avec lui pour toutes les siestes. Les oreillers douillets Dozy prendront un caract\u00e8re de conte de f\u00e9es.<\/div>\n<div><\/div>\n<div>Vous pouvez choisir des fleurs de plusieurs couleurs diff\u00e9rentes : blanc, jaune, rose fonc\u00e9, rose clair, gris, violet et beige.<\/div>\n<div><\/div>\n<div>Dimensions:<\/div>\n<ul>\n<li>52 \u00d7 52 cm<\/li>\n<\/ul>\n<div>Composition:<\/div>\n<ul>\n<li>100% velours (certificat, CE)<\/li>\n<li>Remplissage de l&#8217;oreiller \u2013 boule de silicone, antiallergique.<\/li>\n<\/ul>\n<div>La lessive:<\/div>\n<ul>\n<li>Lavable en machine \u00e0 40 degr\u00e9s,<\/li>\n<li>rotation \u2013 800 tours,<\/li>\n<li>ne pas nettoyer \u00e0 sec, ne pas blanchir,<\/li>\n<li>Apr\u00e8s le lavage, secouez-le pour organiser le versement,<\/li>\n<li>s\u00e9cher sur une surface plane.<\/li>\n<\/ul>\n","protected":false},"excerpt":{"rendered":"<p>Daisy pillows will take on a fairy &#8211; tale character. Size 52&#215;52 cm<\/p>\n","protected":false},"featured_media":1586,"comment_status":"open","ping_status":"closed","template":"","meta":[],"product_brand":[],"product_cat":[17],"product_tag":[],"class_list":{"0":"post-3333","1":"product","2":"type-product","3":"status-publish","4":"has-post-thumbnail","6":"product_cat-coussins-et-poufs","8":"first","9":"instock","10":"sale","11":"shipping-taxable","12":"product-type-simple"},"yoast_head":"<!-- This site is optimized with the Yoast SEO Premium plugin v21.9 (Yoast SEO v27.0) - https:\/\/yoast.com\/product\/yoast-seo-premium-wordpress\/ -->\n<title>Daisy Oreiller de fleur, coussin de marguerite blanche - Cozy &amp; Dozy<\/title>\n<meta name=\"description\" content=\"Daisy pillows will take on a fairy - tale character. Size 52x52 cm\" \/>\n<meta name=\"robots\" content=\"index, follow, max-snippet:-1, max-image-preview:large, max-video-preview:-1\" \/>\n<link rel=\"canonical\" href=\"https:\/\/cozyanddozy.com\/fr\/produit\/daisy-oreiller-de-fleur-coussin-de-marguerite-blanche\/\" \/>\n<meta property=\"og:locale\" content=\"fr_FR\" \/>\n<meta property=\"og:type\" content=\"article\" \/>\n<meta property=\"og:title\" content=\"Daisy Oreiller de fleur, coussin de marguerite blanche\" \/>\n<meta property=\"og:description\" content=\"Daisy pillows will take on a fairy - tale character. Size 52x52 cm\" \/>\n<meta property=\"og:url\" content=\"https:\/\/cozyanddozy.com\/fr\/produit\/daisy-oreiller-de-fleur-coussin-de-marguerite-blanche\/\" \/>\n<meta property=\"og:site_name\" content=\"Cozy &amp; Dozy\" \/>\n<meta property=\"article:publisher\" content=\"https:\/\/www.facebook.com\/cozyanddozyshop\" \/>\n<meta property=\"article:modified_time\" content=\"2025-01-29T20:49:32+00:00\" \/>\n<meta property=\"og:image\" content=\"https:\/\/cozyanddozy.com\/fr\/wp-content\/uploads\/2023\/04\/white-and-yellow-flower-pillows.jpg\" \/>\n\t<meta property=\"og:image:width\" content=\"2000\" \/>\n\t<meta property=\"og:image:height\" content=\"2000\" \/>\n\t<meta property=\"og:image:type\" content=\"image\/jpeg\" \/>\n<meta name=\"twitter:card\" content=\"summary_large_image\" \/>\n<meta name=\"twitter:label1\" content=\"Prix\" \/>\n\t<meta name=\"twitter:data1\" content=\"25,00&nbsp;&euro;\" \/>\n\t<meta name=\"twitter:label2\" content=\"Disponibilit\u00e9\" \/>\n\t<meta name=\"twitter:data2\" content=\"En stock\" \/>\n<script type=\"application\/ld+json\" class=\"yoast-schema-graph\">{\"@context\":\"https:\/\/schema.org\",\"@graph\":[{\"@type\":\"WebPage\",\"@id\":\"https:\/\/cozyanddozy.com\/fr\/produit\/daisy-oreiller-de-fleur-coussin-de-marguerite-blanche\/\",\"url\":\"https:\/\/cozyanddozy.com\/fr\/produit\/daisy-oreiller-de-fleur-coussin-de-marguerite-blanche\/\",\"name\":\"Daisy Oreiller de fleur, coussin de marguerite blanche - Cozy & Dozy\",\"isPartOf\":{\"@id\":\"https:\/\/cozyanddozy.com\/fr\/#website\"},\"primaryImageOfPage\":{\"@id\":\"https:\/\/cozyanddozy.com\/fr\/produit\/daisy-oreiller-de-fleur-coussin-de-marguerite-blanche\/#primaryimage\"},\"image\":{\"@id\":\"https:\/\/cozyanddozy.com\/fr\/produit\/daisy-oreiller-de-fleur-coussin-de-marguerite-blanche\/#primaryimage\"},\"thumbnailUrl\":\"https:\/\/cozyanddozy.com\/fr\/wp-content\/uploads\/2023\/04\/white-and-yellow-flower-pillows.jpg\",\"datePublished\":\"2024-03-29T18:34:51+00:00\",\"dateModified\":\"2025-01-29T20:49:32+00:00\",\"description\":\"Daisy pillows will take on a fairy - tale character. Size 52x52 cm\",\"breadcrumb\":{\"@id\":\"https:\/\/cozyanddozy.com\/fr\/produit\/daisy-oreiller-de-fleur-coussin-de-marguerite-blanche\/#breadcrumb\"},\"inLanguage\":\"fr-FR\",\"potentialAction\":[{\"@type\":\"ReadAction\",\"target\":[\"https:\/\/cozyanddozy.com\/fr\/produit\/daisy-oreiller-de-fleur-coussin-de-marguerite-blanche\/\"]}]},{\"@type\":\"ImageObject\",\"inLanguage\":\"fr-FR\",\"@id\":\"https:\/\/cozyanddozy.com\/fr\/produit\/daisy-oreiller-de-fleur-coussin-de-marguerite-blanche\/#primaryimage\",\"url\":\"https:\/\/cozyanddozy.com\/fr\/wp-content\/uploads\/2023\/04\/white-and-yellow-flower-pillows.jpg\",\"contentUrl\":\"https:\/\/cozyanddozy.com\/fr\/wp-content\/uploads\/2023\/04\/white-and-yellow-flower-pillows.jpg\",\"width\":2000,\"height\":2000},{\"@type\":\"BreadcrumbList\",\"@id\":\"https:\/\/cozyanddozy.com\/fr\/produit\/daisy-oreiller-de-fleur-coussin-de-marguerite-blanche\/#breadcrumb\",\"itemListElement\":[{\"@type\":\"ListItem\",\"position\":1,\"name\":\"Home\",\"item\":\"https:\/\/cozyanddozy.com\/fr\/\"},{\"@type\":\"ListItem\",\"position\":2,\"name\":\"Boutique\",\"item\":\"https:\/\/cozyanddozy.com\/fr\/boutique\/\"},{\"@type\":\"ListItem\",\"position\":3,\"name\":\"Daisy Oreiller de fleur, coussin de marguerite blanche\"}]},{\"@type\":\"WebSite\",\"@id\":\"https:\/\/cozyanddozy.com\/fr\/#website\",\"url\":\"https:\/\/cozyanddozy.com\/fr\/\",\"name\":\"Cozy & Dozy\",\"description\":\"\",\"publisher\":{\"@id\":\"https:\/\/cozyanddozy.com\/fr\/#organization\"},\"alternateName\":\"Cozy and Dozy\",\"potentialAction\":[{\"@type\":\"SearchAction\",\"target\":{\"@type\":\"EntryPoint\",\"urlTemplate\":\"https:\/\/cozyanddozy.com\/fr\/?s={search_term_string}\"},\"query-input\":{\"@type\":\"PropertyValueSpecification\",\"valueRequired\":true,\"valueName\":\"search_term_string\"}}],\"inLanguage\":\"fr-FR\"},{\"@type\":\"Organization\",\"@id\":\"https:\/\/cozyanddozy.com\/fr\/#organization\",\"name\":\"Cozy & Dozy\",\"url\":\"https:\/\/cozyanddozy.com\/fr\/\",\"logo\":{\"@type\":\"ImageObject\",\"inLanguage\":\"fr-FR\",\"@id\":\"https:\/\/cozyanddozy.com\/fr\/#\/schema\/logo\/image\/\",\"url\":\"https:\/\/cozyanddozy.com\/fr\/wp-content\/uploads\/2023\/02\/cozyanddozy_logo_b.png\",\"contentUrl\":\"https:\/\/cozyanddozy.com\/fr\/wp-content\/uploads\/2023\/02\/cozyanddozy_logo_b.png\",\"width\":314,\"height\":85,\"caption\":\"Cozy & Dozy\"},\"image\":{\"@id\":\"https:\/\/cozyanddozy.com\/fr\/#\/schema\/logo\/image\/\"},\"sameAs\":[\"https:\/\/www.facebook.com\/cozyanddozyshop\",\"https:\/\/www.instagram.com\/cozyanddozy\/\"]}]}<\/script>\n<meta property=\"product:price:amount\" content=\"25.00\" \/>\n<meta property=\"product:price:currency\" content=\"EUR\" \/>\n<meta property=\"og:availability\" content=\"instock\" \/>\n<meta property=\"product:availability\" content=\"instock\" \/>\n<meta property=\"product:retailer_item_id\" content=\"5902701497224\" \/>\n<meta property=\"product:condition\" content=\"new\" \/>\n<!-- \/ Yoast SEO Premium plugin. -->","yoast_head_json":{"title":"Daisy Oreiller de fleur, coussin de marguerite blanche - Cozy & Dozy","description":"Daisy pillows will take on a fairy - tale character. Size 52x52 cm","robots":{"index":"index","follow":"follow","max-snippet":"max-snippet:-1","max-image-preview":"max-image-preview:large","max-video-preview":"max-video-preview:-1"},"canonical":"https:\/\/cozyanddozy.com\/fr\/produit\/daisy-oreiller-de-fleur-coussin-de-marguerite-blanche\/","og_locale":"fr_FR","og_type":"article","og_title":"Daisy Oreiller de fleur, coussin de marguerite blanche","og_description":"Daisy pillows will take on a fairy - tale character. Size 52x52 cm","og_url":"https:\/\/cozyanddozy.com\/fr\/produit\/daisy-oreiller-de-fleur-coussin-de-marguerite-blanche\/","og_site_name":"Cozy &amp; Dozy","article_publisher":"https:\/\/www.facebook.com\/cozyanddozyshop","article_modified_time":"2025-01-29T20:49:32+00:00","og_image":[{"width":2000,"height":2000,"url":"https:\/\/cozyanddozy.com\/fr\/wp-content\/uploads\/2023\/04\/white-and-yellow-flower-pillows.jpg","type":"image\/jpeg"}],"twitter_card":"summary_large_image","twitter_misc":{"Prix":"25,00&nbsp;&euro;","Disponibilit\u00e9":"En stock"},"schema":{"@context":"https:\/\/schema.org","@graph":[{"@type":"WebPage","@id":"https:\/\/cozyanddozy.com\/fr\/produit\/daisy-oreiller-de-fleur-coussin-de-marguerite-blanche\/","url":"https:\/\/cozyanddozy.com\/fr\/produit\/daisy-oreiller-de-fleur-coussin-de-marguerite-blanche\/","name":"Daisy Oreiller de fleur, coussin de marguerite blanche - Cozy & Dozy","isPartOf":{"@id":"https:\/\/cozyanddozy.com\/fr\/#website"},"primaryImageOfPage":{"@id":"https:\/\/cozyanddozy.com\/fr\/produit\/daisy-oreiller-de-fleur-coussin-de-marguerite-blanche\/#primaryimage"},"image":{"@id":"https:\/\/cozyanddozy.com\/fr\/produit\/daisy-oreiller-de-fleur-coussin-de-marguerite-blanche\/#primaryimage"},"thumbnailUrl":"https:\/\/cozyanddozy.com\/fr\/wp-content\/uploads\/2023\/04\/white-and-yellow-flower-pillows.jpg","datePublished":"2024-03-29T18:34:51+00:00","dateModified":"2025-01-29T20:49:32+00:00","description":"Daisy pillows will take on a fairy - tale character. Size 52x52 cm","breadcrumb":{"@id":"https:\/\/cozyanddozy.com\/fr\/produit\/daisy-oreiller-de-fleur-coussin-de-marguerite-blanche\/#breadcrumb"},"inLanguage":"fr-FR","potentialAction":[{"@type":"ReadAction","target":["https:\/\/cozyanddozy.com\/fr\/produit\/daisy-oreiller-de-fleur-coussin-de-marguerite-blanche\/"]}]},{"@type":"ImageObject","inLanguage":"fr-FR","@id":"https:\/\/cozyanddozy.com\/fr\/produit\/daisy-oreiller-de-fleur-coussin-de-marguerite-blanche\/#primaryimage","url":"https:\/\/cozyanddozy.com\/fr\/wp-content\/uploads\/2023\/04\/white-and-yellow-flower-pillows.jpg","contentUrl":"https:\/\/cozyanddozy.com\/fr\/wp-content\/uploads\/2023\/04\/white-and-yellow-flower-pillows.jpg","width":2000,"height":2000},{"@type":"BreadcrumbList","@id":"https:\/\/cozyanddozy.com\/fr\/produit\/daisy-oreiller-de-fleur-coussin-de-marguerite-blanche\/#breadcrumb","itemListElement":[{"@type":"ListItem","position":1,"name":"Home","item":"https:\/\/cozyanddozy.com\/fr\/"},{"@type":"ListItem","position":2,"name":"Boutique","item":"https:\/\/cozyanddozy.com\/fr\/boutique\/"},{"@type":"ListItem","position":3,"name":"Daisy Oreiller de fleur, coussin de marguerite blanche"}]},{"@type":"WebSite","@id":"https:\/\/cozyanddozy.com\/fr\/#website","url":"https:\/\/cozyanddozy.com\/fr\/","name":"Cozy & Dozy","description":"","publisher":{"@id":"https:\/\/cozyanddozy.com\/fr\/#organization"},"alternateName":"Cozy and Dozy","potentialAction":[{"@type":"SearchAction","target":{"@type":"EntryPoint","urlTemplate":"https:\/\/cozyanddozy.com\/fr\/?s={search_term_string}"},"query-input":{"@type":"PropertyValueSpecification","valueRequired":true,"valueName":"search_term_string"}}],"inLanguage":"fr-FR"},{"@type":"Organization","@id":"https:\/\/cozyanddozy.com\/fr\/#organization","name":"Cozy & Dozy","url":"https:\/\/cozyanddozy.com\/fr\/","logo":{"@type":"ImageObject","inLanguage":"fr-FR","@id":"https:\/\/cozyanddozy.com\/fr\/#\/schema\/logo\/image\/","url":"https:\/\/cozyanddozy.com\/fr\/wp-content\/uploads\/2023\/02\/cozyanddozy_logo_b.png","contentUrl":"https:\/\/cozyanddozy.com\/fr\/wp-content\/uploads\/2023\/02\/cozyanddozy_logo_b.png","width":314,"height":85,"caption":"Cozy & Dozy"},"image":{"@id":"https:\/\/cozyanddozy.com\/fr\/#\/schema\/logo\/image\/"},"sameAs":["https:\/\/www.facebook.com\/cozyanddozyshop","https:\/\/www.instagram.com\/cozyanddozy\/"]}]},"product_price_amount":"25.00","product_price_currency":"EUR","og_availability":"instock","product_availability":"instock","product_retailer_item_id":"5902701497224","product_condition":"new"},"_links":{"self":[{"href":"https:\/\/cozyanddozy.com\/fr\/wp-json\/wp\/v2\/product\/3333","targetHints":{"allow":["GET"]}}],"collection":[{"href":"https:\/\/cozyanddozy.com\/fr\/wp-json\/wp\/v2\/product"}],"about":[{"href":"https:\/\/cozyanddozy.com\/fr\/wp-json\/wp\/v2\/types\/product"}],"replies":[{"embeddable":true,"href":"https:\/\/cozyanddozy.com\/fr\/wp-json\/wp\/v2\/comments?post=3333"}],"wp:featuredmedia":[{"embeddable":true,"href":"https:\/\/cozyanddozy.com\/fr\/wp-json\/wp\/v2\/media\/1586"}],"wp:attachment":[{"href":"https:\/\/cozyanddozy.com\/fr\/wp-json\/wp\/v2\/media?parent=3333"}],"wp:term":[{"taxonomy":"product_brand","embeddable":true,"href":"https:\/\/cozyanddozy.com\/fr\/wp-json\/wp\/v2\/product_brand?post=3333"},{"taxonomy":"product_cat","embeddable":true,"href":"https:\/\/cozyanddozy.com\/fr\/wp-json\/wp\/v2\/product_cat?post=3333"},{"taxonomy":"product_tag","embeddable":true,"href":"https:\/\/cozyanddozy.com\/fr\/wp-json\/wp\/v2\/product_tag?post=3333"}],"curies":[{"name":"wp","href":"https:\/\/api.w.org\/{rel}","templated":true}]}}