{"id":3313,"date":"2024-03-21T20:23:10","date_gmt":"2024-03-21T20:23:10","guid":{"rendered":"https:\/\/cozyanddozy.com\/?post_type=product&#038;p=2811"},"modified":"2024-08-16T11:39:01","modified_gmt":"2024-08-16T09:39:01","slug":"oreiller-alice-coeur-rose-coussin-en-velours-vert","status":"publish","type":"product","link":"https:\/\/cozyanddozy.com\/fr\/produit\/oreiller-alice-coeur-rose-coussin-en-velours-vert\/","title":{"rendered":"Oreiller Alice Coeur Rose, coussin en velours vert"},"content":{"rendered":"<h3><span style=\"font-size: 14.4px;\"><strong>Coussin d\u00e9coratif Pink Heart, inspir\u00e9 du style d&#8217;Alice au Pays des Merveilles.<\/strong><br \/>\n<\/span><\/h3>\n<p><span style=\"font-size: 14.4px;\">Le coussin de la s\u00e9rie Alice cr\u00e9e une ambiance fabuleuse dans la chambre de votre enfant.<br \/>\nL&#8217;oreiller est fait de velours doux et \u00e9pais et d\u00e9cor\u00e9 d&#8217;une application. Le tout est termin\u00e9 par un passepoil.<br \/>\nLe coussin coeur en velours vert conviendra aussi bien aux enfants qu&#8217;aux adultes et sera une superbe d\u00e9coration pour un lit ou un canap\u00e9..<\/span><\/p>\n<p>Dans la s\u00e9rie Alice, nous proposons des oreillers de diff\u00e9rentes couleurs et applications, faisant r\u00e9f\u00e9rence th\u00e9matiquement \u00e0 l&#8217;atmosph\u00e8re fabuleuse du pays des merveilles.<\/p>\n<div>\n<p>Description de l&#8217;oreiller :<\/p>\n<ul>\n<li>dimensions : 40\u00d740cm<\/li>\n<li>a une fermeture \u00e9clair (lavage facile)<\/li>\n<li>remplissage hypoallerg\u00e9nique<\/li>\n<li>en velours 100% PES, tissu certifi\u00e9<\/li>\n<li>Produit certifi\u00e9 CE<\/li>\n<li>con\u00e7u et cousu par Cozy&amp;Dozy en Pologne.<\/li>\n<\/ul>\n<p>M\u00e9thode d&#8217;entretien :<\/p>\n<ul>\n<li>Lavage \u00e0 40\u00b0 \u2013 programme d\u00e9licat<\/li>\n<li>Ne pas repasser et nettoyer \u00e0 sec<\/li>\n<li>Ne pas chlorer<\/li>\n<\/ul>\n<p>La s\u00e9curit\u00e9 des enfants est la chose la plus importante pour nous, c&#8217;est pourquoi la guirlande et l&#8217;oreiller sont compos\u00e9s \u00e0 100 % de velours de la plus haute qualit\u00e9.<\/p>\n<p>&nbsp;<\/p>\n<p>Nos produits sont certifi\u00e9s CE, vous pouvez donc les offrir \u00e0 votre enfant sans aucun souci.<\/p>\n<p>&nbsp;<\/p>\n<p>Tous nos produits ont \u00e9t\u00e9 con\u00e7us et fabriqu\u00e9s dans notre studio Cozy&amp;Dozy.<\/p>\n<\/div>\n","protected":false},"excerpt":{"rendered":"<div><\/div>\n<div>Oreiller vert avec application c\u0153ur rose. Un oreiller douillet en velours, dimensions 40&#215;40 cm.<\/div>\n","protected":false},"featured_media":3244,"comment_status":"open","ping_status":"closed","template":"","meta":[],"product_brand":[],"product_cat":[17],"product_tag":[],"class_list":{"0":"post-3313","1":"product","2":"type-product","3":"status-publish","4":"has-post-thumbnail","6":"product_cat-coussins-et-poufs","8":"first","9":"instock","10":"shipping-taxable","11":"product-type-simple"},"yoast_head":"<!-- This site is optimized with the Yoast SEO Premium plugin v21.9 (Yoast SEO v27.0) - https:\/\/yoast.com\/product\/yoast-seo-premium-wordpress\/ -->\n<title>Oreiller Alice Coeur Rose, coussin en velours vert - Cozy &amp; Dozy<\/title>\n<meta name=\"description\" content=\"Oreiller vert avec application c\u0153ur rose. Un oreiller douillet en velours, dimensions 40x40 cm.\" \/>\n<meta name=\"robots\" content=\"index, follow, max-snippet:-1, max-image-preview:large, max-video-preview:-1\" \/>\n<link rel=\"canonical\" href=\"https:\/\/cozyanddozy.com\/fr\/produit\/oreiller-alice-coeur-rose-coussin-en-velours-vert\/\" \/>\n<meta property=\"og:locale\" content=\"fr_FR\" \/>\n<meta property=\"og:type\" content=\"article\" \/>\n<meta property=\"og:title\" content=\"Oreiller Alice Coeur Rose, coussin en velours vert\" \/>\n<meta property=\"og:description\" content=\"Oreiller vert avec application c\u0153ur rose. Un oreiller douillet en velours, dimensions 40x40 cm.\" \/>\n<meta property=\"og:url\" content=\"https:\/\/cozyanddozy.com\/fr\/produit\/oreiller-alice-coeur-rose-coussin-en-velours-vert\/\" \/>\n<meta property=\"og:site_name\" content=\"Cozy &amp; Dozy\" \/>\n<meta property=\"article:publisher\" content=\"https:\/\/www.facebook.com\/cozyanddozyshop\" \/>\n<meta property=\"article:modified_time\" content=\"2024-08-16T09:39:01+00:00\" \/>\n<meta property=\"og:image\" content=\"https:\/\/cozyanddozy.com\/fr\/wp-content\/uploads\/2024\/03\/poduszka-serce-scaled.jpg\" \/>\n\t<meta property=\"og:image:width\" content=\"2560\" \/>\n\t<meta property=\"og:image:height\" content=\"2560\" \/>\n\t<meta property=\"og:image:type\" content=\"image\/jpeg\" \/>\n<meta name=\"twitter:card\" content=\"summary_large_image\" \/>\n<meta name=\"twitter:label1\" content=\"Prix\" \/>\n\t<meta name=\"twitter:data1\" content=\"49,00&nbsp;&euro;\" \/>\n\t<meta name=\"twitter:label2\" content=\"Disponibilit\u00e9\" \/>\n\t<meta name=\"twitter:data2\" content=\"En stock\" \/>\n<script type=\"application\/ld+json\" class=\"yoast-schema-graph\">{\"@context\":\"https:\/\/schema.org\",\"@graph\":[{\"@type\":\"WebPage\",\"@id\":\"https:\/\/cozyanddozy.com\/fr\/produit\/oreiller-alice-coeur-rose-coussin-en-velours-vert\/\",\"url\":\"https:\/\/cozyanddozy.com\/fr\/produit\/oreiller-alice-coeur-rose-coussin-en-velours-vert\/\",\"name\":\"Oreiller Alice Coeur Rose, coussin en velours vert - Cozy & Dozy\",\"isPartOf\":{\"@id\":\"https:\/\/cozyanddozy.com\/fr\/#website\"},\"primaryImageOfPage\":{\"@id\":\"https:\/\/cozyanddozy.com\/fr\/produit\/oreiller-alice-coeur-rose-coussin-en-velours-vert\/#primaryimage\"},\"image\":{\"@id\":\"https:\/\/cozyanddozy.com\/fr\/produit\/oreiller-alice-coeur-rose-coussin-en-velours-vert\/#primaryimage\"},\"thumbnailUrl\":\"https:\/\/cozyanddozy.com\/fr\/wp-content\/uploads\/2024\/03\/poduszka-serce-scaled.jpg\",\"datePublished\":\"2024-03-21T20:23:10+00:00\",\"dateModified\":\"2024-08-16T09:39:01+00:00\",\"description\":\"Oreiller vert avec application c\u0153ur rose. Un oreiller douillet en velours, dimensions 40x40 cm.\",\"breadcrumb\":{\"@id\":\"https:\/\/cozyanddozy.com\/fr\/produit\/oreiller-alice-coeur-rose-coussin-en-velours-vert\/#breadcrumb\"},\"inLanguage\":\"fr-FR\",\"potentialAction\":[{\"@type\":\"ReadAction\",\"target\":[\"https:\/\/cozyanddozy.com\/fr\/produit\/oreiller-alice-coeur-rose-coussin-en-velours-vert\/\"]}]},{\"@type\":\"ImageObject\",\"inLanguage\":\"fr-FR\",\"@id\":\"https:\/\/cozyanddozy.com\/fr\/produit\/oreiller-alice-coeur-rose-coussin-en-velours-vert\/#primaryimage\",\"url\":\"https:\/\/cozyanddozy.com\/fr\/wp-content\/uploads\/2024\/03\/poduszka-serce-scaled.jpg\",\"contentUrl\":\"https:\/\/cozyanddozy.com\/fr\/wp-content\/uploads\/2024\/03\/poduszka-serce-scaled.jpg\",\"width\":2560,\"height\":2560},{\"@type\":\"BreadcrumbList\",\"@id\":\"https:\/\/cozyanddozy.com\/fr\/produit\/oreiller-alice-coeur-rose-coussin-en-velours-vert\/#breadcrumb\",\"itemListElement\":[{\"@type\":\"ListItem\",\"position\":1,\"name\":\"Home\",\"item\":\"https:\/\/cozyanddozy.com\/fr\/\"},{\"@type\":\"ListItem\",\"position\":2,\"name\":\"Boutique\",\"item\":\"https:\/\/cozyanddozy.com\/fr\/boutique\/\"},{\"@type\":\"ListItem\",\"position\":3,\"name\":\"Oreiller Alice Coeur Rose, coussin en velours vert\"}]},{\"@type\":\"WebSite\",\"@id\":\"https:\/\/cozyanddozy.com\/fr\/#website\",\"url\":\"https:\/\/cozyanddozy.com\/fr\/\",\"name\":\"Cozy & Dozy\",\"description\":\"\",\"publisher\":{\"@id\":\"https:\/\/cozyanddozy.com\/fr\/#organization\"},\"alternateName\":\"Cozy and Dozy\",\"potentialAction\":[{\"@type\":\"SearchAction\",\"target\":{\"@type\":\"EntryPoint\",\"urlTemplate\":\"https:\/\/cozyanddozy.com\/fr\/?s={search_term_string}\"},\"query-input\":{\"@type\":\"PropertyValueSpecification\",\"valueRequired\":true,\"valueName\":\"search_term_string\"}}],\"inLanguage\":\"fr-FR\"},{\"@type\":\"Organization\",\"@id\":\"https:\/\/cozyanddozy.com\/fr\/#organization\",\"name\":\"Cozy & Dozy\",\"url\":\"https:\/\/cozyanddozy.com\/fr\/\",\"logo\":{\"@type\":\"ImageObject\",\"inLanguage\":\"fr-FR\",\"@id\":\"https:\/\/cozyanddozy.com\/fr\/#\/schema\/logo\/image\/\",\"url\":\"https:\/\/cozyanddozy.com\/fr\/wp-content\/uploads\/2023\/02\/cozyanddozy_logo_b.png\",\"contentUrl\":\"https:\/\/cozyanddozy.com\/fr\/wp-content\/uploads\/2023\/02\/cozyanddozy_logo_b.png\",\"width\":314,\"height\":85,\"caption\":\"Cozy & Dozy\"},\"image\":{\"@id\":\"https:\/\/cozyanddozy.com\/fr\/#\/schema\/logo\/image\/\"},\"sameAs\":[\"https:\/\/www.facebook.com\/cozyanddozyshop\",\"https:\/\/www.instagram.com\/cozyanddozy\/\"]}]}<\/script>\n<meta property=\"product:price:amount\" content=\"49.00\" \/>\n<meta property=\"product:price:currency\" content=\"EUR\" \/>\n<meta property=\"og:availability\" content=\"instock\" \/>\n<meta property=\"product:availability\" content=\"instock\" \/>\n<meta property=\"product:retailer_item_id\" content=\"5902701497552\" \/>\n<meta property=\"product:condition\" content=\"new\" \/>\n<!-- \/ Yoast SEO Premium plugin. -->","yoast_head_json":{"title":"Oreiller Alice Coeur Rose, coussin en velours vert - Cozy & Dozy","description":"Oreiller vert avec application c\u0153ur rose. Un oreiller douillet en velours, dimensions 40x40 cm.","robots":{"index":"index","follow":"follow","max-snippet":"max-snippet:-1","max-image-preview":"max-image-preview:large","max-video-preview":"max-video-preview:-1"},"canonical":"https:\/\/cozyanddozy.com\/fr\/produit\/oreiller-alice-coeur-rose-coussin-en-velours-vert\/","og_locale":"fr_FR","og_type":"article","og_title":"Oreiller Alice Coeur Rose, coussin en velours vert","og_description":"Oreiller vert avec application c\u0153ur rose. Un oreiller douillet en velours, dimensions 40x40 cm.","og_url":"https:\/\/cozyanddozy.com\/fr\/produit\/oreiller-alice-coeur-rose-coussin-en-velours-vert\/","og_site_name":"Cozy &amp; Dozy","article_publisher":"https:\/\/www.facebook.com\/cozyanddozyshop","article_modified_time":"2024-08-16T09:39:01+00:00","og_image":[{"width":2560,"height":2560,"url":"https:\/\/cozyanddozy.com\/fr\/wp-content\/uploads\/2024\/03\/poduszka-serce-scaled.jpg","type":"image\/jpeg"}],"twitter_card":"summary_large_image","twitter_misc":{"Prix":"49,00&nbsp;&euro;","Disponibilit\u00e9":"En stock"},"schema":{"@context":"https:\/\/schema.org","@graph":[{"@type":"WebPage","@id":"https:\/\/cozyanddozy.com\/fr\/produit\/oreiller-alice-coeur-rose-coussin-en-velours-vert\/","url":"https:\/\/cozyanddozy.com\/fr\/produit\/oreiller-alice-coeur-rose-coussin-en-velours-vert\/","name":"Oreiller Alice Coeur Rose, coussin en velours vert - Cozy & Dozy","isPartOf":{"@id":"https:\/\/cozyanddozy.com\/fr\/#website"},"primaryImageOfPage":{"@id":"https:\/\/cozyanddozy.com\/fr\/produit\/oreiller-alice-coeur-rose-coussin-en-velours-vert\/#primaryimage"},"image":{"@id":"https:\/\/cozyanddozy.com\/fr\/produit\/oreiller-alice-coeur-rose-coussin-en-velours-vert\/#primaryimage"},"thumbnailUrl":"https:\/\/cozyanddozy.com\/fr\/wp-content\/uploads\/2024\/03\/poduszka-serce-scaled.jpg","datePublished":"2024-03-21T20:23:10+00:00","dateModified":"2024-08-16T09:39:01+00:00","description":"Oreiller vert avec application c\u0153ur rose. Un oreiller douillet en velours, dimensions 40x40 cm.","breadcrumb":{"@id":"https:\/\/cozyanddozy.com\/fr\/produit\/oreiller-alice-coeur-rose-coussin-en-velours-vert\/#breadcrumb"},"inLanguage":"fr-FR","potentialAction":[{"@type":"ReadAction","target":["https:\/\/cozyanddozy.com\/fr\/produit\/oreiller-alice-coeur-rose-coussin-en-velours-vert\/"]}]},{"@type":"ImageObject","inLanguage":"fr-FR","@id":"https:\/\/cozyanddozy.com\/fr\/produit\/oreiller-alice-coeur-rose-coussin-en-velours-vert\/#primaryimage","url":"https:\/\/cozyanddozy.com\/fr\/wp-content\/uploads\/2024\/03\/poduszka-serce-scaled.jpg","contentUrl":"https:\/\/cozyanddozy.com\/fr\/wp-content\/uploads\/2024\/03\/poduszka-serce-scaled.jpg","width":2560,"height":2560},{"@type":"BreadcrumbList","@id":"https:\/\/cozyanddozy.com\/fr\/produit\/oreiller-alice-coeur-rose-coussin-en-velours-vert\/#breadcrumb","itemListElement":[{"@type":"ListItem","position":1,"name":"Home","item":"https:\/\/cozyanddozy.com\/fr\/"},{"@type":"ListItem","position":2,"name":"Boutique","item":"https:\/\/cozyanddozy.com\/fr\/boutique\/"},{"@type":"ListItem","position":3,"name":"Oreiller Alice Coeur Rose, coussin en velours vert"}]},{"@type":"WebSite","@id":"https:\/\/cozyanddozy.com\/fr\/#website","url":"https:\/\/cozyanddozy.com\/fr\/","name":"Cozy & Dozy","description":"","publisher":{"@id":"https:\/\/cozyanddozy.com\/fr\/#organization"},"alternateName":"Cozy and Dozy","potentialAction":[{"@type":"SearchAction","target":{"@type":"EntryPoint","urlTemplate":"https:\/\/cozyanddozy.com\/fr\/?s={search_term_string}"},"query-input":{"@type":"PropertyValueSpecification","valueRequired":true,"valueName":"search_term_string"}}],"inLanguage":"fr-FR"},{"@type":"Organization","@id":"https:\/\/cozyanddozy.com\/fr\/#organization","name":"Cozy & Dozy","url":"https:\/\/cozyanddozy.com\/fr\/","logo":{"@type":"ImageObject","inLanguage":"fr-FR","@id":"https:\/\/cozyanddozy.com\/fr\/#\/schema\/logo\/image\/","url":"https:\/\/cozyanddozy.com\/fr\/wp-content\/uploads\/2023\/02\/cozyanddozy_logo_b.png","contentUrl":"https:\/\/cozyanddozy.com\/fr\/wp-content\/uploads\/2023\/02\/cozyanddozy_logo_b.png","width":314,"height":85,"caption":"Cozy & Dozy"},"image":{"@id":"https:\/\/cozyanddozy.com\/fr\/#\/schema\/logo\/image\/"},"sameAs":["https:\/\/www.facebook.com\/cozyanddozyshop","https:\/\/www.instagram.com\/cozyanddozy\/"]}]},"product_price_amount":"49.00","product_price_currency":"EUR","og_availability":"instock","product_availability":"instock","product_retailer_item_id":"5902701497552","product_condition":"new"},"_links":{"self":[{"href":"https:\/\/cozyanddozy.com\/fr\/wp-json\/wp\/v2\/product\/3313","targetHints":{"allow":["GET"]}}],"collection":[{"href":"https:\/\/cozyanddozy.com\/fr\/wp-json\/wp\/v2\/product"}],"about":[{"href":"https:\/\/cozyanddozy.com\/fr\/wp-json\/wp\/v2\/types\/product"}],"replies":[{"embeddable":true,"href":"https:\/\/cozyanddozy.com\/fr\/wp-json\/wp\/v2\/comments?post=3313"}],"wp:featuredmedia":[{"embeddable":true,"href":"https:\/\/cozyanddozy.com\/fr\/wp-json\/wp\/v2\/media\/3244"}],"wp:attachment":[{"href":"https:\/\/cozyanddozy.com\/fr\/wp-json\/wp\/v2\/media?parent=3313"}],"wp:term":[{"taxonomy":"product_brand","embeddable":true,"href":"https:\/\/cozyanddozy.com\/fr\/wp-json\/wp\/v2\/product_brand?post=3313"},{"taxonomy":"product_cat","embeddable":true,"href":"https:\/\/cozyanddozy.com\/fr\/wp-json\/wp\/v2\/product_cat?post=3313"},{"taxonomy":"product_tag","embeddable":true,"href":"https:\/\/cozyanddozy.com\/fr\/wp-json\/wp\/v2\/product_tag?post=3313"}],"curies":[{"name":"wp","href":"https:\/\/api.w.org\/{rel}","templated":true}]}}