{"id":3223,"date":"2024-03-16T21:09:34","date_gmt":"2024-03-16T21:09:34","guid":{"rendered":"https:\/\/cozyanddozy.com\/?post_type=product&#038;p=2731"},"modified":"2025-01-29T21:49:52","modified_gmt":"2025-01-29T20:49:52","slug":"tente-tipi-teddy-marron-velours","status":"publish","type":"product","link":"https:\/\/cozyanddozy.com\/fr\/produit\/tente-tipi-teddy-marron-velours\/","title":{"rendered":"Tente Tipi Teddy Marron Velours"},"content":{"rendered":"<h3><img decoding=\"async\" class=\"alignnone size-medium wp-image-3340 alignright\" src=\"https:\/\/cozyanddozy.com\/fr\/wp-content\/uploads\/2024\/04\/brown-diplodok-pillow-400x400.jpg\" alt=\"\" width=\"400\" height=\"400\" srcset=\"https:\/\/cozyanddozy.com\/fr\/wp-content\/uploads\/2024\/04\/brown-diplodok-pillow-400x400.jpg 400w, https:\/\/cozyanddozy.com\/fr\/wp-content\/uploads\/2024\/04\/brown-diplodok-pillow-150x150.jpg 150w, https:\/\/cozyanddozy.com\/fr\/wp-content\/uploads\/2024\/04\/brown-diplodok-pillow-768x768.jpg 768w, https:\/\/cozyanddozy.com\/fr\/wp-content\/uploads\/2024\/04\/brown-diplodok-pillow-470x470.jpg 470w, https:\/\/cozyanddozy.com\/fr\/wp-content\/uploads\/2024\/04\/brown-diplodok-pillow-800x800.jpg 800w, https:\/\/cozyanddozy.com\/fr\/wp-content\/uploads\/2024\/04\/brown-diplodok-pillow-100x100.jpg 100w, https:\/\/cozyanddozy.com\/fr\/wp-content\/uploads\/2024\/04\/brown-diplodok-pillow.jpg 1200w\" sizes=\"(max-width: 400px) 100vw, 400px\" \/><\/h3>\n<h3><strong>La tente de jeu de la s\u00e9rie Teddy Velvet est un tipi de couleur marron avec une bordure d\u00e9corative \u00e0 pompons \u00e9cru<br \/>\n<\/strong><\/h3>\n<div><strong>La tente tipi est faite de toile solide.<\/strong><\/div>\n<div><\/div>\n<div><strong>Une tente est un endroit id\u00e9al pour jouer \u00e0 la maison, sur la terrasse ou dans le jardin.<\/strong><\/div>\n<div><\/div>\n<div>Tipi a une fen\u00eatre avec un store enroulable et deux poches pour les jouets.<\/div>\n<div><\/div>\n<div>Wigwam a \u00e9t\u00e9 con\u00e7u pour plaire aux yeux pendant longtemps et garantir un plaisir en toute s\u00e9curit\u00e9.<\/div>\n<div><\/div>\n<div>Tipi a 4 c\u00f4t\u00e9s \u2013 aire de jeu env. 1 m2, hauteur d\u00e9pli\u00e9e env. 150cm.<\/div>\n<div><\/div>\n<div>Chaque tente est livr\u00e9e avec des poteaux pliants en pin et un stabilisateur qui maintient les poteaux de mani\u00e8re rigide pour assurer la stabilit\u00e9 de la tente.<\/div>\n<div><\/div>\n<div>Le kit comprend :<\/div>\n<ul>\n<li>tente tipi<\/li>\n<li>4 b\u00e2tons de pin pliants (8 moiti\u00e9s) + \u00e9l\u00e9ments de liaison des b\u00e2tons (8 vis et 4 \u00e9crous longs)<\/li>\n<li>instruction<\/li>\n<li>stabilisateur + corde<\/li>\n<\/ul>\n<div>Wigwam a \u00e9t\u00e9 con\u00e7u pour plaire aux yeux pendant longtemps et garantir un plaisir en toute s\u00e9curit\u00e9.<\/div>\n<div><\/div>\n<div><strong>Tipi a 4 c\u00f4t\u00e9s \u2013 aire de jeu env. 1 m2, hauteur d\u00e9pli\u00e9e env. 150cm.<\/strong><\/div>\n<div><\/div>\n<div>Mat\u00e9riaux:<\/div>\n<ul>\n<li>coton r\u00e9sistant avec certificat<\/li>\n<li>velours avec certificat 100% PES<\/li>\n<\/ul>\n<p>M\u00e9thode de soins :<\/p>\n<ul>\n<li>Lavable en machine \u00e0 40 degr\u00e9s,<\/li>\n<li>Spin \u2013 800 tours<\/li>\n<li>Ne pas nettoyer \u00e0 sec<\/li>\n<li>Ne pas javelliser<\/li>\n<\/ul>\n<p>information additionnelle<\/p>\n<ul>\n<li>Hauteur du cadre : 170 cm (5\u2032 6\u2033) ;<\/li>\n<li>Hauteur de la tente apr\u00e8s montage : 150 cm (4\u2032 11\u2033) ;<\/li>\n<li>Largeur du socle : 110x110cm (3\u20326\u2033\/3\u2032 6\u2033)<\/li>\n<li>Poids de la bo\u00eete : ~5kg<\/li>\n<\/ul>\n<div><\/div>\n<div><strong>Tous les produits COZY &amp; DOZY ont \u00e9t\u00e9 con\u00e7us et fabriqu\u00e9s en Pologne et disposent des d\u00e9clarations CE pour les produits pour enfants.<\/strong><\/div>\n","protected":false},"excerpt":{"rendered":"<p>Le tipi de jeu poss\u00e8de une fen\u00eatre avec un store enrouleur et deux poches pour les jouets. Ensemble avec stabilisateur.<\/p>\n","protected":false},"featured_media":3442,"comment_status":"open","ping_status":"closed","template":"","meta":[],"product_brand":[],"product_cat":[16],"product_tag":[],"class_list":{"0":"post-3223","1":"product","2":"type-product","3":"status-publish","4":"has-post-thumbnail","6":"product_cat-tentes-tipi","8":"first","9":"instock","10":"sale","11":"shipping-taxable","12":"product-type-simple"},"yoast_head":"<!-- This site is optimized with the Yoast SEO Premium plugin v21.9 (Yoast SEO v27.0) - https:\/\/yoast.com\/product\/yoast-seo-premium-wordpress\/ -->\n<title>Tente Tipi Teddy Marron Velours - Cozy &amp; Dozy<\/title>\n<meta name=\"description\" content=\"Le tipi de jeu poss\u00e8de une fen\u00eatre avec un store enrouleur et deux poches pour les jouets. Ensemble avec stabilisateur.\" \/>\n<meta name=\"robots\" content=\"index, follow, max-snippet:-1, max-image-preview:large, max-video-preview:-1\" \/>\n<link rel=\"canonical\" href=\"https:\/\/cozyanddozy.com\/fr\/produit\/tente-tipi-teddy-marron-velours\/\" \/>\n<meta property=\"og:locale\" content=\"fr_FR\" \/>\n<meta property=\"og:type\" content=\"article\" \/>\n<meta property=\"og:title\" content=\"Tente Tipi Teddy Marron Velours\" \/>\n<meta property=\"og:description\" content=\"Le tipi de jeu poss\u00e8de une fen\u00eatre avec un store enrouleur et deux poches pour les jouets. Ensemble avec stabilisateur.\" \/>\n<meta property=\"og:url\" content=\"https:\/\/cozyanddozy.com\/fr\/produit\/tente-tipi-teddy-marron-velours\/\" \/>\n<meta property=\"og:site_name\" content=\"Cozy &amp; Dozy\" \/>\n<meta property=\"article:publisher\" content=\"https:\/\/www.facebook.com\/cozyanddozyshop\" \/>\n<meta property=\"article:modified_time\" content=\"2025-01-29T20:49:52+00:00\" \/>\n<meta property=\"og:image\" content=\"https:\/\/cozyanddozy.com\/fr\/wp-content\/uploads\/2024\/05\/image00060-scaled.jpeg\" \/>\n\t<meta property=\"og:image:width\" content=\"2560\" \/>\n\t<meta property=\"og:image:height\" content=\"2560\" \/>\n\t<meta property=\"og:image:type\" content=\"image\/jpeg\" \/>\n<meta name=\"twitter:card\" content=\"summary_large_image\" \/>\n<meta name=\"twitter:label1\" content=\"Prix\" \/>\n\t<meta name=\"twitter:data1\" content=\"79,00&nbsp;&euro;\" \/>\n\t<meta name=\"twitter:label2\" content=\"Disponibilit\u00e9\" \/>\n\t<meta name=\"twitter:data2\" content=\"En stock\" \/>\n<script type=\"application\/ld+json\" class=\"yoast-schema-graph\">{\"@context\":\"https:\/\/schema.org\",\"@graph\":[{\"@type\":\"WebPage\",\"@id\":\"https:\/\/cozyanddozy.com\/fr\/produit\/tente-tipi-teddy-marron-velours\/\",\"url\":\"https:\/\/cozyanddozy.com\/fr\/produit\/tente-tipi-teddy-marron-velours\/\",\"name\":\"Tente Tipi Teddy Marron Velours - Cozy & Dozy\",\"isPartOf\":{\"@id\":\"https:\/\/cozyanddozy.com\/fr\/#website\"},\"primaryImageOfPage\":{\"@id\":\"https:\/\/cozyanddozy.com\/fr\/produit\/tente-tipi-teddy-marron-velours\/#primaryimage\"},\"image\":{\"@id\":\"https:\/\/cozyanddozy.com\/fr\/produit\/tente-tipi-teddy-marron-velours\/#primaryimage\"},\"thumbnailUrl\":\"https:\/\/cozyanddozy.com\/fr\/wp-content\/uploads\/2024\/05\/image00060-scaled.jpeg\",\"datePublished\":\"2024-03-16T21:09:34+00:00\",\"dateModified\":\"2025-01-29T20:49:52+00:00\",\"description\":\"Le tipi de jeu poss\u00e8de une fen\u00eatre avec un store enrouleur et deux poches pour les jouets. Ensemble avec stabilisateur.\",\"breadcrumb\":{\"@id\":\"https:\/\/cozyanddozy.com\/fr\/produit\/tente-tipi-teddy-marron-velours\/#breadcrumb\"},\"inLanguage\":\"fr-FR\",\"potentialAction\":[{\"@type\":\"ReadAction\",\"target\":[\"https:\/\/cozyanddozy.com\/fr\/produit\/tente-tipi-teddy-marron-velours\/\"]}]},{\"@type\":\"ImageObject\",\"inLanguage\":\"fr-FR\",\"@id\":\"https:\/\/cozyanddozy.com\/fr\/produit\/tente-tipi-teddy-marron-velours\/#primaryimage\",\"url\":\"https:\/\/cozyanddozy.com\/fr\/wp-content\/uploads\/2024\/05\/image00060-scaled.jpeg\",\"contentUrl\":\"https:\/\/cozyanddozy.com\/fr\/wp-content\/uploads\/2024\/05\/image00060-scaled.jpeg\",\"width\":2560,\"height\":2560},{\"@type\":\"BreadcrumbList\",\"@id\":\"https:\/\/cozyanddozy.com\/fr\/produit\/tente-tipi-teddy-marron-velours\/#breadcrumb\",\"itemListElement\":[{\"@type\":\"ListItem\",\"position\":1,\"name\":\"Home\",\"item\":\"https:\/\/cozyanddozy.com\/fr\/\"},{\"@type\":\"ListItem\",\"position\":2,\"name\":\"Boutique\",\"item\":\"https:\/\/cozyanddozy.com\/fr\/boutique\/\"},{\"@type\":\"ListItem\",\"position\":3,\"name\":\"Tente Tipi Teddy Marron Velours\"}]},{\"@type\":\"WebSite\",\"@id\":\"https:\/\/cozyanddozy.com\/fr\/#website\",\"url\":\"https:\/\/cozyanddozy.com\/fr\/\",\"name\":\"Cozy & Dozy\",\"description\":\"\",\"publisher\":{\"@id\":\"https:\/\/cozyanddozy.com\/fr\/#organization\"},\"alternateName\":\"Cozy and Dozy\",\"potentialAction\":[{\"@type\":\"SearchAction\",\"target\":{\"@type\":\"EntryPoint\",\"urlTemplate\":\"https:\/\/cozyanddozy.com\/fr\/?s={search_term_string}\"},\"query-input\":{\"@type\":\"PropertyValueSpecification\",\"valueRequired\":true,\"valueName\":\"search_term_string\"}}],\"inLanguage\":\"fr-FR\"},{\"@type\":\"Organization\",\"@id\":\"https:\/\/cozyanddozy.com\/fr\/#organization\",\"name\":\"Cozy & Dozy\",\"url\":\"https:\/\/cozyanddozy.com\/fr\/\",\"logo\":{\"@type\":\"ImageObject\",\"inLanguage\":\"fr-FR\",\"@id\":\"https:\/\/cozyanddozy.com\/fr\/#\/schema\/logo\/image\/\",\"url\":\"https:\/\/cozyanddozy.com\/fr\/wp-content\/uploads\/2023\/02\/cozyanddozy_logo_b.png\",\"contentUrl\":\"https:\/\/cozyanddozy.com\/fr\/wp-content\/uploads\/2023\/02\/cozyanddozy_logo_b.png\",\"width\":314,\"height\":85,\"caption\":\"Cozy & Dozy\"},\"image\":{\"@id\":\"https:\/\/cozyanddozy.com\/fr\/#\/schema\/logo\/image\/\"},\"sameAs\":[\"https:\/\/www.facebook.com\/cozyanddozyshop\",\"https:\/\/www.instagram.com\/cozyanddozy\/\"]}]}<\/script>\n<meta property=\"product:price:amount\" content=\"79.00\" \/>\n<meta property=\"product:price:currency\" content=\"EUR\" \/>\n<meta property=\"og:availability\" content=\"instock\" \/>\n<meta property=\"product:availability\" content=\"instock\" \/>\n<meta property=\"product:retailer_item_id\" content=\"5902701497309-2\" \/>\n<meta property=\"product:condition\" content=\"new\" \/>\n<!-- \/ Yoast SEO Premium plugin. -->","yoast_head_json":{"title":"Tente Tipi Teddy Marron Velours - Cozy & Dozy","description":"Le tipi de jeu poss\u00e8de une fen\u00eatre avec un store enrouleur et deux poches pour les jouets. Ensemble avec stabilisateur.","robots":{"index":"index","follow":"follow","max-snippet":"max-snippet:-1","max-image-preview":"max-image-preview:large","max-video-preview":"max-video-preview:-1"},"canonical":"https:\/\/cozyanddozy.com\/fr\/produit\/tente-tipi-teddy-marron-velours\/","og_locale":"fr_FR","og_type":"article","og_title":"Tente Tipi Teddy Marron Velours","og_description":"Le tipi de jeu poss\u00e8de une fen\u00eatre avec un store enrouleur et deux poches pour les jouets. Ensemble avec stabilisateur.","og_url":"https:\/\/cozyanddozy.com\/fr\/produit\/tente-tipi-teddy-marron-velours\/","og_site_name":"Cozy &amp; Dozy","article_publisher":"https:\/\/www.facebook.com\/cozyanddozyshop","article_modified_time":"2025-01-29T20:49:52+00:00","og_image":[{"width":2560,"height":2560,"url":"https:\/\/cozyanddozy.com\/fr\/wp-content\/uploads\/2024\/05\/image00060-scaled.jpeg","type":"image\/jpeg"}],"twitter_card":"summary_large_image","twitter_misc":{"Prix":"79,00&nbsp;&euro;","Disponibilit\u00e9":"En stock"},"schema":{"@context":"https:\/\/schema.org","@graph":[{"@type":"WebPage","@id":"https:\/\/cozyanddozy.com\/fr\/produit\/tente-tipi-teddy-marron-velours\/","url":"https:\/\/cozyanddozy.com\/fr\/produit\/tente-tipi-teddy-marron-velours\/","name":"Tente Tipi Teddy Marron Velours - Cozy & Dozy","isPartOf":{"@id":"https:\/\/cozyanddozy.com\/fr\/#website"},"primaryImageOfPage":{"@id":"https:\/\/cozyanddozy.com\/fr\/produit\/tente-tipi-teddy-marron-velours\/#primaryimage"},"image":{"@id":"https:\/\/cozyanddozy.com\/fr\/produit\/tente-tipi-teddy-marron-velours\/#primaryimage"},"thumbnailUrl":"https:\/\/cozyanddozy.com\/fr\/wp-content\/uploads\/2024\/05\/image00060-scaled.jpeg","datePublished":"2024-03-16T21:09:34+00:00","dateModified":"2025-01-29T20:49:52+00:00","description":"Le tipi de jeu poss\u00e8de une fen\u00eatre avec un store enrouleur et deux poches pour les jouets. Ensemble avec stabilisateur.","breadcrumb":{"@id":"https:\/\/cozyanddozy.com\/fr\/produit\/tente-tipi-teddy-marron-velours\/#breadcrumb"},"inLanguage":"fr-FR","potentialAction":[{"@type":"ReadAction","target":["https:\/\/cozyanddozy.com\/fr\/produit\/tente-tipi-teddy-marron-velours\/"]}]},{"@type":"ImageObject","inLanguage":"fr-FR","@id":"https:\/\/cozyanddozy.com\/fr\/produit\/tente-tipi-teddy-marron-velours\/#primaryimage","url":"https:\/\/cozyanddozy.com\/fr\/wp-content\/uploads\/2024\/05\/image00060-scaled.jpeg","contentUrl":"https:\/\/cozyanddozy.com\/fr\/wp-content\/uploads\/2024\/05\/image00060-scaled.jpeg","width":2560,"height":2560},{"@type":"BreadcrumbList","@id":"https:\/\/cozyanddozy.com\/fr\/produit\/tente-tipi-teddy-marron-velours\/#breadcrumb","itemListElement":[{"@type":"ListItem","position":1,"name":"Home","item":"https:\/\/cozyanddozy.com\/fr\/"},{"@type":"ListItem","position":2,"name":"Boutique","item":"https:\/\/cozyanddozy.com\/fr\/boutique\/"},{"@type":"ListItem","position":3,"name":"Tente Tipi Teddy Marron Velours"}]},{"@type":"WebSite","@id":"https:\/\/cozyanddozy.com\/fr\/#website","url":"https:\/\/cozyanddozy.com\/fr\/","name":"Cozy & Dozy","description":"","publisher":{"@id":"https:\/\/cozyanddozy.com\/fr\/#organization"},"alternateName":"Cozy and Dozy","potentialAction":[{"@type":"SearchAction","target":{"@type":"EntryPoint","urlTemplate":"https:\/\/cozyanddozy.com\/fr\/?s={search_term_string}"},"query-input":{"@type":"PropertyValueSpecification","valueRequired":true,"valueName":"search_term_string"}}],"inLanguage":"fr-FR"},{"@type":"Organization","@id":"https:\/\/cozyanddozy.com\/fr\/#organization","name":"Cozy & Dozy","url":"https:\/\/cozyanddozy.com\/fr\/","logo":{"@type":"ImageObject","inLanguage":"fr-FR","@id":"https:\/\/cozyanddozy.com\/fr\/#\/schema\/logo\/image\/","url":"https:\/\/cozyanddozy.com\/fr\/wp-content\/uploads\/2023\/02\/cozyanddozy_logo_b.png","contentUrl":"https:\/\/cozyanddozy.com\/fr\/wp-content\/uploads\/2023\/02\/cozyanddozy_logo_b.png","width":314,"height":85,"caption":"Cozy & Dozy"},"image":{"@id":"https:\/\/cozyanddozy.com\/fr\/#\/schema\/logo\/image\/"},"sameAs":["https:\/\/www.facebook.com\/cozyanddozyshop","https:\/\/www.instagram.com\/cozyanddozy\/"]}]},"product_price_amount":"79.00","product_price_currency":"EUR","og_availability":"instock","product_availability":"instock","product_retailer_item_id":"5902701497309-2","product_condition":"new"},"_links":{"self":[{"href":"https:\/\/cozyanddozy.com\/fr\/wp-json\/wp\/v2\/product\/3223","targetHints":{"allow":["GET"]}}],"collection":[{"href":"https:\/\/cozyanddozy.com\/fr\/wp-json\/wp\/v2\/product"}],"about":[{"href":"https:\/\/cozyanddozy.com\/fr\/wp-json\/wp\/v2\/types\/product"}],"replies":[{"embeddable":true,"href":"https:\/\/cozyanddozy.com\/fr\/wp-json\/wp\/v2\/comments?post=3223"}],"wp:featuredmedia":[{"embeddable":true,"href":"https:\/\/cozyanddozy.com\/fr\/wp-json\/wp\/v2\/media\/3442"}],"wp:attachment":[{"href":"https:\/\/cozyanddozy.com\/fr\/wp-json\/wp\/v2\/media?parent=3223"}],"wp:term":[{"taxonomy":"product_brand","embeddable":true,"href":"https:\/\/cozyanddozy.com\/fr\/wp-json\/wp\/v2\/product_brand?post=3223"},{"taxonomy":"product_cat","embeddable":true,"href":"https:\/\/cozyanddozy.com\/fr\/wp-json\/wp\/v2\/product_cat?post=3223"},{"taxonomy":"product_tag","embeddable":true,"href":"https:\/\/cozyanddozy.com\/fr\/wp-json\/wp\/v2\/product_tag?post=3223"}],"curies":[{"name":"wp","href":"https:\/\/api.w.org\/{rel}","templated":true}]}}