{"id":3048,"date":"2024-01-17T17:02:44","date_gmt":"2024-01-17T17:02:44","guid":{"rendered":"https:\/\/cozyanddozy.com\/?post_type=product&#038;p=2617"},"modified":"2024-08-16T11:52:05","modified_gmt":"2024-08-16T09:52:05","slug":"oreiller-candy-coussin-rond-bleu","status":"publish","type":"product","link":"https:\/\/cozyanddozy.com\/fr\/produit\/oreiller-candy-coussin-rond-bleu\/","title":{"rendered":"Oreiller Candy &#8211; coussin rond bleu"},"content":{"rendered":"<h3><img decoding=\"async\" class=\"alignnone wp-image-2039 alignright\" src=\"https:\/\/cozyanddozy.com\/wp-content\/uploads\/2023\/11\/candy-cushions-400x400.jpeg\" alt=\"\" width=\"542\" height=\"542\" \/><strong>Un coussin rond style bonbon de couleur bleue de chez Cozy&amp;Dozy<\/strong><\/h3>\n<div><strong>Qui n&#8217;aime pas les oreillers moelleux, surtout lorsqu&#8217;ils sont faits de beau velours color\u00e9.<\/strong><\/div>\n<div><\/div>\n<div><strong>La collection d&#8217;oreillers Sweet Candy comprend 5 couleurs d&#8217;oreillers ronds et confortables.<\/strong><\/div>\n<div><\/div>\n<div><strong>Vous pouvez choisir une guirlande, un ballon ou une fleur assortis pour chaque oreiller.<\/strong><\/div>\n<div><\/div>\n<div><\/div>\n<div>Dimensions:<\/div>\n<ul>\n<li>40&#215;40 cm<\/li>\n<\/ul>\n<div>Tissu:<\/div>\n<ul>\n<li>100% velours<\/li>\n<li>remplissage isolant en silicone antiallergique<\/li>\n<\/ul>\n<div>M\u00e9thode d&#8217;entretien :<\/div>\n<ul>\n<li>Lavage \u00e0 40\u00b0 &#8211; programme d\u00e9licat<\/li>\n<li>Repassage \u00e0 basse temp\u00e9rature<\/li>\n<li>Ne pas nettoyer \u00e0 sec<\/li>\n<li>Ne pas chlorer<\/li>\n<\/ul>\n<div><\/div>\n<div><strong>La s\u00e9curit\u00e9 des enfants est la chose la plus importante pour nous, c&#8217;est pourquoi la guirlande et l&#8217;oreiller sont compos\u00e9s \u00e0 100 % de velours de la plus haute qualit\u00e9.<\/strong><\/div>\n<div><strong>Nos produits sont certifi\u00e9s CE, vous pouvez donc les offrir \u00e0 votre enfant sans aucun souci.<\/strong><\/div>\n<div><\/div>\n<div>Tous nos produits ont \u00e9t\u00e9 con\u00e7us et fabriqu\u00e9s dans notre studio Cozy&amp;Dozy.<\/div>\n","protected":false},"excerpt":{"rendered":"<p>Oreiller moelleux de la s\u00e9rie Candy, oreiller rond couleur bonbon 40&#215;40 cm<\/p>\n","protected":false},"featured_media":2642,"comment_status":"open","ping_status":"closed","template":"","meta":[],"product_brand":[],"product_cat":[17],"product_tag":[],"class_list":{"0":"post-3048","1":"product","2":"type-product","3":"status-publish","4":"has-post-thumbnail","6":"product_cat-coussins-et-poufs","8":"first","9":"instock","10":"shipping-taxable","11":"product-type-simple"},"yoast_head":"<!-- This site is optimized with the Yoast SEO Premium plugin v21.9 (Yoast SEO v27.0) - https:\/\/yoast.com\/product\/yoast-seo-premium-wordpress\/ -->\n<title>Oreiller Candy - coussin rond bleu - Cozy &amp; Dozy<\/title>\n<meta name=\"description\" content=\"Oreiller moelleux de la s\u00e9rie Candy, oreiller rond couleur bonbon 40x40 cm\" \/>\n<meta name=\"robots\" content=\"index, follow, max-snippet:-1, max-image-preview:large, max-video-preview:-1\" \/>\n<link rel=\"canonical\" href=\"https:\/\/cozyanddozy.com\/fr\/produit\/oreiller-candy-coussin-rond-bleu\/\" \/>\n<meta property=\"og:locale\" content=\"fr_FR\" \/>\n<meta property=\"og:type\" content=\"article\" \/>\n<meta property=\"og:title\" content=\"Oreiller Candy - coussin rond bleu\" \/>\n<meta property=\"og:description\" content=\"Oreiller moelleux de la s\u00e9rie Candy, oreiller rond couleur bonbon 40x40 cm\" \/>\n<meta property=\"og:url\" content=\"https:\/\/cozyanddozy.com\/fr\/produit\/oreiller-candy-coussin-rond-bleu\/\" \/>\n<meta property=\"og:site_name\" content=\"Cozy &amp; Dozy\" \/>\n<meta property=\"article:publisher\" content=\"https:\/\/www.facebook.com\/cozyanddozyshop\" \/>\n<meta property=\"article:modified_time\" content=\"2024-08-16T09:52:05+00:00\" \/>\n<meta property=\"og:image\" content=\"https:\/\/cozyanddozy.com\/fr\/wp-content\/uploads\/2023\/11\/blue-pillows-set-ballon-candy.jpeg\" \/>\n\t<meta property=\"og:image:width\" content=\"1200\" \/>\n\t<meta property=\"og:image:height\" content=\"1200\" \/>\n\t<meta property=\"og:image:type\" content=\"image\/jpeg\" \/>\n<meta name=\"twitter:card\" content=\"summary_large_image\" \/>\n<meta name=\"twitter:label1\" content=\"Prix\" \/>\n\t<meta name=\"twitter:data1\" content=\"35,00&nbsp;&euro;\" \/>\n\t<meta name=\"twitter:label2\" content=\"Disponibilit\u00e9\" \/>\n\t<meta name=\"twitter:data2\" content=\"En stock\" \/>\n<script type=\"application\/ld+json\" class=\"yoast-schema-graph\">{\"@context\":\"https:\/\/schema.org\",\"@graph\":[{\"@type\":\"WebPage\",\"@id\":\"https:\/\/cozyanddozy.com\/fr\/produit\/oreiller-candy-coussin-rond-bleu\/\",\"url\":\"https:\/\/cozyanddozy.com\/fr\/produit\/oreiller-candy-coussin-rond-bleu\/\",\"name\":\"Oreiller Candy - coussin rond bleu - Cozy & Dozy\",\"isPartOf\":{\"@id\":\"https:\/\/cozyanddozy.com\/fr\/#website\"},\"primaryImageOfPage\":{\"@id\":\"https:\/\/cozyanddozy.com\/fr\/produit\/oreiller-candy-coussin-rond-bleu\/#primaryimage\"},\"image\":{\"@id\":\"https:\/\/cozyanddozy.com\/fr\/produit\/oreiller-candy-coussin-rond-bleu\/#primaryimage\"},\"thumbnailUrl\":\"https:\/\/cozyanddozy.com\/fr\/wp-content\/uploads\/2023\/11\/blue-pillows-set-ballon-candy.jpeg\",\"datePublished\":\"2024-01-17T17:02:44+00:00\",\"dateModified\":\"2024-08-16T09:52:05+00:00\",\"description\":\"Oreiller moelleux de la s\u00e9rie Candy, oreiller rond couleur bonbon 40x40 cm\",\"breadcrumb\":{\"@id\":\"https:\/\/cozyanddozy.com\/fr\/produit\/oreiller-candy-coussin-rond-bleu\/#breadcrumb\"},\"inLanguage\":\"fr-FR\",\"potentialAction\":[{\"@type\":\"ReadAction\",\"target\":[\"https:\/\/cozyanddozy.com\/fr\/produit\/oreiller-candy-coussin-rond-bleu\/\"]}]},{\"@type\":\"ImageObject\",\"inLanguage\":\"fr-FR\",\"@id\":\"https:\/\/cozyanddozy.com\/fr\/produit\/oreiller-candy-coussin-rond-bleu\/#primaryimage\",\"url\":\"https:\/\/cozyanddozy.com\/fr\/wp-content\/uploads\/2023\/11\/blue-pillows-set-ballon-candy.jpeg\",\"contentUrl\":\"https:\/\/cozyanddozy.com\/fr\/wp-content\/uploads\/2023\/11\/blue-pillows-set-ballon-candy.jpeg\",\"width\":1200,\"height\":1200},{\"@type\":\"BreadcrumbList\",\"@id\":\"https:\/\/cozyanddozy.com\/fr\/produit\/oreiller-candy-coussin-rond-bleu\/#breadcrumb\",\"itemListElement\":[{\"@type\":\"ListItem\",\"position\":1,\"name\":\"Home\",\"item\":\"https:\/\/cozyanddozy.com\/fr\/\"},{\"@type\":\"ListItem\",\"position\":2,\"name\":\"Boutique\",\"item\":\"https:\/\/cozyanddozy.com\/fr\/boutique\/\"},{\"@type\":\"ListItem\",\"position\":3,\"name\":\"Oreiller Candy &#8211; coussin rond bleu\"}]},{\"@type\":\"WebSite\",\"@id\":\"https:\/\/cozyanddozy.com\/fr\/#website\",\"url\":\"https:\/\/cozyanddozy.com\/fr\/\",\"name\":\"Cozy & Dozy\",\"description\":\"\",\"publisher\":{\"@id\":\"https:\/\/cozyanddozy.com\/fr\/#organization\"},\"alternateName\":\"Cozy and Dozy\",\"potentialAction\":[{\"@type\":\"SearchAction\",\"target\":{\"@type\":\"EntryPoint\",\"urlTemplate\":\"https:\/\/cozyanddozy.com\/fr\/?s={search_term_string}\"},\"query-input\":{\"@type\":\"PropertyValueSpecification\",\"valueRequired\":true,\"valueName\":\"search_term_string\"}}],\"inLanguage\":\"fr-FR\"},{\"@type\":\"Organization\",\"@id\":\"https:\/\/cozyanddozy.com\/fr\/#organization\",\"name\":\"Cozy & Dozy\",\"url\":\"https:\/\/cozyanddozy.com\/fr\/\",\"logo\":{\"@type\":\"ImageObject\",\"inLanguage\":\"fr-FR\",\"@id\":\"https:\/\/cozyanddozy.com\/fr\/#\/schema\/logo\/image\/\",\"url\":\"https:\/\/cozyanddozy.com\/fr\/wp-content\/uploads\/2023\/02\/cozyanddozy_logo_b.png\",\"contentUrl\":\"https:\/\/cozyanddozy.com\/fr\/wp-content\/uploads\/2023\/02\/cozyanddozy_logo_b.png\",\"width\":314,\"height\":85,\"caption\":\"Cozy & Dozy\"},\"image\":{\"@id\":\"https:\/\/cozyanddozy.com\/fr\/#\/schema\/logo\/image\/\"},\"sameAs\":[\"https:\/\/www.facebook.com\/cozyanddozyshop\",\"https:\/\/www.instagram.com\/cozyanddozy\/\"]}]}<\/script>\n<meta property=\"product:price:amount\" content=\"35.00\" \/>\n<meta property=\"product:price:currency\" content=\"EUR\" \/>\n<meta property=\"og:availability\" content=\"instock\" \/>\n<meta property=\"product:availability\" content=\"instock\" \/>\n<meta property=\"product:retailer_item_id\" content=\"5902701497439\" \/>\n<meta property=\"product:condition\" content=\"new\" \/>\n<!-- \/ Yoast SEO Premium plugin. -->","yoast_head_json":{"title":"Oreiller Candy - coussin rond bleu - Cozy & Dozy","description":"Oreiller moelleux de la s\u00e9rie Candy, oreiller rond couleur bonbon 40x40 cm","robots":{"index":"index","follow":"follow","max-snippet":"max-snippet:-1","max-image-preview":"max-image-preview:large","max-video-preview":"max-video-preview:-1"},"canonical":"https:\/\/cozyanddozy.com\/fr\/produit\/oreiller-candy-coussin-rond-bleu\/","og_locale":"fr_FR","og_type":"article","og_title":"Oreiller Candy - coussin rond bleu","og_description":"Oreiller moelleux de la s\u00e9rie Candy, oreiller rond couleur bonbon 40x40 cm","og_url":"https:\/\/cozyanddozy.com\/fr\/produit\/oreiller-candy-coussin-rond-bleu\/","og_site_name":"Cozy &amp; Dozy","article_publisher":"https:\/\/www.facebook.com\/cozyanddozyshop","article_modified_time":"2024-08-16T09:52:05+00:00","og_image":[{"width":1200,"height":1200,"url":"https:\/\/cozyanddozy.com\/fr\/wp-content\/uploads\/2023\/11\/blue-pillows-set-ballon-candy.jpeg","type":"image\/jpeg"}],"twitter_card":"summary_large_image","twitter_misc":{"Prix":"35,00&nbsp;&euro;","Disponibilit\u00e9":"En stock"},"schema":{"@context":"https:\/\/schema.org","@graph":[{"@type":"WebPage","@id":"https:\/\/cozyanddozy.com\/fr\/produit\/oreiller-candy-coussin-rond-bleu\/","url":"https:\/\/cozyanddozy.com\/fr\/produit\/oreiller-candy-coussin-rond-bleu\/","name":"Oreiller Candy - coussin rond bleu - Cozy & Dozy","isPartOf":{"@id":"https:\/\/cozyanddozy.com\/fr\/#website"},"primaryImageOfPage":{"@id":"https:\/\/cozyanddozy.com\/fr\/produit\/oreiller-candy-coussin-rond-bleu\/#primaryimage"},"image":{"@id":"https:\/\/cozyanddozy.com\/fr\/produit\/oreiller-candy-coussin-rond-bleu\/#primaryimage"},"thumbnailUrl":"https:\/\/cozyanddozy.com\/fr\/wp-content\/uploads\/2023\/11\/blue-pillows-set-ballon-candy.jpeg","datePublished":"2024-01-17T17:02:44+00:00","dateModified":"2024-08-16T09:52:05+00:00","description":"Oreiller moelleux de la s\u00e9rie Candy, oreiller rond couleur bonbon 40x40 cm","breadcrumb":{"@id":"https:\/\/cozyanddozy.com\/fr\/produit\/oreiller-candy-coussin-rond-bleu\/#breadcrumb"},"inLanguage":"fr-FR","potentialAction":[{"@type":"ReadAction","target":["https:\/\/cozyanddozy.com\/fr\/produit\/oreiller-candy-coussin-rond-bleu\/"]}]},{"@type":"ImageObject","inLanguage":"fr-FR","@id":"https:\/\/cozyanddozy.com\/fr\/produit\/oreiller-candy-coussin-rond-bleu\/#primaryimage","url":"https:\/\/cozyanddozy.com\/fr\/wp-content\/uploads\/2023\/11\/blue-pillows-set-ballon-candy.jpeg","contentUrl":"https:\/\/cozyanddozy.com\/fr\/wp-content\/uploads\/2023\/11\/blue-pillows-set-ballon-candy.jpeg","width":1200,"height":1200},{"@type":"BreadcrumbList","@id":"https:\/\/cozyanddozy.com\/fr\/produit\/oreiller-candy-coussin-rond-bleu\/#breadcrumb","itemListElement":[{"@type":"ListItem","position":1,"name":"Home","item":"https:\/\/cozyanddozy.com\/fr\/"},{"@type":"ListItem","position":2,"name":"Boutique","item":"https:\/\/cozyanddozy.com\/fr\/boutique\/"},{"@type":"ListItem","position":3,"name":"Oreiller Candy &#8211; coussin rond bleu"}]},{"@type":"WebSite","@id":"https:\/\/cozyanddozy.com\/fr\/#website","url":"https:\/\/cozyanddozy.com\/fr\/","name":"Cozy & Dozy","description":"","publisher":{"@id":"https:\/\/cozyanddozy.com\/fr\/#organization"},"alternateName":"Cozy and Dozy","potentialAction":[{"@type":"SearchAction","target":{"@type":"EntryPoint","urlTemplate":"https:\/\/cozyanddozy.com\/fr\/?s={search_term_string}"},"query-input":{"@type":"PropertyValueSpecification","valueRequired":true,"valueName":"search_term_string"}}],"inLanguage":"fr-FR"},{"@type":"Organization","@id":"https:\/\/cozyanddozy.com\/fr\/#organization","name":"Cozy & Dozy","url":"https:\/\/cozyanddozy.com\/fr\/","logo":{"@type":"ImageObject","inLanguage":"fr-FR","@id":"https:\/\/cozyanddozy.com\/fr\/#\/schema\/logo\/image\/","url":"https:\/\/cozyanddozy.com\/fr\/wp-content\/uploads\/2023\/02\/cozyanddozy_logo_b.png","contentUrl":"https:\/\/cozyanddozy.com\/fr\/wp-content\/uploads\/2023\/02\/cozyanddozy_logo_b.png","width":314,"height":85,"caption":"Cozy & Dozy"},"image":{"@id":"https:\/\/cozyanddozy.com\/fr\/#\/schema\/logo\/image\/"},"sameAs":["https:\/\/www.facebook.com\/cozyanddozyshop","https:\/\/www.instagram.com\/cozyanddozy\/"]}]},"product_price_amount":"35.00","product_price_currency":"EUR","og_availability":"instock","product_availability":"instock","product_retailer_item_id":"5902701497439","product_condition":"new"},"_links":{"self":[{"href":"https:\/\/cozyanddozy.com\/fr\/wp-json\/wp\/v2\/product\/3048","targetHints":{"allow":["GET"]}}],"collection":[{"href":"https:\/\/cozyanddozy.com\/fr\/wp-json\/wp\/v2\/product"}],"about":[{"href":"https:\/\/cozyanddozy.com\/fr\/wp-json\/wp\/v2\/types\/product"}],"replies":[{"embeddable":true,"href":"https:\/\/cozyanddozy.com\/fr\/wp-json\/wp\/v2\/comments?post=3048"}],"wp:featuredmedia":[{"embeddable":true,"href":"https:\/\/cozyanddozy.com\/fr\/wp-json\/wp\/v2\/media\/2642"}],"wp:attachment":[{"href":"https:\/\/cozyanddozy.com\/fr\/wp-json\/wp\/v2\/media?parent=3048"}],"wp:term":[{"taxonomy":"product_brand","embeddable":true,"href":"https:\/\/cozyanddozy.com\/fr\/wp-json\/wp\/v2\/product_brand?post=3048"},{"taxonomy":"product_cat","embeddable":true,"href":"https:\/\/cozyanddozy.com\/fr\/wp-json\/wp\/v2\/product_cat?post=3048"},{"taxonomy":"product_tag","embeddable":true,"href":"https:\/\/cozyanddozy.com\/fr\/wp-json\/wp\/v2\/product_tag?post=3048"}],"curies":[{"name":"wp","href":"https:\/\/api.w.org\/{rel}","templated":true}]}}