{"id":3035,"date":"2023-11-22T22:16:36","date_gmt":"2023-11-22T22:16:36","guid":{"rendered":"https:\/\/cozyanddozy.com\/?post_type=product&#038;p=2184"},"modified":"2025-01-29T21:50:42","modified_gmt":"2025-01-29T20:50:42","slug":"oreiller-ballon-avec-guirlande-ensemble-ballon-bleu","status":"publish","type":"product","link":"https:\/\/cozyanddozy.com\/fr\/produit\/oreiller-ballon-avec-guirlande-ensemble-ballon-bleu\/","title":{"rendered":"Oreiller ballon avec guirlande \u2013 Ensemble Ballon Bleu"},"content":{"rendered":"<h3><img decoding=\"async\" class=\"alignnone wp-image-2031 alignright\" src=\"https:\/\/cozyanddozy.com\/wp-content\/uploads\/2023\/11\/blue-pillow-ballon-set-400x400.jpeg\" alt=\"\" width=\"354\" height=\"354\" \/><\/h3>\n<h3>Oreiller ballon bleu avec guirlande de Cozy and Dozy.<\/h3>\n<p>De temps en temps, un mur vide attire votre attention, et dans une chambre d\u2019enfant, il y a trop de photos et le papier peint est \u00e9galement color\u00e9. Vous vous demandez comment apaiser ce coin pour qu&#8217;il ait une ambiance enfantine, joyeuse mais aussi calmer un peu l&#8217;int\u00e9rieur pour jouer ?<\/p>\n<p><strong>Un oreiller-ballon bleu tout doux que vous pouvez accrocher au mur et retirer selon vos besoins pour jouer.<\/strong><\/p>\n<p>Pour compl\u00e9ter la couleur de l&#8217;int\u00e9rieur, nous avons ajout\u00e9 sur l&#8217;oreiller une d\u00e9licate guirlande bicolore de la couleur d&#8217;un ballon.<\/p>\n<p>Maintenant tout va bien, la pi\u00e8ce a l\u2019effet escompt\u00e9. De plus, le ballon bleu et la guirlande sont des d\u00e9corations murales qui se lavent facilement en machine, ils ne craignent donc pas la poussi\u00e8re.<\/p>\n<p>Dimensions:<\/p>\n<ul>\n<li>coussin ballon bleu : 50\u00d735 cm<\/li>\n<li>guirlande blanche et bleue : longueur 160 cm, fanion 14\u00d711 cm<\/li>\n<\/ul>\n<p>Composition:<\/p>\n<ul>\n<li>100% velours<\/li>\n<li>ruban de coton<\/li>\n<li>remplissage \u2013 mousse anti-allergique<\/li>\n<\/ul>\n<p>La lessive:<\/p>\n<ul>\n<li>Les d\u00e9corations peuvent \u00eatre lav\u00e9es \u00e0 40 degr\u00e9s,<\/li>\n<li>Filature \u2013 800 tours,<\/li>\n<li>Ne pas nettoyer \u00e0 sec, ne pas blanchir<\/li>\n<\/ul>\n<p><strong>La s\u00e9curit\u00e9 des enfants est notre premi\u00e8re priorit\u00e9, c&#8217;est pourquoi la guirlande et l&#8217;oreiller sont fabriqu\u00e9s \u00e0 100 % en velours de la plus haute qualit\u00e9. Nos produits sont certifi\u00e9s CE \u2013 vous pouvez donc les offrir \u00e0 votre enfant sans aucun souci.<\/strong><\/p>\n<p>Tous nos articles ont \u00e9t\u00e9 con\u00e7us et r\u00e9alis\u00e9s dans notre studio Cozy&amp;Dozy.<\/p>\n<p>&nbsp;<\/p>\n","protected":false},"excerpt":{"rendered":"<p>Un coussin-ballon bleu tout doux \u00e0 accrocher au mur. Pour compl\u00e9ter la couleur de l&#8217;int\u00e9rieur, nous avons ajout\u00e9 une d\u00e9licate guirlande bicolore. D\u00e9coration parfaite pour la chambre des enfants.<\/p>\n","protected":false},"featured_media":2643,"comment_status":"open","ping_status":"closed","template":"","meta":[],"product_brand":[],"product_cat":[19,17],"product_tag":[],"class_list":{"0":"post-3035","1":"product","2":"type-product","3":"status-publish","4":"has-post-thumbnail","6":"product_cat-accessories","7":"product_cat-coussins-et-poufs","9":"first","10":"instock","11":"sale","12":"shipping-taxable","13":"product-type-simple"},"yoast_head":"<!-- This site is optimized with the Yoast SEO Premium plugin v21.9 (Yoast SEO v27.0) - https:\/\/yoast.com\/product\/yoast-seo-premium-wordpress\/ -->\n<title>Oreiller ballon avec guirlande \u2013 Ensemble Ballon Bleu - Cozy &amp; Dozy<\/title>\n<meta name=\"description\" content=\"Un coussin-ballon bleu tout doux \u00e0 accrocher au mur. Pour compl\u00e9ter la couleur de l&#039;int\u00e9rieur, nous avons ajout\u00e9 une d\u00e9licate guirlande bicolore. D\u00e9coration parfaite pour la chambre des enfants.\" \/>\n<meta name=\"robots\" content=\"index, follow, max-snippet:-1, max-image-preview:large, max-video-preview:-1\" \/>\n<link rel=\"canonical\" href=\"https:\/\/cozyanddozy.com\/fr\/produit\/oreiller-ballon-avec-guirlande-ensemble-ballon-bleu\/\" \/>\n<meta property=\"og:locale\" content=\"fr_FR\" \/>\n<meta property=\"og:type\" content=\"article\" \/>\n<meta property=\"og:title\" content=\"Oreiller ballon avec guirlande \u2013 Ensemble Ballon Bleu\" \/>\n<meta property=\"og:description\" content=\"Un coussin-ballon bleu tout doux \u00e0 accrocher au mur. Pour compl\u00e9ter la couleur de l&#039;int\u00e9rieur, nous avons ajout\u00e9 une d\u00e9licate guirlande bicolore. D\u00e9coration parfaite pour la chambre des enfants.\" \/>\n<meta property=\"og:url\" content=\"https:\/\/cozyanddozy.com\/fr\/produit\/oreiller-ballon-avec-guirlande-ensemble-ballon-bleu\/\" \/>\n<meta property=\"og:site_name\" content=\"Cozy &amp; Dozy\" \/>\n<meta property=\"article:publisher\" content=\"https:\/\/www.facebook.com\/cozyanddozyshop\" \/>\n<meta property=\"article:modified_time\" content=\"2025-01-29T20:50:42+00:00\" \/>\n<meta property=\"og:image\" content=\"https:\/\/cozyanddozy.com\/fr\/wp-content\/uploads\/2023\/11\/blue-set-pillow.jpeg\" \/>\n\t<meta property=\"og:image:width\" content=\"1200\" \/>\n\t<meta property=\"og:image:height\" content=\"1200\" \/>\n\t<meta property=\"og:image:type\" content=\"image\/jpeg\" \/>\n<meta name=\"twitter:card\" content=\"summary_large_image\" \/>\n<meta name=\"twitter:label1\" content=\"Prix\" \/>\n\t<meta name=\"twitter:data1\" content=\"29,00&nbsp;&euro;\" \/>\n\t<meta name=\"twitter:label2\" content=\"Disponibilit\u00e9\" \/>\n\t<meta name=\"twitter:data2\" content=\"En stock\" \/>\n<script type=\"application\/ld+json\" class=\"yoast-schema-graph\">{\"@context\":\"https:\/\/schema.org\",\"@graph\":[{\"@type\":\"WebPage\",\"@id\":\"https:\/\/cozyanddozy.com\/fr\/produit\/oreiller-ballon-avec-guirlande-ensemble-ballon-bleu\/\",\"url\":\"https:\/\/cozyanddozy.com\/fr\/produit\/oreiller-ballon-avec-guirlande-ensemble-ballon-bleu\/\",\"name\":\"Oreiller ballon avec guirlande \u2013 Ensemble Ballon Bleu - Cozy & Dozy\",\"isPartOf\":{\"@id\":\"https:\/\/cozyanddozy.com\/fr\/#website\"},\"primaryImageOfPage\":{\"@id\":\"https:\/\/cozyanddozy.com\/fr\/produit\/oreiller-ballon-avec-guirlande-ensemble-ballon-bleu\/#primaryimage\"},\"image\":{\"@id\":\"https:\/\/cozyanddozy.com\/fr\/produit\/oreiller-ballon-avec-guirlande-ensemble-ballon-bleu\/#primaryimage\"},\"thumbnailUrl\":\"https:\/\/cozyanddozy.com\/fr\/wp-content\/uploads\/2023\/11\/blue-set-pillow.jpeg\",\"datePublished\":\"2023-11-22T22:16:36+00:00\",\"dateModified\":\"2025-01-29T20:50:42+00:00\",\"description\":\"Un coussin-ballon bleu tout doux \u00e0 accrocher au mur. Pour compl\u00e9ter la couleur de l'int\u00e9rieur, nous avons ajout\u00e9 une d\u00e9licate guirlande bicolore. D\u00e9coration parfaite pour la chambre des enfants.\",\"breadcrumb\":{\"@id\":\"https:\/\/cozyanddozy.com\/fr\/produit\/oreiller-ballon-avec-guirlande-ensemble-ballon-bleu\/#breadcrumb\"},\"inLanguage\":\"fr-FR\",\"potentialAction\":[{\"@type\":\"ReadAction\",\"target\":[\"https:\/\/cozyanddozy.com\/fr\/produit\/oreiller-ballon-avec-guirlande-ensemble-ballon-bleu\/\"]}]},{\"@type\":\"ImageObject\",\"inLanguage\":\"fr-FR\",\"@id\":\"https:\/\/cozyanddozy.com\/fr\/produit\/oreiller-ballon-avec-guirlande-ensemble-ballon-bleu\/#primaryimage\",\"url\":\"https:\/\/cozyanddozy.com\/fr\/wp-content\/uploads\/2023\/11\/blue-set-pillow.jpeg\",\"contentUrl\":\"https:\/\/cozyanddozy.com\/fr\/wp-content\/uploads\/2023\/11\/blue-set-pillow.jpeg\",\"width\":1200,\"height\":1200},{\"@type\":\"BreadcrumbList\",\"@id\":\"https:\/\/cozyanddozy.com\/fr\/produit\/oreiller-ballon-avec-guirlande-ensemble-ballon-bleu\/#breadcrumb\",\"itemListElement\":[{\"@type\":\"ListItem\",\"position\":1,\"name\":\"Home\",\"item\":\"https:\/\/cozyanddozy.com\/fr\/\"},{\"@type\":\"ListItem\",\"position\":2,\"name\":\"Boutique\",\"item\":\"https:\/\/cozyanddozy.com\/fr\/boutique\/\"},{\"@type\":\"ListItem\",\"position\":3,\"name\":\"Oreiller ballon avec guirlande \u2013 Ensemble Ballon Bleu\"}]},{\"@type\":\"WebSite\",\"@id\":\"https:\/\/cozyanddozy.com\/fr\/#website\",\"url\":\"https:\/\/cozyanddozy.com\/fr\/\",\"name\":\"Cozy & Dozy\",\"description\":\"\",\"publisher\":{\"@id\":\"https:\/\/cozyanddozy.com\/fr\/#organization\"},\"alternateName\":\"Cozy and Dozy\",\"potentialAction\":[{\"@type\":\"SearchAction\",\"target\":{\"@type\":\"EntryPoint\",\"urlTemplate\":\"https:\/\/cozyanddozy.com\/fr\/?s={search_term_string}\"},\"query-input\":{\"@type\":\"PropertyValueSpecification\",\"valueRequired\":true,\"valueName\":\"search_term_string\"}}],\"inLanguage\":\"fr-FR\"},{\"@type\":\"Organization\",\"@id\":\"https:\/\/cozyanddozy.com\/fr\/#organization\",\"name\":\"Cozy & Dozy\",\"url\":\"https:\/\/cozyanddozy.com\/fr\/\",\"logo\":{\"@type\":\"ImageObject\",\"inLanguage\":\"fr-FR\",\"@id\":\"https:\/\/cozyanddozy.com\/fr\/#\/schema\/logo\/image\/\",\"url\":\"https:\/\/cozyanddozy.com\/fr\/wp-content\/uploads\/2023\/02\/cozyanddozy_logo_b.png\",\"contentUrl\":\"https:\/\/cozyanddozy.com\/fr\/wp-content\/uploads\/2023\/02\/cozyanddozy_logo_b.png\",\"width\":314,\"height\":85,\"caption\":\"Cozy & Dozy\"},\"image\":{\"@id\":\"https:\/\/cozyanddozy.com\/fr\/#\/schema\/logo\/image\/\"},\"sameAs\":[\"https:\/\/www.facebook.com\/cozyanddozyshop\",\"https:\/\/www.instagram.com\/cozyanddozy\/\"]}]}<\/script>\n<meta property=\"product:price:amount\" content=\"29.00\" \/>\n<meta property=\"product:price:currency\" content=\"EUR\" \/>\n<meta property=\"og:availability\" content=\"instock\" \/>\n<meta property=\"product:availability\" content=\"instock\" \/>\n<meta property=\"product:retailer_item_id\" content=\"5902701497408\" \/>\n<meta property=\"product:condition\" content=\"new\" \/>\n<!-- \/ Yoast SEO Premium plugin. -->","yoast_head_json":{"title":"Oreiller ballon avec guirlande \u2013 Ensemble Ballon Bleu - Cozy & Dozy","description":"Un coussin-ballon bleu tout doux \u00e0 accrocher au mur. Pour compl\u00e9ter la couleur de l'int\u00e9rieur, nous avons ajout\u00e9 une d\u00e9licate guirlande bicolore. D\u00e9coration parfaite pour la chambre des enfants.","robots":{"index":"index","follow":"follow","max-snippet":"max-snippet:-1","max-image-preview":"max-image-preview:large","max-video-preview":"max-video-preview:-1"},"canonical":"https:\/\/cozyanddozy.com\/fr\/produit\/oreiller-ballon-avec-guirlande-ensemble-ballon-bleu\/","og_locale":"fr_FR","og_type":"article","og_title":"Oreiller ballon avec guirlande \u2013 Ensemble Ballon Bleu","og_description":"Un coussin-ballon bleu tout doux \u00e0 accrocher au mur. Pour compl\u00e9ter la couleur de l'int\u00e9rieur, nous avons ajout\u00e9 une d\u00e9licate guirlande bicolore. D\u00e9coration parfaite pour la chambre des enfants.","og_url":"https:\/\/cozyanddozy.com\/fr\/produit\/oreiller-ballon-avec-guirlande-ensemble-ballon-bleu\/","og_site_name":"Cozy &amp; Dozy","article_publisher":"https:\/\/www.facebook.com\/cozyanddozyshop","article_modified_time":"2025-01-29T20:50:42+00:00","og_image":[{"width":1200,"height":1200,"url":"https:\/\/cozyanddozy.com\/fr\/wp-content\/uploads\/2023\/11\/blue-set-pillow.jpeg","type":"image\/jpeg"}],"twitter_card":"summary_large_image","twitter_misc":{"Prix":"29,00&nbsp;&euro;","Disponibilit\u00e9":"En stock"},"schema":{"@context":"https:\/\/schema.org","@graph":[{"@type":"WebPage","@id":"https:\/\/cozyanddozy.com\/fr\/produit\/oreiller-ballon-avec-guirlande-ensemble-ballon-bleu\/","url":"https:\/\/cozyanddozy.com\/fr\/produit\/oreiller-ballon-avec-guirlande-ensemble-ballon-bleu\/","name":"Oreiller ballon avec guirlande \u2013 Ensemble Ballon Bleu - Cozy & Dozy","isPartOf":{"@id":"https:\/\/cozyanddozy.com\/fr\/#website"},"primaryImageOfPage":{"@id":"https:\/\/cozyanddozy.com\/fr\/produit\/oreiller-ballon-avec-guirlande-ensemble-ballon-bleu\/#primaryimage"},"image":{"@id":"https:\/\/cozyanddozy.com\/fr\/produit\/oreiller-ballon-avec-guirlande-ensemble-ballon-bleu\/#primaryimage"},"thumbnailUrl":"https:\/\/cozyanddozy.com\/fr\/wp-content\/uploads\/2023\/11\/blue-set-pillow.jpeg","datePublished":"2023-11-22T22:16:36+00:00","dateModified":"2025-01-29T20:50:42+00:00","description":"Un coussin-ballon bleu tout doux \u00e0 accrocher au mur. Pour compl\u00e9ter la couleur de l'int\u00e9rieur, nous avons ajout\u00e9 une d\u00e9licate guirlande bicolore. D\u00e9coration parfaite pour la chambre des enfants.","breadcrumb":{"@id":"https:\/\/cozyanddozy.com\/fr\/produit\/oreiller-ballon-avec-guirlande-ensemble-ballon-bleu\/#breadcrumb"},"inLanguage":"fr-FR","potentialAction":[{"@type":"ReadAction","target":["https:\/\/cozyanddozy.com\/fr\/produit\/oreiller-ballon-avec-guirlande-ensemble-ballon-bleu\/"]}]},{"@type":"ImageObject","inLanguage":"fr-FR","@id":"https:\/\/cozyanddozy.com\/fr\/produit\/oreiller-ballon-avec-guirlande-ensemble-ballon-bleu\/#primaryimage","url":"https:\/\/cozyanddozy.com\/fr\/wp-content\/uploads\/2023\/11\/blue-set-pillow.jpeg","contentUrl":"https:\/\/cozyanddozy.com\/fr\/wp-content\/uploads\/2023\/11\/blue-set-pillow.jpeg","width":1200,"height":1200},{"@type":"BreadcrumbList","@id":"https:\/\/cozyanddozy.com\/fr\/produit\/oreiller-ballon-avec-guirlande-ensemble-ballon-bleu\/#breadcrumb","itemListElement":[{"@type":"ListItem","position":1,"name":"Home","item":"https:\/\/cozyanddozy.com\/fr\/"},{"@type":"ListItem","position":2,"name":"Boutique","item":"https:\/\/cozyanddozy.com\/fr\/boutique\/"},{"@type":"ListItem","position":3,"name":"Oreiller ballon avec guirlande \u2013 Ensemble Ballon Bleu"}]},{"@type":"WebSite","@id":"https:\/\/cozyanddozy.com\/fr\/#website","url":"https:\/\/cozyanddozy.com\/fr\/","name":"Cozy & Dozy","description":"","publisher":{"@id":"https:\/\/cozyanddozy.com\/fr\/#organization"},"alternateName":"Cozy and Dozy","potentialAction":[{"@type":"SearchAction","target":{"@type":"EntryPoint","urlTemplate":"https:\/\/cozyanddozy.com\/fr\/?s={search_term_string}"},"query-input":{"@type":"PropertyValueSpecification","valueRequired":true,"valueName":"search_term_string"}}],"inLanguage":"fr-FR"},{"@type":"Organization","@id":"https:\/\/cozyanddozy.com\/fr\/#organization","name":"Cozy & Dozy","url":"https:\/\/cozyanddozy.com\/fr\/","logo":{"@type":"ImageObject","inLanguage":"fr-FR","@id":"https:\/\/cozyanddozy.com\/fr\/#\/schema\/logo\/image\/","url":"https:\/\/cozyanddozy.com\/fr\/wp-content\/uploads\/2023\/02\/cozyanddozy_logo_b.png","contentUrl":"https:\/\/cozyanddozy.com\/fr\/wp-content\/uploads\/2023\/02\/cozyanddozy_logo_b.png","width":314,"height":85,"caption":"Cozy & Dozy"},"image":{"@id":"https:\/\/cozyanddozy.com\/fr\/#\/schema\/logo\/image\/"},"sameAs":["https:\/\/www.facebook.com\/cozyanddozyshop","https:\/\/www.instagram.com\/cozyanddozy\/"]}]},"product_price_amount":"29.00","product_price_currency":"EUR","og_availability":"instock","product_availability":"instock","product_retailer_item_id":"5902701497408","product_condition":"new"},"_links":{"self":[{"href":"https:\/\/cozyanddozy.com\/fr\/wp-json\/wp\/v2\/product\/3035","targetHints":{"allow":["GET"]}}],"collection":[{"href":"https:\/\/cozyanddozy.com\/fr\/wp-json\/wp\/v2\/product"}],"about":[{"href":"https:\/\/cozyanddozy.com\/fr\/wp-json\/wp\/v2\/types\/product"}],"replies":[{"embeddable":true,"href":"https:\/\/cozyanddozy.com\/fr\/wp-json\/wp\/v2\/comments?post=3035"}],"wp:featuredmedia":[{"embeddable":true,"href":"https:\/\/cozyanddozy.com\/fr\/wp-json\/wp\/v2\/media\/2643"}],"wp:attachment":[{"href":"https:\/\/cozyanddozy.com\/fr\/wp-json\/wp\/v2\/media?parent=3035"}],"wp:term":[{"taxonomy":"product_brand","embeddable":true,"href":"https:\/\/cozyanddozy.com\/fr\/wp-json\/wp\/v2\/product_brand?post=3035"},{"taxonomy":"product_cat","embeddable":true,"href":"https:\/\/cozyanddozy.com\/fr\/wp-json\/wp\/v2\/product_cat?post=3035"},{"taxonomy":"product_tag","embeddable":true,"href":"https:\/\/cozyanddozy.com\/fr\/wp-json\/wp\/v2\/product_tag?post=3035"}],"curies":[{"name":"wp","href":"https:\/\/api.w.org\/{rel}","templated":true}]}}