{"id":2860,"date":"2023-11-23T08:12:39","date_gmt":"2023-11-23T08:12:39","guid":{"rendered":"https:\/\/cozyanddozy.com\/?post_type=product&#038;p=2185"},"modified":"2025-01-29T21:50:29","modified_gmt":"2025-01-29T20:50:29","slug":"oreiller-ballon-avec-guirlande-white-ballon-set","status":"publish","type":"product","link":"https:\/\/cozyanddozy.com\/fr\/produit\/oreiller-ballon-avec-guirlande-white-ballon-set\/","title":{"rendered":"Oreiller Ballon avec guirlande &#8211; White Ballon set"},"content":{"rendered":"<h3><img decoding=\"async\" class=\"alignnone wp-image-2018 alignright\" src=\"https:\/\/cozyanddozy.com\/wp-content\/uploads\/2023\/11\/ballon-set-400x400.jpeg\" alt=\"\" width=\"353\" height=\"353\" \/><\/h3>\n<h3><b>Oreiller ballon blanc avec guirlande de Cozy and Dozy.<\/b><\/h3>\n<p>De temps en temps, un mur vide attire votre attention, et dans une chambre d&#8217;enfant, il y a trop de photos et le papier peint est \u00e9galement color\u00e9. Vous vous demandez comment apaiser ce coin pour qu&#8217;il ait une ambiance enfantine, joyeuse mais aussi calmer un peu l&#8217;int\u00e9rieur pour jouer ?<\/p>\n<p>Un <strong>oreiller-ballon blanc et moelleux que vous pouvez accrocher au mur et retirer selon<\/strong> vos besoins pour jouer.<\/p>\n<p>Pour compl\u00e9ter la couleur de l&#8217;int\u00e9rieur, nous avons ajout\u00e9 sur <strong>l&#8217;oreiller une d\u00e9licate guirlande bicolore de la couleur d&#8217;un ballon.<\/strong><\/p>\n<p>Maintenant tout va bien, la pi\u00e8ce a l\u2019effet escompt\u00e9. De plus, <strong>le ballon blanc et la guirlande sont des d\u00e9corations murales qui se lavent facilement en machine,<\/strong> elles ne craignent donc pas la poussi\u00e8re.<\/p>\n<p><b>Vous pouvez choisir la couleur de la guirlande !!<\/b><\/p>\n<p>Dimensions:<\/p>\n<ul>\n<li>coussin ballon blanc : 50&#215;35 cm<\/li>\n<li><span style=\"color: #555555;\">guirlande bicolore\u00a0: \u00a0longueur 160 cm, fanion 14&#215;11 cm<\/span><\/li>\n<\/ul>\n<p>Composition:<\/p>\n<ul>\n<li>100% velours<\/li>\n<li><span style=\"color: #555555;\">ruban de coton<\/span><\/li>\n<li><span style=\"color: #555555;\">remplissage &#8211; mousse anti-allergique<\/span><\/li>\n<\/ul>\n<p>La lessive:<\/p>\n<ul>\n<li>Les d\u00e9corations peuvent \u00eatre lav\u00e9es \u00e0 40 degr\u00e9s,<\/li>\n<li><span style=\"color: #555555;\">Filature \u2013 800 tours,<\/span><\/li>\n<li><span style=\"color: #555555;\">Ne pas nettoyer \u00e0 sec, ne pas blanchir<\/span><\/li>\n<\/ul>\n<p><strong>La s\u00e9curit\u00e9 des enfants est notre premi\u00e8re priorit\u00e9, c&#8217;est pourquoi la guirlande et l&#8217;oreiller sont fabriqu\u00e9s \u00e0 100 % en velours de la plus haute qualit\u00e9. Nos produits sont certifi\u00e9s CE, vous pouvez donc les offrir \u00e0 votre enfant sans aucun souci.<\/strong><\/p>\n<p>Tous nos articles ont \u00e9t\u00e9 con\u00e7us et r\u00e9alis\u00e9s dans notre studio Cozy&amp;Dozy.<\/p>\n","protected":false},"excerpt":{"rendered":"<p><b>Un coussin-ballon blanc et moelleux \u00e0 accrocher au mur. Pour compl\u00e9ter la couleur de l&#8217;int\u00e9rieur, nous avons ajout\u00e9 une d\u00e9licate guirlande bicolore. D\u00e9coration parfaite pour la chambre des enfants.<\/b><\/p>\n","protected":false},"featured_media":2741,"comment_status":"open","ping_status":"closed","template":"","meta":[],"product_brand":[],"product_cat":[19,17],"product_tag":[],"class_list":{"0":"post-2860","1":"product","2":"type-product","3":"status-publish","4":"has-post-thumbnail","6":"product_cat-accessories","7":"product_cat-coussins-et-poufs","9":"first","10":"instock","11":"sale","12":"shipping-taxable","13":"product-type-simple"},"yoast_head":"<!-- This site is optimized with the Yoast SEO Premium plugin v21.9 (Yoast SEO v27.0) - https:\/\/yoast.com\/product\/yoast-seo-premium-wordpress\/ -->\n<title>Oreiller Ballon avec guirlande - White Ballon set - Cozy &amp; Dozy<\/title>\n<meta name=\"description\" content=\"Un coussin-ballon blanc et moelleux \u00e0 accrocher au mur. Pour compl\u00e9ter la couleur de l&#039;int\u00e9rieur, nous avons ajout\u00e9 une d\u00e9licate guirlande bicolore. D\u00e9coration parfaite pour la chambre des enfants.\" \/>\n<meta name=\"robots\" content=\"index, follow, max-snippet:-1, max-image-preview:large, max-video-preview:-1\" \/>\n<link rel=\"canonical\" href=\"https:\/\/cozyanddozy.com\/fr\/produit\/oreiller-ballon-avec-guirlande-white-ballon-set\/\" \/>\n<meta property=\"og:locale\" content=\"fr_FR\" \/>\n<meta property=\"og:type\" content=\"article\" \/>\n<meta property=\"og:title\" content=\"Oreiller Ballon avec guirlande - White Ballon set\" \/>\n<meta property=\"og:description\" content=\"Un coussin-ballon blanc et moelleux \u00e0 accrocher au mur. Pour compl\u00e9ter la couleur de l&#039;int\u00e9rieur, nous avons ajout\u00e9 une d\u00e9licate guirlande bicolore. D\u00e9coration parfaite pour la chambre des enfants.\" \/>\n<meta property=\"og:url\" content=\"https:\/\/cozyanddozy.com\/fr\/produit\/oreiller-ballon-avec-guirlande-white-ballon-set\/\" \/>\n<meta property=\"og:site_name\" content=\"Cozy &amp; Dozy\" \/>\n<meta property=\"article:publisher\" content=\"https:\/\/www.facebook.com\/cozyanddozyshop\" \/>\n<meta property=\"article:modified_time\" content=\"2025-01-29T20:50:29+00:00\" \/>\n<meta property=\"og:image\" content=\"https:\/\/cozyanddozy.com\/fr\/wp-content\/uploads\/2023\/11\/white-ballon-wall.jpeg\" \/>\n\t<meta property=\"og:image:width\" content=\"1200\" \/>\n\t<meta property=\"og:image:height\" content=\"1200\" \/>\n\t<meta property=\"og:image:type\" content=\"image\/jpeg\" \/>\n<meta name=\"twitter:card\" content=\"summary_large_image\" \/>\n<meta name=\"twitter:label1\" content=\"Prix\" \/>\n\t<meta name=\"twitter:data1\" content=\"29,00&nbsp;&euro;\" \/>\n\t<meta name=\"twitter:label2\" content=\"Disponibilit\u00e9\" \/>\n\t<meta name=\"twitter:data2\" content=\"En stock\" \/>\n<script type=\"application\/ld+json\" class=\"yoast-schema-graph\">{\"@context\":\"https:\/\/schema.org\",\"@graph\":[{\"@type\":\"WebPage\",\"@id\":\"https:\/\/cozyanddozy.com\/fr\/produit\/oreiller-ballon-avec-guirlande-white-ballon-set\/\",\"url\":\"https:\/\/cozyanddozy.com\/fr\/produit\/oreiller-ballon-avec-guirlande-white-ballon-set\/\",\"name\":\"Oreiller Ballon avec guirlande - White Ballon set - Cozy & Dozy\",\"isPartOf\":{\"@id\":\"https:\/\/cozyanddozy.com\/fr\/#website\"},\"primaryImageOfPage\":{\"@id\":\"https:\/\/cozyanddozy.com\/fr\/produit\/oreiller-ballon-avec-guirlande-white-ballon-set\/#primaryimage\"},\"image\":{\"@id\":\"https:\/\/cozyanddozy.com\/fr\/produit\/oreiller-ballon-avec-guirlande-white-ballon-set\/#primaryimage\"},\"thumbnailUrl\":\"https:\/\/cozyanddozy.com\/fr\/wp-content\/uploads\/2023\/11\/white-ballon-wall.jpeg\",\"datePublished\":\"2023-11-23T08:12:39+00:00\",\"dateModified\":\"2025-01-29T20:50:29+00:00\",\"description\":\"Un coussin-ballon blanc et moelleux \u00e0 accrocher au mur. Pour compl\u00e9ter la couleur de l'int\u00e9rieur, nous avons ajout\u00e9 une d\u00e9licate guirlande bicolore. D\u00e9coration parfaite pour la chambre des enfants.\",\"breadcrumb\":{\"@id\":\"https:\/\/cozyanddozy.com\/fr\/produit\/oreiller-ballon-avec-guirlande-white-ballon-set\/#breadcrumb\"},\"inLanguage\":\"fr-FR\",\"potentialAction\":[{\"@type\":\"ReadAction\",\"target\":[\"https:\/\/cozyanddozy.com\/fr\/produit\/oreiller-ballon-avec-guirlande-white-ballon-set\/\"]}]},{\"@type\":\"ImageObject\",\"inLanguage\":\"fr-FR\",\"@id\":\"https:\/\/cozyanddozy.com\/fr\/produit\/oreiller-ballon-avec-guirlande-white-ballon-set\/#primaryimage\",\"url\":\"https:\/\/cozyanddozy.com\/fr\/wp-content\/uploads\/2023\/11\/white-ballon-wall.jpeg\",\"contentUrl\":\"https:\/\/cozyanddozy.com\/fr\/wp-content\/uploads\/2023\/11\/white-ballon-wall.jpeg\",\"width\":1200,\"height\":1200},{\"@type\":\"BreadcrumbList\",\"@id\":\"https:\/\/cozyanddozy.com\/fr\/produit\/oreiller-ballon-avec-guirlande-white-ballon-set\/#breadcrumb\",\"itemListElement\":[{\"@type\":\"ListItem\",\"position\":1,\"name\":\"Home\",\"item\":\"https:\/\/cozyanddozy.com\/fr\/\"},{\"@type\":\"ListItem\",\"position\":2,\"name\":\"Boutique\",\"item\":\"https:\/\/cozyanddozy.com\/fr\/boutique\/\"},{\"@type\":\"ListItem\",\"position\":3,\"name\":\"Oreiller Ballon avec guirlande &#8211; White Ballon set\"}]},{\"@type\":\"WebSite\",\"@id\":\"https:\/\/cozyanddozy.com\/fr\/#website\",\"url\":\"https:\/\/cozyanddozy.com\/fr\/\",\"name\":\"Cozy & Dozy\",\"description\":\"\",\"publisher\":{\"@id\":\"https:\/\/cozyanddozy.com\/fr\/#organization\"},\"alternateName\":\"Cozy and Dozy\",\"potentialAction\":[{\"@type\":\"SearchAction\",\"target\":{\"@type\":\"EntryPoint\",\"urlTemplate\":\"https:\/\/cozyanddozy.com\/fr\/?s={search_term_string}\"},\"query-input\":{\"@type\":\"PropertyValueSpecification\",\"valueRequired\":true,\"valueName\":\"search_term_string\"}}],\"inLanguage\":\"fr-FR\"},{\"@type\":\"Organization\",\"@id\":\"https:\/\/cozyanddozy.com\/fr\/#organization\",\"name\":\"Cozy & Dozy\",\"url\":\"https:\/\/cozyanddozy.com\/fr\/\",\"logo\":{\"@type\":\"ImageObject\",\"inLanguage\":\"fr-FR\",\"@id\":\"https:\/\/cozyanddozy.com\/fr\/#\/schema\/logo\/image\/\",\"url\":\"https:\/\/cozyanddozy.com\/fr\/wp-content\/uploads\/2023\/02\/cozyanddozy_logo_b.png\",\"contentUrl\":\"https:\/\/cozyanddozy.com\/fr\/wp-content\/uploads\/2023\/02\/cozyanddozy_logo_b.png\",\"width\":314,\"height\":85,\"caption\":\"Cozy & Dozy\"},\"image\":{\"@id\":\"https:\/\/cozyanddozy.com\/fr\/#\/schema\/logo\/image\/\"},\"sameAs\":[\"https:\/\/www.facebook.com\/cozyanddozyshop\",\"https:\/\/www.instagram.com\/cozyanddozy\/\"]}]}<\/script>\n<meta property=\"product:price:amount\" content=\"29.00\" \/>\n<meta property=\"product:price:currency\" content=\"EUR\" \/>\n<meta property=\"og:availability\" content=\"instock\" \/>\n<meta property=\"product:availability\" content=\"instock\" \/>\n<meta property=\"product:retailer_item_id\" content=\"5902701497415\" \/>\n<meta property=\"product:condition\" content=\"new\" \/>\n<!-- \/ Yoast SEO Premium plugin. -->","yoast_head_json":{"title":"Oreiller Ballon avec guirlande - White Ballon set - Cozy & Dozy","description":"Un coussin-ballon blanc et moelleux \u00e0 accrocher au mur. Pour compl\u00e9ter la couleur de l'int\u00e9rieur, nous avons ajout\u00e9 une d\u00e9licate guirlande bicolore. D\u00e9coration parfaite pour la chambre des enfants.","robots":{"index":"index","follow":"follow","max-snippet":"max-snippet:-1","max-image-preview":"max-image-preview:large","max-video-preview":"max-video-preview:-1"},"canonical":"https:\/\/cozyanddozy.com\/fr\/produit\/oreiller-ballon-avec-guirlande-white-ballon-set\/","og_locale":"fr_FR","og_type":"article","og_title":"Oreiller Ballon avec guirlande - White Ballon set","og_description":"Un coussin-ballon blanc et moelleux \u00e0 accrocher au mur. Pour compl\u00e9ter la couleur de l'int\u00e9rieur, nous avons ajout\u00e9 une d\u00e9licate guirlande bicolore. D\u00e9coration parfaite pour la chambre des enfants.","og_url":"https:\/\/cozyanddozy.com\/fr\/produit\/oreiller-ballon-avec-guirlande-white-ballon-set\/","og_site_name":"Cozy &amp; Dozy","article_publisher":"https:\/\/www.facebook.com\/cozyanddozyshop","article_modified_time":"2025-01-29T20:50:29+00:00","og_image":[{"width":1200,"height":1200,"url":"https:\/\/cozyanddozy.com\/fr\/wp-content\/uploads\/2023\/11\/white-ballon-wall.jpeg","type":"image\/jpeg"}],"twitter_card":"summary_large_image","twitter_misc":{"Prix":"29,00&nbsp;&euro;","Disponibilit\u00e9":"En stock"},"schema":{"@context":"https:\/\/schema.org","@graph":[{"@type":"WebPage","@id":"https:\/\/cozyanddozy.com\/fr\/produit\/oreiller-ballon-avec-guirlande-white-ballon-set\/","url":"https:\/\/cozyanddozy.com\/fr\/produit\/oreiller-ballon-avec-guirlande-white-ballon-set\/","name":"Oreiller Ballon avec guirlande - White Ballon set - Cozy & Dozy","isPartOf":{"@id":"https:\/\/cozyanddozy.com\/fr\/#website"},"primaryImageOfPage":{"@id":"https:\/\/cozyanddozy.com\/fr\/produit\/oreiller-ballon-avec-guirlande-white-ballon-set\/#primaryimage"},"image":{"@id":"https:\/\/cozyanddozy.com\/fr\/produit\/oreiller-ballon-avec-guirlande-white-ballon-set\/#primaryimage"},"thumbnailUrl":"https:\/\/cozyanddozy.com\/fr\/wp-content\/uploads\/2023\/11\/white-ballon-wall.jpeg","datePublished":"2023-11-23T08:12:39+00:00","dateModified":"2025-01-29T20:50:29+00:00","description":"Un coussin-ballon blanc et moelleux \u00e0 accrocher au mur. Pour compl\u00e9ter la couleur de l'int\u00e9rieur, nous avons ajout\u00e9 une d\u00e9licate guirlande bicolore. D\u00e9coration parfaite pour la chambre des enfants.","breadcrumb":{"@id":"https:\/\/cozyanddozy.com\/fr\/produit\/oreiller-ballon-avec-guirlande-white-ballon-set\/#breadcrumb"},"inLanguage":"fr-FR","potentialAction":[{"@type":"ReadAction","target":["https:\/\/cozyanddozy.com\/fr\/produit\/oreiller-ballon-avec-guirlande-white-ballon-set\/"]}]},{"@type":"ImageObject","inLanguage":"fr-FR","@id":"https:\/\/cozyanddozy.com\/fr\/produit\/oreiller-ballon-avec-guirlande-white-ballon-set\/#primaryimage","url":"https:\/\/cozyanddozy.com\/fr\/wp-content\/uploads\/2023\/11\/white-ballon-wall.jpeg","contentUrl":"https:\/\/cozyanddozy.com\/fr\/wp-content\/uploads\/2023\/11\/white-ballon-wall.jpeg","width":1200,"height":1200},{"@type":"BreadcrumbList","@id":"https:\/\/cozyanddozy.com\/fr\/produit\/oreiller-ballon-avec-guirlande-white-ballon-set\/#breadcrumb","itemListElement":[{"@type":"ListItem","position":1,"name":"Home","item":"https:\/\/cozyanddozy.com\/fr\/"},{"@type":"ListItem","position":2,"name":"Boutique","item":"https:\/\/cozyanddozy.com\/fr\/boutique\/"},{"@type":"ListItem","position":3,"name":"Oreiller Ballon avec guirlande &#8211; White Ballon set"}]},{"@type":"WebSite","@id":"https:\/\/cozyanddozy.com\/fr\/#website","url":"https:\/\/cozyanddozy.com\/fr\/","name":"Cozy & Dozy","description":"","publisher":{"@id":"https:\/\/cozyanddozy.com\/fr\/#organization"},"alternateName":"Cozy and Dozy","potentialAction":[{"@type":"SearchAction","target":{"@type":"EntryPoint","urlTemplate":"https:\/\/cozyanddozy.com\/fr\/?s={search_term_string}"},"query-input":{"@type":"PropertyValueSpecification","valueRequired":true,"valueName":"search_term_string"}}],"inLanguage":"fr-FR"},{"@type":"Organization","@id":"https:\/\/cozyanddozy.com\/fr\/#organization","name":"Cozy & Dozy","url":"https:\/\/cozyanddozy.com\/fr\/","logo":{"@type":"ImageObject","inLanguage":"fr-FR","@id":"https:\/\/cozyanddozy.com\/fr\/#\/schema\/logo\/image\/","url":"https:\/\/cozyanddozy.com\/fr\/wp-content\/uploads\/2023\/02\/cozyanddozy_logo_b.png","contentUrl":"https:\/\/cozyanddozy.com\/fr\/wp-content\/uploads\/2023\/02\/cozyanddozy_logo_b.png","width":314,"height":85,"caption":"Cozy & Dozy"},"image":{"@id":"https:\/\/cozyanddozy.com\/fr\/#\/schema\/logo\/image\/"},"sameAs":["https:\/\/www.facebook.com\/cozyanddozyshop","https:\/\/www.instagram.com\/cozyanddozy\/"]}]},"product_price_amount":"29.00","product_price_currency":"EUR","og_availability":"instock","product_availability":"instock","product_retailer_item_id":"5902701497415","product_condition":"new"},"_links":{"self":[{"href":"https:\/\/cozyanddozy.com\/fr\/wp-json\/wp\/v2\/product\/2860","targetHints":{"allow":["GET"]}}],"collection":[{"href":"https:\/\/cozyanddozy.com\/fr\/wp-json\/wp\/v2\/product"}],"about":[{"href":"https:\/\/cozyanddozy.com\/fr\/wp-json\/wp\/v2\/types\/product"}],"replies":[{"embeddable":true,"href":"https:\/\/cozyanddozy.com\/fr\/wp-json\/wp\/v2\/comments?post=2860"}],"wp:featuredmedia":[{"embeddable":true,"href":"https:\/\/cozyanddozy.com\/fr\/wp-json\/wp\/v2\/media\/2741"}],"wp:attachment":[{"href":"https:\/\/cozyanddozy.com\/fr\/wp-json\/wp\/v2\/media?parent=2860"}],"wp:term":[{"taxonomy":"product_brand","embeddable":true,"href":"https:\/\/cozyanddozy.com\/fr\/wp-json\/wp\/v2\/product_brand?post=2860"},{"taxonomy":"product_cat","embeddable":true,"href":"https:\/\/cozyanddozy.com\/fr\/wp-json\/wp\/v2\/product_cat?post=2860"},{"taxonomy":"product_tag","embeddable":true,"href":"https:\/\/cozyanddozy.com\/fr\/wp-json\/wp\/v2\/product_tag?post=2860"}],"curies":[{"name":"wp","href":"https:\/\/api.w.org\/{rel}","templated":true}]}}