{"id":1825,"date":"2023-05-29T09:37:40","date_gmt":"2023-05-29T08:37:40","guid":{"rendered":"https:\/\/cozyanddozy.com\/?post_type=product&#038;p=1654"},"modified":"2025-01-29T22:11:01","modified_gmt":"2025-01-29T21:11:01","slug":"tapis-enfant-en-velours-trefle-tapis-de-jeu-vert-112x112-cm","status":"publish","type":"product","link":"https:\/\/cozyanddozy.com\/fr\/produit\/tapis-enfant-en-velours-trefle-tapis-de-jeu-vert-112x112-cm\/","title":{"rendered":"Tapis enfant en velours Tr\u00e8fle, tapis de jeu vert 112\u00d7112 cm"},"content":{"rendered":"<h3><strong>Un tapis moelleux en velours \u00e9pais en forme de tr\u00e8fle \u00e0 quatre feuilles<\/strong><\/h3>\n<p>Le tapis est parfait comme \u00e9l\u00e9ment d\u00e9coratif dans une chambre d\u2019enfant, un tapis moelleux \u2013 un tapis de jeu.<\/p>\n<p>Le tapis est conforme \u00e0 la collection Clover, qui comprend des oreillers, des guirlandes et des tentes tipi.<\/p>\n<p>Tapis de jeu Clover de couleur verte, tapis en forme de tr\u00e8fle,<\/p>\n<ul>\n<li>112 \u00d7 112 cm<\/li>\n<\/ul>\n<p>Tissu :<\/p>\n<ul>\n<li>Velours velours \u2013 CE,<\/li>\n<li>rembourrage \u2013 mousse antiallergique<\/li>\n<\/ul>\n<p>M\u00e9thode de soin :<\/p>\n<ul>\n<li>Ne pas repasser<\/li>\n<li>Lavable en machine \u00e0 40 degr\u00e9s, essorage \u2013 800 tours<\/li>\n<li>Ne pas nettoyer \u00e0 sec<\/li>\n<li>Ne pas javelliser<\/li>\n<\/ul>\n<p>Con\u00e7u et cousu en Pologne par Cozy &amp; Dozy.<\/p>\n","protected":false},"excerpt":{"rendered":"<p>Un tapis moelleux en velours \u00e9pais en forme de tr\u00e8fle \u00e0 quatre feuilles Le tapis est parfait comme \u00e9l\u00e9ment d\u00e9coratif dans une chambre d\u2019enfant, un tapis moelleux \u2013 un tapis de jeu. Le tapis est conforme \u00e0 la collection Clover, qui comprend des oreillers, des guirlandes et des tentes tipi. Tapis de jeu Clover de [&#8230;]\n","protected":false},"featured_media":1820,"comment_status":"open","ping_status":"closed","template":"","meta":[],"product_brand":[],"product_cat":[18],"product_tag":[],"class_list":{"0":"post-1825","1":"product","2":"type-product","3":"status-publish","4":"has-post-thumbnail","6":"product_cat-sacs-et-tapis-de-jeux","8":"first","9":"instock","10":"sale","11":"shipping-taxable","12":"product-type-simple"},"yoast_head":"<!-- This site is optimized with the Yoast SEO Premium plugin v21.9 (Yoast SEO v27.0) - https:\/\/yoast.com\/product\/yoast-seo-premium-wordpress\/ -->\n<title>Tapis enfant en velours Tr\u00e8fle, tapis de jeu vert 112\u00d7112 cm - Cozy &amp; Dozy<\/title>\n<meta name=\"description\" content=\"Un tapis de jeu en forme de tr\u00e8fle. Tapis de tr\u00e8fle 112 \u00d7 112 cm en velours \u00e9pais.\" \/>\n<meta name=\"robots\" content=\"index, follow, max-snippet:-1, max-image-preview:large, max-video-preview:-1\" \/>\n<link rel=\"canonical\" href=\"https:\/\/cozyanddozy.com\/fr\/produit\/tapis-enfant-en-velours-trefle-tapis-de-jeu-vert-112x112-cm\/\" \/>\n<meta property=\"og:locale\" content=\"fr_FR\" \/>\n<meta property=\"og:type\" content=\"article\" \/>\n<meta property=\"og:title\" content=\"Tapis enfant en velours Tr\u00e8fle, tapis de jeu vert 112\u00d7112 cm\" \/>\n<meta property=\"og:description\" content=\"Un tapis de jeu en forme de tr\u00e8fle. Tapis de tr\u00e8fle 112 \u00d7 112 cm en velours \u00e9pais.\" \/>\n<meta property=\"og:url\" content=\"https:\/\/cozyanddozy.com\/fr\/produit\/tapis-enfant-en-velours-trefle-tapis-de-jeu-vert-112x112-cm\/\" \/>\n<meta property=\"og:site_name\" content=\"Cozy &amp; Dozy\" \/>\n<meta property=\"article:publisher\" content=\"https:\/\/www.facebook.com\/cozyanddozyshop\" \/>\n<meta property=\"article:modified_time\" content=\"2025-01-29T21:11:01+00:00\" \/>\n<meta property=\"og:image\" content=\"https:\/\/cozyanddozy.com\/fr\/wp-content\/uploads\/2023\/05\/koniczyna-poduszka-mata-1.jpg\" \/>\n\t<meta property=\"og:image:width\" content=\"1500\" \/>\n\t<meta property=\"og:image:height\" content=\"1500\" \/>\n\t<meta property=\"og:image:type\" content=\"image\/jpeg\" \/>\n<meta name=\"twitter:card\" content=\"summary_large_image\" \/>\n<meta name=\"twitter:label1\" content=\"Prix\" \/>\n\t<meta name=\"twitter:data1\" content=\"39,00&nbsp;&euro;\" \/>\n\t<meta name=\"twitter:label2\" content=\"Disponibilit\u00e9\" \/>\n\t<meta name=\"twitter:data2\" content=\"En stock\" \/>\n<script type=\"application\/ld+json\" class=\"yoast-schema-graph\">{\"@context\":\"https:\/\/schema.org\",\"@graph\":[{\"@type\":\"WebPage\",\"@id\":\"https:\/\/cozyanddozy.com\/fr\/produit\/tapis-enfant-en-velours-trefle-tapis-de-jeu-vert-112x112-cm\/\",\"url\":\"https:\/\/cozyanddozy.com\/fr\/produit\/tapis-enfant-en-velours-trefle-tapis-de-jeu-vert-112x112-cm\/\",\"name\":\"Tapis enfant en velours Tr\u00e8fle, tapis de jeu vert 112\u00d7112 cm - Cozy & Dozy\",\"isPartOf\":{\"@id\":\"https:\/\/cozyanddozy.com\/fr\/#website\"},\"primaryImageOfPage\":{\"@id\":\"https:\/\/cozyanddozy.com\/fr\/produit\/tapis-enfant-en-velours-trefle-tapis-de-jeu-vert-112x112-cm\/#primaryimage\"},\"image\":{\"@id\":\"https:\/\/cozyanddozy.com\/fr\/produit\/tapis-enfant-en-velours-trefle-tapis-de-jeu-vert-112x112-cm\/#primaryimage\"},\"thumbnailUrl\":\"https:\/\/cozyanddozy.com\/fr\/wp-content\/uploads\/2023\/05\/koniczyna-poduszka-mata-1.jpg\",\"datePublished\":\"2023-05-29T08:37:40+00:00\",\"dateModified\":\"2025-01-29T21:11:01+00:00\",\"description\":\"Un tapis de jeu en forme de tr\u00e8fle. Tapis de tr\u00e8fle 112 \u00d7 112 cm en velours \u00e9pais.\",\"breadcrumb\":{\"@id\":\"https:\/\/cozyanddozy.com\/fr\/produit\/tapis-enfant-en-velours-trefle-tapis-de-jeu-vert-112x112-cm\/#breadcrumb\"},\"inLanguage\":\"fr-FR\",\"potentialAction\":[{\"@type\":\"ReadAction\",\"target\":[\"https:\/\/cozyanddozy.com\/fr\/produit\/tapis-enfant-en-velours-trefle-tapis-de-jeu-vert-112x112-cm\/\"]}]},{\"@type\":\"ImageObject\",\"inLanguage\":\"fr-FR\",\"@id\":\"https:\/\/cozyanddozy.com\/fr\/produit\/tapis-enfant-en-velours-trefle-tapis-de-jeu-vert-112x112-cm\/#primaryimage\",\"url\":\"https:\/\/cozyanddozy.com\/fr\/wp-content\/uploads\/2023\/05\/koniczyna-poduszka-mata-1.jpg\",\"contentUrl\":\"https:\/\/cozyanddozy.com\/fr\/wp-content\/uploads\/2023\/05\/koniczyna-poduszka-mata-1.jpg\",\"width\":1500,\"height\":1500},{\"@type\":\"BreadcrumbList\",\"@id\":\"https:\/\/cozyanddozy.com\/fr\/produit\/tapis-enfant-en-velours-trefle-tapis-de-jeu-vert-112x112-cm\/#breadcrumb\",\"itemListElement\":[{\"@type\":\"ListItem\",\"position\":1,\"name\":\"Home\",\"item\":\"https:\/\/cozyanddozy.com\/fr\/\"},{\"@type\":\"ListItem\",\"position\":2,\"name\":\"Boutique\",\"item\":\"https:\/\/cozyanddozy.com\/fr\/boutique\/\"},{\"@type\":\"ListItem\",\"position\":3,\"name\":\"Tapis enfant en velours Tr\u00e8fle, tapis de jeu vert 112\u00d7112 cm\"}]},{\"@type\":\"WebSite\",\"@id\":\"https:\/\/cozyanddozy.com\/fr\/#website\",\"url\":\"https:\/\/cozyanddozy.com\/fr\/\",\"name\":\"Cozy & Dozy\",\"description\":\"\",\"publisher\":{\"@id\":\"https:\/\/cozyanddozy.com\/fr\/#organization\"},\"alternateName\":\"Cozy and Dozy\",\"potentialAction\":[{\"@type\":\"SearchAction\",\"target\":{\"@type\":\"EntryPoint\",\"urlTemplate\":\"https:\/\/cozyanddozy.com\/fr\/?s={search_term_string}\"},\"query-input\":{\"@type\":\"PropertyValueSpecification\",\"valueRequired\":true,\"valueName\":\"search_term_string\"}}],\"inLanguage\":\"fr-FR\"},{\"@type\":\"Organization\",\"@id\":\"https:\/\/cozyanddozy.com\/fr\/#organization\",\"name\":\"Cozy & Dozy\",\"url\":\"https:\/\/cozyanddozy.com\/fr\/\",\"logo\":{\"@type\":\"ImageObject\",\"inLanguage\":\"fr-FR\",\"@id\":\"https:\/\/cozyanddozy.com\/fr\/#\/schema\/logo\/image\/\",\"url\":\"https:\/\/cozyanddozy.com\/fr\/wp-content\/uploads\/2023\/02\/cozyanddozy_logo_b.png\",\"contentUrl\":\"https:\/\/cozyanddozy.com\/fr\/wp-content\/uploads\/2023\/02\/cozyanddozy_logo_b.png\",\"width\":314,\"height\":85,\"caption\":\"Cozy & Dozy\"},\"image\":{\"@id\":\"https:\/\/cozyanddozy.com\/fr\/#\/schema\/logo\/image\/\"},\"sameAs\":[\"https:\/\/www.facebook.com\/cozyanddozyshop\",\"https:\/\/www.instagram.com\/cozyanddozy\/\"]}]}<\/script>\n<meta property=\"product:price:amount\" content=\"39.00\" \/>\n<meta property=\"product:price:currency\" content=\"EUR\" \/>\n<meta property=\"og:availability\" content=\"instock\" \/>\n<meta property=\"product:availability\" content=\"instock\" \/>\n<meta property=\"product:retailer_item_id\" content=\"5902701497644\" \/>\n<meta property=\"product:condition\" content=\"new\" \/>\n<!-- \/ Yoast SEO Premium plugin. -->","yoast_head_json":{"title":"Tapis enfant en velours Tr\u00e8fle, tapis de jeu vert 112\u00d7112 cm - Cozy & Dozy","description":"Un tapis de jeu en forme de tr\u00e8fle. Tapis de tr\u00e8fle 112 \u00d7 112 cm en velours \u00e9pais.","robots":{"index":"index","follow":"follow","max-snippet":"max-snippet:-1","max-image-preview":"max-image-preview:large","max-video-preview":"max-video-preview:-1"},"canonical":"https:\/\/cozyanddozy.com\/fr\/produit\/tapis-enfant-en-velours-trefle-tapis-de-jeu-vert-112x112-cm\/","og_locale":"fr_FR","og_type":"article","og_title":"Tapis enfant en velours Tr\u00e8fle, tapis de jeu vert 112\u00d7112 cm","og_description":"Un tapis de jeu en forme de tr\u00e8fle. Tapis de tr\u00e8fle 112 \u00d7 112 cm en velours \u00e9pais.","og_url":"https:\/\/cozyanddozy.com\/fr\/produit\/tapis-enfant-en-velours-trefle-tapis-de-jeu-vert-112x112-cm\/","og_site_name":"Cozy &amp; Dozy","article_publisher":"https:\/\/www.facebook.com\/cozyanddozyshop","article_modified_time":"2025-01-29T21:11:01+00:00","og_image":[{"width":1500,"height":1500,"url":"https:\/\/cozyanddozy.com\/fr\/wp-content\/uploads\/2023\/05\/koniczyna-poduszka-mata-1.jpg","type":"image\/jpeg"}],"twitter_card":"summary_large_image","twitter_misc":{"Prix":"39,00&nbsp;&euro;","Disponibilit\u00e9":"En stock"},"schema":{"@context":"https:\/\/schema.org","@graph":[{"@type":"WebPage","@id":"https:\/\/cozyanddozy.com\/fr\/produit\/tapis-enfant-en-velours-trefle-tapis-de-jeu-vert-112x112-cm\/","url":"https:\/\/cozyanddozy.com\/fr\/produit\/tapis-enfant-en-velours-trefle-tapis-de-jeu-vert-112x112-cm\/","name":"Tapis enfant en velours Tr\u00e8fle, tapis de jeu vert 112\u00d7112 cm - Cozy & Dozy","isPartOf":{"@id":"https:\/\/cozyanddozy.com\/fr\/#website"},"primaryImageOfPage":{"@id":"https:\/\/cozyanddozy.com\/fr\/produit\/tapis-enfant-en-velours-trefle-tapis-de-jeu-vert-112x112-cm\/#primaryimage"},"image":{"@id":"https:\/\/cozyanddozy.com\/fr\/produit\/tapis-enfant-en-velours-trefle-tapis-de-jeu-vert-112x112-cm\/#primaryimage"},"thumbnailUrl":"https:\/\/cozyanddozy.com\/fr\/wp-content\/uploads\/2023\/05\/koniczyna-poduszka-mata-1.jpg","datePublished":"2023-05-29T08:37:40+00:00","dateModified":"2025-01-29T21:11:01+00:00","description":"Un tapis de jeu en forme de tr\u00e8fle. Tapis de tr\u00e8fle 112 \u00d7 112 cm en velours \u00e9pais.","breadcrumb":{"@id":"https:\/\/cozyanddozy.com\/fr\/produit\/tapis-enfant-en-velours-trefle-tapis-de-jeu-vert-112x112-cm\/#breadcrumb"},"inLanguage":"fr-FR","potentialAction":[{"@type":"ReadAction","target":["https:\/\/cozyanddozy.com\/fr\/produit\/tapis-enfant-en-velours-trefle-tapis-de-jeu-vert-112x112-cm\/"]}]},{"@type":"ImageObject","inLanguage":"fr-FR","@id":"https:\/\/cozyanddozy.com\/fr\/produit\/tapis-enfant-en-velours-trefle-tapis-de-jeu-vert-112x112-cm\/#primaryimage","url":"https:\/\/cozyanddozy.com\/fr\/wp-content\/uploads\/2023\/05\/koniczyna-poduszka-mata-1.jpg","contentUrl":"https:\/\/cozyanddozy.com\/fr\/wp-content\/uploads\/2023\/05\/koniczyna-poduszka-mata-1.jpg","width":1500,"height":1500},{"@type":"BreadcrumbList","@id":"https:\/\/cozyanddozy.com\/fr\/produit\/tapis-enfant-en-velours-trefle-tapis-de-jeu-vert-112x112-cm\/#breadcrumb","itemListElement":[{"@type":"ListItem","position":1,"name":"Home","item":"https:\/\/cozyanddozy.com\/fr\/"},{"@type":"ListItem","position":2,"name":"Boutique","item":"https:\/\/cozyanddozy.com\/fr\/boutique\/"},{"@type":"ListItem","position":3,"name":"Tapis enfant en velours Tr\u00e8fle, tapis de jeu vert 112\u00d7112 cm"}]},{"@type":"WebSite","@id":"https:\/\/cozyanddozy.com\/fr\/#website","url":"https:\/\/cozyanddozy.com\/fr\/","name":"Cozy & Dozy","description":"","publisher":{"@id":"https:\/\/cozyanddozy.com\/fr\/#organization"},"alternateName":"Cozy and Dozy","potentialAction":[{"@type":"SearchAction","target":{"@type":"EntryPoint","urlTemplate":"https:\/\/cozyanddozy.com\/fr\/?s={search_term_string}"},"query-input":{"@type":"PropertyValueSpecification","valueRequired":true,"valueName":"search_term_string"}}],"inLanguage":"fr-FR"},{"@type":"Organization","@id":"https:\/\/cozyanddozy.com\/fr\/#organization","name":"Cozy & Dozy","url":"https:\/\/cozyanddozy.com\/fr\/","logo":{"@type":"ImageObject","inLanguage":"fr-FR","@id":"https:\/\/cozyanddozy.com\/fr\/#\/schema\/logo\/image\/","url":"https:\/\/cozyanddozy.com\/fr\/wp-content\/uploads\/2023\/02\/cozyanddozy_logo_b.png","contentUrl":"https:\/\/cozyanddozy.com\/fr\/wp-content\/uploads\/2023\/02\/cozyanddozy_logo_b.png","width":314,"height":85,"caption":"Cozy & Dozy"},"image":{"@id":"https:\/\/cozyanddozy.com\/fr\/#\/schema\/logo\/image\/"},"sameAs":["https:\/\/www.facebook.com\/cozyanddozyshop","https:\/\/www.instagram.com\/cozyanddozy\/"]}]},"product_price_amount":"39.00","product_price_currency":"EUR","og_availability":"instock","product_availability":"instock","product_retailer_item_id":"5902701497644","product_condition":"new"},"_links":{"self":[{"href":"https:\/\/cozyanddozy.com\/fr\/wp-json\/wp\/v2\/product\/1825","targetHints":{"allow":["GET"]}}],"collection":[{"href":"https:\/\/cozyanddozy.com\/fr\/wp-json\/wp\/v2\/product"}],"about":[{"href":"https:\/\/cozyanddozy.com\/fr\/wp-json\/wp\/v2\/types\/product"}],"replies":[{"embeddable":true,"href":"https:\/\/cozyanddozy.com\/fr\/wp-json\/wp\/v2\/comments?post=1825"}],"wp:featuredmedia":[{"embeddable":true,"href":"https:\/\/cozyanddozy.com\/fr\/wp-json\/wp\/v2\/media\/1820"}],"wp:attachment":[{"href":"https:\/\/cozyanddozy.com\/fr\/wp-json\/wp\/v2\/media?parent=1825"}],"wp:term":[{"taxonomy":"product_brand","embeddable":true,"href":"https:\/\/cozyanddozy.com\/fr\/wp-json\/wp\/v2\/product_brand?post=1825"},{"taxonomy":"product_cat","embeddable":true,"href":"https:\/\/cozyanddozy.com\/fr\/wp-json\/wp\/v2\/product_cat?post=1825"},{"taxonomy":"product_tag","embeddable":true,"href":"https:\/\/cozyanddozy.com\/fr\/wp-json\/wp\/v2\/product_tag?post=1825"}],"curies":[{"name":"wp","href":"https:\/\/api.w.org\/{rel}","templated":true}]}}