{"id":1818,"date":"2023-05-22T12:37:27","date_gmt":"2023-05-22T11:37:27","guid":{"rendered":"https:\/\/cozyanddozy.com\/?post_type=product&#038;p=1635"},"modified":"2025-01-29T22:10:53","modified_gmt":"2025-01-29T21:10:53","slug":"oreiller-trefle-coussin-velours-vert","status":"publish","type":"product","link":"https:\/\/cozyanddozy.com\/fr\/produit\/oreiller-trefle-coussin-velours-vert\/","title":{"rendered":"Oreiller tr\u00e8fle, coussin velours vert"},"content":{"rendered":"<h3><strong>Un oreiller vert en forme de tr\u00e8fle \u00e0 quatre feuilles<\/strong><\/h3>\n<p>Doux et agr\u00e9ables au toucher, les oreillers en tr\u00e8fle sont une excellente d\u00e9coration de chambre.<\/p>\n<p>Les oreillers de la collection Clover sont un bel ajout \u00e0 n\u2019importe quelle pi\u00e8ce. Il d\u00e9corera \u00e0 la fois la chambre, le salon et la chambre des enfants.<\/p>\n<p>Chacun trouvera quelque chose pour lui-m\u00eame.<\/p>\n<p>Vous ne pouvez pas garder vos mains sur l\u2019oreiller Clover\u00a0!<\/p>\n<p>Vous pouvez choisir des fleurs de plusieurs couleurs diff\u00e9rentes : blanc, jaune, rose fonc\u00e9, rose clair, gris, violet et beige.<\/p>\n<p><span class=\"Apple-converted-space\">\u00a0<\/span>Dimensions:<\/p>\n<ul>\n<li>52 \u00d7 52 cm<\/li>\n<\/ul>\n<p>Composition:<\/p>\n<ul>\n<li>\u00a0100% velours (certificat , CE)<\/li>\n<li>\u00a0Remplissage de l\u2019oreiller \u2013 boule de silicone, antiallergique.<\/li>\n<\/ul>\n<p>La lessive:<\/p>\n<ul>\n<li>Lavable en machine \u00e0 40 degr\u00e9s,<\/li>\n<li>rotation \u2013 800 tours,<\/li>\n<li>ne pas nettoyer \u00e0 sec, ne pas blanchir,<\/li>\n<li>Apr\u00e8s le lavage, secouez-le pour organiser la coul\u00e9e,<\/li>\n<li>s\u00e9cher sur une surface plane.<\/li>\n<\/ul>\n","protected":false},"excerpt":{"rendered":"<p>Un oreiller vert en forme de tr\u00e8fle \u00e0 quatre feuilles Doux et agr\u00e9ables au toucher, les oreillers en tr\u00e8fle sont une excellente d\u00e9coration de chambre. Les oreillers de la collection Clover sont un bel ajout \u00e0 n\u2019importe quelle pi\u00e8ce. Il d\u00e9corera \u00e0 la fois la chambre, le salon et la chambre des enfants. Chacun trouvera [&#8230;]\n","protected":false},"featured_media":1819,"comment_status":"open","ping_status":"closed","template":"","meta":[],"product_brand":[],"product_cat":[17],"product_tag":[],"class_list":{"0":"post-1818","1":"product","2":"type-product","3":"status-publish","4":"has-post-thumbnail","6":"product_cat-coussins-et-poufs","8":"first","9":"instock","10":"sale","11":"shipping-taxable","12":"product-type-simple"},"yoast_head":"<!-- This site is optimized with the Yoast SEO Premium plugin v21.9 (Yoast SEO v27.0) - https:\/\/yoast.com\/product\/yoast-seo-premium-wordpress\/ -->\n<title>Oreiller tr\u00e8fle, coussin velours vert - Cozy &amp; Dozy<\/title>\n<meta name=\"description\" content=\"Un grand et doux coussin d\u00e9coratif Velvet tr\u00e8fle, coussin velours vert 52\u00d752 cm. Il est magnifique sur le canap\u00e9 et le fauteuil.\" \/>\n<meta name=\"robots\" content=\"index, follow, max-snippet:-1, max-image-preview:large, max-video-preview:-1\" \/>\n<link rel=\"canonical\" href=\"https:\/\/cozyanddozy.com\/fr\/produit\/oreiller-trefle-coussin-velours-vert\/\" \/>\n<meta property=\"og:locale\" content=\"fr_FR\" \/>\n<meta property=\"og:type\" content=\"article\" \/>\n<meta property=\"og:title\" content=\"Oreiller tr\u00e8fle, coussin velours vert\" \/>\n<meta property=\"og:description\" content=\"Un grand et doux coussin d\u00e9coratif Velvet tr\u00e8fle, coussin velours vert 52\u00d752 cm. Il est magnifique sur le canap\u00e9 et le fauteuil.\" \/>\n<meta property=\"og:url\" content=\"https:\/\/cozyanddozy.com\/fr\/produit\/oreiller-trefle-coussin-velours-vert\/\" \/>\n<meta property=\"og:site_name\" content=\"Cozy &amp; Dozy\" \/>\n<meta property=\"article:publisher\" content=\"https:\/\/www.facebook.com\/cozyanddozyshop\" \/>\n<meta property=\"article:modified_time\" content=\"2025-01-29T21:10:53+00:00\" \/>\n<meta property=\"og:image\" content=\"https:\/\/cozyanddozy.com\/fr\/wp-content\/uploads\/2023\/05\/mata-koniczynka-1.jpg\" \/>\n\t<meta property=\"og:image:width\" content=\"1500\" \/>\n\t<meta property=\"og:image:height\" content=\"1500\" \/>\n\t<meta property=\"og:image:type\" content=\"image\/jpeg\" \/>\n<meta name=\"twitter:card\" content=\"summary_large_image\" \/>\n<meta name=\"twitter:label1\" content=\"Prix\" \/>\n\t<meta name=\"twitter:data1\" content=\"25,00&nbsp;&euro;\" \/>\n\t<meta name=\"twitter:label2\" content=\"Disponibilit\u00e9\" \/>\n\t<meta name=\"twitter:data2\" content=\"En stock\" \/>\n<script type=\"application\/ld+json\" class=\"yoast-schema-graph\">{\"@context\":\"https:\/\/schema.org\",\"@graph\":[{\"@type\":\"WebPage\",\"@id\":\"https:\/\/cozyanddozy.com\/fr\/produit\/oreiller-trefle-coussin-velours-vert\/\",\"url\":\"https:\/\/cozyanddozy.com\/fr\/produit\/oreiller-trefle-coussin-velours-vert\/\",\"name\":\"Oreiller tr\u00e8fle, coussin velours vert - Cozy & Dozy\",\"isPartOf\":{\"@id\":\"https:\/\/cozyanddozy.com\/fr\/#website\"},\"primaryImageOfPage\":{\"@id\":\"https:\/\/cozyanddozy.com\/fr\/produit\/oreiller-trefle-coussin-velours-vert\/#primaryimage\"},\"image\":{\"@id\":\"https:\/\/cozyanddozy.com\/fr\/produit\/oreiller-trefle-coussin-velours-vert\/#primaryimage\"},\"thumbnailUrl\":\"https:\/\/cozyanddozy.com\/fr\/wp-content\/uploads\/2023\/05\/mata-koniczynka-1.jpg\",\"datePublished\":\"2023-05-22T11:37:27+00:00\",\"dateModified\":\"2025-01-29T21:10:53+00:00\",\"description\":\"Un grand et doux coussin d\u00e9coratif Velvet tr\u00e8fle, coussin velours vert 52\u00d752 cm. Il est magnifique sur le canap\u00e9 et le fauteuil.\",\"breadcrumb\":{\"@id\":\"https:\/\/cozyanddozy.com\/fr\/produit\/oreiller-trefle-coussin-velours-vert\/#breadcrumb\"},\"inLanguage\":\"fr-FR\",\"potentialAction\":[{\"@type\":\"ReadAction\",\"target\":[\"https:\/\/cozyanddozy.com\/fr\/produit\/oreiller-trefle-coussin-velours-vert\/\"]}]},{\"@type\":\"ImageObject\",\"inLanguage\":\"fr-FR\",\"@id\":\"https:\/\/cozyanddozy.com\/fr\/produit\/oreiller-trefle-coussin-velours-vert\/#primaryimage\",\"url\":\"https:\/\/cozyanddozy.com\/fr\/wp-content\/uploads\/2023\/05\/mata-koniczynka-1.jpg\",\"contentUrl\":\"https:\/\/cozyanddozy.com\/fr\/wp-content\/uploads\/2023\/05\/mata-koniczynka-1.jpg\",\"width\":1500,\"height\":1500},{\"@type\":\"BreadcrumbList\",\"@id\":\"https:\/\/cozyanddozy.com\/fr\/produit\/oreiller-trefle-coussin-velours-vert\/#breadcrumb\",\"itemListElement\":[{\"@type\":\"ListItem\",\"position\":1,\"name\":\"Home\",\"item\":\"https:\/\/cozyanddozy.com\/fr\/\"},{\"@type\":\"ListItem\",\"position\":2,\"name\":\"Boutique\",\"item\":\"https:\/\/cozyanddozy.com\/fr\/boutique\/\"},{\"@type\":\"ListItem\",\"position\":3,\"name\":\"Oreiller tr\u00e8fle, coussin velours vert\"}]},{\"@type\":\"WebSite\",\"@id\":\"https:\/\/cozyanddozy.com\/fr\/#website\",\"url\":\"https:\/\/cozyanddozy.com\/fr\/\",\"name\":\"Cozy & Dozy\",\"description\":\"\",\"publisher\":{\"@id\":\"https:\/\/cozyanddozy.com\/fr\/#organization\"},\"alternateName\":\"Cozy and Dozy\",\"potentialAction\":[{\"@type\":\"SearchAction\",\"target\":{\"@type\":\"EntryPoint\",\"urlTemplate\":\"https:\/\/cozyanddozy.com\/fr\/?s={search_term_string}\"},\"query-input\":{\"@type\":\"PropertyValueSpecification\",\"valueRequired\":true,\"valueName\":\"search_term_string\"}}],\"inLanguage\":\"fr-FR\"},{\"@type\":\"Organization\",\"@id\":\"https:\/\/cozyanddozy.com\/fr\/#organization\",\"name\":\"Cozy & Dozy\",\"url\":\"https:\/\/cozyanddozy.com\/fr\/\",\"logo\":{\"@type\":\"ImageObject\",\"inLanguage\":\"fr-FR\",\"@id\":\"https:\/\/cozyanddozy.com\/fr\/#\/schema\/logo\/image\/\",\"url\":\"https:\/\/cozyanddozy.com\/fr\/wp-content\/uploads\/2023\/02\/cozyanddozy_logo_b.png\",\"contentUrl\":\"https:\/\/cozyanddozy.com\/fr\/wp-content\/uploads\/2023\/02\/cozyanddozy_logo_b.png\",\"width\":314,\"height\":85,\"caption\":\"Cozy & Dozy\"},\"image\":{\"@id\":\"https:\/\/cozyanddozy.com\/fr\/#\/schema\/logo\/image\/\"},\"sameAs\":[\"https:\/\/www.facebook.com\/cozyanddozyshop\",\"https:\/\/www.instagram.com\/cozyanddozy\/\"]}]}<\/script>\n<meta property=\"product:price:amount\" content=\"25.00\" \/>\n<meta property=\"product:price:currency\" content=\"EUR\" \/>\n<meta property=\"og:availability\" content=\"instock\" \/>\n<meta property=\"product:availability\" content=\"instock\" \/>\n<meta property=\"product:retailer_item_id\" content=\"5902701497668\" \/>\n<meta property=\"product:condition\" content=\"new\" \/>\n<!-- \/ Yoast SEO Premium plugin. -->","yoast_head_json":{"title":"Oreiller tr\u00e8fle, coussin velours vert - Cozy & Dozy","description":"Un grand et doux coussin d\u00e9coratif Velvet tr\u00e8fle, coussin velours vert 52\u00d752 cm. Il est magnifique sur le canap\u00e9 et le fauteuil.","robots":{"index":"index","follow":"follow","max-snippet":"max-snippet:-1","max-image-preview":"max-image-preview:large","max-video-preview":"max-video-preview:-1"},"canonical":"https:\/\/cozyanddozy.com\/fr\/produit\/oreiller-trefle-coussin-velours-vert\/","og_locale":"fr_FR","og_type":"article","og_title":"Oreiller tr\u00e8fle, coussin velours vert","og_description":"Un grand et doux coussin d\u00e9coratif Velvet tr\u00e8fle, coussin velours vert 52\u00d752 cm. Il est magnifique sur le canap\u00e9 et le fauteuil.","og_url":"https:\/\/cozyanddozy.com\/fr\/produit\/oreiller-trefle-coussin-velours-vert\/","og_site_name":"Cozy &amp; Dozy","article_publisher":"https:\/\/www.facebook.com\/cozyanddozyshop","article_modified_time":"2025-01-29T21:10:53+00:00","og_image":[{"width":1500,"height":1500,"url":"https:\/\/cozyanddozy.com\/fr\/wp-content\/uploads\/2023\/05\/mata-koniczynka-1.jpg","type":"image\/jpeg"}],"twitter_card":"summary_large_image","twitter_misc":{"Prix":"25,00&nbsp;&euro;","Disponibilit\u00e9":"En stock"},"schema":{"@context":"https:\/\/schema.org","@graph":[{"@type":"WebPage","@id":"https:\/\/cozyanddozy.com\/fr\/produit\/oreiller-trefle-coussin-velours-vert\/","url":"https:\/\/cozyanddozy.com\/fr\/produit\/oreiller-trefle-coussin-velours-vert\/","name":"Oreiller tr\u00e8fle, coussin velours vert - Cozy & Dozy","isPartOf":{"@id":"https:\/\/cozyanddozy.com\/fr\/#website"},"primaryImageOfPage":{"@id":"https:\/\/cozyanddozy.com\/fr\/produit\/oreiller-trefle-coussin-velours-vert\/#primaryimage"},"image":{"@id":"https:\/\/cozyanddozy.com\/fr\/produit\/oreiller-trefle-coussin-velours-vert\/#primaryimage"},"thumbnailUrl":"https:\/\/cozyanddozy.com\/fr\/wp-content\/uploads\/2023\/05\/mata-koniczynka-1.jpg","datePublished":"2023-05-22T11:37:27+00:00","dateModified":"2025-01-29T21:10:53+00:00","description":"Un grand et doux coussin d\u00e9coratif Velvet tr\u00e8fle, coussin velours vert 52\u00d752 cm. Il est magnifique sur le canap\u00e9 et le fauteuil.","breadcrumb":{"@id":"https:\/\/cozyanddozy.com\/fr\/produit\/oreiller-trefle-coussin-velours-vert\/#breadcrumb"},"inLanguage":"fr-FR","potentialAction":[{"@type":"ReadAction","target":["https:\/\/cozyanddozy.com\/fr\/produit\/oreiller-trefle-coussin-velours-vert\/"]}]},{"@type":"ImageObject","inLanguage":"fr-FR","@id":"https:\/\/cozyanddozy.com\/fr\/produit\/oreiller-trefle-coussin-velours-vert\/#primaryimage","url":"https:\/\/cozyanddozy.com\/fr\/wp-content\/uploads\/2023\/05\/mata-koniczynka-1.jpg","contentUrl":"https:\/\/cozyanddozy.com\/fr\/wp-content\/uploads\/2023\/05\/mata-koniczynka-1.jpg","width":1500,"height":1500},{"@type":"BreadcrumbList","@id":"https:\/\/cozyanddozy.com\/fr\/produit\/oreiller-trefle-coussin-velours-vert\/#breadcrumb","itemListElement":[{"@type":"ListItem","position":1,"name":"Home","item":"https:\/\/cozyanddozy.com\/fr\/"},{"@type":"ListItem","position":2,"name":"Boutique","item":"https:\/\/cozyanddozy.com\/fr\/boutique\/"},{"@type":"ListItem","position":3,"name":"Oreiller tr\u00e8fle, coussin velours vert"}]},{"@type":"WebSite","@id":"https:\/\/cozyanddozy.com\/fr\/#website","url":"https:\/\/cozyanddozy.com\/fr\/","name":"Cozy & Dozy","description":"","publisher":{"@id":"https:\/\/cozyanddozy.com\/fr\/#organization"},"alternateName":"Cozy and Dozy","potentialAction":[{"@type":"SearchAction","target":{"@type":"EntryPoint","urlTemplate":"https:\/\/cozyanddozy.com\/fr\/?s={search_term_string}"},"query-input":{"@type":"PropertyValueSpecification","valueRequired":true,"valueName":"search_term_string"}}],"inLanguage":"fr-FR"},{"@type":"Organization","@id":"https:\/\/cozyanddozy.com\/fr\/#organization","name":"Cozy & Dozy","url":"https:\/\/cozyanddozy.com\/fr\/","logo":{"@type":"ImageObject","inLanguage":"fr-FR","@id":"https:\/\/cozyanddozy.com\/fr\/#\/schema\/logo\/image\/","url":"https:\/\/cozyanddozy.com\/fr\/wp-content\/uploads\/2023\/02\/cozyanddozy_logo_b.png","contentUrl":"https:\/\/cozyanddozy.com\/fr\/wp-content\/uploads\/2023\/02\/cozyanddozy_logo_b.png","width":314,"height":85,"caption":"Cozy & Dozy"},"image":{"@id":"https:\/\/cozyanddozy.com\/fr\/#\/schema\/logo\/image\/"},"sameAs":["https:\/\/www.facebook.com\/cozyanddozyshop","https:\/\/www.instagram.com\/cozyanddozy\/"]}]},"product_price_amount":"25.00","product_price_currency":"EUR","og_availability":"instock","product_availability":"instock","product_retailer_item_id":"5902701497668","product_condition":"new"},"_links":{"self":[{"href":"https:\/\/cozyanddozy.com\/fr\/wp-json\/wp\/v2\/product\/1818","targetHints":{"allow":["GET"]}}],"collection":[{"href":"https:\/\/cozyanddozy.com\/fr\/wp-json\/wp\/v2\/product"}],"about":[{"href":"https:\/\/cozyanddozy.com\/fr\/wp-json\/wp\/v2\/types\/product"}],"replies":[{"embeddable":true,"href":"https:\/\/cozyanddozy.com\/fr\/wp-json\/wp\/v2\/comments?post=1818"}],"wp:featuredmedia":[{"embeddable":true,"href":"https:\/\/cozyanddozy.com\/fr\/wp-json\/wp\/v2\/media\/1819"}],"wp:attachment":[{"href":"https:\/\/cozyanddozy.com\/fr\/wp-json\/wp\/v2\/media?parent=1818"}],"wp:term":[{"taxonomy":"product_brand","embeddable":true,"href":"https:\/\/cozyanddozy.com\/fr\/wp-json\/wp\/v2\/product_brand?post=1818"},{"taxonomy":"product_cat","embeddable":true,"href":"https:\/\/cozyanddozy.com\/fr\/wp-json\/wp\/v2\/product_cat?post=1818"},{"taxonomy":"product_tag","embeddable":true,"href":"https:\/\/cozyanddozy.com\/fr\/wp-json\/wp\/v2\/product_tag?post=1818"}],"curies":[{"name":"wp","href":"https:\/\/api.w.org\/{rel}","templated":true}]}}