{"id":1787,"date":"2023-05-22T12:10:58","date_gmt":"2023-05-22T11:10:58","guid":{"rendered":"https:\/\/cozyanddozy.com\/?post_type=product&#038;p=1626"},"modified":"2025-01-29T22:10:42","modified_gmt":"2025-01-29T21:10:42","slug":"coussin-fleur-flower-coussin-velours-gris-marguerite","status":"publish","type":"product","link":"https:\/\/cozyanddozy.com\/fr\/produit\/coussin-fleur-flower-coussin-velours-gris-marguerite\/","title":{"rendered":"Coussin fleur, Flower coussin velours gris marguerite"},"content":{"rendered":"<p><strong>Coussin velours gris fleur marguerite<\/strong><\/p>\n<p>Sans quoi ne pouvons-nous pas imaginer le printemps ? Bien s\u00fbr, sans marguerites belles et uniques.<\/p>\n<p>Et c\u2019est mieux quand ces marguerites sont des oreillers doux et agr\u00e9ables au toucher !<\/p>\n<p>Les coussins de la collection Daisy sont un bel ajout \u00e0 n\u2019importe quelle pi\u00e8ce. Il d\u00e9corera \u00e0 la fois la chambre, le salon et la chambre des enfants.<\/p>\n<p>Chacun trouvera quelque chose pour lui-m\u00eame.<\/p>\n<p>Vous ne pouvez pas garder vos mains sur l\u2019oreiller de Daisy ! Il est fait de velours tr\u00e8s doux. Ce mat\u00e9riau rend l\u2019utilisation de l\u2019oreiller extr\u00eamement agr\u00e9able. Votre enfant adorera s\u00fbrement le c\u00e2liner et l\u2019emporter avec lui pour toutes les siestes<\/p>\n<p>Vous pouvez choisir des fleurs de plusieurs couleurs diff\u00e9rentes : blanc, jaune, rose fonc\u00e9, rose clair, gris, violet et beige.<\/p>\n<p>Dimensions:<\/p>\n<ul>\n<li>52 \u00d7 52 cm<\/li>\n<\/ul>\n<p>Composition:<\/p>\n<ul>\n<li>\u00a0100% velours (certificat , CE)<\/li>\n<li>\u00a0Remplissage de l\u2019oreiller \u2013 boule de silicone, antiallergique.<\/li>\n<\/ul>\n<p>La lessive:<\/p>\n<ul>\n<li>Lavable en machine \u00e0 40 degr\u00e9s,<\/li>\n<li>rotation \u2013 800 tours,<\/li>\n<li>ne pas nettoyer \u00e0 sec, ne pas blanchir,<\/li>\n<li>Apr\u00e8s le lavage, secouez-le pour organiser la coul\u00e9e,<\/li>\n<li>s\u00e9cher sur une surface plane.<\/li>\n<\/ul>\n","protected":false},"excerpt":{"rendered":"<p>Coussin velours gris fleur marguerite Sans quoi ne pouvons-nous pas imaginer le printemps ? Bien s\u00fbr, sans marguerites belles et uniques. Et c\u2019est mieux quand ces marguerites sont des oreillers doux et agr\u00e9ables au toucher ! Les coussins de la collection Daisy sont un bel ajout \u00e0 n\u2019importe quelle pi\u00e8ce. Il d\u00e9corera \u00e0 la fois [&#8230;]\n","protected":false},"featured_media":1748,"comment_status":"open","ping_status":"closed","template":"","meta":[],"product_brand":[],"product_cat":[17],"product_tag":[],"class_list":{"0":"post-1787","1":"product","2":"type-product","3":"status-publish","4":"has-post-thumbnail","6":"product_cat-coussins-et-poufs","8":"first","9":"instock","10":"sale","11":"shipping-taxable","12":"product-type-simple"},"yoast_head":"<!-- This site is optimized with the Yoast SEO Premium plugin v21.9 (Yoast SEO v27.0) - https:\/\/yoast.com\/product\/yoast-seo-premium-wordpress\/ -->\n<title>Coussin fleur, Flower coussin velours gris marguerite - Cozy &amp; Dozy<\/title>\n<meta name=\"description\" content=\"Un grand et doux coussin d\u00e9coratif Velvet gris fleur 52\u00d752 cm. Il est magnifique sur le canap\u00e9 et le fauteuil.\" \/>\n<meta name=\"robots\" content=\"index, follow, max-snippet:-1, max-image-preview:large, max-video-preview:-1\" \/>\n<link rel=\"canonical\" href=\"https:\/\/cozyanddozy.com\/fr\/produit\/coussin-fleur-flower-coussin-velours-gris-marguerite\/\" \/>\n<meta property=\"og:locale\" content=\"fr_FR\" \/>\n<meta property=\"og:type\" content=\"article\" \/>\n<meta property=\"og:title\" content=\"Coussin fleur, Flower coussin velours gris marguerite\" \/>\n<meta property=\"og:description\" content=\"Un grand et doux coussin d\u00e9coratif Velvet gris fleur 52\u00d752 cm. Il est magnifique sur le canap\u00e9 et le fauteuil.\" \/>\n<meta property=\"og:url\" content=\"https:\/\/cozyanddozy.com\/fr\/produit\/coussin-fleur-flower-coussin-velours-gris-marguerite\/\" \/>\n<meta property=\"og:site_name\" content=\"Cozy &amp; Dozy\" \/>\n<meta property=\"article:publisher\" content=\"https:\/\/www.facebook.com\/cozyanddozyshop\" \/>\n<meta property=\"article:modified_time\" content=\"2025-01-29T21:10:42+00:00\" \/>\n<meta property=\"og:image\" content=\"https:\/\/cozyanddozy.com\/fr\/wp-content\/uploads\/2023\/05\/bed-pillows-daisy.jpg\" \/>\n\t<meta property=\"og:image:width\" content=\"1500\" \/>\n\t<meta property=\"og:image:height\" content=\"1500\" \/>\n\t<meta property=\"og:image:type\" content=\"image\/jpeg\" \/>\n<meta name=\"twitter:card\" content=\"summary_large_image\" \/>\n<meta name=\"twitter:label1\" content=\"Prix\" \/>\n\t<meta name=\"twitter:data1\" content=\"25,00&nbsp;&euro;\" \/>\n\t<meta name=\"twitter:label2\" content=\"Disponibilit\u00e9\" \/>\n\t<meta name=\"twitter:data2\" content=\"En stock\" \/>\n<script type=\"application\/ld+json\" class=\"yoast-schema-graph\">{\"@context\":\"https:\/\/schema.org\",\"@graph\":[{\"@type\":\"WebPage\",\"@id\":\"https:\/\/cozyanddozy.com\/fr\/produit\/coussin-fleur-flower-coussin-velours-gris-marguerite\/\",\"url\":\"https:\/\/cozyanddozy.com\/fr\/produit\/coussin-fleur-flower-coussin-velours-gris-marguerite\/\",\"name\":\"Coussin fleur, Flower coussin velours gris marguerite - Cozy & Dozy\",\"isPartOf\":{\"@id\":\"https:\/\/cozyanddozy.com\/fr\/#website\"},\"primaryImageOfPage\":{\"@id\":\"https:\/\/cozyanddozy.com\/fr\/produit\/coussin-fleur-flower-coussin-velours-gris-marguerite\/#primaryimage\"},\"image\":{\"@id\":\"https:\/\/cozyanddozy.com\/fr\/produit\/coussin-fleur-flower-coussin-velours-gris-marguerite\/#primaryimage\"},\"thumbnailUrl\":\"https:\/\/cozyanddozy.com\/fr\/wp-content\/uploads\/2023\/05\/bed-pillows-daisy.jpg\",\"datePublished\":\"2023-05-22T11:10:58+00:00\",\"dateModified\":\"2025-01-29T21:10:42+00:00\",\"description\":\"Un grand et doux coussin d\u00e9coratif Velvet gris fleur 52\u00d752 cm. Il est magnifique sur le canap\u00e9 et le fauteuil.\",\"breadcrumb\":{\"@id\":\"https:\/\/cozyanddozy.com\/fr\/produit\/coussin-fleur-flower-coussin-velours-gris-marguerite\/#breadcrumb\"},\"inLanguage\":\"fr-FR\",\"potentialAction\":[{\"@type\":\"ReadAction\",\"target\":[\"https:\/\/cozyanddozy.com\/fr\/produit\/coussin-fleur-flower-coussin-velours-gris-marguerite\/\"]}]},{\"@type\":\"ImageObject\",\"inLanguage\":\"fr-FR\",\"@id\":\"https:\/\/cozyanddozy.com\/fr\/produit\/coussin-fleur-flower-coussin-velours-gris-marguerite\/#primaryimage\",\"url\":\"https:\/\/cozyanddozy.com\/fr\/wp-content\/uploads\/2023\/05\/bed-pillows-daisy.jpg\",\"contentUrl\":\"https:\/\/cozyanddozy.com\/fr\/wp-content\/uploads\/2023\/05\/bed-pillows-daisy.jpg\",\"width\":1500,\"height\":1500},{\"@type\":\"BreadcrumbList\",\"@id\":\"https:\/\/cozyanddozy.com\/fr\/produit\/coussin-fleur-flower-coussin-velours-gris-marguerite\/#breadcrumb\",\"itemListElement\":[{\"@type\":\"ListItem\",\"position\":1,\"name\":\"Home\",\"item\":\"https:\/\/cozyanddozy.com\/fr\/\"},{\"@type\":\"ListItem\",\"position\":2,\"name\":\"Boutique\",\"item\":\"https:\/\/cozyanddozy.com\/fr\/boutique\/\"},{\"@type\":\"ListItem\",\"position\":3,\"name\":\"Coussin fleur, Flower coussin velours gris marguerite\"}]},{\"@type\":\"WebSite\",\"@id\":\"https:\/\/cozyanddozy.com\/fr\/#website\",\"url\":\"https:\/\/cozyanddozy.com\/fr\/\",\"name\":\"Cozy & Dozy\",\"description\":\"\",\"publisher\":{\"@id\":\"https:\/\/cozyanddozy.com\/fr\/#organization\"},\"alternateName\":\"Cozy and Dozy\",\"potentialAction\":[{\"@type\":\"SearchAction\",\"target\":{\"@type\":\"EntryPoint\",\"urlTemplate\":\"https:\/\/cozyanddozy.com\/fr\/?s={search_term_string}\"},\"query-input\":{\"@type\":\"PropertyValueSpecification\",\"valueRequired\":true,\"valueName\":\"search_term_string\"}}],\"inLanguage\":\"fr-FR\"},{\"@type\":\"Organization\",\"@id\":\"https:\/\/cozyanddozy.com\/fr\/#organization\",\"name\":\"Cozy & Dozy\",\"url\":\"https:\/\/cozyanddozy.com\/fr\/\",\"logo\":{\"@type\":\"ImageObject\",\"inLanguage\":\"fr-FR\",\"@id\":\"https:\/\/cozyanddozy.com\/fr\/#\/schema\/logo\/image\/\",\"url\":\"https:\/\/cozyanddozy.com\/fr\/wp-content\/uploads\/2023\/02\/cozyanddozy_logo_b.png\",\"contentUrl\":\"https:\/\/cozyanddozy.com\/fr\/wp-content\/uploads\/2023\/02\/cozyanddozy_logo_b.png\",\"width\":314,\"height\":85,\"caption\":\"Cozy & Dozy\"},\"image\":{\"@id\":\"https:\/\/cozyanddozy.com\/fr\/#\/schema\/logo\/image\/\"},\"sameAs\":[\"https:\/\/www.facebook.com\/cozyanddozyshop\",\"https:\/\/www.instagram.com\/cozyanddozy\/\"]}]}<\/script>\n<meta property=\"product:price:amount\" content=\"25.00\" \/>\n<meta property=\"product:price:currency\" content=\"EUR\" \/>\n<meta property=\"og:availability\" content=\"instock\" \/>\n<meta property=\"product:availability\" content=\"instock\" \/>\n<meta property=\"product:retailer_item_id\" content=\"5902701497675\" \/>\n<meta property=\"product:condition\" content=\"new\" \/>\n<!-- \/ Yoast SEO Premium plugin. -->","yoast_head_json":{"title":"Coussin fleur, Flower coussin velours gris marguerite - Cozy & Dozy","description":"Un grand et doux coussin d\u00e9coratif Velvet gris fleur 52\u00d752 cm. Il est magnifique sur le canap\u00e9 et le fauteuil.","robots":{"index":"index","follow":"follow","max-snippet":"max-snippet:-1","max-image-preview":"max-image-preview:large","max-video-preview":"max-video-preview:-1"},"canonical":"https:\/\/cozyanddozy.com\/fr\/produit\/coussin-fleur-flower-coussin-velours-gris-marguerite\/","og_locale":"fr_FR","og_type":"article","og_title":"Coussin fleur, Flower coussin velours gris marguerite","og_description":"Un grand et doux coussin d\u00e9coratif Velvet gris fleur 52\u00d752 cm. Il est magnifique sur le canap\u00e9 et le fauteuil.","og_url":"https:\/\/cozyanddozy.com\/fr\/produit\/coussin-fleur-flower-coussin-velours-gris-marguerite\/","og_site_name":"Cozy &amp; Dozy","article_publisher":"https:\/\/www.facebook.com\/cozyanddozyshop","article_modified_time":"2025-01-29T21:10:42+00:00","og_image":[{"width":1500,"height":1500,"url":"https:\/\/cozyanddozy.com\/fr\/wp-content\/uploads\/2023\/05\/bed-pillows-daisy.jpg","type":"image\/jpeg"}],"twitter_card":"summary_large_image","twitter_misc":{"Prix":"25,00&nbsp;&euro;","Disponibilit\u00e9":"En stock"},"schema":{"@context":"https:\/\/schema.org","@graph":[{"@type":"WebPage","@id":"https:\/\/cozyanddozy.com\/fr\/produit\/coussin-fleur-flower-coussin-velours-gris-marguerite\/","url":"https:\/\/cozyanddozy.com\/fr\/produit\/coussin-fleur-flower-coussin-velours-gris-marguerite\/","name":"Coussin fleur, Flower coussin velours gris marguerite - Cozy & Dozy","isPartOf":{"@id":"https:\/\/cozyanddozy.com\/fr\/#website"},"primaryImageOfPage":{"@id":"https:\/\/cozyanddozy.com\/fr\/produit\/coussin-fleur-flower-coussin-velours-gris-marguerite\/#primaryimage"},"image":{"@id":"https:\/\/cozyanddozy.com\/fr\/produit\/coussin-fleur-flower-coussin-velours-gris-marguerite\/#primaryimage"},"thumbnailUrl":"https:\/\/cozyanddozy.com\/fr\/wp-content\/uploads\/2023\/05\/bed-pillows-daisy.jpg","datePublished":"2023-05-22T11:10:58+00:00","dateModified":"2025-01-29T21:10:42+00:00","description":"Un grand et doux coussin d\u00e9coratif Velvet gris fleur 52\u00d752 cm. Il est magnifique sur le canap\u00e9 et le fauteuil.","breadcrumb":{"@id":"https:\/\/cozyanddozy.com\/fr\/produit\/coussin-fleur-flower-coussin-velours-gris-marguerite\/#breadcrumb"},"inLanguage":"fr-FR","potentialAction":[{"@type":"ReadAction","target":["https:\/\/cozyanddozy.com\/fr\/produit\/coussin-fleur-flower-coussin-velours-gris-marguerite\/"]}]},{"@type":"ImageObject","inLanguage":"fr-FR","@id":"https:\/\/cozyanddozy.com\/fr\/produit\/coussin-fleur-flower-coussin-velours-gris-marguerite\/#primaryimage","url":"https:\/\/cozyanddozy.com\/fr\/wp-content\/uploads\/2023\/05\/bed-pillows-daisy.jpg","contentUrl":"https:\/\/cozyanddozy.com\/fr\/wp-content\/uploads\/2023\/05\/bed-pillows-daisy.jpg","width":1500,"height":1500},{"@type":"BreadcrumbList","@id":"https:\/\/cozyanddozy.com\/fr\/produit\/coussin-fleur-flower-coussin-velours-gris-marguerite\/#breadcrumb","itemListElement":[{"@type":"ListItem","position":1,"name":"Home","item":"https:\/\/cozyanddozy.com\/fr\/"},{"@type":"ListItem","position":2,"name":"Boutique","item":"https:\/\/cozyanddozy.com\/fr\/boutique\/"},{"@type":"ListItem","position":3,"name":"Coussin fleur, Flower coussin velours gris marguerite"}]},{"@type":"WebSite","@id":"https:\/\/cozyanddozy.com\/fr\/#website","url":"https:\/\/cozyanddozy.com\/fr\/","name":"Cozy & Dozy","description":"","publisher":{"@id":"https:\/\/cozyanddozy.com\/fr\/#organization"},"alternateName":"Cozy and Dozy","potentialAction":[{"@type":"SearchAction","target":{"@type":"EntryPoint","urlTemplate":"https:\/\/cozyanddozy.com\/fr\/?s={search_term_string}"},"query-input":{"@type":"PropertyValueSpecification","valueRequired":true,"valueName":"search_term_string"}}],"inLanguage":"fr-FR"},{"@type":"Organization","@id":"https:\/\/cozyanddozy.com\/fr\/#organization","name":"Cozy & Dozy","url":"https:\/\/cozyanddozy.com\/fr\/","logo":{"@type":"ImageObject","inLanguage":"fr-FR","@id":"https:\/\/cozyanddozy.com\/fr\/#\/schema\/logo\/image\/","url":"https:\/\/cozyanddozy.com\/fr\/wp-content\/uploads\/2023\/02\/cozyanddozy_logo_b.png","contentUrl":"https:\/\/cozyanddozy.com\/fr\/wp-content\/uploads\/2023\/02\/cozyanddozy_logo_b.png","width":314,"height":85,"caption":"Cozy & Dozy"},"image":{"@id":"https:\/\/cozyanddozy.com\/fr\/#\/schema\/logo\/image\/"},"sameAs":["https:\/\/www.facebook.com\/cozyanddozyshop","https:\/\/www.instagram.com\/cozyanddozy\/"]}]},"product_price_amount":"25.00","product_price_currency":"EUR","og_availability":"instock","product_availability":"instock","product_retailer_item_id":"5902701497675","product_condition":"new"},"_links":{"self":[{"href":"https:\/\/cozyanddozy.com\/fr\/wp-json\/wp\/v2\/product\/1787","targetHints":{"allow":["GET"]}}],"collection":[{"href":"https:\/\/cozyanddozy.com\/fr\/wp-json\/wp\/v2\/product"}],"about":[{"href":"https:\/\/cozyanddozy.com\/fr\/wp-json\/wp\/v2\/types\/product"}],"replies":[{"embeddable":true,"href":"https:\/\/cozyanddozy.com\/fr\/wp-json\/wp\/v2\/comments?post=1787"}],"wp:featuredmedia":[{"embeddable":true,"href":"https:\/\/cozyanddozy.com\/fr\/wp-json\/wp\/v2\/media\/1748"}],"wp:attachment":[{"href":"https:\/\/cozyanddozy.com\/fr\/wp-json\/wp\/v2\/media?parent=1787"}],"wp:term":[{"taxonomy":"product_brand","embeddable":true,"href":"https:\/\/cozyanddozy.com\/fr\/wp-json\/wp\/v2\/product_brand?post=1787"},{"taxonomy":"product_cat","embeddable":true,"href":"https:\/\/cozyanddozy.com\/fr\/wp-json\/wp\/v2\/product_cat?post=1787"},{"taxonomy":"product_tag","embeddable":true,"href":"https:\/\/cozyanddozy.com\/fr\/wp-json\/wp\/v2\/product_tag?post=1787"}],"curies":[{"name":"wp","href":"https:\/\/api.w.org\/{rel}","templated":true}]}}