{"id":1716,"date":"2023-05-19T07:51:02","date_gmt":"2023-05-19T06:51:02","guid":{"rendered":"https:\/\/cozyanddozy.com\/?post_type=product&#038;p=1557"},"modified":"2023-11-08T16:20:57","modified_gmt":"2023-11-08T15:20:57","slug":"guirlande-de-fleurs-sakura-250cm","status":"publish","type":"product","link":"https:\/\/cozyanddozy.com\/fr\/produit\/guirlande-de-fleurs-sakura-250cm\/","title":{"rendered":"Guirlande de fleurs Sakura 250cm"},"content":{"rendered":"<h3><strong>Guirlande d\u00e9corative de fleurs blanches \u2013 Sakura, en velours.<\/strong><\/h3>\n<p>Nous aimons les int\u00e9rieurs confortables et les fleurs sont la meilleure d\u00e9coration dans n\u2019importe quelle pi\u00e8ce.<\/p>\n<p><strong>La guirlande Daisy est une belle d\u00e9coration d\u2019int\u00e9rieur, elle compl\u00e9tera parfaitement un mur vide, elle peut aussi \u00eatre un endroit o\u00f9 vous pourrez attacher des photos de vacances, d\u00e9corer une fen\u00eatre ou une chambre de fille, lui donnant un caract\u00e8re l\u00e9ger. Dans cette version, la guirlande a 6 fleurs.<\/strong><\/p>\n<p>DIMENSIONS:<\/p>\n<ul>\n<li>longueur totale de la guirlande \u2013 250cm<\/li>\n<li>largeur fleur : 22cm \u00b1 1cm,<\/li>\n<li>hauteur de la fleur : 22 cm \u00b1 1 cm<\/li>\n<\/ul>\n<p>MAT\u00c9RIEL:<\/p>\n<ul>\n<li>100% VELOURS<\/li>\n<li>guirlande vendue dans un sac en coton<\/li>\n<li>rembourrage anti-allergique, motif unilat\u00e9ral<\/li>\n<\/ul>\n<p>SE SOUCIER:<\/p>\n<ul>\n<li>lavable en machine \u00e0 40\u00b0C<\/li>\n<li>essorage max 800 tr\/min<\/li>\n<li>s\u00e9chage \u00e0 plat,<\/li>\n<li>peut \u00eatre s\u00e9ch\u00e9 au s\u00e8che-linge<\/li>\n<li>Ne pas javelliser,<\/li>\n<li>repasser \u00e0 travers le coton<\/li>\n<\/ul>\n<p>Livraison (jours ouvrables): 2-3 jours<\/p>\n","protected":false},"excerpt":{"rendered":"<p>Guirlande d\u00e9corative de fleurs blanches \u2013 Sakura, en velours. Nous aimons les int\u00e9rieurs confortables et les fleurs sont la meilleure d\u00e9coration dans n\u2019importe quelle pi\u00e8ce. La guirlande Daisy est une belle d\u00e9coration d\u2019int\u00e9rieur, elle compl\u00e9tera parfaitement un mur vide, elle peut aussi \u00eatre un endroit o\u00f9 vous pourrez attacher des photos de vacances, d\u00e9corer une [&#8230;]\n","protected":false},"featured_media":1710,"comment_status":"open","ping_status":"closed","template":"","meta":[],"product_brand":[],"product_cat":[19],"product_tag":[],"class_list":{"0":"post-1716","1":"product","2":"type-product","3":"status-publish","4":"has-post-thumbnail","6":"product_cat-accessories","8":"first","9":"instock","10":"shipping-taxable","11":"product-type-simple"},"yoast_head":"<!-- This site is optimized with the Yoast SEO Premium plugin v21.9 (Yoast SEO v27.0) - https:\/\/yoast.com\/product\/yoast-seo-premium-wordpress\/ -->\n<title>Guirlande de fleurs Sakura 250cm - Cozy &amp; Dozy<\/title>\n<meta name=\"description\" content=\"Guirlande d\u00e9corative de fleurs blanches \u2013 Sakura, en velours.\" \/>\n<meta name=\"robots\" content=\"index, follow, max-snippet:-1, max-image-preview:large, max-video-preview:-1\" \/>\n<link rel=\"canonical\" href=\"https:\/\/cozyanddozy.com\/fr\/produit\/guirlande-de-fleurs-sakura-250cm\/\" \/>\n<meta property=\"og:locale\" content=\"fr_FR\" \/>\n<meta property=\"og:type\" content=\"article\" \/>\n<meta property=\"og:title\" content=\"Guirlande de fleurs Sakura 250cm\" \/>\n<meta property=\"og:description\" content=\"Guirlande d\u00e9corative de fleurs blanches \u2013 Sakura, en velours.\" \/>\n<meta property=\"og:url\" content=\"https:\/\/cozyanddozy.com\/fr\/produit\/guirlande-de-fleurs-sakura-250cm\/\" \/>\n<meta property=\"og:site_name\" content=\"Cozy &amp; Dozy\" \/>\n<meta property=\"article:publisher\" content=\"https:\/\/www.facebook.com\/cozyanddozyshop\" \/>\n<meta property=\"article:modified_time\" content=\"2023-11-08T15:20:57+00:00\" \/>\n<meta property=\"og:image\" content=\"https:\/\/cozyanddozy.com\/fr\/wp-content\/uploads\/2023\/05\/pink-velvet-flowers-.jpg\" \/>\n\t<meta property=\"og:image:width\" content=\"1200\" \/>\n\t<meta property=\"og:image:height\" content=\"1200\" \/>\n\t<meta property=\"og:image:type\" content=\"image\/jpeg\" \/>\n<meta name=\"twitter:card\" content=\"summary_large_image\" \/>\n<meta name=\"twitter:label1\" content=\"Prix\" \/>\n\t<meta name=\"twitter:data1\" content=\"39,00&nbsp;&euro;\" \/>\n\t<meta name=\"twitter:label2\" content=\"Disponibilit\u00e9\" \/>\n\t<meta name=\"twitter:data2\" content=\"En stock\" \/>\n<script type=\"application\/ld+json\" class=\"yoast-schema-graph\">{\"@context\":\"https:\/\/schema.org\",\"@graph\":[{\"@type\":\"WebPage\",\"@id\":\"https:\/\/cozyanddozy.com\/fr\/produit\/guirlande-de-fleurs-sakura-250cm\/\",\"url\":\"https:\/\/cozyanddozy.com\/fr\/produit\/guirlande-de-fleurs-sakura-250cm\/\",\"name\":\"Guirlande de fleurs Sakura 250cm - Cozy & Dozy\",\"isPartOf\":{\"@id\":\"https:\/\/cozyanddozy.com\/fr\/#website\"},\"primaryImageOfPage\":{\"@id\":\"https:\/\/cozyanddozy.com\/fr\/produit\/guirlande-de-fleurs-sakura-250cm\/#primaryimage\"},\"image\":{\"@id\":\"https:\/\/cozyanddozy.com\/fr\/produit\/guirlande-de-fleurs-sakura-250cm\/#primaryimage\"},\"thumbnailUrl\":\"https:\/\/cozyanddozy.com\/fr\/wp-content\/uploads\/2023\/05\/pink-velvet-flowers-.jpg\",\"datePublished\":\"2023-05-19T06:51:02+00:00\",\"dateModified\":\"2023-11-08T15:20:57+00:00\",\"description\":\"Guirlande d\u00e9corative de fleurs blanches \u2013 Sakura, en velours.\",\"breadcrumb\":{\"@id\":\"https:\/\/cozyanddozy.com\/fr\/produit\/guirlande-de-fleurs-sakura-250cm\/#breadcrumb\"},\"inLanguage\":\"fr-FR\",\"potentialAction\":[{\"@type\":\"ReadAction\",\"target\":[\"https:\/\/cozyanddozy.com\/fr\/produit\/guirlande-de-fleurs-sakura-250cm\/\"]}]},{\"@type\":\"ImageObject\",\"inLanguage\":\"fr-FR\",\"@id\":\"https:\/\/cozyanddozy.com\/fr\/produit\/guirlande-de-fleurs-sakura-250cm\/#primaryimage\",\"url\":\"https:\/\/cozyanddozy.com\/fr\/wp-content\/uploads\/2023\/05\/pink-velvet-flowers-.jpg\",\"contentUrl\":\"https:\/\/cozyanddozy.com\/fr\/wp-content\/uploads\/2023\/05\/pink-velvet-flowers-.jpg\",\"width\":1200,\"height\":1200},{\"@type\":\"BreadcrumbList\",\"@id\":\"https:\/\/cozyanddozy.com\/fr\/produit\/guirlande-de-fleurs-sakura-250cm\/#breadcrumb\",\"itemListElement\":[{\"@type\":\"ListItem\",\"position\":1,\"name\":\"Home\",\"item\":\"https:\/\/cozyanddozy.com\/fr\/\"},{\"@type\":\"ListItem\",\"position\":2,\"name\":\"Boutique\",\"item\":\"https:\/\/cozyanddozy.com\/fr\/boutique\/\"},{\"@type\":\"ListItem\",\"position\":3,\"name\":\"Guirlande de fleurs Sakura 250cm\"}]},{\"@type\":\"WebSite\",\"@id\":\"https:\/\/cozyanddozy.com\/fr\/#website\",\"url\":\"https:\/\/cozyanddozy.com\/fr\/\",\"name\":\"Cozy & Dozy\",\"description\":\"\",\"publisher\":{\"@id\":\"https:\/\/cozyanddozy.com\/fr\/#organization\"},\"alternateName\":\"Cozy and Dozy\",\"potentialAction\":[{\"@type\":\"SearchAction\",\"target\":{\"@type\":\"EntryPoint\",\"urlTemplate\":\"https:\/\/cozyanddozy.com\/fr\/?s={search_term_string}\"},\"query-input\":{\"@type\":\"PropertyValueSpecification\",\"valueRequired\":true,\"valueName\":\"search_term_string\"}}],\"inLanguage\":\"fr-FR\"},{\"@type\":\"Organization\",\"@id\":\"https:\/\/cozyanddozy.com\/fr\/#organization\",\"name\":\"Cozy & Dozy\",\"url\":\"https:\/\/cozyanddozy.com\/fr\/\",\"logo\":{\"@type\":\"ImageObject\",\"inLanguage\":\"fr-FR\",\"@id\":\"https:\/\/cozyanddozy.com\/fr\/#\/schema\/logo\/image\/\",\"url\":\"https:\/\/cozyanddozy.com\/fr\/wp-content\/uploads\/2023\/02\/cozyanddozy_logo_b.png\",\"contentUrl\":\"https:\/\/cozyanddozy.com\/fr\/wp-content\/uploads\/2023\/02\/cozyanddozy_logo_b.png\",\"width\":314,\"height\":85,\"caption\":\"Cozy & Dozy\"},\"image\":{\"@id\":\"https:\/\/cozyanddozy.com\/fr\/#\/schema\/logo\/image\/\"},\"sameAs\":[\"https:\/\/www.facebook.com\/cozyanddozyshop\",\"https:\/\/www.instagram.com\/cozyanddozy\/\"]}]}<\/script>\n<meta property=\"product:price:amount\" content=\"39.00\" \/>\n<meta property=\"product:price:currency\" content=\"EUR\" \/>\n<meta property=\"og:availability\" content=\"instock\" \/>\n<meta property=\"product:availability\" content=\"instock\" \/>\n<meta property=\"product:retailer_item_id\" content=\"5902701497347\" \/>\n<meta property=\"product:condition\" content=\"new\" \/>\n<!-- \/ Yoast SEO Premium plugin. -->","yoast_head_json":{"title":"Guirlande de fleurs Sakura 250cm - Cozy & Dozy","description":"Guirlande d\u00e9corative de fleurs blanches \u2013 Sakura, en velours.","robots":{"index":"index","follow":"follow","max-snippet":"max-snippet:-1","max-image-preview":"max-image-preview:large","max-video-preview":"max-video-preview:-1"},"canonical":"https:\/\/cozyanddozy.com\/fr\/produit\/guirlande-de-fleurs-sakura-250cm\/","og_locale":"fr_FR","og_type":"article","og_title":"Guirlande de fleurs Sakura 250cm","og_description":"Guirlande d\u00e9corative de fleurs blanches \u2013 Sakura, en velours.","og_url":"https:\/\/cozyanddozy.com\/fr\/produit\/guirlande-de-fleurs-sakura-250cm\/","og_site_name":"Cozy &amp; Dozy","article_publisher":"https:\/\/www.facebook.com\/cozyanddozyshop","article_modified_time":"2023-11-08T15:20:57+00:00","og_image":[{"width":1200,"height":1200,"url":"https:\/\/cozyanddozy.com\/fr\/wp-content\/uploads\/2023\/05\/pink-velvet-flowers-.jpg","type":"image\/jpeg"}],"twitter_card":"summary_large_image","twitter_misc":{"Prix":"39,00&nbsp;&euro;","Disponibilit\u00e9":"En stock"},"schema":{"@context":"https:\/\/schema.org","@graph":[{"@type":"WebPage","@id":"https:\/\/cozyanddozy.com\/fr\/produit\/guirlande-de-fleurs-sakura-250cm\/","url":"https:\/\/cozyanddozy.com\/fr\/produit\/guirlande-de-fleurs-sakura-250cm\/","name":"Guirlande de fleurs Sakura 250cm - Cozy & Dozy","isPartOf":{"@id":"https:\/\/cozyanddozy.com\/fr\/#website"},"primaryImageOfPage":{"@id":"https:\/\/cozyanddozy.com\/fr\/produit\/guirlande-de-fleurs-sakura-250cm\/#primaryimage"},"image":{"@id":"https:\/\/cozyanddozy.com\/fr\/produit\/guirlande-de-fleurs-sakura-250cm\/#primaryimage"},"thumbnailUrl":"https:\/\/cozyanddozy.com\/fr\/wp-content\/uploads\/2023\/05\/pink-velvet-flowers-.jpg","datePublished":"2023-05-19T06:51:02+00:00","dateModified":"2023-11-08T15:20:57+00:00","description":"Guirlande d\u00e9corative de fleurs blanches \u2013 Sakura, en velours.","breadcrumb":{"@id":"https:\/\/cozyanddozy.com\/fr\/produit\/guirlande-de-fleurs-sakura-250cm\/#breadcrumb"},"inLanguage":"fr-FR","potentialAction":[{"@type":"ReadAction","target":["https:\/\/cozyanddozy.com\/fr\/produit\/guirlande-de-fleurs-sakura-250cm\/"]}]},{"@type":"ImageObject","inLanguage":"fr-FR","@id":"https:\/\/cozyanddozy.com\/fr\/produit\/guirlande-de-fleurs-sakura-250cm\/#primaryimage","url":"https:\/\/cozyanddozy.com\/fr\/wp-content\/uploads\/2023\/05\/pink-velvet-flowers-.jpg","contentUrl":"https:\/\/cozyanddozy.com\/fr\/wp-content\/uploads\/2023\/05\/pink-velvet-flowers-.jpg","width":1200,"height":1200},{"@type":"BreadcrumbList","@id":"https:\/\/cozyanddozy.com\/fr\/produit\/guirlande-de-fleurs-sakura-250cm\/#breadcrumb","itemListElement":[{"@type":"ListItem","position":1,"name":"Home","item":"https:\/\/cozyanddozy.com\/fr\/"},{"@type":"ListItem","position":2,"name":"Boutique","item":"https:\/\/cozyanddozy.com\/fr\/boutique\/"},{"@type":"ListItem","position":3,"name":"Guirlande de fleurs Sakura 250cm"}]},{"@type":"WebSite","@id":"https:\/\/cozyanddozy.com\/fr\/#website","url":"https:\/\/cozyanddozy.com\/fr\/","name":"Cozy & Dozy","description":"","publisher":{"@id":"https:\/\/cozyanddozy.com\/fr\/#organization"},"alternateName":"Cozy and Dozy","potentialAction":[{"@type":"SearchAction","target":{"@type":"EntryPoint","urlTemplate":"https:\/\/cozyanddozy.com\/fr\/?s={search_term_string}"},"query-input":{"@type":"PropertyValueSpecification","valueRequired":true,"valueName":"search_term_string"}}],"inLanguage":"fr-FR"},{"@type":"Organization","@id":"https:\/\/cozyanddozy.com\/fr\/#organization","name":"Cozy & Dozy","url":"https:\/\/cozyanddozy.com\/fr\/","logo":{"@type":"ImageObject","inLanguage":"fr-FR","@id":"https:\/\/cozyanddozy.com\/fr\/#\/schema\/logo\/image\/","url":"https:\/\/cozyanddozy.com\/fr\/wp-content\/uploads\/2023\/02\/cozyanddozy_logo_b.png","contentUrl":"https:\/\/cozyanddozy.com\/fr\/wp-content\/uploads\/2023\/02\/cozyanddozy_logo_b.png","width":314,"height":85,"caption":"Cozy & Dozy"},"image":{"@id":"https:\/\/cozyanddozy.com\/fr\/#\/schema\/logo\/image\/"},"sameAs":["https:\/\/www.facebook.com\/cozyanddozyshop","https:\/\/www.instagram.com\/cozyanddozy\/"]}]},"product_price_amount":"39.00","product_price_currency":"EUR","og_availability":"instock","product_availability":"instock","product_retailer_item_id":"5902701497347","product_condition":"new"},"_links":{"self":[{"href":"https:\/\/cozyanddozy.com\/fr\/wp-json\/wp\/v2\/product\/1716","targetHints":{"allow":["GET"]}}],"collection":[{"href":"https:\/\/cozyanddozy.com\/fr\/wp-json\/wp\/v2\/product"}],"about":[{"href":"https:\/\/cozyanddozy.com\/fr\/wp-json\/wp\/v2\/types\/product"}],"replies":[{"embeddable":true,"href":"https:\/\/cozyanddozy.com\/fr\/wp-json\/wp\/v2\/comments?post=1716"}],"wp:featuredmedia":[{"embeddable":true,"href":"https:\/\/cozyanddozy.com\/fr\/wp-json\/wp\/v2\/media\/1710"}],"wp:attachment":[{"href":"https:\/\/cozyanddozy.com\/fr\/wp-json\/wp\/v2\/media?parent=1716"}],"wp:term":[{"taxonomy":"product_brand","embeddable":true,"href":"https:\/\/cozyanddozy.com\/fr\/wp-json\/wp\/v2\/product_brand?post=1716"},{"taxonomy":"product_cat","embeddable":true,"href":"https:\/\/cozyanddozy.com\/fr\/wp-json\/wp\/v2\/product_cat?post=1716"},{"taxonomy":"product_tag","embeddable":true,"href":"https:\/\/cozyanddozy.com\/fr\/wp-json\/wp\/v2\/product_tag?post=1716"}],"curies":[{"name":"wp","href":"https:\/\/api.w.org\/{rel}","templated":true}]}}