{"id":1652,"date":"2023-04-26T11:18:18","date_gmt":"2023-04-26T10:18:18","guid":{"rendered":"https:\/\/cozyanddozy.com\/?post_type=product&#038;p=1530"},"modified":"2025-01-29T22:15:27","modified_gmt":"2025-01-29T21:15:27","slug":"oreiller-de-marguerite-jaune-grand-coussin-de-fleurs","status":"publish","type":"product","link":"https:\/\/cozyanddozy.com\/fr\/produit\/oreiller-de-marguerite-jaune-grand-coussin-de-fleurs\/","title":{"rendered":"Coussin marguerite jaune &#8211; grand coussin fleuri"},"content":{"rendered":"<h3>Coussin en forme de fleur &#8211; velours Daisy 62\u00d762 cm jaune et blanc.<\/h3>\n<p>Qu&#8217;est-ce qui fait qu&#8217;on ne peut pas imaginer le printemps sans? Bien s\u00fbr, sans les marguerites magnifiques et uniques. Le mieux est que ces marguerites soient des oreillers doux et agr\u00e9ables au toucher! Les coussins de la collection Daisy sont une belle addition \u00e0 n&#8217;importe quelle pi\u00e8ce. Il d\u00e9corera aussi bien la chambre \u00e0 coucher que le salon ou la chambre d&#8217;enfant. Chacun y trouvera son compte.<\/p>\n<p>Vous ne pouvez pas garder vos mains loin de l&#8217;oreiller de Daisy! Il est en velours tr\u00e8s doux. Ce mat\u00e9riau rend l&#8217;utilisation de l&#8217;oreiller extr\u00eamement agr\u00e9able. Votre enfant adorera le c\u00e2liner et l&#8217;emportera avec lui pour toutes ses siestes.<\/p>\n<p>Vous pouvez choisir des fleurs de diff\u00e9rentes couleurs : blanc, jaune, rose fonc\u00e9, rose clair, gris, violet et beige.<\/p>\n<p>Dimensions :<\/p>\n<ul>\n<li>62\u00d762 cm<\/li>\n<\/ul>\n<p>Composition :<\/p>\n<ul>\n<li>100% velours (certificat CE)<\/li>\n<li>Garniture d&#8217;oreiller &#8211; boule de silicone, antiallergique.<\/li>\n<\/ul>\n<p>Lavage :<\/p>\n<ul>\n<li>Lavable en machine \u00e0 40 degr\u00e9s,<\/li>\n<li>essorage &#8211; 800 tours,<\/li>\n<li>ne pas nettoyer \u00e0 sec, ne pas blanchir,<\/li>\n<li>Apr\u00e8s le lavage, agiter pour r\u00e9partir la garniture,<\/li>\n<li>s\u00e9cher sur une surface plane.<\/li>\n<\/ul>\n","protected":false},"excerpt":{"rendered":"<p>Coussin en forme de fleur &#8211; velours Daisy 62\u00d762 cm jaune et blanc. Qu&#8217;est-ce qui fait qu&#8217;on ne peut pas imaginer le printemps sans? Bien s\u00fbr, sans les marguerites magnifiques et uniques. Le mieux est que ces marguerites soient des oreillers doux et agr\u00e9ables au toucher! Les coussins de la collection Daisy sont une belle [&#8230;]\n","protected":false},"featured_media":1651,"comment_status":"open","ping_status":"closed","template":"","meta":[],"product_brand":[],"product_cat":[17],"product_tag":[],"class_list":{"0":"post-1652","1":"product","2":"type-product","3":"status-publish","4":"has-post-thumbnail","6":"product_cat-coussins-et-poufs","8":"first","9":"instock","10":"sale","11":"shipping-taxable","12":"product-type-simple"},"yoast_head":"<!-- This site is optimized with the Yoast SEO Premium plugin v21.9 (Yoast SEO v27.0) - https:\/\/yoast.com\/product\/yoast-seo-premium-wordpress\/ -->\n<title>Coussin marguerite jaune - grand coussin fleuri - Cozy &amp; Dozy<\/title>\n<meta name=\"description\" content=\"Coussin en forme de fleur - velours Daisy 62\u00d762 cm jaune et blanc.\" \/>\n<meta name=\"robots\" content=\"index, follow, max-snippet:-1, max-image-preview:large, max-video-preview:-1\" \/>\n<link rel=\"canonical\" href=\"https:\/\/cozyanddozy.com\/fr\/produit\/oreiller-de-marguerite-jaune-grand-coussin-de-fleurs\/\" \/>\n<meta property=\"og:locale\" content=\"fr_FR\" \/>\n<meta property=\"og:type\" content=\"article\" \/>\n<meta property=\"og:title\" content=\"Coussin marguerite jaune - grand coussin fleuri\" \/>\n<meta property=\"og:description\" content=\"Coussin en forme de fleur - velours Daisy 62\u00d762 cm jaune et blanc.\" \/>\n<meta property=\"og:url\" content=\"https:\/\/cozyanddozy.com\/fr\/produit\/oreiller-de-marguerite-jaune-grand-coussin-de-fleurs\/\" \/>\n<meta property=\"og:site_name\" content=\"Cozy &amp; Dozy\" \/>\n<meta property=\"article:publisher\" content=\"https:\/\/www.facebook.com\/cozyanddozyshop\" \/>\n<meta property=\"article:modified_time\" content=\"2025-01-29T21:15:27+00:00\" \/>\n<meta property=\"og:image\" content=\"https:\/\/cozyanddozy.com\/fr\/wp-content\/uploads\/2023\/04\/bed-pillows-flower.jpg\" \/>\n\t<meta property=\"og:image:width\" content=\"2000\" \/>\n\t<meta property=\"og:image:height\" content=\"2000\" \/>\n\t<meta property=\"og:image:type\" content=\"image\/jpeg\" \/>\n<meta name=\"twitter:card\" content=\"summary_large_image\" \/>\n<meta name=\"twitter:label1\" content=\"Prix\" \/>\n\t<meta name=\"twitter:data1\" content=\"25,00&nbsp;&euro;\" \/>\n\t<meta name=\"twitter:label2\" content=\"Disponibilit\u00e9\" \/>\n\t<meta name=\"twitter:data2\" content=\"En stock\" \/>\n<script type=\"application\/ld+json\" class=\"yoast-schema-graph\">{\"@context\":\"https:\/\/schema.org\",\"@graph\":[{\"@type\":\"WebPage\",\"@id\":\"https:\/\/cozyanddozy.com\/fr\/produit\/oreiller-de-marguerite-jaune-grand-coussin-de-fleurs\/\",\"url\":\"https:\/\/cozyanddozy.com\/fr\/produit\/oreiller-de-marguerite-jaune-grand-coussin-de-fleurs\/\",\"name\":\"Coussin marguerite jaune - grand coussin fleuri - Cozy & Dozy\",\"isPartOf\":{\"@id\":\"https:\/\/cozyanddozy.com\/fr\/#website\"},\"primaryImageOfPage\":{\"@id\":\"https:\/\/cozyanddozy.com\/fr\/produit\/oreiller-de-marguerite-jaune-grand-coussin-de-fleurs\/#primaryimage\"},\"image\":{\"@id\":\"https:\/\/cozyanddozy.com\/fr\/produit\/oreiller-de-marguerite-jaune-grand-coussin-de-fleurs\/#primaryimage\"},\"thumbnailUrl\":\"https:\/\/cozyanddozy.com\/fr\/wp-content\/uploads\/2023\/04\/bed-pillows-flower.jpg\",\"datePublished\":\"2023-04-26T10:18:18+00:00\",\"dateModified\":\"2025-01-29T21:15:27+00:00\",\"description\":\"Coussin en forme de fleur - velours Daisy 62\u00d762 cm jaune et blanc.\",\"breadcrumb\":{\"@id\":\"https:\/\/cozyanddozy.com\/fr\/produit\/oreiller-de-marguerite-jaune-grand-coussin-de-fleurs\/#breadcrumb\"},\"inLanguage\":\"fr-FR\",\"potentialAction\":[{\"@type\":\"ReadAction\",\"target\":[\"https:\/\/cozyanddozy.com\/fr\/produit\/oreiller-de-marguerite-jaune-grand-coussin-de-fleurs\/\"]}]},{\"@type\":\"ImageObject\",\"inLanguage\":\"fr-FR\",\"@id\":\"https:\/\/cozyanddozy.com\/fr\/produit\/oreiller-de-marguerite-jaune-grand-coussin-de-fleurs\/#primaryimage\",\"url\":\"https:\/\/cozyanddozy.com\/fr\/wp-content\/uploads\/2023\/04\/bed-pillows-flower.jpg\",\"contentUrl\":\"https:\/\/cozyanddozy.com\/fr\/wp-content\/uploads\/2023\/04\/bed-pillows-flower.jpg\",\"width\":2000,\"height\":2000},{\"@type\":\"BreadcrumbList\",\"@id\":\"https:\/\/cozyanddozy.com\/fr\/produit\/oreiller-de-marguerite-jaune-grand-coussin-de-fleurs\/#breadcrumb\",\"itemListElement\":[{\"@type\":\"ListItem\",\"position\":1,\"name\":\"Home\",\"item\":\"https:\/\/cozyanddozy.com\/fr\/\"},{\"@type\":\"ListItem\",\"position\":2,\"name\":\"Boutique\",\"item\":\"https:\/\/cozyanddozy.com\/fr\/boutique\/\"},{\"@type\":\"ListItem\",\"position\":3,\"name\":\"Coussin marguerite jaune &#8211; grand coussin fleuri\"}]},{\"@type\":\"WebSite\",\"@id\":\"https:\/\/cozyanddozy.com\/fr\/#website\",\"url\":\"https:\/\/cozyanddozy.com\/fr\/\",\"name\":\"Cozy & Dozy\",\"description\":\"\",\"publisher\":{\"@id\":\"https:\/\/cozyanddozy.com\/fr\/#organization\"},\"alternateName\":\"Cozy and Dozy\",\"potentialAction\":[{\"@type\":\"SearchAction\",\"target\":{\"@type\":\"EntryPoint\",\"urlTemplate\":\"https:\/\/cozyanddozy.com\/fr\/?s={search_term_string}\"},\"query-input\":{\"@type\":\"PropertyValueSpecification\",\"valueRequired\":true,\"valueName\":\"search_term_string\"}}],\"inLanguage\":\"fr-FR\"},{\"@type\":\"Organization\",\"@id\":\"https:\/\/cozyanddozy.com\/fr\/#organization\",\"name\":\"Cozy & Dozy\",\"url\":\"https:\/\/cozyanddozy.com\/fr\/\",\"logo\":{\"@type\":\"ImageObject\",\"inLanguage\":\"fr-FR\",\"@id\":\"https:\/\/cozyanddozy.com\/fr\/#\/schema\/logo\/image\/\",\"url\":\"https:\/\/cozyanddozy.com\/fr\/wp-content\/uploads\/2023\/02\/cozyanddozy_logo_b.png\",\"contentUrl\":\"https:\/\/cozyanddozy.com\/fr\/wp-content\/uploads\/2023\/02\/cozyanddozy_logo_b.png\",\"width\":314,\"height\":85,\"caption\":\"Cozy & Dozy\"},\"image\":{\"@id\":\"https:\/\/cozyanddozy.com\/fr\/#\/schema\/logo\/image\/\"},\"sameAs\":[\"https:\/\/www.facebook.com\/cozyanddozyshop\",\"https:\/\/www.instagram.com\/cozyanddozy\/\"]}]}<\/script>\n<meta property=\"product:price:amount\" content=\"25.00\" \/>\n<meta property=\"product:price:currency\" content=\"EUR\" \/>\n<meta property=\"og:availability\" content=\"instock\" \/>\n<meta property=\"product:availability\" content=\"instock\" \/>\n<meta property=\"product:retailer_item_id\" content=\"5902701497231\" \/>\n<meta property=\"product:condition\" content=\"new\" \/>\n<!-- \/ Yoast SEO Premium plugin. -->","yoast_head_json":{"title":"Coussin marguerite jaune - grand coussin fleuri - Cozy & Dozy","description":"Coussin en forme de fleur - velours Daisy 62\u00d762 cm jaune et blanc.","robots":{"index":"index","follow":"follow","max-snippet":"max-snippet:-1","max-image-preview":"max-image-preview:large","max-video-preview":"max-video-preview:-1"},"canonical":"https:\/\/cozyanddozy.com\/fr\/produit\/oreiller-de-marguerite-jaune-grand-coussin-de-fleurs\/","og_locale":"fr_FR","og_type":"article","og_title":"Coussin marguerite jaune - grand coussin fleuri","og_description":"Coussin en forme de fleur - velours Daisy 62\u00d762 cm jaune et blanc.","og_url":"https:\/\/cozyanddozy.com\/fr\/produit\/oreiller-de-marguerite-jaune-grand-coussin-de-fleurs\/","og_site_name":"Cozy &amp; Dozy","article_publisher":"https:\/\/www.facebook.com\/cozyanddozyshop","article_modified_time":"2025-01-29T21:15:27+00:00","og_image":[{"width":2000,"height":2000,"url":"https:\/\/cozyanddozy.com\/fr\/wp-content\/uploads\/2023\/04\/bed-pillows-flower.jpg","type":"image\/jpeg"}],"twitter_card":"summary_large_image","twitter_misc":{"Prix":"25,00&nbsp;&euro;","Disponibilit\u00e9":"En stock"},"schema":{"@context":"https:\/\/schema.org","@graph":[{"@type":"WebPage","@id":"https:\/\/cozyanddozy.com\/fr\/produit\/oreiller-de-marguerite-jaune-grand-coussin-de-fleurs\/","url":"https:\/\/cozyanddozy.com\/fr\/produit\/oreiller-de-marguerite-jaune-grand-coussin-de-fleurs\/","name":"Coussin marguerite jaune - grand coussin fleuri - Cozy & Dozy","isPartOf":{"@id":"https:\/\/cozyanddozy.com\/fr\/#website"},"primaryImageOfPage":{"@id":"https:\/\/cozyanddozy.com\/fr\/produit\/oreiller-de-marguerite-jaune-grand-coussin-de-fleurs\/#primaryimage"},"image":{"@id":"https:\/\/cozyanddozy.com\/fr\/produit\/oreiller-de-marguerite-jaune-grand-coussin-de-fleurs\/#primaryimage"},"thumbnailUrl":"https:\/\/cozyanddozy.com\/fr\/wp-content\/uploads\/2023\/04\/bed-pillows-flower.jpg","datePublished":"2023-04-26T10:18:18+00:00","dateModified":"2025-01-29T21:15:27+00:00","description":"Coussin en forme de fleur - velours Daisy 62\u00d762 cm jaune et blanc.","breadcrumb":{"@id":"https:\/\/cozyanddozy.com\/fr\/produit\/oreiller-de-marguerite-jaune-grand-coussin-de-fleurs\/#breadcrumb"},"inLanguage":"fr-FR","potentialAction":[{"@type":"ReadAction","target":["https:\/\/cozyanddozy.com\/fr\/produit\/oreiller-de-marguerite-jaune-grand-coussin-de-fleurs\/"]}]},{"@type":"ImageObject","inLanguage":"fr-FR","@id":"https:\/\/cozyanddozy.com\/fr\/produit\/oreiller-de-marguerite-jaune-grand-coussin-de-fleurs\/#primaryimage","url":"https:\/\/cozyanddozy.com\/fr\/wp-content\/uploads\/2023\/04\/bed-pillows-flower.jpg","contentUrl":"https:\/\/cozyanddozy.com\/fr\/wp-content\/uploads\/2023\/04\/bed-pillows-flower.jpg","width":2000,"height":2000},{"@type":"BreadcrumbList","@id":"https:\/\/cozyanddozy.com\/fr\/produit\/oreiller-de-marguerite-jaune-grand-coussin-de-fleurs\/#breadcrumb","itemListElement":[{"@type":"ListItem","position":1,"name":"Home","item":"https:\/\/cozyanddozy.com\/fr\/"},{"@type":"ListItem","position":2,"name":"Boutique","item":"https:\/\/cozyanddozy.com\/fr\/boutique\/"},{"@type":"ListItem","position":3,"name":"Coussin marguerite jaune &#8211; grand coussin fleuri"}]},{"@type":"WebSite","@id":"https:\/\/cozyanddozy.com\/fr\/#website","url":"https:\/\/cozyanddozy.com\/fr\/","name":"Cozy & Dozy","description":"","publisher":{"@id":"https:\/\/cozyanddozy.com\/fr\/#organization"},"alternateName":"Cozy and Dozy","potentialAction":[{"@type":"SearchAction","target":{"@type":"EntryPoint","urlTemplate":"https:\/\/cozyanddozy.com\/fr\/?s={search_term_string}"},"query-input":{"@type":"PropertyValueSpecification","valueRequired":true,"valueName":"search_term_string"}}],"inLanguage":"fr-FR"},{"@type":"Organization","@id":"https:\/\/cozyanddozy.com\/fr\/#organization","name":"Cozy & Dozy","url":"https:\/\/cozyanddozy.com\/fr\/","logo":{"@type":"ImageObject","inLanguage":"fr-FR","@id":"https:\/\/cozyanddozy.com\/fr\/#\/schema\/logo\/image\/","url":"https:\/\/cozyanddozy.com\/fr\/wp-content\/uploads\/2023\/02\/cozyanddozy_logo_b.png","contentUrl":"https:\/\/cozyanddozy.com\/fr\/wp-content\/uploads\/2023\/02\/cozyanddozy_logo_b.png","width":314,"height":85,"caption":"Cozy & Dozy"},"image":{"@id":"https:\/\/cozyanddozy.com\/fr\/#\/schema\/logo\/image\/"},"sameAs":["https:\/\/www.facebook.com\/cozyanddozyshop","https:\/\/www.instagram.com\/cozyanddozy\/"]}]},"product_price_amount":"25.00","product_price_currency":"EUR","og_availability":"instock","product_availability":"instock","product_retailer_item_id":"5902701497231","product_condition":"new"},"_links":{"self":[{"href":"https:\/\/cozyanddozy.com\/fr\/wp-json\/wp\/v2\/product\/1652","targetHints":{"allow":["GET"]}}],"collection":[{"href":"https:\/\/cozyanddozy.com\/fr\/wp-json\/wp\/v2\/product"}],"about":[{"href":"https:\/\/cozyanddozy.com\/fr\/wp-json\/wp\/v2\/types\/product"}],"replies":[{"embeddable":true,"href":"https:\/\/cozyanddozy.com\/fr\/wp-json\/wp\/v2\/comments?post=1652"}],"wp:featuredmedia":[{"embeddable":true,"href":"https:\/\/cozyanddozy.com\/fr\/wp-json\/wp\/v2\/media\/1651"}],"wp:attachment":[{"href":"https:\/\/cozyanddozy.com\/fr\/wp-json\/wp\/v2\/media?parent=1652"}],"wp:term":[{"taxonomy":"product_brand","embeddable":true,"href":"https:\/\/cozyanddozy.com\/fr\/wp-json\/wp\/v2\/product_brand?post=1652"},{"taxonomy":"product_cat","embeddable":true,"href":"https:\/\/cozyanddozy.com\/fr\/wp-json\/wp\/v2\/product_cat?post=1652"},{"taxonomy":"product_tag","embeddable":true,"href":"https:\/\/cozyanddozy.com\/fr\/wp-json\/wp\/v2\/product_tag?post=1652"}],"curies":[{"name":"wp","href":"https:\/\/api.w.org\/{rel}","templated":true}]}}