{"id":1590,"date":"2023-04-04T08:14:29","date_gmt":"2023-04-04T07:14:29","guid":{"rendered":"https:\/\/cozyanddozy.com\/fr\/?post_type=product&#038;p=1590"},"modified":"2025-01-29T22:15:41","modified_gmt":"2025-01-29T21:15:41","slug":"tipi-tenture-marguerite-avec-tapis-et-guerande","status":"publish","type":"product","link":"https:\/\/cozyanddozy.com\/fr\/produit\/tipi-tenture-marguerite-avec-tapis-et-guerande\/","title":{"rendered":"Tipi enfant Daisy &#8211; set avec tapis, oreiller et guirlande"},"content":{"rendered":"<p><img decoding=\"async\" class=\"wp-image-2830 alignright\" src=\"https:\/\/cozyanddozy.com\/fr\/wp-content\/uploads\/2023\/11\/Tipi-tent-Daisy-5.jpg\" alt=\"\" width=\"600\" height=\"600\" srcset=\"https:\/\/cozyanddozy.com\/fr\/wp-content\/uploads\/2023\/11\/Tipi-tent-Daisy-5.jpg 1200w, https:\/\/cozyanddozy.com\/fr\/wp-content\/uploads\/2023\/11\/Tipi-tent-Daisy-5-400x400.jpg 400w, https:\/\/cozyanddozy.com\/fr\/wp-content\/uploads\/2023\/11\/Tipi-tent-Daisy-5-150x150.jpg 150w, https:\/\/cozyanddozy.com\/fr\/wp-content\/uploads\/2023\/11\/Tipi-tent-Daisy-5-768x768.jpg 768w, https:\/\/cozyanddozy.com\/fr\/wp-content\/uploads\/2023\/11\/Tipi-tent-Daisy-5-470x470.jpg 470w, https:\/\/cozyanddozy.com\/fr\/wp-content\/uploads\/2023\/11\/Tipi-tent-Daisy-5-800x800.jpg 800w, https:\/\/cozyanddozy.com\/fr\/wp-content\/uploads\/2023\/11\/Tipi-tent-Daisy-5-100x100.jpg 100w\" sizes=\"(max-width: 600px) 100vw, 600px\" \/>La tente Tipi de la collection Daisy est un tipi de couleur blanche avec une garniture d\u00e9corative en pompons de miel. Tente tipi en toile solide, tipi en velours blanc et tapis de jeu en velours Daisy, grand coussin fleuri et guirlande Daisy de 200 cm de long.<\/p>\n<p>Une tente est un endroit id\u00e9al pour jouer \u00e0 la maison, sur la terrasse ou dans le jardin. Le tipi dispose d&#8217;une fen\u00eatre avec un store enroulable et de deux poches pour les jouets. La tente douillette pour les enfants est livr\u00e9e avec un tapis doux.<\/p>\n<p>La tente tipi est un endroit id\u00e9al pour jouer et un coin douillet pour se reposer. Wigwam a \u00e9t\u00e9 con\u00e7u pour plaire \u00e0 l&#8217;\u0153il pendant longtemps et pour garantir un plaisir s\u00fbr.<\/p>\n<p>Tipi \u00e0 4 c\u00f4t\u00e9s &#8211; aire de jeu env. 1 m2, hauteur d\u00e9pli\u00e9e env. 150 cm.<\/p>\n<p>Chaque tente est livr\u00e9e avec des arceaux pliants en pin et un stabilisateur qui maintient les arceaux de mani\u00e8re rigide pour assurer la stabilit\u00e9 de la tente.<\/p>\n<h3>Le kit comprend<\/h3>\n<ul>\n<li>tente tipi<\/li>\n<li>Tapis de jeu Daisy (112\u00d7112 cm)<\/li>\n<li>Coussin marguerite (52x52cm)<\/li>\n<li>Guirlande de marguerites (5 fleurs, 200 cm de long)<\/li>\n<li>4 b\u00e2tons de pin pliants (8 moiti\u00e9s) + \u00e9l\u00e9ments pour relier les b\u00e2tons (4 connecteurs)<\/li>\n<li>instruction<\/li>\n<li>stabilisateur + corde<\/li>\n<\/ul>\n","protected":false},"excerpt":{"rendered":"<p>La tente Tipi de la collection Daisy est un tipi de couleur blanche avec une garniture d\u00e9corative en pompons de miel. Tente tipi en toile solide, tipi en velours blanc et tapis de jeu en velours Daisy, grand coussin fleuri et guirlande Daisy de 200 cm de long. Une tente est un endroit id\u00e9al pour [&#8230;]\n","protected":false},"featured_media":1577,"comment_status":"open","ping_status":"closed","template":"","meta":[],"product_brand":[],"product_cat":[16],"product_tag":[24],"class_list":{"0":"post-1590","1":"product","2":"type-product","3":"status-publish","4":"has-post-thumbnail","6":"product_cat-tentes-tipi","7":"product_tag-pla","9":"first","10":"instock","11":"sale","12":"shipping-taxable","13":"product-type-simple"},"yoast_head":"<!-- This site is optimized with the Yoast SEO Premium plugin v21.9 (Yoast SEO v27.0) - https:\/\/yoast.com\/product\/yoast-seo-premium-wordpress\/ -->\n<title>Tipi enfant Daisy - set avec tapis, oreiller et guirlande - Cozy &amp; Dozy<\/title>\n<meta name=\"robots\" content=\"index, follow, max-snippet:-1, max-image-preview:large, max-video-preview:-1\" \/>\n<link rel=\"canonical\" href=\"https:\/\/cozyanddozy.com\/fr\/produit\/tipi-tenture-marguerite-avec-tapis-et-guerande\/\" \/>\n<meta property=\"og:locale\" content=\"fr_FR\" \/>\n<meta property=\"og:type\" content=\"article\" \/>\n<meta property=\"og:title\" content=\"Tipi enfant Daisy - set avec tapis, oreiller et guirlande\" \/>\n<meta property=\"og:description\" content=\"La tente Tipi de la collection Daisy est un tipi de couleur blanche avec une garniture d\u00e9corative en pompons de miel. Tente tipi en toile solide, tipi en velours blanc et tapis de jeu en velours Daisy, grand coussin fleuri et guirlande Daisy de 200 cm de long. Une tente est un endroit id\u00e9al pour [...]\" \/>\n<meta property=\"og:url\" content=\"https:\/\/cozyanddozy.com\/fr\/produit\/tipi-tenture-marguerite-avec-tapis-et-guerande\/\" \/>\n<meta property=\"og:site_name\" content=\"Cozy &amp; Dozy\" \/>\n<meta property=\"article:publisher\" content=\"https:\/\/www.facebook.com\/cozyanddozyshop\" \/>\n<meta property=\"article:modified_time\" content=\"2025-01-29T21:15:41+00:00\" \/>\n<meta property=\"og:image\" content=\"https:\/\/cozyanddozy.com\/fr\/wp-content\/uploads\/2023\/04\/kids_tipi_tent_daisy_s1.jpg\" \/>\n\t<meta property=\"og:image:width\" content=\"1200\" \/>\n\t<meta property=\"og:image:height\" content=\"1200\" \/>\n\t<meta property=\"og:image:type\" content=\"image\/jpeg\" \/>\n<meta name=\"twitter:card\" content=\"summary_large_image\" \/>\n<meta name=\"twitter:label1\" content=\"Prix\" \/>\n\t<meta name=\"twitter:data1\" content=\"169,00&nbsp;&euro;\" \/>\n\t<meta name=\"twitter:label2\" content=\"Disponibilit\u00e9\" \/>\n\t<meta name=\"twitter:data2\" content=\"En stock\" \/>\n<script type=\"application\/ld+json\" class=\"yoast-schema-graph\">{\"@context\":\"https:\/\/schema.org\",\"@graph\":[{\"@type\":\"WebPage\",\"@id\":\"https:\/\/cozyanddozy.com\/fr\/produit\/tipi-tenture-marguerite-avec-tapis-et-guerande\/\",\"url\":\"https:\/\/cozyanddozy.com\/fr\/produit\/tipi-tenture-marguerite-avec-tapis-et-guerande\/\",\"name\":\"Tipi enfant Daisy - set avec tapis, oreiller et guirlande - Cozy & Dozy\",\"isPartOf\":{\"@id\":\"https:\/\/cozyanddozy.com\/fr\/#website\"},\"primaryImageOfPage\":{\"@id\":\"https:\/\/cozyanddozy.com\/fr\/produit\/tipi-tenture-marguerite-avec-tapis-et-guerande\/#primaryimage\"},\"image\":{\"@id\":\"https:\/\/cozyanddozy.com\/fr\/produit\/tipi-tenture-marguerite-avec-tapis-et-guerande\/#primaryimage\"},\"thumbnailUrl\":\"https:\/\/cozyanddozy.com\/fr\/wp-content\/uploads\/2023\/04\/kids_tipi_tent_daisy_s1.jpg\",\"datePublished\":\"2023-04-04T07:14:29+00:00\",\"dateModified\":\"2025-01-29T21:15:41+00:00\",\"breadcrumb\":{\"@id\":\"https:\/\/cozyanddozy.com\/fr\/produit\/tipi-tenture-marguerite-avec-tapis-et-guerande\/#breadcrumb\"},\"inLanguage\":\"fr-FR\",\"potentialAction\":[{\"@type\":\"ReadAction\",\"target\":[\"https:\/\/cozyanddozy.com\/fr\/produit\/tipi-tenture-marguerite-avec-tapis-et-guerande\/\"]}]},{\"@type\":\"ImageObject\",\"inLanguage\":\"fr-FR\",\"@id\":\"https:\/\/cozyanddozy.com\/fr\/produit\/tipi-tenture-marguerite-avec-tapis-et-guerande\/#primaryimage\",\"url\":\"https:\/\/cozyanddozy.com\/fr\/wp-content\/uploads\/2023\/04\/kids_tipi_tent_daisy_s1.jpg\",\"contentUrl\":\"https:\/\/cozyanddozy.com\/fr\/wp-content\/uploads\/2023\/04\/kids_tipi_tent_daisy_s1.jpg\",\"width\":1200,\"height\":1200},{\"@type\":\"BreadcrumbList\",\"@id\":\"https:\/\/cozyanddozy.com\/fr\/produit\/tipi-tenture-marguerite-avec-tapis-et-guerande\/#breadcrumb\",\"itemListElement\":[{\"@type\":\"ListItem\",\"position\":1,\"name\":\"Home\",\"item\":\"https:\/\/cozyanddozy.com\/fr\/\"},{\"@type\":\"ListItem\",\"position\":2,\"name\":\"Boutique\",\"item\":\"https:\/\/cozyanddozy.com\/fr\/boutique\/\"},{\"@type\":\"ListItem\",\"position\":3,\"name\":\"Tipi enfant Daisy &#8211; set avec tapis, oreiller et guirlande\"}]},{\"@type\":\"WebSite\",\"@id\":\"https:\/\/cozyanddozy.com\/fr\/#website\",\"url\":\"https:\/\/cozyanddozy.com\/fr\/\",\"name\":\"Cozy & Dozy\",\"description\":\"\",\"publisher\":{\"@id\":\"https:\/\/cozyanddozy.com\/fr\/#organization\"},\"alternateName\":\"Cozy and Dozy\",\"potentialAction\":[{\"@type\":\"SearchAction\",\"target\":{\"@type\":\"EntryPoint\",\"urlTemplate\":\"https:\/\/cozyanddozy.com\/fr\/?s={search_term_string}\"},\"query-input\":{\"@type\":\"PropertyValueSpecification\",\"valueRequired\":true,\"valueName\":\"search_term_string\"}}],\"inLanguage\":\"fr-FR\"},{\"@type\":\"Organization\",\"@id\":\"https:\/\/cozyanddozy.com\/fr\/#organization\",\"name\":\"Cozy & Dozy\",\"url\":\"https:\/\/cozyanddozy.com\/fr\/\",\"logo\":{\"@type\":\"ImageObject\",\"inLanguage\":\"fr-FR\",\"@id\":\"https:\/\/cozyanddozy.com\/fr\/#\/schema\/logo\/image\/\",\"url\":\"https:\/\/cozyanddozy.com\/fr\/wp-content\/uploads\/2023\/02\/cozyanddozy_logo_b.png\",\"contentUrl\":\"https:\/\/cozyanddozy.com\/fr\/wp-content\/uploads\/2023\/02\/cozyanddozy_logo_b.png\",\"width\":314,\"height\":85,\"caption\":\"Cozy & Dozy\"},\"image\":{\"@id\":\"https:\/\/cozyanddozy.com\/fr\/#\/schema\/logo\/image\/\"},\"sameAs\":[\"https:\/\/www.facebook.com\/cozyanddozyshop\",\"https:\/\/www.instagram.com\/cozyanddozy\/\"]}]}<\/script>\n<meta property=\"product:price:amount\" content=\"169.00\" \/>\n<meta property=\"product:price:currency\" content=\"EUR\" \/>\n<meta property=\"og:availability\" content=\"instock\" \/>\n<meta property=\"product:availability\" content=\"instock\" \/>\n<meta property=\"product:retailer_item_id\" content=\"5902701497316\" \/>\n<meta property=\"product:condition\" content=\"new\" \/>\n<!-- \/ Yoast SEO Premium plugin. -->","yoast_head_json":{"title":"Tipi enfant Daisy - set avec tapis, oreiller et guirlande - Cozy & Dozy","robots":{"index":"index","follow":"follow","max-snippet":"max-snippet:-1","max-image-preview":"max-image-preview:large","max-video-preview":"max-video-preview:-1"},"canonical":"https:\/\/cozyanddozy.com\/fr\/produit\/tipi-tenture-marguerite-avec-tapis-et-guerande\/","og_locale":"fr_FR","og_type":"article","og_title":"Tipi enfant Daisy - set avec tapis, oreiller et guirlande","og_description":"La tente Tipi de la collection Daisy est un tipi de couleur blanche avec une garniture d\u00e9corative en pompons de miel. Tente tipi en toile solide, tipi en velours blanc et tapis de jeu en velours Daisy, grand coussin fleuri et guirlande Daisy de 200 cm de long. Une tente est un endroit id\u00e9al pour [...]","og_url":"https:\/\/cozyanddozy.com\/fr\/produit\/tipi-tenture-marguerite-avec-tapis-et-guerande\/","og_site_name":"Cozy &amp; Dozy","article_publisher":"https:\/\/www.facebook.com\/cozyanddozyshop","article_modified_time":"2025-01-29T21:15:41+00:00","og_image":[{"width":1200,"height":1200,"url":"https:\/\/cozyanddozy.com\/fr\/wp-content\/uploads\/2023\/04\/kids_tipi_tent_daisy_s1.jpg","type":"image\/jpeg"}],"twitter_card":"summary_large_image","twitter_misc":{"Prix":"169,00&nbsp;&euro;","Disponibilit\u00e9":"En stock"},"schema":{"@context":"https:\/\/schema.org","@graph":[{"@type":"WebPage","@id":"https:\/\/cozyanddozy.com\/fr\/produit\/tipi-tenture-marguerite-avec-tapis-et-guerande\/","url":"https:\/\/cozyanddozy.com\/fr\/produit\/tipi-tenture-marguerite-avec-tapis-et-guerande\/","name":"Tipi enfant Daisy - set avec tapis, oreiller et guirlande - Cozy & Dozy","isPartOf":{"@id":"https:\/\/cozyanddozy.com\/fr\/#website"},"primaryImageOfPage":{"@id":"https:\/\/cozyanddozy.com\/fr\/produit\/tipi-tenture-marguerite-avec-tapis-et-guerande\/#primaryimage"},"image":{"@id":"https:\/\/cozyanddozy.com\/fr\/produit\/tipi-tenture-marguerite-avec-tapis-et-guerande\/#primaryimage"},"thumbnailUrl":"https:\/\/cozyanddozy.com\/fr\/wp-content\/uploads\/2023\/04\/kids_tipi_tent_daisy_s1.jpg","datePublished":"2023-04-04T07:14:29+00:00","dateModified":"2025-01-29T21:15:41+00:00","breadcrumb":{"@id":"https:\/\/cozyanddozy.com\/fr\/produit\/tipi-tenture-marguerite-avec-tapis-et-guerande\/#breadcrumb"},"inLanguage":"fr-FR","potentialAction":[{"@type":"ReadAction","target":["https:\/\/cozyanddozy.com\/fr\/produit\/tipi-tenture-marguerite-avec-tapis-et-guerande\/"]}]},{"@type":"ImageObject","inLanguage":"fr-FR","@id":"https:\/\/cozyanddozy.com\/fr\/produit\/tipi-tenture-marguerite-avec-tapis-et-guerande\/#primaryimage","url":"https:\/\/cozyanddozy.com\/fr\/wp-content\/uploads\/2023\/04\/kids_tipi_tent_daisy_s1.jpg","contentUrl":"https:\/\/cozyanddozy.com\/fr\/wp-content\/uploads\/2023\/04\/kids_tipi_tent_daisy_s1.jpg","width":1200,"height":1200},{"@type":"BreadcrumbList","@id":"https:\/\/cozyanddozy.com\/fr\/produit\/tipi-tenture-marguerite-avec-tapis-et-guerande\/#breadcrumb","itemListElement":[{"@type":"ListItem","position":1,"name":"Home","item":"https:\/\/cozyanddozy.com\/fr\/"},{"@type":"ListItem","position":2,"name":"Boutique","item":"https:\/\/cozyanddozy.com\/fr\/boutique\/"},{"@type":"ListItem","position":3,"name":"Tipi enfant Daisy &#8211; set avec tapis, oreiller et guirlande"}]},{"@type":"WebSite","@id":"https:\/\/cozyanddozy.com\/fr\/#website","url":"https:\/\/cozyanddozy.com\/fr\/","name":"Cozy & Dozy","description":"","publisher":{"@id":"https:\/\/cozyanddozy.com\/fr\/#organization"},"alternateName":"Cozy and Dozy","potentialAction":[{"@type":"SearchAction","target":{"@type":"EntryPoint","urlTemplate":"https:\/\/cozyanddozy.com\/fr\/?s={search_term_string}"},"query-input":{"@type":"PropertyValueSpecification","valueRequired":true,"valueName":"search_term_string"}}],"inLanguage":"fr-FR"},{"@type":"Organization","@id":"https:\/\/cozyanddozy.com\/fr\/#organization","name":"Cozy & Dozy","url":"https:\/\/cozyanddozy.com\/fr\/","logo":{"@type":"ImageObject","inLanguage":"fr-FR","@id":"https:\/\/cozyanddozy.com\/fr\/#\/schema\/logo\/image\/","url":"https:\/\/cozyanddozy.com\/fr\/wp-content\/uploads\/2023\/02\/cozyanddozy_logo_b.png","contentUrl":"https:\/\/cozyanddozy.com\/fr\/wp-content\/uploads\/2023\/02\/cozyanddozy_logo_b.png","width":314,"height":85,"caption":"Cozy & Dozy"},"image":{"@id":"https:\/\/cozyanddozy.com\/fr\/#\/schema\/logo\/image\/"},"sameAs":["https:\/\/www.facebook.com\/cozyanddozyshop","https:\/\/www.instagram.com\/cozyanddozy\/"]}]},"product_price_amount":"169.00","product_price_currency":"EUR","og_availability":"instock","product_availability":"instock","product_retailer_item_id":"5902701497316","product_condition":"new"},"_links":{"self":[{"href":"https:\/\/cozyanddozy.com\/fr\/wp-json\/wp\/v2\/product\/1590","targetHints":{"allow":["GET"]}}],"collection":[{"href":"https:\/\/cozyanddozy.com\/fr\/wp-json\/wp\/v2\/product"}],"about":[{"href":"https:\/\/cozyanddozy.com\/fr\/wp-json\/wp\/v2\/types\/product"}],"replies":[{"embeddable":true,"href":"https:\/\/cozyanddozy.com\/fr\/wp-json\/wp\/v2\/comments?post=1590"}],"wp:featuredmedia":[{"embeddable":true,"href":"https:\/\/cozyanddozy.com\/fr\/wp-json\/wp\/v2\/media\/1577"}],"wp:attachment":[{"href":"https:\/\/cozyanddozy.com\/fr\/wp-json\/wp\/v2\/media?parent=1590"}],"wp:term":[{"taxonomy":"product_brand","embeddable":true,"href":"https:\/\/cozyanddozy.com\/fr\/wp-json\/wp\/v2\/product_brand?post=1590"},{"taxonomy":"product_cat","embeddable":true,"href":"https:\/\/cozyanddozy.com\/fr\/wp-json\/wp\/v2\/product_cat?post=1590"},{"taxonomy":"product_tag","embeddable":true,"href":"https:\/\/cozyanddozy.com\/fr\/wp-json\/wp\/v2\/product_tag?post=1590"}],"curies":[{"name":"wp","href":"https:\/\/api.w.org\/{rel}","templated":true}]}}