{"id":1020,"date":"2022-09-28T10:00:19","date_gmt":"2022-09-28T09:00:19","guid":{"rendered":"https:\/\/cozyanddozy.com\/fr\/product\/teepee-tent-basic-black-set-of-8-pcs\/"},"modified":"2024-01-23T11:51:48","modified_gmt":"2024-01-23T10:51:48","slug":"tente-tipi-basic-black-lot-de-8-pcs","status":"publish","type":"product","link":"https:\/\/cozyanddozy.com\/fr\/produit\/tente-tipi-basic-black-lot-de-8-pcs\/","title":{"rendered":"Tipi enfant Basic Black, lot de 8 pcs."},"content":{"rendered":"<p><img decoding=\"async\" class=\"alignright\" src=\"https:\/\/cozyanddozy.com\/fr\/wp-content\/uploads\/2023\/02\/basic-black-pillows.jpg\" alt=\"\" width=\"600\" \/><\/p>\n<h3>Un grand ensemble de jeu de Cozy &amp; Dozy, Tipi BASIC NOIR, un ensemble de 8 \u00e9l\u00e9ments.<\/h3>\n<p>Beaucoup de plaisir, des \u00e9l\u00e9ments pour jouer et d\u00e9corer une chambre d\u2019enfant.<\/p>\n<p>Une tente tipi stable dans un ensemble avec un tapis moelleux, deux oreillers, une guirlande et un grand panier pour les jouets. Chaque tente a 4 poteaux pliants et un stabilisateur, gr\u00e2ce auxquels le jeu est s\u00fbr, et la tente a l\u2019air bien, ne s\u2019effondre pas et a beaucoup d\u2019espace pour jouer.<\/p>\n<p>Nous cousons des tentes \u00e0 partir de tissus \u00e9pais, r\u00e9sistants aux lavages fr\u00e9quents et \u00e0 l\u2019abrasion.<\/p>\n<p>Tous les \u00e9l\u00e9ments en tissu sont lavables en machine \u00e0 40 degr\u00e9s.<\/p>\n<p>Les tissus que nous utilisons ont des agr\u00e9ments de s\u00e9curit\u00e9 pour les enfants. Chaque collection est con\u00e7ue par Cozy &amp; Dozy et cousue dans notre studio en Pologne.<\/p>\n<h4>L\u2019ensemble de tipi Basic Black de Cozy &amp; Dozy comprend :<\/h4>\n<ul>\n<li>tente tipi avec fen\u00eatre<\/li>\n<li>tapis doux<\/li>\n<li>guirlande d\u00e9corative 170 cm<\/li>\n<li>grand panier pour jouets, serr\u00e9 avec une ficell<\/li>\n<li>oreillers deux \u00e9toiles \u2013 40\u00d740 cm<\/li>\n<li>baguettes pliantes avec notice de montage<\/li>\n<li>\u00a0stabilisateur<\/li>\n<\/ul>\n<h4>Composition:<\/h4>\n<ul>\n<li>100% coton, a un certificat et une approbation CE<\/li>\n<li>Matelas et oreillers de remplissage : 100 % mousse de silicone hypoallerg\u00e9nique<\/li>\n<\/ul>\n<h4>Dimensions:<\/h4>\n<ul>\n<li>Hauteur (avec poteaux) d\u00e9pli\u00e9 : 150 c<\/li>\n<li>\u00a0Hauteur (avec poteaux) pli\u00e9 : 170 cm<\/li>\n<li>\u00a0Surface au sol : env. 110 \u00d7 110 cm<\/li>\n<\/ul>\n<p>La tente est con\u00e7ue pour 2-3 enfants. Tipi se plie facilement et ne prend pas beaucoup de place.<\/p>\n<h4>M\u00e9thode de soin :<\/h4>\n<ul>\n<li>Lavage en machine \u00e0 40\u00b0 \u2013 programme d\u00e9licat<\/li>\n<li>Repasser \u00e0 basse temp\u00e9rature<\/li>\n<li>Ne pas s\u00e9cher en machine<\/li>\n<li>Ne pas nettoyer \u00e0 sec<\/li>\n<li>Ne pas chlorer<\/li>\n<\/ul>\n<p>REMARQUE : Ne repassez pas les pompons et les glands \u2013 ils pourraient fondre !<\/p>\n","protected":false},"excerpt":{"rendered":"<p>Large teepee set for playing with pillows and a basket for toys. Basic Black Set 8 pcs. to play about decorating a child&#8217;s room.<\/p>\n","protected":false},"featured_media":1022,"comment_status":"open","ping_status":"closed","template":"","meta":[],"product_brand":[],"product_cat":[16],"product_tag":[24],"class_list":{"0":"post-1020","1":"product","2":"type-product","3":"status-publish","4":"has-post-thumbnail","6":"product_cat-tentes-tipi","7":"product_tag-pla","9":"first","10":"instock","11":"sale","12":"product-type-simple"},"yoast_head":"<!-- This site is optimized with the Yoast SEO Premium plugin v21.9 (Yoast SEO v27.0) - https:\/\/yoast.com\/product\/yoast-seo-premium-wordpress\/ -->\n<title>Tipi enfant Basic Black, lot de 8 pcs. - Cozy &amp; Dozy<\/title>\n<meta name=\"description\" content=\"Grand tipi pour jouer avec des oreillers et un panier pour les jouets. Set de base noir 8 pcs. jouer \u00e0 la d\u00e9coration d&#039;une chambre d&#039;enfant.\" \/>\n<meta name=\"robots\" content=\"index, follow, max-snippet:-1, max-image-preview:large, max-video-preview:-1\" \/>\n<link rel=\"canonical\" href=\"https:\/\/cozyanddozy.com\/fr\/produit\/tente-tipi-basic-black-lot-de-8-pcs\/\" \/>\n<meta property=\"og:locale\" content=\"fr_FR\" \/>\n<meta property=\"og:type\" content=\"article\" \/>\n<meta property=\"og:title\" content=\"Tipi enfant Basic Black, lot de 8 pcs.\" \/>\n<meta property=\"og:description\" content=\"Grand tipi pour jouer avec des oreillers et un panier pour les jouets. Set de base noir 8 pcs. jouer \u00e0 la d\u00e9coration d&#039;une chambre d&#039;enfant.\" \/>\n<meta property=\"og:url\" content=\"https:\/\/cozyanddozy.com\/fr\/produit\/tente-tipi-basic-black-lot-de-8-pcs\/\" \/>\n<meta property=\"og:site_name\" content=\"Cozy &amp; Dozy\" \/>\n<meta property=\"article:publisher\" content=\"https:\/\/www.facebook.com\/cozyanddozyshop\" \/>\n<meta property=\"article:modified_time\" content=\"2024-01-23T10:51:48+00:00\" \/>\n<meta property=\"og:image\" content=\"https:\/\/cozyanddozy.com\/fr\/wp-content\/uploads\/2023\/02\/tipi-set-basic-black-7-el.jpg\" \/>\n\t<meta property=\"og:image:width\" content=\"1200\" \/>\n\t<meta property=\"og:image:height\" content=\"1200\" \/>\n\t<meta property=\"og:image:type\" content=\"image\/jpeg\" \/>\n<meta name=\"twitter:card\" content=\"summary_large_image\" \/>\n<meta name=\"twitter:label1\" content=\"Prix\" \/>\n\t<meta name=\"twitter:data1\" content=\"161,10&nbsp;&euro;\" \/>\n\t<meta name=\"twitter:label2\" content=\"Disponibilit\u00e9\" \/>\n\t<meta name=\"twitter:data2\" content=\"En stock\" \/>\n<script type=\"application\/ld+json\" class=\"yoast-schema-graph\">{\"@context\":\"https:\/\/schema.org\",\"@graph\":[{\"@type\":\"WebPage\",\"@id\":\"https:\/\/cozyanddozy.com\/fr\/produit\/tente-tipi-basic-black-lot-de-8-pcs\/\",\"url\":\"https:\/\/cozyanddozy.com\/fr\/produit\/tente-tipi-basic-black-lot-de-8-pcs\/\",\"name\":\"Tipi enfant Basic Black, lot de 8 pcs. - Cozy & Dozy\",\"isPartOf\":{\"@id\":\"https:\/\/cozyanddozy.com\/fr\/#website\"},\"primaryImageOfPage\":{\"@id\":\"https:\/\/cozyanddozy.com\/fr\/produit\/tente-tipi-basic-black-lot-de-8-pcs\/#primaryimage\"},\"image\":{\"@id\":\"https:\/\/cozyanddozy.com\/fr\/produit\/tente-tipi-basic-black-lot-de-8-pcs\/#primaryimage\"},\"thumbnailUrl\":\"https:\/\/cozyanddozy.com\/fr\/wp-content\/uploads\/2023\/02\/tipi-set-basic-black-7-el.jpg\",\"datePublished\":\"2022-09-28T09:00:19+00:00\",\"dateModified\":\"2024-01-23T10:51:48+00:00\",\"description\":\"Grand tipi pour jouer avec des oreillers et un panier pour les jouets. Set de base noir 8 pcs. jouer \u00e0 la d\u00e9coration d'une chambre d'enfant.\",\"breadcrumb\":{\"@id\":\"https:\/\/cozyanddozy.com\/fr\/produit\/tente-tipi-basic-black-lot-de-8-pcs\/#breadcrumb\"},\"inLanguage\":\"fr-FR\",\"potentialAction\":[{\"@type\":\"ReadAction\",\"target\":[\"https:\/\/cozyanddozy.com\/fr\/produit\/tente-tipi-basic-black-lot-de-8-pcs\/\"]}]},{\"@type\":\"ImageObject\",\"inLanguage\":\"fr-FR\",\"@id\":\"https:\/\/cozyanddozy.com\/fr\/produit\/tente-tipi-basic-black-lot-de-8-pcs\/#primaryimage\",\"url\":\"https:\/\/cozyanddozy.com\/fr\/wp-content\/uploads\/2023\/02\/tipi-set-basic-black-7-el.jpg\",\"contentUrl\":\"https:\/\/cozyanddozy.com\/fr\/wp-content\/uploads\/2023\/02\/tipi-set-basic-black-7-el.jpg\",\"width\":1200,\"height\":1200},{\"@type\":\"BreadcrumbList\",\"@id\":\"https:\/\/cozyanddozy.com\/fr\/produit\/tente-tipi-basic-black-lot-de-8-pcs\/#breadcrumb\",\"itemListElement\":[{\"@type\":\"ListItem\",\"position\":1,\"name\":\"Home\",\"item\":\"https:\/\/cozyanddozy.com\/fr\/\"},{\"@type\":\"ListItem\",\"position\":2,\"name\":\"Boutique\",\"item\":\"https:\/\/cozyanddozy.com\/fr\/boutique\/\"},{\"@type\":\"ListItem\",\"position\":3,\"name\":\"Tipi enfant Basic Black, lot de 8 pcs.\"}]},{\"@type\":\"WebSite\",\"@id\":\"https:\/\/cozyanddozy.com\/fr\/#website\",\"url\":\"https:\/\/cozyanddozy.com\/fr\/\",\"name\":\"Cozy & Dozy\",\"description\":\"\",\"publisher\":{\"@id\":\"https:\/\/cozyanddozy.com\/fr\/#organization\"},\"alternateName\":\"Cozy and Dozy\",\"potentialAction\":[{\"@type\":\"SearchAction\",\"target\":{\"@type\":\"EntryPoint\",\"urlTemplate\":\"https:\/\/cozyanddozy.com\/fr\/?s={search_term_string}\"},\"query-input\":{\"@type\":\"PropertyValueSpecification\",\"valueRequired\":true,\"valueName\":\"search_term_string\"}}],\"inLanguage\":\"fr-FR\"},{\"@type\":\"Organization\",\"@id\":\"https:\/\/cozyanddozy.com\/fr\/#organization\",\"name\":\"Cozy & Dozy\",\"url\":\"https:\/\/cozyanddozy.com\/fr\/\",\"logo\":{\"@type\":\"ImageObject\",\"inLanguage\":\"fr-FR\",\"@id\":\"https:\/\/cozyanddozy.com\/fr\/#\/schema\/logo\/image\/\",\"url\":\"https:\/\/cozyanddozy.com\/fr\/wp-content\/uploads\/2023\/02\/cozyanddozy_logo_b.png\",\"contentUrl\":\"https:\/\/cozyanddozy.com\/fr\/wp-content\/uploads\/2023\/02\/cozyanddozy_logo_b.png\",\"width\":314,\"height\":85,\"caption\":\"Cozy & Dozy\"},\"image\":{\"@id\":\"https:\/\/cozyanddozy.com\/fr\/#\/schema\/logo\/image\/\"},\"sameAs\":[\"https:\/\/www.facebook.com\/cozyanddozyshop\",\"https:\/\/www.instagram.com\/cozyanddozy\/\"]}]}<\/script>\n<meta property=\"product:price:amount\" content=\"161.10\" \/>\n<meta property=\"product:price:currency\" content=\"EUR\" \/>\n<meta property=\"og:availability\" content=\"instock\" \/>\n<meta property=\"product:availability\" content=\"instock\" \/>\n<meta property=\"product:retailer_item_id\" content=\"5902701496234\" \/>\n<meta property=\"product:condition\" content=\"new\" \/>\n<!-- \/ Yoast SEO Premium plugin. -->","yoast_head_json":{"title":"Tipi enfant Basic Black, lot de 8 pcs. - Cozy & Dozy","description":"Grand tipi pour jouer avec des oreillers et un panier pour les jouets. Set de base noir 8 pcs. jouer \u00e0 la d\u00e9coration d'une chambre d'enfant.","robots":{"index":"index","follow":"follow","max-snippet":"max-snippet:-1","max-image-preview":"max-image-preview:large","max-video-preview":"max-video-preview:-1"},"canonical":"https:\/\/cozyanddozy.com\/fr\/produit\/tente-tipi-basic-black-lot-de-8-pcs\/","og_locale":"fr_FR","og_type":"article","og_title":"Tipi enfant Basic Black, lot de 8 pcs.","og_description":"Grand tipi pour jouer avec des oreillers et un panier pour les jouets. Set de base noir 8 pcs. jouer \u00e0 la d\u00e9coration d'une chambre d'enfant.","og_url":"https:\/\/cozyanddozy.com\/fr\/produit\/tente-tipi-basic-black-lot-de-8-pcs\/","og_site_name":"Cozy &amp; Dozy","article_publisher":"https:\/\/www.facebook.com\/cozyanddozyshop","article_modified_time":"2024-01-23T10:51:48+00:00","og_image":[{"width":1200,"height":1200,"url":"https:\/\/cozyanddozy.com\/fr\/wp-content\/uploads\/2023\/02\/tipi-set-basic-black-7-el.jpg","type":"image\/jpeg"}],"twitter_card":"summary_large_image","twitter_misc":{"Prix":"161,10&nbsp;&euro;","Disponibilit\u00e9":"En stock"},"schema":{"@context":"https:\/\/schema.org","@graph":[{"@type":"WebPage","@id":"https:\/\/cozyanddozy.com\/fr\/produit\/tente-tipi-basic-black-lot-de-8-pcs\/","url":"https:\/\/cozyanddozy.com\/fr\/produit\/tente-tipi-basic-black-lot-de-8-pcs\/","name":"Tipi enfant Basic Black, lot de 8 pcs. - Cozy & Dozy","isPartOf":{"@id":"https:\/\/cozyanddozy.com\/fr\/#website"},"primaryImageOfPage":{"@id":"https:\/\/cozyanddozy.com\/fr\/produit\/tente-tipi-basic-black-lot-de-8-pcs\/#primaryimage"},"image":{"@id":"https:\/\/cozyanddozy.com\/fr\/produit\/tente-tipi-basic-black-lot-de-8-pcs\/#primaryimage"},"thumbnailUrl":"https:\/\/cozyanddozy.com\/fr\/wp-content\/uploads\/2023\/02\/tipi-set-basic-black-7-el.jpg","datePublished":"2022-09-28T09:00:19+00:00","dateModified":"2024-01-23T10:51:48+00:00","description":"Grand tipi pour jouer avec des oreillers et un panier pour les jouets. Set de base noir 8 pcs. jouer \u00e0 la d\u00e9coration d'une chambre d'enfant.","breadcrumb":{"@id":"https:\/\/cozyanddozy.com\/fr\/produit\/tente-tipi-basic-black-lot-de-8-pcs\/#breadcrumb"},"inLanguage":"fr-FR","potentialAction":[{"@type":"ReadAction","target":["https:\/\/cozyanddozy.com\/fr\/produit\/tente-tipi-basic-black-lot-de-8-pcs\/"]}]},{"@type":"ImageObject","inLanguage":"fr-FR","@id":"https:\/\/cozyanddozy.com\/fr\/produit\/tente-tipi-basic-black-lot-de-8-pcs\/#primaryimage","url":"https:\/\/cozyanddozy.com\/fr\/wp-content\/uploads\/2023\/02\/tipi-set-basic-black-7-el.jpg","contentUrl":"https:\/\/cozyanddozy.com\/fr\/wp-content\/uploads\/2023\/02\/tipi-set-basic-black-7-el.jpg","width":1200,"height":1200},{"@type":"BreadcrumbList","@id":"https:\/\/cozyanddozy.com\/fr\/produit\/tente-tipi-basic-black-lot-de-8-pcs\/#breadcrumb","itemListElement":[{"@type":"ListItem","position":1,"name":"Home","item":"https:\/\/cozyanddozy.com\/fr\/"},{"@type":"ListItem","position":2,"name":"Boutique","item":"https:\/\/cozyanddozy.com\/fr\/boutique\/"},{"@type":"ListItem","position":3,"name":"Tipi enfant Basic Black, lot de 8 pcs."}]},{"@type":"WebSite","@id":"https:\/\/cozyanddozy.com\/fr\/#website","url":"https:\/\/cozyanddozy.com\/fr\/","name":"Cozy & Dozy","description":"","publisher":{"@id":"https:\/\/cozyanddozy.com\/fr\/#organization"},"alternateName":"Cozy and Dozy","potentialAction":[{"@type":"SearchAction","target":{"@type":"EntryPoint","urlTemplate":"https:\/\/cozyanddozy.com\/fr\/?s={search_term_string}"},"query-input":{"@type":"PropertyValueSpecification","valueRequired":true,"valueName":"search_term_string"}}],"inLanguage":"fr-FR"},{"@type":"Organization","@id":"https:\/\/cozyanddozy.com\/fr\/#organization","name":"Cozy & Dozy","url":"https:\/\/cozyanddozy.com\/fr\/","logo":{"@type":"ImageObject","inLanguage":"fr-FR","@id":"https:\/\/cozyanddozy.com\/fr\/#\/schema\/logo\/image\/","url":"https:\/\/cozyanddozy.com\/fr\/wp-content\/uploads\/2023\/02\/cozyanddozy_logo_b.png","contentUrl":"https:\/\/cozyanddozy.com\/fr\/wp-content\/uploads\/2023\/02\/cozyanddozy_logo_b.png","width":314,"height":85,"caption":"Cozy & Dozy"},"image":{"@id":"https:\/\/cozyanddozy.com\/fr\/#\/schema\/logo\/image\/"},"sameAs":["https:\/\/www.facebook.com\/cozyanddozyshop","https:\/\/www.instagram.com\/cozyanddozy\/"]}]},"product_price_amount":"161.10","product_price_currency":"EUR","og_availability":"instock","product_availability":"instock","product_retailer_item_id":"5902701496234","product_condition":"new"},"_links":{"self":[{"href":"https:\/\/cozyanddozy.com\/fr\/wp-json\/wp\/v2\/product\/1020","targetHints":{"allow":["GET"]}}],"collection":[{"href":"https:\/\/cozyanddozy.com\/fr\/wp-json\/wp\/v2\/product"}],"about":[{"href":"https:\/\/cozyanddozy.com\/fr\/wp-json\/wp\/v2\/types\/product"}],"replies":[{"embeddable":true,"href":"https:\/\/cozyanddozy.com\/fr\/wp-json\/wp\/v2\/comments?post=1020"}],"wp:featuredmedia":[{"embeddable":true,"href":"https:\/\/cozyanddozy.com\/fr\/wp-json\/wp\/v2\/media\/1022"}],"wp:attachment":[{"href":"https:\/\/cozyanddozy.com\/fr\/wp-json\/wp\/v2\/media?parent=1020"}],"wp:term":[{"taxonomy":"product_brand","embeddable":true,"href":"https:\/\/cozyanddozy.com\/fr\/wp-json\/wp\/v2\/product_brand?post=1020"},{"taxonomy":"product_cat","embeddable":true,"href":"https:\/\/cozyanddozy.com\/fr\/wp-json\/wp\/v2\/product_cat?post=1020"},{"taxonomy":"product_tag","embeddable":true,"href":"https:\/\/cozyanddozy.com\/fr\/wp-json\/wp\/v2\/product_tag?post=1020"}],"curies":[{"name":"wp","href":"https:\/\/api.w.org\/{rel}","templated":true}]}}