{"id":1003,"date":"2022-08-12T16:04:19","date_gmt":"2022-08-12T15:04:19","guid":{"rendered":"https:\/\/cozyanddozy.com\/fr\/product\/sleeping-bag-for-kindergarten-retro-blue-75x140cm\/"},"modified":"2025-01-29T22:17:05","modified_gmt":"2025-01-29T21:17:05","slug":"sac-de-couchage-enfant-retro-blue-75-x-140-cm","status":"publish","type":"product","link":"https:\/\/cozyanddozy.com\/fr\/produit\/sac-de-couchage-enfant-retro-blue-75-x-140-cm\/","title":{"rendered":"Sac de couchage enfant R\u00e9tro Blue 75 \u00d7 140 cm"},"content":{"rendered":"<p><img decoding=\"async\" class=\"alignright\" src=\"https:\/\/cozyanddozy.com\/fr\/wp-content\/uploads\/2023\/02\/spiworki-przedszkolne-cozydots.jpg\" alt=\"\" width=\"600\" \/><\/p>\n<h3>La gigoteuse du pr\u00e9scolaire est une literie douillette, en coton et velours, compl\u00e9t\u00e9e par un petit oreiller, un sac de rangement et un badge d\u2019identification.<\/h3>\n<p>Un sac de couchage pour enfant d\u2019\u00e2ge pr\u00e9scolaire est une literie douillette, faite de coton et de velours.<\/p>\n<p>La\u00a0literie de la maternelle est garnie d\u2019une couette anti-allergique et d\u2019un oreiller. De plus, l\u2019ensemble comprend un petit oreiller \u2013 pour les c\u00e2lins, un sac de rangement et une carte d\u2019identit\u00e9 \u00e0 signer avec votre nom et pr\u00e9nom.<\/p>\n<p>Une gigoteuse de la s\u00e9rie Retro est aux couleurs sobres inspir\u00e9es des motifs et des couleurs dans un style vintage.<\/p>\n<p>Gigoteuse chambre d\u2019enfant \u00e0 rayures RETRO BLUE dans les couleurs suivantes : vert clair, miel, bleu marine, bleu et gris clair.<\/p>\n<p>La collection r\u00e9tro compte 3 mod\u00e8les de sacs de couchage : R\u00e9tro, R\u00e9tro Bleu, R\u00e9tro Rose.<\/p>\n<p>Le s<strong>ac de couchage a une fermeture \u00e9clair, de sorte que l\u2019enfant ne tombe pas pendant une sieste.<\/strong><\/p>\n<p>De plus, il dispose d\u2019un\u00a0<strong>oreiller amovible (coussin) pour faciliter le lavage en machine \u00e0 laver.<\/strong><\/p>\n<p>Un sac de couchage color\u00e9 de Cozy &amp; Dozy est la solution parfaite pour les enfants de 2 \u00e0 7 ans.<\/p>\n<p><b>Le sac de couchage sera parfait non seulement pour les siestes \u00e0 la maternelle, mais aussi une excellente solution pour dormir confortablement \u00e0 l\u2019ext\u00e9rieur de la maison \u2013 en vacances, dormir chez un ami ou en voyage.<\/b><\/p>\n<p>Dimensions:<\/p>\n<ul>\n<li>coin nuit 140\u00d775<\/li>\n<li>longueur totale d\u00e9pli\u00e9e 240 \u00d7 75<\/li>\n<li>petit coussin 40\u00d723<\/li>\n<\/ul>\n<p>Inclus:<\/p>\n<ul>\n<li>sac de couchage (avec oreiller amovible)<\/li>\n<li>petit oreiller<\/li>\n<li>ID card<\/li>\n<li>sac de rangement<\/li>\n<\/ul>\n<p>D\u00e9lai de livraison : 5-10 jours ouvrables + d\u00e9lai de livraison (France 4-5 jours)<\/p>\n<p>Composition:<\/p>\n<ul>\n<li>100% coton (face int\u00e9rieure)<\/li>\n<li>velours 100% (face ext\u00e9rieure)<\/li>\n<\/ul>\n<p>M\u00e9thode de soin :<\/p>\n<ul>\n<li>lavage \u00e0 40 degr\u00e9s en machine \u00e0 laver<\/li>\n<li>Ne pas javelliser<\/li>\n<li>repasser le c\u00f4t\u00e9 coton \u00e0 180 degr\u00e9s<\/li>\n<\/ul>\n<p>Gigoteuse enfant d\u2019\u00e2ge pr\u00e9scolaire enti\u00e8rement con\u00e7ue et cousue par Cozy &amp; Dozy.<\/p>\n<p>Tous les tissus \u00e0 partir desquels nous cousons sont certifi\u00e9s et sans danger pour les enfants. Le produit est certifi\u00e9 CE.<\/p>\n<p>&nbsp;<\/p>\n","protected":false},"excerpt":{"rendered":"<p>Un sac de couchage pour enfant d\u2019\u00e2ge pr\u00e9scolaire avec un oreiller suppl\u00e9mentaire, un sac de rangement et un badge d\u2019identification.<\/p>\n","protected":false},"featured_media":1004,"comment_status":"open","ping_status":"closed","template":"","meta":[],"product_brand":[],"product_cat":[21],"product_tag":[],"class_list":{"0":"post-1003","1":"product","2":"type-product","3":"status-publish","4":"has-post-thumbnail","6":"product_cat-literie","8":"first","9":"instock","10":"sale","11":"product-type-simple"},"yoast_head":"<!-- This site is optimized with the Yoast SEO Premium plugin v21.9 (Yoast SEO v27.0) - https:\/\/yoast.com\/product\/yoast-seo-premium-wordpress\/ -->\n<title>Sac de couchage enfant R\u00e9tro Blue 75 \u00d7 140 cm - Cozy &amp; Dozy<\/title>\n<meta name=\"description\" content=\"Un sac de couchage pour enfant d\u2019\u00e2ge pr\u00e9scolaire avec un oreiller suppl\u00e9mentaire, un sac de rangement et un badge d\u2019identification.\" \/>\n<meta name=\"robots\" content=\"index, follow, max-snippet:-1, max-image-preview:large, max-video-preview:-1\" \/>\n<link rel=\"canonical\" href=\"https:\/\/cozyanddozy.com\/fr\/produit\/sac-de-couchage-enfant-retro-blue-75-x-140-cm\/\" \/>\n<meta property=\"og:locale\" content=\"fr_FR\" \/>\n<meta property=\"og:type\" content=\"article\" \/>\n<meta property=\"og:title\" content=\"Sac de couchage enfant R\u00e9tro Blue 75 \u00d7 140 cm\" \/>\n<meta property=\"og:description\" content=\"Un sac de couchage pour enfant d\u2019\u00e2ge pr\u00e9scolaire avec un oreiller suppl\u00e9mentaire, un sac de rangement et un badge d\u2019identification.\" \/>\n<meta property=\"og:url\" content=\"https:\/\/cozyanddozy.com\/fr\/produit\/sac-de-couchage-enfant-retro-blue-75-x-140-cm\/\" \/>\n<meta property=\"og:site_name\" content=\"Cozy &amp; Dozy\" \/>\n<meta property=\"article:publisher\" content=\"https:\/\/www.facebook.com\/cozyanddozyshop\" \/>\n<meta property=\"article:modified_time\" content=\"2025-01-29T21:17:05+00:00\" \/>\n<meta property=\"og:image\" content=\"https:\/\/cozyanddozy.com\/fr\/wp-content\/uploads\/2023\/02\/spiworek-szkolny-blue-retro.jpg\" \/>\n\t<meta property=\"og:image:width\" content=\"1200\" \/>\n\t<meta property=\"og:image:height\" content=\"1200\" \/>\n\t<meta property=\"og:image:type\" content=\"image\/jpeg\" \/>\n<meta name=\"twitter:card\" content=\"summary_large_image\" \/>\n<meta name=\"twitter:label1\" content=\"Prix\" \/>\n\t<meta name=\"twitter:data1\" content=\"89,00&nbsp;&euro;\" \/>\n\t<meta name=\"twitter:label2\" content=\"Disponibilit\u00e9\" \/>\n\t<meta name=\"twitter:data2\" content=\"En stock\" \/>\n<script type=\"application\/ld+json\" class=\"yoast-schema-graph\">{\"@context\":\"https:\/\/schema.org\",\"@graph\":[{\"@type\":\"WebPage\",\"@id\":\"https:\/\/cozyanddozy.com\/fr\/produit\/sac-de-couchage-enfant-retro-blue-75-x-140-cm\/\",\"url\":\"https:\/\/cozyanddozy.com\/fr\/produit\/sac-de-couchage-enfant-retro-blue-75-x-140-cm\/\",\"name\":\"Sac de couchage enfant R\u00e9tro Blue 75 \u00d7 140 cm - Cozy & Dozy\",\"isPartOf\":{\"@id\":\"https:\/\/cozyanddozy.com\/fr\/#website\"},\"primaryImageOfPage\":{\"@id\":\"https:\/\/cozyanddozy.com\/fr\/produit\/sac-de-couchage-enfant-retro-blue-75-x-140-cm\/#primaryimage\"},\"image\":{\"@id\":\"https:\/\/cozyanddozy.com\/fr\/produit\/sac-de-couchage-enfant-retro-blue-75-x-140-cm\/#primaryimage\"},\"thumbnailUrl\":\"https:\/\/cozyanddozy.com\/fr\/wp-content\/uploads\/2023\/02\/spiworek-szkolny-blue-retro.jpg\",\"datePublished\":\"2022-08-12T15:04:19+00:00\",\"dateModified\":\"2025-01-29T21:17:05+00:00\",\"description\":\"Un sac de couchage pour enfant d\u2019\u00e2ge pr\u00e9scolaire avec un oreiller suppl\u00e9mentaire, un sac de rangement et un badge d\u2019identification.\",\"breadcrumb\":{\"@id\":\"https:\/\/cozyanddozy.com\/fr\/produit\/sac-de-couchage-enfant-retro-blue-75-x-140-cm\/#breadcrumb\"},\"inLanguage\":\"fr-FR\",\"potentialAction\":[{\"@type\":\"ReadAction\",\"target\":[\"https:\/\/cozyanddozy.com\/fr\/produit\/sac-de-couchage-enfant-retro-blue-75-x-140-cm\/\"]}]},{\"@type\":\"ImageObject\",\"inLanguage\":\"fr-FR\",\"@id\":\"https:\/\/cozyanddozy.com\/fr\/produit\/sac-de-couchage-enfant-retro-blue-75-x-140-cm\/#primaryimage\",\"url\":\"https:\/\/cozyanddozy.com\/fr\/wp-content\/uploads\/2023\/02\/spiworek-szkolny-blue-retro.jpg\",\"contentUrl\":\"https:\/\/cozyanddozy.com\/fr\/wp-content\/uploads\/2023\/02\/spiworek-szkolny-blue-retro.jpg\",\"width\":1200,\"height\":1200},{\"@type\":\"BreadcrumbList\",\"@id\":\"https:\/\/cozyanddozy.com\/fr\/produit\/sac-de-couchage-enfant-retro-blue-75-x-140-cm\/#breadcrumb\",\"itemListElement\":[{\"@type\":\"ListItem\",\"position\":1,\"name\":\"Home\",\"item\":\"https:\/\/cozyanddozy.com\/fr\/\"},{\"@type\":\"ListItem\",\"position\":2,\"name\":\"Boutique\",\"item\":\"https:\/\/cozyanddozy.com\/fr\/boutique\/\"},{\"@type\":\"ListItem\",\"position\":3,\"name\":\"Sac de couchage enfant R\u00e9tro Blue 75 \u00d7 140 cm\"}]},{\"@type\":\"WebSite\",\"@id\":\"https:\/\/cozyanddozy.com\/fr\/#website\",\"url\":\"https:\/\/cozyanddozy.com\/fr\/\",\"name\":\"Cozy & Dozy\",\"description\":\"\",\"publisher\":{\"@id\":\"https:\/\/cozyanddozy.com\/fr\/#organization\"},\"alternateName\":\"Cozy and Dozy\",\"potentialAction\":[{\"@type\":\"SearchAction\",\"target\":{\"@type\":\"EntryPoint\",\"urlTemplate\":\"https:\/\/cozyanddozy.com\/fr\/?s={search_term_string}\"},\"query-input\":{\"@type\":\"PropertyValueSpecification\",\"valueRequired\":true,\"valueName\":\"search_term_string\"}}],\"inLanguage\":\"fr-FR\"},{\"@type\":\"Organization\",\"@id\":\"https:\/\/cozyanddozy.com\/fr\/#organization\",\"name\":\"Cozy & Dozy\",\"url\":\"https:\/\/cozyanddozy.com\/fr\/\",\"logo\":{\"@type\":\"ImageObject\",\"inLanguage\":\"fr-FR\",\"@id\":\"https:\/\/cozyanddozy.com\/fr\/#\/schema\/logo\/image\/\",\"url\":\"https:\/\/cozyanddozy.com\/fr\/wp-content\/uploads\/2023\/02\/cozyanddozy_logo_b.png\",\"contentUrl\":\"https:\/\/cozyanddozy.com\/fr\/wp-content\/uploads\/2023\/02\/cozyanddozy_logo_b.png\",\"width\":314,\"height\":85,\"caption\":\"Cozy & Dozy\"},\"image\":{\"@id\":\"https:\/\/cozyanddozy.com\/fr\/#\/schema\/logo\/image\/\"},\"sameAs\":[\"https:\/\/www.facebook.com\/cozyanddozyshop\",\"https:\/\/www.instagram.com\/cozyanddozy\/\"]}]}<\/script>\n<meta property=\"product:price:amount\" content=\"89.00\" \/>\n<meta property=\"product:price:currency\" content=\"EUR\" \/>\n<meta property=\"og:availability\" content=\"instock\" \/>\n<meta property=\"product:availability\" content=\"instock\" \/>\n<meta property=\"product:retailer_item_id\" content=\"5902701497040\" \/>\n<meta property=\"product:condition\" content=\"new\" \/>\n<!-- \/ Yoast SEO Premium plugin. -->","yoast_head_json":{"title":"Sac de couchage enfant R\u00e9tro Blue 75 \u00d7 140 cm - Cozy & Dozy","description":"Un sac de couchage pour enfant d\u2019\u00e2ge pr\u00e9scolaire avec un oreiller suppl\u00e9mentaire, un sac de rangement et un badge d\u2019identification.","robots":{"index":"index","follow":"follow","max-snippet":"max-snippet:-1","max-image-preview":"max-image-preview:large","max-video-preview":"max-video-preview:-1"},"canonical":"https:\/\/cozyanddozy.com\/fr\/produit\/sac-de-couchage-enfant-retro-blue-75-x-140-cm\/","og_locale":"fr_FR","og_type":"article","og_title":"Sac de couchage enfant R\u00e9tro Blue 75 \u00d7 140 cm","og_description":"Un sac de couchage pour enfant d\u2019\u00e2ge pr\u00e9scolaire avec un oreiller suppl\u00e9mentaire, un sac de rangement et un badge d\u2019identification.","og_url":"https:\/\/cozyanddozy.com\/fr\/produit\/sac-de-couchage-enfant-retro-blue-75-x-140-cm\/","og_site_name":"Cozy &amp; Dozy","article_publisher":"https:\/\/www.facebook.com\/cozyanddozyshop","article_modified_time":"2025-01-29T21:17:05+00:00","og_image":[{"width":1200,"height":1200,"url":"https:\/\/cozyanddozy.com\/fr\/wp-content\/uploads\/2023\/02\/spiworek-szkolny-blue-retro.jpg","type":"image\/jpeg"}],"twitter_card":"summary_large_image","twitter_misc":{"Prix":"89,00&nbsp;&euro;","Disponibilit\u00e9":"En stock"},"schema":{"@context":"https:\/\/schema.org","@graph":[{"@type":"WebPage","@id":"https:\/\/cozyanddozy.com\/fr\/produit\/sac-de-couchage-enfant-retro-blue-75-x-140-cm\/","url":"https:\/\/cozyanddozy.com\/fr\/produit\/sac-de-couchage-enfant-retro-blue-75-x-140-cm\/","name":"Sac de couchage enfant R\u00e9tro Blue 75 \u00d7 140 cm - Cozy & Dozy","isPartOf":{"@id":"https:\/\/cozyanddozy.com\/fr\/#website"},"primaryImageOfPage":{"@id":"https:\/\/cozyanddozy.com\/fr\/produit\/sac-de-couchage-enfant-retro-blue-75-x-140-cm\/#primaryimage"},"image":{"@id":"https:\/\/cozyanddozy.com\/fr\/produit\/sac-de-couchage-enfant-retro-blue-75-x-140-cm\/#primaryimage"},"thumbnailUrl":"https:\/\/cozyanddozy.com\/fr\/wp-content\/uploads\/2023\/02\/spiworek-szkolny-blue-retro.jpg","datePublished":"2022-08-12T15:04:19+00:00","dateModified":"2025-01-29T21:17:05+00:00","description":"Un sac de couchage pour enfant d\u2019\u00e2ge pr\u00e9scolaire avec un oreiller suppl\u00e9mentaire, un sac de rangement et un badge d\u2019identification.","breadcrumb":{"@id":"https:\/\/cozyanddozy.com\/fr\/produit\/sac-de-couchage-enfant-retro-blue-75-x-140-cm\/#breadcrumb"},"inLanguage":"fr-FR","potentialAction":[{"@type":"ReadAction","target":["https:\/\/cozyanddozy.com\/fr\/produit\/sac-de-couchage-enfant-retro-blue-75-x-140-cm\/"]}]},{"@type":"ImageObject","inLanguage":"fr-FR","@id":"https:\/\/cozyanddozy.com\/fr\/produit\/sac-de-couchage-enfant-retro-blue-75-x-140-cm\/#primaryimage","url":"https:\/\/cozyanddozy.com\/fr\/wp-content\/uploads\/2023\/02\/spiworek-szkolny-blue-retro.jpg","contentUrl":"https:\/\/cozyanddozy.com\/fr\/wp-content\/uploads\/2023\/02\/spiworek-szkolny-blue-retro.jpg","width":1200,"height":1200},{"@type":"BreadcrumbList","@id":"https:\/\/cozyanddozy.com\/fr\/produit\/sac-de-couchage-enfant-retro-blue-75-x-140-cm\/#breadcrumb","itemListElement":[{"@type":"ListItem","position":1,"name":"Home","item":"https:\/\/cozyanddozy.com\/fr\/"},{"@type":"ListItem","position":2,"name":"Boutique","item":"https:\/\/cozyanddozy.com\/fr\/boutique\/"},{"@type":"ListItem","position":3,"name":"Sac de couchage enfant R\u00e9tro Blue 75 \u00d7 140 cm"}]},{"@type":"WebSite","@id":"https:\/\/cozyanddozy.com\/fr\/#website","url":"https:\/\/cozyanddozy.com\/fr\/","name":"Cozy & Dozy","description":"","publisher":{"@id":"https:\/\/cozyanddozy.com\/fr\/#organization"},"alternateName":"Cozy and Dozy","potentialAction":[{"@type":"SearchAction","target":{"@type":"EntryPoint","urlTemplate":"https:\/\/cozyanddozy.com\/fr\/?s={search_term_string}"},"query-input":{"@type":"PropertyValueSpecification","valueRequired":true,"valueName":"search_term_string"}}],"inLanguage":"fr-FR"},{"@type":"Organization","@id":"https:\/\/cozyanddozy.com\/fr\/#organization","name":"Cozy & Dozy","url":"https:\/\/cozyanddozy.com\/fr\/","logo":{"@type":"ImageObject","inLanguage":"fr-FR","@id":"https:\/\/cozyanddozy.com\/fr\/#\/schema\/logo\/image\/","url":"https:\/\/cozyanddozy.com\/fr\/wp-content\/uploads\/2023\/02\/cozyanddozy_logo_b.png","contentUrl":"https:\/\/cozyanddozy.com\/fr\/wp-content\/uploads\/2023\/02\/cozyanddozy_logo_b.png","width":314,"height":85,"caption":"Cozy & Dozy"},"image":{"@id":"https:\/\/cozyanddozy.com\/fr\/#\/schema\/logo\/image\/"},"sameAs":["https:\/\/www.facebook.com\/cozyanddozyshop","https:\/\/www.instagram.com\/cozyanddozy\/"]}]},"product_price_amount":"89.00","product_price_currency":"EUR","og_availability":"instock","product_availability":"instock","product_retailer_item_id":"5902701497040","product_condition":"new"},"_links":{"self":[{"href":"https:\/\/cozyanddozy.com\/fr\/wp-json\/wp\/v2\/product\/1003","targetHints":{"allow":["GET"]}}],"collection":[{"href":"https:\/\/cozyanddozy.com\/fr\/wp-json\/wp\/v2\/product"}],"about":[{"href":"https:\/\/cozyanddozy.com\/fr\/wp-json\/wp\/v2\/types\/product"}],"replies":[{"embeddable":true,"href":"https:\/\/cozyanddozy.com\/fr\/wp-json\/wp\/v2\/comments?post=1003"}],"wp:featuredmedia":[{"embeddable":true,"href":"https:\/\/cozyanddozy.com\/fr\/wp-json\/wp\/v2\/media\/1004"}],"wp:attachment":[{"href":"https:\/\/cozyanddozy.com\/fr\/wp-json\/wp\/v2\/media?parent=1003"}],"wp:term":[{"taxonomy":"product_brand","embeddable":true,"href":"https:\/\/cozyanddozy.com\/fr\/wp-json\/wp\/v2\/product_brand?post=1003"},{"taxonomy":"product_cat","embeddable":true,"href":"https:\/\/cozyanddozy.com\/fr\/wp-json\/wp\/v2\/product_cat?post=1003"},{"taxonomy":"product_tag","embeddable":true,"href":"https:\/\/cozyanddozy.com\/fr\/wp-json\/wp\/v2\/product_tag?post=1003"}],"curies":[{"name":"wp","href":"https:\/\/api.w.org\/{rel}","templated":true}]}}