{"id":1081,"date":"2023-02-13T19:13:04","date_gmt":"2023-02-13T19:13:04","guid":{"rendered":"https:\/\/cozyanddozy.com\/fr\/?page_id=1081"},"modified":"2023-12-20T09:52:41","modified_gmt":"2023-12-20T08:52:41","slug":"livraison","status":"publish","type":"page","link":"https:\/\/cozyanddozy.com\/fr\/livraison\/","title":{"rendered":"Livraison"},"content":{"rendered":"<div class=\"row align-center\"  id=\"row-1415123404\">\n\n\t<div id=\"col-1763030051\" class=\"col medium-10 small-12 large-10\"  >\n\t\t\t\t<div class=\"col-inner\"  >\n\t\t\t\n\t\t\t\n<div class=\"container section-title-container\" ><h3 class=\"section-title section-title-normal\"><b><\/b><span class=\"section-title-main\" >Livraison<\/span><b><\/b><\/h3><\/div>\n<h3>France<\/h3>\n<ul>\n<li>A partir d&#8217;un montant de 100 euros, nous livrons sans frais de port.<\/li>\n<li>Pour une valeur de marchandise inf\u00e9rieure \u00e0 100 euros, nous facturons un forfait de <strong>11,99 euros<\/strong>.<\/li>\n<\/ul>\n<h3>Livraison express<\/h3>\n<ul>\n<li><strong>31,00 euros<\/strong> par commande (DHL EXPRESS)<\/li>\n<li><strong>55,00 euros<\/strong> par commande (DHL EXPRESS AIR)<\/li>\n<\/ul>\n<h3>Exp\u00e9dition dans le monde entier<\/h3>\n<ul>\n<li>Veuillez v\u00e9rifier les frais d&#8217;exp\u00e9dition lors du passage \u00e0 la caisse<\/li>\n<\/ul>\n<h3>Comment est exp\u00e9di\u00e9 ?<\/h3>\n<p>Les produits de notre assortiment sont livr\u00e9s par DPD, GLS ou DHL. Pour plus d&#8217;informations, veuillez consulter la description de l&#8217;article.<\/p>\n<h3>Remarque importante:<\/h3>\n<p>Si des marchandises sont livr\u00e9es avec des dommages de transport \u00e9vidents, veuillez r\u00e9clamer imm\u00e9diatement de tels d\u00e9fauts aupr\u00e8s du livreur et prendre contact avec nous le plus rapidement possible. L&#8217;omission d&#8217;une r\u00e9clamation ou d&#8217;une prise de contact n&#8217;a aucune cons\u00e9quence sur les droits de garantie l\u00e9gaux des consommateurs et sert uniquement \u00e0 aider le fournisseur \u00e0 faire valoir ses droits aupr\u00e8s de l&#8217;entreprise charg\u00e9e de la livraison de la marchandise ou de l&#8217;assurance.<br \/>\n<small><br \/>\n<em>*DPD STANDARD, GLS &#8211; max. 2-5 jours<\/em><br \/>\n<em>*DHL EXPRESS AIR (air cargo) &#8211; max. 2 jours (la commande doit \u00eatre pass\u00e9e avant 12h00).<\/em><br \/>\n<em>*DHL EXPRESS &#8211; max. 1-4 jours (la commande doit \u00eatre pass\u00e9e avant 12h00).<\/em><br \/>\n<\/small><\/p>\n\t\t<\/div>\n\t\t\t\t\t<\/div>\n\n\t\n<\/div>\n","protected":false},"excerpt":{"rendered":"","protected":false},"author":1,"featured_media":0,"parent":0,"menu_order":0,"comment_status":"closed","ping_status":"closed","template":"","meta":{"footnotes":""},"class_list":["post-1081","page","type-page","status-publish","hentry"],"yoast_head":"<!-- This site is optimized with the Yoast SEO Premium plugin v21.9 (Yoast SEO v27.0) - https:\/\/yoast.com\/product\/yoast-seo-premium-wordpress\/ -->\n<title>Livraison - Cozy &amp; Dozy<\/title>\n<meta name=\"robots\" content=\"index, follow, max-snippet:-1, max-image-preview:large, max-video-preview:-1\" \/>\n<link rel=\"canonical\" href=\"https:\/\/cozyanddozy.com\/fr\/livraison\/\" \/>\n<meta property=\"og:locale\" content=\"fr_FR\" \/>\n<meta property=\"og:type\" content=\"article\" \/>\n<meta property=\"og:title\" content=\"Livraison\" \/>\n<meta property=\"og:url\" content=\"https:\/\/cozyanddozy.com\/fr\/livraison\/\" \/>\n<meta property=\"og:site_name\" content=\"Cozy &amp; Dozy\" \/>\n<meta property=\"article:publisher\" content=\"https:\/\/www.facebook.com\/cozyanddozyshop\" \/>\n<meta property=\"article:modified_time\" content=\"2023-12-20T08:52:41+00:00\" \/>\n<meta name=\"twitter:card\" content=\"summary_large_image\" \/>\n<meta name=\"twitter:label1\" content=\"Dur\u00e9e de lecture estim\u00e9e\" \/>\n\t<meta name=\"twitter:data1\" content=\"2 minutes\" \/>\n<script type=\"application\/ld+json\" class=\"yoast-schema-graph\">{\"@context\":\"https:\/\/schema.org\",\"@graph\":[{\"@type\":\"WebPage\",\"@id\":\"https:\/\/cozyanddozy.com\/fr\/livraison\/\",\"url\":\"https:\/\/cozyanddozy.com\/fr\/livraison\/\",\"name\":\"Livraison - Cozy & Dozy\",\"isPartOf\":{\"@id\":\"https:\/\/cozyanddozy.com\/fr\/#website\"},\"datePublished\":\"2023-02-13T19:13:04+00:00\",\"dateModified\":\"2023-12-20T08:52:41+00:00\",\"breadcrumb\":{\"@id\":\"https:\/\/cozyanddozy.com\/fr\/livraison\/#breadcrumb\"},\"inLanguage\":\"fr-FR\",\"potentialAction\":[{\"@type\":\"ReadAction\",\"target\":[\"https:\/\/cozyanddozy.com\/fr\/livraison\/\"]}]},{\"@type\":\"BreadcrumbList\",\"@id\":\"https:\/\/cozyanddozy.com\/fr\/livraison\/#breadcrumb\",\"itemListElement\":[{\"@type\":\"ListItem\",\"position\":1,\"name\":\"Home\",\"item\":\"https:\/\/cozyanddozy.com\/fr\/\"},{\"@type\":\"ListItem\",\"position\":2,\"name\":\"Livraison\"}]},{\"@type\":\"WebSite\",\"@id\":\"https:\/\/cozyanddozy.com\/fr\/#website\",\"url\":\"https:\/\/cozyanddozy.com\/fr\/\",\"name\":\"Cozy & Dozy\",\"description\":\"\",\"publisher\":{\"@id\":\"https:\/\/cozyanddozy.com\/fr\/#organization\"},\"alternateName\":\"Cozy and Dozy\",\"potentialAction\":[{\"@type\":\"SearchAction\",\"target\":{\"@type\":\"EntryPoint\",\"urlTemplate\":\"https:\/\/cozyanddozy.com\/fr\/?s={search_term_string}\"},\"query-input\":{\"@type\":\"PropertyValueSpecification\",\"valueRequired\":true,\"valueName\":\"search_term_string\"}}],\"inLanguage\":\"fr-FR\"},{\"@type\":\"Organization\",\"@id\":\"https:\/\/cozyanddozy.com\/fr\/#organization\",\"name\":\"Cozy & Dozy\",\"url\":\"https:\/\/cozyanddozy.com\/fr\/\",\"logo\":{\"@type\":\"ImageObject\",\"inLanguage\":\"fr-FR\",\"@id\":\"https:\/\/cozyanddozy.com\/fr\/#\/schema\/logo\/image\/\",\"url\":\"https:\/\/cozyanddozy.com\/fr\/wp-content\/uploads\/2023\/02\/cozyanddozy_logo_b.png\",\"contentUrl\":\"https:\/\/cozyanddozy.com\/fr\/wp-content\/uploads\/2023\/02\/cozyanddozy_logo_b.png\",\"width\":314,\"height\":85,\"caption\":\"Cozy & Dozy\"},\"image\":{\"@id\":\"https:\/\/cozyanddozy.com\/fr\/#\/schema\/logo\/image\/\"},\"sameAs\":[\"https:\/\/www.facebook.com\/cozyanddozyshop\",\"https:\/\/www.instagram.com\/cozyanddozy\/\"]}]}<\/script>\n<!-- \/ Yoast SEO Premium plugin. -->","yoast_head_json":{"title":"Livraison - Cozy & Dozy","robots":{"index":"index","follow":"follow","max-snippet":"max-snippet:-1","max-image-preview":"max-image-preview:large","max-video-preview":"max-video-preview:-1"},"canonical":"https:\/\/cozyanddozy.com\/fr\/livraison\/","og_locale":"fr_FR","og_type":"article","og_title":"Livraison","og_url":"https:\/\/cozyanddozy.com\/fr\/livraison\/","og_site_name":"Cozy &amp; Dozy","article_publisher":"https:\/\/www.facebook.com\/cozyanddozyshop","article_modified_time":"2023-12-20T08:52:41+00:00","twitter_card":"summary_large_image","twitter_misc":{"Dur\u00e9e de lecture estim\u00e9e":"2 minutes"},"schema":{"@context":"https:\/\/schema.org","@graph":[{"@type":"WebPage","@id":"https:\/\/cozyanddozy.com\/fr\/livraison\/","url":"https:\/\/cozyanddozy.com\/fr\/livraison\/","name":"Livraison - Cozy & Dozy","isPartOf":{"@id":"https:\/\/cozyanddozy.com\/fr\/#website"},"datePublished":"2023-02-13T19:13:04+00:00","dateModified":"2023-12-20T08:52:41+00:00","breadcrumb":{"@id":"https:\/\/cozyanddozy.com\/fr\/livraison\/#breadcrumb"},"inLanguage":"fr-FR","potentialAction":[{"@type":"ReadAction","target":["https:\/\/cozyanddozy.com\/fr\/livraison\/"]}]},{"@type":"BreadcrumbList","@id":"https:\/\/cozyanddozy.com\/fr\/livraison\/#breadcrumb","itemListElement":[{"@type":"ListItem","position":1,"name":"Home","item":"https:\/\/cozyanddozy.com\/fr\/"},{"@type":"ListItem","position":2,"name":"Livraison"}]},{"@type":"WebSite","@id":"https:\/\/cozyanddozy.com\/fr\/#website","url":"https:\/\/cozyanddozy.com\/fr\/","name":"Cozy & Dozy","description":"","publisher":{"@id":"https:\/\/cozyanddozy.com\/fr\/#organization"},"alternateName":"Cozy and Dozy","potentialAction":[{"@type":"SearchAction","target":{"@type":"EntryPoint","urlTemplate":"https:\/\/cozyanddozy.com\/fr\/?s={search_term_string}"},"query-input":{"@type":"PropertyValueSpecification","valueRequired":true,"valueName":"search_term_string"}}],"inLanguage":"fr-FR"},{"@type":"Organization","@id":"https:\/\/cozyanddozy.com\/fr\/#organization","name":"Cozy & Dozy","url":"https:\/\/cozyanddozy.com\/fr\/","logo":{"@type":"ImageObject","inLanguage":"fr-FR","@id":"https:\/\/cozyanddozy.com\/fr\/#\/schema\/logo\/image\/","url":"https:\/\/cozyanddozy.com\/fr\/wp-content\/uploads\/2023\/02\/cozyanddozy_logo_b.png","contentUrl":"https:\/\/cozyanddozy.com\/fr\/wp-content\/uploads\/2023\/02\/cozyanddozy_logo_b.png","width":314,"height":85,"caption":"Cozy & Dozy"},"image":{"@id":"https:\/\/cozyanddozy.com\/fr\/#\/schema\/logo\/image\/"},"sameAs":["https:\/\/www.facebook.com\/cozyanddozyshop","https:\/\/www.instagram.com\/cozyanddozy\/"]}]}},"_links":{"self":[{"href":"https:\/\/cozyanddozy.com\/fr\/wp-json\/wp\/v2\/pages\/1081","targetHints":{"allow":["GET"]}}],"collection":[{"href":"https:\/\/cozyanddozy.com\/fr\/wp-json\/wp\/v2\/pages"}],"about":[{"href":"https:\/\/cozyanddozy.com\/fr\/wp-json\/wp\/v2\/types\/page"}],"author":[{"embeddable":true,"href":"https:\/\/cozyanddozy.com\/fr\/wp-json\/wp\/v2\/users\/1"}],"replies":[{"embeddable":true,"href":"https:\/\/cozyanddozy.com\/fr\/wp-json\/wp\/v2\/comments?post=1081"}],"version-history":[{"count":10,"href":"https:\/\/cozyanddozy.com\/fr\/wp-json\/wp\/v2\/pages\/1081\/revisions"}],"predecessor-version":[{"id":3001,"href":"https:\/\/cozyanddozy.com\/fr\/wp-json\/wp\/v2\/pages\/1081\/revisions\/3001"}],"wp:attachment":[{"href":"https:\/\/cozyanddozy.com\/fr\/wp-json\/wp\/v2\/media?parent=1081"}],"curies":[{"name":"wp","href":"https:\/\/api.w.org\/{rel}","templated":true}]}}