{"id":1076,"date":"2023-02-13T19:09:36","date_gmt":"2023-02-13T19:09:36","guid":{"rendered":"https:\/\/cozyanddozy.com\/fr\/?page_id=1076"},"modified":"2024-08-05T09:20:22","modified_gmt":"2024-08-05T07:20:22","slug":"contactez-nous","status":"publish","type":"page","link":"https:\/\/cozyanddozy.com\/fr\/contactez-nous\/","title":{"rendered":"Contactez-nous"},"content":{"rendered":"\t<section class=\"section\" id=\"section_716696810\">\n\t\t<div class=\"bg section-bg fill bg-fill bg-loaded \" >\n\n\t\t\t\n\t\t\t\n\t\t\t\n\n\t\t<\/div>\n\n\t\t\n\n\t\t<div class=\"section-content relative\">\n\t\t\t\n\t\t<\/div>\n\n\t\t\n<style>\n#section_716696810 {\n  padding-top: 30px;\n  padding-bottom: 30px;\n  min-height: 226px;\n}\n#section_716696810 .section-bg.bg-loaded {\n  background-image: url(https:\/\/cozyanddozy.com\/fr\/wp-content\/uploads\/2023\/02\/banerowe1-1.jpg);\n}\n#section_716696810 .section-bg {\n  background-position: 55% 79%;\n}\n@media (min-width:550px) {\n  #section_716696810 {\n    min-height: 530px;\n  }\n}\n<\/style>\n\t<\/section>\n\t\n<div class=\"row\"  id=\"row-2085922429\">\n\n\t<div id=\"col-353156262\" class=\"col medium-6 large-6\"  >\n\t\t\t\t<div class=\"col-inner\"  >\n\t\t\t\n\t\t\t\n<div class=\"container section-title-container\" ><h3 class=\"section-title section-title-normal\"><b><\/b><span class=\"section-title-main\" >Foire aux questions<\/span><b><\/b><\/h3><\/div>\n<p class=\"lead\">Veuillez lire la section faq avant de nous envoyer votre demande.<\/p>\n<div class=\"accordion\">\n\t<div id=\"accordion-1947438535\" class=\"accordion-item\">\n\t\t<a id=\"accordion-1947438535-label\" class=\"accordion-title plain\" href=\"#accordion-item-quels-formulaires-et-frais-d\u2019exp\u00e9dition-sont-disponibles?\" aria-expanded=\"false\" aria-controls=\"accordion-1947438535-content\" >\n\t\t\t<button class=\"toggle\" aria-label=\"Basculer\"><i class=\"icon-angle-down\"><\/i><\/button>\n\t\t\t<span>Quels formulaires et frais d\u2019exp\u00e9dition sont disponibles?<\/span>\n\t\t<\/a>\n\t\t<div id=\"accordion-1947438535-content\" class=\"accordion-inner\" aria-labelledby=\"accordion-1947438535-label\" >\n\t\t\t\n<p>1. Les marchandises command\u00e9es vous parviennent dans un d\u00e9lai de 2-3 jours ouvrables \u00e0 compter de la date d\u2019exp\u00e9dition.<br \/>\n2. Nous livrons les produits command\u00e9s par DHL et GLS.<br \/>\n3. Les frais d\u2019exp\u00e9dition de l\u2019objet peuvent \u00eatre v\u00e9rifi\u00e9s et calcul\u00e9s dans le panier (poids jusqu\u2019 \u00e0 5 kg)<\/p>\n\t\t<\/div>\n\t<\/div>\n\t\n\t<div id=\"accordion-1830400170\" class=\"accordion-item\">\n\t\t<a id=\"accordion-1830400170-label\" class=\"accordion-title plain\" href=\"#accordion-item-quelles-sont-les-options-de-paiement-disponibles-dans-la-boutique-en-ligne?\" aria-expanded=\"false\" aria-controls=\"accordion-1830400170-content\" >\n\t\t\t<button class=\"toggle\" aria-label=\"Basculer\"><i class=\"icon-angle-down\"><\/i><\/button>\n\t\t\t<span>Quelles sont les options de paiement disponibles dans la boutique en ligne?<\/span>\n\t\t<\/a>\n\t\t<div id=\"accordion-1830400170-content\" class=\"accordion-inner\" aria-labelledby=\"accordion-1830400170-label\" >\n\t\t\t\n<p>Dans notre boutique en ligne, nous vous proposons les modes de paiement suivants:<br \/>\n1. Virement bancaire (Banque)<\/p>\n<p>63 1600 1462 1713 3717 2000 0001 ( z\u0142 PLN)<br \/>\nPL36 1600 1462 1713 3717 2000 0002 ( \u20ac EURO )<br \/>\nPL09 1600 1462 1713 3717 2000 0003 ( \u00a3 GBP )<br \/>\nPL79 1600 1462 1713 3717 2000 0004 ( $ USD )<\/p>\n<p>2. PayPal \u2013 Paiement en ligne mondial avec PayPal (s\u00e9curis\u00e9)<\/p>\n<p>3. PayPal \u2013 Carte de cr\u00e9dit (s\u00e9curis\u00e9e)<\/p>\n\t\t<\/div>\n\t<\/div>\n\t\n\t<div id=\"accordion-573429059\" class=\"accordion-item\">\n\t\t<a id=\"accordion-573429059-label\" class=\"accordion-title plain\" href=\"#accordion-item-mes-donn\u00e9es-sont-elles-s\u00fbres-lorsque-je-fais-des-achats-en-ligne?\" aria-expanded=\"false\" aria-controls=\"accordion-573429059-content\" >\n\t\t\t<button class=\"toggle\" aria-label=\"Basculer\"><i class=\"icon-angle-down\"><\/i><\/button>\n\t\t\t<span>Mes donn\u00e9es sont-elles s\u00fbres lorsque je fais des achats en ligne?<\/span>\n\t\t<\/a>\n\t\t<div id=\"accordion-573429059-content\" class=\"accordion-inner\" aria-labelledby=\"accordion-573429059-label\" >\n\t\t\t\n<p>Nous utilisons le protocole SSL (Secure Socket Layer) dans notre boutique en ligne, qui est le m\u00e9canisme de protection des donn\u00e9es le plus s\u00fbr actuellement disponible pour prot\u00e9ger vos donn\u00e9es, afin que vous puissiez nous fournir des informations \u00e0 votre sujet et passer vos commandes en toute s\u00e9curit\u00e9. Ce type de protection est bas\u00e9 sur le cryptage des donn\u00e9es avant de les envoyer \u00e0 partir d\u2019un navigateur et leur d\u00e9codage apr\u00e8s un acc\u00e8s s\u00e9curis\u00e9 \u00e0 notre serveur. Les informations qui vous sont envoy\u00e9es par le serveur sont \u00e9galement encod\u00e9es et d\u00e9cod\u00e9es apr\u00e8s avoir atteint votre destination. SSL crypte, authentifie et garantit l\u2019int\u00e9grit\u00e9 des informations. Lorsque vous vous connectez \u00e0 un site Web s\u00e9curis\u00e9, vous remarquerez que l\u2019adresse http change pour http en https.<\/p>\n\t\t<\/div>\n\t<\/div>\n\t\n\t<div id=\"accordion-1388230854\" class=\"accordion-item\">\n\t\t<a id=\"accordion-1388230854-label\" class=\"accordion-title plain\" href=\"#accordion-item-vais-je-recevoir-une-facture-d\u2019achat?\" aria-expanded=\"false\" aria-controls=\"accordion-1388230854-content\" >\n\t\t\t<button class=\"toggle\" aria-label=\"Basculer\"><i class=\"icon-angle-down\"><\/i><\/button>\n\t\t\t<span>Vais-je recevoir une facture d\u2019achat?<\/span>\n\t\t<\/a>\n\t\t<div id=\"accordion-1388230854-content\" class=\"accordion-inner\" aria-labelledby=\"accordion-1388230854-label\" >\n\t\t\t\n<p>Pour chaque achat dans notre boutique en ligne vous recevrez un re\u00e7u ou une facture de TVA (si l\u2019achat a \u00e9t\u00e9 effectu\u00e9 pour la soci\u00e9t\u00e9)<\/p>\n\t\t<\/div>\n\t<\/div>\n\t\n\t<div id=\"accordion-2732597099\" class=\"accordion-item\">\n\t\t<a id=\"accordion-2732597099-label\" class=\"accordion-title plain\" href=\"#accordion-item-je-vous-ai-donn\u00e9-la-mauvaise-adresse,-que-dois-je-faire?\" aria-expanded=\"false\" aria-controls=\"accordion-2732597099-content\" >\n\t\t\t<button class=\"toggle\" aria-label=\"Basculer\"><i class=\"icon-angle-down\"><\/i><\/button>\n\t\t\t<span>Je vous ai donn\u00e9 la mauvaise adresse, que dois-je faire?<\/span>\n\t\t<\/a>\n\t\t<div id=\"accordion-2732597099-content\" class=\"accordion-inner\" aria-labelledby=\"accordion-2732597099-label\" >\n\t\t\t\n<p>Contactez-nous d\u00e8s que possible, nous corrigerons vos coordonn\u00e9es, ou nous contacterons le transporteur.<\/p>\n\t\t<\/div>\n\t<\/div>\n\t\n\t<div id=\"accordion-666050761\" class=\"accordion-item\">\n\t\t<a id=\"accordion-666050761-label\" class=\"accordion-title plain\" href=\"#accordion-item-envoyez-vous-des-colis-dans-mon-pays?\" aria-expanded=\"false\" aria-controls=\"accordion-666050761-content\" >\n\t\t\t<button class=\"toggle\" aria-label=\"Basculer\"><i class=\"icon-angle-down\"><\/i><\/button>\n\t\t\t<span>Envoyez-vous des colis dans mon pays?<\/span>\n\t\t<\/a>\n\t\t<div id=\"accordion-666050761-content\" class=\"accordion-inner\" aria-labelledby=\"accordion-666050761-label\" >\n\t\t\t\n<p>Nous envoyons des colis dans tous les pays europ\u00e9ens et plus encore. Si vous ne pouvez pas choisir le mode de livraison, veuillez nous le faire savoir.<\/p>\n\t\t<\/div>\n\t<\/div>\n\t\n\t<div id=\"accordion-1146229285\" class=\"accordion-item\">\n\t\t<a id=\"accordion-1146229285-label\" class=\"accordion-title plain\" href=\"#accordion-item-les-produits-seront-ils-offerts-dans-un-seul-emballage?\" aria-expanded=\"false\" aria-controls=\"accordion-1146229285-content\" >\n\t\t\t<button class=\"toggle\" aria-label=\"Basculer\"><i class=\"icon-angle-down\"><\/i><\/button>\n\t\t\t<span>Les produits seront-ils offerts dans un seul emballage?<\/span>\n\t\t<\/a>\n\t\t<div id=\"accordion-1146229285-content\" class=\"accordion-inner\" aria-labelledby=\"accordion-1146229285-label\" >\n\t\t\t\n<p>Vous obtiendrez les produits dans un seul paquet ou dans un multi-pack trait\u00e9 comme un seul paquet \ud83d\ude42<\/p>\n\t\t<\/div>\n\t<\/div>\n\t\n<\/div>\n\t\t<\/div>\n\t\t\t\t\t<\/div>\n\n\t\n\n\t<div id=\"col-1980699148\" class=\"col medium-6 large-6\"  >\n\t\t\t\t<div class=\"col-inner\"  >\n\t\t\t\n\t\t\t\n<div class=\"container section-title-container\" ><h3 class=\"section-title section-title-normal\"><b><\/b><span class=\"section-title-main\" >\u00c9crivez-nous<\/span><b><\/b><\/h3><\/div>\n<p>email : <strong>shop@cozyanddozy.com<\/strong><br \/>\ntel. : <strong> 791 981 501<br \/>\n<\/strong><\/p>\n<p><strong>Bureau<\/strong><br \/>\nPraw Kobiet 6, 15-535 Bia\u0142ystok<\/p>\n<div class=\"wpforms-container wpforms-container-full\" id=\"wpforms-1323\"><form id=\"wpforms-form-1323\" class=\"wpforms-validate wpforms-form\" data-formid=\"1323\" method=\"post\" enctype=\"multipart\/form-data\" action=\"\/fr\/wp-json\/wp\/v2\/pages\/1076\" data-token=\"7e354e7a0137b0e3600338396f3702d0\"><noscript class=\"wpforms-error-noscript\">Veuillez activer JavaScript dans votre navigateur pour remplir ce formulaire.<\/noscript><div class=\"wpforms-field-container\"><div id=\"wpforms-1323-field_0-container\" class=\"wpforms-field wpforms-field-name\" data-field-id=\"0\"><label class=\"wpforms-field-label\" for=\"wpforms-1323-field_0\">Nom <span class=\"wpforms-required-label\">*<\/span><\/label><input type=\"text\" id=\"wpforms-1323-field_0\" class=\"wpforms-field-medium wpforms-field-required\" name=\"wpforms[fields][0]\" required><\/div><div id=\"wpforms-1323-field_1-container\" class=\"wpforms-field wpforms-field-email\" data-field-id=\"1\"><label class=\"wpforms-field-label\" for=\"wpforms-1323-field_1\">E-mail <span class=\"wpforms-required-label\">*<\/span><\/label><input type=\"email\" id=\"wpforms-1323-field_1\" class=\"wpforms-field-medium wpforms-field-required\" name=\"wpforms[fields][1]\" required><\/div><div id=\"wpforms-1323-field_2-container\" class=\"wpforms-field wpforms-field-textarea\" data-field-id=\"2\"><label class=\"wpforms-field-label\" for=\"wpforms-1323-field_2\">Commentaire ou message <span class=\"wpforms-required-label\">*<\/span><\/label><textarea id=\"wpforms-1323-field_2\" class=\"wpforms-field-medium wpforms-field-required\" name=\"wpforms[fields][2]\" required><\/textarea><\/div><\/div><div class=\"wpforms-submit-container\" ><input type=\"hidden\" name=\"wpforms[id]\" value=\"1323\"><input type=\"hidden\" name=\"wpforms[author]\" value=\"1\"><button type=\"submit\" name=\"wpforms[submit]\" class=\"wpforms-submit \" id=\"wpforms-submit-1323\" value=\"wpforms-submit\" aria-live=\"assertive\" data-alt-text=\"Envoi...\" data-submit-text=\"Envoyer\">Envoyer<\/button><\/div><\/form><\/div>  <!-- .wpforms-container -->\n\t\t<\/div>\n\t\t\t\t\t<\/div>\n\n\t\n<\/div>\n","protected":false},"excerpt":{"rendered":"","protected":false},"author":1,"featured_media":0,"parent":0,"menu_order":0,"comment_status":"closed","ping_status":"closed","template":"page-blank.php","meta":{"footnotes":""},"class_list":["post-1076","page","type-page","status-publish","hentry"],"yoast_head":"<!-- This site is optimized with the Yoast SEO Premium plugin v21.9 (Yoast SEO v27.0) - https:\/\/yoast.com\/product\/yoast-seo-premium-wordpress\/ -->\n<title>Contactez-nous - Cozy &amp; Dozy<\/title>\n<meta name=\"robots\" content=\"index, follow, max-snippet:-1, max-image-preview:large, max-video-preview:-1\" \/>\n<link rel=\"canonical\" href=\"https:\/\/cozyanddozy.com\/fr\/contactez-nous\/\" \/>\n<meta property=\"og:locale\" content=\"fr_FR\" \/>\n<meta property=\"og:type\" content=\"article\" \/>\n<meta property=\"og:title\" content=\"Contactez-nous\" \/>\n<meta property=\"og:url\" content=\"https:\/\/cozyanddozy.com\/fr\/contactez-nous\/\" \/>\n<meta property=\"og:site_name\" content=\"Cozy &amp; Dozy\" \/>\n<meta property=\"article:publisher\" content=\"https:\/\/www.facebook.com\/cozyanddozyshop\" \/>\n<meta property=\"article:modified_time\" content=\"2024-08-05T07:20:22+00:00\" \/>\n<meta name=\"twitter:card\" content=\"summary_large_image\" \/>\n<meta name=\"twitter:label1\" content=\"Dur\u00e9e de lecture estim\u00e9e\" \/>\n\t<meta name=\"twitter:data1\" content=\"3 minutes\" \/>\n<script type=\"application\/ld+json\" class=\"yoast-schema-graph\">{\"@context\":\"https:\/\/schema.org\",\"@graph\":[{\"@type\":\"WebPage\",\"@id\":\"https:\/\/cozyanddozy.com\/fr\/contactez-nous\/\",\"url\":\"https:\/\/cozyanddozy.com\/fr\/contactez-nous\/\",\"name\":\"Contactez-nous - Cozy & Dozy\",\"isPartOf\":{\"@id\":\"https:\/\/cozyanddozy.com\/fr\/#website\"},\"datePublished\":\"2023-02-13T19:09:36+00:00\",\"dateModified\":\"2024-08-05T07:20:22+00:00\",\"breadcrumb\":{\"@id\":\"https:\/\/cozyanddozy.com\/fr\/contactez-nous\/#breadcrumb\"},\"inLanguage\":\"fr-FR\",\"potentialAction\":[{\"@type\":\"ReadAction\",\"target\":[\"https:\/\/cozyanddozy.com\/fr\/contactez-nous\/\"]}]},{\"@type\":\"BreadcrumbList\",\"@id\":\"https:\/\/cozyanddozy.com\/fr\/contactez-nous\/#breadcrumb\",\"itemListElement\":[{\"@type\":\"ListItem\",\"position\":1,\"name\":\"Home\",\"item\":\"https:\/\/cozyanddozy.com\/fr\/\"},{\"@type\":\"ListItem\",\"position\":2,\"name\":\"Contactez-nous\"}]},{\"@type\":\"WebSite\",\"@id\":\"https:\/\/cozyanddozy.com\/fr\/#website\",\"url\":\"https:\/\/cozyanddozy.com\/fr\/\",\"name\":\"Cozy & Dozy\",\"description\":\"\",\"publisher\":{\"@id\":\"https:\/\/cozyanddozy.com\/fr\/#organization\"},\"alternateName\":\"Cozy and Dozy\",\"potentialAction\":[{\"@type\":\"SearchAction\",\"target\":{\"@type\":\"EntryPoint\",\"urlTemplate\":\"https:\/\/cozyanddozy.com\/fr\/?s={search_term_string}\"},\"query-input\":{\"@type\":\"PropertyValueSpecification\",\"valueRequired\":true,\"valueName\":\"search_term_string\"}}],\"inLanguage\":\"fr-FR\"},{\"@type\":\"Organization\",\"@id\":\"https:\/\/cozyanddozy.com\/fr\/#organization\",\"name\":\"Cozy & Dozy\",\"url\":\"https:\/\/cozyanddozy.com\/fr\/\",\"logo\":{\"@type\":\"ImageObject\",\"inLanguage\":\"fr-FR\",\"@id\":\"https:\/\/cozyanddozy.com\/fr\/#\/schema\/logo\/image\/\",\"url\":\"https:\/\/cozyanddozy.com\/fr\/wp-content\/uploads\/2023\/02\/cozyanddozy_logo_b.png\",\"contentUrl\":\"https:\/\/cozyanddozy.com\/fr\/wp-content\/uploads\/2023\/02\/cozyanddozy_logo_b.png\",\"width\":314,\"height\":85,\"caption\":\"Cozy & Dozy\"},\"image\":{\"@id\":\"https:\/\/cozyanddozy.com\/fr\/#\/schema\/logo\/image\/\"},\"sameAs\":[\"https:\/\/www.facebook.com\/cozyanddozyshop\",\"https:\/\/www.instagram.com\/cozyanddozy\/\"]}]}<\/script>\n<!-- \/ Yoast SEO Premium plugin. -->","yoast_head_json":{"title":"Contactez-nous - Cozy & Dozy","robots":{"index":"index","follow":"follow","max-snippet":"max-snippet:-1","max-image-preview":"max-image-preview:large","max-video-preview":"max-video-preview:-1"},"canonical":"https:\/\/cozyanddozy.com\/fr\/contactez-nous\/","og_locale":"fr_FR","og_type":"article","og_title":"Contactez-nous","og_url":"https:\/\/cozyanddozy.com\/fr\/contactez-nous\/","og_site_name":"Cozy &amp; Dozy","article_publisher":"https:\/\/www.facebook.com\/cozyanddozyshop","article_modified_time":"2024-08-05T07:20:22+00:00","twitter_card":"summary_large_image","twitter_misc":{"Dur\u00e9e de lecture estim\u00e9e":"3 minutes"},"schema":{"@context":"https:\/\/schema.org","@graph":[{"@type":"WebPage","@id":"https:\/\/cozyanddozy.com\/fr\/contactez-nous\/","url":"https:\/\/cozyanddozy.com\/fr\/contactez-nous\/","name":"Contactez-nous - Cozy & Dozy","isPartOf":{"@id":"https:\/\/cozyanddozy.com\/fr\/#website"},"datePublished":"2023-02-13T19:09:36+00:00","dateModified":"2024-08-05T07:20:22+00:00","breadcrumb":{"@id":"https:\/\/cozyanddozy.com\/fr\/contactez-nous\/#breadcrumb"},"inLanguage":"fr-FR","potentialAction":[{"@type":"ReadAction","target":["https:\/\/cozyanddozy.com\/fr\/contactez-nous\/"]}]},{"@type":"BreadcrumbList","@id":"https:\/\/cozyanddozy.com\/fr\/contactez-nous\/#breadcrumb","itemListElement":[{"@type":"ListItem","position":1,"name":"Home","item":"https:\/\/cozyanddozy.com\/fr\/"},{"@type":"ListItem","position":2,"name":"Contactez-nous"}]},{"@type":"WebSite","@id":"https:\/\/cozyanddozy.com\/fr\/#website","url":"https:\/\/cozyanddozy.com\/fr\/","name":"Cozy & Dozy","description":"","publisher":{"@id":"https:\/\/cozyanddozy.com\/fr\/#organization"},"alternateName":"Cozy and Dozy","potentialAction":[{"@type":"SearchAction","target":{"@type":"EntryPoint","urlTemplate":"https:\/\/cozyanddozy.com\/fr\/?s={search_term_string}"},"query-input":{"@type":"PropertyValueSpecification","valueRequired":true,"valueName":"search_term_string"}}],"inLanguage":"fr-FR"},{"@type":"Organization","@id":"https:\/\/cozyanddozy.com\/fr\/#organization","name":"Cozy & Dozy","url":"https:\/\/cozyanddozy.com\/fr\/","logo":{"@type":"ImageObject","inLanguage":"fr-FR","@id":"https:\/\/cozyanddozy.com\/fr\/#\/schema\/logo\/image\/","url":"https:\/\/cozyanddozy.com\/fr\/wp-content\/uploads\/2023\/02\/cozyanddozy_logo_b.png","contentUrl":"https:\/\/cozyanddozy.com\/fr\/wp-content\/uploads\/2023\/02\/cozyanddozy_logo_b.png","width":314,"height":85,"caption":"Cozy & Dozy"},"image":{"@id":"https:\/\/cozyanddozy.com\/fr\/#\/schema\/logo\/image\/"},"sameAs":["https:\/\/www.facebook.com\/cozyanddozyshop","https:\/\/www.instagram.com\/cozyanddozy\/"]}]}},"_links":{"self":[{"href":"https:\/\/cozyanddozy.com\/fr\/wp-json\/wp\/v2\/pages\/1076","targetHints":{"allow":["GET"]}}],"collection":[{"href":"https:\/\/cozyanddozy.com\/fr\/wp-json\/wp\/v2\/pages"}],"about":[{"href":"https:\/\/cozyanddozy.com\/fr\/wp-json\/wp\/v2\/types\/page"}],"author":[{"embeddable":true,"href":"https:\/\/cozyanddozy.com\/fr\/wp-json\/wp\/v2\/users\/1"}],"replies":[{"embeddable":true,"href":"https:\/\/cozyanddozy.com\/fr\/wp-json\/wp\/v2\/comments?post=1076"}],"version-history":[{"count":10,"href":"https:\/\/cozyanddozy.com\/fr\/wp-json\/wp\/v2\/pages\/1076\/revisions"}],"predecessor-version":[{"id":3659,"href":"https:\/\/cozyanddozy.com\/fr\/wp-json\/wp\/v2\/pages\/1076\/revisions\/3659"}],"wp:attachment":[{"href":"https:\/\/cozyanddozy.com\/fr\/wp-json\/wp\/v2\/media?parent=1076"}],"curies":[{"name":"wp","href":"https:\/\/api.w.org\/{rel}","templated":true}]}}