{"id":1074,"date":"2023-02-13T19:08:37","date_gmt":"2023-02-13T19:08:37","guid":{"rendered":"https:\/\/cozyanddozy.com\/fr\/?page_id=1074"},"modified":"2023-10-06T09:15:43","modified_gmt":"2023-10-06T08:15:43","slug":"a-propos-de-nous","status":"publish","type":"page","link":"https:\/\/cozyanddozy.com\/fr\/a-propos-de-nous\/","title":{"rendered":"\u00c0 propos de nous"},"content":{"rendered":"<div class=\"row row-small row-full-width align-center\"  id=\"row-406439181\">\n\n\t<div id=\"col-1205494006\" class=\"col small-12 large-12\"  >\n\t\t\t\t<div class=\"col-inner\"  >\n\t\t\t\n\t\t\t\n<h2 style=\"text-align: center;\">Chers Parents! Ici Caroline et Marta, les fondatrices de Cozy &amp; Dozy.<\/h2>\n<div class=\"text-center\"><div class=\"is-divider divider clearfix\" style=\"max-width:150px;\"><\/div><\/div>\n<p style=\"text-align: center;\">D&#8217;un c\u00f4t\u00e9, une passionn\u00e9e de d\u00e9co ; de l&#8217;autre, un entrepreneur, tout aussi sensible aux belles choses&#8230;<br \/>Et surtout, une conviction commune : chacun doit pouvoir s&#8217;\u00e9panouir chez soi, dans un int\u00e9rieur qui lui ressemble.<br \/><strong>Port\u00e9e par cette vision, la marque Cozy &amp; Dozy voit le jour en 2013.<\/strong><\/p>\n\t<div id=\"gap-998282108\" class=\"gap-element clearfix\" style=\"display:block; height:auto;\">\n\t\t\n<style>\n#gap-998282108 {\n  padding-top: 20px;\n}\n<\/style>\n\t<\/div>\n\t\n\t\t<\/div>\n\t\t\t\t\t<\/div>\n\n\t\n<\/div>\n<div class=\"row align-middle\"  id=\"row-1922569997\">\n\n\t<div id=\"col-829982606\" class=\"col medium-8 small-12 large-8\"  >\n\t\t\t\t<div class=\"col-inner\"  >\n\t\t\t\n\t\t\t\n\n  <div class=\"banner has-hover has-parallax\" id=\"banner-1692209972\">\n          <div class=\"banner-inner fill\">\n        <div class=\"banner-bg fill\" data-parallax=\"-3\" data-parallax-container=\".banner\" data-parallax-background>\n            <div class=\"bg fill bg-fill bg-loaded\"><\/div>\n                                    \n                    <\/div>\n\t\t\n        <div class=\"banner-layers container\">\n            <div class=\"fill banner-link\"><\/div>            \n   <div id=\"text-box-667110357\" class=\"text-box banner-layer x50 md-x50 lg-x50 y80 md-y80 lg-y80 res-text\">\n                                <div class=\"text-box-content text dark\">\n              \n              <div class=\"text-inner text-center\">\n                  \n              <\/div>\n           <\/div>\n                            \n<style>\n#text-box-667110357 {\n  width: 60%;\n}\n#text-box-667110357 .text-box-content {\n  font-size: 100%;\n}\n<\/style>\n    <\/div>\n \n        <\/div>\n      <\/div>\n\n            \n<style>\n#banner-1692209972 {\n  padding-top: 56.25%;\n  background-color: rgb(255,255,255);\n}\n#banner-1692209972 .bg.bg-loaded {\n  background-image: url(https:\/\/cozyanddozy.com\/fr\/wp-content\/uploads\/2023\/03\/banerowe1hdr-1200x775-1.jpg);\n}\n@media (min-width:550px) {\n  #banner-1692209972 {\n    padding-top: 56.25%;\n  }\n}\n<\/style>\n  <\/div>\n\n\n\t\t<\/div>\n\t\t\t\t\t<\/div>\n\n\t\n\n\t<div id=\"col-326438211\" class=\"col medium-4 small-12 large-4\"  >\n\t\t\t\t<div class=\"col-inner\"  >\n\t\t\t\n\t\t\t\n<p><strong>Cozy &amp; Dozy<\/strong> est une marque sp\u00e9cialis\u00e9e dans l&#8217;am\u00e9nagement des chambres d&#8217;enfants et une marque sur mesure pour r\u00e9pondre \u00e0 votre commande individuelle. L&#8217;\u00e9quipe de Cozy &amp; Dozy a \u00e9t\u00e9 cr\u00e9\u00e9e par des personnes passionn\u00e9es, exp\u00e9riment\u00e9es et ayant le sens de la beaut\u00e9 &#8211; essentiellement des femmes \ud83d\ude09 .<\/p>\n<p>Nos produits conqui\u00e8rent avec succ\u00e8s les march\u00e9s occidentaux. Nous avons gagn\u00e9 la confiance des parents en France, en Allemagne, en Autriche, en Espagne, au Royaume-Uni et dans bien d&#8217;autres pays, et notre groupe de clients satisfaits ne cesse de s&#8217;agrandir.<\/p>\n<p>Dans nos articles, nous utilisons des tissus certifi\u00e9s au design original. Nous nous effor\u00e7ons d&#8217;\u00e9largir constamment notre assortiment et d&#8217;am\u00e9liorer la fonctionnalit\u00e9 de nos produits.<\/p>\n<p><strong>Depuis plusieurs ann\u00e9es, nous avons la vision d&#8217;une entreprise conviviale, ce qui a \u00e9t\u00e9 appr\u00e9ci\u00e9 par des milliers de clients satisfaits.<\/strong><\/p>\n\t\t<\/div>\n\t\t\t\t\t<\/div>\n\n\t\n<\/div>\n<div class=\"text-center\"><div class=\"is-divider divider clearfix\" style=\"margin-top:30px;margin-bottom:30px;max-width:150px;\"><\/div><\/div>\n<div class=\"row row-small align-middle align-center\"  id=\"row-165933360\">\n\n\t<div id=\"col-1043111265\" class=\"col medium-4 small-12 large-4\"  >\n\t\t\t\t<div class=\"col-inner\" style=\"background-color:rgb(249, 249, 249);\" >\n\t\t\t\n\t\t\t\n    <div class=\"box has-hover has-hover box-default box-text-bottom\" >\n\n                  <div class=\"box-image \" style=\"width:25%;\">\n           <div class=\"box-image-inner image-cover\" style=\"border-radius:100%;padding-top:100%;\">\n              <img decoding=\"async\" width=\"1080\" height=\"1080\" src=\"https:\/\/cozyanddozy.com\/fr\/wp-content\/uploads\/2023\/10\/karolina.jpg\" class=\"attachment- size-\" alt=\"\" srcset=\"https:\/\/cozyanddozy.com\/fr\/wp-content\/uploads\/2023\/10\/karolina.jpg 1080w, https:\/\/cozyanddozy.com\/fr\/wp-content\/uploads\/2023\/10\/karolina-400x400.jpg 400w, https:\/\/cozyanddozy.com\/fr\/wp-content\/uploads\/2023\/10\/karolina-150x150.jpg 150w, https:\/\/cozyanddozy.com\/fr\/wp-content\/uploads\/2023\/10\/karolina-768x768.jpg 768w, https:\/\/cozyanddozy.com\/fr\/wp-content\/uploads\/2023\/10\/karolina-470x470.jpg 470w, https:\/\/cozyanddozy.com\/fr\/wp-content\/uploads\/2023\/10\/karolina-800x800.jpg 800w, https:\/\/cozyanddozy.com\/fr\/wp-content\/uploads\/2023\/10\/karolina-100x100.jpg 100w\" sizes=\"(max-width: 1080px) 100vw, 1080px\" \/>                         <\/div>\n          <\/div>\n         \n          <div class=\"box-text text-center\" >\n                <div class=\"box-text-inner\">\n                  <h4 class=\"uppercase\">\n                    <span class=\"person-name\">Caroline P.P.<\/span><br\/>\n                    <span class=\"person-title is-small thin-font op-7\">\n                      CEO \/ Founder                    <\/span>\n                  <\/h4>\n\t\t\t\t\t<div class=\"social-icons follow-icons\" ><a href=\"https:\/\/www.facebook.com\/cozyanddozyshop\" target=\"_blank\" data-label=\"Facebook\" class=\"icon plain facebook tooltip\" title=\"Nous suivre sur Facebook\" aria-label=\"Nous suivre sur Facebook\" rel=\"noopener nofollow\" ><i class=\"icon-facebook\" ><\/i><\/a><a href=\"https:\/\/www.instagram.com\/cozyanddozy\/\" target=\"_blank\" data-label=\"Instagram\" class=\"icon plain instagram tooltip\" title=\"Nous suivre sur Instagram\" aria-label=\"Nous suivre sur Instagram\" rel=\"noopener nofollow\" ><i class=\"icon-instagram\" ><\/i><\/a><a href=\"mailto:mailto:shop@cozyanddozy.com\" data-label=\"E-mail\" target=\"_blank\" class=\"icon plain email tooltip\" title=\"Nous envoyer un email\" aria-label=\"Nous envoyer un email\" rel=\"nofollow noopener\" ><i class=\"icon-envelop\" ><\/i><\/a><a href=\"https:\/\/pinterest.com\/cozyanddozy\/\" data-label=\"Pinterest\" target=\"_blank\" class=\"icon plain pinterest tooltip\" title=\"Nous suivre sur Pinterest\" aria-label=\"Nous suivre sur Pinterest\" rel=\"noopener nofollow\" ><i class=\"icon-pinterest\" ><\/i><\/a><\/div>\n<p>Phone: 791 981 501<\/p>\n                <\/div>\n          <\/div>\n    <\/div>\n\n\t\n    \n\t\t<\/div>\n\t\t\t\t\n<style>\n#col-1043111265 > .col-inner {\n  padding: 30px 0px 0px 0px;\n}\n<\/style>\n\t<\/div>\n\n\t\n\n\t<div id=\"col-1487592312\" class=\"col medium-4 small-12 large-4\"  >\n\t\t\t\t<div class=\"col-inner\" style=\"background-color:rgb(249, 249, 249);\" >\n\t\t\t\n\t\t\t\n    <div class=\"box has-hover has-hover box-text-bottom\" >\n\n                  <div class=\"box-image \" style=\"width:25%;\">\n           <div class=\"box-image-inner image-cover\" style=\"border-radius:100%;padding-top:100%;\">\n              <img decoding=\"async\" width=\"718\" height=\"949\" src=\"https:\/\/cozyanddozy.com\/fr\/wp-content\/uploads\/2023\/10\/marta.jpg\" class=\"attachment-original size-original\" alt=\"\" srcset=\"https:\/\/cozyanddozy.com\/fr\/wp-content\/uploads\/2023\/10\/marta.jpg 718w, https:\/\/cozyanddozy.com\/fr\/wp-content\/uploads\/2023\/10\/marta-303x400.jpg 303w, https:\/\/cozyanddozy.com\/fr\/wp-content\/uploads\/2023\/10\/marta-113x150.jpg 113w, https:\/\/cozyanddozy.com\/fr\/wp-content\/uploads\/2023\/10\/marta-470x621.jpg 470w\" sizes=\"(max-width: 718px) 100vw, 718px\" \/>                         <\/div>\n          <\/div>\n         \n          <div class=\"box-text text-center\" >\n                <div class=\"box-text-inner\">\n                  <h4 class=\"uppercase\">\n                    <span class=\"person-name\">Marta M.<\/span><br\/>\n                    <span class=\"person-title is-small thin-font op-7\">\n                      MARKETING                    <\/span>\n                  <\/h4>\n\t\t\t\t\t<div class=\"social-icons follow-icons\" ><a href=\"https:\/\/www.facebook.com\/cozyanddozyshop\" target=\"_blank\" data-label=\"Facebook\" class=\"icon plain facebook tooltip\" title=\"Nous suivre sur Facebook\" aria-label=\"Nous suivre sur Facebook\" rel=\"noopener nofollow\" ><i class=\"icon-facebook\" ><\/i><\/a><a href=\"https:\/\/www.instagram.com\/cozyanddozy\/\" target=\"_blank\" data-label=\"Instagram\" class=\"icon plain instagram tooltip\" title=\"Nous suivre sur Instagram\" aria-label=\"Nous suivre sur Instagram\" rel=\"noopener nofollow\" ><i class=\"icon-instagram\" ><\/i><\/a><a href=\"mailto:mailto:shop@cozyanddozy.com\" data-label=\"E-mail\" target=\"_blank\" class=\"icon plain email tooltip\" title=\"Nous envoyer un email\" aria-label=\"Nous envoyer un email\" rel=\"nofollow noopener\" ><i class=\"icon-envelop\" ><\/i><\/a><a href=\"https:\/\/pinterest.com\/cozyanddozy\/\" data-label=\"Pinterest\" target=\"_blank\" class=\"icon plain pinterest tooltip\" title=\"Nous suivre sur Pinterest\" aria-label=\"Nous suivre sur Pinterest\" rel=\"noopener nofollow\" ><i class=\"icon-pinterest\" ><\/i><\/a><\/div>\n<p>&nbsp;<\/p>\n                <\/div>\n          <\/div>\n    <\/div>\n\n\t\n    \n\t\t<\/div>\n\t\t\t\t\n<style>\n#col-1487592312 > .col-inner {\n  padding: 30px 0px 0px 0px;\n}\n<\/style>\n\t<\/div>\n\n\t\n<\/div>\n","protected":false},"excerpt":{"rendered":"","protected":false},"author":1,"featured_media":0,"parent":0,"menu_order":0,"comment_status":"closed","ping_status":"closed","template":"","meta":{"footnotes":""},"class_list":["post-1074","page","type-page","status-publish","hentry"],"yoast_head":"<!-- This site is optimized with the Yoast SEO Premium plugin v21.9 (Yoast SEO v27.0) - https:\/\/yoast.com\/product\/yoast-seo-premium-wordpress\/ -->\n<title>\u00c0 propos de nous - Cozy &amp; Dozy<\/title>\n<meta name=\"robots\" content=\"index, follow, max-snippet:-1, max-image-preview:large, max-video-preview:-1\" \/>\n<link rel=\"canonical\" href=\"https:\/\/cozyanddozy.com\/fr\/a-propos-de-nous\/\" \/>\n<meta property=\"og:locale\" content=\"fr_FR\" \/>\n<meta property=\"og:type\" content=\"article\" \/>\n<meta property=\"og:title\" content=\"\u00c0 propos de nous\" \/>\n<meta property=\"og:url\" content=\"https:\/\/cozyanddozy.com\/fr\/a-propos-de-nous\/\" \/>\n<meta property=\"og:site_name\" content=\"Cozy &amp; Dozy\" \/>\n<meta property=\"article:publisher\" content=\"https:\/\/www.facebook.com\/cozyanddozyshop\" \/>\n<meta property=\"article:modified_time\" content=\"2023-10-06T08:15:43+00:00\" \/>\n<meta name=\"twitter:card\" content=\"summary_large_image\" \/>\n<meta name=\"twitter:label1\" content=\"Dur\u00e9e de lecture estim\u00e9e\" \/>\n\t<meta name=\"twitter:data1\" content=\"2 minutes\" \/>\n<script type=\"application\/ld+json\" class=\"yoast-schema-graph\">{\"@context\":\"https:\/\/schema.org\",\"@graph\":[{\"@type\":\"WebPage\",\"@id\":\"https:\/\/cozyanddozy.com\/fr\/a-propos-de-nous\/\",\"url\":\"https:\/\/cozyanddozy.com\/fr\/a-propos-de-nous\/\",\"name\":\"\u00c0 propos de nous - Cozy & Dozy\",\"isPartOf\":{\"@id\":\"https:\/\/cozyanddozy.com\/fr\/#website\"},\"datePublished\":\"2023-02-13T19:08:37+00:00\",\"dateModified\":\"2023-10-06T08:15:43+00:00\",\"breadcrumb\":{\"@id\":\"https:\/\/cozyanddozy.com\/fr\/a-propos-de-nous\/#breadcrumb\"},\"inLanguage\":\"fr-FR\",\"potentialAction\":[{\"@type\":\"ReadAction\",\"target\":[\"https:\/\/cozyanddozy.com\/fr\/a-propos-de-nous\/\"]}]},{\"@type\":\"BreadcrumbList\",\"@id\":\"https:\/\/cozyanddozy.com\/fr\/a-propos-de-nous\/#breadcrumb\",\"itemListElement\":[{\"@type\":\"ListItem\",\"position\":1,\"name\":\"Home\",\"item\":\"https:\/\/cozyanddozy.com\/fr\/\"},{\"@type\":\"ListItem\",\"position\":2,\"name\":\"\u00c0 propos de nous\"}]},{\"@type\":\"WebSite\",\"@id\":\"https:\/\/cozyanddozy.com\/fr\/#website\",\"url\":\"https:\/\/cozyanddozy.com\/fr\/\",\"name\":\"Cozy & Dozy\",\"description\":\"\",\"publisher\":{\"@id\":\"https:\/\/cozyanddozy.com\/fr\/#organization\"},\"alternateName\":\"Cozy and Dozy\",\"potentialAction\":[{\"@type\":\"SearchAction\",\"target\":{\"@type\":\"EntryPoint\",\"urlTemplate\":\"https:\/\/cozyanddozy.com\/fr\/?s={search_term_string}\"},\"query-input\":{\"@type\":\"PropertyValueSpecification\",\"valueRequired\":true,\"valueName\":\"search_term_string\"}}],\"inLanguage\":\"fr-FR\"},{\"@type\":\"Organization\",\"@id\":\"https:\/\/cozyanddozy.com\/fr\/#organization\",\"name\":\"Cozy & Dozy\",\"url\":\"https:\/\/cozyanddozy.com\/fr\/\",\"logo\":{\"@type\":\"ImageObject\",\"inLanguage\":\"fr-FR\",\"@id\":\"https:\/\/cozyanddozy.com\/fr\/#\/schema\/logo\/image\/\",\"url\":\"https:\/\/cozyanddozy.com\/fr\/wp-content\/uploads\/2023\/02\/cozyanddozy_logo_b.png\",\"contentUrl\":\"https:\/\/cozyanddozy.com\/fr\/wp-content\/uploads\/2023\/02\/cozyanddozy_logo_b.png\",\"width\":314,\"height\":85,\"caption\":\"Cozy & Dozy\"},\"image\":{\"@id\":\"https:\/\/cozyanddozy.com\/fr\/#\/schema\/logo\/image\/\"},\"sameAs\":[\"https:\/\/www.facebook.com\/cozyanddozyshop\",\"https:\/\/www.instagram.com\/cozyanddozy\/\"]}]}<\/script>\n<!-- \/ Yoast SEO Premium plugin. -->","yoast_head_json":{"title":"\u00c0 propos de nous - Cozy & Dozy","robots":{"index":"index","follow":"follow","max-snippet":"max-snippet:-1","max-image-preview":"max-image-preview:large","max-video-preview":"max-video-preview:-1"},"canonical":"https:\/\/cozyanddozy.com\/fr\/a-propos-de-nous\/","og_locale":"fr_FR","og_type":"article","og_title":"\u00c0 propos de nous","og_url":"https:\/\/cozyanddozy.com\/fr\/a-propos-de-nous\/","og_site_name":"Cozy &amp; Dozy","article_publisher":"https:\/\/www.facebook.com\/cozyanddozyshop","article_modified_time":"2023-10-06T08:15:43+00:00","twitter_card":"summary_large_image","twitter_misc":{"Dur\u00e9e de lecture estim\u00e9e":"2 minutes"},"schema":{"@context":"https:\/\/schema.org","@graph":[{"@type":"WebPage","@id":"https:\/\/cozyanddozy.com\/fr\/a-propos-de-nous\/","url":"https:\/\/cozyanddozy.com\/fr\/a-propos-de-nous\/","name":"\u00c0 propos de nous - Cozy & Dozy","isPartOf":{"@id":"https:\/\/cozyanddozy.com\/fr\/#website"},"datePublished":"2023-02-13T19:08:37+00:00","dateModified":"2023-10-06T08:15:43+00:00","breadcrumb":{"@id":"https:\/\/cozyanddozy.com\/fr\/a-propos-de-nous\/#breadcrumb"},"inLanguage":"fr-FR","potentialAction":[{"@type":"ReadAction","target":["https:\/\/cozyanddozy.com\/fr\/a-propos-de-nous\/"]}]},{"@type":"BreadcrumbList","@id":"https:\/\/cozyanddozy.com\/fr\/a-propos-de-nous\/#breadcrumb","itemListElement":[{"@type":"ListItem","position":1,"name":"Home","item":"https:\/\/cozyanddozy.com\/fr\/"},{"@type":"ListItem","position":2,"name":"\u00c0 propos de nous"}]},{"@type":"WebSite","@id":"https:\/\/cozyanddozy.com\/fr\/#website","url":"https:\/\/cozyanddozy.com\/fr\/","name":"Cozy & Dozy","description":"","publisher":{"@id":"https:\/\/cozyanddozy.com\/fr\/#organization"},"alternateName":"Cozy and Dozy","potentialAction":[{"@type":"SearchAction","target":{"@type":"EntryPoint","urlTemplate":"https:\/\/cozyanddozy.com\/fr\/?s={search_term_string}"},"query-input":{"@type":"PropertyValueSpecification","valueRequired":true,"valueName":"search_term_string"}}],"inLanguage":"fr-FR"},{"@type":"Organization","@id":"https:\/\/cozyanddozy.com\/fr\/#organization","name":"Cozy & Dozy","url":"https:\/\/cozyanddozy.com\/fr\/","logo":{"@type":"ImageObject","inLanguage":"fr-FR","@id":"https:\/\/cozyanddozy.com\/fr\/#\/schema\/logo\/image\/","url":"https:\/\/cozyanddozy.com\/fr\/wp-content\/uploads\/2023\/02\/cozyanddozy_logo_b.png","contentUrl":"https:\/\/cozyanddozy.com\/fr\/wp-content\/uploads\/2023\/02\/cozyanddozy_logo_b.png","width":314,"height":85,"caption":"Cozy & Dozy"},"image":{"@id":"https:\/\/cozyanddozy.com\/fr\/#\/schema\/logo\/image\/"},"sameAs":["https:\/\/www.facebook.com\/cozyanddozyshop","https:\/\/www.instagram.com\/cozyanddozy\/"]}]}},"_links":{"self":[{"href":"https:\/\/cozyanddozy.com\/fr\/wp-json\/wp\/v2\/pages\/1074","targetHints":{"allow":["GET"]}}],"collection":[{"href":"https:\/\/cozyanddozy.com\/fr\/wp-json\/wp\/v2\/pages"}],"about":[{"href":"https:\/\/cozyanddozy.com\/fr\/wp-json\/wp\/v2\/types\/page"}],"author":[{"embeddable":true,"href":"https:\/\/cozyanddozy.com\/fr\/wp-json\/wp\/v2\/users\/1"}],"replies":[{"embeddable":true,"href":"https:\/\/cozyanddozy.com\/fr\/wp-json\/wp\/v2\/comments?post=1074"}],"version-history":[{"count":10,"href":"https:\/\/cozyanddozy.com\/fr\/wp-json\/wp\/v2\/pages\/1074\/revisions"}],"predecessor-version":[{"id":2401,"href":"https:\/\/cozyanddozy.com\/fr\/wp-json\/wp\/v2\/pages\/1074\/revisions\/2401"}],"wp:attachment":[{"href":"https:\/\/cozyanddozy.com\/fr\/wp-json\/wp\/v2\/media?parent=1074"}],"curies":[{"name":"wp","href":"https:\/\/api.w.org\/{rel}","templated":true}]}}