{"id":10,"date":"2023-02-13T19:18:33","date_gmt":"2023-02-13T19:18:33","guid":{"rendered":"https:\/\/woocommerce-695922-3269682.cloudwaysapps.com\/?page_id=10"},"modified":"2023-02-15T09:46:28","modified_gmt":"2023-02-15T09:46:28","slug":"retours-remboursement","status":"publish","type":"page","link":"https:\/\/cozyanddozy.com\/fr\/retours-remboursement\/","title":{"rendered":"Retours &#038; Remboursement"},"content":{"rendered":"<h3 style=\"text-align: center;\">Retours &amp; Remboursement<\/h3>\n<p class=\"p1\">Extrait du r\u00e8glement:<\/p>\n<ul class=\"ul1\">\n<li class=\"li1\">Le client \u00e9tant consommateur qui a conclu un contrat de vente ou un contrat de prestation de service \u00e9lectronique peut le r\u00e9silier sans donner d\u2019explication en retirer sans donner de raisons, en faisant une d\u00e9claration convenable dans le d\u00e9lai de quatorze jours. Cette d\u00e9claration doit \u00eatre \u00e9nvoy\u00e9e \u00e0 l\u2019adresse: Kolejowa 12C, lok. 6, 15-701 Bia\u0142ystok<\/li>\n<li class=\"li1\">Le d\u00e9lai de quatorze jours, dans lequel le consommateur peut r\u00e9silier le contrat de vente ou le contrat de prestation de service \u00e9lectronique compte \u00e0 partir du jour de la transmission du produit au cas du contrat de vente et lorsque le contrat concerne de la prestation de service \u00e9lectronique \u2013 \u00e0 partir de la date de sa conclusion.<\/li>\n<li class=\"li1\">Au cas de la r\u00e9siliation de contrat, Le contrat de vente ou le contrat de prestation de service \u00e9lectronique est annul\u00e9 et le client est lib\u00e9r\u00e9 de toute obligation.Ce que les parties ont t\u00e9moign\u00e9 est rendu dans le m\u00eame \u00e9tat, \u00e0 moins qu\u2019un changement \u00e9tait n\u00e9cessaire. Le remboursement devrait avoir lieu imm\u00e9diatement, pas plus tard que quatorze jours. Si le consommateur a effectu\u00e9 des pr\u00e9paiements, il peut revendiquer des int\u00e9r\u00eats \u00e0 partir de la date du pr\u00e9paiement.<\/li>\n<li class=\"li1\">Vendeur effectue une restitution sur le num\u00e9ro de compte bancaire indiqu\u00e9 par le consommateur d\u2019une autre mani\u00e8re indiqu\u00e9e par le consommateur.<\/li>\n<\/ul>\n","protected":false},"excerpt":{"rendered":"<p>Retours &amp; Remboursement Extrait du r\u00e8glement: Le client \u00e9tant consommateur qui a conclu un contrat de vente ou un contrat de prestation de service \u00e9lectronique peut le r\u00e9silier sans donner d\u2019explication en retirer sans donner de raisons, en faisant une d\u00e9claration convenable dans le d\u00e9lai de quatorze jours. Cette d\u00e9claration doit \u00eatre \u00e9nvoy\u00e9e \u00e0 l\u2019adresse: [&#8230;]\n","protected":false},"author":1,"featured_media":0,"parent":0,"menu_order":0,"comment_status":"closed","ping_status":"closed","template":"","meta":{"footnotes":""},"class_list":["post-10","page","type-page","status-publish","hentry"],"yoast_head":"<!-- This site is optimized with the Yoast SEO Premium plugin v21.9 (Yoast SEO v27.0) - https:\/\/yoast.com\/product\/yoast-seo-premium-wordpress\/ -->\n<title>Retours &amp; Remboursement - Cozy &amp; Dozy<\/title>\n<meta name=\"robots\" content=\"index, follow, max-snippet:-1, max-image-preview:large, max-video-preview:-1\" \/>\n<link rel=\"canonical\" href=\"https:\/\/cozyanddozy.com\/fr\/retours-remboursement\/\" \/>\n<meta property=\"og:locale\" content=\"fr_FR\" \/>\n<meta property=\"og:type\" content=\"article\" \/>\n<meta property=\"og:title\" content=\"Retours &amp; Remboursement\" \/>\n<meta property=\"og:description\" content=\"Retours &amp; Remboursement Extrait du r\u00e8glement: Le client \u00e9tant consommateur qui a conclu un contrat de vente ou un contrat de prestation de service \u00e9lectronique peut le r\u00e9silier sans donner d\u2019explication en retirer sans donner de raisons, en faisant une d\u00e9claration convenable dans le d\u00e9lai de quatorze jours. Cette d\u00e9claration doit \u00eatre \u00e9nvoy\u00e9e \u00e0 l\u2019adresse: [...]\" \/>\n<meta property=\"og:url\" content=\"https:\/\/cozyanddozy.com\/fr\/retours-remboursement\/\" \/>\n<meta property=\"og:site_name\" content=\"Cozy &amp; Dozy\" \/>\n<meta property=\"article:publisher\" content=\"https:\/\/www.facebook.com\/cozyanddozyshop\" \/>\n<meta property=\"article:modified_time\" content=\"2023-02-15T09:46:28+00:00\" \/>\n<meta name=\"twitter:card\" content=\"summary_large_image\" \/>\n<meta name=\"twitter:label1\" content=\"Dur\u00e9e de lecture estim\u00e9e\" \/>\n\t<meta name=\"twitter:data1\" content=\"1 minute\" \/>\n<script type=\"application\/ld+json\" class=\"yoast-schema-graph\">{\"@context\":\"https:\/\/schema.org\",\"@graph\":[{\"@type\":\"WebPage\",\"@id\":\"https:\/\/cozyanddozy.com\/fr\/retours-remboursement\/\",\"url\":\"https:\/\/cozyanddozy.com\/fr\/retours-remboursement\/\",\"name\":\"Retours & Remboursement - Cozy & Dozy\",\"isPartOf\":{\"@id\":\"https:\/\/cozyanddozy.com\/fr\/#website\"},\"datePublished\":\"2023-02-13T19:18:33+00:00\",\"dateModified\":\"2023-02-15T09:46:28+00:00\",\"breadcrumb\":{\"@id\":\"https:\/\/cozyanddozy.com\/fr\/retours-remboursement\/#breadcrumb\"},\"inLanguage\":\"fr-FR\",\"potentialAction\":[{\"@type\":\"ReadAction\",\"target\":[\"https:\/\/cozyanddozy.com\/fr\/retours-remboursement\/\"]}]},{\"@type\":\"BreadcrumbList\",\"@id\":\"https:\/\/cozyanddozy.com\/fr\/retours-remboursement\/#breadcrumb\",\"itemListElement\":[{\"@type\":\"ListItem\",\"position\":1,\"name\":\"Home\",\"item\":\"https:\/\/cozyanddozy.com\/fr\/\"},{\"@type\":\"ListItem\",\"position\":2,\"name\":\"Retours &#038; Remboursement\"}]},{\"@type\":\"WebSite\",\"@id\":\"https:\/\/cozyanddozy.com\/fr\/#website\",\"url\":\"https:\/\/cozyanddozy.com\/fr\/\",\"name\":\"Cozy & Dozy\",\"description\":\"\",\"publisher\":{\"@id\":\"https:\/\/cozyanddozy.com\/fr\/#organization\"},\"alternateName\":\"Cozy and Dozy\",\"potentialAction\":[{\"@type\":\"SearchAction\",\"target\":{\"@type\":\"EntryPoint\",\"urlTemplate\":\"https:\/\/cozyanddozy.com\/fr\/?s={search_term_string}\"},\"query-input\":{\"@type\":\"PropertyValueSpecification\",\"valueRequired\":true,\"valueName\":\"search_term_string\"}}],\"inLanguage\":\"fr-FR\"},{\"@type\":\"Organization\",\"@id\":\"https:\/\/cozyanddozy.com\/fr\/#organization\",\"name\":\"Cozy & Dozy\",\"url\":\"https:\/\/cozyanddozy.com\/fr\/\",\"logo\":{\"@type\":\"ImageObject\",\"inLanguage\":\"fr-FR\",\"@id\":\"https:\/\/cozyanddozy.com\/fr\/#\/schema\/logo\/image\/\",\"url\":\"https:\/\/cozyanddozy.com\/fr\/wp-content\/uploads\/2023\/02\/cozyanddozy_logo_b.png\",\"contentUrl\":\"https:\/\/cozyanddozy.com\/fr\/wp-content\/uploads\/2023\/02\/cozyanddozy_logo_b.png\",\"width\":314,\"height\":85,\"caption\":\"Cozy & Dozy\"},\"image\":{\"@id\":\"https:\/\/cozyanddozy.com\/fr\/#\/schema\/logo\/image\/\"},\"sameAs\":[\"https:\/\/www.facebook.com\/cozyanddozyshop\",\"https:\/\/www.instagram.com\/cozyanddozy\/\"]}]}<\/script>\n<!-- \/ Yoast SEO Premium plugin. -->","yoast_head_json":{"title":"Retours & Remboursement - Cozy & Dozy","robots":{"index":"index","follow":"follow","max-snippet":"max-snippet:-1","max-image-preview":"max-image-preview:large","max-video-preview":"max-video-preview:-1"},"canonical":"https:\/\/cozyanddozy.com\/fr\/retours-remboursement\/","og_locale":"fr_FR","og_type":"article","og_title":"Retours & Remboursement","og_description":"Retours &amp; Remboursement Extrait du r\u00e8glement: Le client \u00e9tant consommateur qui a conclu un contrat de vente ou un contrat de prestation de service \u00e9lectronique peut le r\u00e9silier sans donner d\u2019explication en retirer sans donner de raisons, en faisant une d\u00e9claration convenable dans le d\u00e9lai de quatorze jours. Cette d\u00e9claration doit \u00eatre \u00e9nvoy\u00e9e \u00e0 l\u2019adresse: [...]","og_url":"https:\/\/cozyanddozy.com\/fr\/retours-remboursement\/","og_site_name":"Cozy &amp; Dozy","article_publisher":"https:\/\/www.facebook.com\/cozyanddozyshop","article_modified_time":"2023-02-15T09:46:28+00:00","twitter_card":"summary_large_image","twitter_misc":{"Dur\u00e9e de lecture estim\u00e9e":"1 minute"},"schema":{"@context":"https:\/\/schema.org","@graph":[{"@type":"WebPage","@id":"https:\/\/cozyanddozy.com\/fr\/retours-remboursement\/","url":"https:\/\/cozyanddozy.com\/fr\/retours-remboursement\/","name":"Retours & Remboursement - Cozy & Dozy","isPartOf":{"@id":"https:\/\/cozyanddozy.com\/fr\/#website"},"datePublished":"2023-02-13T19:18:33+00:00","dateModified":"2023-02-15T09:46:28+00:00","breadcrumb":{"@id":"https:\/\/cozyanddozy.com\/fr\/retours-remboursement\/#breadcrumb"},"inLanguage":"fr-FR","potentialAction":[{"@type":"ReadAction","target":["https:\/\/cozyanddozy.com\/fr\/retours-remboursement\/"]}]},{"@type":"BreadcrumbList","@id":"https:\/\/cozyanddozy.com\/fr\/retours-remboursement\/#breadcrumb","itemListElement":[{"@type":"ListItem","position":1,"name":"Home","item":"https:\/\/cozyanddozy.com\/fr\/"},{"@type":"ListItem","position":2,"name":"Retours &#038; Remboursement"}]},{"@type":"WebSite","@id":"https:\/\/cozyanddozy.com\/fr\/#website","url":"https:\/\/cozyanddozy.com\/fr\/","name":"Cozy & Dozy","description":"","publisher":{"@id":"https:\/\/cozyanddozy.com\/fr\/#organization"},"alternateName":"Cozy and Dozy","potentialAction":[{"@type":"SearchAction","target":{"@type":"EntryPoint","urlTemplate":"https:\/\/cozyanddozy.com\/fr\/?s={search_term_string}"},"query-input":{"@type":"PropertyValueSpecification","valueRequired":true,"valueName":"search_term_string"}}],"inLanguage":"fr-FR"},{"@type":"Organization","@id":"https:\/\/cozyanddozy.com\/fr\/#organization","name":"Cozy & Dozy","url":"https:\/\/cozyanddozy.com\/fr\/","logo":{"@type":"ImageObject","inLanguage":"fr-FR","@id":"https:\/\/cozyanddozy.com\/fr\/#\/schema\/logo\/image\/","url":"https:\/\/cozyanddozy.com\/fr\/wp-content\/uploads\/2023\/02\/cozyanddozy_logo_b.png","contentUrl":"https:\/\/cozyanddozy.com\/fr\/wp-content\/uploads\/2023\/02\/cozyanddozy_logo_b.png","width":314,"height":85,"caption":"Cozy & Dozy"},"image":{"@id":"https:\/\/cozyanddozy.com\/fr\/#\/schema\/logo\/image\/"},"sameAs":["https:\/\/www.facebook.com\/cozyanddozyshop","https:\/\/www.instagram.com\/cozyanddozy\/"]}]}},"_links":{"self":[{"href":"https:\/\/cozyanddozy.com\/fr\/wp-json\/wp\/v2\/pages\/10","targetHints":{"allow":["GET"]}}],"collection":[{"href":"https:\/\/cozyanddozy.com\/fr\/wp-json\/wp\/v2\/pages"}],"about":[{"href":"https:\/\/cozyanddozy.com\/fr\/wp-json\/wp\/v2\/types\/page"}],"author":[{"embeddable":true,"href":"https:\/\/cozyanddozy.com\/fr\/wp-json\/wp\/v2\/users\/1"}],"replies":[{"embeddable":true,"href":"https:\/\/cozyanddozy.com\/fr\/wp-json\/wp\/v2\/comments?post=10"}],"version-history":[{"count":2,"href":"https:\/\/cozyanddozy.com\/fr\/wp-json\/wp\/v2\/pages\/10\/revisions"}],"predecessor-version":[{"id":1206,"href":"https:\/\/cozyanddozy.com\/fr\/wp-json\/wp\/v2\/pages\/10\/revisions\/1206"}],"wp:attachment":[{"href":"https:\/\/cozyanddozy.com\/fr\/wp-json\/wp\/v2\/media?parent=10"}],"curies":[{"name":"wp","href":"https:\/\/api.w.org\/{rel}","templated":true}]}}