{"id":3983,"date":"2025-04-24T18:09:29","date_gmt":"2025-04-24T17:09:29","guid":{"rendered":"https:\/\/cozyanddozy.com\/?post_type=product&#038;p=3589"},"modified":"2025-04-24T19:19:32","modified_gmt":"2025-04-24T17:19:32","slug":"honey-rucksack-fuer-kinder-wasserdichter-schulranzen","status":"publish","type":"product","link":"https:\/\/cozyanddozy.com\/de\/produkt\/honey-rucksack-fuer-kinder-wasserdichter-schulranzen\/","title":{"rendered":"Honey Rucksack f\u00fcr Kinder \u2013 Wasserdichter Schulranzen"},"content":{"rendered":"<p class=\"p1\"><b>SURV Wasserdichter Turnbeutel f\u00fcr Kinder<br \/>\nPerfekt f\u00fcr Schule, Sportunterricht, Ausfl\u00fcge und au\u00dferschulische Aktivit\u00e4ten<\/b><\/p>\n<p class=\"p2\">Suchen Sie nach einem bequemen und praktischen Turnbeutel f\u00fcr Ihr Kind?<br \/>\nDieser leichte und wasserdichte Turnbeutel von SURV ist die ideale Alltagsl\u00f6sung f\u00fcr die Schule, Sportunterricht, Schwimmen, Tagesausfl\u00fcge und Nachmittagsclubs.<\/p>\n<p class=\"p2\">Warum Eltern ihn lieben:<\/p>\n<ul class=\"ul1\">\n<li class=\"li2\">Wasserdichtes Material \u2013 sch\u00fctzt den Inhalt vor Regen und Schmutz.<\/li>\n<li class=\"li2\">Rei\u00dfverschluss-Tasche am Boden \u2013 ideal f\u00fcr Ersatzschuhe, Flip-Flops oder ein Handtuch.<\/li>\n<li class=\"li2\">Rei\u00dfverschluss-Tasche vorne \u2013 einfacher Zugang zu Ihrem Telefon oder Ausweis, ohne den Beutel abzunehmen \u2013 perfekt zum Radfahren!<\/li>\n<li class=\"li2\">Innenflaschenhalter mit elastischem Band \u2013 h\u00e4lt Ihre Wasserflasche aufrecht und sicher.<\/li>\n<li class=\"li2\">Innen-Rei\u00dfverschlusstasche \u2013 sicherer Platz f\u00fcr Geldb\u00f6rse, Ausweis oder kleine Wertsachen.<\/li>\n<li class=\"li2\">\u00a0Weiche, verstellbare Schulterriemen \u2013 keine verhedderten Schn\u00fcre! Bequem und vollst\u00e4ndig an die Gr\u00f6\u00dfe Ihres Kindes anpassbar.<\/li>\n<li class=\"li2\">Schlaufen-Griff \u2013 leicht in einem Spind oder an einem Stuhl aufzuh\u00e4ngen.<\/li>\n<li class=\"li2\">Reflektierender Sicherheitsstreifen \u2013 f\u00fcr bessere Sichtbarkeit bei Dunkelheit.<\/li>\n<li class=\"li2\">Waschmaschinengeeignet \u2013 leicht zu reinigen!<\/li>\n<\/ul>\n<p class=\"p2\">\u00a0Erh\u00e4ltlich in zwei Gr\u00f6\u00dfen:<\/p>\n<ul class=\"ul1\">\n<li class=\"li2\">S (40 x 38 cm) \u2013 geeignet f\u00fcr Kinder von 4 bis 9 Jahren<\/li>\n<li class=\"li2\">M (45 x 40 cm) \u2013 perfekt f\u00fcr Kinder ab 10 Jahren und Erwachsene<\/li>\n<\/ul>\n<p class=\"p2\">Handgefertigt in Polen aus strapazierf\u00e4higem 180 g\/m\u00b2 Polyesterstoff<br \/>\nEurop\u00e4ische Produktion, umweltfreundlich und kindersicher<br \/>\nMarke: SURV<\/p>\n<p class=\"p2\">Ob f\u00fcr die Schule, den Sport oder Wochenendabenteuer \u2013 der SURV Turnbeutel f\u00fcr Kinder ist Ihre erste Wahl f\u00fcr Stil und Funktionalit\u00e4t.<br \/>\nEin Muss f\u00fcr jede Schulliste!<\/p>\n<p class=\"p2\">SURV (ist eine Schwester-Marke von Cozy &amp; Dozy \u2013 entworfen f\u00fcr allt\u00e4gliche Abenteuer, Schulaktivit\u00e4ten und aktive Kinder. Weitere Artikel auf <a href=\"http:\/\/www.survband.com\/\"><span class=\"s2\">www.survband.com<\/span><\/a>)<\/p>\n<p class=\"p2\">Ob f\u00fcr die Schule, den Sport oder Wochenendabenteuer \u2013 der SURV Turnbeutel f\u00fcr Kinder ist Ihre erste Wahl f\u00fcr Stil und Funktionalit\u00e4t.<br \/>\nEin Muss f\u00fcr jede Schulliste!<\/p>\n","protected":false},"excerpt":{"rendered":"<p class=\"p1\">Dieser leichte und wasserdichte Turnbeutel von SURV ist die ideale Alltagsl\u00f6sung f\u00fcr die Schule, Sportunterricht, Schwimmen, Tagesausfl\u00fcge und Nachmittagsclubs.<\/p>\n","protected":false},"featured_media":3956,"comment_status":"open","ping_status":"closed","template":"","meta":[],"product_brand":[],"product_cat":[115],"product_tag":[],"class_list":{"0":"post-3983","1":"product","2":"type-product","3":"status-publish","4":"has-post-thumbnail","6":"product_cat-rucksaecke","8":"first","9":"instock","10":"shipping-taxable","11":"product-type-variable"},"yoast_head":"<!-- This site is optimized with the Yoast SEO Premium plugin v21.9 (Yoast SEO v27.0) - https:\/\/yoast.com\/product\/yoast-seo-premium-wordpress\/ -->\n<title>Honey Rucksack f\u00fcr Kinder \u2013 Wasserdichter Schulranzen - Cozy &amp; Dozy<\/title>\n<meta name=\"description\" content=\"Dieser leichte und wasserdichte Turnbeutel von SURV ist die ideale Alltagsl\u00f6sung f\u00fcr die Schule, Sportunterricht, Schwimmen, Tagesausfl\u00fcge und Nachmittagsclubs.\" \/>\n<meta name=\"robots\" content=\"index, follow, max-snippet:-1, max-image-preview:large, max-video-preview:-1\" \/>\n<link rel=\"canonical\" href=\"https:\/\/cozyanddozy.com\/de\/produkt\/honey-rucksack-fuer-kinder-wasserdichter-schulranzen\/\" \/>\n<meta property=\"og:locale\" content=\"de_DE\" \/>\n<meta property=\"og:type\" content=\"article\" \/>\n<meta property=\"og:title\" content=\"Honey Rucksack f\u00fcr Kinder \u2013 Wasserdichter Schulranzen\" \/>\n<meta property=\"og:description\" content=\"Dieser leichte und wasserdichte Turnbeutel von SURV ist die ideale Alltagsl\u00f6sung f\u00fcr die Schule, Sportunterricht, Schwimmen, Tagesausfl\u00fcge und Nachmittagsclubs.\" \/>\n<meta property=\"og:url\" content=\"https:\/\/cozyanddozy.com\/de\/produkt\/honey-rucksack-fuer-kinder-wasserdichter-schulranzen\/\" \/>\n<meta property=\"og:site_name\" content=\"Cozy &amp; Dozy\" \/>\n<meta property=\"article:modified_time\" content=\"2025-04-24T17:19:32+00:00\" \/>\n<meta property=\"og:image\" content=\"https:\/\/cozyanddozy.com\/de\/wp-content\/uploads\/2025\/04\/2in1_bag_backpack_KIDO_Light_1800x2600px_6-scaled.jpg\" \/>\n\t<meta property=\"og:image:width\" content=\"1772\" \/>\n\t<meta property=\"og:image:height\" content=\"2560\" \/>\n\t<meta property=\"og:image:type\" content=\"image\/jpeg\" \/>\n<meta name=\"twitter:card\" content=\"summary_large_image\" \/>\n<meta name=\"twitter:label1\" content=\"Verf\u00fcgbarkeit\" \/>\n\t<meta name=\"twitter:data1\" content=\"Auf Lager\" \/>\n<script type=\"application\/ld+json\" class=\"yoast-schema-graph\">{\"@context\":\"https:\/\/schema.org\",\"@graph\":[{\"@type\":\"WebPage\",\"@id\":\"https:\/\/cozyanddozy.com\/de\/produkt\/honey-rucksack-fuer-kinder-wasserdichter-schulranzen\/\",\"url\":\"https:\/\/cozyanddozy.com\/de\/produkt\/honey-rucksack-fuer-kinder-wasserdichter-schulranzen\/\",\"name\":\"Honey Rucksack f\u00fcr Kinder \u2013 Wasserdichter Schulranzen - Cozy & Dozy\",\"isPartOf\":{\"@id\":\"https:\/\/cozyanddozy.com\/de\/#website\"},\"primaryImageOfPage\":{\"@id\":\"https:\/\/cozyanddozy.com\/de\/produkt\/honey-rucksack-fuer-kinder-wasserdichter-schulranzen\/#primaryimage\"},\"image\":{\"@id\":\"https:\/\/cozyanddozy.com\/de\/produkt\/honey-rucksack-fuer-kinder-wasserdichter-schulranzen\/#primaryimage\"},\"thumbnailUrl\":\"https:\/\/cozyanddozy.com\/de\/wp-content\/uploads\/2025\/04\/2in1_bag_backpack_KIDO_Light_1800x2600px_6-scaled.jpg\",\"datePublished\":\"2025-04-24T17:09:29+00:00\",\"dateModified\":\"2025-04-24T17:19:32+00:00\",\"description\":\"Dieser leichte und wasserdichte Turnbeutel von SURV ist die ideale Alltagsl\u00f6sung f\u00fcr die Schule, Sportunterricht, Schwimmen, Tagesausfl\u00fcge und Nachmittagsclubs.\",\"breadcrumb\":{\"@id\":\"https:\/\/cozyanddozy.com\/de\/produkt\/honey-rucksack-fuer-kinder-wasserdichter-schulranzen\/#breadcrumb\"},\"inLanguage\":\"de\",\"potentialAction\":[{\"@type\":\"ReadAction\",\"target\":[\"https:\/\/cozyanddozy.com\/de\/produkt\/honey-rucksack-fuer-kinder-wasserdichter-schulranzen\/\"]}]},{\"@type\":\"ImageObject\",\"inLanguage\":\"de\",\"@id\":\"https:\/\/cozyanddozy.com\/de\/produkt\/honey-rucksack-fuer-kinder-wasserdichter-schulranzen\/#primaryimage\",\"url\":\"https:\/\/cozyanddozy.com\/de\/wp-content\/uploads\/2025\/04\/2in1_bag_backpack_KIDO_Light_1800x2600px_6-scaled.jpg\",\"contentUrl\":\"https:\/\/cozyanddozy.com\/de\/wp-content\/uploads\/2025\/04\/2in1_bag_backpack_KIDO_Light_1800x2600px_6-scaled.jpg\",\"width\":1772,\"height\":2560},{\"@type\":\"BreadcrumbList\",\"@id\":\"https:\/\/cozyanddozy.com\/de\/produkt\/honey-rucksack-fuer-kinder-wasserdichter-schulranzen\/#breadcrumb\",\"itemListElement\":[{\"@type\":\"ListItem\",\"position\":1,\"name\":\"Home\",\"item\":\"https:\/\/cozyanddozy.com\/de\/\"},{\"@type\":\"ListItem\",\"position\":2,\"name\":\"Shop\",\"item\":\"https:\/\/cozyanddozy.com\/de\/shop\/\"},{\"@type\":\"ListItem\",\"position\":3,\"name\":\"Honey Rucksack f\u00fcr Kinder \u2013 Wasserdichter Schulranzen\"}]},{\"@type\":\"WebSite\",\"@id\":\"https:\/\/cozyanddozy.com\/de\/#website\",\"url\":\"https:\/\/cozyanddozy.com\/de\/\",\"name\":\"Cozy & Dozy\",\"description\":\"\",\"publisher\":{\"@id\":\"https:\/\/cozyanddozy.com\/de\/#organization\"},\"potentialAction\":[{\"@type\":\"SearchAction\",\"target\":{\"@type\":\"EntryPoint\",\"urlTemplate\":\"https:\/\/cozyanddozy.com\/de\/?s={search_term_string}\"},\"query-input\":{\"@type\":\"PropertyValueSpecification\",\"valueRequired\":true,\"valueName\":\"search_term_string\"}}],\"inLanguage\":\"de\"},{\"@type\":\"Organization\",\"@id\":\"https:\/\/cozyanddozy.com\/de\/#organization\",\"name\":\"Cozy & Dozy\",\"url\":\"https:\/\/cozyanddozy.com\/de\/\",\"logo\":{\"@type\":\"ImageObject\",\"inLanguage\":\"de\",\"@id\":\"https:\/\/cozyanddozy.com\/de\/#\/schema\/logo\/image\/\",\"url\":\"https:\/\/cozyanddozy.com\/de\/wp-content\/uploads\/2023\/02\/cozyanddozy_logo_b.png\",\"contentUrl\":\"https:\/\/cozyanddozy.com\/de\/wp-content\/uploads\/2023\/02\/cozyanddozy_logo_b.png\",\"width\":314,\"height\":85,\"caption\":\"Cozy & Dozy\"},\"image\":{\"@id\":\"https:\/\/cozyanddozy.com\/de\/#\/schema\/logo\/image\/\"}}]}<\/script>\n<meta property=\"og:availability\" content=\"instock\" \/>\n<meta property=\"product:availability\" content=\"instock\" \/>\n<meta property=\"product:retailer_item_id\" content=\"backpackhon\" \/>\n<meta property=\"product:condition\" content=\"new\" \/>\n<!-- \/ Yoast SEO Premium plugin. -->","yoast_head_json":{"title":"Honey Rucksack f\u00fcr Kinder \u2013 Wasserdichter Schulranzen - Cozy & Dozy","description":"Dieser leichte und wasserdichte Turnbeutel von SURV ist die ideale Alltagsl\u00f6sung f\u00fcr die Schule, Sportunterricht, Schwimmen, Tagesausfl\u00fcge und Nachmittagsclubs.","robots":{"index":"index","follow":"follow","max-snippet":"max-snippet:-1","max-image-preview":"max-image-preview:large","max-video-preview":"max-video-preview:-1"},"canonical":"https:\/\/cozyanddozy.com\/de\/produkt\/honey-rucksack-fuer-kinder-wasserdichter-schulranzen\/","og_locale":"de_DE","og_type":"article","og_title":"Honey Rucksack f\u00fcr Kinder \u2013 Wasserdichter Schulranzen","og_description":"Dieser leichte und wasserdichte Turnbeutel von SURV ist die ideale Alltagsl\u00f6sung f\u00fcr die Schule, Sportunterricht, Schwimmen, Tagesausfl\u00fcge und Nachmittagsclubs.","og_url":"https:\/\/cozyanddozy.com\/de\/produkt\/honey-rucksack-fuer-kinder-wasserdichter-schulranzen\/","og_site_name":"Cozy &amp; Dozy","article_modified_time":"2025-04-24T17:19:32+00:00","og_image":[{"width":1772,"height":2560,"url":"https:\/\/cozyanddozy.com\/de\/wp-content\/uploads\/2025\/04\/2in1_bag_backpack_KIDO_Light_1800x2600px_6-scaled.jpg","type":"image\/jpeg"}],"twitter_card":"summary_large_image","twitter_misc":{"Verf\u00fcgbarkeit":"Auf Lager"},"schema":{"@context":"https:\/\/schema.org","@graph":[{"@type":"WebPage","@id":"https:\/\/cozyanddozy.com\/de\/produkt\/honey-rucksack-fuer-kinder-wasserdichter-schulranzen\/","url":"https:\/\/cozyanddozy.com\/de\/produkt\/honey-rucksack-fuer-kinder-wasserdichter-schulranzen\/","name":"Honey Rucksack f\u00fcr Kinder \u2013 Wasserdichter Schulranzen - Cozy & Dozy","isPartOf":{"@id":"https:\/\/cozyanddozy.com\/de\/#website"},"primaryImageOfPage":{"@id":"https:\/\/cozyanddozy.com\/de\/produkt\/honey-rucksack-fuer-kinder-wasserdichter-schulranzen\/#primaryimage"},"image":{"@id":"https:\/\/cozyanddozy.com\/de\/produkt\/honey-rucksack-fuer-kinder-wasserdichter-schulranzen\/#primaryimage"},"thumbnailUrl":"https:\/\/cozyanddozy.com\/de\/wp-content\/uploads\/2025\/04\/2in1_bag_backpack_KIDO_Light_1800x2600px_6-scaled.jpg","datePublished":"2025-04-24T17:09:29+00:00","dateModified":"2025-04-24T17:19:32+00:00","description":"Dieser leichte und wasserdichte Turnbeutel von SURV ist die ideale Alltagsl\u00f6sung f\u00fcr die Schule, Sportunterricht, Schwimmen, Tagesausfl\u00fcge und Nachmittagsclubs.","breadcrumb":{"@id":"https:\/\/cozyanddozy.com\/de\/produkt\/honey-rucksack-fuer-kinder-wasserdichter-schulranzen\/#breadcrumb"},"inLanguage":"de","potentialAction":[{"@type":"ReadAction","target":["https:\/\/cozyanddozy.com\/de\/produkt\/honey-rucksack-fuer-kinder-wasserdichter-schulranzen\/"]}]},{"@type":"ImageObject","inLanguage":"de","@id":"https:\/\/cozyanddozy.com\/de\/produkt\/honey-rucksack-fuer-kinder-wasserdichter-schulranzen\/#primaryimage","url":"https:\/\/cozyanddozy.com\/de\/wp-content\/uploads\/2025\/04\/2in1_bag_backpack_KIDO_Light_1800x2600px_6-scaled.jpg","contentUrl":"https:\/\/cozyanddozy.com\/de\/wp-content\/uploads\/2025\/04\/2in1_bag_backpack_KIDO_Light_1800x2600px_6-scaled.jpg","width":1772,"height":2560},{"@type":"BreadcrumbList","@id":"https:\/\/cozyanddozy.com\/de\/produkt\/honey-rucksack-fuer-kinder-wasserdichter-schulranzen\/#breadcrumb","itemListElement":[{"@type":"ListItem","position":1,"name":"Home","item":"https:\/\/cozyanddozy.com\/de\/"},{"@type":"ListItem","position":2,"name":"Shop","item":"https:\/\/cozyanddozy.com\/de\/shop\/"},{"@type":"ListItem","position":3,"name":"Honey Rucksack f\u00fcr Kinder \u2013 Wasserdichter Schulranzen"}]},{"@type":"WebSite","@id":"https:\/\/cozyanddozy.com\/de\/#website","url":"https:\/\/cozyanddozy.com\/de\/","name":"Cozy & Dozy","description":"","publisher":{"@id":"https:\/\/cozyanddozy.com\/de\/#organization"},"potentialAction":[{"@type":"SearchAction","target":{"@type":"EntryPoint","urlTemplate":"https:\/\/cozyanddozy.com\/de\/?s={search_term_string}"},"query-input":{"@type":"PropertyValueSpecification","valueRequired":true,"valueName":"search_term_string"}}],"inLanguage":"de"},{"@type":"Organization","@id":"https:\/\/cozyanddozy.com\/de\/#organization","name":"Cozy & Dozy","url":"https:\/\/cozyanddozy.com\/de\/","logo":{"@type":"ImageObject","inLanguage":"de","@id":"https:\/\/cozyanddozy.com\/de\/#\/schema\/logo\/image\/","url":"https:\/\/cozyanddozy.com\/de\/wp-content\/uploads\/2023\/02\/cozyanddozy_logo_b.png","contentUrl":"https:\/\/cozyanddozy.com\/de\/wp-content\/uploads\/2023\/02\/cozyanddozy_logo_b.png","width":314,"height":85,"caption":"Cozy & Dozy"},"image":{"@id":"https:\/\/cozyanddozy.com\/de\/#\/schema\/logo\/image\/"}}]},"og_availability":"instock","product_availability":"instock","product_retailer_item_id":"backpackhon","product_condition":"new"},"_links":{"self":[{"href":"https:\/\/cozyanddozy.com\/de\/wp-json\/wp\/v2\/product\/3983","targetHints":{"allow":["GET"]}}],"collection":[{"href":"https:\/\/cozyanddozy.com\/de\/wp-json\/wp\/v2\/product"}],"about":[{"href":"https:\/\/cozyanddozy.com\/de\/wp-json\/wp\/v2\/types\/product"}],"replies":[{"embeddable":true,"href":"https:\/\/cozyanddozy.com\/de\/wp-json\/wp\/v2\/comments?post=3983"}],"wp:featuredmedia":[{"embeddable":true,"href":"https:\/\/cozyanddozy.com\/de\/wp-json\/wp\/v2\/media\/3956"}],"wp:attachment":[{"href":"https:\/\/cozyanddozy.com\/de\/wp-json\/wp\/v2\/media?parent=3983"}],"wp:term":[{"taxonomy":"product_brand","embeddable":true,"href":"https:\/\/cozyanddozy.com\/de\/wp-json\/wp\/v2\/product_brand?post=3983"},{"taxonomy":"product_cat","embeddable":true,"href":"https:\/\/cozyanddozy.com\/de\/wp-json\/wp\/v2\/product_cat?post=3983"},{"taxonomy":"product_tag","embeddable":true,"href":"https:\/\/cozyanddozy.com\/de\/wp-json\/wp\/v2\/product_tag?post=3983"}],"curies":[{"name":"wp","href":"https:\/\/api.w.org\/{rel}","templated":true}]}}