{"id":3907,"date":"2025-03-04T21:24:51","date_gmt":"2025-03-04T21:24:51","guid":{"rendered":"https:\/\/cozyanddozy.com\/?post_type=product&#038;p=3515"},"modified":"2025-03-04T22:35:54","modified_gmt":"2025-03-04T21:35:54","slug":"schleife-kissen-bow-dekokissen-mauve","status":"publish","type":"product","link":"https:\/\/cozyanddozy.com\/de\/produkt\/schleife-kissen-bow-dekokissen-mauve\/","title":{"rendered":"Schleife Kissen BOW Dekokissen &#8211; Mauve"},"content":{"rendered":"<p><b>Gro\u00dfes und weiches Samt-Schleifenkissen<\/b><\/p>\n<p>Bringen Sie Eleganz und W\u00e4rme in Ihr Zuhause mit unserem luxuri\u00f6sen <b>Samt-Schleifenkissen<\/b>. Hergestellt aus <b>hochwertigem, ultraweichem Samt<\/b>, kombiniert dieses <b>50\u00d765 cm gro\u00dfe Dekokissen<\/b> Komfort und Stil. Mit seinem <b>verspielten R\u00fcschenrand<\/b> und der charmanten Schleifenform ist es ein wundersch\u00f6ner Blickfang f\u00fcr <b>Sofas, Betten oder Lieblingssessel<\/b>.<\/p>\n<p>Die <b>zarte R\u00fcsche verleiht dem Kissen einen femininen, auff\u00e4lligen Touch<\/b>, sodass es perfekt f\u00fcr klassische und moderne Wohnstile geeignet ist. Der <b>weiche Samtstoff<\/b> sorgt f\u00fcr eine luxuri\u00f6se und gem\u00fctliche Atmosph\u00e4re.<\/p>\n<p>\u2728 <b>Hauptmerkmale:<\/b><\/p>\n<p>\u2714 <b>Charmantes Schleifendesign<\/b> mit eleganten R\u00fcschen \u2013 ein echter Hingucker<\/p>\n<p>\u2714 <b>Hochwertiges Samtmaterial<\/b> \u2013 unglaublich weich, bequem und hautfreundlich<\/p>\n<p>\u2714 <b>Maschinenwaschbar<\/b>, leicht zu pflegen und langlebig<\/p>\n<p>\u2714 <b>Gro\u00dfz\u00fcgige Gr\u00f6\u00dfe (50\u00d765 cm)<\/b> \u2013 ideal f\u00fcr Sofa, Bett oder Leseecke<\/p>\n<p>\u2714 <b>Hergestellt von Cozy&amp;Dozy<\/b>, mit zertifizierten und kindersicheren Materialien<\/p>\n<p>Auf der Suche nach einer anderen Farbe? W\u00e4hlen Sie aus unseren verf\u00fcgbaren Varianten, um das Kissen an Ihren Stil anzupassen.<\/p>\n<p>Machen Sie Ihr Zuhause noch gem\u00fctlicher mit diesem <b>handgefertigten Samt-Schleifenkissen von Cozy&amp;Dozy<\/b> \u2013 <b>eine perfekte Geschenkidee<\/b> oder ein stilvolles Wohnaccessoire.<\/p>\n","protected":false},"excerpt":{"rendered":"<p>Die zarte R\u00fcschenkante verleiht dem Kissen eine feminine, auff\u00e4llige Note und macht es zu einem perfekten Akzent f\u00fcr sowohl klassische als auch moderne Innenr\u00e4ume. Seine reichhaltige Samttextur verleiht jedem Raum ein Gef\u00fchl von Luxus und Eleganz.<\/p>\n","protected":false},"featured_media":3876,"comment_status":"open","ping_status":"closed","template":"","meta":[],"product_brand":[],"product_cat":[114,73],"product_tag":[],"class_list":{"0":"post-3907","1":"product","2":"type-product","3":"status-publish","4":"has-post-thumbnail","6":"product_cat-home","7":"product_cat-kissen-puffs","9":"first","10":"instock","11":"shipping-taxable","12":"product-type-simple"},"yoast_head":"<!-- This site is optimized with the Yoast SEO Premium plugin v21.9 (Yoast SEO v27.0) - https:\/\/yoast.com\/product\/yoast-seo-premium-wordpress\/ -->\n<title>Schleife Kissen BOW Dekokissen - Mauve - Cozy &amp; Dozy<\/title>\n<meta name=\"robots\" content=\"index, follow, max-snippet:-1, max-image-preview:large, max-video-preview:-1\" \/>\n<link rel=\"canonical\" href=\"https:\/\/cozyanddozy.com\/de\/produkt\/schleife-kissen-bow-dekokissen-mauve\/\" \/>\n<meta property=\"og:locale\" content=\"de_DE\" \/>\n<meta property=\"og:type\" content=\"article\" \/>\n<meta property=\"og:title\" content=\"Schleife Kissen BOW Dekokissen - Mauve\" \/>\n<meta property=\"og:description\" content=\"Die zarte R\u00fcschenkante verleiht dem Kissen eine feminine, auff\u00e4llige Note und macht es zu einem perfekten Akzent f\u00fcr sowohl klassische als auch moderne Innenr\u00e4ume. Seine reichhaltige Samttextur verleiht jedem Raum ein Gef\u00fchl von Luxus und Eleganz.\" \/>\n<meta property=\"og:url\" content=\"https:\/\/cozyanddozy.com\/de\/produkt\/schleife-kissen-bow-dekokissen-mauve\/\" \/>\n<meta property=\"og:site_name\" content=\"Cozy &amp; Dozy\" \/>\n<meta property=\"article:modified_time\" content=\"2025-03-04T21:35:54+00:00\" \/>\n<meta property=\"og:image\" content=\"https:\/\/cozyanddozy.com\/de\/wp-content\/uploads\/2025\/03\/MAUVE-BOW-PILLOW.jpg\" \/>\n\t<meta property=\"og:image:width\" content=\"1200\" \/>\n\t<meta property=\"og:image:height\" content=\"1201\" \/>\n\t<meta property=\"og:image:type\" content=\"image\/jpeg\" \/>\n<meta name=\"twitter:card\" content=\"summary_large_image\" \/>\n<meta name=\"twitter:label1\" content=\"Preis\" \/>\n\t<meta name=\"twitter:data1\" content=\"59,00&nbsp;&euro;\" \/>\n\t<meta name=\"twitter:label2\" content=\"Verf\u00fcgbarkeit\" \/>\n\t<meta name=\"twitter:data2\" content=\"Auf Lager\" \/>\n<script type=\"application\/ld+json\" class=\"yoast-schema-graph\">{\"@context\":\"https:\/\/schema.org\",\"@graph\":[{\"@type\":\"WebPage\",\"@id\":\"https:\/\/cozyanddozy.com\/de\/produkt\/schleife-kissen-bow-dekokissen-mauve\/\",\"url\":\"https:\/\/cozyanddozy.com\/de\/produkt\/schleife-kissen-bow-dekokissen-mauve\/\",\"name\":\"Schleife Kissen BOW Dekokissen - Mauve - Cozy & Dozy\",\"isPartOf\":{\"@id\":\"https:\/\/cozyanddozy.com\/de\/#website\"},\"primaryImageOfPage\":{\"@id\":\"https:\/\/cozyanddozy.com\/de\/produkt\/schleife-kissen-bow-dekokissen-mauve\/#primaryimage\"},\"image\":{\"@id\":\"https:\/\/cozyanddozy.com\/de\/produkt\/schleife-kissen-bow-dekokissen-mauve\/#primaryimage\"},\"thumbnailUrl\":\"https:\/\/cozyanddozy.com\/de\/wp-content\/uploads\/2025\/03\/MAUVE-BOW-PILLOW.jpg\",\"datePublished\":\"2025-03-04T21:24:51+00:00\",\"dateModified\":\"2025-03-04T21:35:54+00:00\",\"breadcrumb\":{\"@id\":\"https:\/\/cozyanddozy.com\/de\/produkt\/schleife-kissen-bow-dekokissen-mauve\/#breadcrumb\"},\"inLanguage\":\"de\",\"potentialAction\":[{\"@type\":\"ReadAction\",\"target\":[\"https:\/\/cozyanddozy.com\/de\/produkt\/schleife-kissen-bow-dekokissen-mauve\/\"]}]},{\"@type\":\"ImageObject\",\"inLanguage\":\"de\",\"@id\":\"https:\/\/cozyanddozy.com\/de\/produkt\/schleife-kissen-bow-dekokissen-mauve\/#primaryimage\",\"url\":\"https:\/\/cozyanddozy.com\/de\/wp-content\/uploads\/2025\/03\/MAUVE-BOW-PILLOW.jpg\",\"contentUrl\":\"https:\/\/cozyanddozy.com\/de\/wp-content\/uploads\/2025\/03\/MAUVE-BOW-PILLOW.jpg\",\"width\":1200,\"height\":1201},{\"@type\":\"BreadcrumbList\",\"@id\":\"https:\/\/cozyanddozy.com\/de\/produkt\/schleife-kissen-bow-dekokissen-mauve\/#breadcrumb\",\"itemListElement\":[{\"@type\":\"ListItem\",\"position\":1,\"name\":\"Home\",\"item\":\"https:\/\/cozyanddozy.com\/de\/\"},{\"@type\":\"ListItem\",\"position\":2,\"name\":\"Shop\",\"item\":\"https:\/\/cozyanddozy.com\/de\/shop\/\"},{\"@type\":\"ListItem\",\"position\":3,\"name\":\"Schleife Kissen BOW Dekokissen &#8211; Mauve\"}]},{\"@type\":\"WebSite\",\"@id\":\"https:\/\/cozyanddozy.com\/de\/#website\",\"url\":\"https:\/\/cozyanddozy.com\/de\/\",\"name\":\"Cozy & Dozy\",\"description\":\"\",\"publisher\":{\"@id\":\"https:\/\/cozyanddozy.com\/de\/#organization\"},\"potentialAction\":[{\"@type\":\"SearchAction\",\"target\":{\"@type\":\"EntryPoint\",\"urlTemplate\":\"https:\/\/cozyanddozy.com\/de\/?s={search_term_string}\"},\"query-input\":{\"@type\":\"PropertyValueSpecification\",\"valueRequired\":true,\"valueName\":\"search_term_string\"}}],\"inLanguage\":\"de\"},{\"@type\":\"Organization\",\"@id\":\"https:\/\/cozyanddozy.com\/de\/#organization\",\"name\":\"Cozy & Dozy\",\"url\":\"https:\/\/cozyanddozy.com\/de\/\",\"logo\":{\"@type\":\"ImageObject\",\"inLanguage\":\"de\",\"@id\":\"https:\/\/cozyanddozy.com\/de\/#\/schema\/logo\/image\/\",\"url\":\"https:\/\/cozyanddozy.com\/de\/wp-content\/uploads\/2023\/02\/cozyanddozy_logo_b.png\",\"contentUrl\":\"https:\/\/cozyanddozy.com\/de\/wp-content\/uploads\/2023\/02\/cozyanddozy_logo_b.png\",\"width\":314,\"height\":85,\"caption\":\"Cozy & Dozy\"},\"image\":{\"@id\":\"https:\/\/cozyanddozy.com\/de\/#\/schema\/logo\/image\/\"}}]}<\/script>\n<meta property=\"product:price:amount\" content=\"59.00\" \/>\n<meta property=\"product:price:currency\" content=\"EUR\" \/>\n<meta property=\"og:availability\" content=\"instock\" \/>\n<meta property=\"product:availability\" content=\"instock\" \/>\n<meta property=\"product:retailer_item_id\" content=\"5902701498269\" \/>\n<meta property=\"product:condition\" content=\"new\" \/>\n<!-- \/ Yoast SEO Premium plugin. -->","yoast_head_json":{"title":"Schleife Kissen BOW Dekokissen - Mauve - Cozy & Dozy","robots":{"index":"index","follow":"follow","max-snippet":"max-snippet:-1","max-image-preview":"max-image-preview:large","max-video-preview":"max-video-preview:-1"},"canonical":"https:\/\/cozyanddozy.com\/de\/produkt\/schleife-kissen-bow-dekokissen-mauve\/","og_locale":"de_DE","og_type":"article","og_title":"Schleife Kissen BOW Dekokissen - Mauve","og_description":"Die zarte R\u00fcschenkante verleiht dem Kissen eine feminine, auff\u00e4llige Note und macht es zu einem perfekten Akzent f\u00fcr sowohl klassische als auch moderne Innenr\u00e4ume. Seine reichhaltige Samttextur verleiht jedem Raum ein Gef\u00fchl von Luxus und Eleganz.","og_url":"https:\/\/cozyanddozy.com\/de\/produkt\/schleife-kissen-bow-dekokissen-mauve\/","og_site_name":"Cozy &amp; Dozy","article_modified_time":"2025-03-04T21:35:54+00:00","og_image":[{"width":1200,"height":1201,"url":"https:\/\/cozyanddozy.com\/de\/wp-content\/uploads\/2025\/03\/MAUVE-BOW-PILLOW.jpg","type":"image\/jpeg"}],"twitter_card":"summary_large_image","twitter_misc":{"Preis":"59,00&nbsp;&euro;","Verf\u00fcgbarkeit":"Auf Lager"},"schema":{"@context":"https:\/\/schema.org","@graph":[{"@type":"WebPage","@id":"https:\/\/cozyanddozy.com\/de\/produkt\/schleife-kissen-bow-dekokissen-mauve\/","url":"https:\/\/cozyanddozy.com\/de\/produkt\/schleife-kissen-bow-dekokissen-mauve\/","name":"Schleife Kissen BOW Dekokissen - Mauve - Cozy & Dozy","isPartOf":{"@id":"https:\/\/cozyanddozy.com\/de\/#website"},"primaryImageOfPage":{"@id":"https:\/\/cozyanddozy.com\/de\/produkt\/schleife-kissen-bow-dekokissen-mauve\/#primaryimage"},"image":{"@id":"https:\/\/cozyanddozy.com\/de\/produkt\/schleife-kissen-bow-dekokissen-mauve\/#primaryimage"},"thumbnailUrl":"https:\/\/cozyanddozy.com\/de\/wp-content\/uploads\/2025\/03\/MAUVE-BOW-PILLOW.jpg","datePublished":"2025-03-04T21:24:51+00:00","dateModified":"2025-03-04T21:35:54+00:00","breadcrumb":{"@id":"https:\/\/cozyanddozy.com\/de\/produkt\/schleife-kissen-bow-dekokissen-mauve\/#breadcrumb"},"inLanguage":"de","potentialAction":[{"@type":"ReadAction","target":["https:\/\/cozyanddozy.com\/de\/produkt\/schleife-kissen-bow-dekokissen-mauve\/"]}]},{"@type":"ImageObject","inLanguage":"de","@id":"https:\/\/cozyanddozy.com\/de\/produkt\/schleife-kissen-bow-dekokissen-mauve\/#primaryimage","url":"https:\/\/cozyanddozy.com\/de\/wp-content\/uploads\/2025\/03\/MAUVE-BOW-PILLOW.jpg","contentUrl":"https:\/\/cozyanddozy.com\/de\/wp-content\/uploads\/2025\/03\/MAUVE-BOW-PILLOW.jpg","width":1200,"height":1201},{"@type":"BreadcrumbList","@id":"https:\/\/cozyanddozy.com\/de\/produkt\/schleife-kissen-bow-dekokissen-mauve\/#breadcrumb","itemListElement":[{"@type":"ListItem","position":1,"name":"Home","item":"https:\/\/cozyanddozy.com\/de\/"},{"@type":"ListItem","position":2,"name":"Shop","item":"https:\/\/cozyanddozy.com\/de\/shop\/"},{"@type":"ListItem","position":3,"name":"Schleife Kissen BOW Dekokissen &#8211; Mauve"}]},{"@type":"WebSite","@id":"https:\/\/cozyanddozy.com\/de\/#website","url":"https:\/\/cozyanddozy.com\/de\/","name":"Cozy & Dozy","description":"","publisher":{"@id":"https:\/\/cozyanddozy.com\/de\/#organization"},"potentialAction":[{"@type":"SearchAction","target":{"@type":"EntryPoint","urlTemplate":"https:\/\/cozyanddozy.com\/de\/?s={search_term_string}"},"query-input":{"@type":"PropertyValueSpecification","valueRequired":true,"valueName":"search_term_string"}}],"inLanguage":"de"},{"@type":"Organization","@id":"https:\/\/cozyanddozy.com\/de\/#organization","name":"Cozy & Dozy","url":"https:\/\/cozyanddozy.com\/de\/","logo":{"@type":"ImageObject","inLanguage":"de","@id":"https:\/\/cozyanddozy.com\/de\/#\/schema\/logo\/image\/","url":"https:\/\/cozyanddozy.com\/de\/wp-content\/uploads\/2023\/02\/cozyanddozy_logo_b.png","contentUrl":"https:\/\/cozyanddozy.com\/de\/wp-content\/uploads\/2023\/02\/cozyanddozy_logo_b.png","width":314,"height":85,"caption":"Cozy & Dozy"},"image":{"@id":"https:\/\/cozyanddozy.com\/de\/#\/schema\/logo\/image\/"}}]},"product_price_amount":"59.00","product_price_currency":"EUR","og_availability":"instock","product_availability":"instock","product_retailer_item_id":"5902701498269","product_condition":"new"},"_links":{"self":[{"href":"https:\/\/cozyanddozy.com\/de\/wp-json\/wp\/v2\/product\/3907","targetHints":{"allow":["GET"]}}],"collection":[{"href":"https:\/\/cozyanddozy.com\/de\/wp-json\/wp\/v2\/product"}],"about":[{"href":"https:\/\/cozyanddozy.com\/de\/wp-json\/wp\/v2\/types\/product"}],"replies":[{"embeddable":true,"href":"https:\/\/cozyanddozy.com\/de\/wp-json\/wp\/v2\/comments?post=3907"}],"wp:featuredmedia":[{"embeddable":true,"href":"https:\/\/cozyanddozy.com\/de\/wp-json\/wp\/v2\/media\/3876"}],"wp:attachment":[{"href":"https:\/\/cozyanddozy.com\/de\/wp-json\/wp\/v2\/media?parent=3907"}],"wp:term":[{"taxonomy":"product_brand","embeddable":true,"href":"https:\/\/cozyanddozy.com\/de\/wp-json\/wp\/v2\/product_brand?post=3907"},{"taxonomy":"product_cat","embeddable":true,"href":"https:\/\/cozyanddozy.com\/de\/wp-json\/wp\/v2\/product_cat?post=3907"},{"taxonomy":"product_tag","embeddable":true,"href":"https:\/\/cozyanddozy.com\/de\/wp-json\/wp\/v2\/product_tag?post=3907"}],"curies":[{"name":"wp","href":"https:\/\/api.w.org\/{rel}","templated":true}]}}