{"id":3786,"date":"2025-01-29T17:47:33","date_gmt":"2025-01-29T17:47:33","guid":{"rendered":"https:\/\/cozyanddozy.com\/?post_type=product&#038;p=3385"},"modified":"2025-01-29T20:15:38","modified_gmt":"2025-01-29T19:15:38","slug":"gaensebluemchen-kissen-mocha-mousse","status":"publish","type":"product","link":"https:\/\/cozyanddozy.com\/de\/produkt\/gaensebluemchen-kissen-mocha-mousse\/","title":{"rendered":"G\u00e4nsebl\u00fcmchen-Kissen Mocha Mousse"},"content":{"rendered":"<p><img decoding=\"async\" class=\"size-medium wp-image-2047 alignright\" src=\"https:\/\/cozyanddozy.com\/wp-content\/uploads\/2023\/11\/cappuccino-pillows-flower-400x400.jpeg\" alt=\"\" width=\"400\" height=\"400\" \/><\/p>\n<p class=\"p1\"><b>Flower Samtkissen G\u00e4nsebl\u00fcmchen<\/b><\/p>\n<p class=\"p1\">Was k\u00f6nnen wir uns den Fr\u00fchling ohne vorstellen? Nat\u00fcrlich ohne sch\u00f6ne und einzigartige G\u00e4nsebl\u00fcmchen. Und am besten ist es, wenn diese G\u00e4nsebl\u00fcmchen weiche und angenehm anzufassende Kissen sind!<\/p>\n<p class=\"p1\">Beige Kissen aus der Kollektion Daisy sind eine sch\u00f6ne Erg\u00e4nzung f\u00fcr jedes Zimmer. Sie werden sowohl das Schlafzimmer, Wohnzimmer als auch Kinderzimmer schm\u00fccken. Jeder findet etwas f\u00fcr sich.<\/p>\n<p class=\"p1\">Von Daisys Kissen kann man die H\u00e4nde nicht lassen! Es ist aus sehr weichem Samt gefertigt. Dieses Material macht die Verwendung des Kissens zu einem \u00e4u\u00dferst angenehmen Erlebnis. Ihr Kind wird es sicherlich lieben, es zu kuscheln und bei allen Nickerchen mitzunehmen.<\/p>\n<p class=\"p1\">Sie k\u00f6nnen die Blumen in verschiedenen Farben w\u00e4hlen: Wei\u00df, Gelb, Dunkelrosa, Hellrosa, Grau, Violett und Beige.<\/p>\n<p class=\"p1\"><b>Abmessungen:<\/b><\/p>\n<ul class=\"ul1\">\n<li class=\"li1\">52 \u00d7 52 cm<\/li>\n<\/ul>\n<p class=\"p1\"><b>Zusammensetzung:<\/b><\/p>\n<ul class=\"ul1\">\n<li class=\"li1\">100% Samt (Zertifikat, CE)<\/li>\n<li class=\"li1\">F\u00fcllung des Kissens \u2013 Silikonkugeln, antiallergisch.<\/li>\n<\/ul>\n<p class=\"p1\"><b>Waschen:<\/b><\/p>\n<ul class=\"ul1\">\n<li class=\"li1\">Maschinenwaschbar bei 40 Grad,<\/li>\n<li class=\"li1\">Schleudern \u2013 800 Umdrehungen,<\/li>\n<li class=\"li1\">Nicht chemisch reinigen, nicht bleichen,<\/li>\n<li class=\"li1\">Nach dem Waschen sch\u00fctteln,<sup> 1 <\/sup>um die F\u00fcllung zu verteilen,<\/li>\n<\/ul>\n","protected":false},"excerpt":{"rendered":"<p><span style=\"vertical-align: inherit;\"><span style=\"vertical-align: inherit;\">Flower Samtkissen G\u00e4nsebl\u00fcmchen 52&#215;52 cm<\/span><\/span><\/p>\n","protected":false},"featured_media":3784,"comment_status":"open","ping_status":"closed","template":"","meta":[],"product_brand":[],"product_cat":[73],"product_tag":[],"class_list":{"0":"post-3786","1":"product","2":"type-product","3":"status-publish","4":"has-post-thumbnail","6":"product_cat-kissen-puffs","8":"first","9":"instock","10":"sale","11":"shipping-taxable","12":"product-type-simple"},"yoast_head":"<!-- This site is optimized with the Yoast SEO Premium plugin v21.9 (Yoast SEO v27.0) - https:\/\/yoast.com\/product\/yoast-seo-premium-wordpress\/ -->\n<title>G\u00e4nsebl\u00fcmchen-Kissen Mocha Mousse - Cozy &amp; Dozy<\/title>\n<meta name=\"description\" content=\"Flower Samtkissen G\u00e4nsebl\u00fcmchen 52x52 cm\" \/>\n<meta name=\"robots\" content=\"index, follow, max-snippet:-1, max-image-preview:large, max-video-preview:-1\" \/>\n<link rel=\"canonical\" href=\"https:\/\/cozyanddozy.com\/de\/produkt\/gaensebluemchen-kissen-mocha-mousse\/\" \/>\n<meta property=\"og:locale\" content=\"de_DE\" \/>\n<meta property=\"og:type\" content=\"article\" \/>\n<meta property=\"og:title\" content=\"G\u00e4nsebl\u00fcmchen-Kissen Mocha Mousse\" \/>\n<meta property=\"og:description\" content=\"Flower Samtkissen G\u00e4nsebl\u00fcmchen 52x52 cm\" \/>\n<meta property=\"og:url\" content=\"https:\/\/cozyanddozy.com\/de\/produkt\/gaensebluemchen-kissen-mocha-mousse\/\" \/>\n<meta property=\"og:site_name\" content=\"Cozy &amp; Dozy\" \/>\n<meta property=\"article:modified_time\" content=\"2025-01-29T19:15:38+00:00\" \/>\n<meta property=\"og:image\" content=\"https:\/\/cozyanddozy.com\/de\/wp-content\/uploads\/2025\/01\/IMG_2026-scaled.jpg\" \/>\n\t<meta property=\"og:image:width\" content=\"2560\" \/>\n\t<meta property=\"og:image:height\" content=\"2560\" \/>\n\t<meta property=\"og:image:type\" content=\"image\/jpeg\" \/>\n<meta name=\"twitter:card\" content=\"summary_large_image\" \/>\n<meta name=\"twitter:label1\" content=\"Preis\" \/>\n\t<meta name=\"twitter:data1\" content=\"29,00&nbsp;&euro;\" \/>\n\t<meta name=\"twitter:label2\" content=\"Verf\u00fcgbarkeit\" \/>\n\t<meta name=\"twitter:data2\" content=\"Auf Lager\" \/>\n<script type=\"application\/ld+json\" class=\"yoast-schema-graph\">{\"@context\":\"https:\/\/schema.org\",\"@graph\":[{\"@type\":\"WebPage\",\"@id\":\"https:\/\/cozyanddozy.com\/de\/produkt\/gaensebluemchen-kissen-mocha-mousse\/\",\"url\":\"https:\/\/cozyanddozy.com\/de\/produkt\/gaensebluemchen-kissen-mocha-mousse\/\",\"name\":\"G\u00e4nsebl\u00fcmchen-Kissen Mocha Mousse - Cozy & Dozy\",\"isPartOf\":{\"@id\":\"https:\/\/cozyanddozy.com\/de\/#website\"},\"primaryImageOfPage\":{\"@id\":\"https:\/\/cozyanddozy.com\/de\/produkt\/gaensebluemchen-kissen-mocha-mousse\/#primaryimage\"},\"image\":{\"@id\":\"https:\/\/cozyanddozy.com\/de\/produkt\/gaensebluemchen-kissen-mocha-mousse\/#primaryimage\"},\"thumbnailUrl\":\"https:\/\/cozyanddozy.com\/de\/wp-content\/uploads\/2025\/01\/IMG_2026-scaled.jpg\",\"datePublished\":\"2025-01-29T17:47:33+00:00\",\"dateModified\":\"2025-01-29T19:15:38+00:00\",\"description\":\"Flower Samtkissen G\u00e4nsebl\u00fcmchen 52x52 cm\",\"breadcrumb\":{\"@id\":\"https:\/\/cozyanddozy.com\/de\/produkt\/gaensebluemchen-kissen-mocha-mousse\/#breadcrumb\"},\"inLanguage\":\"de\",\"potentialAction\":[{\"@type\":\"ReadAction\",\"target\":[\"https:\/\/cozyanddozy.com\/de\/produkt\/gaensebluemchen-kissen-mocha-mousse\/\"]}]},{\"@type\":\"ImageObject\",\"inLanguage\":\"de\",\"@id\":\"https:\/\/cozyanddozy.com\/de\/produkt\/gaensebluemchen-kissen-mocha-mousse\/#primaryimage\",\"url\":\"https:\/\/cozyanddozy.com\/de\/wp-content\/uploads\/2025\/01\/IMG_2026-scaled.jpg\",\"contentUrl\":\"https:\/\/cozyanddozy.com\/de\/wp-content\/uploads\/2025\/01\/IMG_2026-scaled.jpg\",\"width\":2560,\"height\":2560},{\"@type\":\"BreadcrumbList\",\"@id\":\"https:\/\/cozyanddozy.com\/de\/produkt\/gaensebluemchen-kissen-mocha-mousse\/#breadcrumb\",\"itemListElement\":[{\"@type\":\"ListItem\",\"position\":1,\"name\":\"Home\",\"item\":\"https:\/\/cozyanddozy.com\/de\/\"},{\"@type\":\"ListItem\",\"position\":2,\"name\":\"Shop\",\"item\":\"https:\/\/cozyanddozy.com\/de\/shop\/\"},{\"@type\":\"ListItem\",\"position\":3,\"name\":\"G\u00e4nsebl\u00fcmchen-Kissen Mocha Mousse\"}]},{\"@type\":\"WebSite\",\"@id\":\"https:\/\/cozyanddozy.com\/de\/#website\",\"url\":\"https:\/\/cozyanddozy.com\/de\/\",\"name\":\"Cozy & Dozy\",\"description\":\"\",\"publisher\":{\"@id\":\"https:\/\/cozyanddozy.com\/de\/#organization\"},\"potentialAction\":[{\"@type\":\"SearchAction\",\"target\":{\"@type\":\"EntryPoint\",\"urlTemplate\":\"https:\/\/cozyanddozy.com\/de\/?s={search_term_string}\"},\"query-input\":{\"@type\":\"PropertyValueSpecification\",\"valueRequired\":true,\"valueName\":\"search_term_string\"}}],\"inLanguage\":\"de\"},{\"@type\":\"Organization\",\"@id\":\"https:\/\/cozyanddozy.com\/de\/#organization\",\"name\":\"Cozy & Dozy\",\"url\":\"https:\/\/cozyanddozy.com\/de\/\",\"logo\":{\"@type\":\"ImageObject\",\"inLanguage\":\"de\",\"@id\":\"https:\/\/cozyanddozy.com\/de\/#\/schema\/logo\/image\/\",\"url\":\"https:\/\/cozyanddozy.com\/de\/wp-content\/uploads\/2023\/02\/cozyanddozy_logo_b.png\",\"contentUrl\":\"https:\/\/cozyanddozy.com\/de\/wp-content\/uploads\/2023\/02\/cozyanddozy_logo_b.png\",\"width\":314,\"height\":85,\"caption\":\"Cozy & Dozy\"},\"image\":{\"@id\":\"https:\/\/cozyanddozy.com\/de\/#\/schema\/logo\/image\/\"}}]}<\/script>\n<meta property=\"product:price:amount\" content=\"29.00\" \/>\n<meta property=\"product:price:currency\" content=\"EUR\" \/>\n<meta property=\"og:availability\" content=\"instock\" \/>\n<meta property=\"product:availability\" content=\"instock\" \/>\n<meta property=\"product:retailer_item_id\" content=\"5902701498047\" \/>\n<meta property=\"product:condition\" content=\"new\" \/>\n<!-- \/ Yoast SEO Premium plugin. -->","yoast_head_json":{"title":"G\u00e4nsebl\u00fcmchen-Kissen Mocha Mousse - Cozy & Dozy","description":"Flower Samtkissen G\u00e4nsebl\u00fcmchen 52x52 cm","robots":{"index":"index","follow":"follow","max-snippet":"max-snippet:-1","max-image-preview":"max-image-preview:large","max-video-preview":"max-video-preview:-1"},"canonical":"https:\/\/cozyanddozy.com\/de\/produkt\/gaensebluemchen-kissen-mocha-mousse\/","og_locale":"de_DE","og_type":"article","og_title":"G\u00e4nsebl\u00fcmchen-Kissen Mocha Mousse","og_description":"Flower Samtkissen G\u00e4nsebl\u00fcmchen 52x52 cm","og_url":"https:\/\/cozyanddozy.com\/de\/produkt\/gaensebluemchen-kissen-mocha-mousse\/","og_site_name":"Cozy &amp; Dozy","article_modified_time":"2025-01-29T19:15:38+00:00","og_image":[{"width":2560,"height":2560,"url":"https:\/\/cozyanddozy.com\/de\/wp-content\/uploads\/2025\/01\/IMG_2026-scaled.jpg","type":"image\/jpeg"}],"twitter_card":"summary_large_image","twitter_misc":{"Preis":"29,00&nbsp;&euro;","Verf\u00fcgbarkeit":"Auf Lager"},"schema":{"@context":"https:\/\/schema.org","@graph":[{"@type":"WebPage","@id":"https:\/\/cozyanddozy.com\/de\/produkt\/gaensebluemchen-kissen-mocha-mousse\/","url":"https:\/\/cozyanddozy.com\/de\/produkt\/gaensebluemchen-kissen-mocha-mousse\/","name":"G\u00e4nsebl\u00fcmchen-Kissen Mocha Mousse - Cozy & Dozy","isPartOf":{"@id":"https:\/\/cozyanddozy.com\/de\/#website"},"primaryImageOfPage":{"@id":"https:\/\/cozyanddozy.com\/de\/produkt\/gaensebluemchen-kissen-mocha-mousse\/#primaryimage"},"image":{"@id":"https:\/\/cozyanddozy.com\/de\/produkt\/gaensebluemchen-kissen-mocha-mousse\/#primaryimage"},"thumbnailUrl":"https:\/\/cozyanddozy.com\/de\/wp-content\/uploads\/2025\/01\/IMG_2026-scaled.jpg","datePublished":"2025-01-29T17:47:33+00:00","dateModified":"2025-01-29T19:15:38+00:00","description":"Flower Samtkissen G\u00e4nsebl\u00fcmchen 52x52 cm","breadcrumb":{"@id":"https:\/\/cozyanddozy.com\/de\/produkt\/gaensebluemchen-kissen-mocha-mousse\/#breadcrumb"},"inLanguage":"de","potentialAction":[{"@type":"ReadAction","target":["https:\/\/cozyanddozy.com\/de\/produkt\/gaensebluemchen-kissen-mocha-mousse\/"]}]},{"@type":"ImageObject","inLanguage":"de","@id":"https:\/\/cozyanddozy.com\/de\/produkt\/gaensebluemchen-kissen-mocha-mousse\/#primaryimage","url":"https:\/\/cozyanddozy.com\/de\/wp-content\/uploads\/2025\/01\/IMG_2026-scaled.jpg","contentUrl":"https:\/\/cozyanddozy.com\/de\/wp-content\/uploads\/2025\/01\/IMG_2026-scaled.jpg","width":2560,"height":2560},{"@type":"BreadcrumbList","@id":"https:\/\/cozyanddozy.com\/de\/produkt\/gaensebluemchen-kissen-mocha-mousse\/#breadcrumb","itemListElement":[{"@type":"ListItem","position":1,"name":"Home","item":"https:\/\/cozyanddozy.com\/de\/"},{"@type":"ListItem","position":2,"name":"Shop","item":"https:\/\/cozyanddozy.com\/de\/shop\/"},{"@type":"ListItem","position":3,"name":"G\u00e4nsebl\u00fcmchen-Kissen Mocha Mousse"}]},{"@type":"WebSite","@id":"https:\/\/cozyanddozy.com\/de\/#website","url":"https:\/\/cozyanddozy.com\/de\/","name":"Cozy & Dozy","description":"","publisher":{"@id":"https:\/\/cozyanddozy.com\/de\/#organization"},"potentialAction":[{"@type":"SearchAction","target":{"@type":"EntryPoint","urlTemplate":"https:\/\/cozyanddozy.com\/de\/?s={search_term_string}"},"query-input":{"@type":"PropertyValueSpecification","valueRequired":true,"valueName":"search_term_string"}}],"inLanguage":"de"},{"@type":"Organization","@id":"https:\/\/cozyanddozy.com\/de\/#organization","name":"Cozy & Dozy","url":"https:\/\/cozyanddozy.com\/de\/","logo":{"@type":"ImageObject","inLanguage":"de","@id":"https:\/\/cozyanddozy.com\/de\/#\/schema\/logo\/image\/","url":"https:\/\/cozyanddozy.com\/de\/wp-content\/uploads\/2023\/02\/cozyanddozy_logo_b.png","contentUrl":"https:\/\/cozyanddozy.com\/de\/wp-content\/uploads\/2023\/02\/cozyanddozy_logo_b.png","width":314,"height":85,"caption":"Cozy & Dozy"},"image":{"@id":"https:\/\/cozyanddozy.com\/de\/#\/schema\/logo\/image\/"}}]},"product_price_amount":"29.00","product_price_currency":"EUR","og_availability":"instock","product_availability":"instock","product_retailer_item_id":"5902701498047","product_condition":"new"},"_links":{"self":[{"href":"https:\/\/cozyanddozy.com\/de\/wp-json\/wp\/v2\/product\/3786","targetHints":{"allow":["GET"]}}],"collection":[{"href":"https:\/\/cozyanddozy.com\/de\/wp-json\/wp\/v2\/product"}],"about":[{"href":"https:\/\/cozyanddozy.com\/de\/wp-json\/wp\/v2\/types\/product"}],"replies":[{"embeddable":true,"href":"https:\/\/cozyanddozy.com\/de\/wp-json\/wp\/v2\/comments?post=3786"}],"wp:featuredmedia":[{"embeddable":true,"href":"https:\/\/cozyanddozy.com\/de\/wp-json\/wp\/v2\/media\/3784"}],"wp:attachment":[{"href":"https:\/\/cozyanddozy.com\/de\/wp-json\/wp\/v2\/media?parent=3786"}],"wp:term":[{"taxonomy":"product_brand","embeddable":true,"href":"https:\/\/cozyanddozy.com\/de\/wp-json\/wp\/v2\/product_brand?post=3786"},{"taxonomy":"product_cat","embeddable":true,"href":"https:\/\/cozyanddozy.com\/de\/wp-json\/wp\/v2\/product_cat?post=3786"},{"taxonomy":"product_tag","embeddable":true,"href":"https:\/\/cozyanddozy.com\/de\/wp-json\/wp\/v2\/product_tag?post=3786"}],"curies":[{"name":"wp","href":"https:\/\/api.w.org\/{rel}","templated":true}]}}