{"id":3745,"date":"2024-10-11T12:27:34","date_gmt":"2024-10-11T11:27:34","guid":{"rendered":"https:\/\/cozyanddozy.com\/?post_type=product&#038;p=3126"},"modified":"2025-01-29T21:13:37","modified_gmt":"2025-01-29T20:13:37","slug":"pouf-de-sol-pour-enfant-coussin-patchwork-velours-pastel-rainbow","status":"publish","type":"product","link":"https:\/\/cozyanddozy.com\/de\/produkt\/pouf-de-sol-pour-enfant-coussin-patchwork-velours-pastel-rainbow\/","title":{"rendered":"Bodenpouf f\u00fcr Kinder, Patchworkkissen Pastell RAINBOW Velvet"},"content":{"rendered":"<h3><strong>Patchwork-Bodenkissen aus grauem Samt<\/strong><\/h3>\n<p>Patchwork-Bodenkissen in Regenbogen-Patchwork f\u00fcr Kinder ist ein gro\u00dfer, gem\u00fctlicher Sitz, der sich perfekt f\u00fcr allt\u00e4gliche Spiele und zum Ausruhen eignet.<\/p>\n<p>Der Pouf ist mit antiallergischem Schaumstoff gef\u00fcllt.<\/p>\n<p>Das pastellfarbene Bodenkissen hat einen Rei\u00dfverschluss, wodurch es leicht zu waschen ist.<\/p>\n<p>Ein farbenfroher Pouf ist eine sch\u00f6ne Dekoration f\u00fcr ein Kinderzimmer und ein beliebter Spielplatz.<\/p>\n<p>Das pastellfarbene Bodenkissen in Regenbogen-Patchwork ist der perfekte Pouf f\u00fcr ein Teenagerzimmer.<\/p>\n<p>Pastellsamt \u2013 Patchworkkissen in den folgenden Farben: Rosa, Blau, Salbei, Ecru.<\/p>\n<p>Spezifikationen:<\/p>\n<p>* Ma\u00dfe: ca. 70 \u00d7 10 cm (+\/- 2,5 cm)<\/p>\n<p>* F\u00fcllung aus antiallergischem Schaumstoff und Kugel<\/p>\n<p>* Stoff: Samtvelours \u2013 CE<\/p>\n<p>In der Velvet-Kollektion finden Sie Poufs in anderen Farben und Gr\u00f6\u00dfen sowie Tipi-Zelte, Girlanden, Teppiche und Kissen.<\/p>\n<p>Pflegehinweise:<\/p>\n<p>* Nicht b\u00fcgeln<\/p>\n<p>* Maschinenwaschbar bei 40 Grad, Schleudern &#8211; 800 Umdrehungen<\/p>\n<p>* Nicht chemisch reinigen<\/p>\n<p>* Nicht bleichen<\/p>\n<p>Entworfen und gen\u00e4ht in Polen von Cozy &amp; Dozy<\/p>\n<p>&nbsp;<\/p>\n","protected":false},"excerpt":{"rendered":"<p>Der dekorative Pouf in Pastell f\u00fcr Kinder ist ein gro\u00dfer, gem\u00fctlicher Sitz, der sich perfekt zum Spielen und Ausruhen im Alltag eignet.<\/p>\n","protected":false},"featured_media":3423,"comment_status":"open","ping_status":"closed","template":"","meta":[],"product_brand":[],"product_cat":[73],"product_tag":[],"class_list":{"0":"post-3745","1":"product","2":"type-product","3":"status-publish","4":"has-post-thumbnail","6":"product_cat-kissen-puffs","8":"first","9":"instock","10":"sale","11":"product-type-simple"},"yoast_head":"<!-- This site is optimized with the Yoast SEO Premium plugin v21.9 (Yoast SEO v27.0) - https:\/\/yoast.com\/product\/yoast-seo-premium-wordpress\/ -->\n<title>Bodenpouf f\u00fcr Kinder, Patchworkkissen Pastell RAINBOW Velvet - Cozy &amp; Dozy<\/title>\n<meta name=\"description\" content=\"Grey decorative pouffe for a child is a large, cozy seat perfect for everyday games and rest.\" \/>\n<meta name=\"robots\" content=\"index, follow, max-snippet:-1, max-image-preview:large, max-video-preview:-1\" \/>\n<link rel=\"canonical\" href=\"https:\/\/cozyanddozy.com\/de\/produkt\/pouf-de-sol-pour-enfant-coussin-patchwork-velours-pastel-rainbow\/\" \/>\n<meta property=\"og:locale\" content=\"de_DE\" \/>\n<meta property=\"og:type\" content=\"article\" \/>\n<meta property=\"og:title\" content=\"Bodenpouf f\u00fcr Kinder, Patchworkkissen Pastell RAINBOW Velvet\" \/>\n<meta property=\"og:description\" content=\"Grey decorative pouffe for a child is a large, cozy seat perfect for everyday games and rest.\" \/>\n<meta property=\"og:url\" content=\"https:\/\/cozyanddozy.com\/de\/produkt\/pouf-de-sol-pour-enfant-coussin-patchwork-velours-pastel-rainbow\/\" \/>\n<meta property=\"og:site_name\" content=\"Cozy &amp; Dozy\" \/>\n<meta property=\"article:modified_time\" content=\"2025-01-29T20:13:37+00:00\" \/>\n<meta property=\"og:image\" content=\"https:\/\/cozyanddozy.com\/de\/wp-content\/uploads\/2024\/05\/round-patchwork-pastel-pouf-scaled.jpeg\" \/>\n\t<meta property=\"og:image:width\" content=\"2560\" \/>\n\t<meta property=\"og:image:height\" content=\"2560\" \/>\n\t<meta property=\"og:image:type\" content=\"image\/jpeg\" \/>\n<meta name=\"twitter:card\" content=\"summary_large_image\" \/>\n<meta name=\"twitter:label1\" content=\"Preis\" \/>\n\t<meta name=\"twitter:data1\" content=\"49,00&nbsp;&euro;\" \/>\n\t<meta name=\"twitter:label2\" content=\"Verf\u00fcgbarkeit\" \/>\n\t<meta name=\"twitter:data2\" content=\"Auf Lager\" \/>\n<script type=\"application\/ld+json\" class=\"yoast-schema-graph\">{\"@context\":\"https:\/\/schema.org\",\"@graph\":[{\"@type\":\"WebPage\",\"@id\":\"https:\/\/cozyanddozy.com\/de\/produkt\/pouf-de-sol-pour-enfant-coussin-patchwork-velours-pastel-rainbow\/\",\"url\":\"https:\/\/cozyanddozy.com\/de\/produkt\/pouf-de-sol-pour-enfant-coussin-patchwork-velours-pastel-rainbow\/\",\"name\":\"Bodenpouf f\u00fcr Kinder, Patchworkkissen Pastell RAINBOW Velvet - Cozy & Dozy\",\"isPartOf\":{\"@id\":\"https:\/\/cozyanddozy.com\/de\/#website\"},\"primaryImageOfPage\":{\"@id\":\"https:\/\/cozyanddozy.com\/de\/produkt\/pouf-de-sol-pour-enfant-coussin-patchwork-velours-pastel-rainbow\/#primaryimage\"},\"image\":{\"@id\":\"https:\/\/cozyanddozy.com\/de\/produkt\/pouf-de-sol-pour-enfant-coussin-patchwork-velours-pastel-rainbow\/#primaryimage\"},\"thumbnailUrl\":\"https:\/\/cozyanddozy.com\/de\/wp-content\/uploads\/2024\/05\/round-patchwork-pastel-pouf-scaled.jpeg\",\"datePublished\":\"2024-10-11T11:27:34+00:00\",\"dateModified\":\"2025-01-29T20:13:37+00:00\",\"description\":\"Grey decorative pouffe for a child is a large, cozy seat perfect for everyday games and rest.\",\"breadcrumb\":{\"@id\":\"https:\/\/cozyanddozy.com\/de\/produkt\/pouf-de-sol-pour-enfant-coussin-patchwork-velours-pastel-rainbow\/#breadcrumb\"},\"inLanguage\":\"de\",\"potentialAction\":[{\"@type\":\"ReadAction\",\"target\":[\"https:\/\/cozyanddozy.com\/de\/produkt\/pouf-de-sol-pour-enfant-coussin-patchwork-velours-pastel-rainbow\/\"]}]},{\"@type\":\"ImageObject\",\"inLanguage\":\"de\",\"@id\":\"https:\/\/cozyanddozy.com\/de\/produkt\/pouf-de-sol-pour-enfant-coussin-patchwork-velours-pastel-rainbow\/#primaryimage\",\"url\":\"https:\/\/cozyanddozy.com\/de\/wp-content\/uploads\/2024\/05\/round-patchwork-pastel-pouf-scaled.jpeg\",\"contentUrl\":\"https:\/\/cozyanddozy.com\/de\/wp-content\/uploads\/2024\/05\/round-patchwork-pastel-pouf-scaled.jpeg\",\"width\":2560,\"height\":2560},{\"@type\":\"BreadcrumbList\",\"@id\":\"https:\/\/cozyanddozy.com\/de\/produkt\/pouf-de-sol-pour-enfant-coussin-patchwork-velours-pastel-rainbow\/#breadcrumb\",\"itemListElement\":[{\"@type\":\"ListItem\",\"position\":1,\"name\":\"Home\",\"item\":\"https:\/\/cozyanddozy.com\/de\/\"},{\"@type\":\"ListItem\",\"position\":2,\"name\":\"Shop\",\"item\":\"https:\/\/cozyanddozy.com\/de\/shop\/\"},{\"@type\":\"ListItem\",\"position\":3,\"name\":\"Bodenpouf f\u00fcr Kinder, Patchworkkissen Pastell RAINBOW Velvet\"}]},{\"@type\":\"WebSite\",\"@id\":\"https:\/\/cozyanddozy.com\/de\/#website\",\"url\":\"https:\/\/cozyanddozy.com\/de\/\",\"name\":\"Cozy & Dozy\",\"description\":\"\",\"publisher\":{\"@id\":\"https:\/\/cozyanddozy.com\/de\/#organization\"},\"potentialAction\":[{\"@type\":\"SearchAction\",\"target\":{\"@type\":\"EntryPoint\",\"urlTemplate\":\"https:\/\/cozyanddozy.com\/de\/?s={search_term_string}\"},\"query-input\":{\"@type\":\"PropertyValueSpecification\",\"valueRequired\":true,\"valueName\":\"search_term_string\"}}],\"inLanguage\":\"de\"},{\"@type\":\"Organization\",\"@id\":\"https:\/\/cozyanddozy.com\/de\/#organization\",\"name\":\"Cozy & Dozy\",\"url\":\"https:\/\/cozyanddozy.com\/de\/\",\"logo\":{\"@type\":\"ImageObject\",\"inLanguage\":\"de\",\"@id\":\"https:\/\/cozyanddozy.com\/de\/#\/schema\/logo\/image\/\",\"url\":\"https:\/\/cozyanddozy.com\/de\/wp-content\/uploads\/2023\/02\/cozyanddozy_logo_b.png\",\"contentUrl\":\"https:\/\/cozyanddozy.com\/de\/wp-content\/uploads\/2023\/02\/cozyanddozy_logo_b.png\",\"width\":314,\"height\":85,\"caption\":\"Cozy & Dozy\"},\"image\":{\"@id\":\"https:\/\/cozyanddozy.com\/de\/#\/schema\/logo\/image\/\"}}]}<\/script>\n<meta property=\"product:price:amount\" content=\"49.00\" \/>\n<meta property=\"product:price:currency\" content=\"EUR\" \/>\n<meta property=\"og:availability\" content=\"instock\" \/>\n<meta property=\"product:availability\" content=\"instock\" \/>\n<meta property=\"product:retailer_item_id\" content=\"5902701498030\" \/>\n<meta property=\"product:condition\" content=\"new\" \/>\n<!-- \/ Yoast SEO Premium plugin. -->","yoast_head_json":{"title":"Bodenpouf f\u00fcr Kinder, Patchworkkissen Pastell RAINBOW Velvet - Cozy & Dozy","description":"Grey decorative pouffe for a child is a large, cozy seat perfect for everyday games and rest.","robots":{"index":"index","follow":"follow","max-snippet":"max-snippet:-1","max-image-preview":"max-image-preview:large","max-video-preview":"max-video-preview:-1"},"canonical":"https:\/\/cozyanddozy.com\/de\/produkt\/pouf-de-sol-pour-enfant-coussin-patchwork-velours-pastel-rainbow\/","og_locale":"de_DE","og_type":"article","og_title":"Bodenpouf f\u00fcr Kinder, Patchworkkissen Pastell RAINBOW Velvet","og_description":"Grey decorative pouffe for a child is a large, cozy seat perfect for everyday games and rest.","og_url":"https:\/\/cozyanddozy.com\/de\/produkt\/pouf-de-sol-pour-enfant-coussin-patchwork-velours-pastel-rainbow\/","og_site_name":"Cozy &amp; Dozy","article_modified_time":"2025-01-29T20:13:37+00:00","og_image":[{"width":2560,"height":2560,"url":"https:\/\/cozyanddozy.com\/de\/wp-content\/uploads\/2024\/05\/round-patchwork-pastel-pouf-scaled.jpeg","type":"image\/jpeg"}],"twitter_card":"summary_large_image","twitter_misc":{"Preis":"49,00&nbsp;&euro;","Verf\u00fcgbarkeit":"Auf Lager"},"schema":{"@context":"https:\/\/schema.org","@graph":[{"@type":"WebPage","@id":"https:\/\/cozyanddozy.com\/de\/produkt\/pouf-de-sol-pour-enfant-coussin-patchwork-velours-pastel-rainbow\/","url":"https:\/\/cozyanddozy.com\/de\/produkt\/pouf-de-sol-pour-enfant-coussin-patchwork-velours-pastel-rainbow\/","name":"Bodenpouf f\u00fcr Kinder, Patchworkkissen Pastell RAINBOW Velvet - Cozy & Dozy","isPartOf":{"@id":"https:\/\/cozyanddozy.com\/de\/#website"},"primaryImageOfPage":{"@id":"https:\/\/cozyanddozy.com\/de\/produkt\/pouf-de-sol-pour-enfant-coussin-patchwork-velours-pastel-rainbow\/#primaryimage"},"image":{"@id":"https:\/\/cozyanddozy.com\/de\/produkt\/pouf-de-sol-pour-enfant-coussin-patchwork-velours-pastel-rainbow\/#primaryimage"},"thumbnailUrl":"https:\/\/cozyanddozy.com\/de\/wp-content\/uploads\/2024\/05\/round-patchwork-pastel-pouf-scaled.jpeg","datePublished":"2024-10-11T11:27:34+00:00","dateModified":"2025-01-29T20:13:37+00:00","description":"Grey decorative pouffe for a child is a large, cozy seat perfect for everyday games and rest.","breadcrumb":{"@id":"https:\/\/cozyanddozy.com\/de\/produkt\/pouf-de-sol-pour-enfant-coussin-patchwork-velours-pastel-rainbow\/#breadcrumb"},"inLanguage":"de","potentialAction":[{"@type":"ReadAction","target":["https:\/\/cozyanddozy.com\/de\/produkt\/pouf-de-sol-pour-enfant-coussin-patchwork-velours-pastel-rainbow\/"]}]},{"@type":"ImageObject","inLanguage":"de","@id":"https:\/\/cozyanddozy.com\/de\/produkt\/pouf-de-sol-pour-enfant-coussin-patchwork-velours-pastel-rainbow\/#primaryimage","url":"https:\/\/cozyanddozy.com\/de\/wp-content\/uploads\/2024\/05\/round-patchwork-pastel-pouf-scaled.jpeg","contentUrl":"https:\/\/cozyanddozy.com\/de\/wp-content\/uploads\/2024\/05\/round-patchwork-pastel-pouf-scaled.jpeg","width":2560,"height":2560},{"@type":"BreadcrumbList","@id":"https:\/\/cozyanddozy.com\/de\/produkt\/pouf-de-sol-pour-enfant-coussin-patchwork-velours-pastel-rainbow\/#breadcrumb","itemListElement":[{"@type":"ListItem","position":1,"name":"Home","item":"https:\/\/cozyanddozy.com\/de\/"},{"@type":"ListItem","position":2,"name":"Shop","item":"https:\/\/cozyanddozy.com\/de\/shop\/"},{"@type":"ListItem","position":3,"name":"Bodenpouf f\u00fcr Kinder, Patchworkkissen Pastell RAINBOW Velvet"}]},{"@type":"WebSite","@id":"https:\/\/cozyanddozy.com\/de\/#website","url":"https:\/\/cozyanddozy.com\/de\/","name":"Cozy & Dozy","description":"","publisher":{"@id":"https:\/\/cozyanddozy.com\/de\/#organization"},"potentialAction":[{"@type":"SearchAction","target":{"@type":"EntryPoint","urlTemplate":"https:\/\/cozyanddozy.com\/de\/?s={search_term_string}"},"query-input":{"@type":"PropertyValueSpecification","valueRequired":true,"valueName":"search_term_string"}}],"inLanguage":"de"},{"@type":"Organization","@id":"https:\/\/cozyanddozy.com\/de\/#organization","name":"Cozy & Dozy","url":"https:\/\/cozyanddozy.com\/de\/","logo":{"@type":"ImageObject","inLanguage":"de","@id":"https:\/\/cozyanddozy.com\/de\/#\/schema\/logo\/image\/","url":"https:\/\/cozyanddozy.com\/de\/wp-content\/uploads\/2023\/02\/cozyanddozy_logo_b.png","contentUrl":"https:\/\/cozyanddozy.com\/de\/wp-content\/uploads\/2023\/02\/cozyanddozy_logo_b.png","width":314,"height":85,"caption":"Cozy & Dozy"},"image":{"@id":"https:\/\/cozyanddozy.com\/de\/#\/schema\/logo\/image\/"}}]},"product_price_amount":"49.00","product_price_currency":"EUR","og_availability":"instock","product_availability":"instock","product_retailer_item_id":"5902701498030","product_condition":"new"},"_links":{"self":[{"href":"https:\/\/cozyanddozy.com\/de\/wp-json\/wp\/v2\/product\/3745","targetHints":{"allow":["GET"]}}],"collection":[{"href":"https:\/\/cozyanddozy.com\/de\/wp-json\/wp\/v2\/product"}],"about":[{"href":"https:\/\/cozyanddozy.com\/de\/wp-json\/wp\/v2\/types\/product"}],"replies":[{"embeddable":true,"href":"https:\/\/cozyanddozy.com\/de\/wp-json\/wp\/v2\/comments?post=3745"}],"wp:featuredmedia":[{"embeddable":true,"href":"https:\/\/cozyanddozy.com\/de\/wp-json\/wp\/v2\/media\/3423"}],"wp:attachment":[{"href":"https:\/\/cozyanddozy.com\/de\/wp-json\/wp\/v2\/media?parent=3745"}],"wp:term":[{"taxonomy":"product_brand","embeddable":true,"href":"https:\/\/cozyanddozy.com\/de\/wp-json\/wp\/v2\/product_brand?post=3745"},{"taxonomy":"product_cat","embeddable":true,"href":"https:\/\/cozyanddozy.com\/de\/wp-json\/wp\/v2\/product_cat?post=3745"},{"taxonomy":"product_tag","embeddable":true,"href":"https:\/\/cozyanddozy.com\/de\/wp-json\/wp\/v2\/product_tag?post=3745"}],"curies":[{"name":"wp","href":"https:\/\/api.w.org\/{rel}","templated":true}]}}