{"id":3718,"date":"2024-11-13T09:08:57","date_gmt":"2024-11-13T09:08:57","guid":{"rendered":"https:\/\/cozyanddozy.com\/?post_type=product&#038;p=3318"},"modified":"2024-11-17T15:55:49","modified_gmt":"2024-11-17T14:55:49","slug":"weihnachtsgirlande-samtgirlande-weihnachtsdekorationskette-165-cm","status":"publish","type":"product","link":"https:\/\/cozyanddozy.com\/de\/produkt\/weihnachtsgirlande-samtgirlande-weihnachtsdekorationskette-165-cm\/","title":{"rendered":"Weihnachtsgirlande, Samtgirlande, Weihnachtsdekorationskette, 165 cm"},"content":{"rendered":"<h3><strong>Verwandeln Sie Ihre Weihnachtsdekoration mit dieser luxuri\u00f6sen Weihnachtsgirlande aus hochwertigem Samt in den klassischen festlichen Farben Wei\u00df, Gr\u00fcn und Rot<\/strong>.<\/h3>\n<p>Mit einer L\u00e4nge von 165 cm \u00a0ist diese Weihnachtsgirlande die perfekte Weihnachtsdekoration, um jedem Raum eine gem\u00fctliche, elegante Note zu verleihen. Drapieren Sie sie \u00fcber Ihren Kaminsims, legen Sie sie \u00fcber ein Regal oder verwenden Sie sie als sch\u00f6nen Akzent f\u00fcr eine Geschenkpr\u00e4sentation unter Ihrem Weihnachtsbaum.<\/p>\n<p>Die pl\u00fcschige, weiche Textur des Samtmaterials verleiht jeder Weihnachtsdekoration ein anspruchsvolles Flair und macht sie ideal f\u00fcr moderne und traditionelle Weihnachtsthemen. Egal, ob Sie ein gem\u00fctliches Wohnzimmer dekorieren oder in einem Eingangsbereich die perfekte Weihnachtsszene schaffen, diese festliche Girlande verleiht einen Hauch von zeitlosem Charme.<\/p>\n<p>Produktdetails:<\/p>\n<p>L\u00e4nge: 165 cm<\/p>\n<p>Material: Hochwertiger Samt in Wei\u00df, Gr\u00fcn und Rot<\/p>\n<p>Perfekt f\u00fcr: Weihnachtsdekoration f\u00fcr den Kaminsims, Weihnachtsregaldekoration, Wanddekoration oder Weihnachtsgeschenkbereich<\/p>\n<p>Verleihen Sie Ihrem Zuhause mit dieser wundersch\u00f6nen Weihnachtsgirlande aus Samt einen Hauch von weihnachtlicher W\u00e4rme und Eleganz. Diese handgefertigte Dekoration ist eine sch\u00f6ne Erg\u00e4nzung Ihrer saisonalen Sammlung oder ein durchdachtes Weihnachtsgeschenk f\u00fcr Freunde und Familie, die festliche Dekoration sch\u00e4tzen.<\/p>\n<p>&nbsp;<\/p>\n","protected":false},"excerpt":{"rendered":"<p>Verleihen Sie Ihrem Zuhause mit dieser wundersch\u00f6nen Weihnachtsgirlande aus Samt einen Hauch von weihnachtlicher W\u00e4rme und Eleganz. Diese handgefertigte Dekoration ist eine sch\u00f6ne Erg\u00e4nzung Ihrer saisonalen Sammlung oder ein durchdachtes Weihnachtsgeschenk f\u00fcr Freunde und Familie, die festliche Dekoration sch\u00e4tzen.<\/p>\n","protected":false},"featured_media":3700,"comment_status":"open","ping_status":"closed","template":"","meta":[],"product_brand":[],"product_cat":[103,72],"product_tag":[],"class_list":{"0":"post-3718","1":"product","2":"type-product","3":"status-publish","4":"has-post-thumbnail","6":"product_cat-weihnachten","7":"product_cat-zubehoer","9":"first","10":"instock","11":"shipping-taxable","12":"product-type-simple"},"yoast_head":"<!-- This site is optimized with the Yoast SEO Premium plugin v21.9 (Yoast SEO v27.0) - https:\/\/yoast.com\/product\/yoast-seo-premium-wordpress\/ -->\n<title>Weihnachtsgirlande, Samtgirlande, Weihnachtsdekorationskette, 165 cm - Cozy &amp; Dozy<\/title>\n<meta name=\"robots\" content=\"index, follow, max-snippet:-1, max-image-preview:large, max-video-preview:-1\" \/>\n<link rel=\"canonical\" href=\"https:\/\/cozyanddozy.com\/de\/produkt\/weihnachtsgirlande-samtgirlande-weihnachtsdekorationskette-165-cm\/\" \/>\n<meta property=\"og:locale\" content=\"de_DE\" \/>\n<meta property=\"og:type\" content=\"article\" \/>\n<meta property=\"og:title\" content=\"Weihnachtsgirlande, Samtgirlande, Weihnachtsdekorationskette, 165 cm\" \/>\n<meta property=\"og:description\" content=\"Verleihen Sie Ihrem Zuhause mit dieser wundersch\u00f6nen Weihnachtsgirlande aus Samt einen Hauch von weihnachtlicher W\u00e4rme und Eleganz. Diese handgefertigte Dekoration ist eine sch\u00f6ne Erg\u00e4nzung Ihrer saisonalen Sammlung oder ein durchdachtes Weihnachtsgeschenk f\u00fcr Freunde und Familie, die festliche Dekoration sch\u00e4tzen.\" \/>\n<meta property=\"og:url\" content=\"https:\/\/cozyanddozy.com\/de\/produkt\/weihnachtsgirlande-samtgirlande-weihnachtsdekorationskette-165-cm\/\" \/>\n<meta property=\"og:site_name\" content=\"Cozy &amp; Dozy\" \/>\n<meta property=\"article:modified_time\" content=\"2024-11-17T14:55:49+00:00\" \/>\n<meta property=\"og:image\" content=\"https:\/\/cozyanddozy.com\/de\/wp-content\/uploads\/2024\/11\/garland-velvet.jpg\" \/>\n\t<meta property=\"og:image:width\" content=\"1200\" \/>\n\t<meta property=\"og:image:height\" content=\"1250\" \/>\n\t<meta property=\"og:image:type\" content=\"image\/jpeg\" \/>\n<meta name=\"twitter:card\" content=\"summary_large_image\" \/>\n<meta name=\"twitter:label1\" content=\"Preis\" \/>\n\t<meta name=\"twitter:data1\" content=\"19,00&nbsp;&euro;\" \/>\n\t<meta name=\"twitter:label2\" content=\"Verf\u00fcgbarkeit\" \/>\n\t<meta name=\"twitter:data2\" content=\"Auf Lager\" \/>\n<script type=\"application\/ld+json\" class=\"yoast-schema-graph\">{\"@context\":\"https:\/\/schema.org\",\"@graph\":[{\"@type\":\"WebPage\",\"@id\":\"https:\/\/cozyanddozy.com\/de\/produkt\/weihnachtsgirlande-samtgirlande-weihnachtsdekorationskette-165-cm\/\",\"url\":\"https:\/\/cozyanddozy.com\/de\/produkt\/weihnachtsgirlande-samtgirlande-weihnachtsdekorationskette-165-cm\/\",\"name\":\"Weihnachtsgirlande, Samtgirlande, Weihnachtsdekorationskette, 165 cm - Cozy & Dozy\",\"isPartOf\":{\"@id\":\"https:\/\/cozyanddozy.com\/de\/#website\"},\"primaryImageOfPage\":{\"@id\":\"https:\/\/cozyanddozy.com\/de\/produkt\/weihnachtsgirlande-samtgirlande-weihnachtsdekorationskette-165-cm\/#primaryimage\"},\"image\":{\"@id\":\"https:\/\/cozyanddozy.com\/de\/produkt\/weihnachtsgirlande-samtgirlande-weihnachtsdekorationskette-165-cm\/#primaryimage\"},\"thumbnailUrl\":\"https:\/\/cozyanddozy.com\/de\/wp-content\/uploads\/2024\/11\/garland-velvet.jpg\",\"datePublished\":\"2024-11-13T09:08:57+00:00\",\"dateModified\":\"2024-11-17T14:55:49+00:00\",\"breadcrumb\":{\"@id\":\"https:\/\/cozyanddozy.com\/de\/produkt\/weihnachtsgirlande-samtgirlande-weihnachtsdekorationskette-165-cm\/#breadcrumb\"},\"inLanguage\":\"de\",\"potentialAction\":[{\"@type\":\"ReadAction\",\"target\":[\"https:\/\/cozyanddozy.com\/de\/produkt\/weihnachtsgirlande-samtgirlande-weihnachtsdekorationskette-165-cm\/\"]}]},{\"@type\":\"ImageObject\",\"inLanguage\":\"de\",\"@id\":\"https:\/\/cozyanddozy.com\/de\/produkt\/weihnachtsgirlande-samtgirlande-weihnachtsdekorationskette-165-cm\/#primaryimage\",\"url\":\"https:\/\/cozyanddozy.com\/de\/wp-content\/uploads\/2024\/11\/garland-velvet.jpg\",\"contentUrl\":\"https:\/\/cozyanddozy.com\/de\/wp-content\/uploads\/2024\/11\/garland-velvet.jpg\",\"width\":1200,\"height\":1250},{\"@type\":\"BreadcrumbList\",\"@id\":\"https:\/\/cozyanddozy.com\/de\/produkt\/weihnachtsgirlande-samtgirlande-weihnachtsdekorationskette-165-cm\/#breadcrumb\",\"itemListElement\":[{\"@type\":\"ListItem\",\"position\":1,\"name\":\"Home\",\"item\":\"https:\/\/cozyanddozy.com\/de\/\"},{\"@type\":\"ListItem\",\"position\":2,\"name\":\"Shop\",\"item\":\"https:\/\/cozyanddozy.com\/de\/shop\/\"},{\"@type\":\"ListItem\",\"position\":3,\"name\":\"Weihnachtsgirlande, Samtgirlande, Weihnachtsdekorationskette, 165 cm\"}]},{\"@type\":\"WebSite\",\"@id\":\"https:\/\/cozyanddozy.com\/de\/#website\",\"url\":\"https:\/\/cozyanddozy.com\/de\/\",\"name\":\"Cozy & Dozy\",\"description\":\"\",\"publisher\":{\"@id\":\"https:\/\/cozyanddozy.com\/de\/#organization\"},\"potentialAction\":[{\"@type\":\"SearchAction\",\"target\":{\"@type\":\"EntryPoint\",\"urlTemplate\":\"https:\/\/cozyanddozy.com\/de\/?s={search_term_string}\"},\"query-input\":{\"@type\":\"PropertyValueSpecification\",\"valueRequired\":true,\"valueName\":\"search_term_string\"}}],\"inLanguage\":\"de\"},{\"@type\":\"Organization\",\"@id\":\"https:\/\/cozyanddozy.com\/de\/#organization\",\"name\":\"Cozy & Dozy\",\"url\":\"https:\/\/cozyanddozy.com\/de\/\",\"logo\":{\"@type\":\"ImageObject\",\"inLanguage\":\"de\",\"@id\":\"https:\/\/cozyanddozy.com\/de\/#\/schema\/logo\/image\/\",\"url\":\"https:\/\/cozyanddozy.com\/de\/wp-content\/uploads\/2023\/02\/cozyanddozy_logo_b.png\",\"contentUrl\":\"https:\/\/cozyanddozy.com\/de\/wp-content\/uploads\/2023\/02\/cozyanddozy_logo_b.png\",\"width\":314,\"height\":85,\"caption\":\"Cozy & Dozy\"},\"image\":{\"@id\":\"https:\/\/cozyanddozy.com\/de\/#\/schema\/logo\/image\/\"}}]}<\/script>\n<meta property=\"product:price:amount\" content=\"19.00\" \/>\n<meta property=\"product:price:currency\" content=\"EUR\" \/>\n<meta property=\"og:availability\" content=\"instock\" \/>\n<meta property=\"product:availability\" content=\"instock\" \/>\n<meta property=\"product:condition\" content=\"new\" \/>\n<!-- \/ Yoast SEO Premium plugin. -->","yoast_head_json":{"title":"Weihnachtsgirlande, Samtgirlande, Weihnachtsdekorationskette, 165 cm - Cozy & Dozy","robots":{"index":"index","follow":"follow","max-snippet":"max-snippet:-1","max-image-preview":"max-image-preview:large","max-video-preview":"max-video-preview:-1"},"canonical":"https:\/\/cozyanddozy.com\/de\/produkt\/weihnachtsgirlande-samtgirlande-weihnachtsdekorationskette-165-cm\/","og_locale":"de_DE","og_type":"article","og_title":"Weihnachtsgirlande, Samtgirlande, Weihnachtsdekorationskette, 165 cm","og_description":"Verleihen Sie Ihrem Zuhause mit dieser wundersch\u00f6nen Weihnachtsgirlande aus Samt einen Hauch von weihnachtlicher W\u00e4rme und Eleganz. Diese handgefertigte Dekoration ist eine sch\u00f6ne Erg\u00e4nzung Ihrer saisonalen Sammlung oder ein durchdachtes Weihnachtsgeschenk f\u00fcr Freunde und Familie, die festliche Dekoration sch\u00e4tzen.","og_url":"https:\/\/cozyanddozy.com\/de\/produkt\/weihnachtsgirlande-samtgirlande-weihnachtsdekorationskette-165-cm\/","og_site_name":"Cozy &amp; Dozy","article_modified_time":"2024-11-17T14:55:49+00:00","og_image":[{"width":1200,"height":1250,"url":"https:\/\/cozyanddozy.com\/de\/wp-content\/uploads\/2024\/11\/garland-velvet.jpg","type":"image\/jpeg"}],"twitter_card":"summary_large_image","twitter_misc":{"Preis":"19,00&nbsp;&euro;","Verf\u00fcgbarkeit":"Auf Lager"},"schema":{"@context":"https:\/\/schema.org","@graph":[{"@type":"WebPage","@id":"https:\/\/cozyanddozy.com\/de\/produkt\/weihnachtsgirlande-samtgirlande-weihnachtsdekorationskette-165-cm\/","url":"https:\/\/cozyanddozy.com\/de\/produkt\/weihnachtsgirlande-samtgirlande-weihnachtsdekorationskette-165-cm\/","name":"Weihnachtsgirlande, Samtgirlande, Weihnachtsdekorationskette, 165 cm - Cozy & Dozy","isPartOf":{"@id":"https:\/\/cozyanddozy.com\/de\/#website"},"primaryImageOfPage":{"@id":"https:\/\/cozyanddozy.com\/de\/produkt\/weihnachtsgirlande-samtgirlande-weihnachtsdekorationskette-165-cm\/#primaryimage"},"image":{"@id":"https:\/\/cozyanddozy.com\/de\/produkt\/weihnachtsgirlande-samtgirlande-weihnachtsdekorationskette-165-cm\/#primaryimage"},"thumbnailUrl":"https:\/\/cozyanddozy.com\/de\/wp-content\/uploads\/2024\/11\/garland-velvet.jpg","datePublished":"2024-11-13T09:08:57+00:00","dateModified":"2024-11-17T14:55:49+00:00","breadcrumb":{"@id":"https:\/\/cozyanddozy.com\/de\/produkt\/weihnachtsgirlande-samtgirlande-weihnachtsdekorationskette-165-cm\/#breadcrumb"},"inLanguage":"de","potentialAction":[{"@type":"ReadAction","target":["https:\/\/cozyanddozy.com\/de\/produkt\/weihnachtsgirlande-samtgirlande-weihnachtsdekorationskette-165-cm\/"]}]},{"@type":"ImageObject","inLanguage":"de","@id":"https:\/\/cozyanddozy.com\/de\/produkt\/weihnachtsgirlande-samtgirlande-weihnachtsdekorationskette-165-cm\/#primaryimage","url":"https:\/\/cozyanddozy.com\/de\/wp-content\/uploads\/2024\/11\/garland-velvet.jpg","contentUrl":"https:\/\/cozyanddozy.com\/de\/wp-content\/uploads\/2024\/11\/garland-velvet.jpg","width":1200,"height":1250},{"@type":"BreadcrumbList","@id":"https:\/\/cozyanddozy.com\/de\/produkt\/weihnachtsgirlande-samtgirlande-weihnachtsdekorationskette-165-cm\/#breadcrumb","itemListElement":[{"@type":"ListItem","position":1,"name":"Home","item":"https:\/\/cozyanddozy.com\/de\/"},{"@type":"ListItem","position":2,"name":"Shop","item":"https:\/\/cozyanddozy.com\/de\/shop\/"},{"@type":"ListItem","position":3,"name":"Weihnachtsgirlande, Samtgirlande, Weihnachtsdekorationskette, 165 cm"}]},{"@type":"WebSite","@id":"https:\/\/cozyanddozy.com\/de\/#website","url":"https:\/\/cozyanddozy.com\/de\/","name":"Cozy & Dozy","description":"","publisher":{"@id":"https:\/\/cozyanddozy.com\/de\/#organization"},"potentialAction":[{"@type":"SearchAction","target":{"@type":"EntryPoint","urlTemplate":"https:\/\/cozyanddozy.com\/de\/?s={search_term_string}"},"query-input":{"@type":"PropertyValueSpecification","valueRequired":true,"valueName":"search_term_string"}}],"inLanguage":"de"},{"@type":"Organization","@id":"https:\/\/cozyanddozy.com\/de\/#organization","name":"Cozy & Dozy","url":"https:\/\/cozyanddozy.com\/de\/","logo":{"@type":"ImageObject","inLanguage":"de","@id":"https:\/\/cozyanddozy.com\/de\/#\/schema\/logo\/image\/","url":"https:\/\/cozyanddozy.com\/de\/wp-content\/uploads\/2023\/02\/cozyanddozy_logo_b.png","contentUrl":"https:\/\/cozyanddozy.com\/de\/wp-content\/uploads\/2023\/02\/cozyanddozy_logo_b.png","width":314,"height":85,"caption":"Cozy & Dozy"},"image":{"@id":"https:\/\/cozyanddozy.com\/de\/#\/schema\/logo\/image\/"}}]},"product_price_amount":"19.00","product_price_currency":"EUR","og_availability":"instock","product_availability":"instock","product_condition":"new"},"_links":{"self":[{"href":"https:\/\/cozyanddozy.com\/de\/wp-json\/wp\/v2\/product\/3718","targetHints":{"allow":["GET"]}}],"collection":[{"href":"https:\/\/cozyanddozy.com\/de\/wp-json\/wp\/v2\/product"}],"about":[{"href":"https:\/\/cozyanddozy.com\/de\/wp-json\/wp\/v2\/types\/product"}],"replies":[{"embeddable":true,"href":"https:\/\/cozyanddozy.com\/de\/wp-json\/wp\/v2\/comments?post=3718"}],"wp:featuredmedia":[{"embeddable":true,"href":"https:\/\/cozyanddozy.com\/de\/wp-json\/wp\/v2\/media\/3700"}],"wp:attachment":[{"href":"https:\/\/cozyanddozy.com\/de\/wp-json\/wp\/v2\/media?parent=3718"}],"wp:term":[{"taxonomy":"product_brand","embeddable":true,"href":"https:\/\/cozyanddozy.com\/de\/wp-json\/wp\/v2\/product_brand?post=3718"},{"taxonomy":"product_cat","embeddable":true,"href":"https:\/\/cozyanddozy.com\/de\/wp-json\/wp\/v2\/product_cat?post=3718"},{"taxonomy":"product_tag","embeddable":true,"href":"https:\/\/cozyanddozy.com\/de\/wp-json\/wp\/v2\/product_tag?post=3718"}],"curies":[{"name":"wp","href":"https:\/\/api.w.org\/{rel}","templated":true}]}}