{"id":3713,"date":"2024-11-16T17:54:06","date_gmt":"2024-11-16T17:54:06","guid":{"rendered":"https:\/\/cozyanddozy.com\/?post_type=product&#038;p=3325"},"modified":"2025-01-29T21:12:53","modified_gmt":"2025-01-29T20:12:53","slug":"teddy-velvet-patchwork-brown-bodenkissen","status":"publish","type":"product","link":"https:\/\/cozyanddozy.com\/de\/produkt\/teddy-velvet-patchwork-brown-bodenkissen\/","title":{"rendered":"Teddy Velvet Patchwork- Brown Bodenkissen"},"content":{"rendered":"<h3><strong>Teddy Velvet Patchwork-Bodenkissen<\/strong><\/h3>\n<p>Brauner dekorativer Pouf f\u00fcr ein Kind ist ein gro\u00dfer, gem\u00fctlicher Sitz, perfekt f\u00fcr allt\u00e4gliche Spiele und zum Ausruhen.<\/p>\n<p>Der Pouf ist mit antiallergischem Schaumstoff gef\u00fcllt.<\/p>\n<p>Das braune Bodenkissen hat einen Rei\u00dfverschluss, wodurch es leicht zu waschen ist.<\/p>\n<p>Ein bunter Pouf ist eine sch\u00f6ne Dekoration f\u00fcr ein Kinderzimmer und ein beliebter Spielplatz.<\/p>\n<p>Das Teddy-Bodenkissen ist der perfekte Pouf f\u00fcr ein Teenagerzimmer.<\/p>\n<p>Teddy VELVET \u2013 Patchwork-Kissen in den folgenden Farben: Dunkelbraun, Zimt, Hellbraun, Beige.<\/p>\n<p>Spezifikationen:<\/p>\n<ul>\n<li>Ma\u00dfe: ca. 70 \u00d7 10 cm (+\/- 2,5 cm)<\/li>\n<li><span style=\"color: #555555;\">F\u00fcllung aus antiallergischem Schaumstoff und Kugel<\/span><\/li>\n<li><span style=\"color: #555555;\">Stoff: Samtvelours \u2013 CE<\/span><\/li>\n<\/ul>\n<p>In der Velvet-Kollektion finden Sie weitere Farben und Gr\u00f6\u00dfen von Poufs sowie Tipi-Zelte, Girlanden, Teppiche und Kissen.<\/p>\n<p>Pflegehinweise:<\/p>\n<ul>\n<li>Nicht b\u00fcgeln<\/li>\n<li><span style=\"color: #555555;\">Maschinenwaschbar bei 40 Grad, Schleudern \u2013 800 Umdrehungen<\/span><\/li>\n<li><span style=\"color: #555555;\">Nicht chemisch reinigen<\/span><\/li>\n<li><span style=\"color: #555555;\">Nicht bleichen<\/span><\/li>\n<\/ul>\n<p>Entworfen und gen\u00e4ht in Polen von Cozy &amp; Dozy<\/p>\n","protected":false},"excerpt":{"rendered":"<p>Brauner dekorativer Pouf f\u00fcr ein Kind ist ein gro\u00dfer, gem\u00fctlicher Sitz, perfekt f\u00fcr allt\u00e4gliche Spiele und zum Ausruhen.\u00a0 Dimensions: approx. 70 \u00d7 10 cm (+\/- 2.5 cm)<\/p>\n","protected":false},"featured_media":3712,"comment_status":"open","ping_status":"closed","template":"","meta":[],"product_brand":[],"product_cat":[73,103],"product_tag":[],"class_list":{"0":"post-3713","1":"product","2":"type-product","3":"status-publish","4":"has-post-thumbnail","6":"product_cat-kissen-puffs","7":"product_cat-weihnachten","9":"first","10":"instock","11":"sale","12":"shipping-taxable","13":"product-type-simple"},"yoast_head":"<!-- This site is optimized with the Yoast SEO Premium plugin v21.9 (Yoast SEO v27.0) - https:\/\/yoast.com\/product\/yoast-seo-premium-wordpress\/ -->\n<title>Teddy Velvet Patchwork- Brown Bodenkissen - Cozy &amp; Dozy<\/title>\n<meta name=\"robots\" content=\"index, follow, max-snippet:-1, max-image-preview:large, max-video-preview:-1\" \/>\n<link rel=\"canonical\" href=\"https:\/\/cozyanddozy.com\/de\/produkt\/teddy-velvet-patchwork-brown-bodenkissen\/\" \/>\n<meta property=\"og:locale\" content=\"de_DE\" \/>\n<meta property=\"og:type\" content=\"article\" \/>\n<meta property=\"og:title\" content=\"Teddy Velvet Patchwork- Brown Bodenkissen\" \/>\n<meta property=\"og:description\" content=\"Brauner dekorativer Pouf f\u00fcr ein Kind ist ein gro\u00dfer, gem\u00fctlicher Sitz, perfekt f\u00fcr allt\u00e4gliche Spiele und zum Ausruhen.\u00a0 Dimensions: approx. 70 \u00d7 10 cm (+\/- 2.5 cm)\" \/>\n<meta property=\"og:url\" content=\"https:\/\/cozyanddozy.com\/de\/produkt\/teddy-velvet-patchwork-brown-bodenkissen\/\" \/>\n<meta property=\"og:site_name\" content=\"Cozy &amp; Dozy\" \/>\n<meta property=\"article:modified_time\" content=\"2025-01-29T20:12:53+00:00\" \/>\n<meta property=\"og:image\" content=\"https:\/\/cozyanddozy.com\/de\/wp-content\/uploads\/2024\/11\/floor-pouf-teddy.jpeg\" \/>\n\t<meta property=\"og:image:width\" content=\"1200\" \/>\n\t<meta property=\"og:image:height\" content=\"1179\" \/>\n\t<meta property=\"og:image:type\" content=\"image\/jpeg\" \/>\n<meta name=\"twitter:card\" content=\"summary_large_image\" \/>\n<meta name=\"twitter:label1\" content=\"Preis\" \/>\n\t<meta name=\"twitter:data1\" content=\"49,00&nbsp;&euro;\" \/>\n\t<meta name=\"twitter:label2\" content=\"Verf\u00fcgbarkeit\" \/>\n\t<meta name=\"twitter:data2\" content=\"Auf Lager\" \/>\n<script type=\"application\/ld+json\" class=\"yoast-schema-graph\">{\"@context\":\"https:\/\/schema.org\",\"@graph\":[{\"@type\":\"WebPage\",\"@id\":\"https:\/\/cozyanddozy.com\/de\/produkt\/teddy-velvet-patchwork-brown-bodenkissen\/\",\"url\":\"https:\/\/cozyanddozy.com\/de\/produkt\/teddy-velvet-patchwork-brown-bodenkissen\/\",\"name\":\"Teddy Velvet Patchwork- Brown Bodenkissen - Cozy & Dozy\",\"isPartOf\":{\"@id\":\"https:\/\/cozyanddozy.com\/de\/#website\"},\"primaryImageOfPage\":{\"@id\":\"https:\/\/cozyanddozy.com\/de\/produkt\/teddy-velvet-patchwork-brown-bodenkissen\/#primaryimage\"},\"image\":{\"@id\":\"https:\/\/cozyanddozy.com\/de\/produkt\/teddy-velvet-patchwork-brown-bodenkissen\/#primaryimage\"},\"thumbnailUrl\":\"https:\/\/cozyanddozy.com\/de\/wp-content\/uploads\/2024\/11\/floor-pouf-teddy.jpeg\",\"datePublished\":\"2024-11-16T17:54:06+00:00\",\"dateModified\":\"2025-01-29T20:12:53+00:00\",\"breadcrumb\":{\"@id\":\"https:\/\/cozyanddozy.com\/de\/produkt\/teddy-velvet-patchwork-brown-bodenkissen\/#breadcrumb\"},\"inLanguage\":\"de\",\"potentialAction\":[{\"@type\":\"ReadAction\",\"target\":[\"https:\/\/cozyanddozy.com\/de\/produkt\/teddy-velvet-patchwork-brown-bodenkissen\/\"]}]},{\"@type\":\"ImageObject\",\"inLanguage\":\"de\",\"@id\":\"https:\/\/cozyanddozy.com\/de\/produkt\/teddy-velvet-patchwork-brown-bodenkissen\/#primaryimage\",\"url\":\"https:\/\/cozyanddozy.com\/de\/wp-content\/uploads\/2024\/11\/floor-pouf-teddy.jpeg\",\"contentUrl\":\"https:\/\/cozyanddozy.com\/de\/wp-content\/uploads\/2024\/11\/floor-pouf-teddy.jpeg\",\"width\":1200,\"height\":1179},{\"@type\":\"BreadcrumbList\",\"@id\":\"https:\/\/cozyanddozy.com\/de\/produkt\/teddy-velvet-patchwork-brown-bodenkissen\/#breadcrumb\",\"itemListElement\":[{\"@type\":\"ListItem\",\"position\":1,\"name\":\"Home\",\"item\":\"https:\/\/cozyanddozy.com\/de\/\"},{\"@type\":\"ListItem\",\"position\":2,\"name\":\"Shop\",\"item\":\"https:\/\/cozyanddozy.com\/de\/shop\/\"},{\"@type\":\"ListItem\",\"position\":3,\"name\":\"Teddy Velvet Patchwork- Brown Bodenkissen\"}]},{\"@type\":\"WebSite\",\"@id\":\"https:\/\/cozyanddozy.com\/de\/#website\",\"url\":\"https:\/\/cozyanddozy.com\/de\/\",\"name\":\"Cozy & Dozy\",\"description\":\"\",\"publisher\":{\"@id\":\"https:\/\/cozyanddozy.com\/de\/#organization\"},\"potentialAction\":[{\"@type\":\"SearchAction\",\"target\":{\"@type\":\"EntryPoint\",\"urlTemplate\":\"https:\/\/cozyanddozy.com\/de\/?s={search_term_string}\"},\"query-input\":{\"@type\":\"PropertyValueSpecification\",\"valueRequired\":true,\"valueName\":\"search_term_string\"}}],\"inLanguage\":\"de\"},{\"@type\":\"Organization\",\"@id\":\"https:\/\/cozyanddozy.com\/de\/#organization\",\"name\":\"Cozy & Dozy\",\"url\":\"https:\/\/cozyanddozy.com\/de\/\",\"logo\":{\"@type\":\"ImageObject\",\"inLanguage\":\"de\",\"@id\":\"https:\/\/cozyanddozy.com\/de\/#\/schema\/logo\/image\/\",\"url\":\"https:\/\/cozyanddozy.com\/de\/wp-content\/uploads\/2023\/02\/cozyanddozy_logo_b.png\",\"contentUrl\":\"https:\/\/cozyanddozy.com\/de\/wp-content\/uploads\/2023\/02\/cozyanddozy_logo_b.png\",\"width\":314,\"height\":85,\"caption\":\"Cozy & Dozy\"},\"image\":{\"@id\":\"https:\/\/cozyanddozy.com\/de\/#\/schema\/logo\/image\/\"}}]}<\/script>\n<meta property=\"product:price:amount\" content=\"49.00\" \/>\n<meta property=\"product:price:currency\" content=\"EUR\" \/>\n<meta property=\"og:availability\" content=\"instock\" \/>\n<meta property=\"product:availability\" content=\"instock\" \/>\n<meta property=\"product:retailer_item_id\" content=\"5902701498016\" \/>\n<meta property=\"product:condition\" content=\"new\" \/>\n<!-- \/ Yoast SEO Premium plugin. -->","yoast_head_json":{"title":"Teddy Velvet Patchwork- Brown Bodenkissen - Cozy & Dozy","robots":{"index":"index","follow":"follow","max-snippet":"max-snippet:-1","max-image-preview":"max-image-preview:large","max-video-preview":"max-video-preview:-1"},"canonical":"https:\/\/cozyanddozy.com\/de\/produkt\/teddy-velvet-patchwork-brown-bodenkissen\/","og_locale":"de_DE","og_type":"article","og_title":"Teddy Velvet Patchwork- Brown Bodenkissen","og_description":"Brauner dekorativer Pouf f\u00fcr ein Kind ist ein gro\u00dfer, gem\u00fctlicher Sitz, perfekt f\u00fcr allt\u00e4gliche Spiele und zum Ausruhen.\u00a0 Dimensions: approx. 70 \u00d7 10 cm (+\/- 2.5 cm)","og_url":"https:\/\/cozyanddozy.com\/de\/produkt\/teddy-velvet-patchwork-brown-bodenkissen\/","og_site_name":"Cozy &amp; Dozy","article_modified_time":"2025-01-29T20:12:53+00:00","og_image":[{"width":1200,"height":1179,"url":"https:\/\/cozyanddozy.com\/de\/wp-content\/uploads\/2024\/11\/floor-pouf-teddy.jpeg","type":"image\/jpeg"}],"twitter_card":"summary_large_image","twitter_misc":{"Preis":"49,00&nbsp;&euro;","Verf\u00fcgbarkeit":"Auf Lager"},"schema":{"@context":"https:\/\/schema.org","@graph":[{"@type":"WebPage","@id":"https:\/\/cozyanddozy.com\/de\/produkt\/teddy-velvet-patchwork-brown-bodenkissen\/","url":"https:\/\/cozyanddozy.com\/de\/produkt\/teddy-velvet-patchwork-brown-bodenkissen\/","name":"Teddy Velvet Patchwork- Brown Bodenkissen - Cozy & Dozy","isPartOf":{"@id":"https:\/\/cozyanddozy.com\/de\/#website"},"primaryImageOfPage":{"@id":"https:\/\/cozyanddozy.com\/de\/produkt\/teddy-velvet-patchwork-brown-bodenkissen\/#primaryimage"},"image":{"@id":"https:\/\/cozyanddozy.com\/de\/produkt\/teddy-velvet-patchwork-brown-bodenkissen\/#primaryimage"},"thumbnailUrl":"https:\/\/cozyanddozy.com\/de\/wp-content\/uploads\/2024\/11\/floor-pouf-teddy.jpeg","datePublished":"2024-11-16T17:54:06+00:00","dateModified":"2025-01-29T20:12:53+00:00","breadcrumb":{"@id":"https:\/\/cozyanddozy.com\/de\/produkt\/teddy-velvet-patchwork-brown-bodenkissen\/#breadcrumb"},"inLanguage":"de","potentialAction":[{"@type":"ReadAction","target":["https:\/\/cozyanddozy.com\/de\/produkt\/teddy-velvet-patchwork-brown-bodenkissen\/"]}]},{"@type":"ImageObject","inLanguage":"de","@id":"https:\/\/cozyanddozy.com\/de\/produkt\/teddy-velvet-patchwork-brown-bodenkissen\/#primaryimage","url":"https:\/\/cozyanddozy.com\/de\/wp-content\/uploads\/2024\/11\/floor-pouf-teddy.jpeg","contentUrl":"https:\/\/cozyanddozy.com\/de\/wp-content\/uploads\/2024\/11\/floor-pouf-teddy.jpeg","width":1200,"height":1179},{"@type":"BreadcrumbList","@id":"https:\/\/cozyanddozy.com\/de\/produkt\/teddy-velvet-patchwork-brown-bodenkissen\/#breadcrumb","itemListElement":[{"@type":"ListItem","position":1,"name":"Home","item":"https:\/\/cozyanddozy.com\/de\/"},{"@type":"ListItem","position":2,"name":"Shop","item":"https:\/\/cozyanddozy.com\/de\/shop\/"},{"@type":"ListItem","position":3,"name":"Teddy Velvet Patchwork- Brown Bodenkissen"}]},{"@type":"WebSite","@id":"https:\/\/cozyanddozy.com\/de\/#website","url":"https:\/\/cozyanddozy.com\/de\/","name":"Cozy & Dozy","description":"","publisher":{"@id":"https:\/\/cozyanddozy.com\/de\/#organization"},"potentialAction":[{"@type":"SearchAction","target":{"@type":"EntryPoint","urlTemplate":"https:\/\/cozyanddozy.com\/de\/?s={search_term_string}"},"query-input":{"@type":"PropertyValueSpecification","valueRequired":true,"valueName":"search_term_string"}}],"inLanguage":"de"},{"@type":"Organization","@id":"https:\/\/cozyanddozy.com\/de\/#organization","name":"Cozy & Dozy","url":"https:\/\/cozyanddozy.com\/de\/","logo":{"@type":"ImageObject","inLanguage":"de","@id":"https:\/\/cozyanddozy.com\/de\/#\/schema\/logo\/image\/","url":"https:\/\/cozyanddozy.com\/de\/wp-content\/uploads\/2023\/02\/cozyanddozy_logo_b.png","contentUrl":"https:\/\/cozyanddozy.com\/de\/wp-content\/uploads\/2023\/02\/cozyanddozy_logo_b.png","width":314,"height":85,"caption":"Cozy & Dozy"},"image":{"@id":"https:\/\/cozyanddozy.com\/de\/#\/schema\/logo\/image\/"}}]},"product_price_amount":"49.00","product_price_currency":"EUR","og_availability":"instock","product_availability":"instock","product_retailer_item_id":"5902701498016","product_condition":"new"},"_links":{"self":[{"href":"https:\/\/cozyanddozy.com\/de\/wp-json\/wp\/v2\/product\/3713","targetHints":{"allow":["GET"]}}],"collection":[{"href":"https:\/\/cozyanddozy.com\/de\/wp-json\/wp\/v2\/product"}],"about":[{"href":"https:\/\/cozyanddozy.com\/de\/wp-json\/wp\/v2\/types\/product"}],"replies":[{"embeddable":true,"href":"https:\/\/cozyanddozy.com\/de\/wp-json\/wp\/v2\/comments?post=3713"}],"wp:featuredmedia":[{"embeddable":true,"href":"https:\/\/cozyanddozy.com\/de\/wp-json\/wp\/v2\/media\/3712"}],"wp:attachment":[{"href":"https:\/\/cozyanddozy.com\/de\/wp-json\/wp\/v2\/media?parent=3713"}],"wp:term":[{"taxonomy":"product_brand","embeddable":true,"href":"https:\/\/cozyanddozy.com\/de\/wp-json\/wp\/v2\/product_brand?post=3713"},{"taxonomy":"product_cat","embeddable":true,"href":"https:\/\/cozyanddozy.com\/de\/wp-json\/wp\/v2\/product_cat?post=3713"},{"taxonomy":"product_tag","embeddable":true,"href":"https:\/\/cozyanddozy.com\/de\/wp-json\/wp\/v2\/product_tag?post=3713"}],"curies":[{"name":"wp","href":"https:\/\/api.w.org\/{rel}","templated":true}]}}