{"id":3498,"date":"2024-07-02T21:07:25","date_gmt":"2024-07-02T20:07:25","guid":{"rendered":"https:\/\/cozyanddozy.com\/?post_type=product&#038;p=3018"},"modified":"2025-01-29T21:15:14","modified_gmt":"2025-01-29T20:15:14","slug":"rosa-seepferdchenkissen-pink-seahorse","status":"publish","type":"product","link":"https:\/\/cozyanddozy.com\/de\/produkt\/rosa-seepferdchenkissen-pink-seahorse\/","title":{"rendered":"Rosa Seepferdchenkissen &#8211; Pink Seahorse"},"content":{"rendered":"<p><b>Verbessern Sie die Raumdekoration Ihres Kindes und schenken Sie ihnen einen au\u00dfergew\u00f6hnlichen Freund &#8211; das Seepferdchen-Kissen!<\/b><\/p>\n<p>Das Seepferdchen-Kinderkissen ist nicht nur ein bequemes Raumelement, sondern vor allem ein perfekter Begleiter beim Spielen.<\/p>\n<p><b>Diese gro\u00dfe 70&#215;60 cm Kissen besteht aus weichem Samt und dekorativem Stoff mit einer gl\u00e4nzenden Struktur, was ihm Charme verleiht.<\/b> Es ist nicht nur ein dekoratives St\u00fcck, sondern auch ein idealer Kuschelpartner w\u00e4hrend des t\u00e4glichen Spielens. Entworfen mit dem Gedanken an die Sicherheit des Kindes, besteht das Kissen aus europ\u00e4ischen Stoffen.<\/p>\n<p>Die weiche und angenehme F\u00fcllung bietet Komfort und Bequemlichkeit beim Spielen und Ausruhen. Durch seine Gr\u00f6\u00dfe eignet es sich hervorragend zum Umarmen, und das entz\u00fcckende Seepferdchen-Motiv f\u00f6rdert t\u00e4gliches kreatives Spielen. Das Seepferdchen-Kissen wird nicht nur eine gro\u00dfartige Erg\u00e4nzung f\u00fcr das Kinderzimmer sein, sondern auch ein Begleiter bei t\u00e4glichen Abenteuern. Es ist leicht zu pflegen, da es problemlos in der Waschmaschine gewaschen werden kann. Am besten wurde es in Polen von der Marke Cozy&amp;Dozy entworfen und hergestellt.<\/p>\n<p>Kissenbeschreibung:<\/p>\n<ul>\n<li>\u00a0rosa Farbe<\/li>\n<li>Abmessungen: 70&#215;60 cm<\/li>\n<li>\u00a0hypoallergene Polsterung<\/li>\n<li>\u00a0aus 100 % PES-Samt, produktzertifizierter Stoff<\/li>\n<li>\u00a0CE-zertifiziert, entworfen und gen\u00e4ht von Cozy&amp;Dozy in Polen.<\/li>\n<\/ul>\n<p>Unsere Produkte sind CE-zertifiziert, sodass Sie sie Ihrem Kind bedenkenlos geben k\u00f6nnen.<\/p>\n<p>Pflegemethode:<\/p>\n<ul>\n<li>Waschen bei 40\u00b0 \u2013 Schonwaschgang<\/li>\n<li>Nicht b\u00fcgeln oder chemisch reinigen<\/li>\n<li>Nicht chloren<\/li>\n<\/ul>\n<p>Die Sicherheit der Kinder steht f\u00fcr uns an erster Stelle, weshalb die Girlande und das Kissen zu 100 % aus Samt h\u00f6chster Qualit\u00e4t bestehen.<\/p>\n<p>Unsere Produkte sind CE-zertifiziert, sodass Sie sie Ihrem Kind bedenkenlos geben k\u00f6nnen.<\/p>\n<p>Ein gro\u00dfes weiches Dekokissen in Form eines Seepferdchens.<\/p>\n","protected":false},"excerpt":{"rendered":"<p>Gro\u00dfes, weiches Seepferdchen-Samtkissen. Perfektes Geschenk f\u00fcr Seehunde.<\/p>\n","protected":false},"featured_media":3485,"comment_status":"open","ping_status":"closed","template":"","meta":[],"product_brand":[],"product_cat":[73],"product_tag":[],"class_list":{"0":"post-3498","1":"product","2":"type-product","3":"status-publish","4":"has-post-thumbnail","6":"product_cat-kissen-puffs","8":"first","9":"instock","10":"sale","11":"shipping-taxable","12":"product-type-simple"},"yoast_head":"<!-- This site is optimized with the Yoast SEO Premium plugin v21.9 (Yoast SEO v27.0) - https:\/\/yoast.com\/product\/yoast-seo-premium-wordpress\/ -->\n<title>Rosa Seepferdchenkissen - Pink Seahorse - Cozy &amp; Dozy<\/title>\n<meta name=\"description\" content=\"Gro\u00dfes, weiches Seepferdchen-Samtkissen. Perfektes Geschenk f\u00fcr Seehunde.\" \/>\n<meta name=\"robots\" content=\"index, follow, max-snippet:-1, max-image-preview:large, max-video-preview:-1\" \/>\n<link rel=\"canonical\" href=\"https:\/\/cozyanddozy.com\/de\/produkt\/rosa-seepferdchenkissen-pink-seahorse\/\" \/>\n<meta property=\"og:locale\" content=\"de_DE\" \/>\n<meta property=\"og:type\" content=\"article\" \/>\n<meta property=\"og:title\" content=\"Rosa Seepferdchenkissen - Pink Seahorse\" \/>\n<meta property=\"og:description\" content=\"Gro\u00dfes, weiches Seepferdchen-Samtkissen. Perfektes Geschenk f\u00fcr Seehunde.\" \/>\n<meta property=\"og:url\" content=\"https:\/\/cozyanddozy.com\/de\/produkt\/rosa-seepferdchenkissen-pink-seahorse\/\" \/>\n<meta property=\"og:site_name\" content=\"Cozy &amp; Dozy\" \/>\n<meta property=\"article:modified_time\" content=\"2025-01-29T20:15:14+00:00\" \/>\n<meta property=\"og:image\" content=\"https:\/\/cozyanddozy.com\/de\/wp-content\/uploads\/2024\/07\/violet-seahorse.jpeg\" \/>\n\t<meta property=\"og:image:width\" content=\"1200\" \/>\n\t<meta property=\"og:image:height\" content=\"1200\" \/>\n\t<meta property=\"og:image:type\" content=\"image\/jpeg\" \/>\n<meta name=\"twitter:card\" content=\"summary_large_image\" \/>\n<meta name=\"twitter:label1\" content=\"Preis\" \/>\n\t<meta name=\"twitter:data1\" content=\"29,00&nbsp;&euro;\" \/>\n\t<meta name=\"twitter:label2\" content=\"Verf\u00fcgbarkeit\" \/>\n\t<meta name=\"twitter:data2\" content=\"Auf Lager\" \/>\n<script type=\"application\/ld+json\" class=\"yoast-schema-graph\">{\"@context\":\"https:\/\/schema.org\",\"@graph\":[{\"@type\":\"WebPage\",\"@id\":\"https:\/\/cozyanddozy.com\/de\/produkt\/rosa-seepferdchenkissen-pink-seahorse\/\",\"url\":\"https:\/\/cozyanddozy.com\/de\/produkt\/rosa-seepferdchenkissen-pink-seahorse\/\",\"name\":\"Rosa Seepferdchenkissen - Pink Seahorse - Cozy & Dozy\",\"isPartOf\":{\"@id\":\"https:\/\/cozyanddozy.com\/de\/#website\"},\"primaryImageOfPage\":{\"@id\":\"https:\/\/cozyanddozy.com\/de\/produkt\/rosa-seepferdchenkissen-pink-seahorse\/#primaryimage\"},\"image\":{\"@id\":\"https:\/\/cozyanddozy.com\/de\/produkt\/rosa-seepferdchenkissen-pink-seahorse\/#primaryimage\"},\"thumbnailUrl\":\"https:\/\/cozyanddozy.com\/de\/wp-content\/uploads\/2024\/07\/violet-seahorse.jpeg\",\"datePublished\":\"2024-07-02T20:07:25+00:00\",\"dateModified\":\"2025-01-29T20:15:14+00:00\",\"description\":\"Gro\u00dfes, weiches Seepferdchen-Samtkissen. Perfektes Geschenk f\u00fcr Seehunde.\",\"breadcrumb\":{\"@id\":\"https:\/\/cozyanddozy.com\/de\/produkt\/rosa-seepferdchenkissen-pink-seahorse\/#breadcrumb\"},\"inLanguage\":\"de\",\"potentialAction\":[{\"@type\":\"ReadAction\",\"target\":[\"https:\/\/cozyanddozy.com\/de\/produkt\/rosa-seepferdchenkissen-pink-seahorse\/\"]}]},{\"@type\":\"ImageObject\",\"inLanguage\":\"de\",\"@id\":\"https:\/\/cozyanddozy.com\/de\/produkt\/rosa-seepferdchenkissen-pink-seahorse\/#primaryimage\",\"url\":\"https:\/\/cozyanddozy.com\/de\/wp-content\/uploads\/2024\/07\/violet-seahorse.jpeg\",\"contentUrl\":\"https:\/\/cozyanddozy.com\/de\/wp-content\/uploads\/2024\/07\/violet-seahorse.jpeg\",\"width\":1200,\"height\":1200},{\"@type\":\"BreadcrumbList\",\"@id\":\"https:\/\/cozyanddozy.com\/de\/produkt\/rosa-seepferdchenkissen-pink-seahorse\/#breadcrumb\",\"itemListElement\":[{\"@type\":\"ListItem\",\"position\":1,\"name\":\"Home\",\"item\":\"https:\/\/cozyanddozy.com\/de\/\"},{\"@type\":\"ListItem\",\"position\":2,\"name\":\"Shop\",\"item\":\"https:\/\/cozyanddozy.com\/de\/shop\/\"},{\"@type\":\"ListItem\",\"position\":3,\"name\":\"Rosa Seepferdchenkissen &#8211; Pink Seahorse\"}]},{\"@type\":\"WebSite\",\"@id\":\"https:\/\/cozyanddozy.com\/de\/#website\",\"url\":\"https:\/\/cozyanddozy.com\/de\/\",\"name\":\"Cozy & Dozy\",\"description\":\"\",\"publisher\":{\"@id\":\"https:\/\/cozyanddozy.com\/de\/#organization\"},\"potentialAction\":[{\"@type\":\"SearchAction\",\"target\":{\"@type\":\"EntryPoint\",\"urlTemplate\":\"https:\/\/cozyanddozy.com\/de\/?s={search_term_string}\"},\"query-input\":{\"@type\":\"PropertyValueSpecification\",\"valueRequired\":true,\"valueName\":\"search_term_string\"}}],\"inLanguage\":\"de\"},{\"@type\":\"Organization\",\"@id\":\"https:\/\/cozyanddozy.com\/de\/#organization\",\"name\":\"Cozy & Dozy\",\"url\":\"https:\/\/cozyanddozy.com\/de\/\",\"logo\":{\"@type\":\"ImageObject\",\"inLanguage\":\"de\",\"@id\":\"https:\/\/cozyanddozy.com\/de\/#\/schema\/logo\/image\/\",\"url\":\"https:\/\/cozyanddozy.com\/de\/wp-content\/uploads\/2023\/02\/cozyanddozy_logo_b.png\",\"contentUrl\":\"https:\/\/cozyanddozy.com\/de\/wp-content\/uploads\/2023\/02\/cozyanddozy_logo_b.png\",\"width\":314,\"height\":85,\"caption\":\"Cozy & Dozy\"},\"image\":{\"@id\":\"https:\/\/cozyanddozy.com\/de\/#\/schema\/logo\/image\/\"}}]}<\/script>\n<meta property=\"product:price:amount\" content=\"29.00\" \/>\n<meta property=\"product:price:currency\" content=\"EUR\" \/>\n<meta property=\"og:availability\" content=\"instock\" \/>\n<meta property=\"product:availability\" content=\"instock\" \/>\n<meta property=\"product:retailer_item_id\" content=\"5902701497842\" \/>\n<meta property=\"product:condition\" content=\"new\" \/>\n<!-- \/ Yoast SEO Premium plugin. -->","yoast_head_json":{"title":"Rosa Seepferdchenkissen - Pink Seahorse - Cozy & Dozy","description":"Gro\u00dfes, weiches Seepferdchen-Samtkissen. Perfektes Geschenk f\u00fcr Seehunde.","robots":{"index":"index","follow":"follow","max-snippet":"max-snippet:-1","max-image-preview":"max-image-preview:large","max-video-preview":"max-video-preview:-1"},"canonical":"https:\/\/cozyanddozy.com\/de\/produkt\/rosa-seepferdchenkissen-pink-seahorse\/","og_locale":"de_DE","og_type":"article","og_title":"Rosa Seepferdchenkissen - Pink Seahorse","og_description":"Gro\u00dfes, weiches Seepferdchen-Samtkissen. Perfektes Geschenk f\u00fcr Seehunde.","og_url":"https:\/\/cozyanddozy.com\/de\/produkt\/rosa-seepferdchenkissen-pink-seahorse\/","og_site_name":"Cozy &amp; Dozy","article_modified_time":"2025-01-29T20:15:14+00:00","og_image":[{"width":1200,"height":1200,"url":"https:\/\/cozyanddozy.com\/de\/wp-content\/uploads\/2024\/07\/violet-seahorse.jpeg","type":"image\/jpeg"}],"twitter_card":"summary_large_image","twitter_misc":{"Preis":"29,00&nbsp;&euro;","Verf\u00fcgbarkeit":"Auf Lager"},"schema":{"@context":"https:\/\/schema.org","@graph":[{"@type":"WebPage","@id":"https:\/\/cozyanddozy.com\/de\/produkt\/rosa-seepferdchenkissen-pink-seahorse\/","url":"https:\/\/cozyanddozy.com\/de\/produkt\/rosa-seepferdchenkissen-pink-seahorse\/","name":"Rosa Seepferdchenkissen - Pink Seahorse - Cozy & Dozy","isPartOf":{"@id":"https:\/\/cozyanddozy.com\/de\/#website"},"primaryImageOfPage":{"@id":"https:\/\/cozyanddozy.com\/de\/produkt\/rosa-seepferdchenkissen-pink-seahorse\/#primaryimage"},"image":{"@id":"https:\/\/cozyanddozy.com\/de\/produkt\/rosa-seepferdchenkissen-pink-seahorse\/#primaryimage"},"thumbnailUrl":"https:\/\/cozyanddozy.com\/de\/wp-content\/uploads\/2024\/07\/violet-seahorse.jpeg","datePublished":"2024-07-02T20:07:25+00:00","dateModified":"2025-01-29T20:15:14+00:00","description":"Gro\u00dfes, weiches Seepferdchen-Samtkissen. Perfektes Geschenk f\u00fcr Seehunde.","breadcrumb":{"@id":"https:\/\/cozyanddozy.com\/de\/produkt\/rosa-seepferdchenkissen-pink-seahorse\/#breadcrumb"},"inLanguage":"de","potentialAction":[{"@type":"ReadAction","target":["https:\/\/cozyanddozy.com\/de\/produkt\/rosa-seepferdchenkissen-pink-seahorse\/"]}]},{"@type":"ImageObject","inLanguage":"de","@id":"https:\/\/cozyanddozy.com\/de\/produkt\/rosa-seepferdchenkissen-pink-seahorse\/#primaryimage","url":"https:\/\/cozyanddozy.com\/de\/wp-content\/uploads\/2024\/07\/violet-seahorse.jpeg","contentUrl":"https:\/\/cozyanddozy.com\/de\/wp-content\/uploads\/2024\/07\/violet-seahorse.jpeg","width":1200,"height":1200},{"@type":"BreadcrumbList","@id":"https:\/\/cozyanddozy.com\/de\/produkt\/rosa-seepferdchenkissen-pink-seahorse\/#breadcrumb","itemListElement":[{"@type":"ListItem","position":1,"name":"Home","item":"https:\/\/cozyanddozy.com\/de\/"},{"@type":"ListItem","position":2,"name":"Shop","item":"https:\/\/cozyanddozy.com\/de\/shop\/"},{"@type":"ListItem","position":3,"name":"Rosa Seepferdchenkissen &#8211; Pink Seahorse"}]},{"@type":"WebSite","@id":"https:\/\/cozyanddozy.com\/de\/#website","url":"https:\/\/cozyanddozy.com\/de\/","name":"Cozy & Dozy","description":"","publisher":{"@id":"https:\/\/cozyanddozy.com\/de\/#organization"},"potentialAction":[{"@type":"SearchAction","target":{"@type":"EntryPoint","urlTemplate":"https:\/\/cozyanddozy.com\/de\/?s={search_term_string}"},"query-input":{"@type":"PropertyValueSpecification","valueRequired":true,"valueName":"search_term_string"}}],"inLanguage":"de"},{"@type":"Organization","@id":"https:\/\/cozyanddozy.com\/de\/#organization","name":"Cozy & Dozy","url":"https:\/\/cozyanddozy.com\/de\/","logo":{"@type":"ImageObject","inLanguage":"de","@id":"https:\/\/cozyanddozy.com\/de\/#\/schema\/logo\/image\/","url":"https:\/\/cozyanddozy.com\/de\/wp-content\/uploads\/2023\/02\/cozyanddozy_logo_b.png","contentUrl":"https:\/\/cozyanddozy.com\/de\/wp-content\/uploads\/2023\/02\/cozyanddozy_logo_b.png","width":314,"height":85,"caption":"Cozy & Dozy"},"image":{"@id":"https:\/\/cozyanddozy.com\/de\/#\/schema\/logo\/image\/"}}]},"product_price_amount":"29.00","product_price_currency":"EUR","og_availability":"instock","product_availability":"instock","product_retailer_item_id":"5902701497842","product_condition":"new"},"_links":{"self":[{"href":"https:\/\/cozyanddozy.com\/de\/wp-json\/wp\/v2\/product\/3498","targetHints":{"allow":["GET"]}}],"collection":[{"href":"https:\/\/cozyanddozy.com\/de\/wp-json\/wp\/v2\/product"}],"about":[{"href":"https:\/\/cozyanddozy.com\/de\/wp-json\/wp\/v2\/types\/product"}],"replies":[{"embeddable":true,"href":"https:\/\/cozyanddozy.com\/de\/wp-json\/wp\/v2\/comments?post=3498"}],"wp:featuredmedia":[{"embeddable":true,"href":"https:\/\/cozyanddozy.com\/de\/wp-json\/wp\/v2\/media\/3485"}],"wp:attachment":[{"href":"https:\/\/cozyanddozy.com\/de\/wp-json\/wp\/v2\/media?parent=3498"}],"wp:term":[{"taxonomy":"product_brand","embeddable":true,"href":"https:\/\/cozyanddozy.com\/de\/wp-json\/wp\/v2\/product_brand?post=3498"},{"taxonomy":"product_cat","embeddable":true,"href":"https:\/\/cozyanddozy.com\/de\/wp-json\/wp\/v2\/product_cat?post=3498"},{"taxonomy":"product_tag","embeddable":true,"href":"https:\/\/cozyanddozy.com\/de\/wp-json\/wp\/v2\/product_tag?post=3498"}],"curies":[{"name":"wp","href":"https:\/\/api.w.org\/{rel}","templated":true}]}}