{"id":3495,"date":"2024-07-02T21:48:08","date_gmt":"2024-07-02T20:48:08","guid":{"rendered":"https:\/\/cozyanddozy.com\/?post_type=product&#038;p=3001"},"modified":"2025-01-29T21:15:27","modified_gmt":"2025-01-29T20:15:27","slug":"blaues-seepferdchenkissen-blue-seahorse","status":"publish","type":"product","link":"https:\/\/cozyanddozy.com\/de\/produkt\/blaues-seepferdchenkissen-blue-seahorse\/","title":{"rendered":"Blaues Seepferdchenkissen &#8211; blue Seahorse"},"content":{"rendered":"<h3><strong>Verbessern Sie die Raumdekoration Ihres Kindes und schenken Sie ihnen einen au\u00dfergew\u00f6hnlichen Freund &#8211; das Seepferdchen-Kissen!<\/strong><\/h3>\n<p>Das Seepferdchen-Kinderkissen ist nicht nur ein bequemes Raumelement, sondern vor allem ein perfekter Begleiter beim Spielen.<\/p>\n<p><strong>Diese gro\u00dfe 70&#215;60 cm Kissen besteht aus weichem Samt und dekorativem Stoff mit einer gl\u00e4nzenden Struktur, was ihm Charme verleiht.<\/strong> Es ist nicht nur ein dekoratives St\u00fcck, sondern auch ein idealer Kuschelpartner w\u00e4hrend des t\u00e4glichen Spielens. Entworfen mit dem Gedanken an die Sicherheit des Kindes, besteht das Kissen aus europ\u00e4ischen Stoffen.<\/p>\n<p>Die weiche und angenehme F\u00fcllung bietet Komfort und Bequemlichkeit beim Spielen und Ausruhen. Durch seine Gr\u00f6\u00dfe eignet es sich hervorragend zum Umarmen, und das entz\u00fcckende Seepferdchen-Motiv f\u00f6rdert t\u00e4gliches kreatives Spielen. Das Seepferdchen-Kissen wird nicht nur eine gro\u00dfartige Erg\u00e4nzung f\u00fcr das Kinderzimmer sein, sondern auch ein Begleiter bei t\u00e4glichen Abenteuern. Es ist leicht zu pflegen, da es problemlos in der Waschmaschine gewaschen werden kann. Am besten wurde es in Polen von der Marke Cozy&amp;Dozy entworfen und hergestellt.<\/p>\n<p>Kissenbeschreibung:<\/p>\n<ul>\n<li>\u00a0blau Farbe<\/li>\n<li><span style=\"color: #555555;\">Abmessungen: 70&#215;60 cm<\/span><\/li>\n<li><span style=\"color: #555555;\">\u00a0hypoallergene Polsterung<\/span><\/li>\n<li><span style=\"color: #555555;\">\u00a0aus 100 % PES-Samt, produktzertifizierter Stoff<\/span><\/li>\n<li><span style=\"color: #555555;\">\u00a0CE-zertifiziert, entworfen und gen\u00e4ht von Cozy&amp;Dozy in Polen.<\/span><\/li>\n<\/ul>\n<p>Unsere Produkte sind CE-zertifiziert, sodass Sie sie Ihrem Kind bedenkenlos geben k\u00f6nnen.<\/p>\n<p>Pflegemethode:<\/p>\n<ul>\n<li>Waschen bei 40\u00b0 \u2013 Schonwaschgang<\/li>\n<li><span style=\"color: #555555;\">Nicht b\u00fcgeln oder chemisch reinigen<\/span><\/li>\n<li><span style=\"color: #555555;\">Nicht chloren<\/span><\/li>\n<\/ul>\n<p>Die Sicherheit der Kinder steht f\u00fcr uns an erster Stelle, weshalb die Girlande und das Kissen zu 100 % aus Samt h\u00f6chster Qualit\u00e4t bestehen.<\/p>\n<p>Unsere Produkte sind CE-zertifiziert, sodass Sie sie Ihrem Kind bedenkenlos geben k\u00f6nnen.<\/p>\n<p>Ein gro\u00dfes weiches Dekokissen in Form eines Seepferdchens.<\/p>\n","protected":false},"excerpt":{"rendered":"<p>Ein gro\u00dfes weiches Dekokissen in Form eines Seepferdchens.<\/p>\n","protected":false},"featured_media":3482,"comment_status":"open","ping_status":"closed","template":"","meta":[],"product_brand":[],"product_cat":[73],"product_tag":[],"class_list":{"0":"post-3495","1":"product","2":"type-product","3":"status-publish","4":"has-post-thumbnail","6":"product_cat-kissen-puffs","8":"first","9":"instock","10":"sale","11":"shipping-taxable","12":"product-type-simple"},"yoast_head":"<!-- This site is optimized with the Yoast SEO Premium plugin v21.9 (Yoast SEO v27.0) - https:\/\/yoast.com\/product\/yoast-seo-premium-wordpress\/ -->\n<title>Blaues Seepferdchenkissen - blue Seahorse - Cozy &amp; Dozy<\/title>\n<meta name=\"description\" content=\"Ein gro\u00dfes weiches Dekokissen in Form eines Seepferdchens.\" \/>\n<meta name=\"robots\" content=\"index, follow, max-snippet:-1, max-image-preview:large, max-video-preview:-1\" \/>\n<link rel=\"canonical\" href=\"https:\/\/cozyanddozy.com\/de\/produkt\/blaues-seepferdchenkissen-blue-seahorse\/\" \/>\n<meta property=\"og:locale\" content=\"de_DE\" \/>\n<meta property=\"og:type\" content=\"article\" \/>\n<meta property=\"og:title\" content=\"Blaues Seepferdchenkissen - blue Seahorse\" \/>\n<meta property=\"og:description\" content=\"Ein gro\u00dfes weiches Dekokissen in Form eines Seepferdchens.\" \/>\n<meta property=\"og:url\" content=\"https:\/\/cozyanddozy.com\/de\/produkt\/blaues-seepferdchenkissen-blue-seahorse\/\" \/>\n<meta property=\"og:site_name\" content=\"Cozy &amp; Dozy\" \/>\n<meta property=\"article:modified_time\" content=\"2025-01-29T20:15:27+00:00\" \/>\n<meta property=\"og:image\" content=\"https:\/\/cozyanddozy.com\/de\/wp-content\/uploads\/2024\/07\/pillow-cozy-dozy-seahorse.jpeg\" \/>\n\t<meta property=\"og:image:width\" content=\"1200\" \/>\n\t<meta property=\"og:image:height\" content=\"1206\" \/>\n\t<meta property=\"og:image:type\" content=\"image\/jpeg\" \/>\n<meta name=\"twitter:card\" content=\"summary_large_image\" \/>\n<meta name=\"twitter:label1\" content=\"Preis\" \/>\n\t<meta name=\"twitter:data1\" content=\"29,00&nbsp;&euro;\" \/>\n\t<meta name=\"twitter:label2\" content=\"Verf\u00fcgbarkeit\" \/>\n\t<meta name=\"twitter:data2\" content=\"Auf Lager\" \/>\n<script type=\"application\/ld+json\" class=\"yoast-schema-graph\">{\"@context\":\"https:\/\/schema.org\",\"@graph\":[{\"@type\":\"WebPage\",\"@id\":\"https:\/\/cozyanddozy.com\/de\/produkt\/blaues-seepferdchenkissen-blue-seahorse\/\",\"url\":\"https:\/\/cozyanddozy.com\/de\/produkt\/blaues-seepferdchenkissen-blue-seahorse\/\",\"name\":\"Blaues Seepferdchenkissen - blue Seahorse - Cozy & Dozy\",\"isPartOf\":{\"@id\":\"https:\/\/cozyanddozy.com\/de\/#website\"},\"primaryImageOfPage\":{\"@id\":\"https:\/\/cozyanddozy.com\/de\/produkt\/blaues-seepferdchenkissen-blue-seahorse\/#primaryimage\"},\"image\":{\"@id\":\"https:\/\/cozyanddozy.com\/de\/produkt\/blaues-seepferdchenkissen-blue-seahorse\/#primaryimage\"},\"thumbnailUrl\":\"https:\/\/cozyanddozy.com\/de\/wp-content\/uploads\/2024\/07\/pillow-cozy-dozy-seahorse.jpeg\",\"datePublished\":\"2024-07-02T20:48:08+00:00\",\"dateModified\":\"2025-01-29T20:15:27+00:00\",\"description\":\"Ein gro\u00dfes weiches Dekokissen in Form eines Seepferdchens.\",\"breadcrumb\":{\"@id\":\"https:\/\/cozyanddozy.com\/de\/produkt\/blaues-seepferdchenkissen-blue-seahorse\/#breadcrumb\"},\"inLanguage\":\"de\",\"potentialAction\":[{\"@type\":\"ReadAction\",\"target\":[\"https:\/\/cozyanddozy.com\/de\/produkt\/blaues-seepferdchenkissen-blue-seahorse\/\"]}]},{\"@type\":\"ImageObject\",\"inLanguage\":\"de\",\"@id\":\"https:\/\/cozyanddozy.com\/de\/produkt\/blaues-seepferdchenkissen-blue-seahorse\/#primaryimage\",\"url\":\"https:\/\/cozyanddozy.com\/de\/wp-content\/uploads\/2024\/07\/pillow-cozy-dozy-seahorse.jpeg\",\"contentUrl\":\"https:\/\/cozyanddozy.com\/de\/wp-content\/uploads\/2024\/07\/pillow-cozy-dozy-seahorse.jpeg\",\"width\":1200,\"height\":1206},{\"@type\":\"BreadcrumbList\",\"@id\":\"https:\/\/cozyanddozy.com\/de\/produkt\/blaues-seepferdchenkissen-blue-seahorse\/#breadcrumb\",\"itemListElement\":[{\"@type\":\"ListItem\",\"position\":1,\"name\":\"Home\",\"item\":\"https:\/\/cozyanddozy.com\/de\/\"},{\"@type\":\"ListItem\",\"position\":2,\"name\":\"Shop\",\"item\":\"https:\/\/cozyanddozy.com\/de\/shop\/\"},{\"@type\":\"ListItem\",\"position\":3,\"name\":\"Blaues Seepferdchenkissen &#8211; blue Seahorse\"}]},{\"@type\":\"WebSite\",\"@id\":\"https:\/\/cozyanddozy.com\/de\/#website\",\"url\":\"https:\/\/cozyanddozy.com\/de\/\",\"name\":\"Cozy & Dozy\",\"description\":\"\",\"publisher\":{\"@id\":\"https:\/\/cozyanddozy.com\/de\/#organization\"},\"potentialAction\":[{\"@type\":\"SearchAction\",\"target\":{\"@type\":\"EntryPoint\",\"urlTemplate\":\"https:\/\/cozyanddozy.com\/de\/?s={search_term_string}\"},\"query-input\":{\"@type\":\"PropertyValueSpecification\",\"valueRequired\":true,\"valueName\":\"search_term_string\"}}],\"inLanguage\":\"de\"},{\"@type\":\"Organization\",\"@id\":\"https:\/\/cozyanddozy.com\/de\/#organization\",\"name\":\"Cozy & Dozy\",\"url\":\"https:\/\/cozyanddozy.com\/de\/\",\"logo\":{\"@type\":\"ImageObject\",\"inLanguage\":\"de\",\"@id\":\"https:\/\/cozyanddozy.com\/de\/#\/schema\/logo\/image\/\",\"url\":\"https:\/\/cozyanddozy.com\/de\/wp-content\/uploads\/2023\/02\/cozyanddozy_logo_b.png\",\"contentUrl\":\"https:\/\/cozyanddozy.com\/de\/wp-content\/uploads\/2023\/02\/cozyanddozy_logo_b.png\",\"width\":314,\"height\":85,\"caption\":\"Cozy & Dozy\"},\"image\":{\"@id\":\"https:\/\/cozyanddozy.com\/de\/#\/schema\/logo\/image\/\"}}]}<\/script>\n<meta property=\"product:price:amount\" content=\"29.00\" \/>\n<meta property=\"product:price:currency\" content=\"EUR\" \/>\n<meta property=\"og:availability\" content=\"instock\" \/>\n<meta property=\"product:availability\" content=\"instock\" \/>\n<meta property=\"product:retailer_item_id\" content=\"5902701497835\" \/>\n<meta property=\"product:condition\" content=\"new\" \/>\n<!-- \/ Yoast SEO Premium plugin. -->","yoast_head_json":{"title":"Blaues Seepferdchenkissen - blue Seahorse - Cozy & Dozy","description":"Ein gro\u00dfes weiches Dekokissen in Form eines Seepferdchens.","robots":{"index":"index","follow":"follow","max-snippet":"max-snippet:-1","max-image-preview":"max-image-preview:large","max-video-preview":"max-video-preview:-1"},"canonical":"https:\/\/cozyanddozy.com\/de\/produkt\/blaues-seepferdchenkissen-blue-seahorse\/","og_locale":"de_DE","og_type":"article","og_title":"Blaues Seepferdchenkissen - blue Seahorse","og_description":"Ein gro\u00dfes weiches Dekokissen in Form eines Seepferdchens.","og_url":"https:\/\/cozyanddozy.com\/de\/produkt\/blaues-seepferdchenkissen-blue-seahorse\/","og_site_name":"Cozy &amp; Dozy","article_modified_time":"2025-01-29T20:15:27+00:00","og_image":[{"width":1200,"height":1206,"url":"https:\/\/cozyanddozy.com\/de\/wp-content\/uploads\/2024\/07\/pillow-cozy-dozy-seahorse.jpeg","type":"image\/jpeg"}],"twitter_card":"summary_large_image","twitter_misc":{"Preis":"29,00&nbsp;&euro;","Verf\u00fcgbarkeit":"Auf Lager"},"schema":{"@context":"https:\/\/schema.org","@graph":[{"@type":"WebPage","@id":"https:\/\/cozyanddozy.com\/de\/produkt\/blaues-seepferdchenkissen-blue-seahorse\/","url":"https:\/\/cozyanddozy.com\/de\/produkt\/blaues-seepferdchenkissen-blue-seahorse\/","name":"Blaues Seepferdchenkissen - blue Seahorse - Cozy & Dozy","isPartOf":{"@id":"https:\/\/cozyanddozy.com\/de\/#website"},"primaryImageOfPage":{"@id":"https:\/\/cozyanddozy.com\/de\/produkt\/blaues-seepferdchenkissen-blue-seahorse\/#primaryimage"},"image":{"@id":"https:\/\/cozyanddozy.com\/de\/produkt\/blaues-seepferdchenkissen-blue-seahorse\/#primaryimage"},"thumbnailUrl":"https:\/\/cozyanddozy.com\/de\/wp-content\/uploads\/2024\/07\/pillow-cozy-dozy-seahorse.jpeg","datePublished":"2024-07-02T20:48:08+00:00","dateModified":"2025-01-29T20:15:27+00:00","description":"Ein gro\u00dfes weiches Dekokissen in Form eines Seepferdchens.","breadcrumb":{"@id":"https:\/\/cozyanddozy.com\/de\/produkt\/blaues-seepferdchenkissen-blue-seahorse\/#breadcrumb"},"inLanguage":"de","potentialAction":[{"@type":"ReadAction","target":["https:\/\/cozyanddozy.com\/de\/produkt\/blaues-seepferdchenkissen-blue-seahorse\/"]}]},{"@type":"ImageObject","inLanguage":"de","@id":"https:\/\/cozyanddozy.com\/de\/produkt\/blaues-seepferdchenkissen-blue-seahorse\/#primaryimage","url":"https:\/\/cozyanddozy.com\/de\/wp-content\/uploads\/2024\/07\/pillow-cozy-dozy-seahorse.jpeg","contentUrl":"https:\/\/cozyanddozy.com\/de\/wp-content\/uploads\/2024\/07\/pillow-cozy-dozy-seahorse.jpeg","width":1200,"height":1206},{"@type":"BreadcrumbList","@id":"https:\/\/cozyanddozy.com\/de\/produkt\/blaues-seepferdchenkissen-blue-seahorse\/#breadcrumb","itemListElement":[{"@type":"ListItem","position":1,"name":"Home","item":"https:\/\/cozyanddozy.com\/de\/"},{"@type":"ListItem","position":2,"name":"Shop","item":"https:\/\/cozyanddozy.com\/de\/shop\/"},{"@type":"ListItem","position":3,"name":"Blaues Seepferdchenkissen &#8211; blue Seahorse"}]},{"@type":"WebSite","@id":"https:\/\/cozyanddozy.com\/de\/#website","url":"https:\/\/cozyanddozy.com\/de\/","name":"Cozy & Dozy","description":"","publisher":{"@id":"https:\/\/cozyanddozy.com\/de\/#organization"},"potentialAction":[{"@type":"SearchAction","target":{"@type":"EntryPoint","urlTemplate":"https:\/\/cozyanddozy.com\/de\/?s={search_term_string}"},"query-input":{"@type":"PropertyValueSpecification","valueRequired":true,"valueName":"search_term_string"}}],"inLanguage":"de"},{"@type":"Organization","@id":"https:\/\/cozyanddozy.com\/de\/#organization","name":"Cozy & Dozy","url":"https:\/\/cozyanddozy.com\/de\/","logo":{"@type":"ImageObject","inLanguage":"de","@id":"https:\/\/cozyanddozy.com\/de\/#\/schema\/logo\/image\/","url":"https:\/\/cozyanddozy.com\/de\/wp-content\/uploads\/2023\/02\/cozyanddozy_logo_b.png","contentUrl":"https:\/\/cozyanddozy.com\/de\/wp-content\/uploads\/2023\/02\/cozyanddozy_logo_b.png","width":314,"height":85,"caption":"Cozy & Dozy"},"image":{"@id":"https:\/\/cozyanddozy.com\/de\/#\/schema\/logo\/image\/"}}]},"product_price_amount":"29.00","product_price_currency":"EUR","og_availability":"instock","product_availability":"instock","product_retailer_item_id":"5902701497835","product_condition":"new"},"_links":{"self":[{"href":"https:\/\/cozyanddozy.com\/de\/wp-json\/wp\/v2\/product\/3495","targetHints":{"allow":["GET"]}}],"collection":[{"href":"https:\/\/cozyanddozy.com\/de\/wp-json\/wp\/v2\/product"}],"about":[{"href":"https:\/\/cozyanddozy.com\/de\/wp-json\/wp\/v2\/types\/product"}],"replies":[{"embeddable":true,"href":"https:\/\/cozyanddozy.com\/de\/wp-json\/wp\/v2\/comments?post=3495"}],"wp:featuredmedia":[{"embeddable":true,"href":"https:\/\/cozyanddozy.com\/de\/wp-json\/wp\/v2\/media\/3482"}],"wp:attachment":[{"href":"https:\/\/cozyanddozy.com\/de\/wp-json\/wp\/v2\/media?parent=3495"}],"wp:term":[{"taxonomy":"product_brand","embeddable":true,"href":"https:\/\/cozyanddozy.com\/de\/wp-json\/wp\/v2\/product_brand?post=3495"},{"taxonomy":"product_cat","embeddable":true,"href":"https:\/\/cozyanddozy.com\/de\/wp-json\/wp\/v2\/product_cat?post=3495"},{"taxonomy":"product_tag","embeddable":true,"href":"https:\/\/cozyanddozy.com\/de\/wp-json\/wp\/v2\/product_tag?post=3495"}],"curies":[{"name":"wp","href":"https:\/\/api.w.org\/{rel}","templated":true}]}}