{"id":3443,"date":"2024-05-10T14:13:38","date_gmt":"2024-05-10T13:13:38","guid":{"rendered":"https:\/\/cozyanddozy.com\/?post_type=product&#038;p=2977"},"modified":"2025-01-29T21:18:45","modified_gmt":"2025-01-29T20:18:45","slug":"tipi-zelt-wasserdicht-garden-sage","status":"publish","type":"product","link":"https:\/\/cozyanddozy.com\/de\/produkt\/tipi-zelt-wasserdicht-garden-sage\/","title":{"rendered":"Tipi-Zelt wasserdicht Garden Sage"},"content":{"rendered":"<h3><img decoding=\"async\" class=\"alignnone wp-image-2912 alignright\" src=\"https:\/\/cozyanddozy.com\/wp-content\/uploads\/2024\/05\/image00051-400x400.jpeg\" alt=\"\" width=\"429\" height=\"429\" \/><\/h3>\n<p><strong>Cozy&amp;Dozy \u2013 wo Kindertr\u00e4ume von einem eigenen magischen Ort Wirklichkeit werd.<\/strong><\/p>\n<p>Das Tipi-Spielzelt, perfekt f\u00fcr den Garten oder die Terrasse, ist nicht nur ein Ort zum Spielen, sondern auch ein sicherer Ort, an dem Ihr Kind Spa\u00df haben und tolle Abenteuer erleben kann.<\/p>\n<p>Zu den Hauptmerkmalen unseres Garten-Tipi-Zelts geh\u00f6ren:<\/p>\n<ul>\n<li>Zertifizierte Stoffe f\u00fcr sicheres Spielen.<\/li>\n<li><span style=\"color: #555555;\">Einfacher Aufbau mit sicheren Elementen, sodass auch die Kleinsten das Zelt frei nutzen k\u00f6nnen.<\/span><\/li>\n<li><span style=\"color: #555555;\">Im Lieferumfang sind Eichenst\u00e4be und Stabilisator enthalten, die f\u00fcr Stabilit\u00e4t und Haltbarkeit der Struktur sorgen.<\/span><\/li>\n<li><span style=\"color: #555555;\">Die hydrophobe Oberfl\u00e4che erleichtert die Reinigung, sodass Sie sich keine Sorgen \u00fcber Flecken oder Schmutz machen m\u00fcssen.<\/span><\/li>\n<li><span style=\"color: #555555;\">In das Zelt eingen\u00e4hte Fenster und Taschen sorgen f\u00fcr Charme und machen den Spa\u00df noch attraktiver.<\/span><\/li>\n<li><span style=\"color: #555555;\">Dekorative Fahnen und ein in das Zelt eingen\u00e4hter Boden sorgen f\u00fcr eine gem\u00fctliche Atmosph\u00e4re und regen zum kreativen Spielen an.<\/span><\/li>\n<\/ul>\n<p>Nachdem Sie mit dem Spielen fertig sind, entfernen Sie einfach den Stabilisator, wodurch das Zelt mit einem Handgriff zusammengeklappt werden kann und Sie es platzsparend in einer Ecke des Raumes verstauen k\u00f6nnen.<\/p>\n<p><strong>Das Zelt ist f\u00fcr 2-3 Kinder ausgelegt.<\/strong> Das Tipi l\u00e4sst sich leicht zusammenklappen und nimmt nicht viel Platz ein. Sie k\u00f6nnen in einer Baumwollh\u00fclle mit Griff aufbewahrt werden.<\/p>\n<p>Die Stoffe, aus denen unsere Tipi-Zelte hergestellt werden, sind zertifiziert und stammen aus europ\u00e4ischen L\u00e4ndern, sodass sie f\u00fcr Kinder sicher sind.<\/p>\n<p>Das Gartenset von Cozy &amp; Dozy beinhaltet:<\/p>\n<ul>\n<li>Tipi-Zelt (Farben zur Auswahl)<\/li>\n<li><span style=\"color: #555555;\">dekorative Flaggen<\/span><\/li>\n<li><span style=\"color: #555555;\">4 faltbare St\u00f6cke aus naturbelassenem Buchenholz + Verbindungsst\u00fccke<\/span><\/li>\n<li><span style=\"color: #555555;\">Stabilisator (verhindert, dass sich der Rahmen bewegt)<\/span><\/li>\n<li><span style=\"color: #555555;\">Anweisung<\/span><\/li>\n<\/ul>\n<table style=\"height: 618px;\" border=\"0\" width=\"644\" cellspacing=\"0\" cellpadding=\"0\">\n<tbody>\n<tr valign=\"TOP\">\n<td width=\"226\">Gewicht<\/td>\n<td width=\"417\">\n<p align=\"LEFT\"><span style=\"color: #666666;\">2 kg<\/span><\/p>\n<\/td>\n<\/tr>\n<tr valign=\"TOP\">\n<td width=\"226\">H\u00f6he des Zeltes im aufgeklappten Zustand<\/td>\n<td width=\"417\">\n<p align=\"LEFT\"><span style=\"color: #666666;\">150 cm<\/span><\/p>\n<\/td>\n<\/tr>\n<tr valign=\"TOP\">\n<td width=\"226\">H\u00f6he des Zeltes im zusammengeklappten Zustand<\/td>\n<td width=\"417\">\n<p align=\"LEFT\"><span style=\"color: #666666;\">170 cm<\/span><\/p>\n<\/td>\n<\/tr>\n<tr valign=\"TOP\">\n<td width=\"226\">Bodengr\u00f6\u00dfe<\/td>\n<td width=\"417\">\n<p align=\"LEFT\"><span style=\"color: #666666;\">110 x 110 cm<\/span><\/p>\n<\/td>\n<\/tr>\n<tr valign=\"TOP\">\n<td width=\"226\">Stoff<\/td>\n<td width=\"417\">\n<p align=\"LEFT\"><span style=\"color: #666666;\">100% Poliester 180g\/m2,<\/span><\/p>\n<\/td>\n<\/tr>\n<tr valign=\"TOP\">\n<td width=\"226\">Konstruktion<\/td>\n<td width=\"417\">Buchenholzst\u00e4be + Verbindungsst\u00fccke<\/td>\n<\/tr>\n<tr valign=\"TOP\">\n<td width=\"226\">Pflegemethode<\/td>\n<td width=\"417\">Das Material kann in der Waschmaschine bei einer Temperatur von 40 Grad gewaschen werden, Schleudern \u2013 max. 800 U\/min \/ Nicht chemisch reinigen \/ Nicht bleichen<\/p>\n<p>Gesch\u00e4tzte Installationszeit<\/td>\n<\/tr>\n<tr valign=\"TOP\">\n<td width=\"226\">Gesch\u00e4tzte Installationszeit<\/td>\n<td width=\"417\">\n<p align=\"LEFT\"><span style=\"color: #666666;\">5 min<\/span><\/p>\n<\/td>\n<\/tr>\n<tr valign=\"TOP\">\n<td width=\"226\">Farbe<\/p>\n<p>&nbsp;<\/p>\n<p align=\"LEFT\">\n<\/td>\n<td width=\"417\">\n<p align=\"LEFT\"><span style=\"color: #666666;\"> Salbeigr\u00fcn &#8211; SAGE (green)<\/span><\/p>\n<\/td>\n<\/tr>\n<\/tbody>\n<\/table>\n<p>Weitere Informationen:<\/p>\n<ul>\n<li>Rahmenh\u00f6he: 170 cm (5\u2032 6\u2033);<\/li>\n<li>H\u00f6he des Zeltes im aufgeklappten Zustand: 150 cm (4\u2032 11\u2033);<\/li>\n<li>Bodengr\u00f6\u00dfe: 110x110cm (3\u20326\u2033\/3\u2032 6\u2033)<\/li>\n<li>Kartongewicht: ~4\u20135 kg (abh\u00e4ngig vom Set)<\/li>\n<\/ul>\n<p><strong>Das Tipi-Zelt von Cozy&amp;Dozy wurde mit Blick auf die Sicherheit und den Komfort Ihres Kindes entwickelt und sorgt nicht nur f\u00fcr unvergessliche Momente voller Spa\u00df, sondern auch f\u00fcr ruhigen Schlaf und die Freude, Ihren eigenen magischen Ort zu haben. Das Zelt ist auch mit einer weichen Matte erh\u00e4ltlich. Wir empfehlen Ihnen auch, sie mit weichen Kissen in Form von Blumen, Muscheln oder Dinosauriern zu kombinieren<\/strong>.<\/p>\n<p><img decoding=\"async\" class=\"alignnone size-medium wp-image-957\" src=\"https:\/\/cozyanddozy.com\/wp-content\/uploads\/2023\/02\/tipi-pine-green-garden-waterproof-cozydots-400x400.jpg\" alt=\"\" width=\"400\" height=\"400\" srcset=\"https:\/\/cozyanddozy.com\/de\/wp-content\/uploads\/2023\/02\/tipi-pine-green-garden-waterproof-cozydots-400x400.jpg 400w, https:\/\/cozyanddozy.com\/de\/wp-content\/uploads\/2023\/02\/tipi-pine-green-garden-waterproof-cozydots.jpg 1200w, https:\/\/cozyanddozy.com\/de\/wp-content\/uploads\/2023\/02\/tipi-pine-green-garden-waterproof-cozydots-150x150.jpg 150w, https:\/\/cozyanddozy.com\/de\/wp-content\/uploads\/2023\/02\/tipi-pine-green-garden-waterproof-cozydots-768x768.jpg 768w, https:\/\/cozyanddozy.com\/de\/wp-content\/uploads\/2023\/02\/tipi-pine-green-garden-waterproof-cozydots-300x300.jpg 300w, https:\/\/cozyanddozy.com\/de\/wp-content\/uploads\/2023\/02\/tipi-pine-green-garden-waterproof-cozydots-600x600.jpg 600w, https:\/\/cozyanddozy.com\/de\/wp-content\/uploads\/2023\/02\/tipi-pine-green-garden-waterproof-cozydots-100x100.jpg 100w, https:\/\/cozyanddozy.com\/de\/wp-content\/uploads\/2023\/02\/tipi-pine-green-garden-waterproof-cozydots-1024x1024.jpg 1024w\" sizes=\"(max-width: 400px) 100vw, 400px\" \/> <img decoding=\"async\" class=\"alignnone size-medium wp-image-954\" src=\"https:\/\/cozyanddozy.com\/wp-content\/uploads\/2023\/02\/teeepee-garden-400x400.jpg\" alt=\"\" width=\"400\" height=\"400\" srcset=\"https:\/\/cozyanddozy.com\/de\/wp-content\/uploads\/2023\/02\/teeepee-garden-400x400.jpg 400w, https:\/\/cozyanddozy.com\/de\/wp-content\/uploads\/2023\/02\/teeepee-garden.jpg 1200w, https:\/\/cozyanddozy.com\/de\/wp-content\/uploads\/2023\/02\/teeepee-garden-150x150.jpg 150w, https:\/\/cozyanddozy.com\/de\/wp-content\/uploads\/2023\/02\/teeepee-garden-768x768.jpg 768w, https:\/\/cozyanddozy.com\/de\/wp-content\/uploads\/2023\/02\/teeepee-garden-300x300.jpg 300w, https:\/\/cozyanddozy.com\/de\/wp-content\/uploads\/2023\/02\/teeepee-garden-600x600.jpg 600w, https:\/\/cozyanddozy.com\/de\/wp-content\/uploads\/2023\/02\/teeepee-garden-100x100.jpg 100w, https:\/\/cozyanddozy.com\/de\/wp-content\/uploads\/2023\/02\/teeepee-garden-1024x1024.jpg 1024w\" sizes=\"(max-width: 400px) 100vw, 400px\" \/> <img decoding=\"async\" class=\"alignnone size-medium wp-image-943\" src=\"https:\/\/cozyanddozy.com\/wp-content\/uploads\/2023\/02\/teepee-party-garden-waterproof-400x400.jpg\" alt=\"\" width=\"400\" height=\"400\" srcset=\"https:\/\/cozyanddozy.com\/de\/wp-content\/uploads\/2023\/02\/teepee-party-garden-waterproof-400x400.jpg 400w, https:\/\/cozyanddozy.com\/de\/wp-content\/uploads\/2023\/02\/teepee-party-garden-waterproof.jpg 1200w, https:\/\/cozyanddozy.com\/de\/wp-content\/uploads\/2023\/02\/teepee-party-garden-waterproof-150x150.jpg 150w, https:\/\/cozyanddozy.com\/de\/wp-content\/uploads\/2023\/02\/teepee-party-garden-waterproof-768x768.jpg 768w, https:\/\/cozyanddozy.com\/de\/wp-content\/uploads\/2023\/02\/teepee-party-garden-waterproof-300x300.jpg 300w, https:\/\/cozyanddozy.com\/de\/wp-content\/uploads\/2023\/02\/teepee-party-garden-waterproof-600x600.jpg 600w, https:\/\/cozyanddozy.com\/de\/wp-content\/uploads\/2023\/02\/teepee-party-garden-waterproof-100x100.jpg 100w, https:\/\/cozyanddozy.com\/de\/wp-content\/uploads\/2023\/02\/teepee-party-garden-waterproof-1024x1024.jpg 1024w\" sizes=\"(max-width: 400px) 100vw, 400px\" \/> <img decoding=\"async\" class=\"alignnone size-medium wp-image-942\" src=\"https:\/\/cozyanddozy.com\/wp-content\/uploads\/2023\/02\/pink-tipi-400x400.jpg\" alt=\"\" width=\"400\" height=\"400\" srcset=\"https:\/\/cozyanddozy.com\/de\/wp-content\/uploads\/2023\/02\/pink-tipi-400x400.jpg 400w, https:\/\/cozyanddozy.com\/de\/wp-content\/uploads\/2023\/02\/pink-tipi.jpg 1200w, https:\/\/cozyanddozy.com\/de\/wp-content\/uploads\/2023\/02\/pink-tipi-150x150.jpg 150w, https:\/\/cozyanddozy.com\/de\/wp-content\/uploads\/2023\/02\/pink-tipi-768x768.jpg 768w, https:\/\/cozyanddozy.com\/de\/wp-content\/uploads\/2023\/02\/pink-tipi-300x300.jpg 300w, https:\/\/cozyanddozy.com\/de\/wp-content\/uploads\/2023\/02\/pink-tipi-600x600.jpg 600w, https:\/\/cozyanddozy.com\/de\/wp-content\/uploads\/2023\/02\/pink-tipi-100x100.jpg 100w, https:\/\/cozyanddozy.com\/de\/wp-content\/uploads\/2023\/02\/pink-tipi-1024x1024.jpg 1024w\" sizes=\"(max-width: 400px) 100vw, 400px\" \/> <img decoding=\"async\" class=\"alignnone size-medium wp-image-937\" src=\"https:\/\/cozyanddozy.com\/wp-content\/uploads\/2023\/02\/pink-teepee-cozydots-400x400.jpg\" alt=\"\" width=\"400\" height=\"400\" srcset=\"https:\/\/cozyanddozy.com\/de\/wp-content\/uploads\/2023\/02\/pink-teepee-cozydots-400x400.jpg 400w, https:\/\/cozyanddozy.com\/de\/wp-content\/uploads\/2023\/02\/pink-teepee-cozydots.jpg 1200w, https:\/\/cozyanddozy.com\/de\/wp-content\/uploads\/2023\/02\/pink-teepee-cozydots-150x150.jpg 150w, https:\/\/cozyanddozy.com\/de\/wp-content\/uploads\/2023\/02\/pink-teepee-cozydots-768x768.jpg 768w, https:\/\/cozyanddozy.com\/de\/wp-content\/uploads\/2023\/02\/pink-teepee-cozydots-300x300.jpg 300w, https:\/\/cozyanddozy.com\/de\/wp-content\/uploads\/2023\/02\/pink-teepee-cozydots-600x600.jpg 600w, https:\/\/cozyanddozy.com\/de\/wp-content\/uploads\/2023\/02\/pink-teepee-cozydots-100x100.jpg 100w, https:\/\/cozyanddozy.com\/de\/wp-content\/uploads\/2023\/02\/pink-teepee-cozydots-1024x1024.jpg 1024w\" sizes=\"(max-width: 400px) 100vw, 400px\" \/> <img decoding=\"async\" class=\"alignnone size-medium wp-image-975\" src=\"https:\/\/cozyanddozy.com\/wp-content\/uploads\/2023\/02\/garden-blue-tipi-400x400.jpg\" alt=\"\" width=\"400\" height=\"400\" srcset=\"https:\/\/cozyanddozy.com\/de\/wp-content\/uploads\/2023\/02\/garden-blue-tipi-400x400.jpg 400w, https:\/\/cozyanddozy.com\/de\/wp-content\/uploads\/2023\/02\/garden-blue-tipi.jpg 1200w, https:\/\/cozyanddozy.com\/de\/wp-content\/uploads\/2023\/02\/garden-blue-tipi-150x150.jpg 150w, https:\/\/cozyanddozy.com\/de\/wp-content\/uploads\/2023\/02\/garden-blue-tipi-768x768.jpg 768w, https:\/\/cozyanddozy.com\/de\/wp-content\/uploads\/2023\/02\/garden-blue-tipi-300x300.jpg 300w, https:\/\/cozyanddozy.com\/de\/wp-content\/uploads\/2023\/02\/garden-blue-tipi-600x600.jpg 600w, https:\/\/cozyanddozy.com\/de\/wp-content\/uploads\/2023\/02\/garden-blue-tipi-100x100.jpg 100w, https:\/\/cozyanddozy.com\/de\/wp-content\/uploads\/2023\/02\/garden-blue-tipi-1024x1024.jpg 1024w\" sizes=\"(max-width: 400px) 100vw, 400px\" \/><\/p>\n<p>Willkommen in der Welt von <strong>Cozy&amp;Dozy<\/strong> \u2013 einem Ort, an dem wir gem\u00fctliche Oasen mit wundersch\u00f6nen Kissen und Accessoires f\u00fcr Ihr Kind schaffen. Unsere Marke besteht aus mehr als nur Produkten \u2013 sie ist eine Lebensphilosophie, die darauf abzielt, Gegenst\u00e4nde zu schaffen, die \u00fcber Jahre hinweg ein fester Bestandteil Ihres Zuhauses werden und von Generation zu Generation weitergegeben werden.<\/p>\n<p>Unsere Produkte sind nicht nur wundersch\u00f6n gestaltet, sondern auch mit gr\u00f6\u00dfter Sorgfalt von unseren geliebten N\u00e4herinnen gefertigt, die seit 8 Jahren bei uns sind und viel Liebe zum Detail haben. Jeder Artikel unserer Kollektion wird sorgf\u00e4ltig ausgew\u00e4hlt, um sowohl \u00c4sthetik als auch Funktionalit\u00e4t zu gew\u00e4hrleisten.<\/p>\n<p>Unsere Produkte sind leicht zu reinigen, was den Alltag einfacher und angenehmer macht. Wir glauben, dass selbst kleinste Details den Komfort und die Harmonie in Ihrem Zuhause beeinflussen k\u00f6nnen.<\/p>\n<p>Cozy&amp;Dozy ist nicht nur eine Marke, es ist eine Gemeinschaft von Menschen, die ihre Arbeit lieben und wertsch\u00e4tzen. Jedes unserer Produkte ist das Ergebnis der Leidenschaft, des Engagements und der Professionalit\u00e4t unseres Teams.<\/p>\n<p>Vielen Dank, dass Sie sich f\u00fcr unsere Marke entschieden haben, und wir versprechen Ihnen, dass wir weiterhin bestrebt sein werden, Ihre Erwartungen zu erf\u00fcllen und Ihnen Produkte anzubieten, die mehr Freude und Komfort in Ihr Leben bringen.<\/p>\n<p><strong>Alle Artikel von Cozy &amp; Dozy werden in Polen entworfen und gen\u00e4ht<\/strong><\/p>\n<p>&nbsp;<\/p>\n<p>&nbsp;<\/p>\n","protected":false},"excerpt":{"rendered":"<p>Das Tipi-Spielzelt, perfekt f\u00fcr den Garten oder die Terrasse, ist nicht nur ein Ort zum Spielen, sondern auch ein sicherer Ort, an dem Ihr Kind Spa\u00df haben und tolle Abenteuer erleben kann.<\/p>\n","protected":false},"featured_media":3425,"comment_status":"open","ping_status":"closed","template":"","meta":[],"product_brand":[],"product_cat":[71],"product_tag":[],"class_list":{"0":"post-3443","1":"product","2":"type-product","3":"status-publish","4":"has-post-thumbnail","6":"product_cat-tipi-zelt","8":"first","9":"instock","10":"sale","11":"shipping-taxable","12":"product-type-simple"},"yoast_head":"<!-- This site is optimized with the Yoast SEO Premium plugin v21.9 (Yoast SEO v27.0) - https:\/\/yoast.com\/product\/yoast-seo-premium-wordpress\/ -->\n<title>Tipi-Zelt wasserdicht Garden Sage - Cozy &amp; Dozy<\/title>\n<meta name=\"description\" content=\"Das Tipi-Spielzelt, perfekt f\u00fcr den Garten oder die Terrasse, ist nicht nur ein Ort zum Spielen, sondern auch ein sicherer Ort, an dem Ihr Kind Spa\u00df haben und tolle Abenteuer erleben kann.\" \/>\n<meta name=\"robots\" content=\"index, follow, max-snippet:-1, max-image-preview:large, max-video-preview:-1\" \/>\n<link rel=\"canonical\" href=\"https:\/\/cozyanddozy.com\/de\/produkt\/tipi-zelt-wasserdicht-garden-sage\/\" \/>\n<meta property=\"og:locale\" content=\"de_DE\" \/>\n<meta property=\"og:type\" content=\"article\" \/>\n<meta property=\"og:title\" content=\"Tipi-Zelt wasserdicht Garden Sage\" \/>\n<meta property=\"og:description\" content=\"Das Tipi-Spielzelt, perfekt f\u00fcr den Garten oder die Terrasse, ist nicht nur ein Ort zum Spielen, sondern auch ein sicherer Ort, an dem Ihr Kind Spa\u00df haben und tolle Abenteuer erleben kann.\" \/>\n<meta property=\"og:url\" content=\"https:\/\/cozyanddozy.com\/de\/produkt\/tipi-zelt-wasserdicht-garden-sage\/\" \/>\n<meta property=\"og:site_name\" content=\"Cozy &amp; Dozy\" \/>\n<meta property=\"article:modified_time\" content=\"2025-01-29T20:18:45+00:00\" \/>\n<meta property=\"og:image\" content=\"https:\/\/cozyanddozy.com\/de\/wp-content\/uploads\/2024\/05\/sage-tipi-tent-garden-scaled.jpeg\" \/>\n\t<meta property=\"og:image:width\" content=\"2560\" \/>\n\t<meta property=\"og:image:height\" content=\"2560\" \/>\n\t<meta property=\"og:image:type\" content=\"image\/jpeg\" \/>\n<meta name=\"twitter:card\" content=\"summary_large_image\" \/>\n<meta name=\"twitter:label1\" content=\"Preis\" \/>\n\t<meta name=\"twitter:data1\" content=\"99,00&nbsp;&euro;\" \/>\n\t<meta name=\"twitter:label2\" content=\"Verf\u00fcgbarkeit\" \/>\n\t<meta name=\"twitter:data2\" content=\"Auf Lager\" \/>\n<script type=\"application\/ld+json\" class=\"yoast-schema-graph\">{\"@context\":\"https:\/\/schema.org\",\"@graph\":[{\"@type\":\"WebPage\",\"@id\":\"https:\/\/cozyanddozy.com\/de\/produkt\/tipi-zelt-wasserdicht-garden-sage\/\",\"url\":\"https:\/\/cozyanddozy.com\/de\/produkt\/tipi-zelt-wasserdicht-garden-sage\/\",\"name\":\"Tipi-Zelt wasserdicht Garden Sage - Cozy & Dozy\",\"isPartOf\":{\"@id\":\"https:\/\/cozyanddozy.com\/de\/#website\"},\"primaryImageOfPage\":{\"@id\":\"https:\/\/cozyanddozy.com\/de\/produkt\/tipi-zelt-wasserdicht-garden-sage\/#primaryimage\"},\"image\":{\"@id\":\"https:\/\/cozyanddozy.com\/de\/produkt\/tipi-zelt-wasserdicht-garden-sage\/#primaryimage\"},\"thumbnailUrl\":\"https:\/\/cozyanddozy.com\/de\/wp-content\/uploads\/2024\/05\/sage-tipi-tent-garden-scaled.jpeg\",\"datePublished\":\"2024-05-10T13:13:38+00:00\",\"dateModified\":\"2025-01-29T20:18:45+00:00\",\"description\":\"Das Tipi-Spielzelt, perfekt f\u00fcr den Garten oder die Terrasse, ist nicht nur ein Ort zum Spielen, sondern auch ein sicherer Ort, an dem Ihr Kind Spa\u00df haben und tolle Abenteuer erleben kann.\",\"breadcrumb\":{\"@id\":\"https:\/\/cozyanddozy.com\/de\/produkt\/tipi-zelt-wasserdicht-garden-sage\/#breadcrumb\"},\"inLanguage\":\"de\",\"potentialAction\":[{\"@type\":\"ReadAction\",\"target\":[\"https:\/\/cozyanddozy.com\/de\/produkt\/tipi-zelt-wasserdicht-garden-sage\/\"]}]},{\"@type\":\"ImageObject\",\"inLanguage\":\"de\",\"@id\":\"https:\/\/cozyanddozy.com\/de\/produkt\/tipi-zelt-wasserdicht-garden-sage\/#primaryimage\",\"url\":\"https:\/\/cozyanddozy.com\/de\/wp-content\/uploads\/2024\/05\/sage-tipi-tent-garden-scaled.jpeg\",\"contentUrl\":\"https:\/\/cozyanddozy.com\/de\/wp-content\/uploads\/2024\/05\/sage-tipi-tent-garden-scaled.jpeg\",\"width\":2560,\"height\":2560},{\"@type\":\"BreadcrumbList\",\"@id\":\"https:\/\/cozyanddozy.com\/de\/produkt\/tipi-zelt-wasserdicht-garden-sage\/#breadcrumb\",\"itemListElement\":[{\"@type\":\"ListItem\",\"position\":1,\"name\":\"Home\",\"item\":\"https:\/\/cozyanddozy.com\/de\/\"},{\"@type\":\"ListItem\",\"position\":2,\"name\":\"Shop\",\"item\":\"https:\/\/cozyanddozy.com\/de\/shop\/\"},{\"@type\":\"ListItem\",\"position\":3,\"name\":\"Tipi-Zelt wasserdicht Garden Sage\"}]},{\"@type\":\"WebSite\",\"@id\":\"https:\/\/cozyanddozy.com\/de\/#website\",\"url\":\"https:\/\/cozyanddozy.com\/de\/\",\"name\":\"Cozy & Dozy\",\"description\":\"\",\"publisher\":{\"@id\":\"https:\/\/cozyanddozy.com\/de\/#organization\"},\"potentialAction\":[{\"@type\":\"SearchAction\",\"target\":{\"@type\":\"EntryPoint\",\"urlTemplate\":\"https:\/\/cozyanddozy.com\/de\/?s={search_term_string}\"},\"query-input\":{\"@type\":\"PropertyValueSpecification\",\"valueRequired\":true,\"valueName\":\"search_term_string\"}}],\"inLanguage\":\"de\"},{\"@type\":\"Organization\",\"@id\":\"https:\/\/cozyanddozy.com\/de\/#organization\",\"name\":\"Cozy & Dozy\",\"url\":\"https:\/\/cozyanddozy.com\/de\/\",\"logo\":{\"@type\":\"ImageObject\",\"inLanguage\":\"de\",\"@id\":\"https:\/\/cozyanddozy.com\/de\/#\/schema\/logo\/image\/\",\"url\":\"https:\/\/cozyanddozy.com\/de\/wp-content\/uploads\/2023\/02\/cozyanddozy_logo_b.png\",\"contentUrl\":\"https:\/\/cozyanddozy.com\/de\/wp-content\/uploads\/2023\/02\/cozyanddozy_logo_b.png\",\"width\":314,\"height\":85,\"caption\":\"Cozy & Dozy\"},\"image\":{\"@id\":\"https:\/\/cozyanddozy.com\/de\/#\/schema\/logo\/image\/\"}}]}<\/script>\n<meta property=\"product:price:amount\" content=\"99.00\" \/>\n<meta property=\"product:price:currency\" content=\"EUR\" \/>\n<meta property=\"og:availability\" content=\"instock\" \/>\n<meta property=\"product:availability\" content=\"instock\" \/>\n<meta property=\"product:retailer_item_id\" content=\"5902701497781\" \/>\n<meta property=\"product:condition\" content=\"new\" \/>\n<!-- \/ Yoast SEO Premium plugin. -->","yoast_head_json":{"title":"Tipi-Zelt wasserdicht Garden Sage - Cozy & Dozy","description":"Das Tipi-Spielzelt, perfekt f\u00fcr den Garten oder die Terrasse, ist nicht nur ein Ort zum Spielen, sondern auch ein sicherer Ort, an dem Ihr Kind Spa\u00df haben und tolle Abenteuer erleben kann.","robots":{"index":"index","follow":"follow","max-snippet":"max-snippet:-1","max-image-preview":"max-image-preview:large","max-video-preview":"max-video-preview:-1"},"canonical":"https:\/\/cozyanddozy.com\/de\/produkt\/tipi-zelt-wasserdicht-garden-sage\/","og_locale":"de_DE","og_type":"article","og_title":"Tipi-Zelt wasserdicht Garden Sage","og_description":"Das Tipi-Spielzelt, perfekt f\u00fcr den Garten oder die Terrasse, ist nicht nur ein Ort zum Spielen, sondern auch ein sicherer Ort, an dem Ihr Kind Spa\u00df haben und tolle Abenteuer erleben kann.","og_url":"https:\/\/cozyanddozy.com\/de\/produkt\/tipi-zelt-wasserdicht-garden-sage\/","og_site_name":"Cozy &amp; Dozy","article_modified_time":"2025-01-29T20:18:45+00:00","og_image":[{"width":2560,"height":2560,"url":"https:\/\/cozyanddozy.com\/de\/wp-content\/uploads\/2024\/05\/sage-tipi-tent-garden-scaled.jpeg","type":"image\/jpeg"}],"twitter_card":"summary_large_image","twitter_misc":{"Preis":"99,00&nbsp;&euro;","Verf\u00fcgbarkeit":"Auf Lager"},"schema":{"@context":"https:\/\/schema.org","@graph":[{"@type":"WebPage","@id":"https:\/\/cozyanddozy.com\/de\/produkt\/tipi-zelt-wasserdicht-garden-sage\/","url":"https:\/\/cozyanddozy.com\/de\/produkt\/tipi-zelt-wasserdicht-garden-sage\/","name":"Tipi-Zelt wasserdicht Garden Sage - Cozy & Dozy","isPartOf":{"@id":"https:\/\/cozyanddozy.com\/de\/#website"},"primaryImageOfPage":{"@id":"https:\/\/cozyanddozy.com\/de\/produkt\/tipi-zelt-wasserdicht-garden-sage\/#primaryimage"},"image":{"@id":"https:\/\/cozyanddozy.com\/de\/produkt\/tipi-zelt-wasserdicht-garden-sage\/#primaryimage"},"thumbnailUrl":"https:\/\/cozyanddozy.com\/de\/wp-content\/uploads\/2024\/05\/sage-tipi-tent-garden-scaled.jpeg","datePublished":"2024-05-10T13:13:38+00:00","dateModified":"2025-01-29T20:18:45+00:00","description":"Das Tipi-Spielzelt, perfekt f\u00fcr den Garten oder die Terrasse, ist nicht nur ein Ort zum Spielen, sondern auch ein sicherer Ort, an dem Ihr Kind Spa\u00df haben und tolle Abenteuer erleben kann.","breadcrumb":{"@id":"https:\/\/cozyanddozy.com\/de\/produkt\/tipi-zelt-wasserdicht-garden-sage\/#breadcrumb"},"inLanguage":"de","potentialAction":[{"@type":"ReadAction","target":["https:\/\/cozyanddozy.com\/de\/produkt\/tipi-zelt-wasserdicht-garden-sage\/"]}]},{"@type":"ImageObject","inLanguage":"de","@id":"https:\/\/cozyanddozy.com\/de\/produkt\/tipi-zelt-wasserdicht-garden-sage\/#primaryimage","url":"https:\/\/cozyanddozy.com\/de\/wp-content\/uploads\/2024\/05\/sage-tipi-tent-garden-scaled.jpeg","contentUrl":"https:\/\/cozyanddozy.com\/de\/wp-content\/uploads\/2024\/05\/sage-tipi-tent-garden-scaled.jpeg","width":2560,"height":2560},{"@type":"BreadcrumbList","@id":"https:\/\/cozyanddozy.com\/de\/produkt\/tipi-zelt-wasserdicht-garden-sage\/#breadcrumb","itemListElement":[{"@type":"ListItem","position":1,"name":"Home","item":"https:\/\/cozyanddozy.com\/de\/"},{"@type":"ListItem","position":2,"name":"Shop","item":"https:\/\/cozyanddozy.com\/de\/shop\/"},{"@type":"ListItem","position":3,"name":"Tipi-Zelt wasserdicht Garden Sage"}]},{"@type":"WebSite","@id":"https:\/\/cozyanddozy.com\/de\/#website","url":"https:\/\/cozyanddozy.com\/de\/","name":"Cozy & Dozy","description":"","publisher":{"@id":"https:\/\/cozyanddozy.com\/de\/#organization"},"potentialAction":[{"@type":"SearchAction","target":{"@type":"EntryPoint","urlTemplate":"https:\/\/cozyanddozy.com\/de\/?s={search_term_string}"},"query-input":{"@type":"PropertyValueSpecification","valueRequired":true,"valueName":"search_term_string"}}],"inLanguage":"de"},{"@type":"Organization","@id":"https:\/\/cozyanddozy.com\/de\/#organization","name":"Cozy & Dozy","url":"https:\/\/cozyanddozy.com\/de\/","logo":{"@type":"ImageObject","inLanguage":"de","@id":"https:\/\/cozyanddozy.com\/de\/#\/schema\/logo\/image\/","url":"https:\/\/cozyanddozy.com\/de\/wp-content\/uploads\/2023\/02\/cozyanddozy_logo_b.png","contentUrl":"https:\/\/cozyanddozy.com\/de\/wp-content\/uploads\/2023\/02\/cozyanddozy_logo_b.png","width":314,"height":85,"caption":"Cozy & Dozy"},"image":{"@id":"https:\/\/cozyanddozy.com\/de\/#\/schema\/logo\/image\/"}}]},"product_price_amount":"99.00","product_price_currency":"EUR","og_availability":"instock","product_availability":"instock","product_retailer_item_id":"5902701497781","product_condition":"new"},"_links":{"self":[{"href":"https:\/\/cozyanddozy.com\/de\/wp-json\/wp\/v2\/product\/3443","targetHints":{"allow":["GET"]}}],"collection":[{"href":"https:\/\/cozyanddozy.com\/de\/wp-json\/wp\/v2\/product"}],"about":[{"href":"https:\/\/cozyanddozy.com\/de\/wp-json\/wp\/v2\/types\/product"}],"replies":[{"embeddable":true,"href":"https:\/\/cozyanddozy.com\/de\/wp-json\/wp\/v2\/comments?post=3443"}],"wp:featuredmedia":[{"embeddable":true,"href":"https:\/\/cozyanddozy.com\/de\/wp-json\/wp\/v2\/media\/3425"}],"wp:attachment":[{"href":"https:\/\/cozyanddozy.com\/de\/wp-json\/wp\/v2\/media?parent=3443"}],"wp:term":[{"taxonomy":"product_brand","embeddable":true,"href":"https:\/\/cozyanddozy.com\/de\/wp-json\/wp\/v2\/product_brand?post=3443"},{"taxonomy":"product_cat","embeddable":true,"href":"https:\/\/cozyanddozy.com\/de\/wp-json\/wp\/v2\/product_cat?post=3443"},{"taxonomy":"product_tag","embeddable":true,"href":"https:\/\/cozyanddozy.com\/de\/wp-json\/wp\/v2\/product_tag?post=3443"}],"curies":[{"name":"wp","href":"https:\/\/api.w.org\/{rel}","templated":true}]}}