{"id":3271,"date":"2024-03-29T18:34:51","date_gmt":"2024-03-29T18:34:51","guid":{"rendered":"https:\/\/cozyanddozy.com\/?post_type=product&#038;p=2820"},"modified":"2025-01-29T21:19:50","modified_gmt":"2025-01-29T20:19:50","slug":"daisy-blumenkissen-weisses-gaensebluemchenkissen","status":"publish","type":"product","link":"https:\/\/cozyanddozy.com\/de\/produkt\/daisy-blumenkissen-weisses-gaensebluemchenkissen\/","title":{"rendered":"Daisy Blumenkissen, wei\u00dfes G\u00e4nsebl\u00fcmchenkissen"},"content":{"rendered":"<h3><img decoding=\"async\" class=\"alignnone size-medium wp-image-1590 alignright\" src=\"https:\/\/cozyanddozy.com\/wp-content\/uploads\/2023\/05\/flower-daisy-pillows-scaled-1-400x400.jpg\" alt=\"\" width=\"400\" height=\"400\" \/><\/h3>\n<h3><strong>G\u00e4nsebl\u00fcmchen-Blumenkissen, wei\u00dfes G\u00e4nsebl\u00fcmchenkissen<\/strong><\/h3>\n<div><strong>Wei\u00dfes Blumensamtkissen G\u00e4nsebl\u00fcmchen<\/strong><\/div>\n<div><strong>Ohne was k\u00f6nnen wir uns den Fr\u00fchling nicht vorstellen? Nat\u00fcrlich ohne sch\u00f6ne und einzigartige G\u00e4nsebl\u00fcmchen.<\/strong><\/div>\n<div><\/div>\n<div><strong>Und am besten ist es, wenn G\u00e4nsebl\u00fcmchen Kissen weich sind und sich angenehm anf\u00fchlen! Das G\u00e4nsebl\u00fcmchen-Kissen ist eine stilvolle Dekoration des Wohnzimmers.<\/strong><\/div>\n<div><\/div>\n<div>Samtblumenkissen k\u00f6nnen ein bezauberndes dekoratives Element des Kinderbetts oder Sofas sein. Die Daisy-Kollektion ist eine sch\u00f6ne Erg\u00e4nzung f\u00fcr jeden Raum.<\/div>\n<div><\/div>\n<div>Das Blumenkissen besteht wie alle Kissen von Cozy Dozy aus hochwertigem Samtstoff und ist leicht zu reinigen und zu waschen.<\/div>\n<div><\/div>\n<div>Du kannst deine Finger nicht von Daisys Kissen lassen! Es besteht aus sehr weichem Samt. Dieses Material macht die Verwendung des Kissens zu einem \u00e4u\u00dferst angenehmen Erlebnis. Ihr Kind wird es sicherlich lieben, es zu kuscheln und es f\u00fcr alle Nickerchen mitzunehmen. Cozy Dozy Kissen werden einen m\u00e4rchenhaften Charakter annehmen.<\/div>\n<div><\/div>\n<div>Sie k\u00f6nnen Blumen in verschiedenen Farben w\u00e4hlen: Wei\u00df, Gelb, Dunkelrosa, Hellrosa, Grau, Violett und Beige.<\/div>\n<div><\/div>\n<div>Ma\u00dfe:<\/div>\n<ul>\n<li>52 \u00d7 52 cm<\/li>\n<\/ul>\n<div>Komposition:<\/div>\n<ul>\n<li>100 % Samt (Zertifikat, CE)<\/li>\n<li>F\u00fcllung des Kissens \u2013 Silikonkugel, antiallergisch.<\/li>\n<\/ul>\n<div>Waschen:<\/div>\n<ul>\n<li>Maschinenwaschbar bei 40 Grad,<\/li>\n<li>Schleudern \u2013 800 Umdrehungen,<\/li>\n<li>nicht chemisch reinigen, nicht bleichen,<\/li>\n<li>Sch\u00fctteln Sie es nach dem Waschen, um den Guss zu regeln.<\/li>\n<li>auf einer ebenen Fl\u00e4che trocknen.<\/li>\n<\/ul>\n","protected":false},"excerpt":{"rendered":"<p>Daisy pillows will take on a fairy &#8211; tale character. Size 52&#215;52 cm<\/p>\n","protected":false},"featured_media":1722,"comment_status":"open","ping_status":"closed","template":"","meta":[],"product_brand":[],"product_cat":[73],"product_tag":[],"class_list":{"0":"post-3271","1":"product","2":"type-product","3":"status-publish","4":"has-post-thumbnail","6":"product_cat-kissen-puffs","8":"first","9":"instock","10":"sale","11":"shipping-taxable","12":"product-type-simple"},"yoast_head":"<!-- This site is optimized with the Yoast SEO Premium plugin v21.9 (Yoast SEO v27.0) - https:\/\/yoast.com\/product\/yoast-seo-premium-wordpress\/ -->\n<title>Daisy Blumenkissen, wei\u00dfes G\u00e4nsebl\u00fcmchenkissen - Cozy &amp; Dozy<\/title>\n<meta name=\"description\" content=\"Daisy pillows will take on a fairy - tale character. Size 52x52 cm\" \/>\n<meta name=\"robots\" content=\"index, follow, max-snippet:-1, max-image-preview:large, max-video-preview:-1\" \/>\n<link rel=\"canonical\" href=\"https:\/\/cozyanddozy.com\/de\/produkt\/daisy-blumenkissen-weisses-gaensebluemchenkissen\/\" \/>\n<meta property=\"og:locale\" content=\"de_DE\" \/>\n<meta property=\"og:type\" content=\"article\" \/>\n<meta property=\"og:title\" content=\"Daisy Blumenkissen, wei\u00dfes G\u00e4nsebl\u00fcmchenkissen\" \/>\n<meta property=\"og:description\" content=\"Daisy pillows will take on a fairy - tale character. Size 52x52 cm\" \/>\n<meta property=\"og:url\" content=\"https:\/\/cozyanddozy.com\/de\/produkt\/daisy-blumenkissen-weisses-gaensebluemchenkissen\/\" \/>\n<meta property=\"og:site_name\" content=\"Cozy &amp; Dozy\" \/>\n<meta property=\"article:modified_time\" content=\"2025-01-29T20:19:50+00:00\" \/>\n<meta property=\"og:image\" content=\"https:\/\/cozyanddozy.com\/de\/wp-content\/uploads\/2023\/04\/white-and-yellow-flower-pillows.jpg\" \/>\n\t<meta property=\"og:image:width\" content=\"2000\" \/>\n\t<meta property=\"og:image:height\" content=\"2000\" \/>\n\t<meta property=\"og:image:type\" content=\"image\/jpeg\" \/>\n<meta name=\"twitter:card\" content=\"summary_large_image\" \/>\n<meta name=\"twitter:label1\" content=\"Preis\" \/>\n\t<meta name=\"twitter:data1\" content=\"29,00&nbsp;&euro;\" \/>\n\t<meta name=\"twitter:label2\" content=\"Verf\u00fcgbarkeit\" \/>\n\t<meta name=\"twitter:data2\" content=\"Auf Lager\" \/>\n<script type=\"application\/ld+json\" class=\"yoast-schema-graph\">{\"@context\":\"https:\/\/schema.org\",\"@graph\":[{\"@type\":\"WebPage\",\"@id\":\"https:\/\/cozyanddozy.com\/de\/produkt\/daisy-blumenkissen-weisses-gaensebluemchenkissen\/\",\"url\":\"https:\/\/cozyanddozy.com\/de\/produkt\/daisy-blumenkissen-weisses-gaensebluemchenkissen\/\",\"name\":\"Daisy Blumenkissen, wei\u00dfes G\u00e4nsebl\u00fcmchenkissen - Cozy & Dozy\",\"isPartOf\":{\"@id\":\"https:\/\/cozyanddozy.com\/de\/#website\"},\"primaryImageOfPage\":{\"@id\":\"https:\/\/cozyanddozy.com\/de\/produkt\/daisy-blumenkissen-weisses-gaensebluemchenkissen\/#primaryimage\"},\"image\":{\"@id\":\"https:\/\/cozyanddozy.com\/de\/produkt\/daisy-blumenkissen-weisses-gaensebluemchenkissen\/#primaryimage\"},\"thumbnailUrl\":\"https:\/\/cozyanddozy.com\/de\/wp-content\/uploads\/2023\/04\/white-and-yellow-flower-pillows.jpg\",\"datePublished\":\"2024-03-29T18:34:51+00:00\",\"dateModified\":\"2025-01-29T20:19:50+00:00\",\"description\":\"Daisy pillows will take on a fairy - tale character. Size 52x52 cm\",\"breadcrumb\":{\"@id\":\"https:\/\/cozyanddozy.com\/de\/produkt\/daisy-blumenkissen-weisses-gaensebluemchenkissen\/#breadcrumb\"},\"inLanguage\":\"de\",\"potentialAction\":[{\"@type\":\"ReadAction\",\"target\":[\"https:\/\/cozyanddozy.com\/de\/produkt\/daisy-blumenkissen-weisses-gaensebluemchenkissen\/\"]}]},{\"@type\":\"ImageObject\",\"inLanguage\":\"de\",\"@id\":\"https:\/\/cozyanddozy.com\/de\/produkt\/daisy-blumenkissen-weisses-gaensebluemchenkissen\/#primaryimage\",\"url\":\"https:\/\/cozyanddozy.com\/de\/wp-content\/uploads\/2023\/04\/white-and-yellow-flower-pillows.jpg\",\"contentUrl\":\"https:\/\/cozyanddozy.com\/de\/wp-content\/uploads\/2023\/04\/white-and-yellow-flower-pillows.jpg\",\"width\":2000,\"height\":2000},{\"@type\":\"BreadcrumbList\",\"@id\":\"https:\/\/cozyanddozy.com\/de\/produkt\/daisy-blumenkissen-weisses-gaensebluemchenkissen\/#breadcrumb\",\"itemListElement\":[{\"@type\":\"ListItem\",\"position\":1,\"name\":\"Home\",\"item\":\"https:\/\/cozyanddozy.com\/de\/\"},{\"@type\":\"ListItem\",\"position\":2,\"name\":\"Shop\",\"item\":\"https:\/\/cozyanddozy.com\/de\/shop\/\"},{\"@type\":\"ListItem\",\"position\":3,\"name\":\"Daisy Blumenkissen, wei\u00dfes G\u00e4nsebl\u00fcmchenkissen\"}]},{\"@type\":\"WebSite\",\"@id\":\"https:\/\/cozyanddozy.com\/de\/#website\",\"url\":\"https:\/\/cozyanddozy.com\/de\/\",\"name\":\"Cozy & Dozy\",\"description\":\"\",\"publisher\":{\"@id\":\"https:\/\/cozyanddozy.com\/de\/#organization\"},\"potentialAction\":[{\"@type\":\"SearchAction\",\"target\":{\"@type\":\"EntryPoint\",\"urlTemplate\":\"https:\/\/cozyanddozy.com\/de\/?s={search_term_string}\"},\"query-input\":{\"@type\":\"PropertyValueSpecification\",\"valueRequired\":true,\"valueName\":\"search_term_string\"}}],\"inLanguage\":\"de\"},{\"@type\":\"Organization\",\"@id\":\"https:\/\/cozyanddozy.com\/de\/#organization\",\"name\":\"Cozy & Dozy\",\"url\":\"https:\/\/cozyanddozy.com\/de\/\",\"logo\":{\"@type\":\"ImageObject\",\"inLanguage\":\"de\",\"@id\":\"https:\/\/cozyanddozy.com\/de\/#\/schema\/logo\/image\/\",\"url\":\"https:\/\/cozyanddozy.com\/de\/wp-content\/uploads\/2023\/02\/cozyanddozy_logo_b.png\",\"contentUrl\":\"https:\/\/cozyanddozy.com\/de\/wp-content\/uploads\/2023\/02\/cozyanddozy_logo_b.png\",\"width\":314,\"height\":85,\"caption\":\"Cozy & Dozy\"},\"image\":{\"@id\":\"https:\/\/cozyanddozy.com\/de\/#\/schema\/logo\/image\/\"}}]}<\/script>\n<meta property=\"product:price:amount\" content=\"29.00\" \/>\n<meta property=\"product:price:currency\" content=\"EUR\" \/>\n<meta property=\"og:availability\" content=\"instock\" \/>\n<meta property=\"product:availability\" content=\"instock\" \/>\n<meta property=\"product:retailer_item_id\" content=\"5902701497224\" \/>\n<meta property=\"product:condition\" content=\"new\" \/>\n<!-- \/ Yoast SEO Premium plugin. -->","yoast_head_json":{"title":"Daisy Blumenkissen, wei\u00dfes G\u00e4nsebl\u00fcmchenkissen - Cozy & Dozy","description":"Daisy pillows will take on a fairy - tale character. Size 52x52 cm","robots":{"index":"index","follow":"follow","max-snippet":"max-snippet:-1","max-image-preview":"max-image-preview:large","max-video-preview":"max-video-preview:-1"},"canonical":"https:\/\/cozyanddozy.com\/de\/produkt\/daisy-blumenkissen-weisses-gaensebluemchenkissen\/","og_locale":"de_DE","og_type":"article","og_title":"Daisy Blumenkissen, wei\u00dfes G\u00e4nsebl\u00fcmchenkissen","og_description":"Daisy pillows will take on a fairy - tale character. Size 52x52 cm","og_url":"https:\/\/cozyanddozy.com\/de\/produkt\/daisy-blumenkissen-weisses-gaensebluemchenkissen\/","og_site_name":"Cozy &amp; Dozy","article_modified_time":"2025-01-29T20:19:50+00:00","og_image":[{"width":2000,"height":2000,"url":"https:\/\/cozyanddozy.com\/de\/wp-content\/uploads\/2023\/04\/white-and-yellow-flower-pillows.jpg","type":"image\/jpeg"}],"twitter_card":"summary_large_image","twitter_misc":{"Preis":"29,00&nbsp;&euro;","Verf\u00fcgbarkeit":"Auf Lager"},"schema":{"@context":"https:\/\/schema.org","@graph":[{"@type":"WebPage","@id":"https:\/\/cozyanddozy.com\/de\/produkt\/daisy-blumenkissen-weisses-gaensebluemchenkissen\/","url":"https:\/\/cozyanddozy.com\/de\/produkt\/daisy-blumenkissen-weisses-gaensebluemchenkissen\/","name":"Daisy Blumenkissen, wei\u00dfes G\u00e4nsebl\u00fcmchenkissen - Cozy & Dozy","isPartOf":{"@id":"https:\/\/cozyanddozy.com\/de\/#website"},"primaryImageOfPage":{"@id":"https:\/\/cozyanddozy.com\/de\/produkt\/daisy-blumenkissen-weisses-gaensebluemchenkissen\/#primaryimage"},"image":{"@id":"https:\/\/cozyanddozy.com\/de\/produkt\/daisy-blumenkissen-weisses-gaensebluemchenkissen\/#primaryimage"},"thumbnailUrl":"https:\/\/cozyanddozy.com\/de\/wp-content\/uploads\/2023\/04\/white-and-yellow-flower-pillows.jpg","datePublished":"2024-03-29T18:34:51+00:00","dateModified":"2025-01-29T20:19:50+00:00","description":"Daisy pillows will take on a fairy - tale character. Size 52x52 cm","breadcrumb":{"@id":"https:\/\/cozyanddozy.com\/de\/produkt\/daisy-blumenkissen-weisses-gaensebluemchenkissen\/#breadcrumb"},"inLanguage":"de","potentialAction":[{"@type":"ReadAction","target":["https:\/\/cozyanddozy.com\/de\/produkt\/daisy-blumenkissen-weisses-gaensebluemchenkissen\/"]}]},{"@type":"ImageObject","inLanguage":"de","@id":"https:\/\/cozyanddozy.com\/de\/produkt\/daisy-blumenkissen-weisses-gaensebluemchenkissen\/#primaryimage","url":"https:\/\/cozyanddozy.com\/de\/wp-content\/uploads\/2023\/04\/white-and-yellow-flower-pillows.jpg","contentUrl":"https:\/\/cozyanddozy.com\/de\/wp-content\/uploads\/2023\/04\/white-and-yellow-flower-pillows.jpg","width":2000,"height":2000},{"@type":"BreadcrumbList","@id":"https:\/\/cozyanddozy.com\/de\/produkt\/daisy-blumenkissen-weisses-gaensebluemchenkissen\/#breadcrumb","itemListElement":[{"@type":"ListItem","position":1,"name":"Home","item":"https:\/\/cozyanddozy.com\/de\/"},{"@type":"ListItem","position":2,"name":"Shop","item":"https:\/\/cozyanddozy.com\/de\/shop\/"},{"@type":"ListItem","position":3,"name":"Daisy Blumenkissen, wei\u00dfes G\u00e4nsebl\u00fcmchenkissen"}]},{"@type":"WebSite","@id":"https:\/\/cozyanddozy.com\/de\/#website","url":"https:\/\/cozyanddozy.com\/de\/","name":"Cozy & Dozy","description":"","publisher":{"@id":"https:\/\/cozyanddozy.com\/de\/#organization"},"potentialAction":[{"@type":"SearchAction","target":{"@type":"EntryPoint","urlTemplate":"https:\/\/cozyanddozy.com\/de\/?s={search_term_string}"},"query-input":{"@type":"PropertyValueSpecification","valueRequired":true,"valueName":"search_term_string"}}],"inLanguage":"de"},{"@type":"Organization","@id":"https:\/\/cozyanddozy.com\/de\/#organization","name":"Cozy & Dozy","url":"https:\/\/cozyanddozy.com\/de\/","logo":{"@type":"ImageObject","inLanguage":"de","@id":"https:\/\/cozyanddozy.com\/de\/#\/schema\/logo\/image\/","url":"https:\/\/cozyanddozy.com\/de\/wp-content\/uploads\/2023\/02\/cozyanddozy_logo_b.png","contentUrl":"https:\/\/cozyanddozy.com\/de\/wp-content\/uploads\/2023\/02\/cozyanddozy_logo_b.png","width":314,"height":85,"caption":"Cozy & Dozy"},"image":{"@id":"https:\/\/cozyanddozy.com\/de\/#\/schema\/logo\/image\/"}}]},"product_price_amount":"29.00","product_price_currency":"EUR","og_availability":"instock","product_availability":"instock","product_retailer_item_id":"5902701497224","product_condition":"new"},"_links":{"self":[{"href":"https:\/\/cozyanddozy.com\/de\/wp-json\/wp\/v2\/product\/3271","targetHints":{"allow":["GET"]}}],"collection":[{"href":"https:\/\/cozyanddozy.com\/de\/wp-json\/wp\/v2\/product"}],"about":[{"href":"https:\/\/cozyanddozy.com\/de\/wp-json\/wp\/v2\/types\/product"}],"replies":[{"embeddable":true,"href":"https:\/\/cozyanddozy.com\/de\/wp-json\/wp\/v2\/comments?post=3271"}],"wp:featuredmedia":[{"embeddable":true,"href":"https:\/\/cozyanddozy.com\/de\/wp-json\/wp\/v2\/media\/1722"}],"wp:attachment":[{"href":"https:\/\/cozyanddozy.com\/de\/wp-json\/wp\/v2\/media?parent=3271"}],"wp:term":[{"taxonomy":"product_brand","embeddable":true,"href":"https:\/\/cozyanddozy.com\/de\/wp-json\/wp\/v2\/product_brand?post=3271"},{"taxonomy":"product_cat","embeddable":true,"href":"https:\/\/cozyanddozy.com\/de\/wp-json\/wp\/v2\/product_cat?post=3271"},{"taxonomy":"product_tag","embeddable":true,"href":"https:\/\/cozyanddozy.com\/de\/wp-json\/wp\/v2\/product_tag?post=3271"}],"curies":[{"name":"wp","href":"https:\/\/api.w.org\/{rel}","templated":true}]}}